{"id":19671,"date":"2025-04-07T07:00:56","date_gmt":"2025-04-07T07:00:56","guid":{"rendered":"https:\/\/www.hydraulic-cylinders.net\/product\/boom-cylinder-for-bada-wys50\/"},"modified":"2025-04-07T07:00:59","modified_gmt":"2025-04-07T07:00:59","slug":"boom-cylinder-for-bada-wys50","status":"publish","type":"product","link":"https:\/\/www.hydraulic-cylinders.net\/fi\/tuote\/boom-cylinder-for-bada-wys50\/","title":{"rendered":"Puomin sylinteri Bada WYS50:lle"},"content":{"rendered":"<h1>Puomin sylinteri Bada WYS50:lle<\/h1>\n<h2>Tuotteen yleiskatsaus<\/h2>\n<p>Bada WYS50:n puomisylinteri on erikoishydrauliikkakomponentti, joka on suunniteltu ohjaamaan erilaisten raskaiden koneiden kauhojen liikett\u00e4. T\u00e4m\u00e4 hydrauliikkasylinteri on ratkaisevan t\u00e4rke\u00e4 kaivinkoneiden, kaivurikuormaajien ja etukuormaajien toiminnassa, sill\u00e4 se mahdollistaa kauhan nostamisen, laskemisen ja kallistumisen, mik\u00e4 helpottaa tehokkaita materiaalink\u00e4sittelyteht\u00e4vi\u00e4.<\/p>\n<p>Kauhasylinteri on hydraulinen sylinterityyppi, joka on erityisesti suunniteltu raskaisiin sovelluksiin. Se toimii hydraulij\u00e4rjestelmiss\u00e4 ja hallitsee raskaiden kuormien nostamiseen ja siirt\u00e4miseen tarvittavia voimakkaita liikkeit\u00e4. Muuntamalla hydraulisen paineen mekaaniseksi voimaksi t\u00e4m\u00e4 sylinteri on t\u00e4rke\u00e4ss\u00e4 roolissa rakennus- ja maatalouskoneiden tehokkuuden ja vaikuttavuuden parantamisessa.<\/p>\n<p><img decoding=\"async\" src=\"https:\/\/www.hydraulic-cylinders.net\/wp-content\/uploads\/2025\/04\/songte-company-1.webp\" alt=\"Puomin sylinteri\"><\/p>\n<h3>Puomin sylinterin ominaisuudet<\/h3>\n<ul>\n<li><strong>Korkea lujuus ja kest\u00e4vyys:<\/strong> Korkean lujuuden omaavasta ter\u00e4ksest\u00e4 tai alumiinista valmistettu puomin sylinteri on rakennettu kest\u00e4m\u00e4\u00e4n korkeita paineita ja raskaita kuormia samalla kun se mukautuu vaativiin ty\u00f6ymp\u00e4rist\u00f6ihin. Sen suunnittelussa on otettu huomioon kulumiskest\u00e4vyys ja korroosionesto, mik\u00e4 pident\u00e4\u00e4 sen k\u00e4ytt\u00f6ik\u00e4\u00e4.<\/li>\n<li><strong>Tehokas hydraulinen k\u00e4ytt\u00f6:<\/strong> Sylinteri hy\u00f6dynt\u00e4\u00e4 hydrauli\u00f6ljyn painetta tasaisen ulos- ja sis\u00e4\u00e4nvedon saavuttamiseksi, mik\u00e4 tarjoaa nopean vasteen ohjauskomentoihin ja tuottaa tehokkaita ty\u00f6nt\u00f6- ja vetovoimia, jotka ovat v\u00e4ltt\u00e4m\u00e4tt\u00f6mi\u00e4 raskaiden esineiden k\u00e4sittelyss\u00e4 ja monimutkaisissa teht\u00e4viss\u00e4.<\/li>\n<li><strong>Erilaisia \u200b\u200btyyppej\u00e4:<\/strong> Puomisylinteri on saatavana sek\u00e4 yksitoimisena (hydraulinen voima yhteen suuntaan) ett\u00e4 kaksitoimisena (hydraulinen voima molempiin suuntiin), ja se pystyy vastaamaan erilaisiin k\u00e4ytt\u00f6tarpeisiin. Tietyiss\u00e4 malleissa on teleskooppirakenne, joka mahdollistaa suuremman jatkeen ilman ulkomittojen kasvua, mik\u00e4 sopii erinomaisesti ahtaisiin k\u00e4ytt\u00f6tarkoituksiin.<\/li>\n<li><strong>Mukauttaminen:<\/strong> Valmistuskykymme ansiosta voimme valmistaa t\u00e4t\u00e4 tuotetta korvaamaan t\u00e4ydellisesti olemassa olevat hydraulisylinterit varmistaen yhteensopivuuden ja suorituskyvyn.<\/li>\n<li><strong>Edistynyt tekniikka:<\/strong> Puomin sylinterit on suunniteltu tarkkaan suunnitteluun, mik\u00e4 varmistaa optimaalisen suorituskyvyn erilaisissa k\u00e4ytt\u00f6olosuhteissa.<\/li>\n<\/ul>\n<p><img decoding=\"async\" src=\"https:\/\/www.hydraulic-cylinders.net\/wp-content\/uploads\/2025\/04\/songte-cylinder-head-with-all-kinds-excavator-models.webp\" alt=\"Kaivinkoneen malli Puomin sylinteri\"><\/p>\n<h2>Puomisylinterin sovellukset<\/h2>\n<h3>Rakennuslaitteet<\/h3>\n<p>Kaivinkoneissa puomin sylinterit ovat keskeisess\u00e4 asemassa kaivamisessa, lastaamisessa ja maaper\u00e4n tai roskien siirt\u00e4misess\u00e4. Ne mahdollistavat kauhan tehokkaan tunkeutumisen maahan, mik\u00e4 mahdollistaa tehokkaat kaivuuty\u00f6t. Kaivurikuormaajissa puomin sylinteri tukee sek\u00e4 kaivu- ett\u00e4 nostotoimintoja, mik\u00e4 tekee siit\u00e4 olennaisen komponentin monipuolisissa toiminnoissa.<\/p>\n<h3>Maatalouskoneet<\/h3>\n<p>Etukuormaajissa k\u00e4ytett\u00e4v\u00e4t puomisylinterit vastaavat maaper\u00e4n, hein\u00e4n ja muiden materiaalien kaivamisesta, nostamisesta ja kuljettamisesta. Niiden kyky k\u00e4sitell\u00e4 raskaita kuormia parantaa maataloustoiminnan tuottavuutta, mik\u00e4 tehostaa esimerkiksi viljan lastaamista tai tarvikkeiden siirt\u00e4mist\u00e4.<\/p>\n<h3>Kaivinkoneet<\/h3>\n<p>Puomin sylinteri helpottaa kaivua antamalla kauhan tunkeutua maaper\u00e4\u00e4n. T\u00e4m\u00e4 ominaisuus on ratkaisevan t\u00e4rke\u00e4 kaivut\u00f6iss\u00e4, sill\u00e4 se tarjoaa tarvittavan voiman erilaisten maaper\u00e4tyyppien l\u00e4pi murtautumiseen ja suurten materiaalim\u00e4\u00e4rien siirt\u00e4miseen helposti.<\/p>\n<h3>Kuormaajat<\/h3>\n<p>Etukuormaajissa puomin sylinterit auttavat materiaalien tehokkaassa nostamisessa ja tyhjent\u00e4misess\u00e4. Ne tarjoavat tarvittavan hydraulisen voiman kuormien nostamiseen, mik\u00e4 varmistaa sujuvan toiminnan materiaalien siirt\u00e4misess\u00e4 paikasta toiseen, mik\u00e4 on elint\u00e4rke\u00e4\u00e4 rakennus- ja maisemointiprojekteissa.<\/p>\n<h2>Suunnittelun\u00e4k\u00f6kohdat ja valintakriteerit<\/h2>\n<h3>Kantavuus<\/h3>\n<p>Puomin sylinterin kuormituskapasiteetti on ratkaiseva tekij\u00e4. Se on suunniteltava kest\u00e4m\u00e4\u00e4n toiminnan aikana kohdistettava enimm\u00e4ispaino. T\u00e4m\u00e4 edellytt\u00e4\u00e4 sylinterin mittojen, materiaalin lujuuden ja hydraulisen paineenkeston huolellista laskemista, jotta varmistetaan, ett\u00e4 se toimii turvallisesti ja tehokkaasti rasituksen alla.<\/p>\n<h3>Tiivistysmekanismit<\/h3>\n<p>Tehokas tiivistys on v\u00e4ltt\u00e4m\u00e4t\u00f6nt\u00e4 hydraulisylintereille paineen yll\u00e4pit\u00e4miseksi ja vuotojen est\u00e4miseksi. On k\u00e4ytett\u00e4v\u00e4 kest\u00e4vist\u00e4 materiaaleista, kuten polyuretaanista ja nitriilikumista, valmistettuja korkealaatuisia tiivisteit\u00e4. Suunnittelussa tulisi olla edistyneit\u00e4 tiivistysratkaisuja, jotka minimoivat kulumista ja pident\u00e4v\u00e4t sylinterin k\u00e4ytt\u00f6ik\u00e4\u00e4 my\u00f6s vaativissa ymp\u00e4rist\u00f6iss\u00e4.<\/p>\n<h3>Kest\u00e4vyys<\/h3>\n<p>Kest\u00e4vyys on ensiarvoisen t\u00e4rke\u00e4\u00e4 ankarissa olosuhteissa toimiville hydraulisylintereille. K\u00e4ytettyjen materiaalien on oltava korroosion-, kulumisen- ja v\u00e4symisenkest\u00e4vi\u00e4. S\u00e4\u00e4nn\u00f6llinen testaus ja laadunvarmistus valmistusprosessissa voivat varmistaa, ett\u00e4 sylinterit t\u00e4ytt\u00e4v\u00e4t alan pitk\u00e4ik\u00e4isyyden ja luotettavuuden standardit.<\/p>\n<h3>Turvaominaisuudet<\/h3>\n<p>Turvallisuus on hydraulisylinterien suunnittelussa etusijalla. Paineenalennusventtiilit ja turvalukot est\u00e4v\u00e4t ylikuormituksen ja vahingossa tapahtuvan liikkeen. Turvallisuusm\u00e4\u00e4r\u00e4ysten noudattaminen varmistaa, ett\u00e4 k\u00e4ytt\u00e4j\u00e4t voivat ty\u00f6skennell\u00e4 luottavaisin mielin ja minimoi onnettomuusriskin k\u00e4yt\u00f6n aikana.<\/p>\n<h3>Huolto Esteett\u00f6myys<\/h3>\n<p>Huoltomahdollisuuden huomioiminen suunnittelussa voi merkitt\u00e4v\u00e4sti parantaa puomisylinterin k\u00e4ytt\u00f6ik\u00e4\u00e4 ja toimivuutta. Komponentit tulee sijoittaa siten, ett\u00e4 niihin on helppo p\u00e4\u00e4st\u00e4 k\u00e4siksi rutiinitarkastusten aikana, jotta huoltotoimenpiteet voidaan suorittaa nopeasti ja tehokkaasti purkamatta koko j\u00e4rjestelm\u00e4\u00e4.<\/p>\n<p><img decoding=\"async\" src=\"https:\/\/www.hydraulic-cylinders.net\/wp-content\/uploads\/2025\/04\/songte-oil-pipes-and-spare-parts.webp\" alt=\"Hydrauliset osat\"><\/p>\n<h2>Tiivistys ja voitelu<\/h2>\n<p>Oikea tiivistys ja voitelu ovat ratkaisevan t\u00e4rkeit\u00e4 hydraulisylintereiden tehokkaalle toiminnalle. Erilaiset tiivistekomponentit, mukaan lukien m\u00e4nn\u00e4ntiivisteet ja varren tiivisteet, tulee valita huolellisesti optimaalisen suorituskyvyn varmistamiseksi. Kulutusta kest\u00e4vist\u00e4 materiaaleista, kuten polyuretaanista ja nitriilikumista, valmistetut tiivisteet voivat v\u00e4hent\u00e4\u00e4 merkitt\u00e4v\u00e4sti kitkaa ja kulumista.<\/p>\n<p>Sylinterin runko ja kierteitetyt p\u00e4\u00e4typinnat on ty\u00f6stett\u00e4v\u00e4 hienoksi kulutuskest\u00e4vyyden parantamiseksi ja vuotojen ja vikojen est\u00e4miseksi. S\u00e4\u00e4nn\u00f6llinen voitelu hydrauliikka\u00f6ljyll\u00e4 on v\u00e4ltt\u00e4m\u00e4t\u00f6nt\u00e4 sujuvan toiminnan yll\u00e4pit\u00e4miseksi ja hydrauliikkaj\u00e4rjestelm\u00e4n k\u00e4ytt\u00f6i\u00e4n pident\u00e4miseksi. Riitt\u00e4v\u00e4 voitelu v\u00e4hent\u00e4\u00e4 liiallisen kulumisen riski\u00e4 ja varmistaa, ett\u00e4 sylinteri toimii tehokkaasti ajan mittaan.<\/p>\n<h2>Ennaltaehk\u00e4isev\u00e4t huoltotoimenpiteet<\/h2>\n<ul>\n<li><strong>S\u00e4\u00e4nn\u00f6lliset tarkastukset:<\/strong> Rutiinitarkastusten tekeminen auttaa tunnistamaan mahdolliset ongelmat ennen kuin ne pahenevat. Etsi kulumisen, vuotojen tai tiivisteiden ja muiden t\u00e4rkeiden komponenttien vaurioita.<\/li>\n<li><strong>Oikea-aikainen voitelu:<\/strong> Varmista, ett\u00e4 hydrauliikka\u00f6ljy\u00e4 lis\u00e4t\u00e4\u00e4n s\u00e4\u00e4nn\u00f6llisesti asianmukaisen voitelun yll\u00e4pit\u00e4miseksi. T\u00e4m\u00e4 auttaa est\u00e4m\u00e4\u00e4n liikkuvien osien kitkaa ja kulumista.<\/li>\n<li><strong>Tiivisteen vaihto:<\/strong> Tarkkaile tiivistekomponentteja tarkasti ja vaihda ne tarvittaessa vuotojen est\u00e4miseksi ja j\u00e4rjestelm\u00e4n eheyden yll\u00e4pit\u00e4miseksi. S\u00e4\u00e4nn\u00f6lliset tarkastukset voivat auttaa havaitsemaan ongelmat ennen kuin ne johtavat merkitt\u00e4viin vikoihin.<\/li>\n<\/ul>\n<h2>Tuotteen asennusohjeet<\/h2>\n<p>Oikea asennus on elint\u00e4rke\u00e4\u00e4 puomin sylinterin tehokkaan toiminnan kannalta. Aloita varmistamalla, ett\u00e4 asennuspaikka on puhdas ja roskaton. Kohdista sylinteri tarkasti kiinnityspisteisiin v\u00e4ltt\u00e4\u00e4ksesi tarpeettoman rasituksen. K\u00e4yt\u00e4 sopivia kiinnityskorvakkeita sylinterin kiinnitt\u00e4miseksi tukevasti ja varmista, ett\u00e4 se on sijoitettu optimaalisen suorituskyvyn saavuttamiseksi.<\/p>\n<p>Asennuksen aikana tarkista hydrauliletkujen ja liitosten oikea kohdistus vuotojen est\u00e4miseksi. Noudata valmistajan ohjeita kiristysmomenttien suhteen pultteja ja liittimi\u00e4 kirist\u00e4ess\u00e4si. Asennuksen j\u00e4lkeen tarkista koko j\u00e4rjestelm\u00e4 perusteellisesti vuotojen varalta ja varmista, ett\u00e4 laite toimii moitteettomasti ennen laitteen k\u00e4ytt\u00f6\u00f6nottoa. Oikein asennetut ja huolletut hydraulisylinterit toimivat tehokkaasti ja niiden k\u00e4ytt\u00f6ik\u00e4 on pidempi.<\/p>\n<h2>Yleiset huoltoteht\u00e4v\u00e4t<\/h2>\n<h3>S\u00e4\u00e4nn\u00f6lliset tarkastukset<\/h3>\n<p>S\u00e4\u00e4nn\u00f6llisten tarkastusten suorittaminen on v\u00e4ltt\u00e4m\u00e4t\u00f6nt\u00e4 puomin sylinterin kulumisen ja repe\u00e4mien havaitsemiseksi. Etsi merkkej\u00e4 hydraulinesteen vuodoista, jotka voivat viitata mahdollisiin ongelmiin tiivisteiss\u00e4 tai liitoksissa. Tarkista sylinteri ruosteen tai korroosion varalta, jotka voivat vaarantaa sen rakenteellisen eheyden. S\u00e4\u00e4nn\u00f6lliset tarkastukset voivat auttaa havaitsemaan ongelmat varhaisessa vaiheessa, mik\u00e4 est\u00e4\u00e4 kalliita korjauksia ja seisokkeja.<\/p>\n<h3>Asianmukainen voitelu<\/h3>\n<p>Oikean voitelutason yll\u00e4pit\u00e4minen on kriittist\u00e4 hydraulisylinterien tehokkaan toiminnan kannalta. Varmista, ett\u00e4 noudatat valmistajan suosituksia hydrauli\u00f6ljyn tyypist\u00e4 ja voiteluv\u00e4list\u00e4. Voitelutiheytt\u00e4 tulee s\u00e4\u00e4t\u00e4\u00e4 k\u00e4ytt\u00f6olosuhteiden ja k\u00e4ytt\u00f6tiheyden mukaan. Riitt\u00e4v\u00e4 voitelu minimoi kitkan ja kulumisen varmistaen, ett\u00e4 sylinteri toimii tasaisesti kuormituksen aikana.<\/p>\n<h3>Tiivisteiden vaihto ja kalibrointitarkastukset<\/h3>\n<p>Tiivisteill\u00e4 on ratkaiseva rooli hydraulisen paineen yll\u00e4pit\u00e4misess\u00e4 ja vuotojen est\u00e4misess\u00e4. Tarkista tiivisteet s\u00e4\u00e4nn\u00f6llisesti kulumisen varalta ja vaihda ne tarvittaessa. Lis\u00e4ksi kalibrointitarkastukset tulisi suorittaa sen varmistamiseksi, ett\u00e4 sylinteri toimii m\u00e4\u00e4riteltyjen parametrien mukaisesti. Oikeat s\u00e4\u00e4d\u00f6t voivat est\u00e4\u00e4 ylikuormituksen ja parantaa hydraulij\u00e4rjestelm\u00e4n yleist\u00e4 suorituskyky\u00e4.<\/p>\n<p><img decoding=\"async\" src=\"https:\/\/www.hydraulic-cylinders.net\/wp-content\/uploads\/2025\/04\/songte-chushion-collar.webp\" alt=\"Tyynykaulus\"><\/p>\n<h2>Turvallisuusn\u00e4k\u00f6kohdat ja ymp\u00e4rist\u00f6tekij\u00e4t<\/h2>\n<p>Hydraulisylintereit\u00e4 k\u00e4ytett\u00e4ess\u00e4 on t\u00e4rke\u00e4\u00e4 toteuttaa turvatoimenpiteit\u00e4 sek\u00e4 k\u00e4ytt\u00e4jien ett\u00e4 laitteiden suojaamiseksi. Varmista, ett\u00e4 kaikki henkil\u00f6st\u00f6 on koulutettu hydraulisten j\u00e4rjestelmien asianmukaiseen k\u00e4ytt\u00f6\u00f6n ja on tietoinen raskaiden koneiden k\u00e4ytt\u00f6\u00f6n liittyvist\u00e4 mahdollisista vaaroista. Varmista lis\u00e4ksi, ett\u00e4 turvasuojukset ja h\u00e4t\u00e4pys\u00e4ytysmekanismit ovat paikoillaan onnettomuuksien est\u00e4miseksi.<\/p>\n<h2>Vianm\u00e4\u00e4ritys ja yleiset ongelmat<\/h2>\n<ul>\n<li><strong>Hydrauli\u00f6ljyvuodot:<\/strong> Tarkista tiivisteet ja liitokset vuotojen varalta. Kuluneiden tiivisteiden vaihtaminen voi usein ratkaista t\u00e4m\u00e4n ongelman.<\/li>\n<li><strong>Huono sylinterin suorituskyky:<\/strong> Jos sylinteri ei reagoi odotetulla tavalla, tarkista, onko hydrauliletkuissa ilmaa tai onko hydraulinesteen taso riitt\u00e4m\u00e4t\u00f6n.<\/li>\n<li><strong>Ylikuumeneminen:<\/strong> Liiallinen kuumuus voi viitata ylikuormitukseen tai riitt\u00e4m\u00e4tt\u00f6m\u00e4\u00e4n voiteluun. Tarkkaile k\u00e4ytt\u00f6olosuhteita ja varmista oikeat \u00f6ljytasot.<\/li>\n<\/ul>\n<h2>Vianm\u00e4\u00e4ritysvinkkej\u00e4<\/h2>\n<p>Tehokas vianm\u00e4\u00e4ritys alkaa oireiden tunnistamisesta. Jos havaitset hydraulinestevuotoja, tarkista tiivisteet ja liit\u00e4nn\u00e4t v\u00e4litt\u00f6m\u00e4sti. Suorituskykyongelmien varalta varmista, ett\u00e4 hydraulinestetasot ovat riitt\u00e4v\u00e4t, ja tarkista, onko j\u00e4rjestelm\u00e4ss\u00e4 ilmataskuja. Ennaltaehk\u00e4isevien toimenpiteiden, kuten s\u00e4\u00e4nn\u00f6llisen huollon ja k\u00e4ytt\u00f6olosuhteiden valvonnan, toteuttaminen voi merkitt\u00e4v\u00e4sti v\u00e4hent\u00e4\u00e4 mahdollisten ongelmien todenn\u00e4k\u00f6isyytt\u00e4 tulevaisuudessa.<\/p>\n<p><img decoding=\"async\" src=\"https:\/\/www.hydraulic-cylinders.net\/wp-content\/uploads\/2025\/04\/songte-bushings-with-all-kinds-of-excavator-models.webp\" alt=\"Holkit\"><\/p>\n<h2>Tietoa yrityksest\u00e4mme<\/h2>\n<p>Olemme johtava hydraulisten sylinterien vaihtolaitteiden valmistaja, joka tarjoaa kattavan valikoiman tuotteita vastaamaan monipuolisiin markkinoiden tarpeisiin. Sitoutumisemme huippulaatuun ja innovaatioihin on tehnyt meist\u00e4 yhden johtavista hydraulisten sylinterien valmistajista ja tukkumyyjist\u00e4 sek\u00e4 kotimaisilla ett\u00e4 kansainv\u00e4lisill\u00e4 markkinoilla. Priorisoimme tarkkuusvalmistusta ja toteutamme hienostunutta tuotannonhallintastrategiaa, joka hy\u00f6dynt\u00e4\u00e4 osaavaa henkil\u00f6st\u00f6\u00e4, edistyneit\u00e4 digitaalisia valmistuslaitteita ja erillist\u00e4 testausj\u00e4rjestelm\u00e4\u00e4.<\/p>\n<p>Tuotantokapasiteettiamme parannetaan jatkuvasti, mik\u00e4 varmistaa korkeiden laatustandardien yll\u00e4pit\u00e4misen. Olemme ylpeit\u00e4 tehokkuudestamme, tarkkuudestamme ja kyvyst\u00e4mme vastata asiakkaidemme vaihteleviin tarpeisiin. Keskittym\u00e4ll\u00e4 vahvasti r\u00e4\u00e4t\u00e4l\u00f6intiin tarjoamme r\u00e4\u00e4t\u00e4l\u00f6ityj\u00e4 ratkaisuja vastaamaan erityisvaatimuksia varmistaen asiakastyytyv\u00e4isyyden kautta linjan.<\/p>\n<p><img decoding=\"async\" src=\"https:\/\/www.hydraulic-cylinders.net\/wp-content\/uploads\/2025\/04\/songte-company-4.webp\" alt=\"Yrityksen imago\"><br \/>\n<img decoding=\"async\" src=\"https:\/\/www.hydraulic-cylinders.net\/wp-content\/uploads\/2025\/04\/songte-company-3.webp\" alt=\"Yrityksen imago\"><\/p>\n<p>Kirjoittaja: lyl<\/p>","protected":false},"excerpt":{"rendered":"<p>Boom Cylinder For Bada WYS50 Product Overview The Boom Cylinder for Bada WYS50 is a specialized hydraulic component designed for controlling the movement of various heavy machinery buckets. This hydraulic cylinder is crucial for the operation of excavators, backhoe loaders, and front loaders, enabling the bucket to lift, lower, and tilt, which facilitates efficient material [&hellip;]<\/p>","protected":false},"featured_media":17874,"comment_status":"open","ping_status":"closed","template":"","meta":{"_et_pb_use_builder":"","_et_pb_old_content":"","_et_gb_content_width":""},"product_brand":[],"product_cat":[1546],"product_tag":[1547,1496],"class_list":{"0":"post-19671","1":"product","2":"type-product","3":"status-publish","4":"has-post-thumbnail","6":"product_cat-boom-cylinders","7":"product_tag-boom-cylinders","8":"product_tag-hydraulic-cylinders","10":"first","11":"instock","12":"shipping-taxable","13":"product-type-simple"},"amp_enabled":true,"_links":{"self":[{"href":"https:\/\/www.hydraulic-cylinders.net\/fi\/wp-json\/wp\/v2\/product\/19671","targetHints":{"allow":["GET"]}}],"collection":[{"href":"https:\/\/www.hydraulic-cylinders.net\/fi\/wp-json\/wp\/v2\/product"}],"about":[{"href":"https:\/\/www.hydraulic-cylinders.net\/fi\/wp-json\/wp\/v2\/types\/product"}],"replies":[{"embeddable":true,"href":"https:\/\/www.hydraulic-cylinders.net\/fi\/wp-json\/wp\/v2\/comments?post=19671"}],"wp:featuredmedia":[{"embeddable":true,"href":"https:\/\/www.hydraulic-cylinders.net\/fi\/wp-json\/wp\/v2\/media\/17874"}],"wp:attachment":[{"href":"https:\/\/www.hydraulic-cylinders.net\/fi\/wp-json\/wp\/v2\/media?parent=19671"}],"wp:term":[{"taxonomy":"product_brand","embeddable":true,"href":"https:\/\/www.hydraulic-cylinders.net\/fi\/wp-json\/wp\/v2\/product_brand?post=19671"},{"taxonomy":"product_cat","embeddable":true,"href":"https:\/\/www.hydraulic-cylinders.net\/fi\/wp-json\/wp\/v2\/product_cat?post=19671"},{"taxonomy":"product_tag","embeddable":true,"href":"https:\/\/www.hydraulic-cylinders.net\/fi\/wp-json\/wp\/v2\/product_tag?post=19671"}],"curies":[{"name":"wp","href":"https:\/\/api.w.org\/{rel}","templated":true}]}}