{"id":19674,"date":"2025-04-07T07:01:06","date_gmt":"2025-04-07T07:01:06","guid":{"rendered":"https:\/\/www.hydraulic-cylinders.net\/product\/boom-cylinder-for-baoding-wy150\/"},"modified":"2025-04-07T07:01:09","modified_gmt":"2025-04-07T07:01:09","slug":"boom-cylinder-for-baoding-wy150","status":"publish","type":"product","link":"https:\/\/www.hydraulic-cylinders.net\/fi\/tuote\/boom-cylinder-for-baoding-wy150\/","title":{"rendered":"Puomin sylinteri Baoding WY150:lle"},"content":{"rendered":"<h1>Puomin sylinteri Baoding WY150:lle<\/h1>\n<h2>Puomin sylinterin ymm\u00e4rt\u00e4minen<\/h2>\n<p>Puomisylinteri on erikoishydraulinen sylinteri, jota k\u00e4ytet\u00e4\u00e4n erilaisissa raskaissa koneissa, kuten kaivinkoneissa, kaivurikuormaajissa ja etukuormaajissa. Sen ensisijainen teht\u00e4v\u00e4 on ohjata kauhan liikett\u00e4, jolloin se voi nousta, laskea ja kallistua tehokkaasti. T\u00e4m\u00e4 ominaisuus on ratkaisevan t\u00e4rke\u00e4 materiaalink\u00e4sittelyteht\u00e4viss\u00e4, mink\u00e4 vuoksi puomisylinteri on olennainen osa n\u00e4iden koneiden hydraulij\u00e4rjestelmi\u00e4.<\/p>\n<p><img decoding=\"async\" src=\"https:\/\/www.hydraulic-cylinders.net\/wp-content\/uploads\/2025\/04\/songte-company-1.webp\" alt=\"Puomin sylinteri\" \/><\/p>\n<h2>Puomin sylinterin t\u00e4rkeimm\u00e4t ominaisuudet<\/h2>\n<ul>\n<li>\n<h3>Korkea lujuus ja kest\u00e4vyys<\/h3>\n<p> Tyypillisesti lujasta ter\u00e4ksest\u00e4 tai alumiinista valmistetut puomisylinterit kest\u00e4v\u00e4t korkeaa painetta ja raskaita kuormia samalla kun ne sopeutuvat vaativiin ty\u00f6olosuhteisiin. Niiden suunnittelussa korostetaan kulumiskest\u00e4vyytt\u00e4 ja korroosiosuojausta, mik\u00e4 pident\u00e4\u00e4 niiden k\u00e4ytt\u00f6ik\u00e4\u00e4.<\/li>\n<li>\n<h3>Tehokas hydraulinen k\u00e4ytt\u00f6<\/h3>\n<p> N\u00e4m\u00e4 sylinterit hy\u00f6dynt\u00e4v\u00e4t hydrauli\u00f6ljyn painetta sujuvaan ulos- ja sis\u00e4\u00e4nvetoon. Ne reagoivat nopeasti k\u00e4ytt\u00f6komentoihin ja tarjoavat huomattavaa ty\u00f6nt\u00f6- ja vetovoimaa, mik\u00e4 tekee niist\u00e4 sopivia raskaiden esineiden k\u00e4sittelyyn ja monimutkaisiin teht\u00e4viin.<\/li>\n<li>\n<h3>Saatavilla erilaisia \u200b\u200btyyppej\u00e4<\/h3>\n<p> Puomisylinterit voidaan valita yksitoimisiksi (hydraulinen paine yhteen suuntaan) tai kaksitoimisiksi (hydraulinen paine molempiin suuntiin) malleiksi erilaisten k\u00e4ytt\u00f6tarpeiden mukaan. Tietyt mallit ovat teleskooppisia, mik\u00e4 mahdollistaa suuremman jatkeen ilman ulkomittojen kasvua, mik\u00e4 sopii erinomaisesti sovelluksiin, joissa on rajoitetusti tilaa.<\/li>\n<li>\n<h3>Mukautettu valmistus<\/h3>\n<p> Tuotteemme korvaavat t\u00e4ydellisesti n\u00e4m\u00e4 hydraulisylinterit varmistaen yhteensopivuuden ja suorituskyvyn.<\/li>\n<li>\n<h3>Monipuoliset sovellukset<\/h3>\n<p> Puomin sylinteri\u00e4 k\u00e4ytet\u00e4\u00e4n useissa koneissa ja teollisuudenaloilla, mik\u00e4 korostaa sen mukautuvuutta ja keskeist\u00e4 roolia rakennusalalla ja maataloudessa.<\/h3>\n<\/li>\n<\/ul>\n<p><img decoding=\"async\" src=\"https:\/\/www.hydraulic-cylinders.net\/wp-content\/uploads\/2025\/04\/songte-cylinder-head-with-all-kinds-excavator-models.webp\" alt=\"Kaivinkonemallit\" \/><\/p>\n<h2>Puomisylinterien k\u00e4ytt\u00f6skenaariot<\/h2>\n<ul>\n<li>\n<h3>Rakennuslaitteet<\/h3>\n<p> Kaivinkoneissa puomin sylinterit ovat elint\u00e4rkeit\u00e4 kaivamisessa, lastaamisessa ja maaper\u00e4n tai roskien siirt\u00e4misess\u00e4. Ne auttavat parantamaan tehokkuutta ja tuottavuutta rakennust\u00f6iss\u00e4, jolloin kuljettajat voivat suorittaa ty\u00f6ns\u00e4 tarkasti ja hallitusti.<\/h3>\n<\/li>\n<li>\n<h3>Maatalouskoneet<\/h3>\n<p> Etukuormaajissa puomisylinterit ovat v\u00e4ltt\u00e4m\u00e4tt\u00f6mi\u00e4 maaper\u00e4n, hein\u00e4n ja muiden materiaalien kaivamiseen, nostamiseen ja kuljettamiseen. Niiden kest\u00e4v\u00e4 rakenne mahdollistaa raskaiden kuormien k\u00e4sittelyn, mik\u00e4 tekee niist\u00e4 v\u00e4ltt\u00e4m\u00e4tt\u00f6mi\u00e4 maataloustoiminnassa.<\/h3>\n<\/li>\n<li>\n<h3>Kaivinkoneet<\/h3>\n<p> Puomin sylinteri mahdollistaa kauhan tehokkaan tunkeutumisen maaper\u00e4\u00e4n, mik\u00e4 mahdollistaa tehokkaan kaivuty\u00f6n. T\u00e4m\u00e4 toiminto lis\u00e4\u00e4 merkitt\u00e4v\u00e4sti kaivinkoneiden tuottavuutta erilaisissa maastoissa.<\/h3>\n<\/li>\n<li>\n<h3>Kuormaajat<\/h3>\n<p> Etukuormaajissa puomin sylinterit auttavat kuormien tehokkaassa nostamisessa ja tyhjent\u00e4misess\u00e4. Niiden lujuus varmistaa luotettavan suorituskyvyn raskaiden materiaalien k\u00e4sittelyss\u00e4 ja parantaa k\u00e4ytt\u00f6ominaisuuksia.<\/h3>\n<\/li>\n<\/ul>\n<h2>Suunnittelun\u00e4k\u00f6kohdat ja valintakriteerit<\/h2>\n<ul>\n<li>\n<h3>Kantavuus<\/h3>\n<p> Puomin sylinterin kuormituskapasiteetti on ratkaisevan t\u00e4rke\u00e4, koska se vaikuttaa suoraan koneen suorittamien teht\u00e4vien tyyppiin. Suuren kuormituskapasiteetin sylinterit ovat v\u00e4ltt\u00e4m\u00e4tt\u00f6mi\u00e4 raskaissa sovelluksissa, sill\u00e4 ne varmistavat turvallisuuden ja tehokkuuden toiminnassa. Asianmukaiset laskelmat ja huomiot on teht\u00e4v\u00e4 aiotun k\u00e4ytt\u00f6tarkoituksen ja ymp\u00e4rist\u00f6n perusteella.<\/h3>\n<\/li>\n<li>\n<h3>Tiivistyksen eheys<\/h3>\n<p> Kest\u00e4v\u00e4t tiivistysj\u00e4rjestelm\u00e4t ovat v\u00e4ltt\u00e4m\u00e4tt\u00f6mi\u00e4 hydraulinesteiden vuotojen est\u00e4miseksi, jotka voivat vaarantaa tehokkuuden ja turvallisuuden. Korkealaatuisten, \u00e4\u00e4rimm\u00e4isiin olosuhteisiin suunniteltujen tiivisteiden k\u00e4ytt\u00f6 varmistaa pitk\u00e4n k\u00e4ytt\u00f6i\u00e4n ja luotettavuuden. Tiivisteiden s\u00e4\u00e4nn\u00f6llinen tarkastus ja huolto vaikuttavat merkitt\u00e4v\u00e4sti hydraulij\u00e4rjestelmien yleiseen suorituskykyyn.<\/h3>\n<\/li>\n<li>\n<h3>Kest\u00e4vyys<\/h3>\n<p> Puomisylinterien rakenteessa k\u00e4ytettyjen materiaalien on kestett\u00e4v\u00e4 ankaria olosuhteita. Korkealaatuinen ter\u00e4s tai erikoisseokset parantavat kest\u00e4vyytt\u00e4, jolloin sylinteri toimii tasaisesti rasituksen alla. T\u00e4m\u00e4 on elint\u00e4rke\u00e4\u00e4 k\u00e4ytt\u00f6ajan yll\u00e4pit\u00e4miseksi ja korjauskustannusten minimoimiseksi.<\/h3>\n<\/li>\n<li>\n<h3>Turvaominaisuudet<\/h3>\n<p> Turvamekanismit, kuten ylikuormitussuoja ja vikasietoiset rakenteet, ovat ratkaisevan t\u00e4rkeit\u00e4 hydraulisylintereiss\u00e4 onnettomuuksien ja laitevaurioiden est\u00e4miseksi. Sis\u00e4\u00e4nrakennetuilla turvaominaisuuksilla varustettujen sylintereiden valitseminen varmistaa k\u00e4ytt\u00e4jien ja koneiden suojan.<\/h3>\n<\/li>\n<li>\n<h3>Huolto Esteett\u00f6myys<\/h3>\n<p> Suunnittelun tulisi helpottaa huoltoa ja korjauksia. Helposti tarkastettavat, voiteltavat ja vaihdettavat komponentit pident\u00e4v\u00e4t hydraulij\u00e4rjestelm\u00e4n k\u00e4ytt\u00f6ik\u00e4\u00e4 ja v\u00e4hent\u00e4v\u00e4t seisokkiaikoja.<\/h3>\n<\/li>\n<\/ul>\n<p><img decoding=\"async\" src=\"https:\/\/www.hydraulic-cylinders.net\/wp-content\/uploads\/2025\/04\/songte-oil-pipes-and-spare-parts.webp\" alt=\"\u00d6ljyputket ja varaosat\" \/><\/p>\n<h2>Puomisylinterien tiivistys ja voitelu<\/h2>\n<p>Puomin sylinterin tehokas toiminta riippuu suuresti sen tiivistys- ja voiteluj\u00e4rjestelmist\u00e4. Hydraulisen paineen yll\u00e4pit\u00e4miseen ja nestevuotojen est\u00e4miseen k\u00e4ytet\u00e4\u00e4n erilaisia \u200b\u200btiivisteit\u00e4, kuten m\u00e4nn\u00e4ntiivisteit\u00e4 ja varren tiivisteit\u00e4. Kest\u00e4vyyden parantamiseksi k\u00e4ytet\u00e4\u00e4n yleisesti kulutusta kest\u00e4vist\u00e4 materiaaleista, kuten polyuretaanista ja nitriilikumista, valmistettuja tiivisteit\u00e4.<\/p>\n<p>Lis\u00e4ksi sylinterin runko ja kierteitetyt p\u00e4\u00e4typinnat on viimeistelty kulumiskest\u00e4vyyden parantamiseksi. S\u00e4\u00e4nn\u00f6llinen voitelu sopivalla hydrauliikka\u00f6ljyll\u00e4 on ratkaisevan t\u00e4rke\u00e4\u00e4 sujuvan toiminnan yll\u00e4pit\u00e4miseksi, sill\u00e4 se v\u00e4hent\u00e4\u00e4 kitkaa ja kulumista liikkuvien osien v\u00e4lill\u00e4. Hyvin voideltu hydrauliikkaj\u00e4rjestelm\u00e4 varmistaa puomisylinterin optimaalisen suorituskyvyn ja pitk\u00e4n k\u00e4ytt\u00f6i\u00e4n.<\/p>\n<h2>Ennaltaehk\u00e4isev\u00e4t huoltotoimenpiteet<\/h2>\n<ul>\n<li>\n<h3>S\u00e4\u00e4nn\u00f6lliset tarkastukset<\/h3>\n<p> Puomisylinterin ja hydraulij\u00e4rjestelm\u00e4n s\u00e4\u00e4nn\u00f6lliset tarkastukset ovat elint\u00e4rkeit\u00e4 mahdollisten ongelmien havaitsemiseksi varhaisessa vaiheessa. Kuljettajien tulisi etsi\u00e4 kulumisen, vuotojen tai vaurioiden merkkej\u00e4, jotka voivat johtaa kalliisiin korjauksiin, jos niit\u00e4 ei korjata ajoissa.<\/h3>\n<\/li>\n<li>\n<h3>Oikea voitelu<\/h3>\n<p> Riitt\u00e4v\u00e4 voitelu on v\u00e4ltt\u00e4m\u00e4t\u00f6nt\u00e4 hydraulisten komponenttien kulumisen est\u00e4miseksi. K\u00e4ytt\u00e4jien tulee noudattaa valmistajan suosituksia voiteluv\u00e4leist\u00e4 ja \u00f6ljytyypeist\u00e4 sujuvan toiminnan varmistamiseksi.<\/h3>\n<\/li>\n<li>\n<h3>Tiivisteen vaihto<\/h3>\n<p> Tiivisteet tulee tarkastaa s\u00e4\u00e4nn\u00f6llisesti ja vaihtaa tarvittaessa. Kuluneet tai vaurioituneet tiivisteet voivat johtaa vuotoihin ja heikent\u00e4\u00e4 tehokkuutta, mik\u00e4 vaikuttaa hydraulij\u00e4rjestelm\u00e4n kokonaissuorituskykyyn. Tiivisteiden oikea-aikainen vaihto pident\u00e4\u00e4 puomisylinterin k\u00e4ytt\u00f6ik\u00e4\u00e4.<\/h3>\n<\/li>\n<\/ul>\n<h2>Oikeat asennusohjeet<\/h2>\n<p>Puomin sylinterin oikea asennus on ratkaisevan t\u00e4rke\u00e4\u00e4 sen suorituskyvyn ja pitk\u00e4n k\u00e4ytt\u00f6i\u00e4n kannalta. Aloita varmistamalla, ett\u00e4 kaikki komponentit ovat puhtaita ja roskista vapaita. Kohdista sylinteri tarkasti kiinnityspisteisiin, jotta sylinteriin ei kohdistu tarpeetonta rasitusta k\u00e4yt\u00f6n aikana.<\/p>\n<p>K\u00e4yt\u00e4 sopivia kiinnityskorvakkeita sylinterin kiinnitt\u00e4miseksi tukevasti paikalleen est\u00e4en liikkumisen, joka voisi johtaa rikkoutumiseen. Noudata valmistajan ohjeita v\u00e4\u00e4nt\u00f6momenttien ja liit\u00e4nt\u00e4tapojen suhteen. Asennuksen j\u00e4lkeen suorita toiminnallinen testi varmistaaksesi oikean toiminnan ja s\u00e4\u00e4d\u00e4 tarvittaessa.<\/p>\n<h2>Yleiset huoltoteht\u00e4v\u00e4t<\/h2>\n<ul>\n<li>\n<h3>S\u00e4\u00e4nn\u00f6lliset tarkastukset<\/h3>\n<p> S\u00e4\u00e4nn\u00f6lliset tarkastukset auttavat havaitsemaan mahdolliset ongelmat ennen kuin niist\u00e4 tulee merkitt\u00e4vi\u00e4. On t\u00e4rke\u00e4\u00e4 seurata puomin sylinterin ja hydraulij\u00e4rjestelm\u00e4n yleist\u00e4 kuntoa ja etsi\u00e4 merkkej\u00e4 kulumisesta tai vaurioista.<\/h3>\n<\/li>\n<li>\n<h3>Oikea voitelu<\/h3>\n<p> Riitt\u00e4v\u00e4n voitelun yll\u00e4pit\u00e4minen on avainasemassa hydraulisylinterien sujuvan toiminnan kannalta. Suositellun voiteluaikataulun noudattaminen ja oikean hydrauli\u00f6ljyn k\u00e4ytt\u00f6 varmistavat, ett\u00e4 liikkuvat osat toimivat oikein.<\/h3>\n<\/li>\n<li>\n<h3>Tiivisteiden vaihto ja kalibrointitarkastukset<\/h3>\n<p> Rutiininomaiset tarkastukset ja tiivisteiden vaihdot est\u00e4v\u00e4t vuotoja ja yll\u00e4pit\u00e4v\u00e4t hydraulipainetta. Kalibrointitarkastukset varmistavat, ett\u00e4 kaikki komponentit toimivat harmonisesti ja edist\u00e4v\u00e4t hydraulij\u00e4rjestelm\u00e4n kokonaistehokkuutta.<\/h3>\n<\/li>\n<\/ul>\n<p><img decoding=\"async\" src=\"https:\/\/www.hydraulic-cylinders.net\/wp-content\/uploads\/2025\/04\/songte-chushion-collar.webp\" alt=\"Tyynykaulus\" \/><\/p>\n<h2>Turvallisuusn\u00e4k\u00f6kohdat ja ymp\u00e4rist\u00f6tekij\u00e4t<\/h2>\n<p>Puomisylintereit\u00e4 k\u00e4ytett\u00e4ess\u00e4 turvatoimenpiteet ovat ensiarvoisen t\u00e4rkeit\u00e4 k\u00e4ytt\u00e4jien ja ymp\u00e4rist\u00f6n turvallisuuden varmistamiseksi. S\u00e4\u00e4nn\u00f6llinen koulutus k\u00e4ytt\u00f6turvallisuudesta, hydraulinesteiden asianmukaisesta k\u00e4sittelyst\u00e4 ja koneiden rajoitusten ymm\u00e4rt\u00e4misest\u00e4 on ratkaisevan t\u00e4rke\u00e4\u00e4. K\u00e4ytt\u00f6- ja huoltoteht\u00e4vien aikana on k\u00e4ytett\u00e4v\u00e4 asianmukaisia \u200b\u200bhenkil\u00f6nsuojaimia riskien minimoimiseksi.<\/p>\n<h2>Vianm\u00e4\u00e4ritys ja yleiset ongelmat<\/h2>\n<ul>\n<li>\n<h3>Hydraulinestevuodot<\/h3>\n<p> Yksi yleisimmist\u00e4 ongelmista on hydrauliikka\u00f6ljyn vuodot, jotka voivat johtua vaurioituneista tiivisteist\u00e4 tai liitoksista. S\u00e4\u00e4nn\u00f6lliset tarkastukset voivat auttaa tunnistamaan vuodot varhaisessa vaiheessa, mik\u00e4 mahdollistaa nopeat korjaukset. K\u00e4ytt\u00e4j\u00e4n tulee seurata nestetasoja tarkasti ja puuttua kaikkiin vuotojen merkkeihin v\u00e4litt\u00f6m\u00e4sti.<\/h3>\n<\/li>\n<li>\n<h3>Hidas tai reagoimaton liike<\/h3>\n<p> Jos puomin sylinteri reagoi hitaasti tai liikkuu nykiv\u00e4t, se voi viitata alhaiseen hydrauliikka\u00f6ljyn tasoon tai j\u00e4rjestelm\u00e4\u00e4n j\u00e4\u00e4neeseen ilmaan. J\u00e4rjestelm\u00e4n ilmaaminen ja riitt\u00e4vien nestetasojen varmistaminen ovat olennaisia \u200b\u200bvaiheita t\u00e4m\u00e4n ongelman vianm\u00e4\u00e4rityksess\u00e4.<\/h3>\n<\/li>\n<li>\n<h3>Ep\u00e4tavalliset \u00e4\u00e4net<\/h3>\n<p> Ep\u00e4tavalliset \u00e4\u00e4net k\u00e4yt\u00f6n aikana voivat viitata mekaanisiin ongelmiin tai riitt\u00e4m\u00e4tt\u00f6m\u00e4\u00e4n voiteluun. K\u00e4ytt\u00e4jien on tutkittava \u00e4\u00e4nen l\u00e4hde ja ryhdytt\u00e4v\u00e4 korjaaviin toimenpiteisiin lis\u00e4vaurioiden est\u00e4miseksi.<\/h3>\n<\/li>\n<\/ul>\n<p>K\u00e4yt\u00e4nn\u00f6n vinkkien ja ratkaisujen tarjoaminen voi auttaa lukijoita tehokkaasti diagnosoimaan ja ratkaisemaan n\u00e4m\u00e4 yleiset ongelmat. S\u00e4\u00e4nn\u00f6llisen huoltoaikataulun laatiminen v\u00e4hent\u00e4\u00e4 merkitt\u00e4v\u00e4sti potentiaalisia ongelmia, varmistaa sujuvamman toiminnan ja pident\u00e4\u00e4 puomisylinterin k\u00e4ytt\u00f6ik\u00e4\u00e4.<\/p>\n<p><img decoding=\"async\" src=\"https:\/\/www.hydraulic-cylinders.net\/wp-content\/uploads\/2025\/04\/songte-bushings-with-all-kinds-of-excavator-models.webp\" alt=\"Kaivinkonemallien holkit\" \/><\/p>\n<h2>Tietoa yrityksest\u00e4mme<\/h2>\n<p>Olemme johtava hydraulisten sylinterien vaihtolaitteiden valmistaja, joka tarjoaa kattavan valikoiman tuotteita sek\u00e4 kotimaisille ett\u00e4 kansainv\u00e4lisille markkinoille. Laadun huippuosaamisen ja huolellisten valmistusstrategioiden ansiosta olemme yksi johtavista hydraulisten sylinterien valmistajista ja tukkukauppiaista.<\/p>\n<p>Keskittym\u00e4ll\u00e4 tekniseen asiantuntemukseen, huippuluokan digitaalisiin valmistuslaitteisiin ja erikoistuneisiin testausj\u00e4rjestelmiin parannamme jatkuvasti tuotantokapasiteettiamme. Sitoutumisemme korkeaan tehokkuuteen, tarkkuuteen ja laatuun varmistaa, ett\u00e4 t\u00e4yt\u00e4mme monipuoliset asiakastarpeet.<\/p>\n<p>Lis\u00e4ksi yrityksemme tarjoaa r\u00e4\u00e4t\u00e4l\u00f6ityj\u00e4 palveluita, kansainv\u00e4lisi\u00e4 sertifikaatteja ja vankkaa j\u00e4lkimarkkinointitukea, mik\u00e4 vahvistaa mainettamme alalla.<\/p>\n<p><img decoding=\"async\" src=\"https:\/\/www.hydraulic-cylinders.net\/wp-content\/uploads\/2025\/04\/songte-company-4.webp\" alt=\"Yrityksen yleiskatsaus\" \/><\/p>\n<p><img decoding=\"async\" src=\"https:\/\/www.hydraulic-cylinders.net\/wp-content\/uploads\/2025\/04\/songte-company-3.webp\" alt=\"Yrityksen infrastruktuuri\" \/><\/p>\n<p>Kirjoittaja: lyl<\/p>","protected":false},"excerpt":{"rendered":"<p>Boom Cylinder For Baoding WY150 Understanding the Boom Cylinder The Boom Cylinder is a specialized hydraulic cylinder used in various heavy machinery, such as excavators, backhoe loaders, and front-end loaders. Its primary function is to control the movement of the bucket, allowing it to lift, lower, and tilt effectively. This capability is crucial for material [&hellip;]<\/p>","protected":false},"featured_media":17877,"comment_status":"open","ping_status":"closed","template":"","meta":{"_et_pb_use_builder":"","_et_pb_old_content":"","_et_gb_content_width":""},"product_brand":[],"product_cat":[1546],"product_tag":[1547,1496],"class_list":{"0":"post-19674","1":"product","2":"type-product","3":"status-publish","4":"has-post-thumbnail","6":"product_cat-boom-cylinders","7":"product_tag-boom-cylinders","8":"product_tag-hydraulic-cylinders","10":"first","11":"instock","12":"shipping-taxable","13":"product-type-simple"},"amp_enabled":true,"_links":{"self":[{"href":"https:\/\/www.hydraulic-cylinders.net\/fi\/wp-json\/wp\/v2\/product\/19674","targetHints":{"allow":["GET"]}}],"collection":[{"href":"https:\/\/www.hydraulic-cylinders.net\/fi\/wp-json\/wp\/v2\/product"}],"about":[{"href":"https:\/\/www.hydraulic-cylinders.net\/fi\/wp-json\/wp\/v2\/types\/product"}],"replies":[{"embeddable":true,"href":"https:\/\/www.hydraulic-cylinders.net\/fi\/wp-json\/wp\/v2\/comments?post=19674"}],"wp:featuredmedia":[{"embeddable":true,"href":"https:\/\/www.hydraulic-cylinders.net\/fi\/wp-json\/wp\/v2\/media\/17877"}],"wp:attachment":[{"href":"https:\/\/www.hydraulic-cylinders.net\/fi\/wp-json\/wp\/v2\/media?parent=19674"}],"wp:term":[{"taxonomy":"product_brand","embeddable":true,"href":"https:\/\/www.hydraulic-cylinders.net\/fi\/wp-json\/wp\/v2\/product_brand?post=19674"},{"taxonomy":"product_cat","embeddable":true,"href":"https:\/\/www.hydraulic-cylinders.net\/fi\/wp-json\/wp\/v2\/product_cat?post=19674"},{"taxonomy":"product_tag","embeddable":true,"href":"https:\/\/www.hydraulic-cylinders.net\/fi\/wp-json\/wp\/v2\/product_tag?post=19674"}],"curies":[{"name":"wp","href":"https:\/\/api.w.org\/{rel}","templated":true}]}}