{"id":19678,"date":"2025-04-07T07:01:17","date_gmt":"2025-04-07T07:01:17","guid":{"rendered":"https:\/\/www.hydraulic-cylinders.net\/product\/boom-cylinder-for-baoding-wy90-7\/"},"modified":"2025-04-07T07:01:20","modified_gmt":"2025-04-07T07:01:20","slug":"boom-cylinder-for-baoding-wy90-7","status":"publish","type":"product","link":"https:\/\/www.hydraulic-cylinders.net\/fi\/tuote\/boom-cylinder-for-baoding-wy90-7\/","title":{"rendered":"Puomin sylinteri Baodingille WY90-7"},"content":{"rendered":"<h1>Puomin sylinteri Baodingille WY90-7<\/h1>\n<h2>Mik\u00e4 on puomin sylinteri?<\/h2>\n<p>Puomisylinteri on erityinen hydraulinen sylinteri, joka on suunniteltu ohjaamaan kauhan liikett\u00e4 erilaisissa raskaissa koneissa, kuten kaivinkoneissa, kaivurikuormaajissa ja etukuormaajissa. T\u00e4m\u00e4 hydraulinen komponentti mahdollistaa kauhan nostamisen, laskemisen ja kallistumisen, mik\u00e4 helpottaa materiaalink\u00e4sittelyteht\u00e4vi\u00e4 tarkasti ja helposti.<\/p>\n<p><img decoding=\"async\" src=\"https:\/\/www.hydraulic-cylinders.net\/wp-content\/uploads\/2025\/04\/songte-company-1.webp\" alt=\"Puomin sylinteri\" \/><\/p>\n<h3>Toiminto ja sovellukset<\/h3>\n<p>Hydraulij\u00e4rjestelm\u00e4ss\u00e4 puomin sylinterill\u00e4 on ratkaiseva rooli, koska se muuntaa hydraulisen paineen mekaaniseksi energiaksi. Se tarjoaa tarvittavan voiman teht\u00e4vien, kuten kaivamisen, nostamisen ja materiaalien siirt\u00e4misen, suorittamiseen. Kauhan sylinteri on v\u00e4ltt\u00e4m\u00e4t\u00f6n useissa sovelluksissa, mukaan lukien:<\/p>\n<ul>\n<li><strong>Kaivaminen:<\/strong> Sylinteri mahdollistaa tehokkaan tunkeutumisen maahan ja roskien nostamisen, mik\u00e4 tekee kaivut\u00f6ist\u00e4 nopeampia ja tehokkaampia.<\/li>\n<li><strong>Materiaalin kuljetus:<\/strong> Se auttaa materiaalien kuljettamisessa paikasta toiseen varmistaen sujuvan toiminnan rakennus- ja maatalousymp\u00e4rist\u00f6iss\u00e4.<\/li>\n<li><strong>Lian ja roskien hallinta:<\/strong> Kauhan sylinteri on ratkaisevan t\u00e4rke\u00e4 lian ja roskien hallinnassa rakennusty\u00f6mailla, mik\u00e4 parantaa tuottavuutta ja ty\u00f6nkulkua.<\/li>\n<\/ul>\n<h2>Puomin sylinterin ominaisuudet<\/h2>\n<h3>Korkea lujuus ja kest\u00e4vyys<\/h3>\n<ul>\n<li>Valmistettu eritt\u00e4in lujasta ter\u00e4ksest\u00e4 tai alumiinista kest\u00e4m\u00e4\u00e4n suurta painetta ja raskaita kuormia.<\/li>\n<li>Suunniteltu kest\u00e4m\u00e4\u00e4n vaativia ty\u00f6ymp\u00e4rist\u00f6j\u00e4 ottaen huomioon kulumiskest\u00e4vyyden ja korroosionkest\u00e4vyyden.<\/li>\n<li>Pidempi k\u00e4ytt\u00f6ik\u00e4 kest\u00e4vien rakennusmateriaalien ansiosta.<\/li>\n<\/ul>\n<h3>Tehokas hydraulinen k\u00e4ytt\u00f6<\/h3>\n<ul>\n<li>K\u00e4ytt\u00e4\u00e4 hydrauli\u00f6ljyn painetta sujuvaan ja herkk\u00e4\u00e4n pidennykseen ja sis\u00e4\u00e4nvetoon.<\/li>\n<li>Tarjoaa tehokkaan ty\u00f6nt\u00f6- ja vetovoiman, joka sopii raskaiden ja monimutkaisten teht\u00e4vien k\u00e4sittelyyn.<\/li>\n<\/ul>\n<h3>Erilaiset tyypit<\/h3>\n<ul>\n<li>Saatavilla yksitoimisina (hydrauliikkaa k\u00e4ytet\u00e4\u00e4n yhteen suuntaan) tai kaksitoimisina (hydrauliikkaa k\u00e4ytet\u00e4\u00e4n molempiin suuntiin).<\/li>\n<li>Tietyiss\u00e4 malleissa on teleskooppirakenteet, jotka mahdollistavat pidemm\u00e4n ulottuvuuden ilman ulkomittojen kasvua.<\/li>\n<\/ul>\n<h2>Tuotantokapasiteetit<\/h2>\n<p>Yrityksemme on erikoistunut hydraulisten sylinterien valmistukseen, mik\u00e4 varmistaa, ett\u00e4 tuotteemme korvaavat t\u00e4ydellisesti olemassa olevat sylinterit erilaisissa sovelluksissa.<\/p>\n<p><img decoding=\"async\" src=\"https:\/\/www.hydraulic-cylinders.net\/wp-content\/uploads\/2025\/04\/songte-cylinder-head-with-all-kinds-excavator-models.webp\" alt=\"Hydraulisylinterien valmistus\" \/><\/p>\n<h2>Puomisylinterin sovellukset<\/h2>\n<h3>Rakennuslaitteet<\/h3>\n<p>Kaivinkoneissa puomisylinterit ovat elint\u00e4rkeit\u00e4 kaivamisessa, lastaamisessa ja maaper\u00e4n tai roskien siirt\u00e4misess\u00e4. Ne tarjoavat tarvittavan nostovoiman kauhan nostamiseksi, jolloin kuljettajat voivat tehokkaasti kaivaa tai kuljettaa materiaaleja. Kaivurikuormaajissa puomisylinteri auttaa sek\u00e4 kaivamisessa ett\u00e4 nostamisessa, mik\u00e4 parantaa n\u00e4iden koneiden monipuolisuutta.<\/p>\n<h3>Maatalouskoneet<\/h3>\n<p>Etukuormaajat k\u00e4ytt\u00e4v\u00e4t puomisylintereit\u00e4 maaper\u00e4n, hein\u00e4n ja muiden materiaalien kauhaamiseen, nostamiseen ja kuljettamiseen. Ne ovat v\u00e4ltt\u00e4m\u00e4tt\u00f6mi\u00e4 erilaisissa maatalousteht\u00e4viss\u00e4, sill\u00e4 ne parantavat maatilojen tuottavuutta ja tehokkuutta.<\/p>\n<h3>Kaivinkoneet<\/h3>\n<p>Koska kaivinkoneiden puomisylinterit pystyv\u00e4t tunkeutumaan maaper\u00e4\u00e4n, ne mahdollistavat tehokkaan kaivun, mik\u00e4 tekee niist\u00e4 olennaisia \u200b\u200brakennus- ja purkuprojekteissa.<\/p>\n<h3>Kuormaajat<\/h3>\n<p>Etukuormaajissa puomin sylinterit auttavat kuormien tehokkaassa nostamisessa ja tyhjent\u00e4misess\u00e4. Niiden rakenne mahdollistaa optimaalisen painonjakauman ja hallinnan k\u00e4yt\u00f6n aikana, mik\u00e4 tukee erilaisia \u200b\u200blastausteht\u00e4vi\u00e4.<\/p>\n<h2>Suunnittelun\u00e4k\u00f6kohdat ja valintakriteerit<\/h2>\n<h3>Kantavuus<\/h3>\n<p>Puomisylinterin kuormituskapasiteetti on ratkaisevan t\u00e4rke\u00e4 sen soveltuvuuden m\u00e4\u00e4ritt\u00e4miseksi tiettyihin k\u00e4ytt\u00f6tarkoituksiin. On t\u00e4rke\u00e4\u00e4 valita sylinteri, joka kest\u00e4\u00e4 odotetut kuormat ilman vikaantumisen riski\u00e4. Asianmukaiset laskelmat ja kuormituskokeet on teht\u00e4v\u00e4 sen varmistamiseksi, ett\u00e4 sylinteri t\u00e4ytt\u00e4\u00e4 aiotun k\u00e4ytt\u00f6tarkoituksen vaatimukset. Suuremman kuormituskapasiteetin omaava sylinteri tarjoaa paremmat turvallisuusmarginaalit ja parantaa toiminnan tehokkuutta.<\/p>\n<h3>Tiivistys ja kest\u00e4vyys<\/h3>\n<p>Tehokas tiivistys on ensiarvoisen t\u00e4rke\u00e4\u00e4 hydraulinesteen vuotojen est\u00e4miseksi, jotka voivat johtaa suorituskyvyn heikkenemiseen ja lis\u00e4\u00e4ntyneeseen kulumiseen. Tiivisteiden, kuten kest\u00e4vist\u00e4 materiaaleista, kuten polyuretaanista tai nitriilikumista, valmistettujen m\u00e4nn\u00e4ntiivisteiden ja varren tiivisteiden, valinta vaikuttaa merkitt\u00e4v\u00e4sti sylinterin pitk\u00e4ik\u00e4isyyteen. Korkealaatuiset tiivisteet varmistavat my\u00f6s, ett\u00e4 hydraulij\u00e4rjestelm\u00e4 toimii sujuvasti ja tehokkaasti, mik\u00e4 minimoi huollosta johtuvat seisokkiajat.<\/p>\n<h3>Turvaominaisuudet<\/h3>\n<p>Turvallisuus on keskeinen n\u00e4k\u00f6kohta puomisylinterien suunnittelussa. Sis\u00e4\u00e4nrakennetut paineenalennusventtiilit auttavat est\u00e4m\u00e4\u00e4n ylikuormitusta, joka voi johtaa katastrofaalisiin vikoihin. Lis\u00e4ksi s\u00e4\u00e4nn\u00f6lliset huoltotarkastukset ja turvallisuusprotokollien noudattaminen varmistavat hydraulij\u00e4rjestelmien pitk\u00e4ik\u00e4isyyden ja luotettavuuden. K\u00e4ytt\u00e4j\u00e4t tulee kouluttaa tunnistamaan mahdolliset turvallisuusriskit ja puuttumaan niihin viipym\u00e4tt\u00e4 riskien minimoimiseksi k\u00e4yt\u00f6n aikana.<\/p>\n<p><img decoding=\"async\" src=\"https:\/\/www.hydraulic-cylinders.net\/wp-content\/uploads\/2025\/04\/songte-oil-pipes-and-spare-parts.webp\" alt=\"Hydraulisylinterin suunnittelun n\u00e4k\u00f6kohdat\" \/><\/p>\n<h2>Tiivistys ja voitelu<\/h2>\n<p>To ensure optimal performance, various seals are employed in boom cylinders, including piston seals and rod seals. The selection of seals made from wear-resistant materials such as polyurethane and nitrile rubber is critical for extending the life of the cylinder. Additionally, the cylinder body and threaded end surfaces undergo precision finishing to enhance wear resistance. Regular lubrication with hydraulic oil is necessary to minimize friction and prolong the cylinder&#8217;s operational life. Operators must understand the importance of maintaining proper oil levels and ensuring that the system is free from contaminants, which can compromise the function and longevity of the hydraulic components.<\/p>\n<h2>Ennaltaehk\u00e4isev\u00e4t huoltotoimenpiteet<\/h2>\n<ul>\n<li><strong>S\u00e4\u00e4nn\u00f6llinen tarkastus:<\/strong> Vuotojen, kulumisen ja vaurioiden varalta on teht\u00e4v\u00e4 s\u00e4\u00e4nn\u00f6llisi\u00e4 tarkastuksia, jotta ongelmat havaitaan varhaisessa vaiheessa ja v\u00e4ltet\u00e4\u00e4n kalliit korjaukset.<\/li>\n<li><strong>Oikea voitelu:<\/strong> Sylinterin riitt\u00e4v\u00e4 voitelu v\u00e4hent\u00e4\u00e4 kitkaa ja kulumista, mik\u00e4 parantaa suorituskyky\u00e4 ja pident\u00e4\u00e4 k\u00e4ytt\u00f6ik\u00e4\u00e4.<\/li>\n<li><strong>Tiivisteen vaihto:<\/strong> Kuluneiden tiivisteiden s\u00e4\u00e4nn\u00f6llinen vaihtaminen voi est\u00e4\u00e4 nestevuodot ja yll\u00e4pit\u00e4\u00e4 hydraulista tehokkuutta varmistaen, ett\u00e4 j\u00e4rjestelm\u00e4 toimii tarkoitetulla tavalla.<\/li>\n<\/ul>\n<h2>Asennusohjeet<\/h2>\n<p>Puomisylinterin oikea asennus on kriittisen t\u00e4rke\u00e4\u00e4 optimaalisen suorituskyvyn saavuttamiseksi. Varmista oikea asennus noudattamalla n\u00e4it\u00e4 ohjeita:<\/p>\n<ul>\n<li><strong>Valmistelu:<\/strong> Ennen asennusta varmista, ett\u00e4 ty\u00f6tila on puhdas ja roskaton. Varmista, ett\u00e4 sinulla on kaikki tarvittavat ty\u00f6kalut ja osat.<\/li>\n<li><strong>Tasaus:<\/strong> Kohdista sylinteri oikein kiinnityskiinnikkeisiin rasituksen ja mahdollisten rikkoutumisten v\u00e4ltt\u00e4miseksi k\u00e4yt\u00f6n aikana. K\u00e4yt\u00e4 tarvittaessa kohdistusty\u00f6kaluja.<\/li>\n<li><strong>Asennus:<\/strong> Kiinnit\u00e4 sylinteri tukevasti sopivilla kiinnityskiinnikkeill\u00e4 vakauden varmistamiseksi. Varmista, ett\u00e4 kaikki kiinnikkeet on kiristetty valmistajan ohjeiden mukaisesti.<\/li>\n<li><strong>Hydrauliset liit\u00e4nn\u00e4t:<\/strong> Liit\u00e4 hydrauliletkut ja varmista, ettei vuotoja ole. Tarkista kaikkien liitosten kireys ja oikea sijoitus.<\/li>\n<li><strong>Testaus:<\/strong> Asennuksen j\u00e4lkeen suorita koek\u00e4ytt\u00f6 varmistaaksesi, ett\u00e4 sylinteri toimii tasaisesti ja tehokkaasti. Tarkkaile mahdollisten ep\u00e4tavallisten \u00e4\u00e4nien tai liikkeiden varalta.<\/li>\n<\/ul>\n<p><img decoding=\"async\" src=\"https:\/\/www.hydraulic-cylinders.net\/wp-content\/uploads\/2025\/04\/songte-chushion-collar.webp\" alt=\"Puomin sylinterin asennus\" \/><\/p>\n<h2>Huoltoteht\u00e4v\u00e4t<\/h2>\n<h3>S\u00e4\u00e4nn\u00f6lliset tarkastukset<\/h3>\n<p>Puomin sylinterin s\u00e4\u00e4nn\u00f6lliset tarkastukset ovat olennaisia \u200b\u200bmahdollisten ongelmien havaitsemiseksi varhaisessa vaiheessa. Tarkista kulumisen, vuotojen tai vaurioiden merkit varmistaaksesi, ett\u00e4 sylinteri toimii tehokkaasti. Rutiininomaisen huoltoaikataulun laatiminen voi est\u00e4\u00e4 kalliita seisokkeja ja pident\u00e4\u00e4 laitteen k\u00e4ytt\u00f6ik\u00e4\u00e4.<\/p>\n<h3>Oikea voitelu<\/h3>\n<p>Puomin sylinterin riitt\u00e4v\u00e4 voitelu on ratkaisevan t\u00e4rke\u00e4\u00e4 liikkuvien osien kitkan ja kulumisen v\u00e4hent\u00e4miseksi. Tarkista hydrauliikka\u00f6ljyn m\u00e4\u00e4r\u00e4 s\u00e4\u00e4nn\u00f6llisesti ja lis\u00e4\u00e4 tarvittaessa. K\u00e4yt\u00e4 valmistajan suosittelemaa hydrauliikka\u00f6ljy\u00e4 optimaalisen suorituskyvyn yll\u00e4pit\u00e4miseksi ja yhteensopivuusongelmien v\u00e4ltt\u00e4miseksi.<\/p>\n<h3>Tiivisteen vaihto<\/h3>\n<p>Tiivisteiden kunnon valvonta on elint\u00e4rke\u00e4\u00e4 nestevuotojen est\u00e4miseksi ja hydraulisen tehokkuuden yll\u00e4pit\u00e4miseksi. Tarkista tiivisteet s\u00e4\u00e4nn\u00f6llisesti kulumisen varalta ja vaihda ne tarvittaessa varmistaaksesi sylinterin moitteettoman toiminnan. K\u00e4yt\u00e4 ennakoivaa l\u00e4hestymistapaa tiivisteiden hallintaan vuotojen v\u00e4ltt\u00e4miseksi ja suorituskyvyn parantamiseksi.<\/p>\n<h2>Turvallisuusn\u00e4k\u00f6kohdat ja ymp\u00e4rist\u00f6tekij\u00e4t<\/h2>\n<p>Puomisylintereit\u00e4 k\u00e4ytett\u00e4ess\u00e4 on t\u00e4rke\u00e4\u00e4 ottaa huomioon turvatoimenpiteet k\u00e4ytt\u00e4jien ja laitteiden suojaamiseksi. Vakioturvallisuusprotokollien, kuten asianmukaisten henkil\u00f6nsuojainten (PPE) k\u00e4yt\u00f6n ja kaikkien hydraulisten komponenttien toimintakunnon varmistamisen, toteuttaminen on ratkaisevan t\u00e4rke\u00e4\u00e4. Lis\u00e4ksi hydraulinestevuotojen ymp\u00e4rist\u00f6vaikutusten ymm\u00e4rt\u00e4minen ja vaarallisten aineiden asianmukaisen h\u00e4vitt\u00e4misen varmistaminen on ratkaisevan t\u00e4rke\u00e4\u00e4 ymp\u00e4rist\u00f6m\u00e4\u00e4r\u00e4ysten noudattamisen kannalta.<\/p>\n<h2>Yleisten ongelmien vianm\u00e4\u00e4ritys<\/h2>\n<h3>Yleisi\u00e4 ongelmia<\/h3>\n<ul>\n<li><strong>Vuoto:<\/strong> Vuotoja voi esiinty\u00e4 kuluneiden tiivisteiden tai vaurioituneiden liitosten vuoksi, mik\u00e4 johtaa suorituskyvyn heikkenemiseen. S\u00e4\u00e4nn\u00f6lliset tarkastukset voivat auttaa tunnistamaan ja korjaamaan n\u00e4m\u00e4 ongelmat ennen kuin ne pahenevat.<\/li>\n<li><strong>Hidas vaste:<\/strong> Jos sylinteri reagoi hitaasti, se voi viitata alhaiseen hydrauliikka\u00f6ljyn tasoon tai hydrauliikkapumpun ongelmaan. Tarkista nestetasot ja varmista, ett\u00e4 pumppu toimii oikein.<\/li>\n<li><strong>Ylikuumeneminen:<\/strong> Ylikuumeneminen voi johtua liiallisesta ty\u00f6m\u00e4\u00e4r\u00e4st\u00e4 tai riitt\u00e4m\u00e4tt\u00f6m\u00e4st\u00e4 voitelusta. Tarkkaile k\u00e4ytt\u00f6olosuhteita ja s\u00e4\u00e4d\u00e4 tarvittaessa ylikuumenemisen est\u00e4miseksi.<\/li>\n<\/ul>\n<h3>Vianm\u00e4\u00e4ritysvinkkej\u00e4<\/h3>\n<p>Tehokkaan ongelmien diagnosoinnin ja ratkaisun varmistamiseksi noudata seuraavia ohjeita:<\/p>\n<ul>\n<li>Tarkista hydraulinesteen tasot s\u00e4\u00e4nn\u00f6llisesti ja vaihda suodattimet osana rutiinihuoltoa.<\/li>\n<li>Dokumentoi ja seuraa suorituskykymittareita trendien ja mahdollisten ongelmien tunnistamiseksi varhaisessa vaiheessa.<\/li>\n<li>Kouluta k\u00e4ytt\u00e4j\u00e4t tunnistamaan hydraulij\u00e4rjestelm\u00e4n ep\u00e4tavalliset \u00e4\u00e4net tai k\u00e4ytt\u00e4ytymisen, jotta he voivat toimia nopeasti.<\/li>\n<\/ul>\n<p><img decoding=\"async\" src=\"https:\/\/www.hydraulic-cylinders.net\/wp-content\/uploads\/2025\/04\/songte-bushings-with-all-kinds-of-excavator-models.webp\" alt=\"Puomin sylinterin vianetsint\u00e4\" \/><\/p>\n<h2>Yrityksen yleiskatsaus<\/h2>\n<p>Olemme johtava hydraulisten sylinterien vaihto-osien valmistaja, joka tarjoaa kattavan valikoiman tuotteita kotimaisten ja kansainv\u00e4listen markkinoiden tarpeisiin. Sitoutumisemme huippulaatuun perustuu hienostuneisiin valmistusstrategioihin ja huippuluokan laitteisiin. Keskittym\u00e4ll\u00e4 tekniseen osaamiseen, digitaaliseen huippuvalmistukseen ja ammattimaisiin testausj\u00e4rjestelmiin parannamme jatkuvasti tuotantokapasiteettiamme. Tehokas, tarkka ja korkealaatuinen l\u00e4hestymistapamme mahdollistaa asiakkaidemme monipuolisten tarpeiden tyydytt\u00e4misen.<\/p>\n<p><img decoding=\"async\" src=\"https:\/\/www.hydraulic-cylinders.net\/wp-content\/uploads\/2025\/04\/songte-company-4.webp\" alt=\"Yrityksen yleiskatsaus\" \/><br \/>\n<img decoding=\"async\" src=\"https:\/\/www.hydraulic-cylinders.net\/wp-content\/uploads\/2025\/04\/songte-company-3.webp\" alt=\"Yrityksen tuotanto\" \/><\/p>\n<p>Erikoistumisemme ulottuu ammattisertifikaattien, r\u00e4\u00e4t\u00e4l\u00f6ityjen palveluiden, edistyneiden tuotantolaitteiden ja erinomaisen j\u00e4lkimarkkinointituen tarjoamiseen varmistaen, ett\u00e4 asiakkaamme saavat huippuluokan hydraulisylinteriratkaisuja toimintaansa.<\/p>\n<p>Kirjoittaja: lyl<\/p>","protected":false},"excerpt":{"rendered":"<p>Boom Cylinder For Baoding WY90-7 What is a Boom Cylinder? The Boom Cylinder is a specialized hydraulic cylinder designed to control the movement of the bucket in various heavy machinery such as excavators, backhoe loaders, and front-end loaders. This hydraulic component enables the bucket to lift, lower, and tilt, facilitating material handling tasks with precision [&hellip;]<\/p>","protected":false},"featured_media":17881,"comment_status":"open","ping_status":"closed","template":"","meta":{"_et_pb_use_builder":"","_et_pb_old_content":"","_et_gb_content_width":""},"product_brand":[],"product_cat":[1546],"product_tag":[1547,1496],"class_list":{"0":"post-19678","1":"product","2":"type-product","3":"status-publish","4":"has-post-thumbnail","6":"product_cat-boom-cylinders","7":"product_tag-boom-cylinders","8":"product_tag-hydraulic-cylinders","10":"first","11":"instock","12":"shipping-taxable","13":"product-type-simple"},"amp_enabled":true,"_links":{"self":[{"href":"https:\/\/www.hydraulic-cylinders.net\/fi\/wp-json\/wp\/v2\/product\/19678","targetHints":{"allow":["GET"]}}],"collection":[{"href":"https:\/\/www.hydraulic-cylinders.net\/fi\/wp-json\/wp\/v2\/product"}],"about":[{"href":"https:\/\/www.hydraulic-cylinders.net\/fi\/wp-json\/wp\/v2\/types\/product"}],"replies":[{"embeddable":true,"href":"https:\/\/www.hydraulic-cylinders.net\/fi\/wp-json\/wp\/v2\/comments?post=19678"}],"wp:featuredmedia":[{"embeddable":true,"href":"https:\/\/www.hydraulic-cylinders.net\/fi\/wp-json\/wp\/v2\/media\/17881"}],"wp:attachment":[{"href":"https:\/\/www.hydraulic-cylinders.net\/fi\/wp-json\/wp\/v2\/media?parent=19678"}],"wp:term":[{"taxonomy":"product_brand","embeddable":true,"href":"https:\/\/www.hydraulic-cylinders.net\/fi\/wp-json\/wp\/v2\/product_brand?post=19678"},{"taxonomy":"product_cat","embeddable":true,"href":"https:\/\/www.hydraulic-cylinders.net\/fi\/wp-json\/wp\/v2\/product_cat?post=19678"},{"taxonomy":"product_tag","embeddable":true,"href":"https:\/\/www.hydraulic-cylinders.net\/fi\/wp-json\/wp\/v2\/product_tag?post=19678"}],"curies":[{"name":"wp","href":"https:\/\/api.w.org\/{rel}","templated":true}]}}