{"id":19679,"date":"2025-04-07T07:01:20","date_gmt":"2025-04-07T07:01:20","guid":{"rendered":"https:\/\/www.hydraulic-cylinders.net\/product\/boom-cylinder-for-baoding-sc240sd-8\/"},"modified":"2025-04-07T07:01:22","modified_gmt":"2025-04-07T07:01:22","slug":"boom-cylinder-for-baoding-sc240sd-8","status":"publish","type":"product","link":"https:\/\/www.hydraulic-cylinders.net\/fi\/tuote\/boom-cylinder-for-baoding-sc240sd-8\/","title":{"rendered":"Puomin sylinteri Baoding SC240SD.8:lle"},"content":{"rendered":"<h1>Puomin sylinteri Baoding SC240SD.8:lle<\/h1>\n<h2>Johdatus puomin sylinteriin<\/h2>\n<p>Erityisesti Baoding SC240SD.8 -mallia varten suunniteltu puomisylinteri on olennainen osa raskaiden koneiden hydrauliikkaj\u00e4rjestelmi\u00e4. T\u00e4ll\u00e4 hydraulisylinterill\u00e4 on ratkaiseva rooli kauhojen liikkeen ohjaamisessa erilaisissa laitteissa, kuten kaivinkoneissa, kaivurikuormaajissa ja etukuormaajissa. Se mahdollistaa kauhan nostamisen, laskemisen ja kallistumisen, mik\u00e4 helpottaa tehokkaita materiaalink\u00e4sittelyteht\u00e4vi\u00e4. Puomisylinteri on hydraulisylinterityyppi, joka on erityisesti suunniteltu hallitsemaan n\u00e4it\u00e4 toimintoja tehokkaasti varmistaen, ett\u00e4 kuljettajat voivat suorittaa teht\u00e4v\u00e4ns\u00e4 tarkasti ja luotettavasti.<\/p>\n<p><img decoding=\"async\" src=\"https:\/\/www.hydraulic-cylinders.net\/wp-content\/uploads\/2025\/04\/songte-company-1.webp\" alt=\"Puomin sylinterin kuva\"><\/p>\n<h2>Puomin sylinterin ominaisuudet<\/h2>\n<ul>\n<li><strong>Korkea lujuus ja kest\u00e4vyys:<\/strong> N\u00e4m\u00e4 sylinterit on valmistettu eritt\u00e4in lujasta ter\u00e4ksest\u00e4 tai alumiinista, ja ne kest\u00e4v\u00e4t korkeaa painetta ja raskaita kuormia, mik\u00e4 tekee niist\u00e4 sopivia vaativiin ty\u00f6ymp\u00e4rist\u00f6ihin. Niiden suunnittelussa on otettu huomioon kulutuskest\u00e4vyys ja korroosionkest\u00e4vyys, mik\u00e4 pident\u00e4\u00e4 niiden k\u00e4ytt\u00f6ik\u00e4\u00e4.<\/li>\n<li><strong>Tehokas hydraulinen k\u00e4ytt\u00f6:<\/strong> Hydrauli\u00f6ljyn painetta hy\u00f6dynt\u00e4v\u00e4t n\u00e4m\u00e4 sylinterit saavuttavat tasaiset ojennus- ja sis\u00e4\u00e4nvetoliikkeet. Ne reagoivat nopeasti ohjauskomentoihin ja tarjoavat tehokkaita ty\u00f6nt\u00f6- ja vetovoimia raskaiden esineiden ja monimutkaisten teht\u00e4vien k\u00e4sittelyyn.<\/li>\n<li><strong>Erilaisia \u200b\u200btyyppej\u00e4:<\/strong> Puomisylintereit\u00e4 on saatavana yksitoimisina (hydraulinen paine yhteen suuntaan) ja kaksitoimisina (hydraulinen paine molempiin suuntiin) malleina erilaisiin k\u00e4ytt\u00f6tarpeisiin. Jotkut mallit ovat teleskooppisia, mik\u00e4 mahdollistaa suuremman jatkeen ilman ulkomittojen kasvua, mik\u00e4 sopii erinomaisesti sovelluksiin, joissa on rajoitetusti tilaa.<\/li>\n<li><strong>Mukautettu valmistus:<\/strong> Yrityksemme on erikoistunut n\u00e4iden puomisylintereiden valmistukseen varmistaen, ett\u00e4 ne korvaavat t\u00e4ydellisesti olemassa olevat hydraulisylinterit ja tarjoavat korkean yhteensopivuuden ja suorituskyvyn.<\/li>\n<\/ul>\n<p><img decoding=\"async\" src=\"https:\/\/www.hydraulic-cylinders.net\/wp-content\/uploads\/2025\/04\/songte-cylinder-head-with-all-kinds-excavator-models.webp\" alt=\"Mukautettu valmistuskuva\"><\/p>\n<h2>Puomisylinterien sovellukset<\/h2>\n<h3>Rakennuslaitteet<\/h3>\n<p>Rakennuskoneissa, kuten kaivinkoneissa, puomisylinterit ovat elint\u00e4rkeit\u00e4 kaivamisessa, lastaamisessa ja maaper\u00e4n tai roskien siirt\u00e4misess\u00e4. Ne mahdollistavat kaivukauhan tehokkaan tunkeutumisen maahan, jolloin kuljettajat voivat kaivaa materiaalia tehokkaasti. Lis\u00e4ksi kaivurikuormaajissa puomisylinterit auttavat sek\u00e4 kaivu- ett\u00e4 nostotoiminnoissa, mik\u00e4 tekee niist\u00e4 korvaamattomia ty\u00f6kaluja ty\u00f6mailla.<\/p>\n<h3>Maatalouskoneet<\/h3>\n<p>Maataloussovelluksissa puomisylintereit\u00e4 k\u00e4ytet\u00e4\u00e4n yleisesti etukuormaajissa maan, hein\u00e4n ja muiden materiaalien kauhaamiseen, nostamiseen ja kuljettamiseen. Ne auttavat maanviljelij\u00f6it\u00e4 hallitsemaan teht\u00e4vi\u00e4\u00e4n tehokkaasti, parantaen tuottavuutta ja v\u00e4hent\u00e4en ty\u00f6aikaa. N\u00e4iden sylinterien jatke- ja sis\u00e4\u00e4nveto-ominaisuudet parantavat maatalouskoneiden monipuolisuutta.<\/p>\n<h3>Kaivinkoneet<\/h3>\n<p>Kaivinkoneiden puomisylinterit helpottavat kaivuliikett\u00e4 antamalla kauhan tunkeutua maaper\u00e4\u00e4n. T\u00e4m\u00e4 on ratkaisevan t\u00e4rke\u00e4\u00e4 erilaisissa maanrakennusteht\u00e4viss\u00e4, olipa kyseess\u00e4 sitten rakennus- tai maisemointity\u00f6. Niiden kyky toimia suuren rasituksen alaisena varmistaa, ett\u00e4 kaivinkoneet voivat toimia tehokkaasti ja maksimoida tuottavuuden ty\u00f6maalla.<\/p>\n<h3>Kuormaajat<\/h3>\n<p>Etukuormaajissa puomisylintereill\u00e4 on merkitt\u00e4v\u00e4 rooli materiaalien tehokkaassa nostamisessa ja tyhjent\u00e4misess\u00e4. Niiden avulla kuljettajat voivat nostaa kuormaajan varsia ja kallistaa kauhaa materiaalien nopeaa tyhjent\u00e4mist\u00e4 varten. T\u00e4m\u00e4 toiminto on olennainen rakennus-, maisemointi- ja materiaalink\u00e4sittelyteollisuudessa.<\/p>\n<h2>Suunnittelun\u00e4k\u00f6kohdat ja valintakriteerit<\/h2>\n<h3>Kantavuus<\/h3>\n<p>Puomisylinterin kuormituskapasiteetti on kriittinen suunnittelukriteeri. Se on r\u00e4\u00e4t\u00e4l\u00f6it\u00e4v\u00e4 k\u00e4sittelem\u00e4\u00e4n siirrett\u00e4vien materiaalien enimm\u00e4ispainoa. Hyvin suunniteltu sylinteri sis\u00e4lt\u00e4\u00e4 turvallisuustekij\u00f6it\u00e4, jotka est\u00e4v\u00e4t raskaiden kuormien aiheuttamat viat ja varmistavat luotettavan toiminnan vaativissa ymp\u00e4rist\u00f6iss\u00e4. Painorajan ja k\u00e4ytt\u00f6tarkoituksen ymm\u00e4rt\u00e4minen auttaa k\u00e4ytt\u00e4ji\u00e4 valitsemaan oikean sylinterin.<\/p>\n<h3>Tiivistys<\/h3>\n<p>Tehokas tiivistys on v\u00e4ltt\u00e4m\u00e4t\u00f6nt\u00e4 hydraulisylintereille vuotojen est\u00e4miseksi ja paineen yll\u00e4pit\u00e4miseksi. Tiivisteiden laatu vaikuttaa sylinterin suorituskykyyn ja pitk\u00e4ik\u00e4isyyteen. Korkealaatuisten materiaalien, kuten polyuretaanin tai nitriilikumin, k\u00e4ytt\u00f6 tiivistyksiss\u00e4 parantaa kest\u00e4vyytt\u00e4 ja kulutuskest\u00e4vyytt\u00e4 varmistaen optimaalisen toimivuuden ajan kuluessa.<\/p>\n<h3>Kest\u00e4vyys<\/h3>\n<p>Puomisylinterin kest\u00e4vyys on ensiarvoisen t\u00e4rke\u00e4\u00e4, erityisesti ankarissa ty\u00f6olosuhteissa. Tekij\u00e4t, kuten kulumiskest\u00e4vyys, korroosionkest\u00e4vyys ja yleinen rakenteellinen eheys, ovat ratkaisevan t\u00e4rkeit\u00e4. Valmistajat keskittyv\u00e4t kest\u00e4vien materiaalien k\u00e4ytt\u00f6\u00f6n ja edistyneiden pintak\u00e4sittelyjen soveltamiseen sylinterien k\u00e4ytt\u00f6i\u00e4n pident\u00e4miseksi, mik\u00e4 tekee niist\u00e4 sopivia erilaisiin k\u00e4ytt\u00f6tarkoituksiin.<\/p>\n<h3>Turvallisuus<\/h3>\n<p>Turvaominaisuudet ovat ratkaisevan t\u00e4rkeit\u00e4 hydraulisylinterien suunnittelussa. Paineenalennusventtiilien ja kest\u00e4vien kiinnitysj\u00e4rjestelmien sis\u00e4llytt\u00e4minen auttaa ehk\u00e4isem\u00e4\u00e4n onnettomuuksia ja varmistaa turvallisen k\u00e4yt\u00f6n. K\u00e4ytt\u00e4jien on varmistettava, ett\u00e4 kaikki turvatoimenpiteet ovat k\u00e4yt\u00f6ss\u00e4 hydraulij\u00e4rjestelmiin liittyvien riskien lievent\u00e4miseksi ja turvallisen ty\u00f6ymp\u00e4rist\u00f6n yll\u00e4pit\u00e4miseksi.<\/p>\n<h3>Huolto<\/h3>\n<p>Kunnossapiton\u00e4k\u00f6kohtien tulisi olla etusijalla puomisylinteri\u00e4 valittaessa. Ominaisuudet, jotka mahdollistavat helpon purkamisen, tarkastuksen ja korjauksen, voivat merkitt\u00e4v\u00e4sti v\u00e4hent\u00e4\u00e4 seisokkiaikoja ja yll\u00e4pitokustannuksia. S\u00e4\u00e4nn\u00f6llinen huolto varmistaa, ett\u00e4 hydraulij\u00e4rjestelm\u00e4 toimii tehokkaasti ja pident\u00e4\u00e4 sylinterin k\u00e4ytt\u00f6ik\u00e4\u00e4.<\/p>\n<p><img decoding=\"async\" src=\"https:\/\/www.hydraulic-cylinders.net\/wp-content\/uploads\/2025\/04\/songte-oil-pipes-and-spare-parts.webp\" alt=\"Huoltokuva\"><\/p>\n<h2>Tiivistys ja voitelu<\/h2>\n<p>Tehokkaiden tiivistys- ja voiteluk\u00e4yt\u00e4nt\u00f6jen toteuttaminen on ratkaisevan t\u00e4rke\u00e4\u00e4 puomisylinterien suorituskyvyn kannalta. Optimaalisen toiminnan varmistamiseksi k\u00e4ytet\u00e4\u00e4n erilaisia \u200b\u200btiivistyskomponentteja, kuten m\u00e4nn\u00e4ntiivisteit\u00e4 ja varren tiivisteit\u00e4. Kulutusta kest\u00e4vist\u00e4 materiaaleista, kuten polyuretaanista tai nitriilikumista, valmistetut tiivisteet tarjoavat kest\u00e4vyytt\u00e4, kun taas sylinterin runko ja kierteitetyt p\u00e4\u00e4typinnat on hienosti k\u00e4sitelty kulutuskest\u00e4vyyden parantamiseksi. On my\u00f6s t\u00e4rke\u00e4\u00e4 lis\u00e4t\u00e4 s\u00e4\u00e4nn\u00f6llisesti sopivaa hydrauli\u00f6ljy\u00e4 voitelua varten, mik\u00e4 varmistaa sujuvan toiminnan ja minimoi kitkan sylinterin sis\u00e4ll\u00e4.<\/p>\n<h2>Ennaltaehk\u00e4isev\u00e4t huoltotoimenpiteet<\/h2>\n<ul>\n<li><strong>S\u00e4\u00e4nn\u00f6lliset tarkastukset:<\/strong> Suorita kaikkien hydrauliliit\u00e4nt\u00f6jen ja tiivisteiden perusteelliset tarkastukset kulumisen tai vuotojen havaitsemiseksi varhaisessa vaiheessa. S\u00e4\u00e4nn\u00f6lliset tarkastukset auttavat yll\u00e4pit\u00e4m\u00e4\u00e4n optimaalista suorituskyky\u00e4 ja est\u00e4m\u00e4\u00e4n odottamattomia vikoja.<\/li>\n<li><strong>Voitelu:<\/strong> Varmista, ett\u00e4 hydrauliikka\u00f6ljyn taso pysyy oikeana ja ett\u00e4 voitelu tehd\u00e4\u00e4n valmistajan ohjeiden mukaisesti kulumisen ja repe\u00e4misen est\u00e4miseksi ja sujuvan toiminnan varmistamiseksi.<\/li>\n<li><strong>Tiivisteen vaihto:<\/strong> Tarkista tiivisteet s\u00e4\u00e4nn\u00f6llisesti vaurioiden tai kulumisen varalta. Tiivisteiden ennakoiva vaihtaminen voi est\u00e4\u00e4 vuotoja ja yll\u00e4pit\u00e4\u00e4 hydraulipainetta tehokkaasti.<\/li>\n<\/ul>\n<h2>Asennusohjeet<\/h2>\n<p>Puomisylinterin oikea asennus on v\u00e4ltt\u00e4m\u00e4t\u00f6nt\u00e4 optimaalisen suorituskyvyn saavuttamiseksi. Aloita varmistamalla, ett\u00e4 kaikki kiinnityspisteet ovat puhtaat ja roskattomat. Kohdista sylinteri tarkasti koneen kiinnitystelineiden kanssa ja kiinnit\u00e4 se paikalleen sopivilla asennuskiinnikkeill\u00e4. On eritt\u00e4in t\u00e4rke\u00e4\u00e4 noudattaa valmistajan ohjeita v\u00e4\u00e4nt\u00f6momentin asetusten ja kohdistuksen suhteen. Asennuksen j\u00e4lkeen tarkista hydrauliikkaliit\u00e4nn\u00e4t vuotojen varalta ja suorita koeajo varmistaaksesi, ett\u00e4 kaikki toimii sujuvasti. Tarkasta asennus s\u00e4\u00e4nn\u00f6llisesti varmistaaksesi oikean kohdistuksen ja toiminnan ajan kuluessa.<\/p>\n<h2>Yleiset huoltoteht\u00e4v\u00e4t<\/h2>\n<ul>\n<li><strong>S\u00e4\u00e4nn\u00f6lliset tarkastukset:<\/strong> Sylinterin s\u00e4\u00e4nn\u00f6llinen tarkastus auttaa tunnistamaan mahdolliset ongelmat varhaisessa vaiheessa ja varmistaa, ett\u00e4 sylinteri toimii parhaalla mahdollisella tavalla.<\/li>\n<li><strong>Oikea voitelu:<\/strong> Riitt\u00e4v\u00e4 voitelu on v\u00e4ltt\u00e4m\u00e4t\u00f6nt\u00e4 sylinterin moitteettomalle toiminnalle. Varmista, ett\u00e4 k\u00e4yt\u00e4t oikeaa hydrauliikka\u00f6ljy\u00e4 oikean tyyppisen\u00e4 ja oikeaa m\u00e4\u00e4r\u00e4\u00e4, ja seuraa \u00f6ljyn m\u00e4\u00e4r\u00e4\u00e4 jatkuvasti.<\/li>\n<li><strong>Tiivisteen vaihto:<\/strong> Ajan my\u00f6t\u00e4 tiivisteet voivat kulua ja ne on vaihdettava vuotojen est\u00e4miseksi ja paineen yll\u00e4pit\u00e4miseksi. Tarkista tiivisteiden kunto s\u00e4\u00e4nn\u00f6llisesti ja vaihda ne tarvittaessa.<\/li>\n<\/ul>\n<p>Oikea asennus, voitelu ja s\u00e4\u00e4t\u00f6 ovat ratkaisevan t\u00e4rkeit\u00e4 puomin sylinterin pitk\u00e4ik\u00e4isyydelle ja tehokkuudelle. Asennuksen aikana kohdista sylinteri tarkasti ja k\u00e4yt\u00e4 sopivia kiinnitystukia. Suositeltuja tarkastus-, korjaus- ja vaihtomenettelyj\u00e4 on noudatettava varmistaen, ett\u00e4 kaikki kuluneet tai vaurioituneet osat korjataan viipym\u00e4tt\u00e4. S\u00e4\u00e4nn\u00f6llinen huolto pident\u00e4\u00e4 hydraulisylinterin k\u00e4ytt\u00f6ik\u00e4\u00e4.<\/p>\n<p><img decoding=\"async\" src=\"https:\/\/www.hydraulic-cylinders.net\/wp-content\/uploads\/2025\/04\/songte-chushion-collar.webp\" alt=\"Asennuskuva\"><\/p>\n<h2>Turvallisuusn\u00e4k\u00f6kohdat ja ymp\u00e4rist\u00f6tekij\u00e4t<\/h2>\n<p>Puomisylintereit\u00e4 k\u00e4ytett\u00e4ess\u00e4 on t\u00e4rke\u00e4\u00e4 toteuttaa turvatoimenpiteit\u00e4. K\u00e4ytt\u00e4jien on noudatettava vakiintuneita turvallisuusprotokollia hydraulij\u00e4rjestelmiin liittyvien riskien minimoimiseksi. Kaikkien k\u00e4ytt\u00e4jien asianmukainen koulutus, s\u00e4\u00e4nn\u00f6lliset laitteiden tarkastukset ja kaikkien komponenttien oikean toiminnan varmistaminen edist\u00e4v\u00e4t turvallista ty\u00f6ymp\u00e4rist\u00f6\u00e4. Lis\u00e4ksi ymp\u00e4rist\u00f6tekij\u00e4t, kuten hydraulinesteiden ja -materiaalien asianmukainen h\u00e4vitt\u00e4minen, on otettava huomioon ymp\u00e4rist\u00f6vaikutusten minimoimiseksi.<\/p>\n<h2>Vianm\u00e4\u00e4ritys ja yleiset ongelmat<\/h2>\n<ul>\n<li><strong>Vuoto:<\/strong> Vuotoa voi esiinty\u00e4 kuluneiden tiivisteiden tai virheellisen asennuksen vuoksi. S\u00e4\u00e4nn\u00f6lliset tarkastukset voivat auttaa tunnistamaan mahdolliset ongelmat varhaisessa vaiheessa.<\/li>\n<li><strong>Hidas toiminta:<\/strong> Jos puomin sylinteri toimii hitaasti, se voi viitata alhaiseen hydrauliikka\u00f6ljyn tasoon tai hydrauliikkapumpun ongelmiin. Tarkista nestetasot ja tutki pumpun toiminta.<\/li>\n<li><strong>Melu:<\/strong> Ep\u00e4tavalliset \u00e4\u00e4net k\u00e4yt\u00f6n aikana ovat usein merkki ongelmista. Melu voi viitata v\u00e4h\u00e4iseen voiteluun tai mekaaniseen vikaan, joka vaatii v\u00e4lit\u00f6nt\u00e4 huomiota.<\/li>\n<\/ul>\n<h2>Ongelmanratkaisuvinkkej\u00e4<\/h2>\n<p>Puomisylintereiden ongelmien tehokkaaksi diagnosoimiseksi ja ratkaisemiseksi k\u00e4ytt\u00e4jien tulee noudattaa tiettyj\u00e4 vianetsint\u00e4ohjeita. Ensin on tarkastettava vuodot ja tarkistettava kaikki tiivisteet ja liit\u00e4nn\u00e4t. Seuraavaksi on varmistettava, ett\u00e4 hydraulinesteen m\u00e4\u00e4r\u00e4 on riitt\u00e4v\u00e4 ja ett\u00e4 hydraulipumppu toimii oikein. Ep\u00e4tavallisten \u00e4\u00e4nien sattuessa v\u00e4lit\u00f6n tarkastus on tarpeen, koska ne voivat viitata vakaviin mekaanisiin ongelmiin. S\u00e4\u00e4nn\u00f6lliset huoltotoimenpiteet, mukaan lukien oikea-aikainen voitelu ja tiivisteiden vaihto, voivat v\u00e4hent\u00e4\u00e4 merkitt\u00e4v\u00e4sti mahdollisten ongelmien todenn\u00e4k\u00f6isyytt\u00e4.<\/p>\n<p><img decoding=\"async\" src=\"https:\/\/www.hydraulic-cylinders.net\/wp-content\/uploads\/2025\/04\/songte-bushings-with-all-kinds-of-excavator-models.webp\" alt=\"Vianm\u00e4\u00e4rityskuva\"><\/p>\n<h2>Tietoa yrityksest\u00e4mme<\/h2>\n<p>Olemme johtava vaihtoehtoisten hydraulisylintereiden valmistaja, joka tarjoaa kattavan valikoiman tuotteita sek\u00e4 kotimaisille ett\u00e4 kansainv\u00e4lisille markkinoille. Sitoutumisemme huippuosaamiseen motivoi meit\u00e4 yll\u00e4pit\u00e4m\u00e4\u00e4n korkeita laatustandardeja, joita tukee hienostunut valmistuksenohjausstrategia. Hy\u00f6dynt\u00e4m\u00e4ll\u00e4 edistynytt\u00e4 teknologiaa, digitaalisia huippuluokan valmistuslaitteita ja ammattimaista testausj\u00e4rjestelm\u00e4\u00e4 parannamme jatkuvasti tuotantokapasiteettiamme. Vankka innovaatiokykymme varmistaa, ett\u00e4 vastaamme monipuolisiin asiakastarpeisiin tehokkaasti, tarkasti ja laadukkaasti.<\/p>\n<p>Keskitymme ammattitaitoon, kansainv\u00e4lisiin sertifiointeihin ja asiakkaan tarpeisiin r\u00e4\u00e4t\u00e4l\u00f6ityihin palveluihin. Huippuluokan tuotantolaitteistomme yhdistettyn\u00e4 erinomaiseen j\u00e4lkimarkkinointipalveluun takaavat asiakastyytyv\u00e4isyyden ja rakentavat pitk\u00e4aikaisia \u200b\u200bkumppanuuksia.<\/p>\n<p><img decoding=\"async\" src=\"https:\/\/www.hydraulic-cylinders.net\/wp-content\/uploads\/2025\/04\/songte-company-4.webp\" alt=\"Yrityksen imago\"><br \/>\n<img decoding=\"async\" src=\"https:\/\/www.hydraulic-cylinders.net\/wp-content\/uploads\/2025\/04\/songte-company-3.webp\" alt=\"Yrityksen laitteiden kuva\"><\/p>\n<p>Kirjoittaja: lyl<\/p>","protected":false},"excerpt":{"rendered":"<p>Boom Cylinder For Baoding SC240SD.8 Introduction to Boom Cylinder The Boom Cylinder, particularly designed for the Baoding SC240SD.8 model, is an essential component in hydraulic systems used in heavy machinery. This hydraulic cylinder plays a crucial role in controlling the movement of buckets in various equipment such as excavators, backhoe loaders, and front loaders. It [&hellip;]<\/p>","protected":false},"featured_media":17867,"comment_status":"open","ping_status":"closed","template":"","meta":{"_et_pb_use_builder":"","_et_pb_old_content":"","_et_gb_content_width":""},"product_brand":[],"product_cat":[1546],"product_tag":[1547,1496],"class_list":{"0":"post-19679","1":"product","2":"type-product","3":"status-publish","4":"has-post-thumbnail","6":"product_cat-boom-cylinders","7":"product_tag-boom-cylinders","8":"product_tag-hydraulic-cylinders","10":"first","11":"instock","12":"shipping-taxable","13":"product-type-simple"},"amp_enabled":true,"_links":{"self":[{"href":"https:\/\/www.hydraulic-cylinders.net\/fi\/wp-json\/wp\/v2\/product\/19679","targetHints":{"allow":["GET"]}}],"collection":[{"href":"https:\/\/www.hydraulic-cylinders.net\/fi\/wp-json\/wp\/v2\/product"}],"about":[{"href":"https:\/\/www.hydraulic-cylinders.net\/fi\/wp-json\/wp\/v2\/types\/product"}],"replies":[{"embeddable":true,"href":"https:\/\/www.hydraulic-cylinders.net\/fi\/wp-json\/wp\/v2\/comments?post=19679"}],"wp:featuredmedia":[{"embeddable":true,"href":"https:\/\/www.hydraulic-cylinders.net\/fi\/wp-json\/wp\/v2\/media\/17867"}],"wp:attachment":[{"href":"https:\/\/www.hydraulic-cylinders.net\/fi\/wp-json\/wp\/v2\/media?parent=19679"}],"wp:term":[{"taxonomy":"product_brand","embeddable":true,"href":"https:\/\/www.hydraulic-cylinders.net\/fi\/wp-json\/wp\/v2\/product_brand?post=19679"},{"taxonomy":"product_cat","embeddable":true,"href":"https:\/\/www.hydraulic-cylinders.net\/fi\/wp-json\/wp\/v2\/product_cat?post=19679"},{"taxonomy":"product_tag","embeddable":true,"href":"https:\/\/www.hydraulic-cylinders.net\/fi\/wp-json\/wp\/v2\/product_tag?post=19679"}],"curies":[{"name":"wp","href":"https:\/\/api.w.org\/{rel}","templated":true}]}}