{"id":19683,"date":"2025-04-07T07:01:32","date_gmt":"2025-04-07T07:01:32","guid":{"rendered":"https:\/\/www.hydraulic-cylinders.net\/product\/boom-cylinder-for-tiangong-zg3210-9\/"},"modified":"2025-04-07T07:01:34","modified_gmt":"2025-04-07T07:01:34","slug":"boom-cylinder-for-tiangong-zg3210-9","status":"publish","type":"product","link":"https:\/\/www.hydraulic-cylinders.net\/fi\/tuote\/boom-cylinder-for-tiangong-zg3210-9\/","title":{"rendered":"Puomin sylinteri Tiangong ZG3210-9:lle"},"content":{"rendered":"<h1>Puomin sylinteri Tiangong ZG3210-9:lle<\/h1>\n<h2>Puomisylinterien m\u00e4\u00e4ritelm\u00e4 ja yleiskatsaus<\/h2>\n<p>Puomisylinteri on t\u00e4rke\u00e4 hydraulinen komponentti, joka on erityisesti suunniteltu ohjaamaan kauhojen liikett\u00e4 erilaisissa raskaissa koneissa, kuten kaivinkoneissa, kaivurikuormaajissa ja etukuormaajissa. N\u00e4m\u00e4 hydrauliset sylinterit mahdollistavat kauhan nostamisen, laskemisen ja kallistuksen, mik\u00e4 helpottaa tehokasta materiaalink\u00e4sittely\u00e4. Puomisylinterin toiminta on elint\u00e4rke\u00e4\u00e4 rakennus-, kaivos- ja maatalouslaitteiden suorituskyvylle, sill\u00e4 tehokkaan toiminnan kannalta tarvitaan tarkkaa kauhan asennon hallintaa.<\/p>\n<p><img decoding=\"async\" src=\"https:\/\/www.hydraulic-cylinders.net\/wp-content\/uploads\/2025\/04\/songte-company-1.webp\" alt=\"Hydraulinen sylinteri\" \/><\/p>\n<h2>Puomin sylinterin ominaisuudet<\/h2>\n<ul>\n<li>\n<h3>Korkea lujuus ja kest\u00e4vyys<\/h3>\n<p>Tyypillisesti lujasta ter\u00e4ksest\u00e4 tai alumiinista valmistetut puomisylinterit on suunniteltu kest\u00e4m\u00e4\u00e4n korkeaa painetta ja raskaita kuormia. Ne on rakennettu kest\u00e4m\u00e4\u00e4n vaativia ty\u00f6ymp\u00e4rist\u00f6j\u00e4, ja niiden kulumiskest\u00e4vyys ja korroosionkest\u00e4vyys on otettu huomioon, mik\u00e4 pident\u00e4\u00e4 niiden k\u00e4ytt\u00f6ik\u00e4\u00e4 merkitt\u00e4v\u00e4sti.<\/p>\n<\/li>\n<li>\n<h3>Tehokas hydraulinen k\u00e4ytt\u00f6<\/h3>\n<p>Hydraulisen \u00f6ljynpaineen ansiosta n\u00e4m\u00e4 sylinterit reagoivat nopeasti k\u00e4ytt\u00e4j\u00e4n komentoihin ja tarjoavat tehokkaita ty\u00f6nt\u00f6- ja vetovoimia, jotka sopivat ihanteellisesti raskaiden materiaalien k\u00e4sittelyyn ja monimutkaisiin teht\u00e4viin.<\/p>\n<\/li>\n<li>\n<h3>Erilaiset tyypit<\/h3>\n<p>Puomisylinterit ovat saatavilla yksitoimisina (toimivat yhteen suuntaan) tai kaksitoimisina (toimivat molempiin suuntiin), ja niit\u00e4 voidaan r\u00e4\u00e4t\u00e4l\u00f6id\u00e4 erilaisiin k\u00e4ytt\u00f6tarpeisiin. Joissakin malleissa on teleskooppirakenne, joka mahdollistaa suuremman jatkeen ilman ulkomittojen kasvua, mik\u00e4 sopii sovelluksiin, joissa on rajoitetusti tilaa.<\/p>\n<\/li>\n<li>\n<h3>Mukautettu valmistus<\/h3>\n<p>Yrityksemme on erikoistunut puomisylintereiden valmistukseen ja tarjoaa t\u00e4ydellisi\u00e4 korvaajia olemassa oleville hydraulisylintereille. Varmistamme, ett\u00e4 tuotteemme t\u00e4ytt\u00e4v\u00e4t korkeat laatu- ja suorituskykystandardit.<\/p>\n<\/li>\n<\/ul>\n<p><img decoding=\"async\" src=\"https:\/\/www.hydraulic-cylinders.net\/wp-content\/uploads\/2025\/04\/songte-cylinder-head-with-all-kinds-excavator-models.webp\" alt=\"Kaivinkonemallit\" \/><\/p>\n<h2>Puomisylinterin sovellukset<\/h2>\n<ul>\n<li>\n<h3>Rakennuslaitteet<\/h3>\n<p>Kaivinkoneissa puomin sylinterit ovat v\u00e4ltt\u00e4m\u00e4tt\u00f6mi\u00e4 kaivamiseen, lastaamiseen ja maan tai roskien siirt\u00e4miseen. Ne tarjoavat tarvittavan voiman kauhalle, jotta se voi tunkeutua erilaisiin materiaaleihin, mik\u00e4 parantaa kaivut\u00f6iden tehokkuutta. Kaivurikuormaajissa n\u00e4m\u00e4 sylinterit eiv\u00e4t ainoastaan \u200b\u200bauta kaivamisessa, vaan my\u00f6s helpottavat nostotoimintoja, mik\u00e4 tekee niist\u00e4 monipuolisia ty\u00f6kaluja rakennusty\u00f6mailla.<\/p>\n<\/li>\n<li>\n<h3>Maatalouskoneet<\/h3>\n<p>Etukuormaajissa puomisylintereill\u00e4 on t\u00e4rke\u00e4 rooli maaper\u00e4n, hein\u00e4n ja muiden materiaalien kaivamisessa, nostamisessa ja kuljettamisessa. Ne antavat viljelij\u00f6ille mahdollisuuden hallita resurssejaan tehokkaasti, mik\u00e4 tekee teht\u00e4vist\u00e4, kuten lastaamisesta ja purkamisesta, helpommin hallittavia ja v\u00e4hemm\u00e4n ty\u00f6voimavaltaisia.<\/p>\n<\/li>\n<li>\n<h3>Kaivinkoneet<\/h3>\n<p>Puomin sylinteri mahdollistaa kaivinkoneiden kaivutoiminnon, jolloin kauha tunkeutuu tehokkaasti maaper\u00e4\u00e4n. T\u00e4m\u00e4 ominaisuus on ratkaisevan t\u00e4rke\u00e4 syvyyden saavuttamiseksi ja maan tai muiden materiaalien poistamiseksi rakennusty\u00f6mailta.<\/p>\n<\/li>\n<li>\n<h3>Kuormaajat<\/h3>\n<p>Etukuormaajissa puomin sylinterit auttavat kuormien tehokkaassa nostamisessa ja purkamisessa. Niiden rooli on ratkaisevan t\u00e4rke\u00e4 lastaus- ja purkuprosessien sujuvan toiminnan varmistamisessa, jotka ovat olennaisia \u200b\u200bmateriaalink\u00e4sittelyss\u00e4 eri teollisuudenaloilla.<\/p>\n<\/li>\n<\/ul>\n<h2>Suunnittelun\u00e4k\u00f6kohdat ja valintakriteerit<\/h2>\n<ul>\n<li>\n<h3>Kantavuus<\/h3>\n<p>Yksi t\u00e4rkeimmist\u00e4 huomioista puomisylinterin suunnittelussa on sen kuormituskapasiteetti. T\u00e4m\u00e4 tekij\u00e4 m\u00e4\u00e4ritt\u00e4\u00e4, kuinka paljon painoa sylinteri kest\u00e4\u00e4 turvallisesti ja tehokkaasti. Valmistajien on varmistettava, ett\u00e4 k\u00e4ytetyt materiaalit ja itse rakenne kest\u00e4v\u00e4t odotetut kuormitukset k\u00e4yt\u00f6n aikana. N\u00e4iden vaatimusten t\u00e4ytt\u00e4m\u00e4tt\u00e4 j\u00e4tt\u00e4minen voi johtaa katastrofaalisiin vikoihin, vaarantaa turvallisuuden ja v\u00e4hent\u00e4\u00e4 laitteiden tehokkuutta.<\/p>\n<\/li>\n<li>\n<h3>Tiivistys ja luotettavuus<\/h3>\n<p>Tehokas tiivistys on ratkaisevan t\u00e4rke\u00e4\u00e4 hydraulinesteen vuotojen est\u00e4miseksi ja toiminnan edellytt\u00e4m\u00e4n paineen yll\u00e4pit\u00e4miseksi. Laadukkaat tiivisteet, kuten kest\u00e4vist\u00e4 materiaaleista, kuten polyuretaanista ja nitriilikumista, valmistetut m\u00e4nn\u00e4ntiivisteet ja varren tiivisteet, ovat v\u00e4ltt\u00e4m\u00e4tt\u00f6mi\u00e4 luotettavuuden ja pitk\u00e4ik\u00e4isyyden varmistamiseksi. Hyvin suljettu sylinteri minimoi kontaminaatioriskin ja pident\u00e4\u00e4 sen k\u00e4ytt\u00f6ik\u00e4\u00e4.<\/p>\n<\/li>\n<li>\n<h3>Kest\u00e4vyys<\/h3>\n<p>Kest\u00e4vyys on ensiarvoisen t\u00e4rke\u00e4\u00e4 vaativissa ty\u00f6ymp\u00e4rist\u00f6iss\u00e4. Puomisylinterien on kestett\u00e4v\u00e4 kulumista ja korroosiota, jotka voivat vaikuttaa merkitt\u00e4v\u00e4sti niiden suorituskykyyn ajan my\u00f6t\u00e4. Valmistajat k\u00e4ytt\u00e4v\u00e4t usein edistyneit\u00e4 materiaaleja ja pinnoitteita parantaakseen kest\u00e4vyytt\u00e4 hankaavia materiaaleja ja ymp\u00e4rist\u00f6tekij\u00f6it\u00e4 vastaan \u200b\u200bvarmistaen, ett\u00e4 sylinteri voi toimia tehokkaasti pitki\u00e4 aikoja.<\/p>\n<\/li>\n<li>\n<h3>Turvaominaisuudet<\/h3>\n<p>Turvallisuus on ratkaisevan t\u00e4rke\u00e4 suunnittelun\u00e4k\u00f6kohta. Puomisylintereiss\u00e4 tulisi olla turvamekanismit, jotka est\u00e4v\u00e4t yliojentumisen tai romahtamisen, mik\u00e4 voi johtaa onnettomuuksiin. Ominaisuudet, kuten paineenalennusventtiilit ja turvalukot, voivat parantaa k\u00e4ytt\u00f6turvallisuutta suojaamalla sek\u00e4 laitteita ett\u00e4 k\u00e4ytt\u00e4j\u00e4\u00e4.<\/p>\n<\/li>\n<li>\n<h3>Huolto ja korjattavuus<\/h3>\n<p>Huollon helppous suunnittelussa on olennaista pitk\u00e4ik\u00e4isyyden varmistamiseksi ja seisokkiaikojen minimoimiseksi. Puomisylintereiden tulisi olla helposti saatavilla tarkastuksia ja korjauksia varten. Komponenttien, kuten tiivisteiden ja laakereiden, tulisi olla vaihdettavissa ilman laajaa purkamista, mik\u00e4 mahdollistaa nopean huollon ja v\u00e4hent\u00e4\u00e4 k\u00e4ytt\u00f6h\u00e4iri\u00f6it\u00e4.<\/p>\n<\/li>\n<\/ul>\n<p><img decoding=\"async\" src=\"https:\/\/www.hydraulic-cylinders.net\/wp-content\/uploads\/2025\/04\/songte-oil-pipes-and-spare-parts.webp\" alt=\"\u00d6ljyputket ja varaosat\" \/><\/p>\n<h2>Puomisylinterien tiivistys ja voitelu<\/h2>\n<p>Puomisylinterien pitk\u00e4ik\u00e4isyys ja suorituskyky riippuvat merkitt\u00e4v\u00e4sti asianmukaisesta tiivistyksest\u00e4 ja voitelusta. Erilaiset tiivistekomponentit, kuten m\u00e4nn\u00e4ntiivisteet ja varren tiivisteet, ovat olennaisia \u200b\u200btehokkaan toiminnan yll\u00e4pit\u00e4misess\u00e4. Kulutusta kest\u00e4vist\u00e4 materiaaleista, kuten polyuretaanista ja nitriilikumista, valmistetut tiivisteet ovat kest\u00e4vi\u00e4 ja kest\u00e4v\u00e4t tehokkaasti hydraulipaineita.<\/p>\n<p>Lis\u00e4ksi sylinterin runko ja kierteitetyt p\u00e4\u00e4typinnat koneistetaan tarkasti kulutuskest\u00e4vyyden parantamiseksi ja tiiviin tiivistyksen varmistamiseksi. S\u00e4\u00e4nn\u00f6llinen voitelu hydrauliikka\u00f6ljyll\u00e4 on v\u00e4ltt\u00e4m\u00e4t\u00f6nt\u00e4 kitkan ja kulumisen minimoimiseksi ja sujuvan toiminnan varmistamiseksi. S\u00e4\u00e4nn\u00f6lliset \u00f6ljyn tarkastukset ja huolto parantavat hydrauliikkaj\u00e4rjestelmien luotettavuutta ja suorituskyky\u00e4 est\u00e4en kalliita vikoja ja korjauksia.<\/p>\n<h2>Huoltotoimenpiteet<\/h2>\n<ul>\n<li>\n<h3>S\u00e4\u00e4nn\u00f6lliset tarkastukset<\/h3>\n<p>S\u00e4\u00e4nn\u00f6llisten tarkastusten suorittaminen on ratkaisevan t\u00e4rke\u00e4\u00e4 mahdollisten ongelmien tunnistamiseksi ja korjaamiseksi ennen kuin ne pahenevat. Tarkista kulumisen, vuotojen tai vaurioiden merkit ja varmista, ett\u00e4 kaikki komponentit toimivat oikein. S\u00e4\u00e4nn\u00f6lliset tarkastukset voivat auttaa yll\u00e4pit\u00e4m\u00e4\u00e4n optimaalista suorituskyky\u00e4 ja pident\u00e4m\u00e4\u00e4n puomin sylinterin k\u00e4ytt\u00f6ik\u00e4\u00e4.<\/p>\n<\/li>\n<li>\n<h3>Oikea voitelu<\/h3>\n<p>Puomin sylinterin voitelu on v\u00e4ltt\u00e4m\u00e4t\u00f6nt\u00e4 kitkan ja kulumisen minimoimiseksi. K\u00e4yt\u00e4 sopivaa hydrauliikka\u00f6ljy\u00e4 ja noudata valmistajan suosituksia voiteluv\u00e4leist\u00e4. Oikea voitelu varmistaa sylinterin sujuvan toiminnan ja auttaa est\u00e4m\u00e4\u00e4n ylikuumenemisen ja ennenaikaisen vikaantumisen.<\/p>\n<\/li>\n<li>\n<h3>Tiivisteen vaihto<\/h3>\n<p>Ajan my\u00f6t\u00e4 tiivisteet voivat kulua ja menett\u00e4\u00e4 tehoaan. Tarkista tiivisteet s\u00e4\u00e4nn\u00f6llisesti vaurioiden tai heikkenemisen varalta ja vaihda ne tarvittaessa. Tiivisteiden hyv\u00e4kunto auttaa yll\u00e4pit\u00e4m\u00e4\u00e4n hydraulipainetta ja est\u00e4\u00e4 nestevuotoja, jotka voivat heikent\u00e4\u00e4 suorituskyky\u00e4.<\/p>\n<\/li>\n<\/ul>\n<p><img decoding=\"async\" src=\"https:\/\/www.hydraulic-cylinders.net\/wp-content\/uploads\/2025\/04\/songte-chushion-collar.webp\" alt=\"Tyynykaulus\" \/><\/p>\n<h2>Turvallisuusn\u00e4k\u00f6kohdat ja ymp\u00e4rist\u00f6tekij\u00e4t<\/h2>\n<p>Puomisylintereit\u00e4 k\u00e4ytett\u00e4ess\u00e4 turvatoimenpiteet ovat ensiarvoisen t\u00e4rkeit\u00e4. K\u00e4ytt\u00e4j\u00e4t tulee kouluttaa ymm\u00e4rt\u00e4m\u00e4\u00e4n hydraulij\u00e4rjestelmiin liittyv\u00e4t riskit, mukaan lukien paineeseen liittyv\u00e4t onnettomuudet tai laiteviat. Asianmukaisia \u200b\u200bturvavarusteita on k\u00e4ytett\u00e4v\u00e4 aina ja turvallisuusprotokollia on noudatettava onnettomuuksien est\u00e4miseksi. Lis\u00e4ksi ymp\u00e4rist\u00f6tekij\u00e4t, kuten l\u00e4mp\u00f6tilan vaihtelut ja altistuminen sy\u00f6vytt\u00e4ville aineille, voivat vaikuttaa hydraulisylinterien suorituskykyyn ja pitk\u00e4ik\u00e4isyyteen. S\u00e4\u00e4nn\u00f6llinen huolto ja tarkastukset voivat lievent\u00e4\u00e4 n\u00e4it\u00e4 riskej\u00e4 ja varmistaa turvallisen k\u00e4yt\u00f6n.<\/p>\n<h2>Vianm\u00e4\u00e4ritys ja yleiset ongelmat<\/h2>\n<ul>\n<li>\n<h3>Nestevuodot<\/h3>\n<p>Nestevuodot ovat yleinen ongelma, joka voi viitata tiivisteiden vikaantumiseen tai vaurioituneisiin komponentteihin. Tarkasta sylinteri n\u00e4kyvien vuotojen varalta ja arvioi tiivisteiden kunto sen m\u00e4\u00e4ritt\u00e4miseksi, onko ne tarpeen vaihtaa. Vuotojen nopea huomioiminen on ratkaisevan t\u00e4rke\u00e4\u00e4 hydraulisen paineen yll\u00e4pit\u00e4miseksi ja lis\u00e4vaurioiden est\u00e4miseksi.<\/p>\n<\/li>\n<li>\n<h3>Ep\u00e4johdonmukainen liike<\/h3>\n<p>Jos puomin sylinteri liikkuu ep\u00e4tasaisesti tai toimii hitaasti, se voi olla merkki alhaisesta hydraulinestetasosta tai j\u00e4rjestelm\u00e4\u00e4n j\u00e4\u00e4neest\u00e4 ilmasta. Tarkista nestetasot ja ilmaa j\u00e4rjestelm\u00e4 tarvittaessa. Oikean hydraulinestetason varmistaminen voi palauttaa toiminnallisuuden ja suorituskyvyn.<\/p>\n<\/li>\n<li>\n<h3>Ylikuumeneminen<\/h3>\n<p>Ylikuumeneminen voi johtua riitt\u00e4m\u00e4tt\u00f6m\u00e4st\u00e4 voitelusta tai liiallisesta kuormituksesta. Varmista, ett\u00e4 sylinteri on voideltu oikein ja arvioi k\u00e4ytt\u00f6kuormitukset ylikuumenemisen est\u00e4miseksi. Ty\u00f6olosuhteiden s\u00e4\u00e4t\u00e4minen tai j\u00e4\u00e4hdytystoimenpiteiden toteuttaminen voi olla tarpeen vaurioiden v\u00e4ltt\u00e4miseksi.<\/p>\n<\/li>\n<\/ul>\n<p><img decoding=\"async\" src=\"https:\/\/www.hydraulic-cylinders.net\/wp-content\/uploads\/2025\/04\/songte-bushings-with-all-kinds-of-excavator-models.webp\" alt=\"Holkit\" \/><\/p>\n<h2>Johtop\u00e4\u00e4t\u00f6s<\/h2>\n<p>Yhteenvetona voidaan todeta, ett\u00e4 puomisylinterien monimutkaisuuden ymm\u00e4rt\u00e4minen on olennaista niiden suorituskyvyn ja pitk\u00e4ik\u00e4isyyden optimoimiseksi. S\u00e4\u00e4nn\u00f6llinen huolto, asianmukainen asennus ja turvallisuusprotokollien noudattaminen ovat olennaisia \u200b\u200btekij\u00f6it\u00e4 n\u00e4iden hydraulij\u00e4rjestelmien tehokkaassa k\u00e4yt\u00f6ss\u00e4.<\/p>\n<h2>Tietoa yrityksest\u00e4mme<\/h2>\n<p>Olemme johtava hydraulisten sylinterien vaihto-osien valmistaja, joka tarjoaa kattavan valikoiman tuotteita kotimaisten ja kansainv\u00e4listen markkinoiden tarpeisiin. Sitoutumisemme huippuosaamiseen kannustaa meit\u00e4 noudattamaan hienostuneita valmistusk\u00e4yt\u00e4nt\u00f6j\u00e4 hy\u00f6dynt\u00e4en edistynytt\u00e4 teknologiaa ja laitteita. Keskittyen laatuun parannamme jatkuvasti tuotantoprosessejamme vastataksemme monipuolisiin asiakastarpeisiin.<\/p>\n<p>Vahvuuksiamme ovat erikoistuminen, kansainv\u00e4linen sertifiointi, r\u00e4\u00e4t\u00e4l\u00f6it\u00e4v\u00e4t palvelut, huippuluokan valmistuslaitteet ja poikkeuksellinen j\u00e4lkimarkkinointituki. Pyrimme tarjoamaan tehokkaita, tarkkoja ja korkealaatuisia ratkaisuja, jotka on r\u00e4\u00e4t\u00e4l\u00f6ity asiakkaidemme ainutlaatuisten vaatimusten mukaisesti.<\/p>\n<p><img decoding=\"async\" src=\"https:\/\/www.hydraulic-cylinders.net\/wp-content\/uploads\/2025\/04\/songte-company-4.webp\" alt=\"Yrityksen yleiskatsaus\" \/><br \/>\n<img decoding=\"async\" src=\"https:\/\/www.hydraulic-cylinders.net\/wp-content\/uploads\/2025\/04\/songte-company-3.webp\" alt=\"Yritysvalmistus\" \/><\/p>\n<p>Kirjoittaja: lyl<\/p>","protected":false},"excerpt":{"rendered":"<p>Boom Cylinder For Tiangong ZG3210-9 Definition and Overview of Boom Cylinders The boom cylinder is a crucial hydraulic component specifically designed to control the movement of buckets in various heavy machinery, such as excavators, backhoe loaders, and front loaders. These hydraulic cylinders enable the bucket to lift, lower, and tilt, facilitating efficient material handling tasks. [&hellip;]<\/p>","protected":false},"featured_media":17871,"comment_status":"open","ping_status":"closed","template":"","meta":{"_et_pb_use_builder":"","_et_pb_old_content":"","_et_gb_content_width":""},"product_brand":[],"product_cat":[1546],"product_tag":[1547,1496],"class_list":{"0":"post-19683","1":"product","2":"type-product","3":"status-publish","4":"has-post-thumbnail","6":"product_cat-boom-cylinders","7":"product_tag-boom-cylinders","8":"product_tag-hydraulic-cylinders","10":"first","11":"instock","12":"shipping-taxable","13":"product-type-simple"},"amp_enabled":true,"_links":{"self":[{"href":"https:\/\/www.hydraulic-cylinders.net\/fi\/wp-json\/wp\/v2\/product\/19683","targetHints":{"allow":["GET"]}}],"collection":[{"href":"https:\/\/www.hydraulic-cylinders.net\/fi\/wp-json\/wp\/v2\/product"}],"about":[{"href":"https:\/\/www.hydraulic-cylinders.net\/fi\/wp-json\/wp\/v2\/types\/product"}],"replies":[{"embeddable":true,"href":"https:\/\/www.hydraulic-cylinders.net\/fi\/wp-json\/wp\/v2\/comments?post=19683"}],"wp:featuredmedia":[{"embeddable":true,"href":"https:\/\/www.hydraulic-cylinders.net\/fi\/wp-json\/wp\/v2\/media\/17871"}],"wp:attachment":[{"href":"https:\/\/www.hydraulic-cylinders.net\/fi\/wp-json\/wp\/v2\/media?parent=19683"}],"wp:term":[{"taxonomy":"product_brand","embeddable":true,"href":"https:\/\/www.hydraulic-cylinders.net\/fi\/wp-json\/wp\/v2\/product_brand?post=19683"},{"taxonomy":"product_cat","embeddable":true,"href":"https:\/\/www.hydraulic-cylinders.net\/fi\/wp-json\/wp\/v2\/product_cat?post=19683"},{"taxonomy":"product_tag","embeddable":true,"href":"https:\/\/www.hydraulic-cylinders.net\/fi\/wp-json\/wp\/v2\/product_tag?post=19683"}],"curies":[{"name":"wp","href":"https:\/\/api.w.org\/{rel}","templated":true}]}}