{"id":19685,"date":"2025-04-07T07:01:37","date_gmt":"2025-04-07T07:01:37","guid":{"rendered":"https:\/\/www.hydraulic-cylinders.net\/product\/boom-cylinder-for-tiangong-zg3235-9\/"},"modified":"2025-04-07T07:01:40","modified_gmt":"2025-04-07T07:01:40","slug":"boom-cylinder-for-tiangong-zg3235-9","status":"publish","type":"product","link":"https:\/\/www.hydraulic-cylinders.net\/fi\/tuote\/boom-cylinder-for-tiangong-zg3235-9\/","title":{"rendered":"Puomin sylinteri Tiangong ZG3235-9:lle"},"content":{"rendered":"<h1>Puomin sylinteri Tiangong ZG3235-9:lle<\/h1>\n<h2>Tuotteen yleiskatsaus<\/h2>\n<p>Tiangong ZG3235-9:n puomin sylinteri on olennainen osa raskaissa koneissa k\u00e4ytett\u00e4vi\u00e4 hydraulij\u00e4rjestelmi\u00e4. T\u00e4ll\u00e4 hydraulisylinterill\u00e4 on ratkaiseva rooli kauhan liikkeen ohjaamisessa erilaisissa sovelluksissa, kuten kaivinkoneissa, kaivurikuormaajissa ja etukuormaajissa. Se mahdollistaa kauhan nostamisen, laskemisen ja kallistumisen, mik\u00e4 helpottaa tehokasta materiaalink\u00e4sittely\u00e4 rakennus- ja maatalousymp\u00e4rist\u00f6iss\u00e4.<\/p>\n<p><img decoding=\"async\" src=\"https:\/\/www.hydraulic-cylinders.net\/wp-content\/uploads\/2025\/04\/songte-company-1.webp\" alt=\"Hydraulinen sylinteri\" \/><\/p>\n<h3>Puomin sylinterin toiminta ja merkitys<\/h3>\n<p>Kauhasylinteri, jota usein kutsutaan puomisylinteriksi, on suunniteltu erityisesti kauhan liikkeiden hallintaan. Hydraulisessa j\u00e4rjestelm\u00e4ss\u00e4 se k\u00e4ytt\u00e4\u00e4 paineistettua nestett\u00e4 voiman kohdistamiseen, jolloin kuljettajat voivat hallita kauhan asentoa tarkasti. T\u00e4m\u00e4 on elint\u00e4rke\u00e4\u00e4 erilaisissa raskaiden koneiden k\u00e4ytt\u00f6teht\u00e4viss\u00e4, joissa tehokkuus ja tarkkuus ovat ensiarvoisen t\u00e4rkeit\u00e4. Puomisylinterin kyky k\u00e4sitell\u00e4 merkitt\u00e4vi\u00e4 kuormia tekee siit\u00e4 v\u00e4ltt\u00e4m\u00e4tt\u00f6m\u00e4n rakennus-, kaivos- ja maatalousteht\u00e4viss\u00e4.<\/p>\n<h2>Puomin sylinterin ominaisuudet<\/h2>\n<ul>\n<li><strong>Korkea lujuus ja kest\u00e4vyys:<\/strong> T\u00e4m\u00e4 eritt\u00e4in lujasta ter\u00e4ksest\u00e4 tai alumiinista valmistettu sylinteri kest\u00e4\u00e4 korkeaa painetta ja raskaita kuormia, joten se sopii vaativiin ty\u00f6ymp\u00e4rist\u00f6ihin.<\/li>\n<li><strong>Tehokas hydraulinen k\u00e4ytt\u00f6:<\/strong> Se hy\u00f6dynt\u00e4\u00e4 hydraulinestett\u00e4 sujuvaan pidennykseen ja sis\u00e4\u00e4nvetoon, mik\u00e4 mahdollistaa nopeat vasteet k\u00e4ytt\u00f6komentoihin.<\/li>\n<li><strong>Erilaisia \u200b\u200btyyppej\u00e4:<\/strong> Saatavilla yksi- ja kaksitoimisina malleina, jotka sopivat erilaisiin k\u00e4ytt\u00f6tarpeisiin. Jotkut mallit ovat teleskooppisia, mik\u00e4 mahdollistaa suuremman jatkeen ilman ulkomittojen kasvua.<\/li>\n<li><strong>Korroosionkest\u00e4vyys:<\/strong> Suunniteltu kulumista ja korroosiota kest\u00e4vist\u00e4 materiaaleista, mik\u00e4 pident\u00e4\u00e4 sylinterin k\u00e4ytt\u00f6ik\u00e4\u00e4 vaativissa olosuhteissa.<\/li>\n<li><strong>Mukautettavat vaihtoehdot:<\/strong> Sylinterimme voidaan r\u00e4\u00e4t\u00e4l\u00f6id\u00e4 vastaamaan erityisvaatimuksia, mik\u00e4 varmistaa yhteensopivuuden erilaisten koneiden kanssa.<\/li>\n<\/ul>\n<p><img decoding=\"async\" src=\"https:\/\/www.hydraulic-cylinders.net\/wp-content\/uploads\/2025\/04\/songte-cylinder-head-with-all-kinds-excavator-models.webp\" alt=\"Kaivinkonemallit\" \/><\/p>\n<h2>Puomisylinterin sovellukset<\/h2>\n<h3>Rakennuslaitteet<\/h3>\n<p>Rakennusalalla kaivinkoneissa k\u00e4ytet\u00e4\u00e4n puomisylintereit\u00e4, jotka ovat v\u00e4ltt\u00e4m\u00e4tt\u00f6mi\u00e4 maan tai roskien kaivamiseen, lastaamiseen ja siirt\u00e4miseen. Ne helpottavat tehokasta toimintaa ja mahdollistavat tarkat liikkeet, jotka ovat ratkaisevan t\u00e4rkeit\u00e4 projektin aikataulun ja turvallisuuden kannalta.<\/p>\n<h3>Maatalouskoneet<\/h3>\n<p>Etukuormaajat k\u00e4ytt\u00e4v\u00e4t puomisylintereit\u00e4 maan, hein\u00e4n ja muiden materiaalien kauhaamiseen, nostamiseen ja kuljettamiseen. Niiden kyky suorittaa erilaisia \u200b\u200bteht\u00e4vi\u00e4 tekee niist\u00e4 korvaamattomia maataloust\u00f6iss\u00e4, parantaen tuottavuutta ja tehokkuutta.<\/p>\n<h3>Kaivinkoneet<\/h3>\n<p>Kaivinkoneissa kauhan sylinterit mahdollistavat kauhan tehokkaan tunkeutumisen maaper\u00e4\u00e4n kaivut\u00f6it\u00e4 varten. T\u00e4m\u00e4 ominaisuus parantaa kaivuty\u00f6n tehokkuutta ja toiminnan suorituskyky\u00e4.<\/p>\n<h3>Kuormaajat<\/h3>\n<p>Etukuormaajissa puomisylinterit auttavat materiaalien tehokkaassa nostamisessa ja tyhjent\u00e4misess\u00e4. Niiden rakenne varmistaa, ett\u00e4 kuormaaja voi suorittaa useita teht\u00e4vi\u00e4 saumattomasti, mik\u00e4 parantaa k\u00e4ytt\u00f6ominaisuuksia.<\/p>\n<h2>Suunnittelun\u00e4k\u00f6kohdat ja valintakriteerit<\/h2>\n<h3>Kantavuus<\/h3>\n<p>Puomisylinteri\u00e4 valittaessa on t\u00e4rke\u00e4\u00e4 ottaa huomioon sen kuormituskapasiteetti. Sylinterin on kyett\u00e4v\u00e4 k\u00e4sittelem\u00e4\u00e4n k\u00e4yt\u00f6ss\u00e4 kohtaamansa paino ja voimat. T\u00e4m\u00e4 edellytt\u00e4\u00e4 enimm\u00e4iskuormitusvaatimusten arviointia ja sen varmistamista, ett\u00e4 sylinterin tekniset tiedot vastaavat n\u00e4it\u00e4 vaatimuksia. Sylinterimme on suunniteltu tarjoamaan vankkaa suorituskyky\u00e4 raskaiden kuormien alla, mik\u00e4 varmistaa turvallisuuden ja luotettavuuden.<\/p>\n<h3>Tiivisteen eheys<\/h3>\n<p>Tiivisteiden eheys on elint\u00e4rke\u00e4\u00e4 hydraulisten toimintojen tehokkuuden yll\u00e4pit\u00e4miseksi. Valittujen tiivisteiden on kestett\u00e4v\u00e4 korkeita paineita ja estett\u00e4v\u00e4 nestevuodot. Tuotteissamme k\u00e4ytet\u00e4\u00e4n edistyneit\u00e4 tiivistystekniikoita, kuten polyuretaani- ja nitriilikumimateriaaleja, jotka tarjoavat erinomaisen kulutuskest\u00e4vyyden ja pitk\u00e4n k\u00e4ytt\u00f6i\u00e4n. Oikeiden tiivisteiden k\u00e4yt\u00f6n varmistaminen auttaa yll\u00e4pit\u00e4m\u00e4\u00e4n optimaalista suorituskyky\u00e4 ja v\u00e4hent\u00e4\u00e4 komponenttien vikaantumisriski\u00e4.<\/p>\n<h3>Kest\u00e4vyys<\/h3>\n<p>Kest\u00e4vyys on keskeinen kriteeri hydraulisylinteri\u00e4 valittaessa. Altistuminen vaativille olosuhteille ja jatkuva k\u00e4ytt\u00f6 voivat johtaa kulumiseen. Puomisylinterimme on valmistettu materiaaleista, jotka on suunniteltu kest\u00e4m\u00e4\u00e4n korroosiota ja mekaanista rasitusta. T\u00e4m\u00e4 kest\u00e4vyys varmistaa sylintereidemme pitk\u00e4n k\u00e4ytt\u00f6i\u00e4n, mik\u00e4 minimoi seisokkiajat ja yll\u00e4pitokustannukset.<\/p>\n<h3>Turvaominaisuudet<\/h3>\n<p>Turvallisuus on hydraulij\u00e4rjestelmiss\u00e4 ensiarvoisen t\u00e4rke\u00e4\u00e4. Valitsemalla puomisylinterin, jossa on integroidut turvaominaisuudet, kuten paineenalennusventtiilit ja kest\u00e4v\u00e4 rakenne, voidaan v\u00e4hent\u00e4\u00e4 hydraulisiin vikoihin liittyvi\u00e4 riskej\u00e4. Tuotteemme on suunniteltu turvallisuus etusijalla, ja niihin on lis\u00e4tty ominaisuuksia, jotka parantavat k\u00e4ytt\u00e4j\u00e4n suojaa ja laitteiden luotettavuutta.<\/p>\n<h3>Huolto Esteett\u00f6myys<\/h3>\n<p>Helppohuolto on toinen ratkaiseva tekij\u00e4 hydraulisylintereiden valinnassa. Hyvin suunniteltu sylinteri mahdollistaa suoraviivaiset tarkastukset, korjaukset ja osien vaihdot. Puomisylinterimme on suunniteltu siten, ett\u00e4 komponentteihin on helppo p\u00e4\u00e4st\u00e4 k\u00e4siksi, mik\u00e4 helpottaa s\u00e4\u00e4nn\u00f6llist\u00e4 huoltoa ja varmistaa optimaalisen toiminnan tehokkuuden. S\u00e4\u00e4nn\u00f6lliset huoltotarkastukset voivat pident\u00e4\u00e4 hydraulilaitteiden k\u00e4ytt\u00f6ik\u00e4\u00e4 merkitt\u00e4v\u00e4sti.<\/p>\n<p><img decoding=\"async\" src=\"https:\/\/www.hydraulic-cylinders.net\/wp-content\/uploads\/2025\/04\/songte-oil-pipes-and-spare-parts.webp\" alt=\"\u00d6ljyputket ja varaosat\" \/><\/p>\n<h2>Tiivistys ja voitelu<\/h2>\n<p>Tehokas tiivistys ja voitelu ovat elint\u00e4rkeit\u00e4 hydraulisylinterien pitk\u00e4ik\u00e4isyyden ja suorituskyvyn kannalta. Erilaiset tiivistekomponentit, kuten m\u00e4nn\u00e4ntiivisteet ja varren tiivisteet, ovat ratkaisevassa roolissa nestevuotojen est\u00e4misess\u00e4 ja paineen yll\u00e4pit\u00e4misess\u00e4. Kest\u00e4vist\u00e4 materiaaleista, kuten polyuretaanista ja nitriilikumista, valmistettujen tiivisteiden valinta parantaa kulumiskest\u00e4vyytt\u00e4 ja ymp\u00e4rist\u00f6tekij\u00f6iden kest\u00e4vyytt\u00e4. Sylinterin rungon ja kierteitettyjen p\u00e4iden asianmukainen pintak\u00e4sittely parantaa kulutuskest\u00e4vyytt\u00e4 varmistaen, ett\u00e4 sylinteri toimii sujuvasti koko k\u00e4ytt\u00f6ik\u00e4ns\u00e4 ajan. Hydrauli\u00f6ljyn s\u00e4\u00e4nn\u00f6llinen tarkistaminen ja t\u00e4ytt\u00f6 on my\u00f6s t\u00e4rke\u00e4\u00e4 voitelun kannalta, sill\u00e4 se est\u00e4\u00e4 kitkaa, joka voi johtaa ennenaikaiseen kulumiseen.<\/p>\n<h2>S\u00e4\u00e4nn\u00f6llinen huolto ja ennaltaehk\u00e4isev\u00e4t toimenpiteet<\/h2>\n<ul>\n<li><strong>Aikataulun mukaiset tarkastukset:<\/strong> Tee s\u00e4\u00e4nn\u00f6llisi\u00e4 tarkastuksia kulumisen tai vaurioiden merkkien tunnistamiseksi. Varhainen havaitseminen voi est\u00e4\u00e4 kalliita korjauksia ja seisokkeja.<\/li>\n<li><strong>Voitelu:<\/strong> Varmista, ett\u00e4 sylinteri on riitt\u00e4v\u00e4sti voideltu. K\u00e4yt\u00e4 sopivaa hydrauliikka\u00f6ljy\u00e4 ja noudata valmistajan huolto-ohjeita.<\/li>\n<li><strong>Tiivisteen vaihto:<\/strong> Tarkkaile tiivisteiden kuntoa ja vaihda ne tarvittaessa. Kuluneet tiivisteet voivat johtaa vuotoihin ja hydraulisen paineen menetykseen.<\/li>\n<\/ul>\n<h2>Asennusohjeet<\/h2>\n<p>Puomisylinterin oikea asennus on ratkaisevan t\u00e4rke\u00e4\u00e4 optimaalisen suorituskyvyn saavuttamiseksi. Aloita valmistelemalla asennuspaikka ja varmista, ett\u00e4 alue on puhdas ja roskaton. Kohdista sylinteri oikein koneen kiinnityspisteisiin k\u00e4ytt\u00e4m\u00e4ll\u00e4 sopivia kiinnitystelineit\u00e4. Varmista, ett\u00e4 kaikki pultit on kiristetty valmistajan ohjeiden mukaisesti, jotta estet\u00e4\u00e4n liikkuminen k\u00e4yt\u00f6n aikana. Asennuksen j\u00e4lkeen tarkista oikea kohdistus ja toimivuus testaamalla hydrauliikkaj\u00e4rjestelm\u00e4\u00e4 alhaisella paineella ennen t\u00e4ytt\u00e4 k\u00e4ytt\u00f6\u00e4. T\u00e4m\u00e4 varmistaa, ett\u00e4 kaikki komponentit toimivat saumattomasti yhdess\u00e4.<\/p>\n<h2>Yleiset huoltoteht\u00e4v\u00e4t<\/h2>\n<ul>\n<li><strong>S\u00e4\u00e4nn\u00f6lliset tarkastukset:<\/strong> Tarkasta sylinteri usein kulumisen, vuotojen tai vaurioiden varalta. Ongelmien varhainen tunnistaminen voi est\u00e4\u00e4 merkitt\u00e4v\u00e4mpi\u00e4 ongelmia my\u00f6hemmin.<\/li>\n<li><strong>Oikea voitelu:<\/strong> Varmista, ett\u00e4 kaikki liikkuvat osat on voideltu riitt\u00e4v\u00e4sti kitkan ja kulumisen v\u00e4hent\u00e4miseksi. Noudata hydrauliikka\u00f6ljyn tyyppi\u00e4 ja m\u00e4\u00e4r\u00e4\u00e4 koskevia ohjeita.<\/li>\n<li><strong>Tiivisteen vaihto:<\/strong> Tarkista tiivisteiden kuluminen s\u00e4\u00e4nn\u00f6llisesti ja vaihda ne tarvittaessa. T\u00e4m\u00e4 on ratkaisevan t\u00e4rke\u00e4\u00e4 hydraulisen paineen yll\u00e4pit\u00e4miseksi ja vuotojen est\u00e4miseksi.<\/li>\n<\/ul>\n<h2>Turvallisuusn\u00e4k\u00f6kohdat ja ymp\u00e4rist\u00f6tekij\u00e4t<\/h2>\n<p>Hydraulisylintereit\u00e4 k\u00e4ytett\u00e4ess\u00e4 turvatoimenpiteet ovat ensiarvoisen t\u00e4rkeit\u00e4. K\u00e4ytt\u00e4j\u00e4t on koulutettava oikeisiin k\u00e4ytt\u00f6tekniikoihin, mukaan lukien hydraulij\u00e4rjestelm\u00e4n rajoitusten tuntemus. H\u00e4t\u00e4tilannemenettelyt on laadittava mahdollisten vikojen varalta. Lis\u00e4ksi on otettava huomioon ymp\u00e4rist\u00f6n\u00e4k\u00f6kohdat, kuten nesteiden eristystoimenpiteet, mahdollisten vuotojen lievent\u00e4miseksi ja sek\u00e4 koneiden ett\u00e4 ymp\u00e4r\u00f6iv\u00e4n ymp\u00e4rist\u00f6n suojaamiseksi.<\/p>\n<h2>Vianm\u00e4\u00e4ritys ja yleiset ongelmat<\/h2>\n<ul>\n<li><strong>Vuoto:<\/strong> Nestevuotoja voi esiinty\u00e4 kuluneiden tiivisteiden tai sylinterin vaurioitumisen vuoksi. Tarkista tiivisteet s\u00e4\u00e4nn\u00f6llisesti ja vaihda ne tarvittaessa.<\/li>\n<li><strong>Riitt\u00e4m\u00e4t\u00f6n teho:<\/strong> Jos sylinteri ei tuota odotettua voimaa, tarkista hydraulinesteen tasot ja varmista, ettei j\u00e4rjestelm\u00e4ss\u00e4 ole tukoksia.<\/li>\n<li><strong>Ep\u00e4tavalliset \u00e4\u00e4net:<\/strong> K\u00e4yt\u00f6n aikana kuuluvat \u00e4\u00e4net voivat viitata sis\u00e4iseen kulumiseen tai toimintah\u00e4iri\u00f6\u00f6n. Tutki mahdolliset ep\u00e4tavalliset \u00e4\u00e4net v\u00e4litt\u00f6m\u00e4sti lis\u00e4vaurioiden est\u00e4miseksi.<\/li>\n<\/ul>\n<h2>Vianm\u00e4\u00e4ritysvinkkej\u00e4<\/h2>\n<p>Jos ongelmia ilmenee, on t\u00e4rke\u00e4\u00e4 noudattaa systemaattista l\u00e4hestymistapaa ongelman diagnosointiin. Aloita tarkistamalla nestetasot ja tiivisteiden kunto. S\u00e4\u00e4nn\u00f6lliset ennaltaehk\u00e4isev\u00e4t toimenpiteet, kuten asianmukainen voitelu ja tiivisteiden oikea-aikainen vaihto, voivat v\u00e4hent\u00e4\u00e4 ongelmien esiintymist\u00e4 merkitt\u00e4v\u00e4sti ja varmistaa, ett\u00e4 hydrauliikkaj\u00e4rjestelm\u00e4 pysyy tehokkaana ja luotettavana.<\/p>\n<p><img decoding=\"async\" src=\"https:\/\/www.hydraulic-cylinders.net\/wp-content\/uploads\/2025\/04\/songte-bushings-with-all-kinds-of-excavator-models.webp\" alt=\"Kaivinkonemallien holkit\" \/><\/p>\n<h2>Tietoa yrityksest\u00e4mme<\/h2>\n<p>Olemme johtava hydraulisylintereiden valmistaja, joka tarjoaa kattavan valikoiman tuotteita sek\u00e4 kotimaisille ett\u00e4 kansainv\u00e4lisille markkinoille. Sitoutumisemme huippuosaamiseen tukee hienostunut valmistuksenohjausstrategia, joka korostaa tarkkuutta ja laatua. Hy\u00f6dynn\u00e4mme edistynytt\u00e4 teknologiaa, ammattitaitoista henkil\u00f6st\u00f6\u00e4 ja erikoistunutta testausj\u00e4rjestelm\u00e4\u00e4 valmistusprosessiemme parantamiseksi. T\u00e4m\u00e4 varmistaa, ett\u00e4 t\u00e4yt\u00e4mme monipuoliset asiakastarpeet tehokkaasti, tarkasti ja laadukkaasti.<\/p>\n<p><img decoding=\"async\" src=\"https:\/\/www.hydraulic-cylinders.net\/wp-content\/uploads\/2025\/04\/songte-company-4.webp\" alt=\"Yrityksen yleiskatsaus\" \/><br \/>\n<img decoding=\"async\" src=\"https:\/\/www.hydraulic-cylinders.net\/wp-content\/uploads\/2025\/04\/songte-company-3.webp\" alt=\"Yrityksen tuotanto\" \/><\/p>\n<p>Tarjoamme ammattitaitoista palvelua, kansainv\u00e4lisi\u00e4 sertifikaatteja, r\u00e4\u00e4t\u00e4l\u00f6ityj\u00e4 ratkaisuja ja erinomaista j\u00e4lkimarkkinointitukea. Huippuluokan tuotantolaitteistomme ja omistautunut huoltotiimimme varmistavat, ett\u00e4 pysymme hydraulisylinteriteollisuuden eturintamassa.<\/p>\n<p>Kirjoittaja: lyl<\/p>","protected":false},"excerpt":{"rendered":"<p>Boom Cylinder For Tiangong ZG3235-9 Product Overview The Boom Cylinder for Tiangong ZG3235-9 is an essential component of hydraulic systems used in heavy machinery. This hydraulic cylinder plays a crucial role in controlling the movement of a bucket in various applications such as excavators, backhoe loaders, and front loaders. It enables the bucket to lift, [&hellip;]<\/p>","protected":false},"featured_media":17873,"comment_status":"open","ping_status":"closed","template":"","meta":{"_et_pb_use_builder":"","_et_pb_old_content":"","_et_gb_content_width":""},"product_brand":[],"product_cat":[1546],"product_tag":[1547,1496],"class_list":{"0":"post-19685","1":"product","2":"type-product","3":"status-publish","4":"has-post-thumbnail","6":"product_cat-boom-cylinders","7":"product_tag-boom-cylinders","8":"product_tag-hydraulic-cylinders","10":"first","11":"instock","12":"shipping-taxable","13":"product-type-simple"},"amp_enabled":true,"_links":{"self":[{"href":"https:\/\/www.hydraulic-cylinders.net\/fi\/wp-json\/wp\/v2\/product\/19685","targetHints":{"allow":["GET"]}}],"collection":[{"href":"https:\/\/www.hydraulic-cylinders.net\/fi\/wp-json\/wp\/v2\/product"}],"about":[{"href":"https:\/\/www.hydraulic-cylinders.net\/fi\/wp-json\/wp\/v2\/types\/product"}],"replies":[{"embeddable":true,"href":"https:\/\/www.hydraulic-cylinders.net\/fi\/wp-json\/wp\/v2\/comments?post=19685"}],"wp:featuredmedia":[{"embeddable":true,"href":"https:\/\/www.hydraulic-cylinders.net\/fi\/wp-json\/wp\/v2\/media\/17873"}],"wp:attachment":[{"href":"https:\/\/www.hydraulic-cylinders.net\/fi\/wp-json\/wp\/v2\/media?parent=19685"}],"wp:term":[{"taxonomy":"product_brand","embeddable":true,"href":"https:\/\/www.hydraulic-cylinders.net\/fi\/wp-json\/wp\/v2\/product_brand?post=19685"},{"taxonomy":"product_cat","embeddable":true,"href":"https:\/\/www.hydraulic-cylinders.net\/fi\/wp-json\/wp\/v2\/product_cat?post=19685"},{"taxonomy":"product_tag","embeddable":true,"href":"https:\/\/www.hydraulic-cylinders.net\/fi\/wp-json\/wp\/v2\/product_tag?post=19685"}],"curies":[{"name":"wp","href":"https:\/\/api.w.org\/{rel}","templated":true}]}}