{"id":19686,"date":"2025-04-07T07:01:40","date_gmt":"2025-04-07T07:01:40","guid":{"rendered":"https:\/\/www.hydraulic-cylinders.net\/product\/boom-cylinder-for-tiangong-zg3255lc-9c\/"},"modified":"2025-04-07T07:01:43","modified_gmt":"2025-04-07T07:01:43","slug":"boom-cylinder-for-tiangong-zg3255lc-9c","status":"publish","type":"product","link":"https:\/\/www.hydraulic-cylinders.net\/fi\/tuote\/boom-cylinder-for-tiangong-zg3255lc-9c\/","title":{"rendered":"Puomin sylinteri Tiangong ZG3255LC-9C:lle"},"content":{"rendered":"<h1>Puomin sylinteri Tiangong ZG3255LC-9C:lle<\/h1>\n<h2>Tuotteen yleiskatsaus<\/h2>\n<p>Tiangong ZG3255LC-9C:n puomisylinteri on olennainen hydrauliikkakomponentti, joka on erityisesti suunniteltu ohjaamaan kauhojen liikett\u00e4 erilaisissa raskaissa koneissa, kuten kaivinkoneissa, traktorikaivureissa ja etukuormaajissa. T\u00e4m\u00e4 hydrauliikkasylinteri mahdollistaa kauhan nostamisen, laskemisen ja kallistuksen, mik\u00e4 tekee siit\u00e4 t\u00e4rke\u00e4n ty\u00f6kalun materiaalink\u00e4sittelyteht\u00e4viss\u00e4. Kauhasylinteri toimii k\u00e4ytt\u00e4m\u00e4ll\u00e4 hydraulinesteen painetta liikkeen luomiseen, mik\u00e4 tarjoaa vankan voiman materiaalien tehokkaaseen kaivamiseen, nostamiseen ja kuljettamiseen. Sen suunnittelussa on keskitytty kest\u00e4vyyteen ja varmistetaan, ett\u00e4 se kest\u00e4\u00e4 ankarien ty\u00f6ymp\u00e4rist\u00f6jen rasitukset.<\/p>\n<p><img decoding=\"async\" src=\"https:\/\/www.hydraulic-cylinders.net\/wp-content\/uploads\/2025\/04\/songte-company-1.webp\" alt=\"Puomin sylinterin kuva\" \/><\/p>\n<h2>Puomin sylinterin ominaisuudet<\/h2>\n<ul>\n<li>\n<h3>Korkea lujuus ja kest\u00e4vyys<\/h3>\n<p>Constructed from high-strength steel or aluminum, the Boom Cylinder is designed to withstand high pressures and heavy loads, ensuring reliability in harsh conditions. The materials used are chosen for their wear resistance and corrosion protection, extending the product&#8217;s lifecycle.<\/p>\n<\/li>\n<li>\n<h3>Tehokas hydraulinen k\u00e4ytt\u00f6<\/h3>\n<p>T\u00e4m\u00e4 sylinteri toimii sujuvasti ja reagoi nopeasti ohjauskomentoihin hydrauli\u00f6ljyn paineen tehokkaan k\u00e4yt\u00f6n ansiosta. Se tarjoaa huomattavaa ty\u00f6nt\u00f6- ja vetovoimaa, joten se soveltuu raskaiden esineiden k\u00e4sittelyyn ja monimutkaisiin teht\u00e4viin.<\/p>\n<\/li>\n<li>\n<h3>Erilaiset tyypit<\/h3>\n<p>Saatavilla on erilaisia \u200b\u200bkokoonpanoja erilaisten k\u00e4ytt\u00f6tarpeiden t\u00e4ytt\u00e4miseksi, mukaan lukien yksitoimiset (yhteen suuntaan toimivat) ja kaksitoimiset (molempiin suuntiin toimivat) sylinterit. Tietyiss\u00e4 malleissa on teleskooppirakenteet, jotka mahdollistavat pidemm\u00e4n ulottuvuuden ilman ulkomittojen kasvua, mik\u00e4 sopii erinomaisesti ahtaisiin sovelluksiin.<\/p>\n<\/li>\n<li>\n<h3>Mukautetut valmistusmahdollisuudet<\/h3>\n<p>Valmistamme t\u00e4m\u00e4n tuotteen korvaamaan t\u00e4ydellisesti olemassa olevat hydraulisylinterit varmistaen yhteensopivuuden ja suorituskyvyn. Tuotantoprosessimme noudattaa korkeimpia standardeja vastatakseen erilaisiin asiakasvaatimuksiin.<\/p>\n<\/li>\n<li>\n<h3>Kattava laadunvarmistus<\/h3>\n<p>Kaikki hydraulisylinterimme k\u00e4yv\u00e4t l\u00e4pi tiukat testit ja laatutarkastukset varmistaaksemme, ett\u00e4 ne t\u00e4ytt\u00e4v\u00e4t alan standardit. T\u00e4m\u00e4 sitoutuminen laatuun takaa asiakkaillemme puomisylinterin suorituskyvyn ja pitk\u00e4n k\u00e4ytt\u00f6i\u00e4n.<\/p>\n<\/li>\n<\/ul>\n<p><img decoding=\"async\" src=\"https:\/\/www.hydraulic-cylinders.net\/wp-content\/uploads\/2025\/04\/songte-cylinder-head-with-all-kinds-excavator-models.webp\" alt=\"Sylinterikannen kuva\" \/><\/p>\n<h2>Puomisylinterin sovellukset<\/h2>\n<ul>\n<li>\n<h3>Rakennuslaitteet<\/h3>\n<p>Kaivinkoneissa puomin sylinterill\u00e4 on ratkaiseva rooli maan tai roskien kaivamisessa, lastaamisessa ja siirt\u00e4misess\u00e4. Sen kyky helpottaa kauhan tarkkoja liikkeit\u00e4 parantaa toiminnan tehokkuutta ja mahdollistaa tehokkaan materiaalien hallinnan ty\u00f6mailla.<\/p>\n<\/li>\n<li>\n<h3>Maatalouskoneet<\/h3>\n<p>Etukuormaajissa puomin sylinteri on t\u00e4rke\u00e4ss\u00e4 asemassa maan, hein\u00e4n ja muiden materiaalien kaivamisessa, nostamisessa ja kuljettamisessa. Sen luotettava suorituskyky maataloussovelluksissa maksimoi tuottavuuden ja v\u00e4hent\u00e4\u00e4 kuljettajan rasitusta.<\/p>\n<\/li>\n<li>\n<h3>Kaivinkoneet<\/h3>\n<p>Puomisylinterin ansiosta kauha tunkeutuu tehokkaasti maaper\u00e4\u00e4n, mik\u00e4 helpottaa tehokasta kaivamista. T\u00e4m\u00e4 ominaisuus on ratkaisevan t\u00e4rke\u00e4 rakentamisessa, maisemoinnissa ja erilaisissa maanrakennusteht\u00e4viss\u00e4.<\/p>\n<\/li>\n<li>\n<h3>Kuormaajat<\/h3>\n<p>Etukuormaajissa ne auttavat kuormien tehokkaassa nostamisessa ja tyhjent\u00e4misess\u00e4. Puomisylinterin rakenne mahdollistaa maksimaalisen nostokorkeuden ja optimaaliset tyhjennyskulmat, jotka ovat ratkaisevan t\u00e4rkeit\u00e4 tehokkaalle materiaalink\u00e4sittelylle.<\/p>\n<\/li>\n<\/ul>\n<h2>Suunnittelun\u00e4k\u00f6kohdat ja valintakriteerit<\/h2>\n<ul>\n<li>\n<h3>Kantavuus<\/h3>\n<p>Puomisylinterin kuormituskapasiteetti on olennainen osa sen suunnittelua. Se on arvioitava sen varmistamiseksi, ett\u00e4 se t\u00e4ytt\u00e4\u00e4 sen koneiston k\u00e4ytt\u00f6vaatimukset, jonka kanssa sit\u00e4 k\u00e4ytet\u00e4\u00e4n. Insin\u00f6\u00f6rit ottavat huomioon sylinterin nostettavan enimm\u00e4ispainon ja varmistavat, ett\u00e4 k\u00e4ytetyt materiaalit kest\u00e4v\u00e4t kyseisen painon turvallisesti est\u00e4en viat k\u00e4yt\u00f6n aikana. Asianmukaiset laskelmat suunnitteluvaiheessa auttavat valitsemaan sopivat koot ja materiaalit sylinterille turvallisuuden ja toimivuuden parantamiseksi.<\/p>\n<\/li>\n<li>\n<h3>Tiivistyksen eheys<\/h3>\n<p>Sealing is crucial in hydraulic cylinders to prevent fluid leaks and maintain pressure. The choice of seals and their installation must ensure long-term performance and reliability. High-quality seals made from materials like polyurethane and nitrile rubber enhance the cylinder&#8217;s durability. The design must also ensure easy access for seal replacement during maintenance to minimize downtime and operational disruptions.<\/p>\n<\/li>\n<li>\n<h3>Kest\u00e4vyys<\/h3>\n<p>Puomisylinterin kest\u00e4vyys on olennaista erityisesti ankarissa k\u00e4ytt\u00f6olosuhteissa. Materiaalivalinnat ovat merkitt\u00e4vi\u00e4 pitk\u00e4ik\u00e4isyyden kannalta, ja kulutuskest\u00e4vyyden vuoksi suositaan suurlujuuster\u00e4st\u00e4 tai alumiinia. Valmistusprosessien tulisi sis\u00e4lt\u00e4\u00e4 k\u00e4sittelyj\u00e4, jotka parantavat pinnan kovuutta ja korroosionkest\u00e4vyytt\u00e4, jotta sylinteri kest\u00e4\u00e4 \u00e4\u00e4rimm\u00e4isi\u00e4 olosuhteita ilman heikkenemist\u00e4.<\/p>\n<\/li>\n<li>\n<h3>Turvaominaisuudet<\/h3>\n<p>Turvallisuus on hydraulij\u00e4rjestelmiss\u00e4 ensiarvoisen t\u00e4rke\u00e4\u00e4. Puomisylinterin suunnittelussa tulisi olla ominaisuuksia, kuten paineenalennusventtiilit ja turvalukot hallitsemattomien liikkeiden est\u00e4miseksi. S\u00e4\u00e4nn\u00f6llisi\u00e4 turvallisuustarkastuksia tulisi suorittaa sen varmistamiseksi, ett\u00e4 n\u00e4m\u00e4 ominaisuudet toimivat oikein ja t\u00e4ytt\u00e4v\u00e4t m\u00e4\u00e4r\u00e4ykset. K\u00e4ytt\u00e4j\u00e4t tulisi kouluttaa ymm\u00e4rt\u00e4m\u00e4\u00e4n n\u00e4m\u00e4 turvaominaisuudet turvallisen k\u00e4yt\u00f6n varmistamiseksi ja onnettomuusriskin minimoimiseksi.<\/p>\n<\/li>\n<li>\n<h3>Huolto Esteett\u00f6myys<\/h3>\n<p>Puomisylinterin suunnittelu huolto mieless\u00e4 pit\u00e4en parantaa sen k\u00e4ytt\u00f6ik\u00e4\u00e4 ja toimivuutta. Ominaisuudet, kuten helppo p\u00e4\u00e4sy voitelupisteisiin, irrotettavat tiivisteet ja selke\u00e4t merkinn\u00e4t t\u00e4rkeiden komponenttien tunnistamiseksi, voivat tehd\u00e4 huoltot\u00f6ist\u00e4 nopeampia ja tehokkaampia. Lis\u00e4ksi k\u00e4ytt\u00e4jille tulisi olla kattava huolto-ohje, joka opastaa heit\u00e4 suorittamaan tarvittavat huoltoteht\u00e4v\u00e4t tehokkaasti.<\/p>\n<\/li>\n<\/ul>\n<p><img decoding=\"async\" src=\"https:\/\/www.hydraulic-cylinders.net\/wp-content\/uploads\/2025\/04\/songte-oil-pipes-and-spare-parts.webp\" alt=\"\u00d6ljyputket ja varaosat -kuva\" \/><\/p>\n<h2>Sylinterin tiivistys ja voitelu<\/h2>\n<p>Tehokas tiivistys ja voitelu ovat ratkaisevan t\u00e4rkeit\u00e4 hydraulisylintereiden optimaalisen suorituskyvyn kannalta. Hydraulinestevuotojen est\u00e4miseksi k\u00e4ytet\u00e4\u00e4n erilaisia \u200b\u200btiivistyselementtej\u00e4, kuten m\u00e4nn\u00e4ntiivisteit\u00e4 ja varren tiivisteit\u00e4. Kest\u00e4vist\u00e4 materiaaleista, kuten polyuretaanista ja nitriilikumista, valmistettuja tiivisteit\u00e4 suositaan niiden kulutuksen- ja ymp\u00e4rist\u00f6tekij\u00f6iden kest\u00e4vyyden vuoksi. Sylinterin runko ja kierteitetyt p\u00e4\u00e4typinnat koneistetaan tarkasti kulumiskest\u00e4vyyden parantamiseksi, mik\u00e4 varmistaa tiiviin tiivistyksen k\u00e4yt\u00f6n aikana. S\u00e4\u00e4nn\u00f6llinen voitelu sopivalla hydrauli\u00f6ljyll\u00e4 on v\u00e4ltt\u00e4m\u00e4t\u00f6nt\u00e4 liikkuvien osien v\u00e4lisen kitkan v\u00e4hent\u00e4miseksi, sujuvan toiminnan edist\u00e4miseksi ja ennenaikaisen kulumisen est\u00e4miseksi. K\u00e4ytt\u00e4jien tulee noudattaa voiteluaikataulua varmistaakseen riitt\u00e4v\u00e4t \u00f6ljytasot ja yll\u00e4pit\u00e4\u00e4kseen optimaalisen suorituskyvyn.<\/p>\n<h2>S\u00e4\u00e4nn\u00f6lliset tarkastukset ja ennaltaehk\u00e4isev\u00e4t huoltotoimenpiteet<\/h2>\n<ul>\n<li>\n<h3>S\u00e4\u00e4nn\u00f6lliset tarkastukset<\/h3>\n<p>Puominosturin sylinterin s\u00e4\u00e4nn\u00f6lliset tarkastukset auttavat tunnistamaan ongelmat ennen kuin ne eskaloituvat merkitt\u00e4viksi ongelmiksi. K\u00e4ytt\u00e4j\u00e4n tulee tarkistaa tiivisteet ja sylinterin runko vuotojen, kulumisen ja vaurioiden varalta. Suorituskykymittareiden s\u00e4\u00e4nn\u00f6llinen seuranta voi my\u00f6s osoittaa, milloin huolto on tarpeen, ja varmistaa, ett\u00e4 sylinteri toimii aiottujen parametrien mukaisesti.<\/p>\n<\/li>\n<li>\n<h3>Asianmukainen voitelu<\/h3>\n<p>Ensuring that the cylinder is adequately lubricated is essential for smooth operation. Operators should follow the manufacturer&#8217;s guidelines for lubrication frequency and the type of hydraulic oil to use. Proper lubrication minimizes friction, reduces heat generation, and prolongs the life of the cylinder components.<\/p>\n<\/li>\n<li>\n<h3>Tiivisteiden vaihto ja kalibrointitarkastukset<\/h3>\n<p>Tiivisteiden s\u00e4\u00e4nn\u00f6llinen vaihtaminen kulumiskuvioiden perusteella on ratkaisevan t\u00e4rke\u00e4\u00e4 hydraulij\u00e4rjestelm\u00e4n eheyden yll\u00e4pit\u00e4miseksi. K\u00e4ytt\u00e4j\u00e4t tulee kouluttaa tunnistamaan, milloin tiivisteet on vaihdettava, ja noudattamaan asianmukaisia \u200b\u200basennusohjeita. Kalibrointitarkastukset varmistavat, ett\u00e4 sylinteri toimii tarkoitetulla tavalla, mik\u00e4 auttaa v\u00e4ltt\u00e4m\u00e4\u00e4n linjausvirheit\u00e4, jotka voivat johtaa toiminnan tehottomuuteen.<\/p>\n<\/li>\n<\/ul>\n<p><img decoding=\"async\" src=\"https:\/\/www.hydraulic-cylinders.net\/wp-content\/uploads\/2025\/04\/songte-chushion-collar.webp\" alt=\"Tyynykauluksen kuva\" \/><\/p>\n<h2>Turvallisuusn\u00e4k\u00f6kohdat ja ymp\u00e4rist\u00f6tekij\u00e4t<\/h2>\n<p>Hydraulisylintereit\u00e4 k\u00e4ytett\u00e4ess\u00e4 turvatoimenpiteet ovat \u00e4\u00e4rimm\u00e4isen t\u00e4rkeit\u00e4. K\u00e4ytt\u00e4j\u00e4t on koulutettava ymm\u00e4rt\u00e4m\u00e4\u00e4n hydraulij\u00e4rjestelmiin liittyv\u00e4t mahdolliset riskit, kuten sylinterin \u00e4killinen vikaantuminen tai hydraulinesteen vuodot. Turvallisuusprotokollien, kuten henkil\u00f6nsuojainten (PPE) k\u00e4yt\u00f6n ja asianmukaisen koulutuksen, k\u00e4ytt\u00f6\u00f6notto auttaa v\u00e4hent\u00e4m\u00e4\u00e4n riskej\u00e4. My\u00f6s ymp\u00e4rist\u00f6n\u00e4k\u00f6kohdat on otettava huomioon varmistamalla, ett\u00e4 k\u00e4ytetyt hydraulinesteet ovat ymp\u00e4rist\u00f6yst\u00e4v\u00e4llisi\u00e4 ja ett\u00e4 mahdolliset vuodot tai roiskeet eristet\u00e4\u00e4n ja puhdistetaan viipym\u00e4tt\u00e4 saastumisen est\u00e4miseksi.<\/p>\n<h2>Vianm\u00e4\u00e4ritys ja yleiset ongelmat<\/h2>\n<ul>\n<li>\n<h3>Vuodot<\/h3>\n<p>Hydraulivuodot ovat yleisimpi\u00e4 puomisylintereiden ongelmia. Ne voivat johtua kuluneista tiivisteist\u00e4 tai sylinterin rungon vaurioitumisesta. Vuodot on tunnistettava s\u00e4\u00e4nn\u00f6llisesti huoltotarkastuksilla ja tiivisteiden korjaamiseksi tai vaihtamiseksi on ryhdytt\u00e4v\u00e4 v\u00e4litt\u00f6m\u00e4sti tarvittaviin toimiin.<\/p>\n<\/li>\n<li>\n<h3>Hidas toiminta<\/h3>\n<p>Jos puomin sylinteri toimii hitaasti, se voi viitata alhaiseen hydraulinesteen tasoon tai tukkeutuneeseen letkuun. K\u00e4ytt\u00e4j\u00e4n tulee tarkistaa nestetasot ja letkut tukosten varalta. J\u00e4rjestelm\u00e4n varmistaminen, ettei siin\u00e4 ole ilmataskuja tai vieraita aineita, on ratkaisevan t\u00e4rke\u00e4\u00e4 sujuvan toiminnan yll\u00e4pit\u00e4miseksi.<\/p>\n<\/li>\n<li>\n<h3>Ep\u00e4tavalliset \u00e4\u00e4net<\/h3>\n<p>Ep\u00e4tavalliset \u00e4\u00e4net k\u00e4yt\u00f6n aikana voivat viitata sis\u00e4isiin ongelmiin, kuten kavitaatioon tai mekaaniseen vikaan. K\u00e4ytt\u00e4jien on lopetettava k\u00e4ytt\u00f6 ja suoritettava perusteellinen tarkastus melun l\u00e4hteen tunnistamiseksi ja tarvittavien korjausten tekemiseksi v\u00e4litt\u00f6m\u00e4sti.<\/p>\n<\/li>\n<\/ul>\n<h2>Vinkkej\u00e4 tehokkaaseen vianm\u00e4\u00e4ritykseen<\/h2>\n<p>Hydraulisylinterien ongelmien tehokkaaseen diagnosointiin ja ratkaisemiseen k\u00e4ytt\u00e4jien tulee noudattaa systemaattista l\u00e4hestymistapaa. Aloita tarkastelemalla k\u00e4ytt\u00f6olosuhteita ja vertaamalla niit\u00e4 valmistajan suosituksiin. Tarkasta kaikki komponentit kulumisen, vaurioiden tai virheellisen linjauksen varalta. Korjaa pienemm\u00e4t ongelmat viipym\u00e4tt\u00e4 est\u00e4\u00e4ksesi niiden pahenemisen ja pid\u00e4 kirjaa korjauksista ja tarkastuksista seurataksesi niiden kehittymist\u00e4 ajan kuluessa. Lis\u00e4ksi s\u00e4\u00e4nn\u00f6llinen vianm\u00e4\u00e4ritystekniikoiden koulutus k\u00e4ytt\u00e4jille voi parantaa merkitt\u00e4v\u00e4sti huoltoprosessin tehokkuutta.<\/p>\n<p><img decoding=\"async\" src=\"https:\/\/www.hydraulic-cylinders.net\/wp-content\/uploads\/2025\/04\/songte-bushings-with-all-kinds-of-excavator-models.webp\" alt=\"Holkit Kuva\" \/><\/p>\n<h2>Tietoa yrityksest\u00e4mme<\/h2>\n<p>Olemme johtava hydraulisten sylinterien vaihto-osien valmistaja, joka tarjoaa kattavan valikoiman tuotteita sek\u00e4 kotimaisille ett\u00e4 kansainv\u00e4lisille markkinoille. Sitoutumisemme huippuosaamiseen korostuu keskittymisell\u00e4mme hienoihin valmistusprosesseihin ja tiukkoihin tuotannonohjausstrategioihin. Hy\u00f6dynt\u00e4m\u00e4ll\u00e4 ammattitaitoisia ammattilaisia, edistyneit\u00e4 digitaalisia valmistuslaitteita ja vankkoja testausj\u00e4rjestelmi\u00e4 parannamme jatkuvasti valmistuskapasiteettiamme. T\u00e4m\u00e4 omistautuminen tarkkuuteen ja laatuun varmistaa, ett\u00e4 t\u00e4yt\u00e4mme monipuoliset asiakastarpeet tehokkaasti, t\u00e4sm\u00e4llisesti ja laadukkaasti.<\/p>\n<ul>\n<li>\n<h3>Ammattitaito<\/h3>\n<p>Tiimimme koostuu eritt\u00e4in ammattitaitoisista ammattilaisista, jotka tuovat laajan tiet\u00e4myksen ja kokemuksen valmistusprosessiin. Heid\u00e4n asiantuntemuksensa varmistaa, ett\u00e4 kaikki tuotteet t\u00e4ytt\u00e4v\u00e4t tai ylitt\u00e4v\u00e4t alan standardit.<\/p>\n<\/li>\n<li>\n<h3>Kansainv\u00e4liset sertifikaatit<\/h3>\n<p>Noudatamme kansainv\u00e4lisi\u00e4 laatustandardeja ja varmistamme, ett\u00e4 tuotteemme ovat sertifioituja globaaleille markkinoille. T\u00e4m\u00e4 sitoutuminen lis\u00e4\u00e4 uskottavuuttamme ja asiakkaidemme luottamusta.<\/p>\n<\/li>\n<li>\n<h3>R\u00e4\u00e4t\u00e4l\u00f6idyt palvelut<\/h3>\n<p>We offer customized solutions to meet our clients&#8217; specific needs, providing flexibility and tailored products that enhance operational efficiency.<\/p>\n<\/li>\n<li>\n<h3>Huippuluokan tuotantolaitteet<\/h3>\n<p>Tuotantotilamme on varustettu uusimmalla teknologialla, mink\u00e4 ansiosta pystymme valmistamaan korkealaatuisia hydraulisylintereit\u00e4 tarkasti ja tehokkaasti.<\/p>\n<\/li>\n<li>\n<h3>Kattava myynnin j\u00e4lkeinen tuki<\/h3>\n<p>Uskomme jatkuvan tuen tarjoamiseen asiakkaillemme ja tarjoamme j\u00e4lkimarkkinointipalveluita, jotka varmistavat tuotteidemme pitk\u00e4ik\u00e4isyyden ja luotettavuuden.<\/p>\n<\/li>\n<\/ul>\n<p><img decoding=\"async\" src=\"https:\/\/www.hydraulic-cylinders.net\/wp-content\/uploads\/2025\/04\/songte-company-4.webp\" alt=\"Yrityskuva 1\" \/><br \/>\n<img decoding=\"async\" src=\"https:\/\/www.hydraulic-cylinders.net\/wp-content\/uploads\/2025\/04\/songte-company-3.webp\" alt=\"Yrityskuva 2\" \/><\/p>\n<p>Tekij\u00e4 lyl<\/p>","protected":false},"excerpt":{"rendered":"<p>Boom Cylinder For Tiangong ZG3255LC-9C Product Overview The Boom Cylinder for Tiangong ZG3255LC-9C is an essential hydraulic component specifically designed to control the motion of buckets in various heavy machinery, such as excavators, backhoes, and front loaders. This hydraulic cylinder allows for the lifting, lowering, and tilting of the bucket, making it a vital tool [&hellip;]<\/p>","protected":false},"featured_media":17874,"comment_status":"open","ping_status":"closed","template":"","meta":{"_et_pb_use_builder":"","_et_pb_old_content":"","_et_gb_content_width":""},"product_brand":[],"product_cat":[1546],"product_tag":[1547,1496],"class_list":{"0":"post-19686","1":"product","2":"type-product","3":"status-publish","4":"has-post-thumbnail","6":"product_cat-boom-cylinders","7":"product_tag-boom-cylinders","8":"product_tag-hydraulic-cylinders","10":"first","11":"instock","12":"shipping-taxable","13":"product-type-simple"},"amp_enabled":true,"_links":{"self":[{"href":"https:\/\/www.hydraulic-cylinders.net\/fi\/wp-json\/wp\/v2\/product\/19686","targetHints":{"allow":["GET"]}}],"collection":[{"href":"https:\/\/www.hydraulic-cylinders.net\/fi\/wp-json\/wp\/v2\/product"}],"about":[{"href":"https:\/\/www.hydraulic-cylinders.net\/fi\/wp-json\/wp\/v2\/types\/product"}],"replies":[{"embeddable":true,"href":"https:\/\/www.hydraulic-cylinders.net\/fi\/wp-json\/wp\/v2\/comments?post=19686"}],"wp:featuredmedia":[{"embeddable":true,"href":"https:\/\/www.hydraulic-cylinders.net\/fi\/wp-json\/wp\/v2\/media\/17874"}],"wp:attachment":[{"href":"https:\/\/www.hydraulic-cylinders.net\/fi\/wp-json\/wp\/v2\/media?parent=19686"}],"wp:term":[{"taxonomy":"product_brand","embeddable":true,"href":"https:\/\/www.hydraulic-cylinders.net\/fi\/wp-json\/wp\/v2\/product_brand?post=19686"},{"taxonomy":"product_cat","embeddable":true,"href":"https:\/\/www.hydraulic-cylinders.net\/fi\/wp-json\/wp\/v2\/product_cat?post=19686"},{"taxonomy":"product_tag","embeddable":true,"href":"https:\/\/www.hydraulic-cylinders.net\/fi\/wp-json\/wp\/v2\/product_tag?post=19686"}],"curies":[{"name":"wp","href":"https:\/\/api.w.org\/{rel}","templated":true}]}}