{"id":19687,"date":"2025-04-07T07:01:43","date_gmt":"2025-04-07T07:01:43","guid":{"rendered":"https:\/\/www.hydraulic-cylinders.net\/product\/boom-cylinder-for-tiangong-zg3235-9c\/"},"modified":"2025-04-07T07:01:53","modified_gmt":"2025-04-07T07:01:53","slug":"boom-cylinder-for-tiangong-zg3235-9c","status":"publish","type":"product","link":"https:\/\/www.hydraulic-cylinders.net\/fi\/tuote\/boom-cylinder-for-tiangong-zg3235-9c\/","title":{"rendered":"Puomin sylinteri Tiangong ZG3235-9C:lle"},"content":{"rendered":"<h1>Puomin sylinteri Tiangong ZG3235-9C:lle<\/h1>\n<h2>Puomin sylinterin ymm\u00e4rt\u00e4minen<\/h2>\n<p>Tiangong ZG3235-9C:lle erityisesti suunniteltu puomisylinteri on olennainen osa raskaiden koneiden hydrauliikkaj\u00e4rjestelmi\u00e4. T\u00e4m\u00e4 erikoishydraulisylinteri vastaa ensisijaisesti kauhojen liikkeen ohjaamisesta erilaisissa laitteissa, kuten kaivinkoneissa, kaivurikuormaajissa ja etukuormaajissa. Puomisylinterin avulla kauhaa voidaan nostaa, laskea ja kallistaa, mik\u00e4 helpottaa tehokasta materiaalink\u00e4sittely\u00e4 useilla eri toimialoilla.<\/p>\n<p><img decoding=\"async\" src=\"https:\/\/www.hydraulic-cylinders.net\/wp-content\/uploads\/2025\/04\/songte-company-1.webp\" alt=\"Puomin sylinterin kuva\"><\/p>\n<p>Hydraulisylinterin\u00e4 puomisylinteri toimii muuntamalla hydraulisen paineen mekaaniseksi voimaksi, jolloin saadaan tarvittava teho suurten kauhojen ja lis\u00e4laitteiden k\u00e4sittelyyn. T\u00e4m\u00e4 toiminto on ratkaisevan t\u00e4rke\u00e4 tuottavuuden maksimoimiseksi esimerkiksi kaivamisessa, nostamisessa ja materiaalien kuljetuksessa. Puomisylinterin suunnittelu ja suorituskyky vaikuttavat suoraan raskaiden koneiden toiminnan kokonaistehokkuuteen ja vaikuttavuuteen.<\/p>\n<h2>Puomin sylinterin t\u00e4rkeimm\u00e4t ominaisuudet<\/h2>\n<ul>\n<li><strong>Korkea lujuus ja kest\u00e4vyys:<\/strong> N\u00e4m\u00e4 sylinterit on valmistettu eritt\u00e4in lujasta ter\u00e4ksest\u00e4 tai alumiinista, ja ne kest\u00e4v\u00e4t korkeaa painetta ja raskaita kuormia, mik\u00e4 tekee niist\u00e4 sopivia vaativiin ty\u00f6ymp\u00e4rist\u00f6ihin. Suunnittelussa on keskitytty kulumiskest\u00e4vyyteen ja korroosiosuojaukseen, mik\u00e4 pident\u00e4\u00e4 merkitt\u00e4v\u00e4sti niiden k\u00e4ytt\u00f6ik\u00e4\u00e4.<\/li>\n<li><strong>Tehokas hydraulinen k\u00e4ytt\u00f6:<\/strong> Hydrauli\u00f6ljyn painetta hy\u00f6dynt\u00e4v\u00e4 puomin sylinteri varmistaa sujuvat teleskooppiliikkeet ja pystyy reagoimaan nopeasti k\u00e4ytt\u00e4j\u00e4n komentoihin samalla tarjoten huomattavaa ty\u00f6nt\u00f6- ja vetovoimaa, mik\u00e4 sopii erinomaisesti raskaisiin ja monimutkaisiin teht\u00e4viin.<\/li>\n<li><strong>Erilaisia \u200b\u200btyyppej\u00e4:<\/strong> K\u00e4ytt\u00f6vaatimuksista riippuen puomin sylinteri voidaan valita joko yksitoimiseksi (hydraulinen paine yhteen suuntaan) tai kaksitoimiseksi (hydraulinen paine molempiin suuntiin). Joissakin malleissa on jopa teleskooppirakenne, joka mahdollistaa suuremman jatkeen ilman ulkomittojen kasvua, mik\u00e4 tekee niist\u00e4 sopivia ahtaisiin sovelluksiin.<\/li>\n<li><strong>Yhteensopivuus:<\/strong> Valmistamme n\u00e4it\u00e4 tuotteita korvaamaan t\u00e4ydellisesti olemassa olevat hydraulisylinterit varmistaen saumattoman integroinnin ja suorituskyvyn parannuksen.<\/li>\n<\/ul>\n<p><img decoding=\"async\" src=\"https:\/\/www.hydraulic-cylinders.net\/wp-content\/uploads\/2025\/04\/songte-cylinder-head-with-all-kinds-excavator-models.webp\" alt=\"Yhteensopivat hydraulisylinterit\"><\/p>\n<h2>Puomisylinterin sovellukset<\/h2>\n<h3>Rakennuslaitteet<\/h3>\n<p>Kaivinkoneissa puomin sylinterit ovat olennaisia \u200b\u200bkaivamisessa, lastaamisessa ja maaper\u00e4n tai roskien siirt\u00e4misess\u00e4. Ne ovat olennainen osa kaivuprosessia, jonka avulla k\u00e4ytt\u00e4j\u00e4 voi kaivaa syv\u00e4lle maahan ja nostaa materiaaleja tehokkaasti.<\/p>\n<h3>Kaivurikuormaajat<\/h3>\n<p>Kaivurikuormaajissa kauhan sylinteri auttaa sek\u00e4 kaivamisessa ett\u00e4 nostamisessa, mik\u00e4 tarjoaa tarvittavaa monipuolisuutta teht\u00e4viss\u00e4, jotka vaativat kaivamista ja materiaalien kuljetusta. Mahdollisuus vaihtaa toimintojen v\u00e4lill\u00e4 lis\u00e4\u00e4 tehokkaasti tuottavuutta ty\u00f6maalla.<\/p>\n<h3>Maatalouskoneet<\/h3>\n<p>Etukuormaajissa puomisylinterit helpottavat maaper\u00e4n, hein\u00e4n ja muiden materiaalien lastaamista, nostamista ja kuljetusta. Niiden tehokkuus varmistaa, ett\u00e4 maatalousty\u00f6t voidaan suorittaa nopeasti, mik\u00e4 v\u00e4hent\u00e4\u00e4 seisokkiaikaa.<\/p>\n<h3>Kaivinkoneet<\/h3>\n<p>Kaivinkoneissa puomin sylinteri mahdollistaa kauhan tunkeutumisen maaper\u00e4\u00e4n, mik\u00e4 mahdollistaa tehokkaan kaivun. T\u00e4m\u00e4 toiminto on ratkaisevan t\u00e4rke\u00e4 sek\u00e4 rakennus- ett\u00e4 maisemointiprojekteissa, joissa vaaditaan tarkkuutta ja tehoa.<\/p>\n<h3>Kuormaajat<\/h3>\n<p>Etukuormaajissa puomisylintereill\u00e4 on t\u00e4rke\u00e4 rooli kuormien tehokkaassa nostamisessa ja tyhjent\u00e4misess\u00e4. Niiden kest\u00e4v\u00e4 rakenne tukee raskaita nostoja, mik\u00e4 tekee niist\u00e4 v\u00e4ltt\u00e4m\u00e4tt\u00f6mi\u00e4 materiaalink\u00e4sittelyss\u00e4 eri teollisuudenaloilla.<\/p>\n<h2>Suunnittelun\u00e4k\u00f6kohdat ja valintakriteerit<\/h2>\n<h3>Kantavuus<\/h3>\n<p>Yksi t\u00e4rkeimmist\u00e4 huomioista puomisylinterin suunnittelussa on sen kuormituskapasiteetti. T\u00e4m\u00e4 m\u00e4\u00e4r\u00e4ytyy k\u00e4ytettyjen materiaalien, rakenteen ja hydraulisten painerajojen mukaan. Hyvin suunnitellun puomisylinterin on kestett\u00e4v\u00e4 turvallisesti sen k\u00e4ytt\u00f6tarkoitukseen tyypilliset enimm\u00e4iskuormat varmistaen, ettei k\u00e4yt\u00f6n aikana tapahdu vikoja.<\/p>\n<h3>Tiivistys<\/h3>\n<p>Tehokas tiivistys on ratkaisevan t\u00e4rke\u00e4\u00e4 hydraulisylinterien pitk\u00e4ik\u00e4isyyden ja suorituskyvyn kannalta. Korkealaatuisten tiivisteiden k\u00e4ytt\u00f6 est\u00e4\u00e4 hydraulinesteen vuotamisen, yll\u00e4pit\u00e4\u00e4 optimaaliset painetasot ja parantaa tehokkuutta. Hyvin tiivistetty sylinteri est\u00e4\u00e4 my\u00f6s kontaminaation, joka voi johtaa ennenaikaiseen kulumiseen ja vikaantumiseen.<\/p>\n<h3>Kest\u00e4vyys<\/h3>\n<p>Kest\u00e4vyys on hydraulisylinterin suunnittelun kannalta kriittinen osa. K\u00e4ytettyjen materiaalien ja valmistusprosessien tulisi varmistaa, ett\u00e4 sylinteri kest\u00e4\u00e4 ankaria ymp\u00e4rist\u00f6olosuhteita, mukaan lukien \u00e4\u00e4rimm\u00e4iset l\u00e4mp\u00f6tilat ja altistuminen kemikaaleille. T\u00e4m\u00e4 joustavuus on elint\u00e4rke\u00e4\u00e4 toiminnan tehokkuuden yll\u00e4pit\u00e4miseksi ajan kuluessa.<\/p>\n<h3>Turvallisuus<\/h3>\n<p>Hydraulisylinterien suunnittelussa k\u00e4ytett\u00e4v\u00e4t turvaominaisuudet, kuten rikkoutumissuoja ja paineenalennusventtiilit, ovat olennaisia \u200b\u200bonnettomuuksien ehk\u00e4isemiseksi ja k\u00e4ytt\u00e4j\u00e4n turvallisuuden varmistamiseksi. N\u00e4iden ominaisuuksien sis\u00e4llytt\u00e4minen auttaa lievent\u00e4m\u00e4\u00e4n hydraulisiin vikoihin liittyvi\u00e4 riskej\u00e4.<\/p>\n<h3>Yll\u00e4pidett\u00e4vyys<\/h3>\n<p>Helppo huolto on toinen keskeinen suunnittelukriteeri. Hydraulisylinterit tulisi suunnitella helposti huollettaviksi, jolloin tiivisteiden vaihto ja nesteiden tarkastus on nopeaa. T\u00e4m\u00e4 minimoi seisokkiajat ja pit\u00e4\u00e4 laitteet toiminnassa tehokkaasti, mik\u00e4 lopulta alentaa k\u00e4ytt\u00f6kustannuksia.<\/p>\n<p><img decoding=\"async\" src=\"https:\/\/www.hydraulic-cylinders.net\/wp-content\/uploads\/2025\/04\/songte-oil-pipes-and-spare-parts.webp\" alt=\"\u00d6ljyputket ja varaosat\"><\/p>\n<h2>Tiivistys ja voitelu<\/h2>\n<p>Puomin sylinterin tiivistysj\u00e4rjestelm\u00e4ll\u00e4 on keskeinen rooli sen toiminnassa. Erilaisia \u200b\u200btiivisteit\u00e4, kuten m\u00e4nn\u00e4ntiivisteit\u00e4 ja varren tiivisteit\u00e4, k\u00e4ytet\u00e4\u00e4n yleisesti optimaalisen suorituskyvyn varmistamiseksi. Kulutusta kest\u00e4vist\u00e4 materiaaleista, kuten polyuretaanista ja nitriilikumista, valmistetut tiivisteet ovat erityisen tehokkaita hydraulinesteiden kest\u00e4vyydess\u00e4.<\/p>\n<p>Lis\u00e4ksi sylinterin runko ja kierteitetyt p\u00e4\u00e4t koneistetaan tarkasti kulutuskest\u00e4vyyden parantamiseksi ja vaurioiden riskin minimoimiseksi ajan my\u00f6t\u00e4. S\u00e4\u00e4nn\u00f6llinen voitelu hydrauliikka\u00f6ljyll\u00e4 on v\u00e4ltt\u00e4m\u00e4t\u00f6nt\u00e4 sujuvan toiminnan yll\u00e4pit\u00e4miseksi. Riitt\u00e4v\u00e4 voitelu v\u00e4hent\u00e4\u00e4 kitkaa, joka voi johtaa komponenttien ylikuumenemiseen ja ennenaikaiseen kulumiseen.<\/p>\n<h2>S\u00e4\u00e4nn\u00f6llinen tarkastus ja ennaltaehk\u00e4isev\u00e4 huolto<\/h2>\n<ul>\n<li><strong>S\u00e4\u00e4nn\u00f6lliset tarkastukset:<\/strong> Suorita rutiinitarkastukset puomin sylinterin kunnon arvioimiseksi. Etsi kulumisen, vuotojen tai vaurioiden merkkej\u00e4, jotka voivat viitata huollon tai vaihdon tarpeeseen.<\/li>\n<li><strong>Asianmukainen voitelu:<\/strong> Varmista, ett\u00e4 sylinteri on voideltu riitt\u00e4v\u00e4sti suositelluilla hydrauliikka\u00f6ljyill\u00e4. T\u00e4m\u00e4 ei ainoastaan \u200b\u200bparanna suorituskyky\u00e4, vaan my\u00f6s pident\u00e4\u00e4 sylinterin k\u00e4ytt\u00f6ik\u00e4\u00e4.<\/li>\n<li><strong>Tiivisteen vaihto:<\/strong> Tarkista tiivisteiden kuluminen s\u00e4\u00e4nn\u00f6llisesti ja vaihda ne tarvittaessa. T\u00e4m\u00e4 auttaa yll\u00e4pit\u00e4m\u00e4\u00e4n painetta ja est\u00e4m\u00e4\u00e4n nestevuotoja.<\/li>\n<\/ul>\n<h2>Asennusohjeet<\/h2>\n<p>Puomisylinterin oikea asennus on kriittisen t\u00e4rke\u00e4\u00e4 toimivuuden ja turvallisuuden kannalta. Varmista, ett\u00e4 sylinteri on kohdistettu oikein kiinnityspisteisiin, jotta komponentteihin ei kohdistu tarpeetonta rasitusta. K\u00e4yt\u00e4 sopivia kiinnityskorvakkeita sylinterin kiinnitt\u00e4miseen est\u00e4en sen liikkumisen k\u00e4yt\u00f6n aikana.<\/p>\n<p>Ennen asennusta tarkista kaikkien hydrauliliit\u00e4nt\u00f6jen puhtaus kontaminaation v\u00e4ltt\u00e4miseksi. Asennuksen j\u00e4lkeen t\u00e4yt\u00e4 hydraulij\u00e4rjestelm\u00e4 suositellulla \u00f6ljyll\u00e4 ja ilmaa j\u00e4rjestelm\u00e4st\u00e4 varmistaaksesi sujuvan toiminnan. Asennuksen j\u00e4lkeen suorita koek\u00e4ytt\u00f6 varmistaaksesi, ett\u00e4 sylinteri toimii oikein ja tehokkaasti.<\/p>\n<h2>Yleiset huoltoteht\u00e4v\u00e4t<\/h2>\n<ul>\n<li><strong>S\u00e4\u00e4nn\u00f6lliset tarkastukset:<\/strong> Tarkista s\u00e4\u00e4nn\u00f6llisesti, ett\u00e4 kaikki komponentit toimivat oikein. T\u00e4m\u00e4 sis\u00e4lt\u00e4\u00e4 hydraulinesteen m\u00e4\u00e4r\u00e4n tarkistamisen sek\u00e4 letkujen ja liittimien kulumisen merkkien tarkistamisen.<\/li>\n<li><strong>Oikea voitelu:<\/strong> Varmista, ett\u00e4 tiivisteet ja nivelpisteet on voideltu valmistajan ohjeiden mukaisesti kulumisen est\u00e4miseksi.<\/li>\n<li><strong>Tiivisteen vaihto:<\/strong> Tarkkaile tiivisteiden kuntoa ja vaihda ne viipym\u00e4tt\u00e4 tehokkuuden yll\u00e4pit\u00e4miseksi ja vuotojen est\u00e4miseksi.<\/li>\n<\/ul>\n<p>Oikean kohdistuksen varmistaminen asennuksen aikana on ensiarvoisen t\u00e4rke\u00e4\u00e4. V\u00e4\u00e4r\u00e4 kohdistus voi johtaa lis\u00e4\u00e4ntyneeseen kulumiseen ja mahdollisiin rikkoutumiseen. K\u00e4yt\u00e4 sopivia kiinnityskiinnikkeit\u00e4 sylinterin tehokkaaseen kiinnitt\u00e4miseen paikalleen. S\u00e4\u00e4nn\u00f6lliset tarkastukset, korjaukset ja vaihdot ovat elint\u00e4rkeit\u00e4 laitteiden pitk\u00e4ik\u00e4isyyden ja tehokkuuden yll\u00e4pit\u00e4miseksi, tuottavuuden parantamiseksi ja seisokkiaikojen v\u00e4hent\u00e4miseksi.<\/p>\n<p><img decoding=\"async\" src=\"https:\/\/www.hydraulic-cylinders.net\/wp-content\/uploads\/2025\/04\/songte-chushion-collar.webp\" alt=\"Tyynykaulus\"><\/p>\n<h2>Turvallisuusn\u00e4k\u00f6kohdat ja ymp\u00e4rist\u00f6tekij\u00e4t<\/h2>\n<p>Hydraulisylintereit\u00e4 k\u00e4sitelt\u00e4ess\u00e4 turvatoimenpiteet ovat ensiarvoisen t\u00e4rkeit\u00e4. K\u00e4ytt\u00e4j\u00e4t tulee kouluttaa turvallisiin k\u00e4ytt\u00f6tapoihin ja varmistaa, ett\u00e4 kaikki turvaominaisuudet toimivat. S\u00e4\u00e4nn\u00f6lliset huoltotarkastukset parantavat turvallisuutta entisest\u00e4\u00e4n tunnistamalla mahdolliset riskit ennen kuin ne johtavat onnettomuuksiin.<\/p>\n<h2>Vianm\u00e4\u00e4ritys ja yleiset ongelmat<\/h2>\n<ul>\n<li><strong>Vuoto:<\/strong> Vuotoja voi esiinty\u00e4 kuluneiden tiivisteiden tai vaurioituneiden letkujen vuoksi. Tiivisteiden s\u00e4\u00e4nn\u00f6llinen tarkastus ja oikea-aikainen vaihto voivat est\u00e4\u00e4 t\u00e4m\u00e4n ongelman.<\/li>\n<li><strong>Tehon menetys:<\/strong> Jos sylinteri ei reagoi tehokkaasti, se voi viitata alhaiseen hydrauliikka\u00f6ljyn tasoon tai ilmaan j\u00e4rjestelm\u00e4ss\u00e4. J\u00e4rjestelm\u00e4n ilmaaminen ja \u00f6ljytasojen tarkistaminen on v\u00e4ltt\u00e4m\u00e4t\u00f6nt\u00e4.<\/li>\n<li><strong>Ylikuumeneminen:<\/strong> Ylikuumeneminen voi johtua riitt\u00e4m\u00e4tt\u00f6m\u00e4st\u00e4 voitelusta tai liiallisesta kuormituksesta. Varmista asianmukainen voitelu ja noudata suositeltuja kuormitusrajoja t\u00e4m\u00e4n ongelman v\u00e4ltt\u00e4miseksi.<\/li>\n<\/ul>\n<h2>Vianm\u00e4\u00e4ritysvinkkej\u00e4<\/h2>\n<p>Puomisylinterin ongelmien tehokas diagnosointi ja korjaaminen edellytt\u00e4\u00e4 perusteellista tarkastusta ilmeisten ongelmien, kuten vuotojen tai kulumisen, varalta. S\u00e4\u00e4nn\u00f6lliset ennaltaehk\u00e4isev\u00e4t toimenpiteet, kuten oikean nestetason yll\u00e4pit\u00e4minen ja tiivisteiden kunnon varmistaminen, voivat minimoida mahdolliset komplikaatiot. Jos ongelmia ilmenee, nopea toiminta voi est\u00e4\u00e4 tarpeettomat seisokkiajat ja kalliit korjaukset.<\/p>\n<p><img decoding=\"async\" src=\"https:\/\/www.hydraulic-cylinders.net\/wp-content\/uploads\/2025\/04\/songte-bushings-with-all-kinds-of-excavator-models.webp\" alt=\"Kaivinkoneiden holkit\"><\/p>\n<h2>Tietoa yrityksest\u00e4mme<\/h2>\n<p>Olemme johtava hydraulisten sylinterien vaihto-osien valmistaja, joka tarjoaa kattavan valikoiman tuotteita sek\u00e4 kotimaisille ett\u00e4 kansainv\u00e4lisille markkinoille. Sitoutumisemme huippuosaamiseen n\u00e4kyy hienos\u00e4\u00e4detyiss\u00e4 valmistusk\u00e4yt\u00e4nn\u00f6iss\u00e4mme ja tiukoissa laadunvalvontatoimenpiteiss\u00e4mme. Hy\u00f6dynn\u00e4mme edistynytt\u00e4 teknologiaa ja ammattitaitoista henkil\u00f6st\u00f6\u00e4 parantaaksemme tuotantokapasiteettiamme ja varmistaaksemme korkealaatuisen tuotannon.<\/p>\n<p>Erikoistumme r\u00e4\u00e4t\u00e4l\u00f6ityihin palveluihin ja vastaamme monipuolisiin asiakastarpeisiin. Tuotantotilamme on varustettu huippuluokan koneilla, joiden avulla voimme tarjota tarkkoja ja tehokkaita valmistusprosesseja. My\u00f6s j\u00e4lkimarkkinointipalvelumme on yht\u00e4 vankkaa ja tarjoaa tukea ja ratkaisuja asiakastyytyv\u00e4isyyden varmistamiseksi.<\/p>\n<p><img decoding=\"async\" src=\"https:\/\/www.hydraulic-cylinders.net\/wp-content\/uploads\/2025\/04\/songte-company-4.webp\" alt=\"Yrityskuva 1\"><br \/>\n<img decoding=\"async\" src=\"https:\/\/www.hydraulic-cylinders.net\/wp-content\/uploads\/2025\/04\/songte-company-3.webp\" alt=\"Yrityskuva 2\"><\/p>\n<p>Kirjoittaja: lyl<\/p>","protected":false},"excerpt":{"rendered":"<p>Boom Cylinder For Tiangong ZG3235-9C Understanding the Boom Cylinder The Boom Cylinder, specifically designed for the Tiangong ZG3235-9C, is an essential component in hydraulic systems used in heavy machinery. This specialized hydraulic cylinder is primarily responsible for controlling the movement of buckets in various equipment such as excavators, backhoe loaders, and front loaders. The boom [&hellip;]<\/p>","protected":false},"featured_media":17875,"comment_status":"open","ping_status":"closed","template":"","meta":{"_et_pb_use_builder":"","_et_pb_old_content":"","_et_gb_content_width":""},"product_brand":[],"product_cat":[1546],"product_tag":[1547,1496],"class_list":{"0":"post-19687","1":"product","2":"type-product","3":"status-publish","4":"has-post-thumbnail","6":"product_cat-boom-cylinders","7":"product_tag-boom-cylinders","8":"product_tag-hydraulic-cylinders","10":"first","11":"instock","12":"shipping-taxable","13":"product-type-simple"},"amp_enabled":true,"_links":{"self":[{"href":"https:\/\/www.hydraulic-cylinders.net\/fi\/wp-json\/wp\/v2\/product\/19687","targetHints":{"allow":["GET"]}}],"collection":[{"href":"https:\/\/www.hydraulic-cylinders.net\/fi\/wp-json\/wp\/v2\/product"}],"about":[{"href":"https:\/\/www.hydraulic-cylinders.net\/fi\/wp-json\/wp\/v2\/types\/product"}],"replies":[{"embeddable":true,"href":"https:\/\/www.hydraulic-cylinders.net\/fi\/wp-json\/wp\/v2\/comments?post=19687"}],"wp:featuredmedia":[{"embeddable":true,"href":"https:\/\/www.hydraulic-cylinders.net\/fi\/wp-json\/wp\/v2\/media\/17875"}],"wp:attachment":[{"href":"https:\/\/www.hydraulic-cylinders.net\/fi\/wp-json\/wp\/v2\/media?parent=19687"}],"wp:term":[{"taxonomy":"product_brand","embeddable":true,"href":"https:\/\/www.hydraulic-cylinders.net\/fi\/wp-json\/wp\/v2\/product_brand?post=19687"},{"taxonomy":"product_cat","embeddable":true,"href":"https:\/\/www.hydraulic-cylinders.net\/fi\/wp-json\/wp\/v2\/product_cat?post=19687"},{"taxonomy":"product_tag","embeddable":true,"href":"https:\/\/www.hydraulic-cylinders.net\/fi\/wp-json\/wp\/v2\/product_tag?post=19687"}],"curies":[{"name":"wp","href":"https:\/\/api.w.org\/{rel}","templated":true}]}}