{"id":19689,"date":"2025-04-07T07:01:59","date_gmt":"2025-04-07T07:01:59","guid":{"rendered":"https:\/\/www.hydraulic-cylinders.net\/product\/boom-cylinder-for-tiangong-zg3225lc-9c\/"},"modified":"2025-04-07T07:02:02","modified_gmt":"2025-04-07T07:02:02","slug":"boom-cylinder-for-tiangong-zg3225lc-9c","status":"publish","type":"product","link":"https:\/\/www.hydraulic-cylinders.net\/fi\/tuote\/boom-cylinder-for-tiangong-zg3225lc-9c\/","title":{"rendered":"Puomin sylinteri Tiangong ZG3225LC-9C:lle"},"content":{"rendered":"<h1>Puomin sylinteri Tiangong ZG3225LC-9C:lle<\/h1>\n<h2>Johdatus puomin sylinteriin<\/h2>\n<p>Puomin sylinteri on t\u00e4rke\u00e4 osa hydrauliikkaj\u00e4rjestelmi\u00e4, ja se on erityisesti suunniteltu ohjaamaan kauhojen liikett\u00e4 raskaissa koneissa, kuten kaivinkoneissa, kaivurikuormaajissa ja etukuormaajissa. T\u00e4m\u00e4 hydraulisylinteri mahdollistaa kauhan nostamisen, laskemisen ja kallistumisen, mik\u00e4 helpottaa erilaisia \u200b\u200bmateriaalink\u00e4sittelyteht\u00e4vi\u00e4. Sill\u00e4 on ratkaiseva rooli toiminnan tehokkuuden ja tarkkuuden parantamisessa rakennus- ja kaivuuprosesseissa.<\/p>\n<p><img decoding=\"async\" src=\"https:\/\/www.hydraulic-cylinders.net\/wp-content\/uploads\/2025\/04\/songte-company-1.webp\" alt=\"Puomin sylinteri\"><\/p>\n<h3>M\u00e4\u00e4ritelm\u00e4 ja yleiskatsaus<\/h3>\n<p>Kauhasylinteri eli puomisylinteri on hydraulinen sylinterityyppi, joka tuottaa tarvittavan voiman kauhan asennon manipuloimiseksi. N\u00e4m\u00e4 sylinterit on suunniteltu kest\u00e4m\u00e4\u00e4n korkeita paineita ja kuormia, mik\u00e4 tekee niist\u00e4 v\u00e4ltt\u00e4m\u00e4tt\u00f6mi\u00e4 raskaissa sovelluksissa. Niiden kyky tarjota hallittuja liikkeit\u00e4 mahdollistaa k\u00e4ytt\u00e4jien suorittaa teht\u00e4vi\u00e4, kuten kaivamista, nostamista ja lastaamista, helposti.<\/p>\n<h2>Puomin sylinterin ominaisuudet<\/h2>\n<ul>\n<li><strong>Korkea lujuus ja kest\u00e4vyys:<\/strong> Korkean lujuuden omaavasta ter\u00e4ksest\u00e4 tai alumiinista valmistettu puomin sylinteri kest\u00e4\u00e4 korkeaa painetta ja raskaita kuormia. Sen suunnittelussa on otettu huomioon kulumiskest\u00e4vyys ja korroosionesto, mik\u00e4 varmistaa pitk\u00e4n k\u00e4ytt\u00f6i\u00e4n my\u00f6s vaativissa ty\u00f6ymp\u00e4rist\u00f6iss\u00e4.<\/li>\n<li><strong>Tehokas hydraulinen k\u00e4ytt\u00f6:<\/strong> Sylinteri toimii hydrauli\u00f6ljyn paineella, mik\u00e4 mahdollistaa sujuvan ulos- ja sis\u00e4\u00e4nvedon. Se reagoi nopeasti k\u00e4ytt\u00e4j\u00e4n komentoihin ja tuottaa tehokkaita ty\u00f6nt\u00f6- ja vetovoimia, jotka sopivat raskaiden ja monimutkaisten teht\u00e4vien k\u00e4sittelyyn.<\/li>\n<li><strong>Erilaisia \u200b\u200btyyppej\u00e4:<\/strong> Puomin sylinteri voidaan r\u00e4\u00e4t\u00e4l\u00f6id\u00e4 yksitoimiseksi (toimii yhteen suuntaan) tai kaksitoimiseksi (toimii molempiin suuntiin) erilaisten k\u00e4ytt\u00f6tarpeiden mukaan. Jotkut mallit ovat teleskooppisia, mik\u00e4 mahdollistaa suuremman jatkeen ilman ulkomittojen kasvua, mik\u00e4 sopii erinomaisesti ahtaisiin sovelluksiin.<\/li>\n<li><strong>Tarkkuustekniikka:<\/strong> Jokainen sylinteri on suunniteltu huolellisesti optimaalisen suorituskyvyn ja luotettavuuden varmistamiseksi. T\u00e4m\u00e4 tarkkuus parantaa k\u00e4ytt\u00f6turvallisuutta ja -tehokkuutta.<\/li>\n<li><strong>Mukautettu valmistus:<\/strong> Meill\u00e4 on kyky valmistaa t\u00e4t\u00e4 tuotetta, joka tarjoaa t\u00e4ydellisen korvaajan olemassa oleville hydraulisylintereille.<\/li>\n<\/ul>\n<p><img decoding=\"async\" src=\"https:\/\/www.hydraulic-cylinders.net\/wp-content\/uploads\/2025\/04\/songte-cylinder-head-with-all-kinds-excavator-models.webp\" alt=\"Kaivinkonemallit\"><\/p>\n<h2>Puomisylinterin sovellukset<\/h2>\n<h3>Rakennuslaitteet<\/h3>\n<p>Kaivinkoneissa puomin sylinterit ovat olennainen osa kaivamista, lastaamista ja maan tai roskien siirt\u00e4mist\u00e4. Niiden toiminta mahdollistaa tarkan paikannuksen ja noston, mik\u00e4 on ratkaisevan t\u00e4rke\u00e4\u00e4 rakennust\u00f6iss\u00e4. Kaivurikuormaajissa ne auttavat sek\u00e4 kaivamisessa ett\u00e4 nostamisessa, mik\u00e4 tekee niist\u00e4 monipuolisia ty\u00f6kaluja ty\u00f6mailla.<\/p>\n<h3>Maatalouskoneet<\/h3>\n<p>Etukuormaajissa puomisylinterit helpottavat maaper\u00e4n, hein\u00e4n ja muiden materiaalien kaivamista, nostamista ja kuljetusta. Niiden lujuus ja luotettavuus varmistavat, ett\u00e4 maatalousty\u00f6t suoritetaan tehokkaasti, mik\u00e4 parantaa tuottavuutta ja minimoi ty\u00f6voimakustannukset.<\/p>\n<h3>Kaivinkoneet<\/h3>\n<p>Kaivinkoneissa kauhan sylinteri mahdollistaa tehokkaat kaivutoiminnot, koska kauha tunkeutuu tehokkaasti maaper\u00e4\u00e4n. T\u00e4m\u00e4 ominaisuus on elint\u00e4rke\u00e4 erilaisissa teht\u00e4viss\u00e4 rakentamisesta maisemointiin, varmistaen, ett\u00e4 kuljettajat voivat suorittaa ty\u00f6ns\u00e4 minimaalisella vaivalla.<\/p>\n<h3>Kuormaajat<\/h3>\n<p>Etukuormaajissa puomisylintereill\u00e4 on ratkaiseva rooli kuormien tehokkaassa nostamisessa ja tyhjent\u00e4misess\u00e4. Niiden rakenne mahdollistaa sujuvan toiminnan, mik\u00e4 lyhent\u00e4\u00e4 lastausteht\u00e4vien suorittamiseen kuluvaa aikaa, mik\u00e4 on olennaista tuottavuuden yll\u00e4pit\u00e4miseksi ty\u00f6maalla.<\/p>\n<h2>Suunnittelun\u00e4k\u00f6kohdat ja valintastandardit<\/h2>\n<h3>Kantavuus<\/h3>\n<p>Puomisylinteri\u00e4 valittaessa on ensiarvoisen t\u00e4rke\u00e4\u00e4 ymm\u00e4rt\u00e4\u00e4 sen kuormituskapasiteetti. Sylinterin on kyett\u00e4v\u00e4 k\u00e4sittelem\u00e4\u00e4n sen k\u00e4yt\u00f6n aikana kohtaama enimm\u00e4ispaino. Insin\u00f6\u00f6rit ottavat huomioon useita tekij\u00f6it\u00e4, kuten materiaalien painon ja laitteen yleisen rakenteen. Sylinterin ylikuormitus voi johtaa katastrofaalisiin vikoihin, joten on ratkaisevan t\u00e4rke\u00e4\u00e4 valita komponentti, joka ylitt\u00e4\u00e4 odotetun kuormituksen.<\/p>\n<h3>Tiivistys<\/h3>\n<p>Tiivistys on toinen t\u00e4rke\u00e4 huomioitava seikka. Sylinteri on varustettava korkealaatuisilla tiivisteill\u00e4 hydraulinesteen vuotojen est\u00e4miseksi, jotka voivat heikent\u00e4\u00e4 suorituskyky\u00e4. Usein k\u00e4ytet\u00e4\u00e4n polyuretaanista tai nitriilikumista valmistettuja tiivisteit\u00e4 niiden kest\u00e4vyyden ja kulutuskest\u00e4vyyden vuoksi. Asianmukaisen tiivistyksen varmistaminen ei ainoastaan \u200b\u200bparanna tehokkuutta, vaan my\u00f6s pident\u00e4\u00e4 sylinterin k\u00e4ytt\u00f6ik\u00e4\u00e4.<\/p>\n<h3>Kest\u00e4vyys<\/h3>\n<p>Kest\u00e4vyys on olennaista puomisylintereille, koska ne altistuvat ankarille k\u00e4ytt\u00f6olosuhteille. Valmistajat keskittyv\u00e4t kest\u00e4vien materiaalien ja pinnoitteiden k\u00e4ytt\u00f6\u00f6n, jotka kest\u00e4v\u00e4t kulumista ja korroosiota. Kest\u00e4v\u00e4 sylinteri minimoi huoltotarpeen ja parantaa luotettavuutta varmistaen, ett\u00e4 laitteet pysyv\u00e4t toimintakunnossa pidemp\u00e4\u00e4n.<\/p>\n<h3>Turvallisuus<\/h3>\n<p>My\u00f6s turvaominaisuuksien tulisi olla ensisijaisia \u200b\u200bhuolenaiheita. Hydraulisylintereiss\u00e4 on oltava sis\u00e4\u00e4nrakennetut turvamekanismit odottamattomien vikojen est\u00e4miseksi k\u00e4yt\u00f6n aikana. N\u00e4ihin voivat kuulua paineenalennusventtiilit ja turvalukot, jotka varmistavat, ettei sylinteri toimi turvallisten rajojen ulkopuolella. Asianmukaiset turvatoimenpiteet suojaavat sek\u00e4 laitteita ett\u00e4 k\u00e4ytt\u00e4j\u00e4\u00e4.<\/p>\n<h3>Yll\u00e4pidett\u00e4vyys<\/h3>\n<p>Lopuksi, huollettavuudella on merkitt\u00e4v\u00e4 rooli valintaprosessissa. Helpon huollon ja tarkastuksen mahdollistavan rakenteen valitseminen voi s\u00e4\u00e4st\u00e4\u00e4 aikaa ja v\u00e4hent\u00e4\u00e4 seisokkiaikoja. Ominaisuudet, kuten helposti saavutettavat rasvanipat ja suoraviivaiset purkamisprosessit, voivat parantaa huomattavasti huollettavuutta varmistaen, ett\u00e4 sylinteri\u00e4 voidaan huoltaa tehokkaasti tarvittaessa.<\/p>\n<p><img decoding=\"async\" src=\"https:\/\/www.hydraulic-cylinders.net\/wp-content\/uploads\/2025\/04\/songte-oil-pipes-and-spare-parts.webp\" alt=\"\u00d6ljyputket ja varaosat\"><\/p>\n<h2>Tiivistys ja voitelu<\/h2>\n<p>Puomisylinterin tehokkuus riippuu suuresti sen tiivistys- ja voiteluj\u00e4rjestelmist\u00e4. Liikkuvien osien v\u00e4lisen tiiviin tiivistyksen varmistamiseksi k\u00e4ytet\u00e4\u00e4n erilaisia \u200b\u200btiivisteit\u00e4, kuten m\u00e4nn\u00e4ntiivisteit\u00e4 ja varren tiivisteit\u00e4. N\u00e4m\u00e4 tiivisteet on tyypillisesti valmistettu ankariin olosuhteisiin soveltuvista kulutusta kest\u00e4vist\u00e4 materiaaleista, kuten polyuretaanista ja nitriilikumista. Lis\u00e4ksi sylinterin runko ja kierteitetyt p\u00e4\u00e4t k\u00e4sitell\u00e4\u00e4n hienos\u00e4\u00e4detysti kulutuskest\u00e4vyyden parantamiseksi.<\/p>\n<p>S\u00e4\u00e4nn\u00f6llinen voitelu on my\u00f6s kriittist\u00e4; sopivia hydrauliikka\u00f6ljyj\u00e4 on lis\u00e4tt\u00e4v\u00e4 s\u00e4\u00e4nn\u00f6llisesti kitkan ja kulumisen v\u00e4hent\u00e4miseksi. Oikean voitelutason yll\u00e4pit\u00e4minen ei ainoastaan \u200b\u200bpidenn\u00e4 sylinterin k\u00e4ytt\u00f6ik\u00e4\u00e4, vaan my\u00f6s varmistaa optimaalisen suorituskyvyn k\u00e4yt\u00f6n aikana. Voitelun laiminly\u00f6nti voi johtaa ennenaikaiseen kulumiseen ja mahdollisiin rikkoutumiseen, joten se on olennainen osa huoltoa.<\/p>\n<h2>Ennaltaehk\u00e4isev\u00e4t huoltotoimenpiteet<\/h2>\n<ul>\n<li><strong>S\u00e4\u00e4nn\u00f6lliset tarkastukset:<\/strong> Rutiinitarkastusten suorittaminen voi auttaa tunnistamaan mahdolliset ongelmat ennen kuin niist\u00e4 tulee merkitt\u00e4vi\u00e4. Etsi kulumisen merkkej\u00e4, vuotoja ja ep\u00e4tavallisia \u00e4\u00e4ni\u00e4 k\u00e4yt\u00f6n aikana.<\/li>\n<li><strong>Asianmukainen voitelu:<\/strong> Varmista, ett\u00e4 hydrauliikka\u00f6ljyn taso on oikea ja ett\u00e4 \u00f6ljy on korkealaatuista. Tarkista \u00f6ljy s\u00e4\u00e4nn\u00f6llisesti ja t\u00e4yt\u00e4 tarvittaessa optimaalisen suorituskyvyn yll\u00e4pit\u00e4miseksi.<\/li>\n<li><strong>Tiivisteen vaihto:<\/strong> Ajan my\u00f6t\u00e4 tiivisteet voivat kulua ja ne saattavat vaatia vaihtoa. Tarkista tiivisteet s\u00e4\u00e4nn\u00f6llisesti ja vaihda ne heti ensimm\u00e4isten vaurioiden ilmetess\u00e4 vuotojen est\u00e4miseksi ja tehokkuuden yll\u00e4pit\u00e4miseksi.<\/li>\n<\/ul>\n<h2>Asennusohjeet<\/h2>\n<p>Puomisylinterin oikea asennus on elint\u00e4rke\u00e4\u00e4 optimaalisen suorituskyvyn saavuttamiseksi. Aloita varmistamalla, ett\u00e4 kiinnityspinnat ovat puhtaat ja roskattomat. Kohdista sylinteri oikein k\u00e4ytt\u00e4m\u00e4ll\u00e4 sopivia kiinnityskorvakkeita sen kiinnitt\u00e4miseksi paikalleen. V\u00e4\u00e4r\u00e4 kohdistus voi aiheuttaa tiivisteille kohtuutonta rasitusta ja johtaa ennenaikaiseen vikaantumiseen.<\/p>\n<p>Kun sylinteri on kiinnitetty, kytke hydrauliikkaletkut ja varmista, ett\u00e4 kaikki liitokset ovat tiukat ja vuotamattomat. On t\u00e4rke\u00e4\u00e4 noudattaa valmistajan ohjeita v\u00e4\u00e4nt\u00f6momenttien suhteen, jotta komponentit eiv\u00e4t vahingoitu. Asennuksen j\u00e4lkeen tarkista mahdolliset vuodot testaamalla hydrauliikkaj\u00e4rjestelm\u00e4\u00e4 alhaisella paineella ennen t\u00e4ydell\u00e4 teholla k\u00e4ytt\u00f6\u00e4.<\/p>\n<p>Tarkista s\u00e4\u00e4nn\u00f6llisesti valmistajan toimittamat asennusohjeet ja huolto-ohjeet varmistaaksesi pitk\u00e4aikaisen toimivuuden ja turvallisuuden.<\/p>\n<h2>Yleiset huoltoteht\u00e4v\u00e4t<\/h2>\n<h3>S\u00e4\u00e4nn\u00f6lliset tarkastukset<\/h3>\n<p>Puomisylinterin s\u00e4\u00e4nn\u00f6lliset tarkastukset ovat ratkaisevan t\u00e4rkeit\u00e4 mahdollisten ongelmien tunnistamiseksi varhaisessa vaiheessa. Tarkista kulumisen, vaurioiden tai vuotojen merkit ja korjaa mahdolliset ongelmat v\u00e4litt\u00f6m\u00e4sti lis\u00e4vaurioiden est\u00e4miseksi. Ennakoiva l\u00e4hestymistapa huoltoon voi s\u00e4\u00e4st\u00e4\u00e4 aikaa ja kustannuksia korjauksissa.<\/p>\n<h3>Oikea voitelu<\/h3>\n<p>Oikea voitelu on elint\u00e4rke\u00e4\u00e4 puomisylinterin pitk\u00e4ik\u00e4isyyden kannalta. Varmista, ett\u00e4 hydrauliikka\u00f6ljyn taso on oikea ja ett\u00e4 k\u00e4ytetty \u00f6ljy on suositeltua tyyppi\u00e4. Voitele kaikki liikkuvat osat s\u00e4\u00e4nn\u00f6llisesti kitkan ja kulumisen v\u00e4hent\u00e4miseksi, mik\u00e4 voi pident\u00e4\u00e4 sylinterin k\u00e4ytt\u00f6ik\u00e4\u00e4.<\/p>\n<h3>Tiivisteiden vaihto ja kalibrointitarkastukset<\/h3>\n<p>Tiivisteet on vaihdettava s\u00e4\u00e4nn\u00f6llisesti suorituskyvyn yll\u00e4pit\u00e4miseksi. Tarkista tiivisteiden kuluminen s\u00e4\u00e4nn\u00f6llisesti ja vaihda ne tarvittaessa. Kalibrointitarkastukset ovat my\u00f6s t\u00e4rkeit\u00e4 sen varmistamiseksi, ett\u00e4 sylinteri toimii m\u00e4\u00e4riteltyjen parametrien mukaisesti. N\u00e4m\u00e4 tarkastukset auttavat yll\u00e4pit\u00e4m\u00e4\u00e4n tehokkuutta ja turvallisuutta k\u00e4yt\u00f6n aikana.<\/p>\n<p><img decoding=\"async\" src=\"https:\/\/www.hydraulic-cylinders.net\/wp-content\/uploads\/2025\/04\/songte-chushion-collar.webp\" alt=\"Tyynykaulus\"><\/p>\n<h2>Turvallisuusn\u00e4k\u00f6kohdat ja ymp\u00e4rist\u00f6tekij\u00e4t<\/h2>\n<p>Hydraulij\u00e4rjestelmien kanssa ty\u00f6skennelt\u00e4ess\u00e4 turvatoimenpiteet ovat ensiarvoisen t\u00e4rkeit\u00e4. K\u00e4ytt\u00e4jien tulee aina olla tietoisia hydraulij\u00e4rjestelmiin liittyvist\u00e4 mahdollisista vaaroista, kuten korkeapainevuodoista ja \u00e4killisist\u00e4 liikkeist\u00e4. Asianmukainen koulutus ja turvallisuusprotokollien noudattaminen ovat v\u00e4ltt\u00e4m\u00e4tt\u00f6mi\u00e4 onnettomuuksien ehk\u00e4isemiseksi. Lis\u00e4ksi on otettava huomioon ymp\u00e4rist\u00f6tekij\u00e4t, kuten hydraulinesteiden h\u00e4vitt\u00e4minen, ekologisten vaikutusten minimoimiseksi.<\/p>\n<h2>Vianm\u00e4\u00e4ritys ja yleiset ongelmat<\/h2>\n<ul>\n<li><strong>Suorituskyvyn menetys:<\/strong> Suorituskyvyn lasku voi viitata hydrauliikka\u00f6ljyn vuotoihin tai paineongelmiin. Tarkista vuodot ja varmista, ett\u00e4 hydrauliikkaj\u00e4rjestelm\u00e4 toimii oikein.<\/li>\n<li><strong>Ep\u00e4tavalliset \u00e4\u00e4net:<\/strong> Hankaus- tai kolina\u00e4\u00e4net k\u00e4yt\u00f6n aikana voivat olla merkki mekaanisista ongelmista. Tarkista sylinteri mahdollisten komponenttivikojen varalta.<\/li>\n<li><strong>Ylikuumeneminen:<\/strong> Jos hydrauliikkaj\u00e4rjestelm\u00e4 ylikuumenee, se voi johtua riitt\u00e4m\u00e4tt\u00f6m\u00e4st\u00e4 voitelusta tai ylikuormituksesta. Tarkista \u00f6ljym\u00e4\u00e4r\u00e4t ja tutki, onko j\u00e4rjestelm\u00e4ss\u00e4 tukoksia.<\/li>\n<\/ul>\n<h2>Vianm\u00e4\u00e4ritysvinkkej\u00e4 ja -ratkaisuja<\/h2>\n<p>Puomisylinterin ongelmien tehokkaaksi diagnosoimiseksi ja korjaamiseksi aloita perusteellisella silm\u00e4m\u00e4\u00e4r\u00e4isell\u00e4 tarkastuksella vuotojen tai vaurioiden varalta. Varmista, ett\u00e4 kaikki liitokset ovat tiukat ja ett\u00e4 hydraulinesteen taso on oikea. Jos vuotoja l\u00f6ytyy, vaihda tiivisteet ja liittimet tarvittaessa.<\/p>\n<p>Suorituskykyyn liittyvien ongelmien varalta tarkista hydraulij\u00e4rjestelm\u00e4 tukosten tai paineh\u00e4vi\u00f6iden varalta. Korjaa kaikki havaitut ongelmat ennen laitteen uudelleen k\u00e4ytt\u00f6\u00f6nottoa. S\u00e4\u00e4nn\u00f6llinen huolto ja k\u00e4ytt\u00f6ohjeiden noudattaminen voivat auttaa ehk\u00e4isem\u00e4\u00e4n monia yleisi\u00e4 ongelmia ja varmistamaan, ett\u00e4 puomin sylinteri pysyy toimintakykyisen\u00e4 ja tehokkaana.<\/p>\n<p><img decoding=\"async\" src=\"https:\/\/www.hydraulic-cylinders.net\/wp-content\/uploads\/2025\/04\/songte-bushings-with-all-kinds-of-excavator-models.webp\" alt=\"Kaivinkonemallien holkit\"><\/p>\n<h2>Yrityksen yleiskatsaus<\/h2>\n<p>Olemme johtava vaihtoehtoisten hydraulisylintereiden valmistaja ja jakelija, ja meill\u00e4 on kattava valikoima tuotteita, jotka on suunniteltu vastaamaan sek\u00e4 kotimaisten ett\u00e4 kansainv\u00e4listen markkinoiden tarpeisiin. Sitoutumisemme laatuun n\u00e4kyy tarkkoissa valmistusstrategioissamme, joissa hy\u00f6dynnet\u00e4\u00e4n edistynytt\u00e4 teknologiaa ja ammattitaitoista henkil\u00f6st\u00f6\u00e4 korkean suorituskyvyn ja luotettavuuden varmistamiseksi.<\/p>\n<p>Tuotantoprosessiamme tukevat huippuluokan valmistuslaitteet ja perusteellinen testausj\u00e4rjestelm\u00e4, joiden avulla voimme jatkuvasti parantaa tuotteiden laatua. Keskittym\u00e4ll\u00e4 tehokkuuteen, tarkkuuteen ja korkeisiin standardeihin pyrimme vastaamaan monipuolisiin asiakasvaatimuksiin yksil\u00f6llisen palvelun ja tuen avulla.<\/p>\n<p><img decoding=\"async\" src=\"https:\/\/www.hydraulic-cylinders.net\/wp-content\/uploads\/2025\/04\/songte-company-4.webp\" alt=\"Yrityksen yleiskatsaus\"><br \/>\n<img decoding=\"async\" src=\"https:\/\/www.hydraulic-cylinders.net\/wp-content\/uploads\/2025\/04\/songte-company-3.webp\" alt=\"Yrityksen yleiskatsaus\"><\/p>\n<p>Tekij\u00e4 lyl<\/p>","protected":false},"excerpt":{"rendered":"<p>Boom Cylinder For Tiangong ZG3225LC-9C Introduction to Boom Cylinder The Boom Cylinder is a vital component in hydraulic systems, specifically designed for controlling the movement of buckets in heavy machinery such as excavators, backhoe loaders, and front-end loaders. This hydraulic cylinder enables the bucket to lift, lower, and tilt, facilitating various material handling tasks. It [&hellip;]<\/p>","protected":false},"featured_media":17877,"comment_status":"open","ping_status":"closed","template":"","meta":{"_et_pb_use_builder":"","_et_pb_old_content":"","_et_gb_content_width":""},"product_brand":[],"product_cat":[1546],"product_tag":[1547,1496],"class_list":{"0":"post-19689","1":"product","2":"type-product","3":"status-publish","4":"has-post-thumbnail","6":"product_cat-boom-cylinders","7":"product_tag-boom-cylinders","8":"product_tag-hydraulic-cylinders","10":"first","11":"instock","12":"shipping-taxable","13":"product-type-simple"},"amp_enabled":true,"_links":{"self":[{"href":"https:\/\/www.hydraulic-cylinders.net\/fi\/wp-json\/wp\/v2\/product\/19689","targetHints":{"allow":["GET"]}}],"collection":[{"href":"https:\/\/www.hydraulic-cylinders.net\/fi\/wp-json\/wp\/v2\/product"}],"about":[{"href":"https:\/\/www.hydraulic-cylinders.net\/fi\/wp-json\/wp\/v2\/types\/product"}],"replies":[{"embeddable":true,"href":"https:\/\/www.hydraulic-cylinders.net\/fi\/wp-json\/wp\/v2\/comments?post=19689"}],"wp:featuredmedia":[{"embeddable":true,"href":"https:\/\/www.hydraulic-cylinders.net\/fi\/wp-json\/wp\/v2\/media\/17877"}],"wp:attachment":[{"href":"https:\/\/www.hydraulic-cylinders.net\/fi\/wp-json\/wp\/v2\/media?parent=19689"}],"wp:term":[{"taxonomy":"product_brand","embeddable":true,"href":"https:\/\/www.hydraulic-cylinders.net\/fi\/wp-json\/wp\/v2\/product_brand?post=19689"},{"taxonomy":"product_cat","embeddable":true,"href":"https:\/\/www.hydraulic-cylinders.net\/fi\/wp-json\/wp\/v2\/product_cat?post=19689"},{"taxonomy":"product_tag","embeddable":true,"href":"https:\/\/www.hydraulic-cylinders.net\/fi\/wp-json\/wp\/v2\/product_tag?post=19689"}],"curies":[{"name":"wp","href":"https:\/\/api.w.org\/{rel}","templated":true}]}}