{"id":19690,"date":"2025-04-07T07:02:02","date_gmt":"2025-04-07T07:02:02","guid":{"rendered":"https:\/\/www.hydraulic-cylinders.net\/product\/boom-cylinder-for-tiangong-zg3225lc-9\/"},"modified":"2025-04-07T07:02:05","modified_gmt":"2025-04-07T07:02:05","slug":"boom-cylinder-for-tiangong-zg3225lc-9","status":"publish","type":"product","link":"https:\/\/www.hydraulic-cylinders.net\/fi\/tuote\/boom-cylinder-for-tiangong-zg3225lc-9\/","title":{"rendered":"Puomin sylinteri Tiangong ZG3225LC-9:lle"},"content":{"rendered":"<h1>Puomin sylinteri Tiangong ZG3225LC-9:lle<\/h1>\n<h2>Puomin sylinterin ymm\u00e4rt\u00e4minen<\/h2>\n<p>Puomisylinteri on erikoishydraulinen sylinteri, joka on suunniteltu ohjaamaan puomin liikett\u00e4 erilaisissa raskaissa koneissa, kuten kaivinkoneissa, kaivurikuormaajissa ja etukuormaajissa. N\u00e4ill\u00e4 sylintereill\u00e4 on ratkaiseva rooli puomin nostamisessa, laskemisessa ja kallistamisessa, mik\u00e4 helpottaa tehokkaita materiaalink\u00e4sittelyteht\u00e4vi\u00e4. Puomisylinterin toimivuus on olennaista hydraulij\u00e4rjestelmiss\u00e4, joissa se muuntaa hydraulinesteen paineen mekaaniseksi energiaksi, jolloin raskaiden laitteiden k\u00e4ytt\u00e4j\u00e4t voivat suorittaa monimutkaisia \u200b\u200btoimintoja tarkasti ja helposti.<\/p>\n<p>N\u00e4m\u00e4 hydraulisylinterit ovat olennaisia \u200b\u200bkomponentteja, jotka varmistavat raskaiden koneiden tehokkaan suorituskyvyn. Ne ovat v\u00e4ltt\u00e4m\u00e4tt\u00f6mi\u00e4 esimerkiksi kaivamisessa, lastaamisessa ja materiaalien siirt\u00e4misess\u00e4, mik\u00e4 tekee niist\u00e4 korvaamattomia rakennus-, maataloudessa ja teollisuudessa.<\/p>\n<p><img decoding=\"async\" src=\"https:\/\/www.hydraulic-cylinders.net\/wp-content\/uploads\/2025\/04\/songte-company-1.webp\" alt=\"Puomin sylinteri\"><\/p>\n<h3>Puomin sylinterin ominaisuudet<\/h3>\n<ul>\n<li><strong>Korkea lujuus ja kest\u00e4vyys:<\/strong> Korkean lujuuden ter\u00e4ksest\u00e4 tai alumiinista valmistettu puomin sylinteri kest\u00e4\u00e4 korkeita paineita ja raskaita kuormia, joten se sopii vaativiin ty\u00f6ymp\u00e4rist\u00f6ihin. Sen suunnittelussa on otettu huomioon kulumiskest\u00e4vyys ja korroosiosuojaus, mik\u00e4 pident\u00e4\u00e4 sen k\u00e4ytt\u00f6ik\u00e4\u00e4.<\/li>\n<li><strong>Tehokas hydraulinen k\u00e4ytt\u00f6:<\/strong> Sylinteri hy\u00f6dynt\u00e4\u00e4 hydraulinestepainetta sujuvaan ulosvetoon ja sis\u00e4\u00e4nvetoon, mik\u00e4 mahdollistaa nopean reagoinnin k\u00e4ytt\u00e4j\u00e4n komentoihin ja tarjoaa huomattavan ty\u00f6nt\u00f6- ja vetovoiman, mik\u00e4 on ihanteellista raskaiden esineiden k\u00e4sittelyyn.<\/li>\n<li><strong>Erilaisia \u200b\u200btyyppej\u00e4:<\/strong> K\u00e4ytt\u00f6tarpeista riippuen puomin sylinteri voi olla yksitoiminen (toimii yhteen suuntaan) tai kaksitoiminen (toimii molempiin suuntiin). Jotkut mallit ovat teleskooppisia, mik\u00e4 mahdollistaa suuremman jatkeen ilman ulkomitan kasvua, mik\u00e4 on hy\u00f6dyllist\u00e4 sovelluksissa, joissa on tilaa rajoitetusti.<\/li>\n<\/ul>\n<p>Yrityksemme on erikoistunut n\u00e4iden hydraulisylintereiden valmistukseen, ja ne tarjoavat t\u00e4ydellisi\u00e4 korvaajia olemassa oleville puomisylintereille, joita k\u00e4ytet\u00e4\u00e4n erilaisissa koneissa.<\/p>\n<p><img decoding=\"async\" src=\"https:\/\/www.hydraulic-cylinders.net\/wp-content\/uploads\/2025\/04\/songte-cylinder-head-with-all-kinds-excavator-models.webp\" alt=\"Kaivinkonemallit\"><\/p>\n<h2>Puomisylinterin sovellukset<\/h2>\n<h3>Rakennuslaitteet<\/h3>\n<p>Kaivinkoneissa puomin sylinterit ovat kriittisi\u00e4 kaivamisessa, lastaamisessa ja maaper\u00e4n tai roskien siirt\u00e4misess\u00e4. Ne mahdollistavat puomin k\u00e4\u00e4ntymisen ja ojentamisen, jolloin kuljettaja voi suorittaa teht\u00e4vi\u00e4 tehokkaasti eri kulmissa ja syvyyksiss\u00e4. Puomin tarkka hallinta varmistaa, ett\u00e4 toiminnot suoritetaan turvallisesti ja tehokkaasti, mik\u00e4 minimoi onnettomuusriskin.<\/p>\n<h3>Maatalouskoneet<\/h3>\n<p>Etukuormaajissa puomisylintereit\u00e4 k\u00e4ytet\u00e4\u00e4n maan, hein\u00e4n ja muiden materiaalien kaivamiseen, nostamiseen ja kuljettamiseen. N\u00e4m\u00e4 sylinterit tarjoavat tarvittavan voiman raskaiden kuormien k\u00e4sittelyyn, mik\u00e4 tekee niist\u00e4 v\u00e4ltt\u00e4m\u00e4tt\u00f6mi\u00e4 maatilojen tuottavuudelle. Niiden kyky toimia erilaisissa olosuhteissa parantaa niiden hy\u00f6dyllisyytt\u00e4 maatalousymp\u00e4rist\u00f6iss\u00e4.<\/p>\n<h3>Kaivinkoneet<\/h3>\n<p>Kaivinkoneissa puomin sylinteri helpottaa kaivuliikett\u00e4 antamalla kauhan tunkeutua maahan. Sylinterin tuottama hydraulinen voima varmistaa, ett\u00e4 kaivinkone voi murtautua kovien maakerrosten l\u00e4pi, mik\u00e4 tekee kaivut\u00f6ist\u00e4 nopeampia ja tehokkaampia.<\/p>\n<h3>Kuormaajat<\/h3>\n<p>Etukuormaajissa puomisylinterit auttavat materiaalien tehokkaassa nostamisessa ja tyhjent\u00e4misess\u00e4. Niiden avulla kuljettaja voi hallita kuorman jakautumista ja korkeutta, mik\u00e4 on elint\u00e4rke\u00e4\u00e4 kuorma-autojen lastaamisessa tai materiaalien siirt\u00e4misess\u00e4 tiettyihin paikkoihin. N\u00e4iden sylinterien luotettavuus varmistaa, ett\u00e4 kuormaajat voivat toimia vaativissa olosuhteissa.<\/p>\n<h2>Suunnittelun\u00e4k\u00f6kohdat ja valintakriteerit<\/h2>\n<h3>Kantavuus<\/h3>\n<p>Puomisylinterin kuormituskapasiteetti on ratkaiseva tekij\u00e4 sen suunnittelussa. Se on suunniteltava kest\u00e4m\u00e4\u00e4n k\u00e4yt\u00f6n aikana kohdistuva enimm\u00e4ispaino ilman vikaantumisriski\u00e4. T\u00e4m\u00e4 edellytt\u00e4\u00e4 tiukkaa testausta ja alan standardien noudattamista turvallisuuden ja luotettavuuden varmistamiseksi.<\/p>\n<h3>Tiivistysmekanismit<\/h3>\n<p>Tehokas tiivistys on elint\u00e4rke\u00e4\u00e4 hydraulinesteen vuotojen est\u00e4miseksi, jotka voivat johtaa tehokkuuden heikkenemiseen ja mahdolliseen j\u00e4rjestelm\u00e4n vikaantumiseen. Korkealaatuisia tiivisteit\u00e4, jotka on valmistettu materiaaleista, kuten polyuretaanista ja nitriilikumista, k\u00e4ytet\u00e4\u00e4n usein kest\u00e4vyyden parantamiseksi ja paineen yll\u00e4pit\u00e4miseksi j\u00e4rjestelm\u00e4ss\u00e4.<\/p>\n<h3>Kest\u00e4vyys<\/h3>\n<p>Kest\u00e4vyys on toinen t\u00e4rke\u00e4 suunnittelukriteeri. Puomisylinterien rakenteessa k\u00e4ytettyjen materiaalien on kestett\u00e4v\u00e4 jatkuvan k\u00e4yt\u00f6n aiheuttamaa kulumista erilaisissa ymp\u00e4rist\u00f6olosuhteissa. T\u00e4h\u00e4n kuuluvat usein korroosionkest\u00e4v\u00e4t pinnoitteet ja kest\u00e4v\u00e4t rakennustekniikat sylinterin k\u00e4ytt\u00f6i\u00e4n pident\u00e4miseksi.<\/p>\n<h3>Turvaominaisuudet<\/h3>\n<p>Turvallisuusn\u00e4k\u00f6kohdat ovat ensiarvoisen t\u00e4rkeit\u00e4 puomisylintereiden suunnittelussa. Paineenalennusventtiilit ja turvalukot on integroitu onnettomuuksien est\u00e4miseksi k\u00e4yt\u00f6n aikana. N\u00e4m\u00e4 mekanismit auttavat suojaamaan sek\u00e4 k\u00e4ytt\u00e4j\u00e4\u00e4 ett\u00e4 laitteita odottamattomilta vioilta.<\/p>\n<h3>Huolto ja huollettavuus<\/h3>\n<p>Helppo huolto on t\u00e4rke\u00e4\u00e4 puomisylinterin pitk\u00e4aikaisen toimivuuden varmistamiseksi. Ominaisuudet, jotka mahdollistavat tiivisteiden yksinkertaisen tarkastuksen, voitelun ja vaihdon, v\u00e4hent\u00e4v\u00e4t seisokkiaikoja ja alentavat huoltokustannuksia, mik\u00e4 parantaa lopulta tuottavuutta.<\/p>\n<p><img decoding=\"async\" src=\"https:\/\/www.hydraulic-cylinders.net\/wp-content\/uploads\/2025\/04\/songte-oil-pipes-and-spare-parts.webp\" alt=\"\u00d6ljyputket ja varaosat\"><\/p>\n<h2>Puomin sylinterin tiivistys ja voitelu<\/h2>\n<p>Asianmukainen tiivistys ja voitelu ovat elint\u00e4rkeit\u00e4 puomisylinterien tehokkaalle toiminnalle. Erilaiset tiivistyselementit, kuten m\u00e4nn\u00e4ntiivisteet ja varren tiivisteet, ovat v\u00e4ltt\u00e4m\u00e4tt\u00f6mi\u00e4 hydraulisen paineen yll\u00e4pit\u00e4miseksi j\u00e4rjestelm\u00e4ss\u00e4. Kulutusta kest\u00e4vist\u00e4 materiaaleista, kuten polyuretaanista ja nitriilikumista, valmistettujen tiivisteiden valinta varmistaa pitk\u00e4n k\u00e4ytt\u00f6i\u00e4n ja luotettavuuden.<\/p>\n<p>Sylinterin runko ja kierteitetyt p\u00e4\u00e4typinnat koneistetaan huolellisesti kulutuskest\u00e4vyyden ja tiivistyskyvyn parantamiseksi. S\u00e4\u00e4nn\u00f6llinen voitelu hydrauliikka\u00f6ljyll\u00e4 on tarpeen kitkan v\u00e4hent\u00e4miseksi ja ylikuumenemisen est\u00e4miseksi, mik\u00e4 varmistaa sujuvan toiminnan ja pident\u00e4\u00e4 sylinterin k\u00e4ytt\u00f6ik\u00e4\u00e4.<\/p>\n<h2>S\u00e4\u00e4nn\u00f6llinen tarkastus ja ennaltaehk\u00e4isev\u00e4 huolto<\/h2>\n<ul>\n<li><strong>S\u00e4\u00e4nn\u00f6lliset tarkastukset:<\/strong> Puomisylinterin rutiinitarkastukset voivat auttaa tunnistamaan mahdolliset ongelmat ennen kuin niist\u00e4 tulee merkitt\u00e4vi\u00e4. Etsi kulumisen merkkej\u00e4, vuotoja tai ep\u00e4tavallisia \u00e4\u00e4ni\u00e4 k\u00e4yt\u00f6n aikana.<\/li>\n<li><strong>Oikea voitelu:<\/strong> Sylinterin riitt\u00e4v\u00e4 voitelu on ratkaisevan t\u00e4rke\u00e4\u00e4 optimaalisen suorituskyvyn kannalta. K\u00e4yt\u00e4 suositeltua hydrauliikka\u00f6ljy\u00e4 ja tarkista \u00f6ljym\u00e4\u00e4r\u00e4t s\u00e4\u00e4nn\u00f6llisesti, jotta riitt\u00e4m\u00e4tt\u00f6m\u00e4st\u00e4 voitelusta johtuvat vauriot estet\u00e4\u00e4n.<\/li>\n<li><strong>Tiivisteen vaihto:<\/strong> Ajan my\u00f6t\u00e4 tiivisteet voivat kulua ja ne on vaihdettava. Tarkista tiivisteet s\u00e4\u00e4nn\u00f6llisesti vaurioiden varalta ja vaihda ne tarvittaessa hydraulisen tehokkuuden yll\u00e4pit\u00e4miseksi ja vuotojen est\u00e4miseksi.<\/li>\n<\/ul>\n<h2>Puomin sylinterin asennusohjeet<\/h2>\n<p>Puomisylinterin oikea asentaminen on olennaista optimaalisen suorituskyvyn ja turvallisuuden varmistamiseksi. Aloita varmistamalla, ett\u00e4 sylinteri on kohdistettu oikein laitteen kiinnityspisteisiin. K\u00e4yt\u00e4 sopivia kiinnityskorvakkeita sylinterin kiinnitt\u00e4miseen paikalleen.<\/p>\n<p>Pay attention to the hydraulic connections, ensuring that they are tight and leak-free. It is critical to follow the manufacturer&#8217;s recommendations for torque specifications during installation. After installation, check the alignment of the cylinder to prevent undue stress and potential failure during operation.<\/p>\n<h2>Puomin sylinterin huoltoteht\u00e4v\u00e4t<\/h2>\n<ul>\n<li><strong>S\u00e4\u00e4nn\u00f6lliset tarkastukset:<\/strong> Rutiinitarkastukset tulisi suorittaa kulumisen tai vaurioiden havaitsemiseksi ja korjaamiseksi. K\u00e4ytt\u00e4j\u00e4t tulisi kouluttaa huomaamaan kaikki toiminnalliset poikkeamat, jotka voivat viitata kulumiseen.<\/li>\n<li><strong>Asianmukainen voitelu:<\/strong> Oikean voitelun yll\u00e4pit\u00e4minen on elint\u00e4rke\u00e4\u00e4. Varmista, ett\u00e4 hydrauliikka\u00f6ljyn taso on oikea ja puomisylinterin suositeltujen spesifikaatioiden mukainen.<\/li>\n<li><strong>Tiivisteiden vaihto ja kalibrointitarkastukset:<\/strong> Tarkista tiivisteiden kuluminen s\u00e4\u00e4nn\u00f6llisesti ja vaihda ne tarvittaessa. Kalibrointitarkastukset on my\u00f6s suoritettava sen varmistamiseksi, ett\u00e4 sylinteri toimii suunnitellun parametrien mukaisesti.<\/li>\n<\/ul>\n<h2>Turvallisuusn\u00e4k\u00f6kohdat ja ymp\u00e4rist\u00f6tekij\u00e4t<\/h2>\n<p>Puomisylintereit\u00e4 k\u00e4ytett\u00e4ess\u00e4 on ensiarvoisen t\u00e4rke\u00e4\u00e4 asettaa turvallisuustoimenpiteet etusijalle. K\u00e4ytt\u00e4j\u00e4t tulee kouluttaa turvallisiin k\u00e4ytt\u00f6tapoihin ja heid\u00e4n tulee olla tietoisia hydraulij\u00e4rjestelmiin liittyvist\u00e4 mahdollisista vaaroista. K\u00e4yt\u00f6n ja huollon aikana tulee k\u00e4ytt\u00e4\u00e4 asianmukaisia \u200b\u200bhenkil\u00f6nsuojaimia riskien minimoimiseksi. Lis\u00e4ksi hydraulinesteiden oikean k\u00e4sittelyn ja ymp\u00e4rist\u00f6yst\u00e4v\u00e4llisen h\u00e4vitt\u00e4misen varmistaminen on ratkaisevan t\u00e4rke\u00e4\u00e4 kest\u00e4v\u00e4n kehityksen kannalta.<\/p>\n<h2>Yleisten ongelmien vianm\u00e4\u00e4ritys<\/h2>\n<ul>\n<li><strong>\u00d6ljyvuoto:<\/strong> Jos \u00f6ljyvuotoa havaitaan, tarkista tiivisteet ja liitokset vaurioiden varalta. Kirist\u00e4 liitokset tai vaihda tiivisteet tarvittaessa.<\/li>\n<li><strong>Ep\u00e4johdonmukainen sylinterin liike:<\/strong> T\u00e4m\u00e4 voi viitata alhaiseen hydrauliikka\u00f6ljyn tasoon tai ilmaan j\u00e4rjestelm\u00e4ss\u00e4. Tarkista \u00f6ljyn tasot ja ilmaa j\u00e4rjestelm\u00e4 ilman poistamiseksi.<\/li>\n<li><strong>Ep\u00e4tavallisia \u00e4\u00e4ni\u00e4 k\u00e4yt\u00f6n aikana:<\/strong> \u00c4\u00e4net, kuten hankaus tai kolina, voivat olla merkki sis\u00e4isist\u00e4 vaurioista tai riitt\u00e4m\u00e4tt\u00f6m\u00e4st\u00e4 voitelusta. Tarkista sylinteri ja voitele tarvittaessa.<\/li>\n<\/ul>\n<h2>Vianm\u00e4\u00e4ritys ja ennaltaehk\u00e4isev\u00e4t toimenpiteet<\/h2>\n<p>Jotta puomin sylinterin ongelmat voidaan tehokkaasti vianm\u00e4\u00e4ritt\u00e4\u00e4, k\u00e4ytt\u00e4jien tulisi tutustua yleisiin ongelmiin ja ratkaisuihin. S\u00e4\u00e4nn\u00f6llinen huolto voi est\u00e4\u00e4 monia ongelmia ja siten minimoida seisokkiajat ja korjauskustannukset. Ennakoivan huoltoaikataulun toteuttaminen voi auttaa tunnistamaan kulumisen ja mahdolliset viat ennen kuin ne h\u00e4iritsev\u00e4t toimintaa.<\/p>\n<p><img decoding=\"async\" src=\"https:\/\/www.hydraulic-cylinders.net\/wp-content\/uploads\/2025\/04\/songte-bushings-with-all-kinds-of-excavator-models.webp\" alt=\"Kaivinkonemallien holkit\"><\/p>\n<h2>Tietoa yrityksest\u00e4mme<\/h2>\n<p>Olemme johtava hydraulisylintereiden valmistaja ja tukkumyyj\u00e4, joka on erikoistunut tarjoamaan t\u00e4ydellisi\u00e4 vaihtoehtoja puomisylintereille. Kattava tuotevalikoimamme on tehnyt meist\u00e4 keskeisen toimijan sek\u00e4 kotimaisilla ett\u00e4 kansainv\u00e4lisill\u00e4 markkinoilla. Noudatamme tiukkoja laatustandardeja ja k\u00e4yt\u00e4mme edistyneit\u00e4 valmistuksenohjausstrategioita tuotantotehokkuutemme parantamiseksi.<\/p>\n<p>Sitoumuksemme huippuosaamiseen tuetaan ammattitaitoisella ty\u00f6voimalla, huipputeknologisilla tuotantolaitteilla ja vankalla laadunvalvontaj\u00e4rjestelm\u00e4ll\u00e4, jotka varmistavat, ett\u00e4 tuotteemme vastaavat asiakkaidemme monipuolisiin tarpeisiin.<\/p>\n<p><img decoding=\"async\" src=\"https:\/\/www.hydraulic-cylinders.net\/wp-content\/uploads\/2025\/04\/songte-company-4.webp\" alt=\"Yrityskuva 1\"><br \/>\n<img decoding=\"async\" src=\"https:\/\/www.hydraulic-cylinders.net\/wp-content\/uploads\/2025\/04\/songte-company-3.webp\" alt=\"Yrityskuva 2\"><\/p>\n<p>Tarjoamme r\u00e4\u00e4t\u00e4l\u00f6ityj\u00e4 palveluita, jotka on r\u00e4\u00e4t\u00e4l\u00f6ity vastaamaan asiakkaiden erityisvaatimuksia. Palveluidemme takana ovat kansainv\u00e4liset sertifikaatit, ammattimaiset valmistuslaitteet ja luotettava j\u00e4lkimarkkinointituki.<\/p>\n<p>Kirjoittaja: lyl<\/p>","protected":false},"excerpt":{"rendered":"<p>Boom Cylinder For Tiangong ZG3225LC-9 Understanding the Boom Cylinder The Boom Cylinder is a specialized hydraulic cylinder designed for controlling the movement of the boom in various heavy machinery, such as excavators, backhoe loaders, and front-end loaders. These cylinders play a crucial role in lifting, lowering, and tilting the boom, facilitating efficient material handling tasks. [&hellip;]<\/p>","protected":false},"featured_media":17878,"comment_status":"open","ping_status":"closed","template":"","meta":{"_et_pb_use_builder":"","_et_pb_old_content":"","_et_gb_content_width":""},"product_brand":[],"product_cat":[1546],"product_tag":[1547,1496],"class_list":{"0":"post-19690","1":"product","2":"type-product","3":"status-publish","4":"has-post-thumbnail","6":"product_cat-boom-cylinders","7":"product_tag-boom-cylinders","8":"product_tag-hydraulic-cylinders","10":"first","11":"instock","12":"shipping-taxable","13":"product-type-simple"},"amp_enabled":true,"_links":{"self":[{"href":"https:\/\/www.hydraulic-cylinders.net\/fi\/wp-json\/wp\/v2\/product\/19690","targetHints":{"allow":["GET"]}}],"collection":[{"href":"https:\/\/www.hydraulic-cylinders.net\/fi\/wp-json\/wp\/v2\/product"}],"about":[{"href":"https:\/\/www.hydraulic-cylinders.net\/fi\/wp-json\/wp\/v2\/types\/product"}],"replies":[{"embeddable":true,"href":"https:\/\/www.hydraulic-cylinders.net\/fi\/wp-json\/wp\/v2\/comments?post=19690"}],"wp:featuredmedia":[{"embeddable":true,"href":"https:\/\/www.hydraulic-cylinders.net\/fi\/wp-json\/wp\/v2\/media\/17878"}],"wp:attachment":[{"href":"https:\/\/www.hydraulic-cylinders.net\/fi\/wp-json\/wp\/v2\/media?parent=19690"}],"wp:term":[{"taxonomy":"product_brand","embeddable":true,"href":"https:\/\/www.hydraulic-cylinders.net\/fi\/wp-json\/wp\/v2\/product_brand?post=19690"},{"taxonomy":"product_cat","embeddable":true,"href":"https:\/\/www.hydraulic-cylinders.net\/fi\/wp-json\/wp\/v2\/product_cat?post=19690"},{"taxonomy":"product_tag","embeddable":true,"href":"https:\/\/www.hydraulic-cylinders.net\/fi\/wp-json\/wp\/v2\/product_tag?post=19690"}],"curies":[{"name":"wp","href":"https:\/\/api.w.org\/{rel}","templated":true}]}}