{"id":19691,"date":"2025-04-07T07:02:05","date_gmt":"2025-04-07T07:02:05","guid":{"rendered":"https:\/\/www.hydraulic-cylinders.net\/product\/boom-cylinder-for-dasin-ds18\/"},"modified":"2025-04-07T07:02:07","modified_gmt":"2025-04-07T07:02:07","slug":"boom-cylinder-for-dasin-ds18","status":"publish","type":"product","link":"https:\/\/www.hydraulic-cylinders.net\/fi\/tuote\/boom-cylinder-for-dasin-ds18\/","title":{"rendered":"Puomin sylinteri Dasin DS18:lle"},"content":{"rendered":"<h1>Puomin sylinteri Dasin DS18:lle<\/h1>\n<h2>Johdatus puomin sylinteriin<\/h2>\n<p>Puomisylinteri on hydrauliikkaj\u00e4rjestelmien t\u00e4rke\u00e4 osa, ja se on erityisesti suunniteltu ohjaamaan raskaiden koneiden kauhojen, kuten kaivinkoneiden, kaivurikuormaajien ja etukuormaajien, liikett\u00e4. N\u00e4m\u00e4 hydraulisylinterit mahdollistavat kauhan nostamisen, laskemisen ja kallistumisen, mik\u00e4 helpottaa tehokasta materiaalink\u00e4sittely\u00e4. Kauhasylinteri on pohjimmiltaan hydraulisylinterityyppi, jolla on t\u00e4rke\u00e4 rooli erilaisten maanrakennuslaitteiden toiminnassa.<\/p>\n<p><img decoding=\"async\" src=\"https:\/\/www.hydraulic-cylinders.net\/wp-content\/uploads\/2025\/04\/songte-company-1.webp\" alt=\"Puomin sylinterin kuva\" \/><\/p>\n<h3>Kauhasylinterien toiminta ja k\u00e4ytt\u00f6<\/h3>\n<p>Kauhasylinterit ovat v\u00e4ltt\u00e4m\u00e4tt\u00f6mi\u00e4 raskaiden koneiden k\u00e4yt\u00f6ss\u00e4. Ne tarjoavat tarvittavan voiman raskaiden kuormien nostamiseen ja k\u00e4sittelyyn varmistaen, ett\u00e4 rakennus- ja maatalousteht\u00e4v\u00e4t voidaan suorittaa tehokkaasti. Muuntamalla hydraulisen paineen mekaaniseksi voimaksi n\u00e4m\u00e4 sylinterit mahdollistavat kuljettajien monimutkaisten liikkeiden suorittamisen tarkasti ja hallitusti.<\/p>\n<h2>Puomin sylinterin t\u00e4rkeimm\u00e4t ominaisuudet<\/h2>\n<ul>\n<li><strong>Korkea lujuus ja kest\u00e4vyys:<\/strong> N\u00e4m\u00e4 sylinterit on valmistettu lujasta ter\u00e4ksest\u00e4 tai alumiinista, ja ne kest\u00e4v\u00e4t korkeaa painetta ja raskaita kuormia, joten ne sopivat vaativiin ty\u00f6ymp\u00e4rist\u00f6ihin.<\/li>\n<li><strong>Tehokas hydraulinen k\u00e4ytt\u00f6:<\/strong> Ne hy\u00f6dynt\u00e4v\u00e4t hydrauli\u00f6ljynpainetta sujuvaan ulos- ja sis\u00e4\u00e4nvetoon, mik\u00e4 takaa nopean reagoinnin ohjauskomentoihin ja tehokkaan ty\u00f6nt\u00f6- ja vetovoiman.<\/li>\n<li><strong>Erilaisia \u200b\u200btyyppej\u00e4:<\/strong> Saatavilla yksitoimisina (toimii yhteen suuntaan) tai kaksitoimisina (toimii molempiin suuntiin) malleina, ja jotkut mallit ovat teleskooppisia, mik\u00e4 mahdollistaa suuremman jatkeen ilman ulkomittojen kasvua.<\/li>\n<li><strong>Parannettu suorituskyky:<\/strong> Kulumiskest\u00e4viksi ja korroosiosuojatuiksi suunnitellut osat takaavat pitk\u00e4n k\u00e4ytt\u00f6i\u00e4n ja luotettavuuden erilaisissa sovelluksissa.<\/li>\n<li><strong>Mukautettu valmistus:<\/strong> Voimme valmistaa t\u00e4t\u00e4 tuotetta, ja sylinterimme voivat t\u00e4ydellisesti korvata olemassa olevat hydraulisylinterit.<\/li>\n<\/ul>\n<p><img decoding=\"async\" src=\"https:\/\/www.hydraulic-cylinders.net\/wp-content\/uploads\/2025\/04\/songte-cylinder-head-with-all-kinds-excavator-models.webp\" alt=\"Sylinterin vaihtovaihtoehdot\" \/><\/p>\n<h2>Puomisylinterin sovellukset<\/h2>\n<h3>Rakennuslaitteet<\/h3>\n<p>Rakennuskoneissa puomisylintereit\u00e4 k\u00e4ytet\u00e4\u00e4n kaivinkoneissa, joissa ne ovat v\u00e4ltt\u00e4m\u00e4tt\u00f6mi\u00e4 kaivamiseen, lastaamiseen ja maaper\u00e4n tai roskien siirt\u00e4miseen. Kauhasylinteri helpottaa sek\u00e4 kaivamista ett\u00e4 nostamista, mik\u00e4 parantaa koneen monipuolisuutta ja tuottavuutta.<\/p>\n<h3>Maatalouskoneet<\/h3>\n<p>Etukuormaajat k\u00e4ytt\u00e4v\u00e4t puomisylintereit\u00e4 maaper\u00e4n, hein\u00e4n ja muiden materiaalien kauhaukseen, nostamiseen ja kuljettamiseen. N\u00e4m\u00e4 sylinterit ovat elint\u00e4rkeit\u00e4 toiminnoissa, jotka vaativat raskaiden maatalouskuormien nopeaa ja tehokasta k\u00e4sittely\u00e4.<\/p>\n<h3>Kaivinkoneet<\/h3>\n<p>Kaivinkoneissa kauhan sylinteri mahdollistaa kauhan tunkeutumisen maahan, mik\u00e4 mahdollistaa tehokkaat kaivutoiminnot. T\u00e4m\u00e4 ominaisuus on ratkaisevan t\u00e4rke\u00e4 erilaisissa kaivut\u00f6iss\u00e4, olipa kyseess\u00e4 sitten rakentaminen tai maisemointi.<\/p>\n<h3>Kuormaajat<\/h3>\n<p>Etukuormaajissa puomisylinterit auttavat materiaalien tehokkaassa nostamisessa ja tyhjent\u00e4misess\u00e4. Niiden rakenne varmistaa, ett\u00e4 raskaita kuormia voidaan k\u00e4sitell\u00e4 helposti, mik\u00e4 parantaa toiminnan tehokkuutta.<\/p>\n<h2>Suunnittelun\u00e4k\u00f6kohdat ja valintakriteerit<\/h2>\n<h3>Kantavuus<\/h3>\n<p>Puomisylinterin kuormituskapasiteetti on kriittinen tekij\u00e4, joka vaikuttaa sen suunnitteluun. Se m\u00e4\u00e4ritt\u00e4\u00e4, kuinka paljon painoa sylinteri kest\u00e4\u00e4 turvallisesti k\u00e4sitell\u00e4 ilman rakenteellisten pett\u00e4misten tai suorituskyvyn heikkenemisen riski\u00e4. Insin\u00f6\u00f6rien on laskettava kuormituskapasiteetit huolellisesti k\u00e4ytt\u00f6tarkoituksen perusteella varmistaakseen, ett\u00e4 sylinteri kest\u00e4\u00e4 rakennus- ja maatalousymp\u00e4rist\u00f6iss\u00e4 tyypillisesti esiintyv\u00e4t raskaat painot.<\/p>\n<h3>Tiivistys ja kest\u00e4vyys<\/h3>\n<p>Tiivistys on hydraulisylintereiss\u00e4 ensiarvoisen t\u00e4rke\u00e4\u00e4 nestevuotojen est\u00e4miseksi ja paineen yll\u00e4pit\u00e4miseksi. Kest\u00e4vist\u00e4 materiaaleista, kuten polyuretaanista tai nitriilikumista, valmistetut korkealaatuiset tiivisteet ovat v\u00e4ltt\u00e4m\u00e4tt\u00f6mi\u00e4. N\u00e4iden tiivisteiden on kestett\u00e4v\u00e4 ankaria olosuhteita ja s\u00e4ilytett\u00e4v\u00e4 eheytens\u00e4 ajan kuluessa, mik\u00e4 v\u00e4hent\u00e4\u00e4 j\u00e4rjestelm\u00e4n vikaantumisriski\u00e4 ja varmistaa luotettavan toiminnan.<\/p>\n<h3>Turvaominaisuudet<\/h3>\n<p>Turvaominaisuuksien sis\u00e4llytt\u00e4minen puomisylinterien suunnitteluun on olennaista k\u00e4ytt\u00e4jien ja koneiden suojaamiseksi. Varoventtiilit, painemittarit ja kest\u00e4v\u00e4t kiinnitysj\u00e4rjestelm\u00e4t edist\u00e4v\u00e4t turvallisempaa k\u00e4ytt\u00f6ymp\u00e4rist\u00f6\u00e4 ja est\u00e4v\u00e4t onnettomuuksia ja laitevaurioita k\u00e4yt\u00f6n aikana.<\/p>\n<h3>Huolto ja korjattavuus<\/h3>\n<p>Helppok\u00e4ytt\u00f6inen suunnittelu varmistaa, ett\u00e4 varaosiin, kuten tiivisteisiin ja liitoksiin, p\u00e4\u00e4see helposti k\u00e4siksi ja ne voidaan vaihtaa. T\u00e4m\u00e4 v\u00e4hent\u00e4\u00e4 seisokkiaikoja ja huoltokustannuksia samalla, kun se pident\u00e4\u00e4 hydraulisylinterin k\u00e4ytt\u00f6ik\u00e4\u00e4. Tuotteet on suunniteltava huollettavuus mieless\u00e4 pit\u00e4en, jotta rutiinitarkastukset ja korjaukset voidaan tehd\u00e4.<\/p>\n<p><img decoding=\"async\" src=\"https:\/\/www.hydraulic-cylinders.net\/wp-content\/uploads\/2025\/04\/songte-oil-pipes-and-spare-parts.webp\" alt=\"\u00d6ljyputket ja varaosat\" \/><\/p>\n<h2>Puomin sylinterin tiivistys ja voitelu<\/h2>\n<p>Tehokas tiivistys ja voitelu ovat elint\u00e4rkeit\u00e4 puomisylinterien suorituskyvyn ja pitk\u00e4n k\u00e4ytt\u00f6i\u00e4n kannalta. Hydrauli\u00f6ljyn vuotojen est\u00e4miseksi k\u00e4ytet\u00e4\u00e4n erilaisia \u200b\u200btiivistyskomponentteja, kuten m\u00e4nn\u00e4ntiivisteit\u00e4 ja varren tiivisteit\u00e4. Tiivisteet valmistetaan tyypillisesti kulutusta kest\u00e4vist\u00e4 materiaaleista, kuten polyuretaanista ja nitriilikumista, jotka kest\u00e4v\u00e4t hydraulisten sovellusten vaativat olosuhteet. Sylinterin runko ja kierteitetyt p\u00e4\u00e4t koneistetaan tarkasti kulutuskest\u00e4vyyden parantamiseksi ja yleisen kest\u00e4vyyden parantamiseksi.<\/p>\n<p>S\u00e4\u00e4nn\u00f6llinen voitelu hydrauli\u00f6ljyll\u00e4 on v\u00e4ltt\u00e4m\u00e4t\u00f6nt\u00e4 liikkuvien osien v\u00e4lisen kitkan v\u00e4hent\u00e4miseksi ja sujuvan toiminnan yll\u00e4pit\u00e4miseksi. K\u00e4ytt\u00e4jien on varmistettava, ett\u00e4 hydrauli\u00f6ljy\u00e4 on riitt\u00e4v\u00e4sti ylikuumenemisen ja kulumisen est\u00e4miseksi, mik\u00e4 pident\u00e4\u00e4 hydraulisylinterin k\u00e4ytt\u00f6ik\u00e4\u00e4.<\/p>\n<h2>Ennaltaehk\u00e4isev\u00e4t huoltotoimenpiteet<\/h2>\n<ul>\n<li><strong>S\u00e4\u00e4nn\u00f6lliset tarkastukset:<\/strong> Tee s\u00e4\u00e4nn\u00f6llisi\u00e4 tarkastuksia mahdollisten ongelmien tunnistamiseksi ennen kuin ne pahenevat vakaviksi ongelmiksi. Tarkista vuodot, kuluminen ja tiivisteiden ja liitosten asianmukainen toiminta.<\/li>\n<li><strong>Asianmukainen voitelu:<\/strong> Varmista, ett\u00e4 hydraulisylinteri on voideltu riitt\u00e4v\u00e4sti oikeantyyppisell\u00e4 ja -m\u00e4\u00e4r\u00e4isell\u00e4 hydrauli\u00f6ljyll\u00e4 sis\u00e4isten komponenttien vaurioitumisen est\u00e4miseksi ja tehokkuuden yll\u00e4pit\u00e4miseksi.<\/li>\n<li><strong>Tiivisteen vaihto:<\/strong> Tarkista tiivisteiden kuluminen s\u00e4\u00e4nn\u00f6llisesti ja vaihda ne tarvittaessa nestevuotojen est\u00e4miseksi, jotka voivat johtaa j\u00e4rjestelm\u00e4n tehottomuuteen ja toimintah\u00e4iri\u00f6ihin.<\/li>\n<\/ul>\n<h2>Asennusohjeet<\/h2>\n<p>Puomisylinterien oikea asennus on ratkaisevan t\u00e4rke\u00e4\u00e4 optimaalisen suorituskyvyn saavuttamiseksi. Aloita varmistamalla, ett\u00e4 kaikki komponentit ovat puhtaita ja roskista vapaita. Kohdista sylinteri tarkasti kiinnityspisteisiin v\u00e4ltt\u00e4\u00e4ksesi virheellisen kohdistuksen, joka voi aiheuttaa sylinterille kohtuutonta rasitusta ja johtaa sen ennenaikaiseen vikaantumiseen. K\u00e4yt\u00e4 sopivia kiinnitystelineit\u00e4 sylinterin kiinnitt\u00e4miseksi turvallisesti ja est\u00e4\u00e4ksesi sen liikkumisen k\u00e4yt\u00f6n aikana. On t\u00e4rke\u00e4\u00e4 noudattaa valmistajan ohjeita v\u00e4\u00e4nt\u00f6momenttien asetuksista, jotta kaikki kiinnikkeet on kiristetty asianmukaisesti ja tukevasti.<\/p>\n<p>Asennuksen j\u00e4lkeen suorita kattava j\u00e4rjestelm\u00e4tarkastus varmistaaksesi, ettei vuotoja ole ja ett\u00e4 j\u00e4rjestelm\u00e4 toimii tarkoitetulla tavalla. Seuraa hydraulinesteen tasoja ja tarkista, ett\u00e4 hydraulinen virtaus sylinteriin on asianmukainen. Arvioi asennus s\u00e4\u00e4nn\u00f6llisesti varmistaaksesi, ett\u00e4 se on edelleen turvallinen ja toimiva.<\/p>\n<p><img decoding=\"async\" src=\"https:\/\/www.hydraulic-cylinders.net\/wp-content\/uploads\/2025\/04\/songte-chushion-collar.webp\" alt=\"Tyynykaulus\" \/><\/p>\n<h2>Yleiset huoltoteht\u00e4v\u00e4t<\/h2>\n<h3>S\u00e4\u00e4nn\u00f6lliset tarkastukset<\/h3>\n<p>S\u00e4\u00e4nn\u00f6lliset tarkastukset ovat ratkaisevan t\u00e4rkeit\u00e4 mahdollisten ongelmien tunnistamiseksi varhaisessa vaiheessa. Etsi hydraulisylinterist\u00e4 merkkej\u00e4 kulumisesta, vaurioista tai vuodoista. N\u00e4iden ongelmien nopea korjaaminen voi est\u00e4\u00e4 merkitt\u00e4v\u00e4mpi\u00e4 ongelmia ja kalliita korjauksia tulevaisuudessa. On t\u00e4rke\u00e4\u00e4 tehd\u00e4 n\u00e4ist\u00e4 tarkastuksista osa rutiininomaista huoltoaikataulua, jotta varmistetaan hydraulij\u00e4rjestelm\u00e4n tehokas toiminta.<\/p>\n<h3>Asianmukainen voitelu<\/h3>\n<p>Hydraulisylinterien asianmukaisen voitelun yll\u00e4pit\u00e4minen on elint\u00e4rke\u00e4\u00e4 sujuvan toiminnan kannalta. K\u00e4yt\u00e4 suositeltua hydrauliikka\u00f6ljy\u00e4 ja varmista, ett\u00e4 sit\u00e4 on t\u00e4ytetty oikealle tasolle. Voitelu auttaa v\u00e4hent\u00e4m\u00e4\u00e4n liikkuvien osien v\u00e4list\u00e4 kitkaa ja est\u00e4m\u00e4\u00e4n kulumista. K\u00e4ytt\u00e4jien tulee my\u00f6s seurata hydrauliikka\u00f6ljyn kuntoa ja vaihtaa se tarvittaessa optimaalisen suorituskyvyn yll\u00e4pit\u00e4miseksi.<\/p>\n<h3>Tiivisteiden vaihto ja kalibrointitarkastukset<\/h3>\n<p>Ajan my\u00f6t\u00e4 tiivisteet voivat kulua ja ne on vaihdettava. Tarkista tiivisteet s\u00e4\u00e4nn\u00f6llisesti vuotojen tai heikkenemisen varalta ja vaihda ne viipym\u00e4tt\u00e4 j\u00e4rjestelm\u00e4n eheyden yll\u00e4pit\u00e4miseksi. Kalibrointitarkastukset ovat my\u00f6s t\u00e4rkeit\u00e4 sen varmistamiseksi, ett\u00e4 hydraulisylinteri toimii m\u00e4\u00e4ritettyjen parametrien mukaisesti ja s\u00e4ilytt\u00e4\u00e4 tehokkuutensa ja vaikuttavuutensa k\u00e4yt\u00f6n aikana.<\/p>\n<h2>Turvallisuusn\u00e4k\u00f6kohdat ja ymp\u00e4rist\u00f6tekij\u00e4t<\/h2>\n<p>Hydraulij\u00e4rjestelmien kanssa ty\u00f6skennelt\u00e4ess\u00e4 turvatoimenpiteet ovat ensiarvoisen t\u00e4rkeit\u00e4. K\u00e4ytt\u00e4jien on aina k\u00e4ytett\u00e4v\u00e4 asianmukaisia \u200b\u200bhenkil\u00f6nsuojaimia ja noudatettava turvallisuusprotokollia onnettomuuksien ehk\u00e4isemiseksi. Lis\u00e4ksi hydraulinesteet voivat aiheuttaa ymp\u00e4rist\u00f6riskej\u00e4, joten on t\u00e4rke\u00e4\u00e4 k\u00e4sitell\u00e4 ja h\u00e4vitt\u00e4\u00e4 ne asianmukaisesti ymp\u00e4rist\u00f6vaikutusten minimoimiseksi.<\/p>\n<h2>Vianm\u00e4\u00e4ritys ja yleiset ongelmat<\/h2>\n<ul>\n<li><strong>Alennettu sylinterin suorituskyky:<\/strong> Jos sylinterin suorituskyky on heikentynyt, tarkista hydraulinesteest\u00e4 ilmaa, vuotoja tai alhaisia \u200b\u200bnestetasoja. N\u00e4iden ongelmien nopea korjaaminen voi palauttaa toiminnan.<\/li>\n<li><strong>Vuotavat tiivisteet:<\/strong> Tiivisteiden vuodot voivat viitata kulumiseen tai vaurioihin. Tarkista tiivisteet aina ja vaihda ne tarvittaessa nesteh\u00e4vi\u00f6iden est\u00e4miseksi.<\/li>\n<li><strong>Odottamaton sylinterin liike:<\/strong> Jos sylinteri liikkuu odottamatta, tarkista ohjausj\u00e4rjestelm\u00e4 vikojen varalta ja varmista, ett\u00e4 kaikki komponentit toimivat oikein.<\/li>\n<\/ul>\n<h3>Vianm\u00e4\u00e4ritysvinkkej\u00e4<\/h3>\n<p>Ongelmien tehokkaaseen diagnosointiin ja ratkaisemiseen k\u00e4ytt\u00e4jien tulee pit\u00e4\u00e4 yksityiskohtaista lokia kaikista k\u00e4yt\u00f6n aikana havaituista poikkeavuuksista. T\u00e4m\u00e4 loki voi auttaa tunnistamaan malleja ja mahdollisia taustalla olevia ongelmia. S\u00e4\u00e4nn\u00f6llinen huolto ja ennakoivat tarkastukset ovat v\u00e4ltt\u00e4m\u00e4tt\u00f6mi\u00e4 vikojen riskin minimoimiseksi ja hydraulij\u00e4rjestelm\u00e4n sujuvan toiminnan varmistamiseksi.<\/p>\n<p><img decoding=\"async\" src=\"https:\/\/www.hydraulic-cylinders.net\/wp-content\/uploads\/2025\/04\/songte-bushings-with-all-kinds-of-excavator-models.webp\" alt=\"Kaivinkoneiden holkit\" \/><\/p>\n<h2>Tietoa yrityksest\u00e4mme<\/h2>\n<p>Olemme johtava hydraulisten sylinterien vaihto-osien valmistaja, joka tarjoaa kattavan valikoiman korkealaatuisia tuotteita, jotka on r\u00e4\u00e4t\u00e4l\u00f6ity vastaamaan sek\u00e4 kotimaisten ett\u00e4 kansainv\u00e4listen markkinoiden monipuolisiin tarpeisiin. Sitoutumisemme huippuosaamiseen kannustaa meit\u00e4 noudattamaan erinomaisia \u200b\u200bvalmistusk\u00e4yt\u00e4nt\u00f6j\u00e4 ja sis\u00e4llytt\u00e4m\u00e4\u00e4n edistynytt\u00e4 teknologiaa ja ammattitaitoista henkil\u00f6st\u00f6\u00e4 tuotantoprosesseihimme.<\/p>\n<p>Olemme ylpeit\u00e4 laajasta tuotevalikoimastamme ja kyvyst\u00e4mme r\u00e4\u00e4t\u00e4l\u00f6id\u00e4 ratkaisuja vastaamaan asiakkaiden erityisvaatimuksia. Keskittyen laadunvarmistukseen k\u00e4yt\u00e4mme huippuluokan valmistuslaitteita ja tiukkoja testausj\u00e4rjestelmi\u00e4 varmistaaksemme, ett\u00e4 hydraulisylinterimme t\u00e4ytt\u00e4v\u00e4t alan korkeimmat standardit. Omistautumisemme tehokkuuteen, tarkkuuteen ja laatuun tekee meist\u00e4 luotettavan kumppanin hydrauliikkaratkaisuissa.<\/p>\n<p><img decoding=\"async\" src=\"https:\/\/www.hydraulic-cylinders.net\/wp-content\/uploads\/2025\/04\/songte-company-4.webp\" alt=\"Yrityksen yleiskatsaus\" \/><br \/>\n<img decoding=\"async\" src=\"https:\/\/www.hydraulic-cylinders.net\/wp-content\/uploads\/2025\/04\/songte-company-3.webp\" alt=\"Yritysvalmistus\" \/><\/p>\n<p>Lylin kirjoittama.<\/p>","protected":false},"excerpt":{"rendered":"<p>Boom Cylinder For Dasin DS18 Introduction to Boom Cylinder The Boom Cylinder is a crucial component in hydraulic systems, specifically designed to control the movement of heavy machinery buckets, such as those found in excavators, backhoe loaders, and front loaders. These hydraulic cylinders enable the bucket to lift, lower, and tilt, facilitating efficient material handling [&hellip;]<\/p>","protected":false},"featured_media":17879,"comment_status":"open","ping_status":"closed","template":"","meta":{"_et_pb_use_builder":"","_et_pb_old_content":"","_et_gb_content_width":""},"product_brand":[],"product_cat":[1546],"product_tag":[1547,1496],"class_list":{"0":"post-19691","1":"product","2":"type-product","3":"status-publish","4":"has-post-thumbnail","6":"product_cat-boom-cylinders","7":"product_tag-boom-cylinders","8":"product_tag-hydraulic-cylinders","10":"first","11":"instock","12":"shipping-taxable","13":"product-type-simple"},"amp_enabled":true,"_links":{"self":[{"href":"https:\/\/www.hydraulic-cylinders.net\/fi\/wp-json\/wp\/v2\/product\/19691","targetHints":{"allow":["GET"]}}],"collection":[{"href":"https:\/\/www.hydraulic-cylinders.net\/fi\/wp-json\/wp\/v2\/product"}],"about":[{"href":"https:\/\/www.hydraulic-cylinders.net\/fi\/wp-json\/wp\/v2\/types\/product"}],"replies":[{"embeddable":true,"href":"https:\/\/www.hydraulic-cylinders.net\/fi\/wp-json\/wp\/v2\/comments?post=19691"}],"wp:featuredmedia":[{"embeddable":true,"href":"https:\/\/www.hydraulic-cylinders.net\/fi\/wp-json\/wp\/v2\/media\/17879"}],"wp:attachment":[{"href":"https:\/\/www.hydraulic-cylinders.net\/fi\/wp-json\/wp\/v2\/media?parent=19691"}],"wp:term":[{"taxonomy":"product_brand","embeddable":true,"href":"https:\/\/www.hydraulic-cylinders.net\/fi\/wp-json\/wp\/v2\/product_brand?post=19691"},{"taxonomy":"product_cat","embeddable":true,"href":"https:\/\/www.hydraulic-cylinders.net\/fi\/wp-json\/wp\/v2\/product_cat?post=19691"},{"taxonomy":"product_tag","embeddable":true,"href":"https:\/\/www.hydraulic-cylinders.net\/fi\/wp-json\/wp\/v2\/product_tag?post=19691"}],"curies":[{"name":"wp","href":"https:\/\/api.w.org\/{rel}","templated":true}]}}