{"id":19693,"date":"2025-04-07T07:02:10","date_gmt":"2025-04-07T07:02:10","guid":{"rendered":"https:\/\/www.hydraulic-cylinders.net\/product\/boom-cylinder-for-dasin-ds35\/"},"modified":"2025-04-07T07:02:13","modified_gmt":"2025-04-07T07:02:13","slug":"boom-cylinder-for-dasin-ds35","status":"publish","type":"product","link":"https:\/\/www.hydraulic-cylinders.net\/fi\/tuote\/boom-cylinder-for-dasin-ds35\/","title":{"rendered":"Puomin sylinteri Dasin DS35:lle"},"content":{"rendered":"<h1>Puomin sylinteri Dasin DS35:lle<\/h1>\n<h2>Tuotteen m\u00e4\u00e4ritelm\u00e4<\/h2>\n<p>Dasin DS35:n puomisylinteri on erikoishydraulisylinteri, joka on suunniteltu ohjaamaan puomin varsien liikett\u00e4 raskaissa koneissa, kuten kaivinkoneissa, kaivurikuormaajissa ja etukuormaajissa. T\u00e4m\u00e4n tyyppisell\u00e4 hydraulisylinterill\u00e4 on ratkaiseva rooli puomin nostamisessa, laskemisessa ja kallistuksessa, mik\u00e4 mahdollistaa tehokkaan materiaalink\u00e4sittelyn. Hydraulisylinterit k\u00e4ytt\u00e4v\u00e4t hydraulinestett\u00e4 ty\u00f6nt\u00f6- tai vetovoiman luomiseen, mik\u00e4 on kriittist\u00e4 erilaisten toimintojen suorittamisessa rakennus- ja maatalouskoneissa.<\/p>\n<p><img decoding=\"async\" src=\"https:\/\/www.hydraulic-cylinders.net\/wp-content\/uploads\/2025\/04\/songte-company-1.webp\" alt=\"Puomin sylinteri\"><\/p>\n<h2>Puomin sylinterin ominaisuudet<\/h2>\n<ul>\n<li><strong>Korkea lujuus ja kest\u00e4vyys:<\/strong> T\u00e4m\u00e4 lujasta ter\u00e4ksest\u00e4 tai alumiinista valmistettu sylinteri kest\u00e4\u00e4 korkeaa painetta ja raskaita kuormia, joten se sopii vaativiin ty\u00f6ymp\u00e4rist\u00f6ihin. Se on suunniteltu kulutusta ja korroosiota kest\u00e4v\u00e4ksi, mik\u00e4 pident\u00e4\u00e4 sen k\u00e4ytt\u00f6ik\u00e4\u00e4.<\/li>\n<li><strong>Tehokas hydraulinen k\u00e4ytt\u00f6:<\/strong> Se k\u00e4ytt\u00e4\u00e4 hydrauli\u00f6ljynpainetta sujuvaan ulos- ja sis\u00e4\u00e4nvetoon, mik\u00e4 mahdollistaa nopean reagoinnin ohjauskomentoihin ja tarjoaa vahvat ty\u00f6nt\u00f6- ja veto-ominaisuudet, jotka sopivat ihanteellisesti raskaiden ja monimutkaisten teht\u00e4vien k\u00e4sittelyyn.<\/li>\n<li><strong>Erilaisia \u200b\u200btyyppej\u00e4:<\/strong> Saatavilla yksitoimisina (k\u00e4ytt\u00e4\u00e4 hydraulipainetta yhteen suuntaan) ja kaksitoimisina (k\u00e4ytt\u00e4\u00e4 hydraulipainetta molempiin suuntiin) malleina, jotka mahdollistavat erilaiset k\u00e4ytt\u00f6tarpeet. Jotkut mallit ovat teleskooppisia, mik\u00e4 mahdollistaa suuremman jatkeen ilman ulkomittojen kasvua, joten ne sopivat ahtaisiin sovelluksiin.<\/li>\n<li><strong>Tarkkuusvalmistus:<\/strong> Jokainen sylinteri valmistetaan tarkkojen eritelmien mukaisesti, mik\u00e4 varmistaa yhteensopivuuden eri laitemallien kanssa ja optimoi suorituskyvyn ja luotettavuuden.<\/li>\n<li><strong>Mukautettavat vaihtoehdot:<\/strong> Sylinterimme voidaan r\u00e4\u00e4t\u00e4l\u00f6id\u00e4 vastaamaan asiakkaiden erityisvaatimuksia, mik\u00e4 parantaa toimivuutta eri konetyypeiss\u00e4.<\/li>\n<\/ul>\n<p>Voimme valmistaa t\u00e4t\u00e4 tuotetta, ja tuotteemme voivat t\u00e4ydellisesti korvata n\u00e4m\u00e4 hydraulisylinterit.<\/p>\n<p><img decoding=\"async\" src=\"https:\/\/www.hydraulic-cylinders.net\/wp-content\/uploads\/2025\/04\/songte-cylinder-head-with-all-kinds-excavator-models.webp\" alt=\"Kaivinkonemallit\"><\/p>\n<h2>Puomisylinterin sovellukset<\/h2>\n<h3>Rakennuslaitteet<\/h3>\n<p>Kaivinkoneissa puomin sylinterit ovat elint\u00e4rkeit\u00e4 kaivamisessa, lastaamisessa ja maaper\u00e4n tai roskien siirt\u00e4misess\u00e4. Hallittu liike mahdollistaa puomin tarkan asemoinnin, mik\u00e4 parantaa koneen kyky\u00e4 suorittaa teht\u00e4vi\u00e4 tehokkaasti. Kaivurikuormaajissa puomin sylinteri ei ainoastaan \u200b\u200bavusta kaivamisessa, vaan my\u00f6s materiaalien nostamisessa ja sijoittamisessa, mik\u00e4 varmistaa monipuolisuuden rakennusteht\u00e4viss\u00e4.<\/p>\n<h3>Maatalouskoneet<\/h3>\n<p>Etukuormaajissa puomisylinterit ovat v\u00e4ltt\u00e4m\u00e4tt\u00f6mi\u00e4 maaper\u00e4n, hein\u00e4n ja muiden materiaalien kaivamiseen, nostamiseen ja kuljettamiseen. Ne mahdollistavat kuljettajille erilaisten maatalousteht\u00e4vien helpon hoitamisen, mik\u00e4 parantaa tuottavuutta maatiloilla ja maatalouskohteissa.<\/p>\n<h3>Kaivinkoneet<\/h3>\n<p>Kaivinkoneissa puomin sylinteri helpottaa kaivut\u00f6it\u00e4 mahdollistamalla kauhan tehokkaan tunkeutumisen maaper\u00e4\u00e4n. T\u00e4m\u00e4 toiminto on ratkaisevan t\u00e4rke\u00e4 erilaisissa kaivuprojekteissa, sill\u00e4 se varmistaa, ett\u00e4 materiaaleja voidaan siirt\u00e4\u00e4 tehokkaasti paikasta toiseen.<\/p>\n<h3>Kuormaajat<\/h3>\n<p>Etukuormaajissa puomin sylinterit auttavat kuormien tehokkaassa nostamisessa ja tyhjent\u00e4misess\u00e4. Ne mahdollistavat materiaalien tehokkaan k\u00e4sittelyn, mik\u00e4 on olennaista rakennus- ja maisemointit\u00f6iss\u00e4.<\/p>\n<h2>Suunnittelun\u00e4k\u00f6kohdat ja valintakriteerit<\/h2>\n<h3>Kantavuus<\/h3>\n<p>Puomisylinterin kuormituskapasiteetti on kriittinen suunnittelukriteeri. Se m\u00e4\u00e4ritt\u00e4\u00e4 suurimman mahdollisen painon, jonka sylinteri voi turvallisesti nostaa tai laskea. Sopivan kuormituskapasiteetin omaavan sylinterin valitseminen on olennaista laitteiden vikaantumisen est\u00e4miseksi ja k\u00e4ytt\u00f6turvallisuuden varmistamiseksi. Valintaprosessin aikana on teht\u00e4v\u00e4 asianmukaiset laskelmat koneen teknisten tietojen ja k\u00e4ytt\u00f6vaatimusten perusteella.<\/p>\n<h3>Tiivistys<\/h3>\n<p>Tiivisteill\u00e4 on t\u00e4rke\u00e4 rooli hydraulisylinterien suorituskyvyss\u00e4 ja pitk\u00e4ik\u00e4isyydess\u00e4. Tehokkaat tiivisteet est\u00e4v\u00e4t hydraulinesteen vuodot, jotka voivat johtaa tehokkuuden heikkenemiseen ja mahdollisiin vaurioihin. Hydraulisylinteri\u00e4 valittaessa on otettava huomioon tiivistyskomponenttien, kuten m\u00e4nn\u00e4ntiivisteiden ja varren tiivisteiden, laatu. Kest\u00e4vist\u00e4 materiaaleista valmistetut korkealaatuiset tiivisteet varmistavat luotettavan toiminnan ja paineenkeveyden yll\u00e4pidon.<\/p>\n<h3>Kest\u00e4vyys<\/h3>\n<p>Kest\u00e4vyys on keskeinen tekij\u00e4 hydraulisylinterien suunnittelussa, erityisesti raskaissa sovelluksissa. K\u00e4ytettyjen materiaalien ja asianmukaisen suunnittelun on kestett\u00e4v\u00e4 kulumista. Ymp\u00e4rist\u00f6olosuhteiden ja korroosio- tai hankausmahdollisuuden arviointi on olennaista sen varmistamiseksi, ett\u00e4 valittu sylinteri pysyy toimintakunnossa pitk\u00e4\u00e4n.<\/p>\n<h3>Turvallisuus<\/h3>\n<p>Turvatoimenpiteet ovat ensiarvoisen t\u00e4rkeit\u00e4 hydraulisylintereiden suunnittelussa. N\u00e4ihin kuuluvat ominaisuudet, jotka est\u00e4v\u00e4t ylipaineistuksen ja varmistavat turvallisen k\u00e4yt\u00f6n. Varoventtiilien ja paineenalennusmekanismien k\u00e4ytt\u00f6\u00f6notto minimoi hydraulij\u00e4rjestelm\u00e4n vikaantumisriskin ja suojaa sek\u00e4 k\u00e4ytt\u00e4ji\u00e4 ett\u00e4 laitteita. S\u00e4\u00e4nn\u00f6lliset turvallisuustarkastukset ja alan standardien noudattaminen ovat v\u00e4ltt\u00e4m\u00e4tt\u00f6mi\u00e4 turvallisuusm\u00e4\u00e4r\u00e4ysten noudattamiseksi.<\/p>\n<h3>Huolto<\/h3>\n<p>Hydraulisylinterin valinta huollettavuuden helppouden huomioon ottaen on ratkaisevan t\u00e4rke\u00e4\u00e4 toiminnan tehokkuuden kannalta. Rakenteet, jotka mahdollistavat helpon p\u00e4\u00e4syn komponentteihin, sek\u00e4 selke\u00e4t huolto-ohjeet auttavat pident\u00e4m\u00e4\u00e4n sylinterin k\u00e4ytt\u00f6ik\u00e4\u00e4. S\u00e4\u00e4nn\u00f6lliset huoltotarkastukset ja kuluvien osien vaihtaminen edist\u00e4v\u00e4t jatkuvaa suorituskyky\u00e4 ja luotettavuutta.<\/p>\n<p><img decoding=\"async\" src=\"https:\/\/www.hydraulic-cylinders.net\/wp-content\/uploads\/2025\/04\/songte-oil-pipes-and-spare-parts.webp\" alt=\"\u00d6ljyputket ja varaosat\"><\/p>\n<h2>Tiivistys ja voitelu<\/h2>\n<p>Tehokas tiivistys ja voitelu ovat v\u00e4ltt\u00e4m\u00e4tt\u00f6mi\u00e4 hydraulisylinterien toiminnalle. Erilaiset tiivistekomponentit, kuten m\u00e4nn\u00e4ntiivisteet ja varren tiivisteet, ovat ratkaisevassa roolissa j\u00e4rjestelm\u00e4n eheyden yll\u00e4pit\u00e4misess\u00e4. Materiaalivalinnat, kuten polyuretaani ja nitriilikumi, vaikuttavat tiivisteiden kulutuskest\u00e4vyyteen. Sylinterin runko ja kierteitetyt p\u00e4\u00e4typinnat tulee k\u00e4sitell\u00e4 hienosti kest\u00e4vyyden ja kulutuskest\u00e4vyyden parantamiseksi. S\u00e4\u00e4nn\u00f6llinen voitelu hydrauli\u00f6ljyll\u00e4 on v\u00e4ltt\u00e4m\u00e4t\u00f6nt\u00e4 sujuvan toiminnan varmistamiseksi ja liikkuvien osien v\u00e4lisen kitkan v\u00e4hent\u00e4miseksi, mik\u00e4 auttaa est\u00e4m\u00e4\u00e4n ennenaikaista kulumista ja pident\u00e4\u00e4 sylinterin k\u00e4ytt\u00f6ik\u00e4\u00e4.<\/p>\n<h2>S\u00e4\u00e4nn\u00f6llinen tarkastus ja ennaltaehk\u00e4isev\u00e4 huolto<\/h2>\n<ul>\n<li><strong>S\u00e4\u00e4nn\u00f6llinen tarkastus:<\/strong> Hydraulisylinterien s\u00e4\u00e4nn\u00f6lliset tarkastukset ovat elint\u00e4rkeit\u00e4 kulumisen ja mahdollisten ongelmien havaitsemiseksi varhaisessa vaiheessa. Etsi merkkej\u00e4 vuodoista, korroosiosta tai muista suorituskykypoikkeamista. N\u00e4iden ongelmien oikea-aikainen havaitseminen voi est\u00e4\u00e4 kalliita korjauksia ja seisokkeja.<\/li>\n<li><strong>Asianmukainen voitelu:<\/strong> Hydraulisylinterien asianmukainen voitelu on ratkaisevan t\u00e4rke\u00e4\u00e4 niiden suorituskyvyn ja pitk\u00e4n k\u00e4ytt\u00f6i\u00e4n kannalta. Varmista, ett\u00e4 hydrauli\u00f6ljyn taso on riitt\u00e4v\u00e4 ja ett\u00e4 \u00f6ljy on puhdasta. Saastunut \u00f6ljy voi johtaa sylinterin vikaantumiseen.<\/li>\n<li><strong>Tiivisteen vaihto:<\/strong> Tarkista tiivisteiden kuluminen s\u00e4\u00e4nn\u00f6llisesti. Tiivisteiden vaihtaminen tarvittaessa est\u00e4\u00e4 vuodot ja yll\u00e4pit\u00e4\u00e4 hydraulij\u00e4rjestelm\u00e4n tehokkuutta.<\/li>\n<\/ul>\n<h2>Asennusohjeet<\/h2>\n<p>Puomisylinterin oikea asennus on ratkaisevan t\u00e4rke\u00e4\u00e4 sen suorituskyvyn kannalta. Aloita varmistamalla, ett\u00e4 kiinnityspinnat ovat puhtaat ja roskattomat. Kohdista sylinteri oikein, jotta tiivisteisiin ja osiin ei kohdistu tarpeetonta rasitusta. K\u00e4yt\u00e4 sopivia kiinnityskorvakkeita sylinterin kiinnitt\u00e4miseen paikalleen ja tarkista, ett\u00e4 kaikki hydrauliset liit\u00e4nn\u00e4t ovat tiukat ja vuotamattomat. Asennuksen j\u00e4lkeen suorita j\u00e4rjestelm\u00e4n perusteellinen tarkastus k\u00e4yt\u00f6n aikana varmistaaksesi, ett\u00e4 kaikki toimii oikein. Asennuksen s\u00e4\u00e4nn\u00f6llinen valvonta auttaa tunnistamaan mahdolliset linjausvirheet tai ongelmat, joita voi ilmet\u00e4 ajan my\u00f6t\u00e4.<\/p>\n<p><img decoding=\"async\" src=\"https:\/\/www.hydraulic-cylinders.net\/wp-content\/uploads\/2025\/04\/songte-chushion-collar.webp\" alt=\"Tyynykaulus\"><\/p>\n<h2>Turvallisuusn\u00e4k\u00f6kohdat ja ymp\u00e4rist\u00f6tekij\u00e4t<\/h2>\n<p>Hydraulisylintereit\u00e4 k\u00e4ytett\u00e4ess\u00e4 turvatoimenpiteet ovat ratkaisevan t\u00e4rkeit\u00e4 k\u00e4ytt\u00e4jien ja koneiden suojaamiseksi. Varmista, ett\u00e4 kaikkia turvallisuusprotokollia noudatetaan, mukaan lukien asianmukaisten henkil\u00f6nsuojainten k\u00e4ytt\u00f6 ja k\u00e4ytt\u00f6ohjeiden noudattaminen. Ymp\u00e4rist\u00f6tekij\u00e4t, kuten l\u00e4mp\u00f6tila, kosteus ja altistuminen kemikaaleille, voivat vaikuttaa hydraulisten j\u00e4rjestelmien suorituskykyyn. On t\u00e4rke\u00e4\u00e4 ottaa n\u00e4m\u00e4 tekij\u00e4t huomioon k\u00e4yt\u00f6n ja huollon aikana vaurioiden est\u00e4miseksi ja turvallisuuden varmistamiseksi.<\/p>\n<h2>Vianm\u00e4\u00e4ritys ja yleiset ongelmat<\/h2>\n<ul>\n<li><strong>Vuoto:<\/strong> Yksi yleisimmist\u00e4 ongelmista on vuoto. T\u00e4m\u00e4 voi johtua vaurioituneista tiivisteist\u00e4 tai viallisista liitoksista. S\u00e4\u00e4nn\u00f6lliset tarkastukset voivat auttaa tunnistamaan vuodot varhaisessa vaiheessa, mik\u00e4 mahdollistaa oikea-aikaiset korjaukset.<\/li>\n<li><strong>Ep\u00e4johdonmukainen toiminta:<\/strong> Jos hydraulisylinteri toimii ep\u00e4tasaisesti, se voi johtua j\u00e4rjestelm\u00e4\u00e4n j\u00e4\u00e4neest\u00e4 ilmasta tai alhaisista hydraulinesteen tasoista. J\u00e4rjestelm\u00e4n ilmaaminen ja nestetasojen tarkistaminen ovat t\u00e4rkeit\u00e4 toimenpiteit\u00e4 t\u00e4m\u00e4n ongelman korjaamiseksi.<\/li>\n<li><strong>Liiallinen melu:<\/strong> Ep\u00e4tavalliset \u00e4\u00e4net k\u00e4yt\u00f6n aikana voivat viitata mekaanisiin ongelmiin tai riitt\u00e4m\u00e4tt\u00f6m\u00e4\u00e4n voiteluun. Tarkasta sylinteri ja varmista asianmukainen voitelu lis\u00e4vaurioiden est\u00e4miseksi.<\/li>\n<\/ul>\n<p>Tehokkaan vianm\u00e4\u00e4rityksen varmistamiseksi pid\u00e4 yksityiskohtaista lokia kaikista ongelmista ja korjauksista ja ota yhteytt\u00e4 hydrauliikan asiantuntijaan, jos ongelmat jatkuvat.<\/p>\n<p><img decoding=\"async\" src=\"https:\/\/www.hydraulic-cylinders.net\/wp-content\/uploads\/2025\/04\/songte-bushings-with-all-kinds-of-excavator-models.webp\" alt=\"Kaivinkonemallien holkit\"><\/p>\n<h2>Yhteenveto: Yrityksemme<\/h2>\n<p>Olemme johtava hydraulisten sylinterien valmistaja, joka tunnetaan monipuolisesta tuotevalikoimastamme ja sitoutumisestamme laatuun. Tuotteemme ovat saaneet tunnustusta sek\u00e4 kotimaisilla ett\u00e4 kansainv\u00e4lisill\u00e4 markkinoilla. Noudatamme korkeita laatustandardeja hy\u00f6dynt\u00e4en hienostunutta valmistusstrategiaa, joka yhdist\u00e4\u00e4 edistyneen teknologian, ammattitaitoisen henkil\u00f6st\u00f6n ja vankan laadunvalvontaj\u00e4rjestelm\u00e4n. Osaamiseemme kuuluvat tarkkuusvalmistus, r\u00e4\u00e4t\u00e4l\u00f6it\u00e4v\u00e4t ratkaisut ja erinomainen j\u00e4lkimarkkinointipalvelu, jotka varmistavat, ett\u00e4 t\u00e4yt\u00e4mme asiakkaidemme monipuoliset tarpeet.<\/p>\n<p><img decoding=\"async\" src=\"https:\/\/www.hydraulic-cylinders.net\/wp-content\/uploads\/2025\/04\/songte-company-4.webp\" alt=\"Yrityksen imago\"><br \/>\n<img decoding=\"async\" src=\"https:\/\/www.hydraulic-cylinders.net\/wp-content\/uploads\/2025\/04\/songte-company-3.webp\" alt=\"Yrityksen imago\"><\/p>\n<p>Kirjoittaja: lyl<\/p>","protected":false},"excerpt":{"rendered":"<p>Boom Cylinder For Dasin DS35 Product Definition The Boom Cylinder for Dasin DS35 is a specialized hydraulic cylinder designed for controlling the movement of boom arms in heavy machinery such as excavators, backhoe loaders, and front loaders. This type of hydraulic cylinder plays a crucial role in facilitating the lifting, lowering, and tilting of the [&hellip;]<\/p>","protected":false},"featured_media":17881,"comment_status":"open","ping_status":"closed","template":"","meta":{"_et_pb_use_builder":"","_et_pb_old_content":"","_et_gb_content_width":""},"product_brand":[],"product_cat":[1546],"product_tag":[1547,1496],"class_list":{"0":"post-19693","1":"product","2":"type-product","3":"status-publish","4":"has-post-thumbnail","6":"product_cat-boom-cylinders","7":"product_tag-boom-cylinders","8":"product_tag-hydraulic-cylinders","10":"first","11":"instock","12":"shipping-taxable","13":"product-type-simple"},"amp_enabled":true,"_links":{"self":[{"href":"https:\/\/www.hydraulic-cylinders.net\/fi\/wp-json\/wp\/v2\/product\/19693","targetHints":{"allow":["GET"]}}],"collection":[{"href":"https:\/\/www.hydraulic-cylinders.net\/fi\/wp-json\/wp\/v2\/product"}],"about":[{"href":"https:\/\/www.hydraulic-cylinders.net\/fi\/wp-json\/wp\/v2\/types\/product"}],"replies":[{"embeddable":true,"href":"https:\/\/www.hydraulic-cylinders.net\/fi\/wp-json\/wp\/v2\/comments?post=19693"}],"wp:featuredmedia":[{"embeddable":true,"href":"https:\/\/www.hydraulic-cylinders.net\/fi\/wp-json\/wp\/v2\/media\/17881"}],"wp:attachment":[{"href":"https:\/\/www.hydraulic-cylinders.net\/fi\/wp-json\/wp\/v2\/media?parent=19693"}],"wp:term":[{"taxonomy":"product_brand","embeddable":true,"href":"https:\/\/www.hydraulic-cylinders.net\/fi\/wp-json\/wp\/v2\/product_brand?post=19693"},{"taxonomy":"product_cat","embeddable":true,"href":"https:\/\/www.hydraulic-cylinders.net\/fi\/wp-json\/wp\/v2\/product_cat?post=19693"},{"taxonomy":"product_tag","embeddable":true,"href":"https:\/\/www.hydraulic-cylinders.net\/fi\/wp-json\/wp\/v2\/product_tag?post=19693"}],"curies":[{"name":"wp","href":"https:\/\/api.w.org\/{rel}","templated":true}]}}