{"id":19696,"date":"2025-04-07T07:02:20","date_gmt":"2025-04-07T07:02:20","guid":{"rendered":"https:\/\/www.hydraulic-cylinders.net\/product\/boom-cylinder-for-dasin-ds60-7\/"},"modified":"2025-04-07T07:02:22","modified_gmt":"2025-04-07T07:02:22","slug":"boom-cylinder-for-dasin-ds60-7","status":"publish","type":"product","link":"https:\/\/www.hydraulic-cylinders.net\/fi\/tuote\/boom-cylinder-for-dasin-ds60-7\/","title":{"rendered":"Puomin sylinteri Dasin DS60-7:lle"},"content":{"rendered":"<h1>Puomin sylinteri Dasin DS60-7:lle<\/h1>\n<h2>Puomin sylinterin ymm\u00e4rt\u00e4minen<\/h2>\n<p>Dasin DS60-7:lle erityisesti suunniteltu puomin sylinteri on ratkaisevan t\u00e4rke\u00e4 hydraulij\u00e4rjestelmiss\u00e4. T\u00e4m\u00e4 hydraulisylinteri on v\u00e4ltt\u00e4m\u00e4t\u00f6n kauhojen liikkeen ohjaamiseksi erilaisissa raskaissa koneissa, kuten kaivinkoneissa, kaivurikuormaajissa ja etukuormaajissa. Se mahdollistaa kauhan nostamisen, laskemisen ja kallistumisen, mik\u00e4 helpottaa tehokkaita materiaalink\u00e4sittelyteht\u00e4vi\u00e4.<\/p>\n<p><img decoding=\"async\" src=\"https:\/\/www.hydraulic-cylinders.net\/wp-content\/uploads\/2025\/04\/songte-company-1.webp\" alt=\"Puomin sylinteri\" \/><\/p>\n<h3>M\u00e4\u00e4ritelm\u00e4 ja yleiskatsaus<\/h3>\n<p>Puomisylinteri on erikoishydraulinen sylinteri, jota k\u00e4ytet\u00e4\u00e4n rakennuskoneiden puomin tai kauhan toiminnan ohjaamiseen. N\u00e4m\u00e4 sylinterit muuntavat hydraulinesteen paineen mekaaniseksi energiaksi, mik\u00e4 mahdollistaa kauhan tasaiset ja hallitut liikkeet. Hydraulij\u00e4rjestelm\u00e4 varmistaa, ett\u00e4 raskaita kuormia voidaan nostaa ja siirt\u00e4\u00e4 tarkasti, mik\u00e4 tekee siit\u00e4 v\u00e4ltt\u00e4m\u00e4tt\u00f6m\u00e4n esimerkiksi kaivut\u00f6iss\u00e4, lastauksessa ja materiaalien kuljetuksessa. N\u00e4iden sylinterien tehokkuus ja vaikuttavuus parantavat merkitt\u00e4v\u00e4sti raskaiden koneiden toimintakyky\u00e4, mik\u00e4 tekee niist\u00e4 elint\u00e4rkeit\u00e4 komponentteja rakennus- ja maataloussovelluksissa.<\/p>\n<h2>Puomin sylinterin ominaisuudet<\/h2>\n<ul>\n<li><strong>Korkea lujuus ja kest\u00e4vyys:<\/strong> Tyypillisesti eritt\u00e4in lujasta ter\u00e4ksest\u00e4 tai alumiinista valmistetut sylinterit kest\u00e4v\u00e4t korkeaa painetta ja raskaita kuormia, joten ne sopivat vaativiin ty\u00f6ymp\u00e4rist\u00f6ihin.<\/li>\n<li><strong>Tehokas hydraulinen k\u00e4ytt\u00f6:<\/strong> Hydrauli\u00f6ljyn paineen hy\u00f6dynt\u00e4minen mahdollistaa sujuvan pidennyksen ja sis\u00e4\u00e4nvedon, mik\u00e4 tarjoaa nopean vasteen ohjauskomentoihin ja tuottaa tehokkaita ty\u00f6nt\u00f6- ja vetovoimia.<\/li>\n<li><strong>Erilaisia \u200b\u200btyyppej\u00e4:<\/strong> Saatavilla yksitoimisina (toimii yhteen suuntaan) tai kaksitoimisina (toimii molempiin suuntiin) versioina, joissakin malleissa on teleskooppirakenne, joka pident\u00e4\u00e4 ulottuvuutta ilman ulkomittojen kasvua.<\/li>\n<li><strong>Helppohoitoisuus:<\/strong> Suunniteltu helppoa komponenttien saatavuutta varten, mik\u00e4 nopeuttaa tarkastuksia ja korjauksia, mik\u00e4 auttaa v\u00e4hent\u00e4m\u00e4\u00e4n seisokkiaikoja ja yll\u00e4pit\u00e4m\u00e4\u00e4n toiminnan tehokkuutta.<\/li>\n<li><strong>Mukautusvaihtoehdot:<\/strong> Sylinterimme voidaan r\u00e4\u00e4t\u00e4l\u00f6id\u00e4 vastaamaan tiettyj\u00e4 sovellusvaatimuksia, mik\u00e4 varmistaa optimaalisen suorituskyvyn erilaisissa k\u00e4ytt\u00f6tilanteissa.<\/li>\n<\/ul>\n<p>Olemme erikoistuneet t\u00e4m\u00e4n tuotteen valmistukseen, ja sylinterimme voivat t\u00e4ydellisesti korvata olemassa olevat hydraulisylinterit erilaisissa sovelluksissa.<\/p>\n<p><img decoding=\"async\" src=\"https:\/\/www.hydraulic-cylinders.net\/wp-content\/uploads\/2025\/04\/songte-cylinder-head-with-all-kinds-excavator-models.webp\" alt=\"Dasin DS60-7 -sylinteri\" \/><\/p>\n<h2>Puomisylinterin sovellukset<\/h2>\n<h3>Rakennuslaitteet<\/h3>\n<p>Rakennuskoneissa, kuten kaivinkoneissa, puomisylinterit ovat kriittisi\u00e4 kaivamisessa, lastaamisessa ja maaper\u00e4n tai roskien siirt\u00e4misess\u00e4. Niiden avulla kauha voi suorittaa erilaisia \u200b\u200btoimintoja maan kaivamisesta materiaalien nostamiseen ja kuljettamiseen eri paikkoihin. Puomisylinterin monipuolisuus mahdollistaa kaivinkoneiden mukautumisen erilaisiin teht\u00e4viin, mik\u00e4 parantaa tuottavuutta rakennusty\u00f6mailla.<\/p>\n<h3>Maatalouskoneet<\/h3>\n<p>Maatalouskoneissa, kuten etukuormaajissa, puomisylintereit\u00e4 k\u00e4ytet\u00e4\u00e4n maaper\u00e4n, hein\u00e4n ja muiden materiaalien kaivamiseen, nostamiseen ja kuljettamiseen. Niiden kyky tarjota tehokas nostokyky on olennaista tehokkaalle maataloustoiminnalle, jonka avulla viljelij\u00e4t voivat siirt\u00e4\u00e4 suuria m\u00e4\u00e4ri\u00e4 materiaaleja nopeasti ja tehokkaasti, mik\u00e4 parantaa maatilan tuottavuutta.<\/p>\n<h3>Kaivinkoneet<\/h3>\n<p>Kaivinkoneissa puomin sylinteri helpottaa kaivua antamalla kauhan tunkeutua helposti maaper\u00e4\u00e4n. T\u00e4m\u00e4 toiminto on elint\u00e4rke\u00e4 kaivut\u00f6iss\u00e4, sill\u00e4 se auttaa saavuttamaan tarkat kaivusyvyydet ja -muodot, jotka ovat olennaisia \u200b\u200berilaisissa rakennus- ja maisemointiprojekteissa. Puomin sylinterin tuottama hydraulinen teho varmistaa, ett\u00e4 jopa kova maaper\u00e4 voidaan kaivaa pois minimaalisella vaivalla.<\/p>\n<h3>Kuormaajat<\/h3>\n<p>Etukuormaajissa puomin sylinterit edist\u00e4v\u00e4t merkitt\u00e4v\u00e4sti kuormien nostamista ja tyhjent\u00e4mist\u00e4. Niiden avulla kuormaaja voi nostaa raskaita materiaaleja halutulle korkeudelle ja sitten kallistaa niit\u00e4 kuorman tehokkaaksi vapauttamiseksi. T\u00e4m\u00e4 toiminto on ratkaisevan t\u00e4rke\u00e4 rakennusty\u00f6mailla ja materiaalink\u00e4sittelyss\u00e4, joissa oikea-aikaiset ja tehokkaat lastaus- ja purkuprosessit ovat v\u00e4ltt\u00e4m\u00e4tt\u00f6mi\u00e4 projektin kokonaistehokkuuden kannalta.<\/p>\n<h2>Suunnittelun\u00e4k\u00f6kohdat ja valintakriteerit<\/h2>\n<h3>Kantavuus<\/h3>\n<p>Puomisylinteri\u00e4 suunniteltaessa kuormituskapasiteetti on ensisijainen huomioitava seikka. K\u00e4ytt\u00e4jien on varmistettava, ett\u00e4 sylinteri kest\u00e4\u00e4 sen nostaman tai siirt\u00e4m\u00e4n enimm\u00e4ispainon. T\u00e4m\u00e4 edellytt\u00e4\u00e4 sylinterin rakenteessa k\u00e4ytettyjen materiaalien sek\u00e4 kokonaissuunnittelun arviointia sen varmistamiseksi, ett\u00e4 se t\u00e4ytt\u00e4\u00e4 tai ylitt\u00e4\u00e4 k\u00e4ytt\u00f6vaatimukset. Valmistajat suorittavat usein laajoja testej\u00e4 varmistaakseen, ett\u00e4 heid\u00e4n sylinterins\u00e4 toimivat tietyill\u00e4 kuormilla ilman vikoja, mik\u00e4 varmistaa turvallisuuden ja luotettavuuden kent\u00e4ll\u00e4.<\/p>\n<h3>Tiivistys ja kest\u00e4vyys<\/h3>\n<p>Puomisylinterin suunnittelun kriittinen osa on tiivistys. Hydraulisylinterien on pidett\u00e4v\u00e4 paine yll\u00e4 ja samalla estett\u00e4v\u00e4 vuodot, jotka voivat heikent\u00e4\u00e4 suorituskyky\u00e4. Korkealaatuiset tiivisteet, kuten kest\u00e4vist\u00e4 materiaaleista, kuten polyuretaanista tai nitriilikumista, valmistetut m\u00e4nn\u00e4ntiivisteet ja varren tiivisteet, tarjoavat erinomaisen kulutuskest\u00e4vyyden. Suunnitteluun kuuluu my\u00f6s sylinterirunkojen ja kierteitettyjen p\u00e4iden tarkkuuskoneistus kulutuskest\u00e4vyyden ja pitk\u00e4ik\u00e4isyyden parantamiseksi, varmistaen, ett\u00e4 sylinteri voi toimia tehokkaasti pitk\u00e4n aikaa.<\/p>\n<h3>Turvaominaisuudet<\/h3>\n<p>Turvallisuus on ensiarvoisen t\u00e4rke\u00e4\u00e4 hydraulisylinterien suunnittelussa. Ylikuormitussuoja, varoventtiilit ja h\u00e4t\u00e4pys\u00e4yttimet on sis\u00e4llytetty onnettomuuksien est\u00e4miseksi ja koneiden turvallisen k\u00e4yt\u00f6n varmistamiseksi. N\u00e4m\u00e4 turvatoimenpiteet suojaavat sek\u00e4 laitteita ett\u00e4 k\u00e4ytt\u00e4j\u00e4\u00e4 ja minimoivat hydraulisiin vikoihin liittyv\u00e4t riskit k\u00e4yt\u00f6n aikana. S\u00e4\u00e4nn\u00f6lliset tarkastukset ja turvallisuusohjeiden noudattaminen ovat olennaisia \u200b\u200bn\u00e4iden turvaominaisuuksien yll\u00e4pit\u00e4miseksi ja varmistavat, ett\u00e4 laitteet toimivat sujuvasti ja turvallisesti.<\/p>\n<p><img decoding=\"async\" src=\"https:\/\/www.hydraulic-cylinders.net\/wp-content\/uploads\/2025\/04\/songte-oil-pipes-and-spare-parts.webp\" alt=\"Hydraulisylinterin osat\" \/><\/p>\n<h2>Tiivistys ja voitelu<\/h2>\n<p>Tehokas tiivistys ja voitelu ovat ratkaisevan t\u00e4rkeit\u00e4 puomisylinterien suorituskyvylle. Erilaisia \u200b\u200btiivisteit\u00e4, kuten m\u00e4nn\u00e4ntiivisteit\u00e4 ja varren tiivisteit\u00e4, k\u00e4ytet\u00e4\u00e4n est\u00e4m\u00e4\u00e4n hydraulinesteen vuotoja ja kontaminaatiota. Kest\u00e4vien materiaalien, kuten polyuretaanin ja nitriilikumin, valinta pident\u00e4\u00e4 tiivisteiden k\u00e4ytt\u00f6ik\u00e4\u00e4 ja suorituskyky\u00e4 paineen alla. Lis\u00e4ksi sylinterin rungon ja kierteitettyjen p\u00e4\u00e4typintojen hieno ty\u00f6st\u00f6 parantaa kulutuskest\u00e4vyytt\u00e4 ja varmistaa pidemm\u00e4n k\u00e4ytt\u00f6i\u00e4n. S\u00e4\u00e4nn\u00f6llinen huolto, mukaan lukien asianmukainen voitelu hydrauli\u00f6ljyll\u00e4, on elint\u00e4rke\u00e4\u00e4 kitkan ja kulumisen minimoimiseksi, mik\u00e4 parantaa sylinterin tehokkuutta ja pitk\u00e4ik\u00e4isyytt\u00e4.<\/p>\n<h2>S\u00e4\u00e4nn\u00f6llinen tarkastus ja ennaltaehk\u00e4isev\u00e4 huolto<\/h2>\n<ul>\n<li><strong>Rutiinitarkastukset:<\/strong> Sylinterin s\u00e4\u00e4nn\u00f6llinen tarkastaminen kulumisen, vuotojen tai vaurioiden varalta on ratkaisevan t\u00e4rke\u00e4\u00e4 sen toiminnan yll\u00e4pit\u00e4miseksi. K\u00e4ytt\u00e4jien tulee tarkistaa tiivisteet, liitokset ja sylinterin yleinen rakenteellinen eheys mahdollisten ongelmien tunnistamiseksi ennen niiden pahenemista.<\/li>\n<li><strong>M\u00e4\u00e4r\u00e4aikainen voitelu:<\/strong> On t\u00e4rke\u00e4\u00e4 varmistaa, ett\u00e4 sylinteri on voideltu oikein oikeanlaisella ja oikeanlaisella hydrauli\u00f6ljyll\u00e4. T\u00e4m\u00e4 k\u00e4yt\u00e4nt\u00f6 ei ainoastaan \u200b\u200bv\u00e4henn\u00e4 kitkaa, vaan my\u00f6s auttaa suojaamaan kulumiselta ja pident\u00e4\u00e4 sylinterin k\u00e4ytt\u00f6ik\u00e4\u00e4.<\/li>\n<li><strong>Tiivisteen vaihto:<\/strong> Ajan my\u00f6t\u00e4 tiivisteet voivat heikenty\u00e4 ja ne saattavat vaatia vaihtoa sylinterin tehokkuuden yll\u00e4pit\u00e4miseksi. Ennakoivan, k\u00e4ytt\u00f6\u00f6n perustuvan tiivisteiden vaihtoaikataulun toteuttaminen voi est\u00e4\u00e4 vuotoja ja varmistaa optimaalisen suorituskyvyn.<\/li>\n<\/ul>\n<h2>Asennusohjeet<\/h2>\n<p>Puomisylinterin oikea asennus on ratkaisevan t\u00e4rke\u00e4\u00e4 optimaalisen suorituskyvyn saavuttamiseksi. Aloita varmistamalla, ett\u00e4 kaikki komponentit ovat puhtaita ja roskista vapaita. Kohdista sylinteri oikein kiinnityskannattimiin, jotta sylinteriin ei kohdistu rasitusta ja varmistetaan sujuva toiminta. K\u00e4yt\u00e4 sopivia kiinnitystukia sylinterin kiinnitt\u00e4miseksi tukevasti paikalleen. Asennuksen j\u00e4lkeen tarkista mahdolliset kohdistusvirheet ja tee tarvittavat s\u00e4\u00e4d\u00f6t ennen hydrauliikkalinjojen kytkemist\u00e4. Varmista, ett\u00e4 kaikki liit\u00e4nn\u00e4t ovat tiukat, ja testaa j\u00e4rjestelm\u00e4 alhaisella paineella varmistaaksesi, ettei vuotoja ole, ennen kuin siirryt t\u00e4yteen k\u00e4ytt\u00f6paineeseen. N\u00e4iden ohjeiden noudattaminen auttaa maksimoimaan puomisylinterin suorituskyvyn ja k\u00e4ytt\u00f6i\u00e4n.<\/p>\n<h2>Yleiset huoltoteht\u00e4v\u00e4t<\/h2>\n<h3>S\u00e4\u00e4nn\u00f6lliset tarkastukset<\/h3>\n<p>S\u00e4\u00e4nn\u00f6lliset tarkastukset ovat v\u00e4ltt\u00e4m\u00e4tt\u00f6mi\u00e4 mahdollisten ongelmien havaitsemiseksi varhaisessa vaiheessa. Kuljettajien tulee tarkastaa puomin sylinteri kulumisen, vaurioiden tai vuotojen varalta. Etsi halkeamia, korroosiota tai muita ep\u00e4s\u00e4\u00e4nn\u00f6llisyyksi\u00e4, jotka voivat vaikuttaa suorituskykyyn. Ennakoiva l\u00e4hestymistapa tarkastuksiin voi est\u00e4\u00e4 odottamattomia vikoja ja varmistaa sujuvan toiminnan.<\/p>\n<h3>Oikea voitelu<\/h3>\n<p>Voitelu on kriittist\u00e4 liikkuvien osien v\u00e4lisen kitkan v\u00e4hent\u00e4miseksi. Varmista, ett\u00e4 k\u00e4ytetty hydrauliikka\u00f6ljy on yhteensopivaa sylinterin rakenteen kanssa ja ett\u00e4 se vaihdetaan s\u00e4\u00e4nn\u00f6llisesti optimaalisen suorituskyvyn yll\u00e4pit\u00e4miseksi. Oikea voitelu ei ainoastaan \u200b\u200bpidenn\u00e4 sylinterin k\u00e4ytt\u00f6ik\u00e4\u00e4, vaan my\u00f6s parantaa sen tehokkuutta k\u00e4yt\u00f6n aikana.<\/p>\n<h3>Tiivisteen vaihto<\/h3>\n<p>Tiivisteiden s\u00e4\u00e4nn\u00f6llinen vaihtaminen on ratkaisevan t\u00e4rke\u00e4\u00e4 vuotojen est\u00e4miseksi ja hydraulisen paineen yll\u00e4pit\u00e4miseksi. Tarkista tiivisteiden kuluminen ja vaihda ne heti, kun ne alkavat heiket\u00e4. Tiivisteiden s\u00e4\u00e4nn\u00f6llinen vaihto varmistaa, ett\u00e4 hydraulij\u00e4rjestelm\u00e4 toimii tehokkaasti ja turvallisesti, mik\u00e4 minimoi nesteh\u00e4vi\u00f6iden ja mahdollisten onnettomuuksien riskin.<\/p>\n<p><img decoding=\"async\" src=\"https:\/\/www.hydraulic-cylinders.net\/wp-content\/uploads\/2025\/04\/songte-chushion-collar.webp\" alt=\"Sylinterin pehmustekaulus\" \/><\/p>\n<h2>Turvallisuusn\u00e4k\u00f6kohdat ja ymp\u00e4rist\u00f6tekij\u00e4t<\/h2>\n<p>Hydraulij\u00e4rjestelmi\u00e4 k\u00e4ytt\u00f6\u00f6notettaessa ja puomisylintereit\u00e4 k\u00e4ytett\u00e4ess\u00e4 turvatoimenpiteet ovat ensiarvoisen t\u00e4rkeit\u00e4. K\u00e4ytt\u00e4j\u00e4t tulee kouluttaa turvallisiin k\u00e4sittelymenetelmiin ja kaikkien turvallisuusohjeiden noudattamiseen onnettomuuksien v\u00e4ltt\u00e4miseksi. Lis\u00e4ksi on t\u00e4rke\u00e4\u00e4 ottaa huomioon hydraulinesteiden ymp\u00e4rist\u00f6vaikutukset. Biohajoavien hydraulinesteiden k\u00e4ytt\u00f6 voi auttaa v\u00e4hent\u00e4m\u00e4\u00e4n mahdollisia ymp\u00e4rist\u00f6riskej\u00e4 varmistaen, ett\u00e4 toiminta on paitsi tehokasta my\u00f6s vastuullista.<\/p>\n<h2>Vianm\u00e4\u00e4ritys ja yleiset ongelmat<\/h2>\n<ul>\n<li><strong>Vuoto:<\/strong> Yksi yleisimmist\u00e4 ongelmista on hydrauliikka\u00f6ljyn vuoto. T\u00e4m\u00e4 voi johtua kuluneista tiivisteist\u00e4 tai vaurioituneista liitoksista. S\u00e4\u00e4nn\u00f6lliset tarkastukset ovat ratkaisevan t\u00e4rkeit\u00e4 vuotojen havaitsemiseksi varhaisessa vaiheessa ja nesteh\u00e4vi\u00f6iden est\u00e4miseksi.<\/li>\n<li><strong>Riitt\u00e4m\u00e4t\u00f6n teho:<\/strong> Jos puomin sylinteri ei tuota riitt\u00e4v\u00e4sti tehoa, se voi johtua alhaisesta hydrauliikka\u00f6ljyn m\u00e4\u00e4r\u00e4st\u00e4 tai j\u00e4rjestelm\u00e4\u00e4n j\u00e4\u00e4neest\u00e4 ilmasta. Nestetasojen tarkistaminen ja j\u00e4rjestelm\u00e4n ilmaaminen voivat usein ratkaista t\u00e4m\u00e4n ongelman.<\/li>\n<li><strong>Hidas toiminta:<\/strong> Jos sylinteri toimii hitaasti, se voi viitata hydrauliikkaletkujen tukoksiin tai \u00f6ljynvaihdon tarpeeseen. Letkujen puhdistaminen ja oikean hydrauliikkanesteen viskositeetin varmistaminen voivat parantaa suorituskyky\u00e4.<\/li>\n<\/ul>\n<h2>Vianm\u00e4\u00e4ritysvinkkej\u00e4<\/h2>\n<p>Hydraulisylinterien ongelmien tehokkaaksi diagnosoimiseksi ja ratkaisemiseksi k\u00e4ytt\u00e4jien tulee noudattaa systemaattisia vianetsint\u00e4vaiheita. Aloita tarkistamalla n\u00e4kyv\u00e4t vuodot ja varmistamalla, ett\u00e4 nestetasot ovat riitt\u00e4v\u00e4t. Jos ongelmat jatkuvat, katso valmistajan ohjeista tarkat vianetsint\u00e4protokollat. Toteuta ennaltaehk\u00e4isevi\u00e4 toimenpiteit\u00e4, kuten rutiinihuolto ja oikea-aikainen vaihto, mahdollisten ongelmien minimoimiseksi ja sylinterin toiminnan tehokkuuden parantamiseksi.<\/p>\n<p><img decoding=\"async\" src=\"https:\/\/www.hydraulic-cylinders.net\/wp-content\/uploads\/2025\/04\/songte-bushings-with-all-kinds-of-excavator-models.webp\" alt=\"Kaivinkoneen holkit\" \/><\/p>\n<h2>Tietoa yrityksest\u00e4mme<\/h2>\n<p>Olemme johtava hydraulisten sylinterien vaihtolaitteiden valmistaja, joka on erikoistunut kattavaan tuotevalikoimaan. Sitoutumisemme poikkeukselliseen laatuun on tehnyt meist\u00e4 merkitt\u00e4v\u00e4n valmistajan ja tukkumyyj\u00e4n sek\u00e4 kotimaisilla ett\u00e4 kansainv\u00e4lisill\u00e4 markkinoilla. Noudatamme hienostunutta valmistuksenohjausstrategiaa ja investoimme edistyneisiin digitaalisiin valmistuslaitteisiin ja ammattimaisiin testausj\u00e4rjestelmiin.<\/p>\n<p>Tuotantoymp\u00e4rist\u00f6mme kehittyy jatkuvasti varmistaakseen korkean tehokkuuden ja tarkkuuden ja vastatakseen asiakkaidemme monipuolisiin tarpeisiin. Tarjoamme r\u00e4\u00e4t\u00e4l\u00f6ityj\u00e4 palveluita varmistaaksemme, ett\u00e4 tuotteemme vastaavat tiettyj\u00e4 sovellusvaatimuksia. Kansainv\u00e4listen sertifikaattien ja vankan j\u00e4lkimarkkinointitukij\u00e4rjestelm\u00e4n avulla takaamme luotettavuuden ja asiakastyytyv\u00e4isyyden.<\/p>\n<p><img decoding=\"async\" src=\"https:\/\/www.hydraulic-cylinders.net\/wp-content\/uploads\/2025\/04\/songte-company-4.webp\" alt=\"Yrityksen yleiskatsaus\" \/><br \/>\n<img decoding=\"async\" src=\"https:\/\/www.hydraulic-cylinders.net\/wp-content\/uploads\/2025\/04\/songte-company-3.webp\" alt=\"Yritysvalmistus\" \/><\/p>\n<p>Kirjoittaja: lyl<\/p>","protected":false},"excerpt":{"rendered":"<p>Boom Cylinder For Dasin DS60-7 Understanding the Boom Cylinder The boom cylinder, specifically designed for the Dasin DS60-7, plays a crucial role in hydraulic systems. This hydraulic cylinder is essential for controlling the movement of buckets in various heavy machinery, such as excavators, backhoe loaders, and front loaders. It enables the bucket to lift, lower, [&hellip;]<\/p>","protected":false},"featured_media":17869,"comment_status":"open","ping_status":"closed","template":"","meta":{"_et_pb_use_builder":"","_et_pb_old_content":"","_et_gb_content_width":""},"product_brand":[],"product_cat":[1546],"product_tag":[1547,1496],"class_list":{"0":"post-19696","1":"product","2":"type-product","3":"status-publish","4":"has-post-thumbnail","6":"product_cat-boom-cylinders","7":"product_tag-boom-cylinders","8":"product_tag-hydraulic-cylinders","10":"first","11":"instock","12":"shipping-taxable","13":"product-type-simple"},"amp_enabled":true,"_links":{"self":[{"href":"https:\/\/www.hydraulic-cylinders.net\/fi\/wp-json\/wp\/v2\/product\/19696","targetHints":{"allow":["GET"]}}],"collection":[{"href":"https:\/\/www.hydraulic-cylinders.net\/fi\/wp-json\/wp\/v2\/product"}],"about":[{"href":"https:\/\/www.hydraulic-cylinders.net\/fi\/wp-json\/wp\/v2\/types\/product"}],"replies":[{"embeddable":true,"href":"https:\/\/www.hydraulic-cylinders.net\/fi\/wp-json\/wp\/v2\/comments?post=19696"}],"wp:featuredmedia":[{"embeddable":true,"href":"https:\/\/www.hydraulic-cylinders.net\/fi\/wp-json\/wp\/v2\/media\/17869"}],"wp:attachment":[{"href":"https:\/\/www.hydraulic-cylinders.net\/fi\/wp-json\/wp\/v2\/media?parent=19696"}],"wp:term":[{"taxonomy":"product_brand","embeddable":true,"href":"https:\/\/www.hydraulic-cylinders.net\/fi\/wp-json\/wp\/v2\/product_brand?post=19696"},{"taxonomy":"product_cat","embeddable":true,"href":"https:\/\/www.hydraulic-cylinders.net\/fi\/wp-json\/wp\/v2\/product_cat?post=19696"},{"taxonomy":"product_tag","embeddable":true,"href":"https:\/\/www.hydraulic-cylinders.net\/fi\/wp-json\/wp\/v2\/product_tag?post=19696"}],"curies":[{"name":"wp","href":"https:\/\/api.w.org\/{rel}","templated":true}]}}