{"id":19697,"date":"2025-04-07T07:02:22","date_gmt":"2025-04-07T07:02:22","guid":{"rendered":"https:\/\/www.hydraulic-cylinders.net\/product\/boom-cylinder-for-sinomach-zg3210-9c\/"},"modified":"2025-04-07T07:02:25","modified_gmt":"2025-04-07T07:02:25","slug":"boom-cylinder-for-sinomach-zg3210-9c","status":"publish","type":"product","link":"https:\/\/www.hydraulic-cylinders.net\/fi\/tuote\/boom-cylinder-for-sinomach-zg3210-9c\/","title":{"rendered":"Puomin sylinteri Sinomach ZG3210-9C:lle"},"content":{"rendered":"<h1>Puomin sylinteri Sinomach ZG3210-9C:lle<\/h1>\n<h2>Tuotteen yleiskatsaus<\/h2>\n<p>Sinomach ZG3210-9C:n puomisylinteri on hydraulisylinteri, joka on erityisesti suunniteltu ohjaamaan kauhan liikett\u00e4 erilaisissa raskaissa koneissa, kuten kaivinkoneissa, kaivurikuormaajissa ja etukuormaajissa. T\u00e4m\u00e4 kest\u00e4v\u00e4 komponentti mahdollistaa kuljettajan nostaa, laskea ja kallistaa kauhaa, mik\u00e4 helpottaa tehokkaita materiaalink\u00e4sittelyteht\u00e4vi\u00e4. Kauhasylinteri on olennainen osa hydrauliikkaj\u00e4rjestelmi\u00e4, sill\u00e4 se tuottaa tarvittavan voiman kriittisten toimintojen suorittamiseen rakennusalalla ja maataloudessa.<\/p>\n<p><img decoding=\"async\" src=\"https:\/\/www.hydraulic-cylinders.net\/wp-content\/uploads\/2025\/04\/songte-company-1.webp\" alt=\"Hydraulinen sylinteri\"><\/p>\n<h2>Puomin sylinterin ominaisuudet<\/h2>\n<ul>\n<li><strong>Korkea lujuus ja kest\u00e4vyys:<\/strong> T\u00e4m\u00e4 sylinteri on valmistettu lujasta ter\u00e4ksest\u00e4 tai alumiinista, ja se kest\u00e4\u00e4 korkeaa painetta ja raskaita kuormia, joten se sopii vaativiin ty\u00f6ymp\u00e4rist\u00f6ihin. Sen suunnittelussa on otettu huomioon kulutuskest\u00e4vyys ja korroosionkest\u00e4vyys, mik\u00e4 pident\u00e4\u00e4 sen k\u00e4ytt\u00f6ik\u00e4\u00e4.<\/li>\n<li><strong>Tehokas hydraulinen k\u00e4ytt\u00f6:<\/strong> Hydrauli\u00f6ljyn painetta hy\u00f6dynt\u00e4v\u00e4 sylinteri tarjoaa tasaiset ojennus- ja sis\u00e4\u00e4nvetoliikkeet, reagoi nopeasti ohjauskomentoihin ja tuottaa tehokkaita ty\u00f6nt\u00f6- ja vetovoimia, mik\u00e4 sopii ihanteellisesti raskaiden ja monimutkaisten teht\u00e4vien k\u00e4sittelyyn.<\/li>\n<li><strong>Erilaisia \u200b\u200btyyppej\u00e4:<\/strong> Saatavilla sek\u00e4 yksitoimisina (hydrauliikkaa yhteen suuntaan) ett\u00e4 kaksitoimisina (hydrauliikkaa molempiin suuntiin) kokoonpanoina erilaisten k\u00e4ytt\u00f6tarpeiden t\u00e4ytt\u00e4miseksi. Jotkut mallit ovat teleskooppisia, mik\u00e4 mahdollistaa suuremman jatkeen ilman ulkomittojen kasvua, joten ne sopivat rajoitetusti tilaa vaativiin sovelluksiin.<\/li>\n<li><strong>Tarkkuustekniikka:<\/strong> Suunnitteluun kuuluu tarkkuuskoneistus tehokkuuden ja luotettavuuden parantamiseksi, mink\u00e4 tuloksena tuote toimii tasaisesti vaihtelevissa kuormissa ja olosuhteissa.<\/li>\n<li><strong>Mukautettavat ratkaisut:<\/strong> Voimme valmistaa t\u00e4m\u00e4n tuotteen korvaamaan t\u00e4ydellisesti olemassa olevat hydraulisylinterit ja t\u00e4ytt\u00e4m\u00e4\u00e4n erityisvaatimukset ja -spesifikaatiot.<\/li>\n<\/ul>\n<p><img decoding=\"async\" src=\"https:\/\/www.hydraulic-cylinders.net\/wp-content\/uploads\/2025\/04\/songte-cylinder-head-with-all-kinds-excavator-models.webp\" alt=\"Kaivinkonemallien yhteensopivuus\"><\/p>\n<h2>Puomisylinterin sovellukset<\/h2>\n<h3>Rakennuslaitteet<\/h3>\n<p>Kaivinkoneissa puomin sylinteri on ratkaisevan t\u00e4rke\u00e4 kaivamisessa, lastaamisessa ja maan tai roskien siirt\u00e4misess\u00e4. Se mahdollistaa kauhan tehokkaan liikkumisen, mik\u00e4 mahdollistaa tarkat ty\u00f6t rakennusty\u00f6mailla. Sylinterin luotettavuus varmistaa, ett\u00e4 kaivinkone pysyy toimintakunnossa ja selviytyy raskaiden nostojen ja k\u00e4sittelyn vaatimuksista.<\/p>\n<h3>Maatalouskoneet<\/h3>\n<p>Etukuormaajissa puomin sylinterill\u00e4 on t\u00e4rke\u00e4 rooli maaper\u00e4n, hein\u00e4n ja muiden materiaalien kaivamisessa, nostamisessa ja kuljettamisessa. Sen kyky k\u00e4sitell\u00e4 huomattavia kuormia lis\u00e4\u00e4 maatilojen tuottavuutta, jolloin kuljettajat voivat suorittaa teht\u00e4vi\u00e4 nopeasti ja tehokkaasti, mik\u00e4 parantaa yleist\u00e4 ty\u00f6nkulkua.<\/p>\n<h3>Kaivinkoneet<\/h3>\n<p>Kaivinkoneissa kauhan sylinteri helpottaa kaivua antamalla kauhan tunkeutua tehokkaasti maahan. T\u00e4m\u00e4 hydraulinen mekanismi varmistaa, ett\u00e4 raskaat materiaalit kaivetaan ja kuljetetaan helposti, mik\u00e4 tekee siit\u00e4 v\u00e4ltt\u00e4m\u00e4tt\u00f6m\u00e4n osan maanrakennuskoneissa.<\/p>\n<h3>Kuormaajat<\/h3>\n<p>Etukuormaajissa puomisylinterit auttavat kuormien tehokkaassa nostamisessa ja tyhjent\u00e4misess\u00e4. Niiden kest\u00e4v\u00e4 rakenne varmistaa, ett\u00e4 raskaita materiaaleja voidaan k\u00e4sitell\u00e4 turvallisesti, mik\u00e4 helpottaa k\u00e4ytt\u00f6\u00e4 ja v\u00e4hent\u00e4\u00e4 laitteiden vikaantumisriski\u00e4 kriittisten nostotoimintojen aikana.<\/p>\n<h2>Suunnittelun\u00e4k\u00f6kohdat ja valintakriteerit<\/h2>\n<h3>Kantavuus<\/h3>\n<p>Puomisylinterin kuormituskapasiteetti on ratkaisevan t\u00e4rke\u00e4 seikka. Se on suunniteltava kest\u00e4m\u00e4\u00e4n k\u00e4yt\u00f6n aikana odotettavissa oleva enimm\u00e4iskuorma ilman vikaantumisriski\u00e4. Insin\u00f6\u00f6rien on otettava huomioon nostettavien materiaalien paino ja k\u00e4yt\u00f6n aikana esiintyv\u00e4t dynaamiset voimat. T\u00e4m\u00e4 varmistaa, ett\u00e4 sylinteri toimii turvallisesti korkeissa rasitusolosuhteissa.<\/p>\n<h3>Tiivistyskyky<\/h3>\n<p>Tiivistyskyky on elint\u00e4rke\u00e4\u00e4 hydraulisylinterien pitk\u00e4ik\u00e4isyyden ja tehokkuuden kannalta. Asianmukainen tiivistys est\u00e4\u00e4 hydraulinesteen vuodot ja yll\u00e4pit\u00e4\u00e4 j\u00e4rjestelm\u00e4n painetta ja suorituskyky\u00e4. Korkealaatuisten, kest\u00e4vist\u00e4 materiaaleista, kuten polyuretaanista tai nitriilikumista, valmistettujen tiivisteiden valitseminen voi parantaa merkitt\u00e4v\u00e4sti sylinterin luotettavuutta, erityisesti vaativissa ymp\u00e4rist\u00f6iss\u00e4.<\/p>\n<h3>Kest\u00e4vyys<\/h3>\n<p>Kest\u00e4vyys on ratkaiseva tekij\u00e4 puomisylinterien suunnittelussa. Niiden on kestett\u00e4v\u00e4 ankaria ymp\u00e4rist\u00f6olosuhteita, kuten altistumista lialle, roskille ja \u00e4\u00e4rimm\u00e4isille s\u00e4\u00e4olosuhteille. Hyvin suunnitellussa sylinteriss\u00e4 on kest\u00e4v\u00e4 rakenne ja suojapinnoitteet, jotka kest\u00e4v\u00e4t kulumista ja korroosiota, mik\u00e4 varmistaa pidemm\u00e4n k\u00e4ytt\u00f6i\u00e4n ja v\u00e4hent\u00e4\u00e4 yll\u00e4pitokustannuksia.<\/p>\n<h3>Turvaominaisuudet<\/h3>\n<p>Turvallisuus on ensiarvoisen t\u00e4rke\u00e4\u00e4 kaikissa hydraulij\u00e4rjestelmiss\u00e4. Puomin sylinterin suunnittelussa on oltava ominaisuuksia, jotka est\u00e4v\u00e4t tahattoman liikkeen ja varmistavat k\u00e4ytt\u00e4j\u00e4n turvallisuuden. N\u00e4ihin voivat kuulua paineenalennusventtiilit ja vikasietomekanismit, jotka aktivoituvat j\u00e4rjestelm\u00e4n vikaantuessa ja tarjoavat lis\u00e4suojaa k\u00e4yt\u00f6n aikana.<\/p>\n<h3>Huolto Esteett\u00f6myys<\/h3>\n<p>Huoltovapaiden osien suunnittelu on ratkaisevan t\u00e4rke\u00e4\u00e4 hydraulisylinterin pitk\u00e4ik\u00e4isyyden kannalta. Sen tulisi mahdollistaa helppo p\u00e4\u00e4sy kriittisiin komponentteihin tarkastusta, voitelua ja vaihtoa varten. Huolto huomioiva suunnittelu voi merkitt\u00e4v\u00e4sti v\u00e4hent\u00e4\u00e4 seisokkiaikoja ja k\u00e4ytt\u00f6kustannuksia varmistaen, ett\u00e4 koneet pysyv\u00e4t optimaalisessa kunnossa.<\/p>\n<p><img decoding=\"async\" src=\"https:\/\/www.hydraulic-cylinders.net\/wp-content\/uploads\/2025\/04\/songte-oil-pipes-and-spare-parts.webp\" alt=\"Hydraulisylinterin osat\"><\/p>\n<h2>Tiivistys ja voitelu<\/h2>\n<p>Tehokas tiivistys ja voitelu ovat olennaisia \u200b\u200bpuomin sylinterin suorituskyvyn kannalta. Erilaisia \u200b\u200btiivistyselementtej\u00e4, kuten m\u00e4nn\u00e4n tiivisteit\u00e4 ja varren tiivisteit\u00e4, k\u00e4ytet\u00e4\u00e4n est\u00e4m\u00e4\u00e4n nestevuotoja ja yll\u00e4pit\u00e4m\u00e4\u00e4n painetta. Kest\u00e4vien materiaalien, kuten polyuretaanin ja nitriilikumin, valinta voi parantaa kulutuskest\u00e4vyytt\u00e4. Lis\u00e4ksi sylinterin runko ja kierteitetyt p\u00e4\u00e4typinnat k\u00e4sitell\u00e4\u00e4n hienovaraisesti kulutuskest\u00e4vyyden parantamiseksi. S\u00e4\u00e4nn\u00f6llinen voitelu hydrauliikka\u00f6ljyll\u00e4 on v\u00e4ltt\u00e4m\u00e4t\u00f6nt\u00e4 sujuvan toiminnan varmistamiseksi ja liikkuvien osien kulumisen est\u00e4miseksi, mik\u00e4 on olennaista optimaalisen suorituskyvyn yll\u00e4pit\u00e4miseksi ajan mittaan.<\/p>\n<h2>S\u00e4\u00e4nn\u00f6lliset tarkastukset ja ennaltaehk\u00e4isev\u00e4t huoltotoimenpiteet<\/h2>\n<ul>\n<li><strong>Visuaaliset tarkastukset:<\/strong> Puomisylinterin s\u00e4\u00e4nn\u00f6lliset silm\u00e4m\u00e4\u00e4r\u00e4iset tarkastukset voivat tunnistaa kulumisen, vuotojen tai vaurioiden merkkej\u00e4. Ongelmien korjaaminen varhain voi est\u00e4\u00e4 suurempia vikoja.<\/li>\n<li><strong>Voitelutarkistukset:<\/strong> Varmista, ett\u00e4 sylinteri on riitt\u00e4v\u00e4sti voideltu valmistajan ohjeiden mukaisesti. Riitt\u00e4m\u00e4t\u00f6n voitelu voi johtaa lis\u00e4\u00e4ntyneeseen kulumiseen ja ennenaikaiseen vikaantumiseen.<\/li>\n<li><strong>Tiivisteen vaihto:<\/strong> Tarkista tiivisteet s\u00e4\u00e4nn\u00f6llisesti ja vaihda ne tarvittaessa hydraulisen eheyden yll\u00e4pit\u00e4miseksi. Kuluneet tiivisteet voivat johtaa nestevuotoihin ja heikent\u00e4\u00e4 tehokkuutta.<\/li>\n<\/ul>\n<h2>Asennusohjeet<\/h2>\n<p>Puomisylinterin oikea asennus on ratkaisevan t\u00e4rke\u00e4\u00e4 optimaalisen suorituskyvyn kannalta. Ennen asennusta varmista, ett\u00e4 kaikki komponentit ovat puhtaita ja vapaa ep\u00e4puhtauksista. Aloita kohdistamalla sylinteri oikein kiinnityskiinnikkeisiin ja kiinnit\u00e4 se paikalleen k\u00e4ytt\u00e4m\u00e4ll\u00e4 sopivia asennuslaitteita. On t\u00e4rke\u00e4\u00e4 noudattaa valmistajan kiristysmomenttiohjeita pultteja kiristett\u00e4ess\u00e4, jotta varmistetaan tukeva kiinnitys. Tarkista my\u00f6s hydrauliikkalinjojen kohdistus ja varmista, etteiv\u00e4t ne ole mutkalla tai vaurioituneet. Asennuksen j\u00e4lkeen suorita perusteellinen tarkastus ja testaa j\u00e4rjestelm\u00e4 alhaisella paineella varmistaaksesi asennuksen eheyden ennen k\u00e4ytt\u00f6\u00e4. S\u00e4\u00e4nn\u00f6lliset seurantatarkastukset voivat auttaa varmistamaan jatkuvan suorituskyvyn ja turvallisuuden.<\/p>\n<h2>Yleiset huoltoteht\u00e4v\u00e4t<\/h2>\n<ul>\n<li><strong>S\u00e4\u00e4nn\u00f6lliset tarkastukset:<\/strong> Rutiinitarkastusten suorittaminen on elint\u00e4rke\u00e4\u00e4 mahdollisten ongelmien tunnistamiseksi ennen niiden pahenemista. Tarkkaile kulumisen, vuotojen tai ep\u00e4tavallisten \u00e4\u00e4nien merkkej\u00e4 k\u00e4yt\u00f6n aikana. N\u00e4m\u00e4 tarkastukset tulee suorittaa s\u00e4\u00e4nn\u00f6llisin v\u00e4liajoin sen varmistamiseksi, ett\u00e4 sylinteri toimii turvallisesti ja tehokkaasti.<\/li>\n<li><strong>Oikea voitelu:<\/strong> Riitt\u00e4v\u00e4 voitelu on ratkaisevan t\u00e4rke\u00e4\u00e4 puomisylinterin pitk\u00e4ik\u00e4isyyden kannalta. Varmista, ett\u00e4 hydrauliikka\u00f6ljyn taso on suositellulla tasolla ja viskositeetti on oikea. Tarkista ja huolla voitelupisteet s\u00e4\u00e4nn\u00f6llisesti v\u00e4hent\u00e4\u00e4ksesi sis\u00e4isten osien kitkaa ja kulumista.<\/li>\n<li><strong>Tiivisteen vaihto:<\/strong> Tarkkaile tiivisteiden kuntoa s\u00e4\u00e4nn\u00f6llisesti. Kuluneet tai vaurioituneet tiivisteet voivat aiheuttaa nestevuotoja ja heikent\u00e4\u00e4 hydrauliikkaa. Laadi tiivisteille s\u00e4\u00e4nn\u00f6llinen vaihtoaikataulu optimaalisen toiminnan yll\u00e4pit\u00e4miseksi ja kalliiden seisokkien v\u00e4ltt\u00e4miseksi.<\/li>\n<\/ul>\n<p>Oikea asennus, voitelu ja linjaus ovat ratkaisevan t\u00e4rkeit\u00e4 puomin sylinterin pitk\u00e4ik\u00e4isyyden ja suorituskyvyn varmistamiseksi. K\u00e4yt\u00e4 sopivia kiinnityskorvakkeita sylinterin kiinnitt\u00e4miseksi tukevasti ja noudata valmistajan huolto- ja korjausohjeita. Ennakoivien huoltok\u00e4yt\u00e4nt\u00f6jen noudattaminen voi merkitt\u00e4v\u00e4sti parantaa hydraulij\u00e4rjestelmien k\u00e4ytt\u00f6ik\u00e4\u00e4 ja tehokkuutta.<\/p>\n<p><img decoding=\"async\" src=\"https:\/\/www.hydraulic-cylinders.net\/wp-content\/uploads\/2025\/04\/songte-chushion-collar.webp\" alt=\"Tyynykaulus\"><\/p>\n<h2>Turvallisuusn\u00e4k\u00f6kohdat ja ymp\u00e4rist\u00f6tekij\u00e4t<\/h2>\n<p>Puomisylintereit\u00e4 k\u00e4ytett\u00e4ess\u00e4 turvatoimenpiteet ovat ensiarvoisen t\u00e4rkeit\u00e4 k\u00e4ytt\u00e4jien ja ymp\u00e4r\u00f6iv\u00e4n henkil\u00f6st\u00f6n hyvinvoinnin varmistamiseksi. Hydraulisten koneiden k\u00e4ytt\u00f6\u00f6n liittyv\u00e4 asianmukainen koulutus on v\u00e4ltt\u00e4m\u00e4t\u00f6nt\u00e4, ja kaikkia turvallisuusprotokollia on noudatettava tarkasti. T\u00e4h\u00e4n sis\u00e4ltyy henkil\u00f6nsuojainten k\u00e4ytt\u00f6 ja turvallisten k\u00e4ytt\u00f6tapojen noudattaminen. My\u00f6s ymp\u00e4rist\u00f6tekij\u00e4t on otettava huomioon varmistamalla, ett\u00e4 k\u00e4ytetyt hydraulinesteet ovat ymp\u00e4rist\u00f6yst\u00e4v\u00e4llisi\u00e4 ja ett\u00e4 mahdolliset roiskeet k\u00e4sitell\u00e4\u00e4n viipym\u00e4tt\u00e4 ekologisten vaikutusten minimoimiseksi.<\/p>\n<h2>Vianm\u00e4\u00e4ritys ja yleiset ongelmat<\/h2>\n<ul>\n<li><strong>Vuoto-ongelmat:<\/strong> Nestevuodot voivat viitata kuluneisiin tiivisteisiin tai vaurioituneisiin komponentteihin. S\u00e4\u00e4nn\u00f6llinen tarkastus ja nopea korjaus voivat ratkaista n\u00e4m\u00e4 ongelmat tehokkaasti.<\/li>\n<li><strong>Ep\u00e4tasainen liike:<\/strong> Jos puomin sylinteri toimii ep\u00e4tasaisesti, se voi viitata ilmaan hydraulij\u00e4rjestelm\u00e4ss\u00e4 tai virheellisiin nestetasoihin. J\u00e4rjestelm\u00e4n ilmaaminen ja nestetasojen tarkistaminen voivat ratkaista t\u00e4m\u00e4n ongelman.<\/li>\n<li><strong>Liiallinen melu:<\/strong> Ep\u00e4tavalliset \u00e4\u00e4net k\u00e4yt\u00f6n aikana voivat viitata sis\u00e4isiin ongelmiin. L\u00f6ysien osien tai kulumisen merkkien tarkistaminen voi auttaa tunnistamaan perimm\u00e4isen syyn.<\/li>\n<\/ul>\n<h2>Vianm\u00e4\u00e4ritysvinkkej\u00e4<\/h2>\n<p>Tehokkaan vianm\u00e4\u00e4rityksen varmistamiseksi arvioi sylinterin suorituskyky s\u00e4\u00e4nn\u00f6llisesti ja kirjaa mahdolliset poikkeamat. Jos vuotoja havaitaan, tarkasta ensin tiivisteet ja liitokset. Ep\u00e4tasaisen liikkeen korjaamiseksi varmista, ett\u00e4 hydraulinesteen taso on oikea, ja ilmaa j\u00e4rjestelm\u00e4 mahdollisten ilmaj\u00e4\u00e4mien poistamiseksi. Korjaa liiallinen melu tutkimalla kokoonpanoa l\u00f6ysien osien varalta ja kirist\u00e4m\u00e4ll\u00e4 niit\u00e4 tarvittaessa. Ennaltaehk\u00e4isev\u00e4t toimenpiteet, kuten s\u00e4\u00e4nn\u00f6llinen huolto ja oikea-aikainen korjaus, voivat v\u00e4hent\u00e4\u00e4 merkitt\u00e4v\u00e4sti n\u00e4iden ongelmien todenn\u00e4k\u00f6isyytt\u00e4.<\/p>\n<p><img decoding=\"async\" src=\"https:\/\/www.hydraulic-cylinders.net\/wp-content\/uploads\/2025\/04\/songte-bushings-with-all-kinds-of-excavator-models.webp\" alt=\"Kaivinkoneen holkit\"><\/p>\n<h2>Tietoa yrityksest\u00e4mme<\/h2>\n<p>Olemme johtava hydraulisten sylinterien vaihto-osien valmistaja. Tarjoamme kattavan valikoiman tuotteita, jotka ovat asemoineet meid\u00e4t yhdeksi johtavista toimittajista sek\u00e4 kotimaisilla ett\u00e4 kansainv\u00e4lisill\u00e4 markkinoilla. Sitoutumisemme huippulaatuun tukee hienostunut valmistuksenohjausstrategia, jossa hy\u00f6dynnet\u00e4\u00e4n edistynytt\u00e4 teknist\u00e4 osaamista, huippuluokan digitaalisia valmistuslaitteita ja ammattimaisia \u200b\u200btestausj\u00e4rjestelmi\u00e4. T\u00e4m\u00e4 keskittyminen innovaatioihin ja laatuun varmistaa, ett\u00e4 t\u00e4yt\u00e4mme jatkuvasti asiakkaidemme monipuoliset tarpeet.<\/p>\n<p>Asiantuntemuksemme ulottuu r\u00e4\u00e4t\u00e4l\u00f6ityjen ratkaisujen tarjoamiseen, jotka on r\u00e4\u00e4t\u00e4l\u00f6ity tiettyihin operatiivisiin vaatimuksiin. Meill\u00e4 on kansainv\u00e4liset sertifikaatit ja noudatamme tiukkoja laadunvalvontaprosesseja varmistaaksemme, ett\u00e4 tuotteemme t\u00e4ytt\u00e4v\u00e4t globaalit standardit. Lis\u00e4ksi tuotantolaitoksemme on varustettu huipputeknologialla, joka parantaa valmistuksen tehokkuutta ja tarkkuutta. Yhdess\u00e4 vankan j\u00e4lkimarkkinointituen kanssa olemme sitoutuneet rakentamaan pitk\u00e4aikaisia \u200b\u200b\u200b\u200bsuhteita asiakkaidemme kanssa luotettavan palvelun ja korkealaatuisten tuotteiden avulla.<\/p>\n<p><img decoding=\"async\" src=\"https:\/\/www.hydraulic-cylinders.net\/wp-content\/uploads\/2025\/04\/songte-company-4.webp\" alt=\"Yrityksen yleiskatsaus\"><br \/>\n<img decoding=\"async\" src=\"https:\/\/www.hydraulic-cylinders.net\/wp-content\/uploads\/2025\/04\/songte-company-3.webp\" alt=\"Tuotantolaitos\"><\/p>\n<p>Kirjoittaja: lyl<\/p>","protected":false},"excerpt":{"rendered":"<p>Boom Cylinder For Sinomach ZG3210-9C Product Overview The Boom Cylinder for Sinomach ZG3210-9C is a hydraulic cylinder specifically designed to control the movement of the bucket in various heavy machinery such as excavators, backhoe loaders, and front loaders. This robust component enables the operator to lift, lower, and tilt the bucket, facilitating efficient material handling [&hellip;]<\/p>","protected":false},"featured_media":17870,"comment_status":"open","ping_status":"closed","template":"","meta":{"_et_pb_use_builder":"","_et_pb_old_content":"","_et_gb_content_width":""},"product_brand":[],"product_cat":[1546],"product_tag":[1547,1496],"class_list":{"0":"post-19697","1":"product","2":"type-product","3":"status-publish","4":"has-post-thumbnail","6":"product_cat-boom-cylinders","7":"product_tag-boom-cylinders","8":"product_tag-hydraulic-cylinders","10":"first","11":"instock","12":"shipping-taxable","13":"product-type-simple"},"amp_enabled":true,"_links":{"self":[{"href":"https:\/\/www.hydraulic-cylinders.net\/fi\/wp-json\/wp\/v2\/product\/19697","targetHints":{"allow":["GET"]}}],"collection":[{"href":"https:\/\/www.hydraulic-cylinders.net\/fi\/wp-json\/wp\/v2\/product"}],"about":[{"href":"https:\/\/www.hydraulic-cylinders.net\/fi\/wp-json\/wp\/v2\/types\/product"}],"replies":[{"embeddable":true,"href":"https:\/\/www.hydraulic-cylinders.net\/fi\/wp-json\/wp\/v2\/comments?post=19697"}],"wp:featuredmedia":[{"embeddable":true,"href":"https:\/\/www.hydraulic-cylinders.net\/fi\/wp-json\/wp\/v2\/media\/17870"}],"wp:attachment":[{"href":"https:\/\/www.hydraulic-cylinders.net\/fi\/wp-json\/wp\/v2\/media?parent=19697"}],"wp:term":[{"taxonomy":"product_brand","embeddable":true,"href":"https:\/\/www.hydraulic-cylinders.net\/fi\/wp-json\/wp\/v2\/product_brand?post=19697"},{"taxonomy":"product_cat","embeddable":true,"href":"https:\/\/www.hydraulic-cylinders.net\/fi\/wp-json\/wp\/v2\/product_cat?post=19697"},{"taxonomy":"product_tag","embeddable":true,"href":"https:\/\/www.hydraulic-cylinders.net\/fi\/wp-json\/wp\/v2\/product_tag?post=19697"}],"curies":[{"name":"wp","href":"https:\/\/api.w.org\/{rel}","templated":true}]}}