{"id":19699,"date":"2025-04-07T07:02:28","date_gmt":"2025-04-07T07:02:28","guid":{"rendered":"https:\/\/www.hydraulic-cylinders.net\/product\/boom-cylinder-for-sinomach-zg3065-9b\/"},"modified":"2025-04-07T07:02:31","modified_gmt":"2025-04-07T07:02:31","slug":"boom-cylinder-for-sinomach-zg3065-9b","status":"publish","type":"product","link":"https:\/\/www.hydraulic-cylinders.net\/fi\/tuote\/boom-cylinder-for-sinomach-zg3065-9b\/","title":{"rendered":"Puomin sylinteri Sinomach ZG3065-9B:lle"},"content":{"rendered":"<h1>Puomin sylinteri Sinomach ZG3065-9B:lle<\/h1>\n<h2>Kauhan sylinterin m\u00e4\u00e4ritelm\u00e4 ja yleiskatsaus<\/h2>\n<p>Puomisylinteri, jota yleisesti kutsutaan kauhasylinteriksi, on kriittinen komponentti hydraulij\u00e4rjestelmiss\u00e4. Se on erityisesti suunniteltu ohjaamaan kauhojen liikett\u00e4 erilaisissa raskaissa koneissa, kuten kaivinkoneissa, kaivurikuormaajissa ja etukuormaajissa. T\u00e4m\u00e4 hydraulisylinteri mahdollistaa kauhan nostamisen, laskemisen ja kallistumisen, mik\u00e4 helpottaa tehokkaita materiaalink\u00e4sittelyteht\u00e4vi\u00e4. Puomisylinterin toimivuus on olennaista raskaiden laitteiden toiminnalle, sill\u00e4 se hy\u00f6dynt\u00e4\u00e4 hydraulipainetta tarvittavan voiman tuottamiseksi raskaiden kuormien siirt\u00e4miseen tarkasti.<\/p>\n<p>Hydraulij\u00e4rjestelmiss\u00e4 puomin sylinterill\u00e4 on t\u00e4rke\u00e4 rooli, sill\u00e4 se muuntaa hydraulisen energian mekaaniseksi energiaksi, jolloin k\u00e4ytt\u00e4j\u00e4t voivat suorittaa monimutkaisia \u200b\u200bteht\u00e4vi\u00e4 helposti. T\u00e4m\u00e4 sylinteri on suunniteltu kest\u00e4m\u00e4\u00e4n korkeita paineita ja raskaita kuormia, mik\u00e4 varmistaa kest\u00e4vyyden ja luotettavuuden vaativissa ymp\u00e4rist\u00f6iss\u00e4. Sen suunnittelussa on otettu huomioon kulumiskest\u00e4vyys ja korroosiosuojaus, mik\u00e4 pident\u00e4\u00e4 tuotteen k\u00e4ytt\u00f6ik\u00e4\u00e4 ja yll\u00e4pit\u00e4\u00e4 optimaalista suorituskyky\u00e4 my\u00f6s ankarissa olosuhteissa.<\/p>\n<p><img decoding=\"async\" src=\"https:\/\/www.hydraulic-cylinders.net\/wp-content\/uploads\/2025\/04\/songte-company-1.webp\" alt=\"Puomin sylinteri Sinomach ZG3065-9B:lle\"><\/p>\n<h2>Puomin sylinterin ominaisuudet<\/h2>\n<ul>\n<li>\n<h3>Korkea lujuus ja kest\u00e4vyys<\/h3>\n<p>Tyypillisesti lujasta ter\u00e4ksest\u00e4 tai alumiinista valmistettu sylinteri kest\u00e4\u00e4 korkeita paineita ja raskaita kuormia, joten se sopii vaativiin ty\u00f6ymp\u00e4rist\u00f6ihin. Sen suunnittelussa on huomioitu kulutuskest\u00e4vyys ja korroosionestokyky, mik\u00e4 pident\u00e4\u00e4 sen k\u00e4ytt\u00f6ik\u00e4\u00e4.<\/li>\n<li>\n<h3>Tehokas hydraulinen k\u00e4ytt\u00f6<\/h3>\n<p>Puomin sylinteri hy\u00f6dynt\u00e4\u00e4 hydrauli\u00f6ljyn painetta sujuvaan pidennykseen ja sis\u00e4\u00e4nvetoon, mik\u00e4 mahdollistaa nopean reagoinnin k\u00e4ytt\u00e4j\u00e4n komentoihin ja tarjoaa tehokkaat ty\u00f6nt\u00f6- ja veto-ominaisuudet, jotka sopivat ihanteellisesti raskaiden ja monimutkaisten teht\u00e4vien k\u00e4sittelyyn.<\/li>\n<li>\n<h3>Erilaiset tyypit<\/h3>\n<p>Saatavilla yksitoimisina (toimii yhteen suuntaan) ja kaksitoimisina (toimii molempiin suuntiin) kokoonpanoina erilaisten k\u00e4ytt\u00f6tarpeiden t\u00e4ytt\u00e4miseksi. Jotkut mallit ovat teleskooppisia, mik\u00e4 mahdollistaa suuremman pidennysosan ilman ulkomittojen kasvua, joten ne sopivat ahtaisiin sovelluksiin.<\/li>\n<li>\n<h3>Edistynyt suunnittelu<\/h3>\n<p>Puomin sylinteri on suunniteltu tarkasti optimaalisen suorituskyvyn ja luotettavuuden varmistamiseksi, ja se valmistetaan tiukkojen laadunvalvontaprosessien mukaisesti alan standardien t\u00e4ytt\u00e4miseksi.<\/li>\n<li>\n<h3>Kattavat vaihtovaihtoehdot<\/h3>\n<p>Tuotteemme voivat t\u00e4ydellisesti korvata olemassa olevat hydraulisylinterit varmistaen yhteensopivuuden ja suorituskyvyn tasaisuuden koneissasi.<\/h3>\n<\/li>\n<\/ul>\n<p><img decoding=\"async\" src=\"https:\/\/www.hydraulic-cylinders.net\/wp-content\/uploads\/2025\/04\/songte-cylinder-head-with-all-kinds-excavator-models.webp\" alt=\"Puomin sylinterin vaihtovaihtoehdot\"><\/p>\n<h2>Puomisylinterin sovellukset<\/h2>\n<h3>Rakennuslaitteet<\/h3>\n<p>Kaivinkoneissa puomin sylinterit ovat v\u00e4ltt\u00e4m\u00e4tt\u00f6mi\u00e4 kaivamiseen, lastaamiseen ja maan tai roskien siirt\u00e4miseen. Ne tarjoavat tarvittavan hydraulisen voiman, jotta kauha tunkeutuu tehokkaasti maahan. Kaivurikuormaajissa n\u00e4m\u00e4 sylinterit auttavat paitsi kaivamisessa my\u00f6s nostot\u00f6iss\u00e4, mik\u00e4 tekee niist\u00e4 monipuolisia ty\u00f6kaluja rakennusprojekteissa.<\/p>\n<h3>Maatalouskoneet<\/h3>\n<p>Etukuormaajissa puomisylintereill\u00e4 on ratkaiseva rooli maaper\u00e4n, hein\u00e4n ja muiden materiaalien kaivamisessa, nostamisessa ja kuljettamisessa. Ne parantavat kuormaajan kyky\u00e4 hoitaa tehokkaasti erilaisia \u200b\u200bmaatalousteht\u00e4vi\u00e4, olipa kyse sitten rehun siirt\u00e4misest\u00e4, roskien raivaamisesta tai maan tasoittamisesta.<\/p>\n<h3>Kaivinkoneet<\/h3>\n<p>Kaivinkoneissa puomin sylinteri mahdollistaa kauhan tunkeutumisen maaper\u00e4\u00e4n, mik\u00e4 mahdollistaa tehokkaat kaivutoiminnot. T\u00e4m\u00e4 toiminto on ratkaisevan t\u00e4rke\u00e4 rakennus- ja maisemointiprojekteissa, joissa projektin eheyden varmistamiseksi tarvitaan tarkkaa kaivua.<\/p>\n<h3>Kuormaajat<\/h3>\n<p>Etukuormaajissa puomin sylinterit auttavat kuormien tehokkaassa nostamisessa ja tyhjent\u00e4misess\u00e4. Ne on suunniteltu k\u00e4sittelem\u00e4\u00e4n erilaisia \u200b\u200bmateriaaleja, ja ne tarjoavat tarvittavan lujuuden raskaiden kuormien k\u00e4sittelyyn erilaisissa sovelluksissa rakennusty\u00f6maista j\u00e4tehuoltoon.<\/p>\n<h2>Suunnittelun\u00e4k\u00f6kohdat ja valintakriteerit<\/h2>\n<h3>Kantavuus<\/h3>\n<p>Puomisylinterin kuormituskapasiteetti on ensiarvoisen t\u00e4rke\u00e4\u00e4 sen varmistamiseksi, ett\u00e4 se kest\u00e4\u00e4 k\u00e4yt\u00f6n aikana aiheutuvan painon ja paineen. Insin\u00f6\u00f6rien on otettava huomioon sylinterin odotettu enimm\u00e4ispaino ja suunniteltava se sen mukaisesti, jotta estet\u00e4\u00e4n sylinterin vikaantuminen raskaiden kuormien alla.<\/p>\n<h3>Tiivistyksen eheys<\/h3>\n<p>Tehokas tiivistys on ratkaisevan t\u00e4rke\u00e4\u00e4 hydraulinesteen vuotojen est\u00e4miseksi, jotka voivat vaarantaa sylinterin suorituskyvyn. Korkealaatuisten tiivisteiden, kuten kest\u00e4vist\u00e4 materiaaleista valmistettujen m\u00e4nn\u00e4n- ja m\u00e4nn\u00e4nvarren tiivisteiden, k\u00e4ytt\u00f6 varmistaa pitk\u00e4n k\u00e4ytt\u00f6i\u00e4n ja luotettavuuden hydraulisissa toiminnoissa.<\/p>\n<h3>Kest\u00e4vyys ja kulutuskest\u00e4vyys<\/h3>\n<p>Puomisylinterien valmistuksessa k\u00e4ytettyjen materiaalien on kestett\u00e4v\u00e4 kulutusta. Usein tapahtuva k\u00e4ytt\u00f6 haastavissa ymp\u00e4rist\u00f6iss\u00e4 edellytt\u00e4\u00e4 kest\u00e4v\u00e4\u00e4 rakennetta, joka kest\u00e4\u00e4 hankaavia olosuhteita ja pitk\u00e4aikaista altistumista ankarille elementeille.<\/p>\n<h3>Turvaominaisuudet<\/h3>\n<p>Puomisylinterien suunnittelu turvaominaisuuksilla, kuten paineenalennusventtiileill\u00e4, varmistaa, ett\u00e4 sylinteri toimii turvallisissa rajoissa. T\u00e4m\u00e4 minimoi onnettomuusriskin ja parantaa sen koneiston yleist\u00e4 turvallisuutta, johon se on asennettu.<\/p>\n<h3>Huolto Esteett\u00f6myys<\/h3>\n<p>Huoltomahdollisuuden huomioiminen suunnitteluvaiheessa on olennaista. Komponentit tulee j\u00e4rjest\u00e4\u00e4 siten, ett\u00e4 tarkastuksiin, korjauksiin ja vaihtoihin on helppo p\u00e4\u00e4st\u00e4 k\u00e4siksi, jotta huoltoteht\u00e4v\u00e4t voidaan suorittaa tehokkaasti ja tuloksellisesti.<\/p>\n<p><img decoding=\"async\" src=\"https:\/\/www.hydraulic-cylinders.net\/wp-content\/uploads\/2025\/04\/songte-oil-pipes-and-spare-parts.webp\" alt=\"Puomin sylinterin suunnittelun n\u00e4k\u00f6kohdat\"><\/p>\n<h2>Tiivistys ja voitelu<\/h2>\n<p>Tehokas tiivistys saavutetaan k\u00e4ytt\u00e4m\u00e4ll\u00e4 erilaisia \u200b\u200btiivistyskomponentteja, kuten m\u00e4nn\u00e4ntiivisteit\u00e4 ja varren tiivisteit\u00e4, jotka ovat v\u00e4ltt\u00e4m\u00e4tt\u00f6mi\u00e4 hydraulisen paineen yll\u00e4pit\u00e4misess\u00e4. Kest\u00e4vist\u00e4 materiaaleista, kuten polyuretaanista ja nitriilikumista, valmistettujen tiivisteiden valinta parantaa kulutuskest\u00e4vyytt\u00e4 ja pitk\u00e4ik\u00e4isyytt\u00e4. Sylinterin runko ja kierteitetyt p\u00e4\u00e4typinnat on ty\u00f6stetty tarkasti kulumiskest\u00e4vyyden parantamiseksi.<\/p>\n<p>S\u00e4\u00e4nn\u00f6llinen voitelu hydrauliikka\u00f6ljyll\u00e4 on elint\u00e4rke\u00e4\u00e4 puomin sylinterin sujuvalle toiminnalle. Riitt\u00e4v\u00e4 m\u00e4\u00e4r\u00e4 hydrauliikka\u00f6ljy\u00e4 on ruiskutettava s\u00e4\u00e4nn\u00f6llisesti, jotta kaikki liikkuvat osat pysyv\u00e4t voideltuina, mik\u00e4 v\u00e4hent\u00e4\u00e4 kitkaa ja est\u00e4\u00e4 ennenaikaisen kulumisen.<\/p>\n<h2>Ennaltaehk\u00e4isev\u00e4t huoltotoimenpiteet<\/h2>\n<ul>\n<li>\n<h3>S\u00e4\u00e4nn\u00f6lliset tarkastukset<\/h3>\n<p>Puomisylinterin s\u00e4\u00e4nn\u00f6lliset tarkastukset auttavat tunnistamaan mahdolliset ongelmat ennen kuin ne pahenevat. Tarkastuksiin kuuluvat vuotojen, ep\u00e4normaalin kulumisen ja toiminnan tarkistaminen.<\/h3>\n<\/li>\n<li>\n<h3>Oikea voitelu<\/h3>\n<p>Sylinterin riitt\u00e4v\u00e4 voitelu oikeantyyppisell\u00e4 hydrauli\u00f6ljyll\u00e4 on v\u00e4ltt\u00e4m\u00e4t\u00f6nt\u00e4 sujuvan toiminnan yll\u00e4pit\u00e4miseksi ja komponentin k\u00e4ytt\u00f6i\u00e4n pident\u00e4miseksi.<\/h3>\n<\/li>\n<li>\n<h3>Tiivisteen vaihto<\/h3>\n<p>Ajan my\u00f6t\u00e4 tiivisteet voivat heikenty\u00e4 ja ne on vaihdettava. S\u00e4\u00e4nn\u00f6lliset tarkastukset ja oikea-aikainen vaihto voivat est\u00e4\u00e4 vuotoja ja yll\u00e4pit\u00e4\u00e4 suorituskyky\u00e4.<\/h3>\n<\/li>\n<\/ul>\n<h2>Asennusohjeet<\/h2>\n<p>Puomisylinterin oikea asennus on ratkaisevan t\u00e4rke\u00e4\u00e4 sen suorituskyvyn kannalta. Aloita varmistamalla, ett\u00e4 ty\u00f6alue on puhdas ja roskaton. Kohdista sylinteri tarkasti koneiston kiinnityspisteisiin est\u00e4\u00e4ksesi virheellisen kohdistuksen, joka voi johtaa ennenaikaiseen kulumiseen. K\u00e4yt\u00e4 sopivia kiinnityskorvakkeita sylinterin kiinnitt\u00e4miseksi tukevasti paikalleen.<\/p>\n<p>Noudata valmistajan ohjeita v\u00e4\u00e4nt\u00f6momenttien ja liit\u00e4nt\u00e4tyyppien suhteen varmistaaksesi turvallisen asennuksen. Asennuksen j\u00e4lkeen tarkista kohdistus ja varmista, ett\u00e4 kaikki hydrauliset liit\u00e4nn\u00e4t ovat tiukasti kiinni. K\u00e4ynnist\u00e4 kone ja suorita koeajo varmistaaksesi, ett\u00e4 sylinteri toimii tasaisesti eik\u00e4 vuoda.<\/p>\n<h2>Yleiset huoltoteht\u00e4v\u00e4t<\/h2>\n<ul>\n<li>\n<h3>S\u00e4\u00e4nn\u00f6lliset tarkastukset<\/h3>\n<p>Puomisylinterin s\u00e4\u00e4nn\u00f6lliset tarkastukset kulumisen, vuotojen tai muiden ongelmien varalta ovat v\u00e4ltt\u00e4m\u00e4tt\u00f6mi\u00e4 jatkuvan suorituskyvyn varmistamiseksi. Ongelmien varhainen havaitseminen voi est\u00e4\u00e4 merkitt\u00e4vi\u00e4 vikoja ja kalliita korjauksia.<\/h3>\n<\/li>\n<li>\n<h3>Asianmukainen voitelu<\/h3>\n<p>Sylinterin s\u00e4\u00e4nn\u00f6llinen voitelu suositellulla hydrauliikka\u00f6ljyll\u00e4 on t\u00e4rke\u00e4\u00e4. T\u00e4m\u00e4 v\u00e4hent\u00e4\u00e4 kitkaa ja kulumista, mik\u00e4 pident\u00e4\u00e4 hydrauliikkaj\u00e4rjestelm\u00e4n k\u00e4ytt\u00f6ik\u00e4\u00e4.<\/h3>\n<\/li>\n<li>\n<h3>Tiivisteen vaihto ja kalibrointi<\/h3>\n<p>Tarkista ja vaihda tiivisteet tarvittaessa hydraulisen eheyden yll\u00e4pit\u00e4miseksi. S\u00e4\u00e4nn\u00f6lliset kalibrointitarkastukset varmistavat, ett\u00e4 sylinteri toimii m\u00e4\u00e4ritettyjen parametrien mukaisesti, mik\u00e4 parantaa suorituskyky\u00e4 ja turvallisuutta.<\/h3>\n<\/li>\n<\/ul>\n<p><img decoding=\"async\" src=\"https:\/\/www.hydraulic-cylinders.net\/wp-content\/uploads\/2025\/04\/songte-chushion-collar.webp\" alt=\"Puomin sylinterin asennusohjeet\"><\/p>\n<h2>Turvallisuusn\u00e4k\u00f6kohdat ja ymp\u00e4rist\u00f6tekij\u00e4t<\/h2>\n<p>Hydraulisylintereit\u00e4 k\u00e4ytett\u00e4ess\u00e4 turvatoimet ovat ensiarvoisen t\u00e4rkeit\u00e4. K\u00e4ytt\u00e4j\u00e4t on koulutettava k\u00e4sittelem\u00e4\u00e4n laitteita oikein ja varmistettava, ett\u00e4 he noudattavat kaikkia turvallisuusprotokollia. Asianmukaisten henkil\u00f6nsuojainten (PPE) k\u00e4ytt\u00f6 ja k\u00e4ytt\u00f6ohjeiden noudattaminen voivat merkitt\u00e4v\u00e4sti v\u00e4hent\u00e4\u00e4 onnettomuuksien ja vammojen riski\u00e4 ty\u00f6paikalla.<\/p>\n<h2>Vianm\u00e4\u00e4ritys ja yleiset ongelmat<\/h2>\n<ul>\n<li>\n<h3>Hydrauliset vuodot<\/h3>\n<p>Vuotoja voi esiinty\u00e4 kuluneiden tiivisteiden tai vaurioituneiden letkujen vuoksi. Vuotojen nopea korjaaminen on ratkaisevan t\u00e4rke\u00e4\u00e4 suorituskyvyn yll\u00e4pit\u00e4miseksi ja lis\u00e4vaurioiden est\u00e4miseksi.<\/h3>\n<\/li>\n<li>\n<h3>Huono suorituskyky<\/h3>\n<p>Jos sylinteri ei reagoi odotetulla tavalla, se voi viitata ilmaan hydraulij\u00e4rjestelm\u00e4ss\u00e4 tai alhaiseen hydraulinesteen tasoon. S\u00e4\u00e4nn\u00f6lliset tarkastukset voivat est\u00e4\u00e4 t\u00e4m\u00e4n ongelman.<\/h3>\n<\/li>\n<li>\n<h3>Liiallinen kuluminen<\/h3>\n<p>Usein teht\u00e4v\u00e4t tarkastukset voivat paljastaa merkkej\u00e4 liiallisesta kulumisesta, mik\u00e4 johtaa oikea-aikaiseen huoltoon lis\u00e4vaurioiden minimoimiseksi.<\/h3>\n<\/li>\n<\/ul>\n<p>Ennaltaehk\u00e4isevien toimenpiteiden toteuttaminen ja s\u00e4\u00e4nn\u00f6llinen huolto voivat auttaa minimoimaan mahdolliset ongelmat ja varmistamaan, ett\u00e4 puomin sylinteri toimii tehokkaasti.<\/p>\n<p><img decoding=\"async\" src=\"https:\/\/www.hydraulic-cylinders.net\/wp-content\/uploads\/2025\/04\/songte-bushings-with-all-kinds-of-excavator-models.webp\" alt=\"Puomin sylinterin vianm\u00e4\u00e4ritys\"><\/p>\n<h2>Tietoa yrityksest\u00e4mme<\/h2>\n<p>Olemme valmistaja, joka on erikoistunut korvaaviin hydraulisylintereihin ja tarjoaa kattavan valikoiman tuotteita. Yhten\u00e4 johtavista hydraulisylintereiden valmistajista ja tukkukauppiaista kotimaisilla ja kansainv\u00e4lisill\u00e4 markkinoilla olemme sitoutuneet huippulaatuun. Teollisen tuotannon hallintastrategiamme korostaa tarkkuusvalmistusta, jota tukee tekninen osaaminen ja edistyneiden digitaalisten valmistuslaitteiden k\u00e4ytt\u00f6.<\/p>\n<p>Jatkuva valmistusalustojemme ja tuotelaatureittejemme parantaminen heijastaa vahvaa luovaa osaamistamme, mik\u00e4 varmistaa, ett\u00e4 vastaamme monipuolisiin asiakastarpeisiin tehokkaalla, tarkalla ja laadukkaalla tavalla. Tarjontamme sis\u00e4lt\u00e4\u00e4 r\u00e4\u00e4t\u00e4l\u00f6ityj\u00e4 palveluita, ammatillisia sertifiointeja ja vankan j\u00e4lkimarkkinointituen asiakastyytyv\u00e4isyyden varmistamiseksi.<\/p>\n<p><img decoding=\"async\" src=\"https:\/\/www.hydraulic-cylinders.net\/wp-content\/uploads\/2025\/04\/songte-company-4.webp\" alt=\"Yrityksemme yleiskatsaus\"><br \/>\n<img decoding=\"async\" src=\"https:\/\/www.hydraulic-cylinders.net\/wp-content\/uploads\/2025\/04\/songte-company-3.webp\" alt=\"Valmistuskykymme\"><\/p>\n<p>Kirjoittaja: lyl<\/p>","protected":false},"excerpt":{"rendered":"<p>Boom Cylinder For Sinomach ZG3065-9B Definition and Overview of Bucket Cylinder The boom cylinder, commonly referred to as a bucket cylinder, is a critical component in hydraulic systems, specifically designed to control the movement of buckets in various heavy machinery such as excavators, backhoe loaders, and front loaders. This hydraulic cylinder enables the bucket to [&hellip;]<\/p>","protected":false},"featured_media":17872,"comment_status":"open","ping_status":"closed","template":"","meta":{"_et_pb_use_builder":"","_et_pb_old_content":"","_et_gb_content_width":""},"product_brand":[],"product_cat":[1546],"product_tag":[1547,1496],"class_list":{"0":"post-19699","1":"product","2":"type-product","3":"status-publish","4":"has-post-thumbnail","6":"product_cat-boom-cylinders","7":"product_tag-boom-cylinders","8":"product_tag-hydraulic-cylinders","10":"first","11":"instock","12":"shipping-taxable","13":"product-type-simple"},"amp_enabled":true,"_links":{"self":[{"href":"https:\/\/www.hydraulic-cylinders.net\/fi\/wp-json\/wp\/v2\/product\/19699","targetHints":{"allow":["GET"]}}],"collection":[{"href":"https:\/\/www.hydraulic-cylinders.net\/fi\/wp-json\/wp\/v2\/product"}],"about":[{"href":"https:\/\/www.hydraulic-cylinders.net\/fi\/wp-json\/wp\/v2\/types\/product"}],"replies":[{"embeddable":true,"href":"https:\/\/www.hydraulic-cylinders.net\/fi\/wp-json\/wp\/v2\/comments?post=19699"}],"wp:featuredmedia":[{"embeddable":true,"href":"https:\/\/www.hydraulic-cylinders.net\/fi\/wp-json\/wp\/v2\/media\/17872"}],"wp:attachment":[{"href":"https:\/\/www.hydraulic-cylinders.net\/fi\/wp-json\/wp\/v2\/media?parent=19699"}],"wp:term":[{"taxonomy":"product_brand","embeddable":true,"href":"https:\/\/www.hydraulic-cylinders.net\/fi\/wp-json\/wp\/v2\/product_brand?post=19699"},{"taxonomy":"product_cat","embeddable":true,"href":"https:\/\/www.hydraulic-cylinders.net\/fi\/wp-json\/wp\/v2\/product_cat?post=19699"},{"taxonomy":"product_tag","embeddable":true,"href":"https:\/\/www.hydraulic-cylinders.net\/fi\/wp-json\/wp\/v2\/product_tag?post=19699"}],"curies":[{"name":"wp","href":"https:\/\/api.w.org\/{rel}","templated":true}]}}