{"id":19700,"date":"2025-04-07T07:02:31","date_gmt":"2025-04-07T07:02:31","guid":{"rendered":"https:\/\/www.hydraulic-cylinders.net\/product\/boom-cylinder-for-sinomach-zg3365lc-9c\/"},"modified":"2025-04-07T07:02:33","modified_gmt":"2025-04-07T07:02:33","slug":"boom-cylinder-for-sinomach-zg3365lc-9c","status":"publish","type":"product","link":"https:\/\/www.hydraulic-cylinders.net\/fi\/tuote\/boom-cylinder-for-sinomach-zg3365lc-9c\/","title":{"rendered":"Puomin sylinteri Sinomach ZG3365LC-9C:lle"},"content":{"rendered":"<h1>Puomin sylinteri Sinomach ZG3365LC-9C:lle<\/h1>\n<h2>Tuotteen yleiskatsaus<\/h2>\n<p>Sinomach ZG3365LC-9C:n puomin sylinteri on olennainen hydrauliikkakomponentti, joka on suunniteltu ohjaamaan puomin liikett\u00e4 raskaissa koneissa, kuten kaivinkoneissa, kaivurikuormaajissa ja etukuormaajissa. T\u00e4m\u00e4 hydrauliikkasylinteri mahdollistaa puomin nostamisen, laskemisen ja kallistamisen, mik\u00e4 helpottaa tehokasta materiaalink\u00e4sittely\u00e4. Puomin sylinterill\u00e4 on ratkaiseva rooli hydraulij\u00e4rjestelm\u00e4ss\u00e4, sill\u00e4 se muuntaa hydraulisen paineen mekaaniseksi voimaksi, mink\u00e4 ansiosta k\u00e4ytt\u00e4j\u00e4t voivat suorittaa erilaisia \u200b\u200btoimintoja tarkasti ja helposti.<\/p>\n<p><img decoding=\"async\" src=\"https:\/\/www.hydraulic-cylinders.net\/wp-content\/uploads\/2025\/04\/songte-company-1.webp\" alt=\"Puomin sylinteri\" \/><\/p>\n<h2>T\u00e4rkeimm\u00e4t ominaisuudet<\/h2>\n<ul>\n<li><strong>Korkea lujuus ja kest\u00e4vyys:<\/strong> Eritt\u00e4in lujasta ter\u00e4ksest\u00e4 tai alumiinista valmistettu puomin sylinteri kest\u00e4\u00e4 korkeaa painetta ja raskaita kuormia, joten se sopii vaativiin ty\u00f6ymp\u00e4rist\u00f6ihin. Sen rakenne yhdist\u00e4\u00e4 kulutuskest\u00e4vyyden ja korroosionestokyvyn, mik\u00e4 varmistaa pidemm\u00e4n k\u00e4ytt\u00f6i\u00e4n.<\/li>\n<li><strong>Tehokas hydraulinen k\u00e4ytt\u00f6:<\/strong> Hydrauli\u00f6ljyn painetta hy\u00f6dynt\u00e4v\u00e4 puomin sylinteri reagoi nopeasti k\u00e4ytt\u00e4j\u00e4n komentoihin sujuvaa pidennyst\u00e4 ja sis\u00e4\u00e4nvetoa varten ja tarjoaa tehokkaan ty\u00f6nt\u00f6- ja vetovoiman, mik\u00e4 sopii erinomaisesti raskaiden materiaalien k\u00e4sittelyyn ja monimutkaisiin teht\u00e4viin.<\/li>\n<li><strong>Erilaisia \u200b\u200btyyppej\u00e4:<\/strong> Vaihtoehtoja ovat yksitoimiset (hydraulinen paine yhteen suuntaan) tai kaksitoimiset sylinterit (hydraulinen paine molempiin suuntiin) erilaisten k\u00e4ytt\u00f6tarpeiden t\u00e4ytt\u00e4miseksi. Jotkut mallit ovat teleskooppisia, mik\u00e4 mahdollistaa suuremman jatkeen ilman ulkomittojen kasvua, mik\u00e4 sopii tilarajoitteisiin sovelluksiin.<\/li>\n<li><strong>Yhteensopivuus:<\/strong> Tuotteemme voivat t\u00e4ydellisesti korvata olemassa olevat hydraulisylinterit ja varmistaa saumattoman integroinnin olemassa oleviin koneisiin.<\/li>\n<\/ul>\n<p><img decoding=\"async\" src=\"https:\/\/www.hydraulic-cylinders.net\/wp-content\/uploads\/2025\/04\/songte-cylinder-head-with-all-kinds-excavator-models.webp\" alt=\"Hydraulisylinterin yhteensopivuus\" \/><\/p>\n<h2>Sovellusskenaariot<\/h2>\n<h3>Rakennuslaitteet<\/h3>\n<p>Kaivinkoneissa puomin sylinterit ovat ratkaisevan t\u00e4rkeit\u00e4 kaivamisessa, lastaamisessa ja maan tai roskien siirt\u00e4misess\u00e4. Niiden avulla kuljettaja voi hallita puomin kulmaa ja korkeutta, mik\u00e4 helpottaa tarkkojen kaivuteht\u00e4vien suorittamista. Kaivurikuormaajissa puomin sylinteri auttaa paitsi kaivamisessa my\u00f6s nostamisessa, mik\u00e4 parantaa koneen monipuolisuutta.<\/p>\n<h3>Maatalouskoneet<\/h3>\n<p>Etukuormaajissa puomisylintereit\u00e4 k\u00e4ytet\u00e4\u00e4n maan, hein\u00e4n ja muiden materiaalien kauhaukseen, nostamiseen ja kuljettamiseen. Hydraulinen voima mahdollistaa tehokkaan toiminnan ja lis\u00e4\u00e4 merkitt\u00e4v\u00e4sti tuottavuutta maatiloilla ja rakennusty\u00f6mailla.<\/p>\n<h3>Kaivinkoneet<\/h3>\n<p>Kaivinkoneiden puomin sylinteri mahdollistaa kauhan tunkeutumisen maaper\u00e4\u00e4n, mik\u00e4 mahdollistaa tehokkaan kaivun. T\u00e4m\u00e4 ominaisuus on elint\u00e4rke\u00e4 erilaisissa rakennus- ja maisemointiteht\u00e4viss\u00e4, mik\u00e4 tekee kaivinkoneesta v\u00e4ltt\u00e4m\u00e4tt\u00f6m\u00e4n ty\u00f6kalun teollisuudessa.<\/p>\n<h3>Kuormaajat<\/h3>\n<p>Etukuormaajissa puomin sylinterit vastaavat kuormien tehokkaasta nostamisesta ja tyhjent\u00e4misest\u00e4. Niiden rakenne mahdollistaa sujuvat ja hallitut liikkeet, mik\u00e4 varmistaa tehokkaan materiaalin k\u00e4sittelyn ja kuljetuksen erilaisissa sovelluksissa.<\/p>\n<h2>Suunnittelun\u00e4k\u00f6kohdat ja valintakriteerit<\/h2>\n<h3>Kantavuus<\/h3>\n<p>Puomisylinterin kuormankantokyvyn on vastattava sen palveleman koneiston vaatimuksia. T\u00e4m\u00e4 kapasiteetti m\u00e4\u00e4ritt\u00e4\u00e4 sylinterin nostaman enimm\u00e4ispainon, mik\u00e4 vaikuttaa sylinterin koon ja lujuuden valintaan. Insin\u00f6\u00f6rien on arvioitava toiminnan vaatimukset tarkasti varmistaakseen, ett\u00e4 sylinteri toimii turvallisesti ja tehokkaasti.<\/p>\n<h3>Tiivistys<\/h3>\n<p>Asianmukainen tiivistys on ratkaisevan t\u00e4rke\u00e4\u00e4 hydraulinesteen vuotojen est\u00e4miseksi ja paineen yll\u00e4pit\u00e4miseksi j\u00e4rjestelm\u00e4ss\u00e4. Korkealaatuiset tiivisteet on valittava k\u00e4ytt\u00f6ymp\u00e4rist\u00f6n mukaan varmistaen, ett\u00e4 ne kest\u00e4v\u00e4t paineet ja olosuhteet heikkenem\u00e4tt\u00e4 nopeasti. Vaihtoehtoja ovat polyuretaani ja nitriilikumi, jotka tarjoavat erinomaisen kulutuskest\u00e4vyyden.<\/p>\n<h3>Kest\u00e4vyys<\/h3>\n<p>Kest\u00e4vyys on keskeinen tekij\u00e4 puomisylinterien suunnittelussa. Komponentit on suunniteltava kest\u00e4m\u00e4\u00e4n raskaiden sovellusten rasitukset, mukaan lukien altistuminen ankarille s\u00e4\u00e4olosuhteille, p\u00f6lylle ja t\u00e4rin\u00e4lle. T\u00e4m\u00e4 on t\u00e4rke\u00e4\u00e4 sylinterin toimivuuden yll\u00e4pit\u00e4miseksi ajan kuluessa ilman usein tapahtuvia vaihtoja.<\/p>\n<h3>Turvallisuus<\/h3>\n<p>Turvaominaisuudet ovat olennaisia \u200b\u200bhydraulisylinterien suunnittelussa. N\u00e4it\u00e4 ovat ylikuormituksen est\u00e4miseksi tarkoitetut paineenalennusventtiilit ja liiallisen liikkeen v\u00e4ltt\u00e4miseksi tarkoitetut mekaaniset pys\u00e4yttimet. N\u00e4iden ominaisuuksien sis\u00e4llytt\u00e4minen voi merkitt\u00e4v\u00e4sti v\u00e4hent\u00e4\u00e4 onnettomuusriski\u00e4 k\u00e4yt\u00f6n aikana.<\/p>\n<h3>Huolto<\/h3>\n<p>Helppohuolto on toinen t\u00e4rke\u00e4 huomioon otettava n\u00e4k\u00f6kohta. Sylinterit tulee suunnitella siten, ett\u00e4 niiden tarkastus ja huolto on helppoa, mukaan lukien tiivisteiden ja voitelukohtien helppo saatavuus. S\u00e4\u00e4nn\u00f6llinen huolto on ratkaisevan t\u00e4rke\u00e4\u00e4 hydraulij\u00e4rjestelm\u00e4n k\u00e4ytt\u00f6i\u00e4n pident\u00e4miseksi ja luotettavan toiminnan varmistamiseksi.<\/p>\n<p><img decoding=\"async\" src=\"https:\/\/www.hydraulic-cylinders.net\/wp-content\/uploads\/2025\/04\/songte-oil-pipes-and-spare-parts.webp\" alt=\"Hydraulisylinterin huolto\" \/><\/p>\n<h2>Tiivistys ja voitelu<\/h2>\n<p>Erilaisten tiivistekomponenttien, kuten m\u00e4nn\u00e4ntiivisteiden ja varren tiivisteiden, k\u00e4ytt\u00f6 on elint\u00e4rke\u00e4\u00e4 hydraulisylinterien pitk\u00e4ik\u00e4isyyden ja tehokkuuden varmistamiseksi. Kest\u00e4vist\u00e4 materiaaleista, kuten polyuretaanista ja nitriilikumista, valmistetut tiivisteet tarjoavat erinomaisen kulutuskest\u00e4vyyden. Sylinterin runko ja kierteitetyt p\u00e4\u00e4typinnat k\u00e4sitell\u00e4\u00e4n hienovaraisesti kulutuskest\u00e4vyyden parantamiseksi. S\u00e4\u00e4nn\u00f6llinen voitelu hydrauli\u00f6ljyll\u00e4 on v\u00e4ltt\u00e4m\u00e4t\u00f6nt\u00e4 kitkan ja kulumisen v\u00e4hent\u00e4miseksi, mik\u00e4 mahdollistaa sujuvan toiminnan ja est\u00e4\u00e4 ennenaikaisen vikaantumisen.<\/p>\n<h2>Ennaltaehk\u00e4isev\u00e4t huoltotoimenpiteet<\/h2>\n<ul>\n<li><strong>S\u00e4\u00e4nn\u00f6lliset tarkastukset:<\/strong> Suorita s\u00e4\u00e4nn\u00f6lliset tarkistukset vuotojen, kulumisen ja yleisen kunnon varalta mahdollisten ongelmien tunnistamiseksi ennen niiden pahenemista.<\/li>\n<li><strong>Voitelu:<\/strong> Varmista, ett\u00e4 sylinteri\u00e4 voidellaan riitt\u00e4v\u00e4sti sopivin v\u00e4liajoin, jotta se pysyy toimintakunnossa ja kuluminen estyy.<\/li>\n<li><strong>Tiivisteiden vaihdot:<\/strong> Tarkkaile tiivisteiden kuntoa ja vaihda ne tarvittaessa hydrauliikka\u00f6ljyn vuotojen est\u00e4miseksi ja j\u00e4rjestelm\u00e4n eheyden yll\u00e4pit\u00e4miseksi.<\/li>\n<\/ul>\n<h2>Asennusohjeet<\/h2>\n<p>Puomisylinterin oikea asentaminen on ratkaisevan t\u00e4rke\u00e4\u00e4 optimaalisen suorituskyvyn saavuttamiseksi. Aloita varmistamalla, ett\u00e4 kaikki komponentit ovat puhtaita ja roskista vapaita. Kohdista sylinteri oikein kiinnityspisteisiin k\u00e4ytt\u00e4m\u00e4ll\u00e4 sopivia kiinnityskiinnikkeit\u00e4 kiinnitt\u00e4\u00e4ksesi sen paikalleen. Kun sylinteri on kohdistettu, kirist\u00e4 kiinnityspultit valmistajan ohjeiden mukaisesti. Asennuksen j\u00e4lkeen tarkista hydrauliikkaliitokset vuotojen varalta ja varmista, ett\u00e4 sylinteri toimii sujuvasti koko liikeradallaan. Tarkista asennus s\u00e4\u00e4nn\u00f6llisesti kulumisen tai vaurioiden varalta ja korjaa mahdolliset ongelmat v\u00e4litt\u00f6m\u00e4sti turvallisuuden ja suorituskyvyn yll\u00e4pit\u00e4miseksi.<\/p>\n<h2>Yleiset huoltoteht\u00e4v\u00e4t<\/h2>\n<ul>\n<li><strong>S\u00e4\u00e4nn\u00f6lliset tarkastukset:<\/strong> S\u00e4\u00e4nn\u00f6lliset kulumisen ja mahdollisten vikojen tarkastukset ovat v\u00e4ltt\u00e4m\u00e4tt\u00f6mi\u00e4 jatkuvan toimivuuden ja turvallisuuden varmistamiseksi. Ongelmien tunnistaminen varhain voi est\u00e4\u00e4 kalliita korjauksia ja seisokkeja.<\/li>\n<li><strong>Oikea voitelu:<\/strong> Oikean voitelutason yll\u00e4pit\u00e4minen on kriittist\u00e4 kitkan ja kulumisen est\u00e4miseksi. Varmista, ett\u00e4 k\u00e4yt\u00e4t oikeaa hydrauliikka\u00f6ljy\u00e4 ja seuraa tasoja s\u00e4\u00e4nn\u00f6llisesti.<\/li>\n<li><strong>Tiivisteiden vaihto ja kalibrointitarkastukset:<\/strong> Vaihda kuluneet tiivisteet s\u00e4\u00e4nn\u00f6llisesti vuotojen v\u00e4ltt\u00e4miseksi ja hydraulij\u00e4rjestelm\u00e4n tehokkaan toiminnan varmistamiseksi. Kalibrointitarkastukset ovat v\u00e4ltt\u00e4m\u00e4tt\u00f6mi\u00e4 optimaalisen suorituskyvyn ja turvallisuuden yll\u00e4pit\u00e4miseksi.<\/li>\n<\/ul>\n<h2>Turvallisuusn\u00e4k\u00f6kohdat ja ymp\u00e4rist\u00f6tekij\u00e4t<\/h2>\n<p>Hydraulij\u00e4rjestelmien kanssa ty\u00f6skennelt\u00e4ess\u00e4 turvatoimenpiteet ovat ensiarvoisen t\u00e4rkeit\u00e4. K\u00e4ytt\u00e4jien on oltava tietoisia hydrauliseen paineeseen liittyvist\u00e4 mahdollisista vaaroista, mukaan lukien \u00e4killiset paineenpurkaukset, jotka voivat aiheuttaa vammoja. Asianmukainen koulutus hydraulisten koneiden k\u00e4sittelyss\u00e4 ja k\u00e4yt\u00f6ss\u00e4 on v\u00e4ltt\u00e4m\u00e4t\u00f6nt\u00e4, samoin kuin ty\u00f6paikan turvallisuusstandardien noudattaminen. Lis\u00e4ksi on otettava huomioon hydraulinesteiden ymp\u00e4rist\u00f6vaikutukset ja varmistettava, ett\u00e4 asianmukaisia \u200b\u200bh\u00e4vitysmenetelmi\u00e4 noudatetaan saastumisen est\u00e4miseksi.<\/p>\n<h2>Diagnostiikka ja yleiset ongelmat<\/h2>\n<ul>\n<li><strong>Vuotava sylinteri:<\/strong> Yleinen ongelma on hydraulinesteen vuotaminen tiivisteist\u00e4. T\u00e4m\u00e4 voi viitata kuluneisiin tiivisteisiin tai virheelliseen asennukseen. Tarkista tiivisteet ja vaihda ne tarvittaessa vuotojen korjaamiseksi.<\/li>\n<li><strong>Huono suorituskyky:<\/strong> Jos sylinteri ei reagoi odotetulla tavalla, tarkista hydraulinesteen tasot, mahdolliset tukokset letkuissa tai pumpun ongelmat. N\u00e4iden tekij\u00f6iden korjaaminen voi palauttaa optimaalisen suorituskyvyn.<\/li>\n<li><strong>Ep\u00e4tavalliset \u00e4\u00e4net:<\/strong> K\u00e4yt\u00f6n aikana kuuluva melu voi viitata sis\u00e4isiin vaurioihin tai alhaiseen hydraulinesteen tasoon. Tutki melun l\u00e4hde ja ryhdy asianmukaisiin korjaaviin toimenpiteisiin.<\/li>\n<\/ul>\n<h2>Vianm\u00e4\u00e4ritysvinkkej\u00e4<\/h2>\n<p>Hydraulisylinterien ongelmien tehokkaaksi diagnosoimiseksi ja ratkaisemiseksi aloita tarkistamalla nestetasot ja tutkimalla vuodot. Varmista, ett\u00e4 kaikki liitokset ovat tukevasti kiinni ja ettei niiss\u00e4 ole roskia. Huolla komponentteja s\u00e4\u00e4nn\u00f6llisesti kulumisen ja vaurioiden est\u00e4miseksi keskittyen tiivisteisiin, voiteluun ja linjaukseen. Jos ongelmat jatkuvat, ota yhteytt\u00e4 ammattilaiseen perusteellista diagnostiikkaa ja korjausstrategioita varten.<\/p>\n<p><img decoding=\"async\" src=\"https:\/\/www.hydraulic-cylinders.net\/wp-content\/uploads\/2025\/04\/songte-bushings-with-all-kinds-of-excavator-models.webp\" alt=\"Hydraulisylinterin komponentit\" \/><\/p>\n<h2>Yrityksen yleiskatsaus<\/h2>\n<p>Olemme johtava hydraulisten sylinterien valmistaja ja tukkumyyj\u00e4, joka on sitoutunut huippulaatuun ja innovatiivisiin valmistusstrategioihin. Laajan tuotevalikoimamme ansiosta olemme vakiinnuttaneet asemamme yhten\u00e4 johtavista valmistajista ja toimittajista sek\u00e4 kotimaisilla ett\u00e4 kansainv\u00e4lisill\u00e4 markkinoilla. L\u00e4hestymistapamme korostaa tarkkaa valmistuksenohjausta ja edistyneen teknologian integrointia varmistaen, ett\u00e4 t\u00e4yt\u00e4mme asiakkaidemme monipuoliset tarpeet tehokkaasti ja laadukkaasti. Tuotantolaitoksemme on varustettu huippuluokan laitteilla ja omistautuneella ammattitiimill\u00e4, mink\u00e4 ansiosta voimme jatkuvasti parantaa valmistuskapasiteettiamme.<\/p>\n<p><img decoding=\"async\" src=\"https:\/\/www.hydraulic-cylinders.net\/wp-content\/uploads\/2025\/04\/songte-company-4.webp\" alt=\"Yrityksen yleiskatsaus\" \/><br \/>\n<img decoding=\"async\" src=\"https:\/\/www.hydraulic-cylinders.net\/wp-content\/uploads\/2025\/04\/songte-company-3.webp\" alt=\"Valmistuksen huippuosaaminen\" \/><\/p>\n<p>Kirjoittaja: lyl<\/p>","protected":false},"excerpt":{"rendered":"<p>Boom Cylinder For Sinomach ZG3365LC-9C Product Overview The Boom Cylinder for Sinomach ZG3365LC-9C is an essential hydraulic component designed to control the movement of the boom in heavy machinery such as excavators, backhoe loaders, and front-end loaders. This hydraulic cylinder allows the boom to lift, lower, and tilt, facilitating efficient material handling tasks. The boom [&hellip;]<\/p>","protected":false},"featured_media":17873,"comment_status":"open","ping_status":"closed","template":"","meta":{"_et_pb_use_builder":"","_et_pb_old_content":"","_et_gb_content_width":""},"product_brand":[],"product_cat":[1546],"product_tag":[1547,1496],"class_list":{"0":"post-19700","1":"product","2":"type-product","3":"status-publish","4":"has-post-thumbnail","6":"product_cat-boom-cylinders","7":"product_tag-boom-cylinders","8":"product_tag-hydraulic-cylinders","10":"first","11":"instock","12":"shipping-taxable","13":"product-type-simple"},"amp_enabled":true,"_links":{"self":[{"href":"https:\/\/www.hydraulic-cylinders.net\/fi\/wp-json\/wp\/v2\/product\/19700","targetHints":{"allow":["GET"]}}],"collection":[{"href":"https:\/\/www.hydraulic-cylinders.net\/fi\/wp-json\/wp\/v2\/product"}],"about":[{"href":"https:\/\/www.hydraulic-cylinders.net\/fi\/wp-json\/wp\/v2\/types\/product"}],"replies":[{"embeddable":true,"href":"https:\/\/www.hydraulic-cylinders.net\/fi\/wp-json\/wp\/v2\/comments?post=19700"}],"wp:featuredmedia":[{"embeddable":true,"href":"https:\/\/www.hydraulic-cylinders.net\/fi\/wp-json\/wp\/v2\/media\/17873"}],"wp:attachment":[{"href":"https:\/\/www.hydraulic-cylinders.net\/fi\/wp-json\/wp\/v2\/media?parent=19700"}],"wp:term":[{"taxonomy":"product_brand","embeddable":true,"href":"https:\/\/www.hydraulic-cylinders.net\/fi\/wp-json\/wp\/v2\/product_brand?post=19700"},{"taxonomy":"product_cat","embeddable":true,"href":"https:\/\/www.hydraulic-cylinders.net\/fi\/wp-json\/wp\/v2\/product_cat?post=19700"},{"taxonomy":"product_tag","embeddable":true,"href":"https:\/\/www.hydraulic-cylinders.net\/fi\/wp-json\/wp\/v2\/product_tag?post=19700"}],"curies":[{"name":"wp","href":"https:\/\/api.w.org\/{rel}","templated":true}]}}