{"id":19702,"date":"2025-04-07T07:02:36","date_gmt":"2025-04-07T07:02:36","guid":{"rendered":"https:\/\/www.hydraulic-cylinders.net\/product\/boom-cylinder-for-sinomach-zg3225c-9c\/"},"modified":"2025-04-07T07:02:39","modified_gmt":"2025-04-07T07:02:39","slug":"boom-cylinder-for-sinomach-zg3225c-9c","status":"publish","type":"product","link":"https:\/\/www.hydraulic-cylinders.net\/fi\/tuote\/boom-cylinder-for-sinomach-zg3225c-9c\/","title":{"rendered":"Puomin sylinteri Sinomach ZG3225C-9C:lle"},"content":{"rendered":"<h1>Puomin sylinteri Sinomach ZG3225C-9C:lle<\/h1>\n<h2>Puomin sylinterin yleiskatsaus<\/h2>\n<p>Puomin sylinteri on hydraulij\u00e4rjestelmien t\u00e4rke\u00e4 osa, joka on erityisesti suunniteltu ohjaamaan kauhojen liikett\u00e4 raskaissa koneissa, kuten kaivinkoneissa, kaivurikuormaajissa ja etukuormaajissa. T\u00e4m\u00e4 hydraulisylinteri mahdollistaa kauhan nostamisen, laskemisen ja kallistamisen, mik\u00e4 helpottaa tehokasta materiaalink\u00e4sittely\u00e4. Kauhan sylinteri toimii k\u00e4ytt\u00e4m\u00e4ll\u00e4 hydraulinestett\u00e4, joka luo voiman, joka liikuttaa sylinterin sis\u00e4ll\u00e4 olevaa m\u00e4nt\u00e4\u00e4, mahdollistaen kiinnitettyjen laitteiden tarkan ohjauksen ja k\u00e4yt\u00f6n.<\/p>\n<p><img decoding=\"async\" src=\"https:\/\/www.hydraulic-cylinders.net\/wp-content\/uploads\/2025\/04\/songte-company-1.webp\" alt=\"Puomin sylinterin kuva\" \/><\/p>\n<h3>M\u00e4\u00e4ritelm\u00e4 ja toiminta<\/h3>\n<p>Kauhasylinteri on hydraulinen sylinterityyppi, joka on suunniteltu hallitsemaan kauhojen liikkeit\u00e4 erilaisissa rakennus- ja maatalouskoneissa. Sill\u00e4 on t\u00e4rke\u00e4 rooli, jotta laitteiden k\u00e4ytt\u00e4j\u00e4t voivat tehokkaasti manipuloida kauhan asentoa, mik\u00e4 on olennaista esimerkiksi kaivamisessa, lastaamisessa ja materiaalien kuljetuksessa. Mahdollistamalla sujuvat ja hallitut liikkeet puomisylinteri parantaa raskaiden toimintojen kokonaistuottavuutta ja tehokkuutta.<\/p>\n<h2>Puomin sylinterin t\u00e4rkeimm\u00e4t ominaisuudet<\/h2>\n<ul>\n<li><strong>Korkea lujuus ja kest\u00e4vyys:<\/strong> N\u00e4m\u00e4 sylinterit on valmistettu eritt\u00e4in lujasta ter\u00e4ksest\u00e4 tai alumiinista, ja ne kest\u00e4v\u00e4t korkeita paineita ja raskaita kuormia, joten ne sopivat vaativiin ty\u00f6ymp\u00e4rist\u00f6ihin.<\/li>\n<li><strong>Tehokas hydraulinen k\u00e4ytt\u00f6:<\/strong> Sylinteri hy\u00f6dynt\u00e4\u00e4 hydraulinestett\u00e4 sujuvaan pident\u00e4miseen ja vet\u00e4ytymiseen, mik\u00e4 mahdollistaa nopean reagoinnin k\u00e4ytt\u00e4j\u00e4n komentoihin.<\/li>\n<li><strong>Erilaisia \u200b\u200btyyppej\u00e4:<\/strong> Puomin sylinteri\u00e4 on saatavana yksi- ja kaksitoimisina versioina, ja se voidaan r\u00e4\u00e4t\u00e4l\u00f6id\u00e4 vastaamaan tiettyj\u00e4 k\u00e4ytt\u00f6vaatimuksia.<\/li>\n<li><strong>Tilaa s\u00e4\u00e4st\u00e4v\u00e4 suunnittelu:<\/strong> Joissakin malleissa on teleskooppirakenne, joka mahdollistaa suuremman pidennysosan ilman ulkomittojen kasvua, mik\u00e4 sopii erinomaisesti ahtaisiin tiloihin.<\/li>\n<li><strong>Korroosionkest\u00e4vyys:<\/strong> Suunniteltu keskittyen kulutuskest\u00e4vyyteen ja korroosionestoon, mik\u00e4 varmistaa pitk\u00e4n k\u00e4ytt\u00f6i\u00e4n ja luotettavuuden.<\/li>\n<\/ul>\n<p>Voimme valmistaa t\u00e4m\u00e4n tuotteen t\u00e4ydellisesti korvaamaan olemassa olevat hydraulisylinterit korkeita laatustandardeja noudattaen.<\/p>\n<p><img decoding=\"async\" src=\"https:\/\/www.hydraulic-cylinders.net\/wp-content\/uploads\/2025\/04\/songte-cylinder-head-with-all-kinds-excavator-models.webp\" alt=\"Kaivinkonemallit\" \/><\/p>\n<h2>Puomisylinterin sovellukset<\/h2>\n<h3>Rakennuslaitteet<\/h3>\n<p>Kaivinkoneissa puomisylinterit ovat v\u00e4ltt\u00e4m\u00e4tt\u00f6mi\u00e4 kaivamiseen, lastaamiseen ja maaper\u00e4n tai roskien siirt\u00e4miseen. Ne tarjoavat tarvittavan voiman maan tunkeutumiseen, mik\u00e4 tekee niist\u00e4 ratkaisevan t\u00e4rkeit\u00e4 rakennusprojekteissa.<\/p>\n<h3>Maatalouskoneet<\/h3>\n<p>Etukuormaajissa puomisylinterit helpottavat maaper\u00e4n, hein\u00e4n ja muiden materiaalien nostamista ja kuljetusta. Niiden kyky k\u00e4sitell\u00e4 erilaisia \u200b\u200bkuormia tekee niist\u00e4 korvaamattomia maataloust\u00f6iss\u00e4.<\/p>\n<h3>Kaivinkoneet<\/h3>\n<p>N\u00e4iden sylinterien ansiosta kaivinkoneen kauha tunkeutuu tehokkaasti maaper\u00e4\u00e4n, mik\u00e4 mahdollistaa tehokkaan kaivuty\u00f6n. Niiden rakenne tukee kaivuteht\u00e4vien tiukkoja vaatimuksia.<\/p>\n<h3>Kuormaajat<\/h3>\n<p>Etukuormaajissa puomin sylinterit auttavat kuormien tehokkaassa nostamisessa ja tyhjent\u00e4misess\u00e4, mik\u00e4 lis\u00e4\u00e4 koneen tuottavuutta ja monipuolisuutta materiaalink\u00e4sittelyss\u00e4.<\/p>\n<h2>Suunnittelun\u00e4k\u00f6kohdat ja valintakriteerit<\/h2>\n<h3>Kantavuus<\/h3>\n<p>Puomisylinterin valintaan kuuluu sen kuorman arvioiminen sen varmistamiseksi, ett\u00e4 se t\u00e4ytt\u00e4\u00e4 k\u00e4ytt\u00f6vaatimukset. Sylinterin on kestett\u00e4v\u00e4 kauhan ja siirrett\u00e4vien materiaalien yhdistetty paino s\u00e4ilytt\u00e4en samalla rakenteellisen eheyden.<\/p>\n<h3>Tiivistys ja kest\u00e4vyys<\/h3>\n<p>Tehokas tiivistys on ratkaisevan t\u00e4rke\u00e4\u00e4 hydraulinesteen vuotojen est\u00e4miseksi, jotka voivat heikent\u00e4\u00e4 suorituskyky\u00e4. Korkealaatuisten tiivisteiden k\u00e4ytt\u00f6 on t\u00e4rke\u00e4\u00e4 pitk\u00e4ik\u00e4isyyden ja luotettavuuden varmistamiseksi, erityisesti korkeapainesovelluksissa.<\/p>\n<h3>Turvaominaisuudet<\/h3>\n<p>Turvallisuus on ensiarvoisen t\u00e4rke\u00e4\u00e4 hydraulisylintereit\u00e4 k\u00e4ytett\u00e4ess\u00e4. Ominaisuudet, kuten paineenalennusventtiilit ja turvalukot, auttavat ehk\u00e4isem\u00e4\u00e4n onnettomuuksia ja varmistamaan turvallisen k\u00e4yt\u00f6n erilaisissa olosuhteissa.<\/p>\n<h3>Huolto ja saavutettavuus<\/h3>\n<p>Puomisylinterin suunnittelu helppok\u00e4ytt\u00f6isyys mieless\u00e4 pit\u00e4en varmistaa, ett\u00e4 k\u00e4ytt\u00e4j\u00e4t voivat suorittaa s\u00e4\u00e4nn\u00f6llisi\u00e4 tarkastuksia ja huoltoja, mik\u00e4 pident\u00e4\u00e4 sylinterin k\u00e4ytt\u00f6ik\u00e4\u00e4 ja parantaa sen luotettavuutta.<\/p>\n<p><img decoding=\"async\" src=\"https:\/\/www.hydraulic-cylinders.net\/wp-content\/uploads\/2025\/04\/songte-oil-pipes-and-spare-parts.webp\" alt=\"Hydrauliset osat\" \/><\/p>\n<h2>Tiivistys ja voitelu<\/h2>\n<p>Erilaiset tiivisteet, kuten m\u00e4nn\u00e4ntiivisteet ja varren tiivisteet, ovat ratkaisevan t\u00e4rkeit\u00e4 hydraulisen eheyden yll\u00e4pit\u00e4miselle. Kulutusta kest\u00e4vien materiaalien, kuten polyuretaanin ja nitriilikumin, k\u00e4ytt\u00f6 parantaa sylinterin kest\u00e4vyytt\u00e4. Lis\u00e4ksi sylinterin runko ja kierteitetyt p\u00e4\u00e4t vaativat hienojakoisen pintak\u00e4sittelyn kulutuskest\u00e4vyyden parantamiseksi. S\u00e4\u00e4nn\u00f6llinen voitelu hydrauli\u00f6ljyll\u00e4 on v\u00e4ltt\u00e4m\u00e4t\u00f6nt\u00e4 optimaalisen suorituskyvyn ja pitk\u00e4n k\u00e4ytt\u00f6i\u00e4n saavuttamiseksi.<\/p>\n<h2>S\u00e4\u00e4nn\u00f6llinen tarkastus ja ennaltaehk\u00e4isev\u00e4 huolto<\/h2>\n<ul>\n<li><strong>Visuaaliset tarkastukset:<\/strong> Tee s\u00e4\u00e4nn\u00f6llisi\u00e4 silm\u00e4m\u00e4\u00e4r\u00e4isi\u00e4 tarkastuksia vuotojen, halkeamien ja tiivisteiden kulumisen varalta mahdollisten ongelmien havaitsemiseksi varhaisessa vaiheessa.<\/li>\n<li><strong>Voitelutarkistukset:<\/strong> Varmista liikkuvien osien asianmukainen voitelu liiallisen kulumisen est\u00e4miseksi.<\/li>\n<li><strong>Tiivisteen vaihto:<\/strong> Vaihda tiivisteet s\u00e4\u00e4nn\u00f6llisesti tarpeen mukaan hydraulipaineen yll\u00e4pit\u00e4miseksi ja vuotojen est\u00e4miseksi.<\/li>\n<\/ul>\n<h2>Asennusohjeet<\/h2>\n<p>Puomisylinterin oikea asennus on kriittisen t\u00e4rke\u00e4\u00e4 optimaalisen suorituskyvyn kannalta. Varmista, ett\u00e4 sylinteri on kohdistettu oikein kiinnityskannattimiin, jotta hydraulij\u00e4rjestelm\u00e4\u00e4n ei kohdistu tarpeetonta rasitusta. K\u00e4yt\u00e4 sopivia kiinnitystukia sylinterin kiinnitt\u00e4miseen paikalleen. Noudata valmistajan ohjeita v\u00e4\u00e4nt\u00f6momenttien ja kytkent\u00e4menetelmien osalta turvallisen ja tehokkaan asennuksen varmistamiseksi.<\/p>\n<h2>Yleiset huoltoteht\u00e4v\u00e4t<\/h2>\n<ul>\n<li><strong>S\u00e4\u00e4nn\u00f6lliset tarkastukset:<\/strong> Rutiinitarkastusten suorittaminen auttaa tunnistamaan mahdolliset ongelmat ennen kuin ne pahenevat, mik\u00e4 varmistaa sylinterin pitk\u00e4n k\u00e4ytt\u00f6i\u00e4n.<\/li>\n<li><strong>Oikea voitelu:<\/strong> Riitt\u00e4v\u00e4 voitelu on ratkaisevan t\u00e4rke\u00e4\u00e4 liikkuvien osien kunnossapidolle ja kulumisen est\u00e4miselle, mik\u00e4 parantaa sylinterin suorituskyky\u00e4.<\/li>\n<li><strong>Tiivisteen vaihto:<\/strong> Tiivisteiden oikea-aikainen vaihto on v\u00e4ltt\u00e4m\u00e4t\u00f6nt\u00e4 hydraulisen paineen yll\u00e4pit\u00e4miseksi ja vuotojen est\u00e4miseksi, mik\u00e4 edist\u00e4\u00e4 tehokasta toimintaa.<\/li>\n<\/ul>\n<h2>Turvallisuusn\u00e4k\u00f6kohdat ja ymp\u00e4rist\u00f6tekij\u00e4t<\/h2>\n<p>Turvatoimenpiteiden toteuttaminen hydraulisylintereiden k\u00e4yt\u00f6n aikana on elint\u00e4rke\u00e4\u00e4. K\u00e4ytt\u00e4j\u00e4t tulee kouluttaa tunnistamaan hydraulij\u00e4rjestelmiin liittyv\u00e4t vaarat ja k\u00e4ytt\u00e4m\u00e4\u00e4n asianmukaisia \u200b\u200bhenkil\u00f6nsuojaimia. Lis\u00e4ksi ymp\u00e4rist\u00f6n\u00e4k\u00f6kohdat, kuten asianmukainen nesteiden h\u00e4vitt\u00e4minen ja vuotojen minimointi, ovat olennaisia \u200b\u200bturvallisen ty\u00f6ymp\u00e4rist\u00f6n yll\u00e4pit\u00e4miseksi.<\/p>\n<h2>Vianm\u00e4\u00e4ritys ja yleiset ongelmat<\/h2>\n<ul>\n<li><strong>Vuoto:<\/strong> Tarkista tiivisteiden ja liitosten kuluminen ja vaihda ne tarvittaessa. Varmista, ett\u00e4 liitokset on kiristetty nestevuotojen est\u00e4miseksi.<\/li>\n<li><strong>Hidas toiminta:<\/strong> Tarkista hydraulinesteen taso ja laatu. Likainen tai liian alhainen nestem\u00e4\u00e4r\u00e4 voi aiheuttaa hidasta suorituskyky\u00e4. Hydraulisuodattimien s\u00e4\u00e4nn\u00f6llinen huolto on v\u00e4ltt\u00e4m\u00e4t\u00f6nt\u00e4.<\/li>\n<li><strong>Ep\u00e4tavalliset \u00e4\u00e4net:<\/strong> K\u00e4yt\u00f6n aikana kuuluvat \u00e4\u00e4net voivat viitata kulumiseen tai vaurioihin. Sylinterin ja sit\u00e4 ymp\u00e4r\u00f6ivien osien tarkastus on tarpeen \u00e4\u00e4nen l\u00e4hteen tunnistamiseksi.<\/li>\n<\/ul>\n<p>N\u00e4iden ongelmien nopea korjaaminen voi est\u00e4\u00e4 lis\u00e4vahingot ja yll\u00e4pit\u00e4\u00e4 toiminnan tehokkuutta.<\/p>\n<p>Puomisylinterin k\u00e4ytt\u00f6i\u00e4n pident\u00e4miseksi on t\u00e4rke\u00e4\u00e4 toteuttaa ennaltaehk\u00e4isevi\u00e4 toimenpiteit\u00e4, kuten s\u00e4\u00e4nn\u00f6llisi\u00e4 huoltotarkastuksia, oikea-aikaisia \u200b\u200bkorjauksia ja nesteiden hallintaa. Ennakoiva toiminta minimoi mahdolliset ongelmat ja varmistaa luotettavan suorituskyvyn.<\/p>\n<p><img decoding=\"async\" src=\"https:\/\/www.hydraulic-cylinders.net\/wp-content\/uploads\/2025\/04\/songte-bushings-with-all-kinds-of-excavator-models.webp\" alt=\"Kaivinkonemallien holkit\" \/><\/p>\n<h2>Yrityksen yleiskatsaus<\/h2>\n<p>Olemme johtava hydraulisten sylinterien vaihto-osien valmistaja, joka toimittaa laajan valikoiman tuotteita sek\u00e4 kotimaisille ett\u00e4 kansainv\u00e4lisille markkinoille. Sitoutumisemme ensiluokkaiseen laatuun perustuu hienostuneeseen valmistusstrategiaan, jossa hy\u00f6dynnet\u00e4\u00e4n edistynytt\u00e4 teknologiaa ja ammattitaitoisia ammattilaisia. Tuotantokapasiteettiamme parantavat digitaaliset huippuluokan valmistuslaitteet ja erikoistuneet testausj\u00e4rjestelm\u00e4t, jotka varmistavat, ett\u00e4 jokainen tuote t\u00e4ytt\u00e4\u00e4 tiukat laatustandardit.<\/p>\n<p><img decoding=\"async\" src=\"https:\/\/www.hydraulic-cylinders.net\/wp-content\/uploads\/2025\/04\/songte-company-4.webp\" alt=\"Yrityskuva 1\" \/><br \/>\n<img decoding=\"async\" src=\"https:\/\/www.hydraulic-cylinders.net\/wp-content\/uploads\/2025\/04\/songte-company-3.webp\" alt=\"Yrityskuva 2\" \/><\/p>\n<p>Painotamme ammattitaitoa, kansainv\u00e4lisi\u00e4 sertifiointeja ja r\u00e4\u00e4t\u00e4l\u00f6ityj\u00e4 palveluita vastataksemme ainutlaatuisiin asiakastarpeisiin. Edistykselliset tuotantolaitteemme varmistavat kilpailukykymme hydraulisylinterien valmistusteollisuudessa ja tarjoavat poikkeuksellista j\u00e4lkimarkkinointipalvelua pitk\u00e4aikaisten asiakassuhteiden edist\u00e4miseksi.<\/p>\n<p>Kirjoittaja: lyl<\/p>","protected":false},"excerpt":{"rendered":"<p>Boom Cylinder For Sinomach ZG3225C-9C Overview of Boom Cylinder The Boom Cylinder is a crucial component in hydraulic systems, specifically designed to control the movement of buckets in heavy machinery such as excavators, backhoe loaders, and front loaders. This hydraulic cylinder enables the bucket to lift, lower, and tilt, facilitating efficient material handling tasks. The [&hellip;]<\/p>","protected":false},"featured_media":17875,"comment_status":"open","ping_status":"closed","template":"","meta":{"_et_pb_use_builder":"","_et_pb_old_content":"","_et_gb_content_width":""},"product_brand":[],"product_cat":[1546],"product_tag":[1547,1496],"class_list":{"0":"post-19702","1":"product","2":"type-product","3":"status-publish","4":"has-post-thumbnail","6":"product_cat-boom-cylinders","7":"product_tag-boom-cylinders","8":"product_tag-hydraulic-cylinders","10":"first","11":"instock","12":"shipping-taxable","13":"product-type-simple"},"amp_enabled":true,"_links":{"self":[{"href":"https:\/\/www.hydraulic-cylinders.net\/fi\/wp-json\/wp\/v2\/product\/19702","targetHints":{"allow":["GET"]}}],"collection":[{"href":"https:\/\/www.hydraulic-cylinders.net\/fi\/wp-json\/wp\/v2\/product"}],"about":[{"href":"https:\/\/www.hydraulic-cylinders.net\/fi\/wp-json\/wp\/v2\/types\/product"}],"replies":[{"embeddable":true,"href":"https:\/\/www.hydraulic-cylinders.net\/fi\/wp-json\/wp\/v2\/comments?post=19702"}],"wp:featuredmedia":[{"embeddable":true,"href":"https:\/\/www.hydraulic-cylinders.net\/fi\/wp-json\/wp\/v2\/media\/17875"}],"wp:attachment":[{"href":"https:\/\/www.hydraulic-cylinders.net\/fi\/wp-json\/wp\/v2\/media?parent=19702"}],"wp:term":[{"taxonomy":"product_brand","embeddable":true,"href":"https:\/\/www.hydraulic-cylinders.net\/fi\/wp-json\/wp\/v2\/product_brand?post=19702"},{"taxonomy":"product_cat","embeddable":true,"href":"https:\/\/www.hydraulic-cylinders.net\/fi\/wp-json\/wp\/v2\/product_cat?post=19702"},{"taxonomy":"product_tag","embeddable":true,"href":"https:\/\/www.hydraulic-cylinders.net\/fi\/wp-json\/wp\/v2\/product_tag?post=19702"}],"curies":[{"name":"wp","href":"https:\/\/api.w.org\/{rel}","templated":true}]}}