{"id":19703,"date":"2025-04-07T07:02:41","date_gmt":"2025-04-07T07:02:41","guid":{"rendered":"https:\/\/www.hydraulic-cylinders.net\/product\/boom-cylinder-for-sinomach-zg3235-9\/"},"modified":"2025-04-07T07:02:43","modified_gmt":"2025-04-07T07:02:43","slug":"boom-cylinder-for-sinomach-zg3235-9","status":"publish","type":"product","link":"https:\/\/www.hydraulic-cylinders.net\/fi\/tuote\/boom-cylinder-for-sinomach-zg3235-9\/","title":{"rendered":"Puomin sylinteri Sinomach ZG3235-9:lle"},"content":{"rendered":"<h1>Puomin sylinteri Sinomach ZG3235-9:lle<\/h1>\n<h2>Tuotteen yleiskatsaus<\/h2>\n<p>Sinomach ZG3235-9:n puomisylinteri on t\u00e4rke\u00e4 komponentti, joka on suunniteltu ohjaamaan raskaiden koneiden kauhojen liikett\u00e4. Tarkemmin sanottuna se on hydraulisylinteri, joka mahdollistaa kauhan nostamisen, laskemisen ja kallistuksen erilaisissa sovelluksissa, kuten kaivinkoneissa, kaivurikuormaajissa ja etukuormaajissa. T\u00e4m\u00e4 hydraulisylinteri varmistaa tehokkaat materiaalink\u00e4sittelyteht\u00e4v\u00e4t tarjoamalla tarvittavan voiman n\u00e4ihin toimintoihin.<\/p>\n<p><img decoding=\"async\" src=\"https:\/\/www.hydraulic-cylinders.net\/wp-content\/uploads\/2025\/04\/songte-company-1.webp\" alt=\"Puomin sylinterin kuva\"><\/p>\n<h3>M\u00e4\u00e4ritelm\u00e4 ja toiminta<\/h3>\n<p>Hydraulisylintereill\u00e4, kuten puomisylinterill\u00e4, on keskeinen rooli hydraulij\u00e4rjestelmiss\u00e4, sill\u00e4 ne hy\u00f6dynt\u00e4v\u00e4t nestepainetta lineaarisen liikkeen aikaansaamiseksi. Ne koostuvat sylinterim\u00e4isest\u00e4 putkesta, m\u00e4nn\u00e4st\u00e4 ja erilaisista tiivisteist\u00e4, jotka yhdess\u00e4 mahdollistavat halutun liikkeen. Raskaissa laitteissa puomisylinterin ensisijainen teht\u00e4v\u00e4 on helpottaa materiaalien kaivamista ja kuljetusta, mik\u00e4 parantaa rakennus- ja maataloustoiminnan tehokkuutta ja tuottavuutta.<\/p>\n<h2>Tuotteen ominaisuudet<\/h2>\n<ul>\n<li><strong>Korkea lujuus ja kest\u00e4vyys:<\/strong> Valmistettu eritt\u00e4in lujasta ter\u00e4ksest\u00e4 tai alumiinista, suunniteltu kest\u00e4m\u00e4\u00e4n korkeaa painetta ja raskaita kuormia vaativissa ty\u00f6olosuhteissa.<\/li>\n<li><strong>Tehokas hydraulinen k\u00e4ytt\u00f6:<\/strong> Mahdollistaa sujuvan pidennyksen ja sis\u00e4\u00e4nvedon hydrauli\u00f6ljyn paineen avulla, reagoi nopeasti ohjauskomentoihin ja tarjoaa merkitt\u00e4v\u00e4\u00e4 ty\u00f6nt\u00f6- ja vetovoimaa.<\/li>\n<li><strong>Erilaisia \u200b\u200btyyppej\u00e4:<\/strong> Saatavilla yksitoimisina (toimii yhteen suuntaan) tai kaksitoimisina (toimii molempiin suuntiin) kokoonpanoina erilaisten k\u00e4ytt\u00f6tarpeiden t\u00e4ytt\u00e4miseksi.<\/li>\n<li><strong>Tilaa s\u00e4\u00e4st\u00e4v\u00e4t mallit:<\/strong> Joissakin malleissa on teleskooppirakenne, joka mahdollistaa suuremman pidennysosan ilman ulkomittojen kasvua, joten se sopii ahtaisiin k\u00e4ytt\u00f6tarkoituksiin.<\/li>\n<li><strong>Korroosion- ja kulutuskest\u00e4vyys:<\/strong> Valmistettu kulumista ja korroosiota kest\u00e4vist\u00e4 materiaaleista, mik\u00e4 varmistaa pitk\u00e4n k\u00e4ytt\u00f6i\u00e4n ja luotettavuuden haastavissa olosuhteissa.<\/li>\n<\/ul>\n<h3>Valmistuskykymme<\/h3>\n<p>Olemme ylpeit\u00e4 kyvyst\u00e4mme valmistaa ja toimittaa korkealaatuisia puomisylintereit\u00e4, jotka korvaavat t\u00e4ydellisesti olemassa olevat hydraulisylinterit erilaisissa sovelluksissa.<\/p>\n<p><img decoding=\"async\" src=\"https:\/\/www.hydraulic-cylinders.net\/wp-content\/uploads\/2025\/04\/songte-cylinder-head-with-all-kinds-excavator-models.webp\" alt=\"Kaivinkonemallien kuva\"><\/p>\n<h2>Puomisylinterin sovellukset<\/h2>\n<h3>Rakennuslaitteet<\/h3>\n<p>Kaivinkoneissa puomisylinterit ovat olennaisia \u200b\u200bkaivamisessa, lastaamisessa ja maan tai roskien siirt\u00e4misess\u00e4. Ne tarjoavat tarvittavan voiman kaivinkoneen kauhan tehokkaaseen tunkeutumiseen maahan, mik\u00e4 mahdollistaa tehokkaat maanrakennusty\u00f6t. Kaivurikuormaajissa puomisylinterit helpottavat sek\u00e4 kaivu- ett\u00e4 nostotoimintoja, mik\u00e4 tekee niist\u00e4 v\u00e4ltt\u00e4m\u00e4tt\u00f6mi\u00e4 rakennusprojekteissa.<\/p>\n<h3>Maatalouskoneet<\/h3>\n<p>Etukuormaajissa puomisylintereit\u00e4 k\u00e4ytet\u00e4\u00e4n maan, hein\u00e4n ja muiden materiaalien kauhaamiseen, nostamiseen ja kuljettamiseen. Niiden rakenne mahdollistaa optimaalisen ohjattavuuden ja hallinnan, jolloin viljelij\u00e4t voivat hallita materiaalejaan tehokkaasti maatalousmaisemassa.<\/p>\n<h3>Kaivinkoneet<\/h3>\n<p>Puomin sylinteri mahdollistaa kaivinkoneen kauhan tehokkaan tunkeutumisen maaper\u00e4\u00e4n, mik\u00e4 mahdollistaa voimakkaat kaivuliikkeet. Sen hydrauliset ominaisuudet parantavat koneen yleist\u00e4 suorituskyky\u00e4, mik\u00e4 tekee siit\u00e4 elint\u00e4rke\u00e4n osan kaikissa kaivut\u00f6iss\u00e4.<\/p>\n<h3>Kuormaajat<\/h3>\n<p>Etukuormaajissa puomisylinterit auttavat materiaalien tehokkaassa nostamisessa ja tyhjent\u00e4misess\u00e4. Niiden kest\u00e4v\u00e4 rakenne varmistaa, ett\u00e4 raskaita kuormia voidaan k\u00e4sitell\u00e4 helposti, mik\u00e4 takaa saumattoman toiminnan materiaalink\u00e4sittelyteht\u00e4viss\u00e4.<\/p>\n<h2>Suunnittelun\u00e4k\u00f6kohdat<\/h2>\n<h3>Kantavuus<\/h3>\n<p>Puomisylinteri\u00e4 suunniteltaessa kuormituskapasiteetti on ratkaisevan t\u00e4rke\u00e4\u00e4. Sylinterin on kyett\u00e4v\u00e4 k\u00e4sittelem\u00e4\u00e4n koneiston nostaman tai siirt\u00e4m\u00e4n enimm\u00e4ispainon. Insin\u00f6\u00f6rit laskevat huolellisesti sylinterin mitat ja materiaalit varmistaakseen turvallisuuden ja tehokkuuden kuormituksen aikana.<\/p>\n<h3>Tiivistys<\/h3>\n<p>Tehokas tiivistys on ensiarvoisen t\u00e4rke\u00e4\u00e4 hydraulij\u00e4rjestelmiss\u00e4. Laadukkaat tiivisteet est\u00e4v\u00e4t hydraulinesteen vuodot, jotka voivat aiheuttaa suorituskykyongelmia ja heikent\u00e4\u00e4 tehokkuutta. Oikeiden tiivistemateriaalien, kuten polyuretaanin tai nitriilikumin, valinta on olennaista kest\u00e4vyyden ja kulumiskest\u00e4vyyden kannalta.<\/p>\n<h3>Kest\u00e4vyys<\/h3>\n<p>Kest\u00e4vyys on keskeinen tekij\u00e4 puomisylintereiden suunnittelussa. Niiden on kestett\u00e4v\u00e4 ankaria ty\u00f6ymp\u00e4rist\u00f6j\u00e4, kuten altistumista maaper\u00e4lle, vedelle ja vaihteleville l\u00e4mp\u00f6tiloille. Korroosionkest\u00e4vien materiaalien ja suojapinnoitteiden k\u00e4ytt\u00f6 pident\u00e4\u00e4 niiden k\u00e4ytt\u00f6ik\u00e4\u00e4.<\/p>\n<h3>Turvallisuus<\/h3>\n<p>Puomisylinterien suunnitteluun on integroitava turvaominaisuuksia vikojen est\u00e4miseksi k\u00e4yt\u00f6n aikana. N\u00e4ihin kuuluvat paineenalennusventtiilit ja kest\u00e4v\u00e4 rakenne odottamattomien kuormien tai iskujen k\u00e4sittelemiseksi.<\/p>\n<h3>Huolto Esteett\u00f6myys<\/h3>\n<p>Huollon huomioon ottaminen suunnittelussa on olennaista. Komponenttien tulee olla helposti saatavilla tarkastuksia, korjauksia ja vaihtoja varten, mik\u00e4 varmistaa, ett\u00e4 sylinteri\u00e4 voidaan huoltaa ilman merkitt\u00e4v\u00e4\u00e4 seisokkiaikaa.<\/p>\n<p><img decoding=\"async\" src=\"https:\/\/www.hydraulic-cylinders.net\/wp-content\/uploads\/2025\/04\/songte-oil-pipes-and-spare-parts.webp\" alt=\"\u00d6ljyputket ja varaosat -kuva\"><\/p>\n<h2>Tiivistys ja voitelu<\/h2>\n<p>Hydraulisylinterien eheys riippuu suuresti tehokkaasta tiivistyksest\u00e4 ja voitelusta. Erilaisia \u200b\u200btiivisteit\u00e4, kuten m\u00e4nn\u00e4ntiivisteit\u00e4 ja varren tiivisteit\u00e4, k\u00e4ytet\u00e4\u00e4n pit\u00e4m\u00e4\u00e4n hydraulineste sylinterin sis\u00e4ll\u00e4. Materiaaleja, kuten polyuretaania ja nitriilikumia, k\u00e4ytet\u00e4\u00e4n yleisesti niiden kest\u00e4vyyden ja kulumisenkest\u00e4vyyden vuoksi. Lis\u00e4ksi sylinterin runko ja kierteitetyt p\u00e4\u00e4typinnat koneistetaan tarkasti niiden kest\u00e4vyyden parantamiseksi.<\/p>\n<p>S\u00e4\u00e4nn\u00f6llinen voitelu hydrauliikka\u00f6ljyll\u00e4 on tarpeen liikkuvien osien v\u00e4lisen kitkan minimoimiseksi ja sujuvan toiminnan varmistamiseksi, mik\u00e4 pident\u00e4\u00e4 sylinterin k\u00e4ytt\u00f6ik\u00e4\u00e4. Asianmukaisen voitelun laiminly\u00f6nti voi johtaa hydrauliikkaj\u00e4rjestelm\u00e4n ennenaikaiseen kulumiseen ja mahdolliseen vikaantumiseen.<\/p>\n<h2>Ennaltaehk\u00e4isev\u00e4t huoltotoimenpiteet<\/h2>\n<ul>\n<li><strong>S\u00e4\u00e4nn\u00f6lliset tarkastukset:<\/strong> Tarkista s\u00e4\u00e4nn\u00f6llisesti sylinterin vuodot, kuluminen ja asianmukainen toiminta. Varhainen havaitseminen voi est\u00e4\u00e4 kalliita korjauksia.<\/li>\n<li><strong>Voitelu:<\/strong> Varmista, ett\u00e4 sylinteri voidellaan s\u00e4\u00e4nn\u00f6llisesti sujuvan toiminnan yll\u00e4pit\u00e4miseksi ja osien kulumisen v\u00e4hent\u00e4miseksi.<\/li>\n<li><strong>Tiivisteen vaihto:<\/strong> Vaihda tiivisteet tarvittaessa vuotojen est\u00e4miseksi ja hydraulij\u00e4rjestelm\u00e4n optimaalisen suorituskyvyn yll\u00e4pit\u00e4miseksi.<\/li>\n<\/ul>\n<h2>Asennusohjeet<\/h2>\n<p>Puomin sylinterin oikea asennus on ratkaisevan t\u00e4rke\u00e4\u00e4 optimaalisen suorituskyvyn saavuttamiseksi. Aloita varmistamalla, ett\u00e4 ty\u00f6alue on puhdas ja vapaa roskista. K\u00e4yt\u00e4 sopivia kiinnityskorvakkeita sylinterin kiinnitt\u00e4miseen paikalleen. Kohdista sylinteri tarkasti v\u00e4ltt\u00e4\u00e4ksesi virhekohdistuksen k\u00e4yt\u00f6n aikana.<\/p>\n<p>Noudata valmistajan ohjeita v\u00e4\u00e4nt\u00f6momenttien ja liit\u00e4nt\u00e4tyyppien suhteen. Varmista, ett\u00e4 kaikki hydrauliset liit\u00e4nn\u00e4t on kiinnitetty tiukasti ja ett\u00e4 ne eiv\u00e4t vuoda. Asennuksen j\u00e4lkeen suorita toimintatesti varmistaaksesi oikean toiminnan ennen laitteen uudelleen k\u00e4ytt\u00f6\u00f6nottoa. Tarkista asennus s\u00e4\u00e4nn\u00f6llisesti kulumisen tai l\u00f6ystymisen merkkien varalta turvallisuuden ja tehokkuuden yll\u00e4pit\u00e4miseksi.<\/p>\n<h2>Yleiset huoltoteht\u00e4v\u00e4t<\/h2>\n<h3>S\u00e4\u00e4nn\u00f6lliset tarkastukset<\/h3>\n<p>S\u00e4\u00e4nn\u00f6llisten tarkastusten suorittaminen on olennaista mahdollisten ongelmien tunnistamiseksi ennen kuin ne eskaloituvat merkitt\u00e4viksi ongelmiksi. Tarkista kulumisen merkit, vuodot ja asianmukainen toiminta. Varhainen havaitseminen voi auttaa yll\u00e4pit\u00e4m\u00e4\u00e4n tehokkuutta ja pident\u00e4\u00e4 tuotteen k\u00e4ytt\u00f6ik\u00e4\u00e4.<\/p>\n<h3>Asianmukainen voitelu<\/h3>\n<p>Oikean tyyppisen ja m\u00e4\u00e4r\u00e4n hydrauliikka\u00f6ljyn k\u00e4ytt\u00f6 on ratkaisevan t\u00e4rke\u00e4\u00e4 sylinterin suorituskyvyn yll\u00e4pit\u00e4miseksi. Riitt\u00e4m\u00e4t\u00f6n voitelu voi johtaa lis\u00e4\u00e4ntyneeseen kitkaan ja kulumiseen, mik\u00e4 johtaa ennenaikaiseen vikaantumiseen. Noudata valmistajan suosituksia voiteluv\u00e4leist\u00e4 ja \u00f6ljytyypist\u00e4.<\/p>\n<h3>Tiivisteiden vaihto ja kalibrointitarkastukset<\/h3>\n<p>Ajan my\u00f6t\u00e4 tiivisteet voivat kulua ja ne on vaihdettava vuotojen est\u00e4miseksi. S\u00e4\u00e4nn\u00f6lliset kalibrointitarkastukset varmistavat, ett\u00e4 hydrauliikkaj\u00e4rjestelm\u00e4t toimivat m\u00e4\u00e4ritettyjen parametrien mukaisesti ja yll\u00e4pit\u00e4v\u00e4t tehokkuutta ja turvallisuutta. Sylinterien oikea kohdistus on my\u00f6s ratkaisevan t\u00e4rke\u00e4\u00e4 vaurioiden est\u00e4miseksi ja sujuvan toiminnan varmistamiseksi.<\/p>\n<p><img decoding=\"async\" src=\"https:\/\/www.hydraulic-cylinders.net\/wp-content\/uploads\/2025\/04\/songte-chushion-collar.webp\" alt=\"Tyynykauluksen kuva\"><\/p>\n<h2>Turvallisuusn\u00e4k\u00f6kohdat ja ymp\u00e4rist\u00f6tekij\u00e4t<\/h2>\n<p>Hydraulisylinterien kanssa ty\u00f6skennelt\u00e4ess\u00e4 turvatoimenpiteiden on oltava etusijalla. Varmista, ett\u00e4 kaikki k\u00e4ytt\u00e4j\u00e4t ovat koulutettuja ja ymm\u00e4rt\u00e4v\u00e4t hydraulisiin laitteisiin liittyv\u00e4t riskit. K\u00e4yt\u00e4 henkil\u00f6nsuojaimia ja noudata turvallisuusprotokollia k\u00e4yt\u00f6n ja huollon aikana. Ymp\u00e4rist\u00f6tekij\u00e4t, kuten altistuminen ankarille olosuhteille, on my\u00f6s otettava huomioon, mik\u00e4 edellytt\u00e4\u00e4 sopivien materiaalien ja suojatoimenpiteiden valintaa sylinterin eheyden yll\u00e4pit\u00e4miseksi.<\/p>\n<h2>Vianm\u00e4\u00e4ritys ja yleiset ongelmat<\/h2>\n<ul>\n<li><strong>Vuoto:<\/strong> Usein kuluneiden tiivisteiden tai vaurioituneiden liitosten aiheuttama. S\u00e4\u00e4nn\u00f6llinen huolto voi auttaa havaitsemaan vuodot varhaisessa vaiheessa.<\/li>\n<li><strong>Huono suorituskyky:<\/strong> Voi viitata alhaiseen hydraulinesteen tasoon tai tukoksiin j\u00e4rjestelm\u00e4ss\u00e4. Varmista, ett\u00e4 nestetasot pysyv\u00e4t oikein, ja tarkista mahdolliset tukokset.<\/li>\n<li><strong>Ep\u00e4tavalliset \u00e4\u00e4net:<\/strong> Hankaavat tai sihisev\u00e4t \u00e4\u00e4net voivat olla merkkej\u00e4 kulumisesta tai ilmasta j\u00e4rjestelm\u00e4ss\u00e4. Tee perusteelliset tarkastukset \u00e4\u00e4nen l\u00e4hteen selvitt\u00e4miseksi.<\/li>\n<\/ul>\n<h2>Vianm\u00e4\u00e4ritysvinkkej\u00e4<\/h2>\n<p>Puomisylinterin ongelmien tehokas diagnosointi ja ratkaiseminen aloita tarkistamalla hydraulinesteen tasot ja varmistamalla, ettei j\u00e4rjestelm\u00e4ss\u00e4 ole vuotoja. Pid\u00e4 kirjaa ep\u00e4tavallisesta suorituskyvyst\u00e4 tunnistaaksesi kaavat, jotka voivat viitata tiettyihin ongelmiin. Huolla ja vaihda kuluneet osat s\u00e4\u00e4nn\u00f6llisesti ongelmien pahenemisen est\u00e4miseksi. K\u00e4yt\u00e4 ennakoivaa huoltoa seisokkiaikojen minimoimiseksi ja hydraulij\u00e4rjestelm\u00e4n k\u00e4ytt\u00f6i\u00e4n pident\u00e4miseksi.<\/p>\n<p><img decoding=\"async\" src=\"https:\/\/www.hydraulic-cylinders.net\/wp-content\/uploads\/2025\/04\/songte-bushings-with-all-kinds-of-excavator-models.webp\" alt=\"Holkit kaivinkonemallien kuvalla\"><\/p>\n<h2>Tietoa yrityksest\u00e4mme<\/h2>\n<p>Olemme johtava hydraulisylintereiden valmistaja ja tukkumyyj\u00e4, joka on sitoutunut toimittamaan korkealaatuisia tuotteita kotimaisille ja kansainv\u00e4lisille markkinoille. Yrityksemme pyrkii huippuosaamiseen noudattamalla huolellista valmistusstrategiaa ja hy\u00f6dynt\u00e4m\u00e4ll\u00e4 edistyneit\u00e4 tuotannonohjausk\u00e4yt\u00e4nt\u00f6j\u00e4. Keskittym\u00e4ll\u00e4 tekniseen asiantuntemukseen, huippuluokan valmistuslaitteisiin ja vankkaan testausj\u00e4rjestelm\u00e4\u00e4n parannamme jatkuvasti tuotantokapasiteettiamme.<\/p>\n<p>Monipuolinen tuotevalikoimamme vastaa asiakkaidemme erilaisiin tarpeisiin sitoutumisemme tehokkuuteen, tarkkuuteen ja laatuun ohjaamana. Tarjoamme my\u00f6s r\u00e4\u00e4t\u00e4l\u00f6ityj\u00e4 palveluita, jotka on r\u00e4\u00e4t\u00e4l\u00f6ity erityisvaatimuksiin varmistaen, ett\u00e4 asiakkaamme saavat ratkaisuja, jotka sopivat heid\u00e4n ainutlaatuisiin sovelluksiinsa.<\/p>\n<p>Ammattitaitomme, kansainv\u00e4listen sertifikaattien ja omistautuneen j\u00e4lkimarkkinointituen avulla pyrimme tarjoamaan poikkeuksellista palvelua ja tuotteita, jotka ylitt\u00e4v\u00e4t asiakkaiden odotukset.<\/p>\n<p><img decoding=\"async\" src=\"https:\/\/www.hydraulic-cylinders.net\/wp-content\/uploads\/2025\/04\/songte-company-4.webp\" alt=\"Yrityskuva 1\"><br \/>\n<img decoding=\"async\" src=\"https:\/\/www.hydraulic-cylinders.net\/wp-content\/uploads\/2025\/04\/songte-company-3.webp\" alt=\"Yrityskuva 2\"><\/p>\n<p>Kirjoittaja: lyl<\/p>","protected":false},"excerpt":{"rendered":"<p>Boom Cylinder For Sinomach ZG3235-9 Product Overview The Boom Cylinder for Sinomach ZG3235-9 is a crucial component designed to control the movement of heavy machinery buckets. Specifically, it is a hydraulic cylinder that enables the lifting, lowering, and tilting of the bucket in various applications, such as excavators, backhoe loaders, and front-end loaders. This hydraulic [&hellip;]<\/p>","protected":false},"featured_media":17876,"comment_status":"open","ping_status":"closed","template":"","meta":{"_et_pb_use_builder":"","_et_pb_old_content":"","_et_gb_content_width":""},"product_brand":[],"product_cat":[1546],"product_tag":[1547,1496],"class_list":{"0":"post-19703","1":"product","2":"type-product","3":"status-publish","4":"has-post-thumbnail","6":"product_cat-boom-cylinders","7":"product_tag-boom-cylinders","8":"product_tag-hydraulic-cylinders","10":"first","11":"instock","12":"shipping-taxable","13":"product-type-simple"},"amp_enabled":true,"_links":{"self":[{"href":"https:\/\/www.hydraulic-cylinders.net\/fi\/wp-json\/wp\/v2\/product\/19703","targetHints":{"allow":["GET"]}}],"collection":[{"href":"https:\/\/www.hydraulic-cylinders.net\/fi\/wp-json\/wp\/v2\/product"}],"about":[{"href":"https:\/\/www.hydraulic-cylinders.net\/fi\/wp-json\/wp\/v2\/types\/product"}],"replies":[{"embeddable":true,"href":"https:\/\/www.hydraulic-cylinders.net\/fi\/wp-json\/wp\/v2\/comments?post=19703"}],"wp:featuredmedia":[{"embeddable":true,"href":"https:\/\/www.hydraulic-cylinders.net\/fi\/wp-json\/wp\/v2\/media\/17876"}],"wp:attachment":[{"href":"https:\/\/www.hydraulic-cylinders.net\/fi\/wp-json\/wp\/v2\/media?parent=19703"}],"wp:term":[{"taxonomy":"product_brand","embeddable":true,"href":"https:\/\/www.hydraulic-cylinders.net\/fi\/wp-json\/wp\/v2\/product_brand?post=19703"},{"taxonomy":"product_cat","embeddable":true,"href":"https:\/\/www.hydraulic-cylinders.net\/fi\/wp-json\/wp\/v2\/product_cat?post=19703"},{"taxonomy":"product_tag","embeddable":true,"href":"https:\/\/www.hydraulic-cylinders.net\/fi\/wp-json\/wp\/v2\/product_tag?post=19703"}],"curies":[{"name":"wp","href":"https:\/\/api.w.org\/{rel}","templated":true}]}}