{"id":19706,"date":"2025-04-07T07:02:57","date_gmt":"2025-04-07T07:02:57","guid":{"rendered":"https:\/\/www.hydraulic-cylinders.net\/product\/boom-cylinder-for-hengte-ht85-8\/"},"modified":"2025-04-07T07:03:01","modified_gmt":"2025-04-07T07:03:01","slug":"boom-cylinder-for-hengte-ht85-8","status":"publish","type":"product","link":"https:\/\/www.hydraulic-cylinders.net\/fi\/tuote\/boom-cylinder-for-hengte-ht85-8\/","title":{"rendered":"Puomin sylinteri Hengte HT85-8:lle"},"content":{"rendered":"<h1>Puomin sylinteri Hengte HT85-8:lle<\/h1>\n<h2>Tuotteen yleiskatsaus<\/h2>\n<p>Hengte HT85-8:n puomin sylinteri on hydrauliikkaj\u00e4rjestelmien t\u00e4rke\u00e4 osa, joka on erityisesti suunniteltu parantamaan raskaiden koneiden toimivuutta. T\u00e4m\u00e4 hydraulisylinteri on t\u00e4rke\u00e4ss\u00e4 roolissa kauhojen liikkeen ohjaamisessa erilaisissa laitteissa, kuten kaivinkoneissa, kaivurikuormaajissa ja etukuormaajissa. Se mahdollistaa kauhan nostamisen, laskemisen ja kallistumisen, mik\u00e4 helpottaa tehokkaita materiaalink\u00e4sittelyteht\u00e4vi\u00e4.<\/p>\n<p><img decoding=\"async\" src=\"https:\/\/www.hydraulic-cylinders.net\/wp-content\/uploads\/2025\/04\/songte-company-1.webp\" alt=\"Hydraulisylinterin kuva\" \/><\/p>\n<h3>Kauhasylinterien m\u00e4\u00e4ritelm\u00e4 ja yleiskatsaus<\/h3>\n<p>Kauhasylinterit ovat erikoishydraulisylintereit\u00e4, joilla on t\u00e4rke\u00e4 rooli rakennus- ja maatalouskoneiden k\u00e4yt\u00f6ss\u00e4. Ne on suunniteltu kest\u00e4m\u00e4\u00e4n korkeita paineita ja tarjoamaan erinomaista suorituskyky\u00e4 vaativissa ymp\u00e4rist\u00f6iss\u00e4. N\u00e4iden sylinterien ensisijainen teht\u00e4v\u00e4 on manipuloida kauhan asentoa teht\u00e4vien, kuten kaivamisen, nostamisen ja materiaalien kippaamisen, suorittamiseksi.<\/p>\n<h2>Puomin sylinterin ominaisuudet<\/h2>\n<ul>\n<li><strong>Korkea lujuus ja kest\u00e4vyys:<\/strong> N\u00e4m\u00e4 sylinterit on valmistettu eritt\u00e4in lujasta ter\u00e4ksest\u00e4 tai alumiinista, ja ne kest\u00e4v\u00e4t merkitt\u00e4v\u00e4\u00e4 painetta ja raskaita kuormia, joten ne sopivat vaativiin ty\u00f6olosuhteisiin.<\/li>\n<li><strong>Tehokas hydraulinen k\u00e4ytt\u00f6:<\/strong> Ne hy\u00f6dynt\u00e4v\u00e4t hydrauli\u00f6ljynpainetta sujuvaan ojennukseen ja sis\u00e4\u00e4nvetoon, mik\u00e4 varmistaa nopean reagoinnin k\u00e4ytt\u00f6komentoihin ja tarjoaa tehokkaan nostokyvyn.<\/li>\n<li><strong>Erilaisia \u200b\u200btyyppej\u00e4:<\/strong> Kauhasylinterit ovat saatavilla yksi- ja kaksitoimisina kokoonpanoina, ja ne sopivat erilaisiin k\u00e4ytt\u00f6tarpeisiin. Joissakin malleissa on teleskooppirakenteiset mallit, jotka mahdollistavat pidemm\u00e4n ulottuvuuden ilman ulkomittojen kasvua.<\/li>\n<li><strong>Korroosionkest\u00e4vyys:<\/strong> Suunniteltu kulutusta ja korroosiota kest\u00e4vist\u00e4 materiaaleista, mik\u00e4 parantaa k\u00e4ytt\u00f6ik\u00e4\u00e4 erilaisissa ymp\u00e4rist\u00f6iss\u00e4.<\/li>\n<li><strong>Helppo huolto:<\/strong> N\u00e4m\u00e4 sylinterit on suunniteltu helppok\u00e4ytt\u00f6isiksi, mik\u00e4 varmistaa nopean huollon ja minimoi seisokkiajat.<\/li>\n<\/ul>\n<h3>Valmistuksen huippuosaaminen<\/h3>\n<p>Olemme erikoistuneet korkealaatuisten puomisylintereiden valmistukseen, jotka korvaavat t\u00e4ydellisesti markkinoilla olevat hydraulisylinterit.<\/p>\n<p><img decoding=\"async\" src=\"https:\/\/www.hydraulic-cylinders.net\/wp-content\/uploads\/2025\/04\/songte-cylinder-head-with-all-kinds-excavator-models.webp\" alt=\"Kaivinkonemallit\" \/><\/p>\n<h2>Puomisylinterien k\u00e4ytt\u00f6skenaariot<\/h2>\n<h3>Rakennuslaitteet<\/h3>\n<p>Rakennuskoneissa puomin sylinterit ovat kriittisi\u00e4 kaivinkoneissa, joissa niit\u00e4 k\u00e4ytet\u00e4\u00e4n kaivamiseen, lastaamiseen ja maan tai roskien siirt\u00e4miseen. Kaivurikuormaajissa ne auttavat sek\u00e4 kaivu- ett\u00e4 nostotoiminnoissa, mik\u00e4 mahdollistaa tehokkaan ty\u00f6maan hallinnan.<\/p>\n<h3>Maatalouskoneet<\/h3>\n<p>Etukuormaajissa puomin sylinterit ovat v\u00e4ltt\u00e4m\u00e4tt\u00f6mi\u00e4 maaper\u00e4n, hein\u00e4n ja muiden materiaalien kaivamiseen, nostamiseen ja kuljettamiseen, mik\u00e4 parantaa tuottavuutta niin maatiloilla kuin rakennusty\u00f6maillakin.<\/p>\n<h3>Kaivinkoneet<\/h3>\n<p>Kaivinkoneissa kauhan sylinteri mahdollistaa kauhan tunkeutumisen maaper\u00e4\u00e4n, mik\u00e4 parantaa kaivukyky\u00e4 ja koneen yleist\u00e4 suorituskyky\u00e4.<\/p>\n<h3>Kuormaajat<\/h3>\n<p>Etukuormaajissa puomin sylinterit helpottavat kuormien nostamista ja tyhjent\u00e4mist\u00e4 varmistaen materiaalien tehokkaan kuljetuksen erilaisissa sovelluksissa.<\/p>\n<h2>Suunnittelun\u00e4k\u00f6kohdat ja valintakriteerit<\/h2>\n<h3>Kantavuus<\/h3>\n<p>Kantavuus on kriittinen osa puomisylinterien suunnittelua. Sen on oltava riitt\u00e4v\u00e4 k\u00e4sittelem\u00e4\u00e4n laitteen k\u00e4yt\u00f6n aikana kohtaamaa enimm\u00e4ispainoa. Valmistajat toimittavat yleens\u00e4 eritelm\u00e4t, jotka osoittavat kuormitusrajat, joiden avulla k\u00e4ytt\u00e4j\u00e4t voivat valita koneisiinsa sopivat sylinterit. Riitt\u00e4m\u00e4tt\u00f6m\u00e4n kantokyvyn omaavan sylinterin valitseminen voi johtaa mahdollisiin vikoihin, jotka aiheuttavat riskej\u00e4 sek\u00e4 laitteille ett\u00e4 k\u00e4ytt\u00e4jille.<\/p>\n<h3>Tiivistyskyky<\/h3>\n<p>Tehokas tiivistys on v\u00e4ltt\u00e4m\u00e4t\u00f6nt\u00e4 hydraulisylinterien pitk\u00e4ik\u00e4isyyden ja tehokkuuden kannalta. Laadukkaat tiivisteet est\u00e4v\u00e4t nestevuodot ja kontaminaation varmistaen optimaalisen suorituskyvyn. Tiivistyskomponenttien s\u00e4\u00e4nn\u00f6lliset tarkastukset ovat v\u00e4ltt\u00e4m\u00e4tt\u00f6mi\u00e4 hydraulisen eheyden yll\u00e4pit\u00e4miseksi. Edistyneill\u00e4 tiivistystekniikoilla varustettujen sylinterien valitseminen voi merkitt\u00e4v\u00e4sti v\u00e4hent\u00e4\u00e4 huoltov\u00e4li\u00e4 ja pident\u00e4\u00e4 niiden kokonaisk\u00e4ytt\u00f6ik\u00e4\u00e4.<\/p>\n<h3>Kest\u00e4vyys<\/h3>\n<p>Kest\u00e4vyys on ensiarvoisen t\u00e4rke\u00e4\u00e4 ymp\u00e4rist\u00f6iss\u00e4, joissa hydraulisylinterit altistuvat \u00e4\u00e4rimm\u00e4isille olosuhteille. Sylinterin rakenteessa k\u00e4ytettyjen materiaalien tulee kest\u00e4\u00e4 kulumista, korroosiota ja v\u00e4symist\u00e4. Edistykselliset valmistustekniikat, kuten pintakarkaisu ja suojapinnoitteet, parantavat n\u00e4iden komponenttien kest\u00e4vyytt\u00e4, jolloin ne toimivat tasaisesti ajan kuluessa.<\/p>\n<h3>Turvaominaisuudet<\/h3>\n<p>Turvaominaisuuksien sis\u00e4llytt\u00e4minen hydraulisylintereihin on ratkaisevan t\u00e4rke\u00e4\u00e4 onnettomuuksien ja vammojen ehk\u00e4isemiseksi. N\u00e4ihin voivat kuulua paineenalennusventtiilit ja turvalukot, jotka varmistavat, ett\u00e4 laitteita voidaan k\u00e4ytt\u00e4\u00e4 turvallisesti erilaisissa olosuhteissa. K\u00e4ytt\u00e4jien tulisi etsi\u00e4 sylintereit\u00e4, jotka t\u00e4ytt\u00e4v\u00e4t kansainv\u00e4liset turvallisuusstandardit varmistaakseen vaatimustenmukaisuuden ja luotettavuuden.<\/p>\n<h3>Huolto Esteett\u00f6myys<\/h3>\n<p>Hydraulisylinterien suunnittelu helpoksi huollettaviksi on elint\u00e4rke\u00e4\u00e4 seisokkiaikojen v\u00e4hent\u00e4miseksi. Ominaisuudet, kuten helposti saavutettavat voitelupisteet, vaihdettavat tiivisteet ja selke\u00e4t huolto-ohjeet, voivat parantaa k\u00e4ytt\u00f6kokemusta ja toiminnan tehokkuutta. Valmistajien tulisi priorisoida malleja, jotka mahdollistavat suoraviivaiset tarkastukset ja korjaukset.<\/p>\n<p><img decoding=\"async\" src=\"https:\/\/www.hydraulic-cylinders.net\/wp-content\/uploads\/2025\/04\/songte-oil-pipes-and-spare-parts.webp\" alt=\"\u00d6ljyputket ja varaosat\" \/><\/p>\n<h2>Tiivistys ja voitelu<\/h2>\n<p>Tehokas tiivistys ja voitelu ovat ratkaisevan t\u00e4rkeit\u00e4 puomisylinterien suorituskyvylle. Vuotamattoman toiminnan varmistamiseksi k\u00e4ytet\u00e4\u00e4n erilaisia \u200b\u200btiivistyskomponentteja, kuten m\u00e4nn\u00e4ntiivisteit\u00e4 ja varren tiivisteit\u00e4. Kulutusta kest\u00e4vist\u00e4 materiaaleista, kuten polyuretaanista ja nitriilikumista, valmistetut tiivisteet parantavat merkitt\u00e4v\u00e4sti kest\u00e4vyytt\u00e4. Lis\u00e4ksi sylinterin ja kierteitettyjen p\u00e4\u00e4typintojen tulisi l\u00e4pik\u00e4yd\u00e4 tarkkuusk\u00e4sittely kulutuskest\u00e4vyyden parantamiseksi.<\/p>\n<p>S\u00e4\u00e4nn\u00f6llinen voitelu hydrauliikka\u00f6ljyll\u00e4 on v\u00e4ltt\u00e4m\u00e4t\u00f6nt\u00e4 kulumisen est\u00e4miseksi ja optimaalisen suorituskyvyn yll\u00e4pit\u00e4miseksi. K\u00e4ytt\u00e4j\u00e4n on varmistettava, ett\u00e4 k\u00e4ytet\u00e4\u00e4n oikeanlaista ja oikeanlaista hydrauliikka\u00f6ljy\u00e4, sill\u00e4 riitt\u00e4m\u00e4t\u00f6n voitelu voi johtaa hydrauliikkaj\u00e4rjestelm\u00e4n ennenaikaiseen kulumiseen ja vikaantumiseen.<\/p>\n<h2>Ennaltaehk\u00e4isev\u00e4t huoltotoimenpiteet<\/h2>\n<ul>\n<li><strong>S\u00e4\u00e4nn\u00f6lliset tarkastukset:<\/strong> Puomisylinterien s\u00e4\u00e4nn\u00f6lliset tarkastukset voivat auttaa tunnistamaan mahdolliset ongelmat ennen kuin ne pahenevat. Kuljettajien tulee tarkistaa vuodot, kuluminen tai vauriot rutiinihuollon yhteydess\u00e4.<\/li>\n<li><strong>Asianmukainen voitelu:<\/strong> Oikean voitelun yll\u00e4pit\u00e4minen on ratkaisevan t\u00e4rke\u00e4\u00e4 hydraulisylintereiden pitk\u00e4ik\u00e4isyyden kannalta. K\u00e4ytt\u00e4jien tulee noudattaa valmistajan ohjeita voitelutiheydest\u00e4 ja \u00f6ljytyypist\u00e4 optimaalisen suorituskyvyn varmistamiseksi.<\/li>\n<li><strong>Tiivisteen vaihto:<\/strong> Tiivisteet ovat kulutusosia, jotka on vaihdettava s\u00e4\u00e4nn\u00f6llisesti. Tiivisteiden tarkastaminen huoltotarkastusten aikana voi est\u00e4\u00e4 vuotoja ja suorituskykyongelmia.<\/li>\n<\/ul>\n<h2>Asennusohjeet<\/h2>\n<p>Puomisylinterien oikea asennus on ratkaisevan t\u00e4rke\u00e4\u00e4 niiden tehokkaan toiminnan kannalta. Varmista ensin, ett\u00e4 kiinnikkeet on kohdistettu oikein, jotta sylinteriin ei kohdistu tarpeetonta rasitusta k\u00e4yt\u00f6n aikana. K\u00e4yt\u00e4 sopivia ty\u00f6kaluja sylinterin kiinnitt\u00e4miseen paikalleen v\u00e4ltt\u00e4en liiallista kirist\u00e4mist\u00e4, joka voisi vaarantaa tiivisteiden eheyden.<\/p>\n<p>On my\u00f6s t\u00e4rke\u00e4\u00e4 varmistaa, ett\u00e4 hydrauliikkaletkut on kytketty oikein vuotojen est\u00e4miseksi. Asennuksen j\u00e4lkeen tarkista j\u00e4rjestelm\u00e4 varmistaaksesi, ettei nestevuotoja ole ja ett\u00e4 sylinteri toimii sujuvasti koko liikeradallaan. N\u00e4iden ohjeiden noudattaminen auttaa varmistamaan puomisylinterin luotettavuuden ja pitk\u00e4n k\u00e4ytt\u00f6i\u00e4n.<\/p>\n<h2>Huoltoteht\u00e4v\u00e4t<\/h2>\n<ul>\n<li><strong>S\u00e4\u00e4nn\u00f6lliset tarkastukset:<\/strong> S\u00e4\u00e4nn\u00f6lliset kulumisen ja vaurioiden tarkastukset voivat auttaa ehk\u00e4isem\u00e4\u00e4n vakavia vikoja. Etsi merkkej\u00e4 hydraulinesteen vuodoista, jotka viittaavat mahdollisiin ongelmiin tiivisteiss\u00e4 tai itse sylinteriss\u00e4.<\/li>\n<li><strong>Oikea voitelu:<\/strong> Riitt\u00e4v\u00e4 voitelu on v\u00e4ltt\u00e4m\u00e4t\u00f6nt\u00e4 kitkan ja kulumisen v\u00e4hent\u00e4miseksi. K\u00e4ytt\u00e4jien on varmistettava, ett\u00e4 sylinteri voidellaan valmistajan ohjeiden mukaisesti, mik\u00e4 voi sis\u00e4lt\u00e4\u00e4 tietyntyyppisten hydrauliikka\u00f6ljyjen k\u00e4yt\u00f6n.<\/li>\n<li><strong>Tiivisteen vaihto:<\/strong> Koska tiivisteet kuluvat ajan my\u00f6t\u00e4, ne tulee vaihtaa hydraulisen eheyden yll\u00e4pit\u00e4miseksi. Tarkista tiivisteet s\u00e4\u00e4nn\u00f6llisesti kulumisen varalta ja korjaa mahdolliset ongelmat viipym\u00e4tt\u00e4.<\/li>\n<\/ul>\n<p>Asennusprosessin aikana sylinterin oikea kohdistaminen on ensiarvoisen t\u00e4rke\u00e4\u00e4 toiminnan tehokkuuden varmistamiseksi. K\u00e4yt\u00e4 sopivia kiinnitystelineit\u00e4 vakauden varmistamiseksi ja varmista, ett\u00e4 hydrauliset liit\u00e4nn\u00e4t ovat tukevasti kiinni vuotojen est\u00e4miseksi. Suositeltujen tarkastus-, korjaus- ja vaihto-ohjeiden noudattaminen pident\u00e4\u00e4 puomin sylinterin k\u00e4ytt\u00f6ik\u00e4\u00e4.<\/p>\n<p><img decoding=\"async\" src=\"https:\/\/www.hydraulic-cylinders.net\/wp-content\/uploads\/2025\/04\/songte-chushion-collar.webp\" alt=\"Tyynykaulus\" \/><\/p>\n<h2>Turvallisuusn\u00e4k\u00f6kohdat ja ymp\u00e4rist\u00f6tekij\u00e4t<\/h2>\n<p>Hydraulisylintereit\u00e4 k\u00e4ytett\u00e4ess\u00e4 on eritt\u00e4in t\u00e4rke\u00e4\u00e4 noudattaa turvallisuustoimenpiteit\u00e4 onnettomuuksien v\u00e4ltt\u00e4miseksi. K\u00e4ytt\u00e4jien tulee olla koulutettuja hydraulisten koneiden turvalliseen k\u00e4ytt\u00f6\u00f6n ja ymm\u00e4rt\u00e4\u00e4 korkeapainej\u00e4rjestelmiin liittyv\u00e4t mahdolliset vaarat. S\u00e4\u00e4nn\u00f6llinen koulutus ja turvallisuusprotokollien noudattaminen voivat merkitt\u00e4v\u00e4sti v\u00e4hent\u00e4\u00e4 loukkaantumisriski\u00e4 ty\u00f6paikalla.<\/p>\n<h2>Vianm\u00e4\u00e4ritys ja yleiset ongelmat<\/h2>\n<ul>\n<li><strong>Vuoto-ongelmat:<\/strong> Hydrauli\u00f6ljyn vuodot voivat johtua kuluneista tiivisteist\u00e4 tai vaurioituneista osista. S\u00e4\u00e4nn\u00f6llisten tarkastusten tulisi keskitty\u00e4 vuotojen havaitsemiseen varhaisessa vaiheessa.<\/li>\n<li><strong>Hidas toiminta:<\/strong> Jos sylinteri reagoi hitaasti, se voi viitata alhaiseen hydraulinesteen tasoon tai tukoksiin hydrauliletkuissa. K\u00e4ytt\u00e4jien tulee tarkistaa nestetasot ja poistaa mahdolliset tukokset.<\/li>\n<li><strong>Ep\u00e4johdonmukainen suorituskyky:<\/strong> Suorituskyvyn vaihtelut voivat johtua j\u00e4rjestelm\u00e4\u00e4n j\u00e4\u00e4neest\u00e4 ilmasta tai hydrauliikkapumppujen toimintah\u00e4iri\u00f6ist\u00e4. On t\u00e4rke\u00e4\u00e4 ilmata j\u00e4rjestelm\u00e4 ja tarkistaa pumpun toiminta.<\/li>\n<\/ul>\n<p>Ongelmien tehokkaaseen diagnosointiin ja ratkaisemiseen k\u00e4ytt\u00e4jien tulisi noudattaa ennakoivaa l\u00e4hestymistapaa. Ennaltaehk\u00e4isevien toimenpiteiden ja s\u00e4\u00e4nn\u00f6llisen huollon toteuttaminen voi minimoida mahdolliset ongelmat ja varmistaa sujuvan toiminnan.<\/p>\n<p><img decoding=\"async\" src=\"https:\/\/www.hydraulic-cylinders.net\/wp-content\/uploads\/2025\/04\/songte-bushings-with-all-kinds-of-excavator-models.webp\" alt=\"Kaivinkonemallien holkit\" \/><\/p>\n<h2>Yrityksen yleiskatsaus<\/h2>\n<p>Olemme johtava hydraulisylintereiden valmistaja ja tukkumyyj\u00e4, joka on erikoistunut erilaisten sovellusten varaosiin. Kattava tuotevalikoimamme tekee meist\u00e4 merkitt\u00e4v\u00e4n toimijan sek\u00e4 kotimaisilla ett\u00e4 kansainv\u00e4lisill\u00e4 markkinoilla. Olemme sitoutuneet huippuosaamiseen ja k\u00e4yt\u00e4mme hienostunutta valmistusstrategiaa, johon kuuluvat edistyneet koneet, ammattitaitoinen tekninen henkil\u00f6st\u00f6 ja tiukat laadunvalvontaj\u00e4rjestelm\u00e4t.<\/p>\n<p>Keskittymisemme tehokkuuteen, tarkkuuteen ja laatuun mahdollistaa sen, ett\u00e4 pystymme vastaamaan monipuolisiin asiakastarpeisiin tehokkaasti. Tarjoamme r\u00e4\u00e4t\u00e4l\u00f6ityj\u00e4 palveluita, jotka on r\u00e4\u00e4t\u00e4l\u00f6ity erityisvaatimuksiin, ja varmistamme, ett\u00e4 tuotteemme t\u00e4ytt\u00e4v\u00e4t kansainv\u00e4liset sertifiointistandardit, mik\u00e4 takaa luotettavuuden ja suorituskyvyn.<\/p>\n<p><img decoding=\"async\" src=\"https:\/\/www.hydraulic-cylinders.net\/wp-content\/uploads\/2025\/04\/songte-company-4.webp\" alt=\"Yrityksen imago\" \/><br \/>\n<img decoding=\"async\" src=\"https:\/\/www.hydraulic-cylinders.net\/wp-content\/uploads\/2025\/04\/songte-company-3.webp\" alt=\"Yrityksen imago\" \/><\/p>\n<p>Kirjoittaja: lyl<\/p>","protected":false},"excerpt":{"rendered":"<p>Boom Cylinder For Hengte HT85-8 Product Overview The Boom Cylinder for Hengte HT85-8 is a crucial component in hydraulic systems, specifically designed to enhance the functionality of heavy machinery. This hydraulic cylinder is instrumental in controlling the movement of buckets in various types of equipment such as excavators, backhoe loaders, and front loaders. It allows [&hellip;]<\/p>","protected":false},"featured_media":17879,"comment_status":"open","ping_status":"closed","template":"","meta":{"_et_pb_use_builder":"","_et_pb_old_content":"","_et_gb_content_width":""},"product_brand":[],"product_cat":[1546],"product_tag":[1547,1496],"class_list":{"0":"post-19706","1":"product","2":"type-product","3":"status-publish","4":"has-post-thumbnail","6":"product_cat-boom-cylinders","7":"product_tag-boom-cylinders","8":"product_tag-hydraulic-cylinders","10":"first","11":"instock","12":"shipping-taxable","13":"product-type-simple"},"amp_enabled":true,"_links":{"self":[{"href":"https:\/\/www.hydraulic-cylinders.net\/fi\/wp-json\/wp\/v2\/product\/19706","targetHints":{"allow":["GET"]}}],"collection":[{"href":"https:\/\/www.hydraulic-cylinders.net\/fi\/wp-json\/wp\/v2\/product"}],"about":[{"href":"https:\/\/www.hydraulic-cylinders.net\/fi\/wp-json\/wp\/v2\/types\/product"}],"replies":[{"embeddable":true,"href":"https:\/\/www.hydraulic-cylinders.net\/fi\/wp-json\/wp\/v2\/comments?post=19706"}],"wp:featuredmedia":[{"embeddable":true,"href":"https:\/\/www.hydraulic-cylinders.net\/fi\/wp-json\/wp\/v2\/media\/17879"}],"wp:attachment":[{"href":"https:\/\/www.hydraulic-cylinders.net\/fi\/wp-json\/wp\/v2\/media?parent=19706"}],"wp:term":[{"taxonomy":"product_brand","embeddable":true,"href":"https:\/\/www.hydraulic-cylinders.net\/fi\/wp-json\/wp\/v2\/product_brand?post=19706"},{"taxonomy":"product_cat","embeddable":true,"href":"https:\/\/www.hydraulic-cylinders.net\/fi\/wp-json\/wp\/v2\/product_cat?post=19706"},{"taxonomy":"product_tag","embeddable":true,"href":"https:\/\/www.hydraulic-cylinders.net\/fi\/wp-json\/wp\/v2\/product_tag?post=19706"}],"curies":[{"name":"wp","href":"https:\/\/api.w.org\/{rel}","templated":true}]}}