{"id":19709,"date":"2025-04-07T07:03:08","date_gmt":"2025-04-07T07:03:08","guid":{"rendered":"https:\/\/www.hydraulic-cylinders.net\/product\/boom-cylinder-for-hengte-wheel-excavator-htl60\/"},"modified":"2025-04-07T07:03:11","modified_gmt":"2025-04-07T07:03:11","slug":"boom-cylinder-for-hengte-wheel-excavator-htl60","status":"publish","type":"product","link":"https:\/\/www.hydraulic-cylinders.net\/fi\/tuote\/boom-cylinder-for-hengte-wheel-excavator-htl60\/","title":{"rendered":"Hengte-py\u00f6r\u00e4kaivinkoneen HTL60 puomin sylinteri"},"content":{"rendered":"<h1>Hengte-py\u00f6r\u00e4kaivinkoneen HTL60 puomin sylinteri<\/h1>\n<h2>Tuotteen yleiskatsaus<\/h2>\n<p>Hengte-py\u00f6r\u00e4kaivukoneen HTL60 puomin sylinteri on olennainen hydrauliikkakomponentti, joka on erityisesti suunniteltu ohjaamaan puomin liikett\u00e4 raskaissa koneissa. Hydraulisylinterin\u00e4 sill\u00e4 on ratkaiseva rooli kaivinkoneiden, kaivurikuormaajien ja etukuormaajien hydraulij\u00e4rjestelm\u00e4ss\u00e4. T\u00e4m\u00e4 sylinteri mahdollistaa puomin nostamisen, laskemisen ja kallistuksen, mik\u00e4 helpottaa tehokasta materiaalink\u00e4sittely\u00e4. Puomin sylinteri toimii korkean paineen alaisena, mink\u00e4 ansiosta se voi suorittaa erilaisia \u200b\u200bnosto- ja kaivutoimintoja, mik\u00e4 tekee siit\u00e4 v\u00e4ltt\u00e4m\u00e4tt\u00f6m\u00e4n rakennus- ja kaivut\u00f6iss\u00e4.<\/p>\n<p><img decoding=\"async\" src=\"https:\/\/www.hydraulic-cylinders.net\/wp-content\/uploads\/2025\/04\/songte-company-1.webp\" alt=\"Puomin sylinteri\"><\/p>\n<h2>T\u00e4rkeimm\u00e4t ominaisuudet<\/h2>\n<ul>\n<li>\n<h3>Korkea lujuus ja kest\u00e4vyys<\/h3>\n<p> Puomin sylinteri on tyypillisesti valmistettu eritt\u00e4in lujasta ter\u00e4ksest\u00e4 tai alumiinista, ja se on suunniteltu kest\u00e4m\u00e4\u00e4n suurta painetta ja raskaita kuormia. Sen suunnittelussa on otettu huomioon kulutuskest\u00e4vyys ja korroosionkest\u00e4vyys, mik\u00e4 pident\u00e4\u00e4 sen k\u00e4ytt\u00f6ik\u00e4\u00e4 ankarissa ty\u00f6olosuhteissa.<\/li>\n<li>\n<h3>Tehokas hydraulinen k\u00e4ytt\u00f6<\/h3>\n<p> Hydrauli\u00f6ljyn painetta hy\u00f6dynt\u00e4v\u00e4 puomin sylinteri mahdollistaa sujuvat teleskooppiliikkeet. Se reagoi nopeasti ohjauskomentoihin ja tarjoaa merkitt\u00e4v\u00e4\u00e4 ty\u00f6nt\u00f6- ja vetovoimaa, joten se soveltuu raskaiden kuormien k\u00e4sittelyyn ja monimutkaisiin teht\u00e4viin.<\/li>\n<li>\n<h3>Erilaiset tyypit<\/h3>\n<p> K\u00e4ytt\u00e4j\u00e4t voivat valita yksitoimisen (k\u00e4ytt\u00e4\u00e4 hydraulipainetta yhteen suuntaan) tai kaksitoimisen (k\u00e4ytt\u00e4\u00e4 hydraulipainetta molempiin suuntiin) sylinterin k\u00e4ytt\u00f6tarpeidensa mukaan. Jotkut mallit ovat teleskooppisia, mik\u00e4 mahdollistaa suuremman jatkeen ilman ulkomittojen kasvua, mik\u00e4 sopii erinomaisesti ahtaisiin sovelluksiin.<\/li>\n<li>\n<h3>Mukautettu tuotanto<\/h3>\n<p> Tarjoamme t\u00e4m\u00e4n tuotteen valmistusmahdollisuuksia, mik\u00e4 varmistaa, ett\u00e4 sylinterimme voivat t\u00e4ydellisesti korvata olemassa olevat hydraulisylinterit suorituskyky\u00e4 vaarantamatta.<\/li>\n<li>\n<h3>Sovelluksen joustavuus<\/h3>\n<p> Puomin sylinterin rakenne soveltuu erilaisiin k\u00e4ytt\u00f6tarkoituksiin ja tarjoaa monipuolisuutta erityyppisiss\u00e4 koneissa.<\/li>\n<\/ul>\n<p><img decoding=\"async\" src=\"https:\/\/www.hydraulic-cylinders.net\/wp-content\/uploads\/2025\/04\/songte-cylinder-head-with-all-kinds-excavator-models.webp\" alt=\"Kaivinkonemallit\"><\/p>\n<h2>Sovellusskenaariot<\/h2>\n<ul>\n<li>\n<h3>Rakennuslaitteet<\/h3>\n<p> Kaivinkoneissa puomisylinterit ovat ratkaisevan t\u00e4rkeit\u00e4 kaivamisessa, lastaamisessa ja maaper\u00e4n tai roskien siirt\u00e4misess\u00e4. Ne tarjoavat tarvittavan voiman puomin tehokkaaseen nostamiseen ja laskemiseen, mik\u00e4 lis\u00e4\u00e4 tuottavuutta ty\u00f6maalla. Puomisylinterien integrointi kaivurikuormaajiin helpottaa sek\u00e4 kaivu- ett\u00e4 nostotoimintoja, mik\u00e4 mahdollistaa monipuolisen suorituskyvyn erilaisissa rakennusteht\u00e4viss\u00e4.<\/li>\n<li>\n<h3>Maatalouskoneet<\/h3>\n<p> Etukuormaajissa n\u00e4m\u00e4 sylinterit vastaavat maaper\u00e4n, hein\u00e4n ja muiden materiaalien kauhaamisesta, nostamisesta ja kuljettamisesta. Niiden kyky k\u00e4ytt\u00e4\u00e4 merkitt\u00e4v\u00e4\u00e4 nostovoimaa on elint\u00e4rke\u00e4\u00e4 tehokkaan toiminnan kannalta, sill\u00e4 se v\u00e4hent\u00e4\u00e4 maatalousteht\u00e4viin tarvittavaa aikaa ja ty\u00f6voimaa.<\/li>\n<li>\n<h3>Kaivinkoneet<\/h3>\n<p> Puomin sylinteri mahdollistaa kauhan tehokkaan tunkeutumisen maahan ja muuntaa potentiaalienergian kineettiseksi energiaksi kaivamista varten. Sen rakenne varmistaa, ett\u00e4 puomi voi laajentua ja supistua tasaisesti, mik\u00e4 maksimoi toiminnan tehokkuuden ja minimoi kulumisen.<\/li>\n<li>\n<h3>Kuormaajat<\/h3>\n<p> Etukuormaajissa puomisylinterit mahdollistavat kuormien tehokkaan nostamisen ja tyhjent\u00e4misen. Niiden luotettava suorituskyky varmistaa, ett\u00e4 materiaaleja voidaan siirt\u00e4\u00e4 nopeasti ja tehokkaasti, mik\u00e4 on olennaista tuottavuuden yll\u00e4pit\u00e4miseksi erilaisissa sovelluksissa.<\/li>\n<\/ul>\n<h2>Suunnittelun\u00e4k\u00f6kohdat<\/h2>\n<ul>\n<li>\n<h3>Kantavuus<\/h3>\n<p> Puomin sylinterin kuormituskapasiteetti on suunnittelussa olennainen seikka. Se on suunniteltava kest\u00e4m\u00e4\u00e4n k\u00e4yt\u00f6n aikana odotettavissa oleva enimm\u00e4iskuorma ilman vikaantumista. T\u00e4m\u00e4 edellytt\u00e4\u00e4 oikeiden materiaalien ja rakennustekniikoiden valintaa lujuuden ja joustavuuden varmistamiseksi. Kapasiteetti sanelee my\u00f6s hydraulij\u00e4rjestelm\u00e4n koon ja painevaatimukset. Huolelliset laskelmat suunnitteluvaiheessa varmistavat optimaalisen suorituskyvyn ja turvallisuuden raskaissa sovelluksissa.<\/h3>\n<\/li>\n<li>\n<h3>Tiivisteen laatu<\/h3>\n<p> Tehokas tiivistys on ratkaisevan t\u00e4rke\u00e4\u00e4 hydraulinesteen vuotojen est\u00e4miseksi ja paineen yll\u00e4pit\u00e4miseksi sylinteriss\u00e4. Korkealaatuisten tiivistemateriaalien, kuten polyuretaanin ja nitriilikumin, k\u00e4ytt\u00f6 on olennaista kest\u00e4vyyden ja suorituskyvyn kannalta. Tiivisteiden suunnittelun on mukauduttava sylinterin dynaamisiin liikkeisiin samalla, kun ne kest\u00e4v\u00e4t kulumista ja ymp\u00e4rist\u00f6tekij\u00f6it\u00e4. S\u00e4\u00e4nn\u00f6llinen huolto ja oikeanlainen tiivisteiden valinta ovat elint\u00e4rkeit\u00e4 sylinterin k\u00e4ytt\u00f6i\u00e4n pident\u00e4miseksi.<\/h3>\n<\/li>\n<li>\n<h3>Kest\u00e4vyys<\/h3>\n<p> Kest\u00e4vyys on ensiarvoisen t\u00e4rke\u00e4\u00e4 puomisylintereiden suunnittelussa, erityisesti vaativissa ty\u00f6ymp\u00e4rist\u00f6iss\u00e4. K\u00e4ytettyjen materiaalien on kestett\u00e4v\u00e4 erilaisia \u200b\u200brasituksia, kuten \u00e4\u00e4rimm\u00e4isi\u00e4 l\u00e4mp\u00f6tiloja, kosteutta ja hankaavia materiaaleja. My\u00f6s korroosionkest\u00e4vyys on ratkaisevan t\u00e4rke\u00e4\u00e4; siksi pintak\u00e4sittelyj\u00e4 ja pinnoitteita k\u00e4ytet\u00e4\u00e4n usein pitk\u00e4ik\u00e4isyyden parantamiseksi. Kest\u00e4v\u00e4 rakenne v\u00e4hent\u00e4\u00e4 vaihtojen ja korjausten tiheytt\u00e4, mik\u00e4 s\u00e4\u00e4st\u00e4\u00e4 sek\u00e4 aikaa ett\u00e4 rahaa kuljettajalle.<\/h3>\n<\/li>\n<li>\n<h3>Turvaominaisuudet<\/h3>\n<p> Puomisylinterien suunnittelussa on turvaominaisuuksia, jotka varmistavat k\u00e4ytt\u00e4jien ja laitteiden suojauksen. N\u00e4it\u00e4 voivat olla ylikuormituksen est\u00e4miseksi tarkoitetut paineenalennusventtiilit ja puomin vakauttamiseksi tarkoitetut turvalukitusmekanismit, kun sit\u00e4 ei k\u00e4ytet\u00e4. Kest\u00e4v\u00e4 turvarakenne ei ainoastaan \u200b\u200bparanna ty\u00f6ntekij\u00f6iden turvallisuutta, vaan my\u00f6s est\u00e4\u00e4 koneiden vahingossa tapahtuvat vauriot. Kansainv\u00e4listen turvallisuusstandardien noudattaminen on ratkaisevan t\u00e4rke\u00e4\u00e4 suunnitteluprosessissa.<\/h3>\n<\/li>\n<li>\n<h3>Huolto ja huollettavuus<\/h3>\n<p> Huollon helppous suunnittelussa on kriittisen t\u00e4rke\u00e4\u00e4. Osien tulisi olla helposti saatavilla tarkastusta, korjausta tai vaihtoa varten ilman laajaa purkamista. T\u00e4m\u00e4 suunnittelufilosofia virtaviivaistaa huoltotoimenpiteit\u00e4, mik\u00e4 v\u00e4hent\u00e4\u00e4 seisokkiaikoja ja k\u00e4ytt\u00f6kustannuksia. Lis\u00e4ksi sylinterin mukana tulisi olla dokumentaatio, jossa esitet\u00e4\u00e4n huolto-ohjelmat ja -menettelyt tehokkaan huollon helpottamiseksi.<\/h3>\n<\/li>\n<\/ul>\n<p><img decoding=\"async\" src=\"https:\/\/www.hydraulic-cylinders.net\/wp-content\/uploads\/2025\/04\/songte-oil-pipes-and-spare-parts.webp\" alt=\"Varaosat\"><\/p>\n<h2>Tiivistys ja voitelu<\/h2>\n<p>Puomisylinterien tiivistys ja voitelu ovat elint\u00e4rkeit\u00e4 optimaalisen suorituskyvyn ja pitk\u00e4ik\u00e4isyyden varmistamiseksi. Erilaisia \u200b\u200btiivisteit\u00e4, kuten m\u00e4nn\u00e4ntiivisteit\u00e4 ja varren tiivisteit\u00e4, k\u00e4ytet\u00e4\u00e4n est\u00e4m\u00e4\u00e4n hydraulinesteen vuotoja. Kest\u00e4vien materiaalien, kuten polyuretaanin ja nitriilikumin, valinta tiivisteisiin parantaa kulutuskest\u00e4vyytt\u00e4 ja pident\u00e4\u00e4 niiden k\u00e4ytt\u00f6ik\u00e4\u00e4. Lis\u00e4ksi sylinterin runko ja kierteitetyt p\u00e4\u00e4t koneistetaan tarkasti kulutuskest\u00e4vyyden parantamiseksi. S\u00e4\u00e4nn\u00f6llinen huolto, johon kuuluu sylinterin asianmukainen voitelu hydrauli\u00f6ljyll\u00e4, on v\u00e4ltt\u00e4m\u00e4t\u00f6nt\u00e4 kitkan minimoimiseksi, ylikuumenemisen est\u00e4miseksi ja sujuvan toiminnan varmistamiseksi. T\u00e4m\u00e4 s\u00e4\u00e4nn\u00f6llinen voitelu ei ainoastaan \u200b\u200bparanna suorituskyky\u00e4, vaan my\u00f6s suojaa sis\u00e4isi\u00e4 komponentteja ennenaikaiselta kulumiselta, mik\u00e4 tekee siit\u00e4 olennaisen puomisylinterin pitk\u00e4aikaisen toiminnan kannalta.<\/p>\n<h2>Ennaltaehk\u00e4isev\u00e4t huoltotoimenpiteet<\/h2>\n<ul>\n<li>\n<h3>S\u00e4\u00e4nn\u00f6lliset tarkastukset<\/h3>\n<p> S\u00e4\u00e4nn\u00f6llisten tarkastusten suorittaminen on ratkaisevan t\u00e4rke\u00e4\u00e4 kulumisen tai vaurioiden merkkien havaitsemiseksi varhaisessa vaiheessa. Tarkista vuodot, halkeamat ja ep\u00e4normaalit \u00e4\u00e4net k\u00e4yt\u00f6n aikana. Ongelmien oikea-aikainen havaitseminen mahdollistaa nopeat korjaukset, est\u00e4\u00e4 lis\u00e4vauriot ja varmistaa k\u00e4ytt\u00f6turvallisuuden.<\/h3>\n<\/li>\n<li>\n<h3>Asianmukainen voitelu<\/h3>\n<p> Puomin sylinterin riitt\u00e4v\u00e4 voitelu auttaa v\u00e4hent\u00e4m\u00e4\u00e4n kitkaa ja kulumista. K\u00e4yt\u00e4 suositeltua hydrauliikka\u00f6ljy\u00e4 ja noudata voiteluaikataulua. Oikea voitelu parantaa suorituskyky\u00e4 ja minimoi ylikuumenemisriskin, mik\u00e4 pident\u00e4\u00e4 sylinterin k\u00e4ytt\u00f6ik\u00e4\u00e4.<\/h3>\n<\/li>\n<li>\n<h3>Tiivisteen vaihto<\/h3>\n<p> Tarkista tiivisteiden kunto s\u00e4\u00e4nn\u00f6llisesti ja vaihda ne tarvittaessa hydrauli\u00f6ljyn vuotojen est\u00e4miseksi. Kuluneet tiivisteet voivat johtaa tehokkuuden laskuun ja k\u00e4ytt\u00f6kustannusten nousuun. K\u00e4ytt\u00f6\u00f6n perustuvan tiivisteiden vaihtoaikataulun toteuttaminen voi auttaa yll\u00e4pit\u00e4m\u00e4\u00e4n sylinterin eheytt\u00e4 ja suorituskyky\u00e4.<\/h3>\n<\/li>\n<\/ul>\n<h2>Oikeat asennusohjeet<\/h2>\n<p>Puomisylinterin asianmukainen asennus on ratkaisevan t\u00e4rke\u00e4\u00e4 sen toimivuuden ja pitk\u00e4n k\u00e4ytt\u00f6i\u00e4n varmistamiseksi. Aloita valmistelemalla puhdas ja vakaa ty\u00f6ymp\u00e4rist\u00f6 kontaminaation est\u00e4miseksi. Kohdista sylinteri oikein asennuksen aikana varmistaaksesi, ett\u00e4 se toimii sujuvasti ja ilman kohtuutonta rasitusta. On suositeltavaa k\u00e4ytt\u00e4\u00e4 sopivia kiinnityskorvakkeita sylinterin kiinnitt\u00e4miseksi paikalleen, mik\u00e4 est\u00e4\u00e4 virheellisen kohdistuksen, joka voi johtaa ennenaikaiseen kulumiseen tai rikkoutumiseen.<\/p>\n<p>Ennen pulttien kirist\u00e4mist\u00e4 tarkista kaikkien osien kohdistus varmistaaksesi, ett\u00e4 ne ovat oikeassa asennossa. Noudata valmistajan v\u00e4\u00e4nt\u00f6momenttiohjeita v\u00e4ltt\u00e4\u00e4ksesi ylikirist\u00e4mist\u00e4, joka voi vahingoittaa sylinteri\u00e4. Asennuksen j\u00e4lkeen suorita perusteellinen toimintatesti varmistaaksesi, ett\u00e4 sylinteri toimii oikein ilman vuotoja tai ep\u00e4normaaleja \u00e4\u00e4ni\u00e4. Tarkkaile asennuksen eheytt\u00e4 s\u00e4\u00e4nn\u00f6llisesti ja korjaa mahdolliset ongelmat viipym\u00e4tt\u00e4 optimaalisen suorituskyvyn yll\u00e4pit\u00e4miseksi.<\/p>\n<h2>Yleiset huoltoteht\u00e4v\u00e4t<\/h2>\n<ul>\n<li>\n<h3>S\u00e4\u00e4nn\u00f6lliset tarkastukset<\/h3>\n<p> Puomin sylinterin s\u00e4\u00e4nn\u00f6lliset tarkastukset ovat v\u00e4ltt\u00e4m\u00e4tt\u00f6mi\u00e4. Tarkista vuodot, korroosio tai muut kulumisen merkit. Ongelmien varhainen havaitseminen mahdollistaa oikea-aikaiset korjaukset tai vaihdot, mik\u00e4 pident\u00e4\u00e4 lopulta sylinterin k\u00e4ytt\u00f6ik\u00e4\u00e4.<\/h3>\n<\/li>\n<li>\n<h3>Oikea voitelu<\/h3>\n<p> Varmista, ett\u00e4 sylinteri on voideltu valmistajan suositusten mukaisesti. Riitt\u00e4v\u00e4 voitelu minimoi kitkan ja est\u00e4\u00e4 liiallisen kulumisen, joka voi johtaa sylinterin rikkoutumiseen. S\u00e4\u00e4nn\u00f6llinen voitelu on ratkaisevan t\u00e4rke\u00e4\u00e4 toiminnan tehokkuuden yll\u00e4pit\u00e4miseksi.<\/h3>\n<\/li>\n<li>\n<h3>Tiivisteiden vaihto ja kalibrointitarkastukset<\/h3>\n<p> Vaihda kuluneet tiivisteet s\u00e4\u00e4nn\u00f6llisesti hydrauli\u00f6ljyn vuotojen est\u00e4miseksi. Kalibrointitarkastukset varmistavat, ett\u00e4 sylinteri toimii m\u00e4\u00e4ritettyjen parametrien mukaisesti, mik\u00e4 parantaa sen suorituskyky\u00e4 ja luotettavuutta. T\u00e4m\u00e4 huoltoteht\u00e4v\u00e4 on elint\u00e4rke\u00e4 turvallisuuden ja tehokkuuden kannalta.<\/h3>\n<\/li>\n<\/ul>\n<p><img decoding=\"async\" src=\"https:\/\/www.hydraulic-cylinders.net\/wp-content\/uploads\/2025\/04\/songte-chushion-collar.webp\" alt=\"Tyynykaulus\"><\/p>\n<h2>Turvallisuus- ja ymp\u00e4rist\u00f6n\u00e4k\u00f6kohdat<\/h2>\n<p>Hydraulisylinterien kanssa ty\u00f6skennelt\u00e4ess\u00e4 on ensiarvoisen t\u00e4rke\u00e4\u00e4 toteuttaa turvatoimenpiteit\u00e4 sek\u00e4 henkil\u00f6st\u00f6n ett\u00e4 ymp\u00e4rist\u00f6n suojelemiseksi. Noudata aina asianmukaisia \u200b\u200bturvallisuusprotokollia k\u00e4ytt\u00e4ess\u00e4si hydrauliikkaj\u00e4rjestelmill\u00e4 varustettuja laitteita. Varmista, ett\u00e4 k\u00e4ytt\u00e4j\u00e4t ovat koulutettuja k\u00e4sittelem\u00e4\u00e4n mahdollisia h\u00e4t\u00e4tilanteita, kuten hydraulinestevuotoja, jotka voivat aiheuttaa riskej\u00e4 sek\u00e4 terveydelle ett\u00e4 ymp\u00e4rist\u00f6lle. Ymp\u00e4rist\u00f6yst\u00e4v\u00e4llisten hydraulinesteiden k\u00e4ytt\u00f6 voi my\u00f6s lievent\u00e4\u00e4 vuotojen vaikutusta ymp\u00e4r\u00f6iviin ekosysteemeihin. S\u00e4\u00e4nn\u00f6llisi\u00e4 turvallisuustarkastuksia tulisi suorittaa turvatoimenpiteiden tehokkuuden ja m\u00e4\u00e4r\u00e4ysten noudattamisen arvioimiseksi.<\/p>\n<h2>Yleisten ongelmien vianm\u00e4\u00e4ritys<\/h2>\n<ul>\n<li>\n<h3>Nestevuoto<\/h3>\n<p> Yksi yleisimmist\u00e4 puomisylintereiden ongelmista on nestevuoto. T\u00e4m\u00e4 voi johtua kuluneista tiivisteist\u00e4 tai v\u00e4\u00e4rin asennetuista osista. Tarkista tiivisteiden kuluminen s\u00e4\u00e4nn\u00f6llisesti ja vaihda ne tarvittaessa. Varmista oikea kohdistus ja kirist\u00e4 liittimet vuotojen est\u00e4miseksi.<\/h3>\n<\/li>\n<li>\n<h3>Hidas vasteaika<\/h3>\n<p> Jos puomin sylinteri reagoi hitaasti, se voi viitata alhaiseen hydrauliikka\u00f6ljyn tasoon tai ilmaan j\u00e4rjestelm\u00e4ss\u00e4. Tarkista \u00f6ljyn m\u00e4\u00e4r\u00e4 ja lis\u00e4\u00e4 tarvittaessa. Ilmaa j\u00e4rjestelm\u00e4 poistaaksesi mahdolliset ilmat optimaalisen suorituskyvyn saavuttamiseksi.<\/h3>\n<\/li>\n<li>\n<h3>Ep\u00e4tavalliset \u00e4\u00e4net<\/h3>\n<p> Ep\u00e4tavalliset \u00e4\u00e4net k\u00e4yt\u00f6n aikana voivat olla merkki mahdollisista ongelmista, kuten riitt\u00e4m\u00e4tt\u00f6m\u00e4st\u00e4 voitelusta tai vaurioituneista osista. Tarkista sylinteri ja sit\u00e4 ymp\u00e4r\u00f6iv\u00e4t osat kulumisen tai vaurioiden varalta. Varmista oikea voitelutaso ja k\u00e4yt\u00e4 suositeltua hydrauliikka\u00f6ljy\u00e4 kitkan v\u00e4hent\u00e4miseksi.<\/h3>\n<\/li>\n<\/ul>\n<p>Ennaltaehk\u00e4isevien toimenpiteiden toteuttaminen voi merkitt\u00e4v\u00e4sti v\u00e4hent\u00e4\u00e4 n\u00e4iden ongelmien esiintymist\u00e4. S\u00e4\u00e4nn\u00f6llinen huolto ja valvonta auttavat tunnistamaan mahdolliset ongelmat ennen kuin ne eskaloituvat vakaviksi vioiksi.<\/p>\n<p><img decoding=\"async\" src=\"https:\/\/www.hydraulic-cylinders.net\/wp-content\/uploads\/2025\/04\/songte-bushings-with-all-kinds-of-excavator-models.webp\" alt=\"Holkit\"><\/p>\n<h2>Tietoa yrityksest\u00e4mme<\/h2>\n<p>Olemme johtava hydraulisten sylinterien vaihtotuotteiden valmistaja, joka tarjoaa t\u00e4yden valikoiman tuotteita sek\u00e4 kotimaisille ett\u00e4 kansainv\u00e4lisille markkinoille. Sitoutumisemme poikkeukselliseen laatuun vahvistetaan hienostuneella valmistuksenohjausstrategiallamme. Hy\u00f6dynn\u00e4mme ammattitaitoista teknist\u00e4 henkil\u00f6st\u00f6\u00e4, edistyneit\u00e4 digitaalisia valmistuslaitteita ja vankkoja testausj\u00e4rjestelmi\u00e4 parantaaksemme jatkuvasti valmistuskapasiteettiamme. Keskittyen korkeaan tehokkuuteen, tarkkuuteen ja laatuun pyrimme vastaamaan asiakkaidemme monipuolisiin tarpeisiin r\u00e4\u00e4t\u00e4l\u00f6ityjen palveluiden ja kansainv\u00e4listen sertifiointien avulla.<\/p>\n<p><img decoding=\"async\" src=\"https:\/\/www.hydraulic-cylinders.net\/wp-content\/uploads\/2025\/04\/songte-company-4.webp\" alt=\"Yrityksen yleiskatsaus\"><br \/>\n<img decoding=\"async\" src=\"https:\/\/www.hydraulic-cylinders.net\/wp-content\/uploads\/2025\/04\/songte-company-3.webp\" alt=\"Tuotantolaitos\"><\/p>\n<p>Kirjoittaja: lyl<\/p>","protected":false},"excerpt":{"rendered":"<p>Boom Cylinder For Hengte Wheel Excavator HTL60 Product Overview The Boom Cylinder for Hengte Wheel Excavator HTL60 is an essential hydraulic component specifically designed to control the movement of the boom in heavy machinery. As a type of hydraulic cylinder, it plays a crucial role in the hydraulic system of excavators, backhoe loaders, and front [&hellip;]<\/p>","protected":false},"featured_media":17867,"comment_status":"open","ping_status":"closed","template":"","meta":{"_et_pb_use_builder":"","_et_pb_old_content":"","_et_gb_content_width":""},"product_brand":[],"product_cat":[1546],"product_tag":[1547,1496],"class_list":{"0":"post-19709","1":"product","2":"type-product","3":"status-publish","4":"has-post-thumbnail","6":"product_cat-boom-cylinders","7":"product_tag-boom-cylinders","8":"product_tag-hydraulic-cylinders","10":"first","11":"instock","12":"shipping-taxable","13":"product-type-simple"},"amp_enabled":true,"_links":{"self":[{"href":"https:\/\/www.hydraulic-cylinders.net\/fi\/wp-json\/wp\/v2\/product\/19709","targetHints":{"allow":["GET"]}}],"collection":[{"href":"https:\/\/www.hydraulic-cylinders.net\/fi\/wp-json\/wp\/v2\/product"}],"about":[{"href":"https:\/\/www.hydraulic-cylinders.net\/fi\/wp-json\/wp\/v2\/types\/product"}],"replies":[{"embeddable":true,"href":"https:\/\/www.hydraulic-cylinders.net\/fi\/wp-json\/wp\/v2\/comments?post=19709"}],"wp:featuredmedia":[{"embeddable":true,"href":"https:\/\/www.hydraulic-cylinders.net\/fi\/wp-json\/wp\/v2\/media\/17867"}],"wp:attachment":[{"href":"https:\/\/www.hydraulic-cylinders.net\/fi\/wp-json\/wp\/v2\/media?parent=19709"}],"wp:term":[{"taxonomy":"product_brand","embeddable":true,"href":"https:\/\/www.hydraulic-cylinders.net\/fi\/wp-json\/wp\/v2\/product_brand?post=19709"},{"taxonomy":"product_cat","embeddable":true,"href":"https:\/\/www.hydraulic-cylinders.net\/fi\/wp-json\/wp\/v2\/product_cat?post=19709"},{"taxonomy":"product_tag","embeddable":true,"href":"https:\/\/www.hydraulic-cylinders.net\/fi\/wp-json\/wp\/v2\/product_tag?post=19709"}],"curies":[{"name":"wp","href":"https:\/\/api.w.org\/{rel}","templated":true}]}}