{"id":19710,"date":"2025-04-07T07:03:11","date_gmt":"2025-04-07T07:03:11","guid":{"rendered":"https:\/\/www.hydraulic-cylinders.net\/product\/boom-cylinder-for-hengte-wheel-excavator-htl65-8\/"},"modified":"2025-04-07T07:03:13","modified_gmt":"2025-04-07T07:03:13","slug":"boom-cylinder-for-hengte-wheel-excavator-htl65-8","status":"publish","type":"product","link":"https:\/\/www.hydraulic-cylinders.net\/fi\/tuote\/boom-cylinder-for-hengte-wheel-excavator-htl65-8\/","title":{"rendered":"Hengte-py\u00f6r\u00e4kaivinkoneen HTL65-8 puomin sylinteri"},"content":{"rendered":"<h1>Hengte-py\u00f6r\u00e4kaivinkoneen HTL65-8 puomin sylinteri<\/h1>\n<h2>Tuotteen yleiskatsaus<\/h2>\n<p>Hengte-py\u00f6r\u00e4kaivukoneen HTL65-8 puomin sylinteri on erikoishydraulisylinteri, joka on suunniteltu ohjaamaan puomin liikett\u00e4 erilaisissa raskaissa koneissa, kuten kaivinkoneissa, kaivurikuormaajissa ja etukuormaajissa. T\u00e4ll\u00e4 hydraulisylinterill\u00e4 on ratkaiseva rooli puomin nostamisessa, laskemisessa ja kallistuksessa, mik\u00e4 helpottaa materiaalink\u00e4sittelyteht\u00e4vi\u00e4 tehokkaasti. Kauhan sylinteri on suunniteltu tarjoamaan luotettavaa suorituskyky\u00e4 \u00e4\u00e4rimm\u00e4isiss\u00e4 olosuhteissa, varmistaen, ett\u00e4 raskaita kuormia voidaan k\u00e4sitell\u00e4 tarkasti ja turvallisesti.<\/p>\n<p><img decoding=\"async\" src=\"https:\/\/www.hydraulic-cylinders.net\/wp-content\/uploads\/2025\/04\/songte-company-1.webp\" alt=\"Puomin sylinteri\" \/><\/p>\n<h2>T\u00e4rkeimm\u00e4t ominaisuudet<\/h2>\n<ul>\n<li>\n<h3>Korkea lujuus ja kest\u00e4vyys<\/h3>\n<p>N\u00e4m\u00e4 sylinterit on tyypillisesti valmistettu lujasta ter\u00e4ksest\u00e4 tai alumiinista, ja ne kest\u00e4v\u00e4t korkeaa painetta ja raskaita kuormia, mik\u00e4 tekee niist\u00e4 sopivia vaativiin ty\u00f6ymp\u00e4rist\u00f6ihin. Suunnittelussa korostetaan kulutuskest\u00e4vyytt\u00e4 ja korroosionkest\u00e4vyytt\u00e4, mik\u00e4 pident\u00e4\u00e4 k\u00e4ytt\u00f6ik\u00e4\u00e4 huomattavasti.<\/p>\n<\/li>\n<li>\n<h3>Tehokas hydraulinen k\u00e4ytt\u00f6<\/h3>\n<p>Sylinteri hy\u00f6dynt\u00e4\u00e4 hydrauli\u00f6ljyn painetta tasaisen ulosvedon ja sis\u00e4\u00e4nvedon aikaansaamiseksi, reagoi nopeasti ohjauskomentoihin ja tarjoaa tehokkaat ty\u00f6nt\u00f6- ja veto-ominaisuudet, jotka sopivat erinomaisesti raskaiden esineiden k\u00e4sittelyyn ja monimutkaisiin teht\u00e4viin.<\/p>\n<\/li>\n<li>\n<h3>Erilaiset tyypit<\/h3>\n<p>Kauhasylinteri\u00e4 on saatavilla sek\u00e4 yksitoimisena (hydraulisesti yhteen suuntaan) ett\u00e4 kaksitoimisena (hydraulisesti molempiin suuntiin), ja sit\u00e4 voidaan r\u00e4\u00e4t\u00e4l\u00f6id\u00e4 erilaisiin k\u00e4ytt\u00f6tarpeisiin. Jotkut mallit ovat teleskooppisia, mik\u00e4 mahdollistaa suuremman jatkeen ilman ulkomittojen kasvua, mik\u00e4 sopii t\u00e4ydellisesti ahtaisiin sovelluksiin.<\/p>\n<\/li>\n<\/ul>\n<p>Yrityksemme on erikoistunut t\u00e4m\u00e4n tuotteen valmistukseen, ja sylinterimme voivat t\u00e4ydellisesti korvata olemassa olevat hydraulisylinterit.<\/p>\n<p><img decoding=\"async\" src=\"https:\/\/www.hydraulic-cylinders.net\/wp-content\/uploads\/2025\/04\/songte-cylinder-head-with-all-kinds-excavator-models.webp\" alt=\"Kaivinkonemallit\" \/><\/p>\n<h2>Sovellukset<\/h2>\n<ul>\n<li>\n<h3>Rakennuslaitteet<\/h3>\n<p>In excavators, boom cylinders are vital for digging, loading, and moving earth or debris. Their performance is essential for the excavation process, ensuring that operators can efficiently manage large volumes of material. The boom&#8217;s ability to reach various angles and depths enhances the excavator\u2019s versatility on the job site.<\/p>\n<\/li>\n<li>\n<h3>Maatalouskoneet<\/h3>\n<p>Etukuormaajissa puomisylinterit auttavat maan, hein\u00e4n ja muiden materiaalien kaivamisessa, nostamisessa ja kuljettamisessa. Niiden kest\u00e4v\u00e4 rakenne mahdollistaa maatalouskoneiden raskaiden nostoteht\u00e4vien suorittamisen, mik\u00e4 parantaa tuottavuutta niin maatiloilla kuin rakennusty\u00f6maillakin.<\/p>\n<\/li>\n<li>\n<h3>Kaivinkoneet<\/h3>\n<p>Puomin sylinteri mahdollistaa kaivinkoneen kauhan tehokkaan tunkeutumisen maaper\u00e4\u00e4n kaivamisen aikana. T\u00e4m\u00e4 ominaisuus on ratkaisevan t\u00e4rke\u00e4 useissa projekteissa, kuten maisemoinnissa, kaivostoiminnassa ja tienrakennuksessa, sill\u00e4 se mahdollistaa syvemm\u00e4n ja tehokkaamman kaivamisen.<\/p>\n<\/li>\n<li>\n<h3>Kuormaajat<\/h3>\n<p>Etukuormaajissa n\u00e4m\u00e4 sylinterit ovat avainasemassa kuormien tehokkaassa nostamisessa ja tyhjent\u00e4misess\u00e4. Niiden kyky hallita painoa ja varmistaa vakaus k\u00e4yt\u00f6n aikana tekee niist\u00e4 korvaamattomia materiaalink\u00e4sittelyteht\u00e4viss\u00e4.<\/p>\n<\/li>\n<\/ul>\n<h2>Suunnittelun\u00e4k\u00f6kohdat<\/h2>\n<ul>\n<li>\n<h3>Kantavuus<\/h3>\n<p>Puomisylintereiden suunnittelussa kuormituskapasiteetti on ensisijainen huomioitava seikka, sill\u00e4 se m\u00e4\u00e4ritt\u00e4\u00e4, mink\u00e4 tyyppisi\u00e4 teht\u00e4vi\u00e4 sylinteri pystyy k\u00e4sittelem\u00e4\u00e4n. Suuri kuormituskapasiteetti varmistaa, ett\u00e4 hydraulij\u00e4rjestelm\u00e4 voi nostaa tai siirt\u00e4\u00e4 raskaita materiaaleja vaarantamatta turvallisuutta tai suorituskyky\u00e4.<\/p>\n<\/li>\n<li>\n<h3>Tiivistys<\/h3>\n<p>Tehokas tiivistys on ratkaisevan t\u00e4rke\u00e4\u00e4 hydraulinesteen vuotojen est\u00e4miseksi, jotka voivat vaarantaa suorituskyvyn ja turvallisuuden. Korkealaatuiset, kest\u00e4vist\u00e4 materiaaleista, kuten polyuretaanista tai nitriilikumista, valmistetut tiivisteet ovat v\u00e4ltt\u00e4m\u00e4tt\u00f6mi\u00e4 hydraulij\u00e4rjestelm\u00e4n eheyden yll\u00e4pit\u00e4miseksi.<\/p>\n<\/li>\n<li>\n<h3>Kest\u00e4vyys<\/h3>\n<p>Kest\u00e4vyys on merkitt\u00e4v\u00e4 tekij\u00e4, sill\u00e4 puomin sylinterit altistuvat usein ankarille k\u00e4ytt\u00f6olosuhteille. Niiden rakentamisessa k\u00e4ytettyjen materiaalien ja suunnitteluprosessien on asetettava etusijalle pitk\u00e4n aikav\u00e4lin suorituskyky huollon ja vaihtov\u00e4lin v\u00e4hent\u00e4miseksi.<\/p>\n<\/li>\n<li>\n<h3>Turvallisuus<\/h3>\n<p>Turvallisuusn\u00e4k\u00f6kohtiin kuuluu varoventtiilien ja muiden mekanismien k\u00e4ytt\u00f6 ylipaineen est\u00e4miseksi ja sen varmistamiseksi, ett\u00e4 j\u00e4rjestelm\u00e4\u00e4 voidaan k\u00e4ytt\u00e4\u00e4 turvallisesti kuormitettuna. Suunnittelussa tulisi my\u00f6s olla ominaisuuksia, jotka mahdollistavat helpon p\u00e4\u00e4syn huoltotarkastusten aikana.<\/p>\n<\/li>\n<li>\n<h3>Huolto<\/h3>\n<p>Helppok\u00e4ytt\u00f6inen suunnittelu on elint\u00e4rke\u00e4\u00e4, sill\u00e4 s\u00e4\u00e4nn\u00f6lliset tarkastukset voivat est\u00e4\u00e4 kalliita korjauksia ja seisokkeja. Helposti vaihdettavat tiivisteet ja helposti saavutettavat kiinnityskohdat ovat olennaisia \u200b\u200btehokkaan huollon kannalta.<\/p>\n<\/li>\n<\/ul>\n<p><img decoding=\"async\" src=\"https:\/\/www.hydraulic-cylinders.net\/wp-content\/uploads\/2025\/04\/songte-oil-pipes-and-spare-parts.webp\" alt=\"\u00d6ljyputket ja varaosat\" \/><\/p>\n<h2>Tiivistys ja voitelu<\/h2>\n<p>Asianmukainen tiivistys ja voitelu ovat ratkaisevan t\u00e4rkeit\u00e4 hydraulisylintereiden tehokkaalle toiminnalle. Erilaisia \u200b\u200btiivisteit\u00e4, kuten m\u00e4nn\u00e4ntiivisteit\u00e4 ja varren tiivisteit\u00e4, k\u00e4ytet\u00e4\u00e4n tiukan istuvuuden varmistamiseksi ja vuotojen est\u00e4miseksi. Materiaaleiksi valitaan yleisesti polyuretaania ja nitriilikumia niiden kulutuskest\u00e4vyyden ja kest\u00e4vyyden vuoksi. Sylinterin runko ja kierteitetyt p\u00e4\u00e4t on hienosti k\u00e4sitelty kulutuskest\u00e4vyyden parantamiseksi, mik\u00e4 on olennaista pitk\u00e4ik\u00e4isyyden kannalta.<\/p>\n<p>S\u00e4\u00e4nn\u00f6llinen voitelu on my\u00f6s v\u00e4ltt\u00e4m\u00e4t\u00f6nt\u00e4, ja se edellytt\u00e4\u00e4 s\u00e4\u00e4nn\u00f6llisi\u00e4 tarkastuksia sen varmistamiseksi, ett\u00e4 hydrauliikka\u00f6ljy\u00e4 k\u00e4ytet\u00e4\u00e4n riitt\u00e4v\u00e4sti optimaalisen suorituskyvyn yll\u00e4pit\u00e4miseksi ja kulumisen est\u00e4miseksi. Voitelun merkityst\u00e4 ei voi yliarvioida, sill\u00e4 se v\u00e4hent\u00e4\u00e4 kitkaa ja pident\u00e4\u00e4 hydrauliikkakomponenttien k\u00e4ytt\u00f6ik\u00e4\u00e4.<\/p>\n<h2>S\u00e4\u00e4nn\u00f6llinen tarkastus ja ennaltaehk\u00e4isev\u00e4 huolto<\/h2>\n<p>S\u00e4\u00e4nn\u00f6llisten tarkastus- ja ennaltaehk\u00e4isevien huoltotoimenpiteiden toteuttaminen on v\u00e4ltt\u00e4m\u00e4t\u00f6nt\u00e4 hydraulisylintereiden pitk\u00e4ik\u00e4isyyden ja suorituskyvyn kannalta. Keskeisi\u00e4 toimenpiteit\u00e4 ovat:<\/p>\n<ul>\n<li>\n<h3>S\u00e4\u00e4nn\u00f6lliset tarkastukset<\/h3>\n<p>Tee s\u00e4\u00e4nn\u00f6llisi\u00e4 tarkastuksia mahdollisten kulumisen tai vaurioiden merkkien havaitsemiseksi. Etsi sylinterist\u00e4 vuotoja, halkeamia tai ep\u00e4muodostumia. Ongelmien varhainen havaitseminen voi est\u00e4\u00e4 kalliita korjauksia ja seisokkeja.<\/p>\n<\/li>\n<li>\n<h3>Asianmukainen voitelu<\/h3>\n<p>Varmista, ett\u00e4 hydraulinesteen taso on riitt\u00e4v\u00e4 ja ett\u00e4 \u00f6ljy on puhdasta ja vapaata ep\u00e4puhtauksista. Laadi s\u00e4\u00e4nn\u00f6llinen voiteluaikataulu tiivisteiden ja liikkuvien osien optimaalisen suorituskyvyn yll\u00e4pit\u00e4miseksi.<\/p>\n<\/li>\n<li>\n<h3>Tiivisteen vaihto<\/h3>\n<p>Tarkista tiivisteiden kuluminen s\u00e4\u00e4nn\u00f6llisesti ja vaihda ne tarvittaessa vuotojen est\u00e4miseksi ja j\u00e4rjestelm\u00e4n paineen yll\u00e4pit\u00e4miseksi. Oikein huolletut tiivisteet pident\u00e4v\u00e4t merkitt\u00e4v\u00e4sti hydraulisylinterin k\u00e4ytt\u00f6ik\u00e4\u00e4.<\/p>\n<\/li>\n<\/ul>\n<h2>Asennusohjeet<\/h2>\n<p>Puomin sylinterin oikea asennus on ratkaisevan t\u00e4rke\u00e4\u00e4 optimaalisen suorituskyvyn ja turvallisuuden varmistamiseksi. Noudata n\u00e4it\u00e4 ohjeita oikean asennuksen varmistamiseksi:<\/p>\n<p>Varmista ensin, ett\u00e4 ty\u00f6alue on puhdas ja vapaa roskista sujuvan asennuksen helpottamiseksi. Seuraavaksi kohdista hydraulisylinteri tarkasti koneen kiinnityspisteisiin. Kiinnit\u00e4 sylinteri tukevasti paikalleen k\u00e4ytt\u00e4m\u00e4ll\u00e4 sopivia kiinnityskorvakkeita. On t\u00e4rke\u00e4\u00e4 tarkistaa kohdistus ennen pulttien kirist\u00e4mist\u00e4, jotta sylinteriin ei kohdistu tarpeetonta rasitusta.<\/p>\n<p>Kun olet kiinnitt\u00e4nyt sylinterin, kytke hydrauliletkut varmistaen, ettei letkuissa ole mutkia tai kierteit\u00e4. T\u00e4yt\u00e4 hydraulij\u00e4rjestelm\u00e4 suositellulla nesteell\u00e4 ja ilmaa letkut ennen koneen k\u00e4ytt\u00f6\u00e4. Lopuksi suorita toimintatesti varmistaaksesi, ett\u00e4 kaikki toimii sujuvasti, ja tee tarvittaessa s\u00e4\u00e4t\u00f6j\u00e4.<\/p>\n<h2>Yleiset huoltoteht\u00e4v\u00e4t<\/h2>\n<p>Hydraulisylinterien huolto vaatii useiden keskeisten teht\u00e4vien huomioimista:<\/p>\n<ul>\n<li>\n<h3>S\u00e4\u00e4nn\u00f6lliset tarkastukset<\/h3>\n<p>S\u00e4\u00e4nn\u00f6lliset tarkastukset ovat v\u00e4ltt\u00e4m\u00e4tt\u00f6mi\u00e4 kulumisen tai mahdollisten vikojen tunnistamiseksi ennen niiden pahenemista. Tarkastuksissa on arvioitava sylinterin ulkoinen kunto, tarkistettava vuodot ja varmistettava, ett\u00e4 kaikki liitokset ovat tukevasti kiinni.<\/p>\n<\/li>\n<li>\n<h3>Oikea voitelu<\/h3>\n<p>Voitelu on elint\u00e4rke\u00e4\u00e4 hydraulisylintereiden pitk\u00e4ik\u00e4isyyden kannalta. Varmista, ett\u00e4 tiivisteet on voideltu riitt\u00e4v\u00e4sti kulumisen est\u00e4miseksi ja sujuvan toiminnan mahdollistamiseksi. Lis\u00e4\u00e4 hydraulinestett\u00e4 s\u00e4\u00e4nn\u00f6llisesti tarpeen mukaan.<\/p>\n<\/li>\n<li>\n<h3>Tiivisteen vaihto<\/h3>\n<p>Vaihda tiivisteet s\u00e4\u00e4nn\u00f6llisesti hydraulij\u00e4rjestelm\u00e4n eheyden yll\u00e4pit\u00e4miseksi. T\u00e4m\u00e4 teht\u00e4v\u00e4 tulee suorittaa rutiinihuoltotarkastusten yhteydess\u00e4 varmistaen, ett\u00e4 uudet tiivisteet on asennettu oikein vuotojen est\u00e4miseksi.<\/p>\n<\/li>\n<\/ul>\n<p><img decoding=\"async\" src=\"https:\/\/www.hydraulic-cylinders.net\/wp-content\/uploads\/2025\/04\/songte-chushion-collar.webp\" alt=\"Tyynykaulus\" \/><\/p>\n<h2>Turvallisuusn\u00e4k\u00f6kohdat ja ymp\u00e4rist\u00f6tekij\u00e4t<\/h2>\n<p>Turvatoimenpiteet ovat ensiarvoisen t\u00e4rkeit\u00e4 hydraulisylintereiden kanssa ty\u00f6skennelt\u00e4ess\u00e4. K\u00e4ytt\u00e4jien ja huoltohenkil\u00f6st\u00f6n asianmukainen koulutus on v\u00e4ltt\u00e4m\u00e4t\u00f6nt\u00e4 riskien minimoimiseksi. K\u00e4yt\u00e4 aina henkil\u00f6nsuojaimia ty\u00f6skennelless\u00e4si hydraulij\u00e4rjestelmien kanssa. Ota lis\u00e4ksi huomioon nestevuotojen ymp\u00e4rist\u00f6vaikutukset; varmista, ett\u00e4 kaikki tiivisteet ja liittimet ovat hyv\u00e4ss\u00e4 kunnossa maaper\u00e4n ja vesist\u00f6jen saastumisen est\u00e4miseksi.<\/p>\n<h2>Vianm\u00e4\u00e4ritys ja yleiset ongelmat<\/h2>\n<ul>\n<li>\n<h3>Vuoto<\/h3>\n<p>Hydrauli\u00f6ljyvuodot ovat yleisin ongelma hydraulisylintereiss\u00e4. Ne voivat johtua kuluneista tiivisteist\u00e4 tai vaurioituneista liitoksista. S\u00e4\u00e4nn\u00f6lliset tarkastukset ja tiivisteiden vaihtaminen ajallaan ovat v\u00e4ltt\u00e4m\u00e4tt\u00f6mi\u00e4 nesteh\u00e4vi\u00f6iden est\u00e4miseksi.<\/p>\n<\/li>\n<li>\n<h3>Heikentynyt suorituskyky<\/h3>\n<p>Jos sylinteri ei reagoi hyvin tai sen nostokapasiteetti on heikentynyt, se voi viitata sis\u00e4isiin vaurioihin tai alhaisiin nestetasoihin. Tarkista hydraulineste ja tutki sylinterin sis\u00e4inen kuluminen.<\/p>\n<\/li>\n<li>\n<h3>Ylikuumeneminen<\/h3>\n<p>Ylikuumeneminen voi johtua korkeasta j\u00e4rjestelm\u00e4paineesta tai riitt\u00e4m\u00e4tt\u00f6m\u00e4st\u00e4 voitelusta. Varmista, ett\u00e4 hydrauliikka\u00f6ljy vaihdetaan s\u00e4\u00e4nn\u00f6llisesti ja ett\u00e4 j\u00e4rjestelm\u00e4\u00e4 ei ylikuormiteta.<\/p>\n<\/li>\n<\/ul>\n<h2>Vianm\u00e4\u00e4ritysvinkkej\u00e4<\/h2>\n<p>Voit tehokkaasti diagnosoida ja ratkaista hydraulisylintereiden ongelmia noudattamalla n\u00e4it\u00e4 vianm\u00e4\u00e4ritysvinkkej\u00e4:<\/p>\n<ul>\n<li>Tarkista hydrauliikkaletkujen ja -liittimien mahdolliset n\u00e4kyv\u00e4t vauriot tai vuodot ja vaihda tai korjaa ne tarvittaessa.<\/li>\n<li>Varmista, ett\u00e4 hydrauliikka\u00f6ljyn taso on oikea ja ett\u00e4 se on hyv\u00e4ss\u00e4 kunnossa. Vaihda \u00f6ljy, jos se on likaantunut.<\/li>\n<li>Tarkkaile hydraulinesteen l\u00e4mp\u00f6tilaa ja varmista, ett\u00e4 se pysyy normaalin k\u00e4ytt\u00f6alueen sis\u00e4ll\u00e4.<\/li>\n<\/ul>\n<p>Implementing preventive measures such as regular maintenance checks will help minimize potential problems and ensure the hydraulic system&#8217;s reliability.<\/p>\n<p><img decoding=\"async\" src=\"https:\/\/www.hydraulic-cylinders.net\/wp-content\/uploads\/2025\/04\/songte-bushings-with-all-kinds-of-excavator-models.webp\" alt=\"Holkit\" \/><\/p>\n<h2>Yrityksen yleiskatsaus<\/h2>\n<p>Olemme vaihtoehtoisiin hydraulisiin sylintereihin erikoistunut valmistaja. Tarjoamme laajan valikoiman tuotteita, jotka ovat tehneet meist\u00e4 yhden johtavista valmistajista ja tukkukauppiaista sek\u00e4 kotimaisilla ett\u00e4 kansainv\u00e4lisill\u00e4 markkinoilla. Noudatamme erinomaisuuden periaatetta laadussa ja hy\u00f6dynn\u00e4mme tuotannonohjauksessamme hienostuneita valmistusstrategioita. Sitoutumisemme osaavan henkil\u00f6st\u00f6n, edistyneiden digitaalisten valmistuslaitteiden ja ammattimaisten testausj\u00e4rjestelmien hy\u00f6dynt\u00e4miseen parantaa jatkuvasti valmistuskapasiteettiamme.<\/p>\n<p>Keskittyen tehokkuuteen, tarkkuuteen ja korkeaan laatuun pyrimme vastaamaan monipuolisiin asiakkaidemme tarpeisiin. Kansainv\u00e4liset sertifikaattimme varmistavat, ett\u00e4 tuotteemme t\u00e4ytt\u00e4v\u00e4t maailmanlaajuiset standardit, ja r\u00e4\u00e4t\u00e4l\u00f6idyt palvelumme mahdollistavat ratkaisujen r\u00e4\u00e4t\u00e4l\u00f6innin asiakkaiden erityistarpeisiin. Lis\u00e4ksi vankka j\u00e4lkimarkkinointitukemme varmistaa, ett\u00e4 asiakkaamme saavat tarvitsemaansa apua hydraulij\u00e4rjestelmiens\u00e4 tehokkaaseen huoltoon.<\/p>\n<p><img decoding=\"async\" src=\"https:\/\/www.hydraulic-cylinders.net\/wp-content\/uploads\/2025\/04\/songte-company-4.webp\" alt=\"Yrityksen yleiskatsaus\" \/><br \/>\n<img decoding=\"async\" src=\"https:\/\/www.hydraulic-cylinders.net\/wp-content\/uploads\/2025\/04\/songte-company-3.webp\" alt=\"Tuotantolaitokset\" \/><\/p>\n<p>Kirjoittaja: lyl<\/p>","protected":false},"excerpt":{"rendered":"<p>Boom Cylinder For Hengte Wheel Excavator HTL65-8 Product Overview The Boom Cylinder for Hengte Wheel Excavator HTL65-8 is a specialized hydraulic cylinder designed to control the movement of the boom on various heavy machinery, including excavators, backhoe loaders, and front loaders. This hydraulic cylinder plays a crucial role in enabling the boom to lift, lower, [&hellip;]<\/p>","protected":false},"featured_media":17868,"comment_status":"open","ping_status":"closed","template":"","meta":{"_et_pb_use_builder":"","_et_pb_old_content":"","_et_gb_content_width":""},"product_brand":[],"product_cat":[1546],"product_tag":[1547,1496],"class_list":{"0":"post-19710","1":"product","2":"type-product","3":"status-publish","4":"has-post-thumbnail","6":"product_cat-boom-cylinders","7":"product_tag-boom-cylinders","8":"product_tag-hydraulic-cylinders","10":"first","11":"instock","12":"shipping-taxable","13":"product-type-simple"},"amp_enabled":true,"_links":{"self":[{"href":"https:\/\/www.hydraulic-cylinders.net\/fi\/wp-json\/wp\/v2\/product\/19710","targetHints":{"allow":["GET"]}}],"collection":[{"href":"https:\/\/www.hydraulic-cylinders.net\/fi\/wp-json\/wp\/v2\/product"}],"about":[{"href":"https:\/\/www.hydraulic-cylinders.net\/fi\/wp-json\/wp\/v2\/types\/product"}],"replies":[{"embeddable":true,"href":"https:\/\/www.hydraulic-cylinders.net\/fi\/wp-json\/wp\/v2\/comments?post=19710"}],"wp:featuredmedia":[{"embeddable":true,"href":"https:\/\/www.hydraulic-cylinders.net\/fi\/wp-json\/wp\/v2\/media\/17868"}],"wp:attachment":[{"href":"https:\/\/www.hydraulic-cylinders.net\/fi\/wp-json\/wp\/v2\/media?parent=19710"}],"wp:term":[{"taxonomy":"product_brand","embeddable":true,"href":"https:\/\/www.hydraulic-cylinders.net\/fi\/wp-json\/wp\/v2\/product_brand?post=19710"},{"taxonomy":"product_cat","embeddable":true,"href":"https:\/\/www.hydraulic-cylinders.net\/fi\/wp-json\/wp\/v2\/product_cat?post=19710"},{"taxonomy":"product_tag","embeddable":true,"href":"https:\/\/www.hydraulic-cylinders.net\/fi\/wp-json\/wp\/v2\/product_tag?post=19710"}],"curies":[{"name":"wp","href":"https:\/\/api.w.org\/{rel}","templated":true}]}}