{"id":19715,"date":"2025-04-07T07:03:27","date_gmt":"2025-04-07T07:03:27","guid":{"rendered":"https:\/\/www.hydraulic-cylinders.net\/product\/boom-cylinder-for-hengte-wheel-excavator-htl150-8\/"},"modified":"2025-04-07T07:03:30","modified_gmt":"2025-04-07T07:03:30","slug":"boom-cylinder-for-hengte-wheel-excavator-htl150-8","status":"publish","type":"product","link":"https:\/\/www.hydraulic-cylinders.net\/fi\/tuote\/boom-cylinder-for-hengte-wheel-excavator-htl150-8\/","title":{"rendered":"Hengte-py\u00f6r\u00e4kaivinkoneen HTL150-8 puomin sylinteri"},"content":{"rendered":"<h1>Hengte-py\u00f6r\u00e4kaivinkoneen HTL150-8 puomin sylinteri<\/h1>\n<h2>Puomin sylinterin esittely<\/h2>\n<p>Hengte-py\u00f6r\u00e4kaivinkoneen HTL150-8 puomin sylinteri on t\u00e4rke\u00e4 hydraulinen komponentti, joka on suunniteltu ohjaamaan puomin liikett\u00e4 raskaissa koneissa. T\u00e4m\u00e4 hydraulinen sylinteri on suunniteltu erityisesti kaivinkoneisiin, kaivurikuormaajiin ja etukuormaajiin, ja se helpottaa kauhan nostamista, laskemista ja kallistusta. T\u00e4m\u00e4 mekanismi on v\u00e4ltt\u00e4m\u00e4t\u00f6n tehokkaiden materiaalink\u00e4sittelyteht\u00e4vien kannalta ja parantaa rakennus- ja maatalouskoneiden yleist\u00e4 suorituskyky\u00e4.<\/p>\n<p><img decoding=\"async\" src=\"https:\/\/www.hydraulic-cylinders.net\/wp-content\/uploads\/2025\/04\/songte-company-1.webp\" alt=\"Hydraulinen sylinteri\"><\/p>\n<h2>Puomin sylinterin ominaisuudet<\/h2>\n<ul>\n<li><strong>Korkea lujuus ja kest\u00e4vyys:<\/strong> Valmistettu eritt\u00e4in lujasta ter\u00e4ksest\u00e4 tai alumiinista, suunniteltu kest\u00e4m\u00e4\u00e4n korkeaa painetta ja raskaita kuormia samalla, kun se on kulumisen- ja korroosionkest\u00e4v\u00e4.<\/li>\n<li><strong>Tehokas hydraulinen k\u00e4ytt\u00f6:<\/strong> Hydraulisen \u00f6ljynpaineen ansiosta laitetta voidaan vet\u00e4\u00e4 ulos ja ulos tasaisesti, mik\u00e4 takaa nopean reagoinnin ohjauskomentoihin ja voimakkaan ty\u00f6nt\u00f6- ja vetovoiman raskaissa ja monimutkaisissa teht\u00e4viss\u00e4.<\/li>\n<li><strong>Erilaisia \u200b\u200btyyppej\u00e4:<\/strong> Vaihtoehtoja ovat yksitoiminen (hydraulinen voima yhteen suuntaan) tai kaksitoiminen (hydraulinen voima molempiin suuntiin), ja tietyiss\u00e4 malleissa on teleskooppirakenne, joka mahdollistaa suuremman jatkeen ilman ulkomittojen kasvua.<\/li>\n<li><strong>Mukautettu valmistus:<\/strong> Tuotteemme voivat t\u00e4ydellisesti korvata olemassa olevat hydraulisylinterit varmistaen yhteensopivuuden ja luotettavuuden.<\/li>\n<li><strong>Monipuoliset sovellukset:<\/strong> Sopii monenlaisille raskaille koneille eri teollisuudenaloilla.<\/li>\n<\/ul>\n<p><img decoding=\"async\" src=\"https:\/\/www.hydraulic-cylinders.net\/wp-content\/uploads\/2025\/04\/songte-cylinder-head-with-all-kinds-excavator-models.webp\" alt=\"Kaivinkoneen sylinterimallit\"><\/p>\n<h2>Puomisylinterin sovellukset<\/h2>\n<h3>Rakennuslaitteet<\/h3>\n<p>Kaivinkoneissa puomisylinterit ovat elint\u00e4rkeit\u00e4 kaivamisessa, lastaamisessa ja maaper\u00e4n tai roskien kuljetuksessa. Ne mahdollistavat kauhan tehokkaan tunkeutumisen maahan, mik\u00e4 varmistaa tehokkaan kaivuty\u00f6n. Kaivurikuormaajissa puomisylinteri auttaa paitsi kaivamisessa my\u00f6s raskaiden kuormien nostamisessa, mik\u00e4 tekee siit\u00e4 v\u00e4ltt\u00e4m\u00e4tt\u00f6m\u00e4n osan rakennusty\u00f6mailla.<\/p>\n<h3>Maatalouskoneet<\/h3>\n<p>Etukuormaajissa puomisylintereit\u00e4 k\u00e4ytet\u00e4\u00e4n maan, hein\u00e4n ja muiden materiaalien kaivamiseen, nostamiseen ja kuljettamiseen. Niiden tehokas hydraulinen toiminta mahdollistaa viljelij\u00f6ille suurten materiaalim\u00e4\u00e4rien siirt\u00e4misen nopeasti ja tehokkaasti, mik\u00e4 parantaa maataloustoiminnan tuottavuutta.<\/p>\n<h3>Kaivuty\u00f6t<\/h3>\n<p>Kaivukoneissa puomin sylinteri mahdollistaa kauhan tehokkaan kaivamisen maahan. Hydraulinen ohjaus mahdollistaa tarkat liikkeet, jotka ovat ratkaisevan t\u00e4rkeit\u00e4 tarkkuutta ja huolellisuutta vaativissa teht\u00e4viss\u00e4, kuten ojituksessa ja perustusten kaivamisessa.<\/p>\n<h3>Loader-sovellukset<\/h3>\n<p>Etukuormaajissa puomisylinterit helpottavat kuormien, kuten soran tai mullan, nostamista ja tyhjent\u00e4mist\u00e4. T\u00e4m\u00e4 toiminto on olennainen rakennus- ja maisemointiteht\u00e4viss\u00e4, joissa irtomateriaalit on siirrett\u00e4v\u00e4 nopeasti ja tehokkaasti.<\/p>\n<h2>Suunnittelun\u00e4k\u00f6kohdat ja valintakriteerit<\/h2>\n<h3>Kantavuus<\/h3>\n<p>Puomisylinterin kuormituskapasiteetin m\u00e4\u00e4ritt\u00e4minen on kriittist\u00e4, koska sen on kestett\u00e4v\u00e4 sille asetetut k\u00e4ytt\u00f6vaatimukset. Hyvin suunniteltu sylinteri varmistaa, ett\u00e4 se kest\u00e4\u00e4 huippukuormia vaarantamatta rakenteellista eheytt\u00e4, est\u00e4en viat, jotka voivat johtaa merkitt\u00e4viin seisokkeihin ja korjauskustannuksiin.<\/p>\n<h3>Tiivistys ja kest\u00e4vyys<\/h3>\n<p>Tehokas tiivistys on elint\u00e4rke\u00e4\u00e4 hydraulisen paineen yll\u00e4pit\u00e4miseksi ja vuotojen est\u00e4miseksi. Kest\u00e4vist\u00e4 materiaaleista, kuten polyuretaanista tai nitriilikumista, valmistetut korkealaatuiset tiivisteet pident\u00e4v\u00e4t sylinterin k\u00e4ytt\u00f6ik\u00e4\u00e4 minimoimalla kulumista ja varmistamalla luotettavan toiminnan erilaisissa ymp\u00e4rist\u00f6iss\u00e4.<\/p>\n<h3>Turvaominaisuudet<\/h3>\n<p>Turvallisuus on ensiarvoisen t\u00e4rke\u00e4\u00e4 hydraulisylintereiden suunnittelussa. Paineenalennusventtiilien ja kest\u00e4vien materiaalien kaltaisten ominaisuuksien sis\u00e4llytt\u00e4minen voi auttaa lievent\u00e4m\u00e4\u00e4n hydraulisiin vikoihin liittyvi\u00e4 riskej\u00e4 ja suojaamaan sek\u00e4 k\u00e4ytt\u00e4ji\u00e4 ett\u00e4 laitteita k\u00e4yt\u00f6n aikana.<\/p>\n<h3>Yll\u00e4pidett\u00e4vyys<\/h3>\n<p>Huollettavuuden huomioiva suunnittelu varmistaa, ett\u00e4 rutiinitarkastukset ja -huollot voidaan suorittaa tehokkaasti. Keskeisten komponenttien helppo p\u00e4\u00e4sy voitelua ja tiivisteiden vaihtoa varten parantaa puomisylinterin pitk\u00e4ik\u00e4isyytt\u00e4 ja luotettavuutta, mik\u00e4 tekee siit\u00e4 kustannustehokkaamman ajan my\u00f6t\u00e4.<\/p>\n<p><img decoding=\"async\" src=\"https:\/\/www.hydraulic-cylinders.net\/wp-content\/uploads\/2025\/04\/songte-oil-pipes-and-spare-parts.webp\" alt=\"Hydrauliset osat\"><\/p>\n<h2>Tiivistys ja voitelu<\/h2>\n<p>Puomin sylinterin suorituskyky riippuu suuresti sen tiivistys- ja voiteluj\u00e4rjestelmien laadusta. Erilaiset tiivisteet, mukaan lukien m\u00e4nn\u00e4ntiivisteet ja varren tiivisteet, ovat ratkaisevan t\u00e4rkeit\u00e4 hydraulisen paineen yll\u00e4pit\u00e4miselle. Kulutusta kest\u00e4vist\u00e4 materiaaleista valmistetut tiivisteet est\u00e4v\u00e4t nestevuodot ja varmistavat hydraulij\u00e4rjestelm\u00e4n tehokkaan toiminnan.<\/p>\n<p>Lis\u00e4ksi sylinterin runko ja kierteitetyt p\u00e4\u00e4t on tyypillisesti viimeistelty tarkkuusty\u00f6n\u00e4 kulumiskest\u00e4vyyden parantamiseksi. S\u00e4\u00e4nn\u00f6llinen voitelu sopivalla hydrauliikka\u00f6ljyll\u00e4 on v\u00e4ltt\u00e4m\u00e4t\u00f6nt\u00e4 kitkan ja kulumisen minimoimiseksi, mik\u00e4 pident\u00e4\u00e4 sylinterin k\u00e4ytt\u00f6ik\u00e4\u00e4.<\/p>\n<h2>Rutiininomaiset huoltotoimenpiteet<\/h2>\n<ul>\n<li><strong>S\u00e4\u00e4nn\u00f6lliset tarkastukset:<\/strong> Hydraulij\u00e4rjestelm\u00e4n s\u00e4\u00e4nn\u00f6llisill\u00e4 silm\u00e4m\u00e4\u00e4r\u00e4isill\u00e4 tarkastuksilla voidaan havaita mahdolliset ongelmat, kuten vuodot tai kulumisen merkit, ennen kuin ne pahenevat.<\/li>\n<li><strong>Oikea voitelu:<\/strong> Kaikkien liikkuvien osien asianmukainen voitelu minimoi kulumisen ja pident\u00e4\u00e4 sylinterin k\u00e4ytt\u00f6ik\u00e4\u00e4.<\/li>\n<li><strong>Tiivisteen vaihto:<\/strong> Tiivisteiden kunnon s\u00e4\u00e4nn\u00f6llinen tarkastus ja niiden vaihtaminen tarvittaessa est\u00e4\u00e4 vuotoja ja yll\u00e4pit\u00e4\u00e4 hydraulipainetta.<\/li>\n<\/ul>\n<h2>Asennusohjeet<\/h2>\n<p>Puomisylinterin oikea asentaminen on ratkaisevan t\u00e4rke\u00e4\u00e4 sen suorituskyvyn ja pitk\u00e4n k\u00e4ytt\u00f6i\u00e4n kannalta. Aloita varmistamalla, ett\u00e4 kaikki komponentit ovat puhtaita ja roskista vapaita. Kohdista sylinteri oikein, jotta kiinnityspisteisiin ei kohdistu tarpeetonta rasitusta. K\u00e4yt\u00e4 sopivia kiinnityskorvakkeita sylinterin kiinnitt\u00e4miseen paikalleen ja varmista, ett\u00e4 se on oikeassa asennossa koneen k\u00e4ytt\u00f6vaatimusten mukaisesti.<\/p>\n<p>Noudata valmistajan ohjeita v\u00e4\u00e4nt\u00f6momenttien suhteen ja varmista, ett\u00e4 kaikki hydrauliset liit\u00e4nn\u00e4t ovat tiukasti kiinni vuotojen est\u00e4miseksi. Asennuksen j\u00e4lkeen suorita hydraulij\u00e4rjestelm\u00e4n perusteellinen tarkastus, mukaan lukien mahdollisten vuotojen testaus ja sujuvan toiminnan varmistaminen koko liikeradalla.<\/p>\n<h2>Yleiset huoltoteht\u00e4v\u00e4t<\/h2>\n<h3>S\u00e4\u00e4nn\u00f6lliset tarkastukset<\/h3>\n<p>Hydraulij\u00e4rjestelm\u00e4n s\u00e4\u00e4nn\u00f6lliset tarkastukset auttavat tunnistamaan ongelmat varhaisessa vaiheessa. Etsi merkkej\u00e4 vuodoista, ep\u00e4tavallisista \u00e4\u00e4nist\u00e4 tai heikentyneest\u00e4 suorituskyvyst\u00e4 ja korjaa n\u00e4m\u00e4 ongelmat viipym\u00e4tt\u00e4 v\u00e4ltt\u00e4\u00e4ksesi laajat vahingot.<\/p>\n<h3>Oikea voitelu<\/h3>\n<p>Hydraulisylinterin s\u00e4\u00e4nn\u00f6llinen voitelu on ratkaisevan t\u00e4rke\u00e4\u00e4 sujuvan toiminnan varmistamiseksi. K\u00e4yt\u00e4 suositeltua hydrauliikka\u00f6ljy\u00e4 ja varmista, ett\u00e4 voitelupisteisiin p\u00e4\u00e4see helposti k\u00e4siksi voitelun helpottamiseksi.<\/p>\n<h3>Tiivisteiden vaihto ja kalibrointitarkastukset<\/h3>\n<p>S\u00e4\u00e4nn\u00f6lliset tiivisteiden vaihdot ovat v\u00e4ltt\u00e4m\u00e4tt\u00f6mi\u00e4 hydraulisen paineen yll\u00e4pit\u00e4miseksi ja vuotojen est\u00e4miseksi. Varmista, ett\u00e4 tiivisteet on valmistettu korkealaatuisista materiaaleista kest\u00e4m\u00e4\u00e4n k\u00e4ytt\u00f6vaatimukset, ja suorita kalibrointitarkistukset varmistaaksesi, ett\u00e4 sylinteri toimii m\u00e4\u00e4riteltyjen parametrien puitteissa.<\/p>\n<p><img decoding=\"async\" src=\"https:\/\/www.hydraulic-cylinders.net\/wp-content\/uploads\/2025\/04\/songte-chushion-collar.webp\" alt=\"Tyynykaulus\"><\/p>\n<h2>Turvallisuusn\u00e4k\u00f6kohdat ja ymp\u00e4rist\u00f6tekij\u00e4t<\/h2>\n<p>Hydraulisylintereit\u00e4 k\u00e4ytett\u00e4ess\u00e4 on ensiarvoisen t\u00e4rke\u00e4\u00e4 noudattaa turvatoimenpiteit\u00e4 onnettomuuksien ja vammojen v\u00e4ltt\u00e4miseksi. K\u00e4ytt\u00e4j\u00e4t tulee kouluttaa hydraulisten laitteiden turvalliseen k\u00e4ytt\u00f6\u00f6n, ja heid\u00e4n tulee k\u00e4ytt\u00e4\u00e4 asianmukaisia \u200b\u200bhenkil\u00f6nsuojaimia. Lis\u00e4ksi ymp\u00e4rist\u00f6tekij\u00e4t, kuten l\u00e4mp\u00f6tila ja kosteus, voivat vaikuttaa hydraulinesteen suorituskykyyn, joten n\u00e4iden olosuhteiden seuranta on olennaista optimaalisen toiminnan tehokkuuden yll\u00e4pit\u00e4miseksi.<\/p>\n<h2>Vianm\u00e4\u00e4ritys ja yleiset ongelmat<\/h2>\n<ul>\n<li><strong>Paineh\u00e4vi\u00f6:<\/strong> T\u00e4m\u00e4 voi johtua tiivisteiden tai liittimien vuodoista. Tarkista ja vaihda kuluneet tiivisteet paineen palauttamiseksi.<\/li>\n<li><strong>Hidas tai ep\u00e4johdonmukainen liike:<\/strong> T\u00e4m\u00e4 voi viitata alhaiseen hydraulinesteen tasoon tai ongelmiin pumpussa. Tarkista nestetasot ja varmista, ett\u00e4 hydraulipumppu toimii oikein.<\/li>\n<li><strong>Ep\u00e4tavalliset \u00e4\u00e4net:<\/strong> \u00c4\u00e4net voivat olla merkki mekaanisista ongelmista tai voitelun puutteesta. S\u00e4\u00e4nn\u00f6llinen huolto ja voitelu voivat auttaa lievent\u00e4m\u00e4\u00e4n n\u00e4it\u00e4 ongelmia.<\/li>\n<\/ul>\n<h2>Vianm\u00e4\u00e4ritysvinkkej\u00e4<\/h2>\n<p>Tehokkaan vianm\u00e4\u00e4rityksen aloittamiseksi tunnista ongelman oireet. Tarkista kulumisen tai vaurioiden merkit, varmista, ett\u00e4 hydraulinesteen m\u00e4\u00e4r\u00e4 on riitt\u00e4v\u00e4, ja tarkista koko hydraulij\u00e4rjestelm\u00e4 vuotojen varalta. S\u00e4\u00e4nn\u00f6lliset huoltotoimenpiteet voivat est\u00e4\u00e4 monia yleisi\u00e4 ongelmia, joten ole ennakoiva sylinterien huollossa.<\/p>\n<p><img decoding=\"async\" src=\"https:\/\/www.hydraulic-cylinders.net\/wp-content\/uploads\/2025\/04\/songte-bushings-with-all-kinds-of-excavator-models.webp\" alt=\"Kaivinkoneen holkit\"><\/p>\n<h2>Tietoa yrityksest\u00e4mme<\/h2>\n<p>Olemme johtava hydraulisten sylinterien vaihtolaitteiden valmistaja, ja meill\u00e4 on laaja valikoima tuotteita erilaisiin k\u00e4ytt\u00f6tarkoituksiin. Sitoutumisemme laatuun varmistaa, ett\u00e4 meid\u00e4t tunnustetaan yhdeksi johtavista hydraulisten sylinterien valmistajista ja tukkukauppiaista sek\u00e4 kotimaisilla ett\u00e4 kansainv\u00e4lisill\u00e4 markkinoilla.<\/p>\n<p>Pyrkimyst\u00e4mme huippuosaamiseen vauhdittaa kehittynyt tuotannonohjausstrategia ja painotus edistyneisiin valmistusteknologioihin. Investoimalla lahjakkaisiin ammattilaisiin, huipputeknologisiin valmistuslaitteisiin ja vankkoihin testausj\u00e4rjestelmiin parannamme jatkuvasti valmistuskapasiteettiamme ja vastaamme monipuolisiin asiakastarpeisiin.<\/p>\n<p><img decoding=\"async\" src=\"https:\/\/www.hydraulic-cylinders.net\/wp-content\/uploads\/2025\/04\/songte-company-4.webp\" alt=\"Yrityksen yleiskatsaus\"><br \/>\n<img decoding=\"async\" src=\"https:\/\/www.hydraulic-cylinders.net\/wp-content\/uploads\/2025\/04\/songte-company-3.webp\" alt=\"Yrityksen tilat\"><\/p>\n<p>Palveluidemme taustalla on ammattitaito, kansainv\u00e4liset sertifikaatit ja r\u00e4\u00e4t\u00e4l\u00f6idyt ratkaisut, joita kaikkia tukee kattava j\u00e4lkimarkkinointipalvelu asiakastyytyv\u00e4isyyden varmistamiseksi.<\/p>\n<p>Kirjoittaja: lyl<\/p>","protected":false},"excerpt":{"rendered":"<p>Boom Cylinder For Hengte Wheel Excavator HTL150-8 Introduction to the Boom Cylinder The Boom Cylinder for Hengte Wheel Excavator HTL150-8 is a crucial hydraulic component designed to control the motion of the boom in heavy machinery. Specifically engineered for excavators, backhoe loaders, and front loaders, this hydraulic cylinder facilitates the lifting, lowering, and tilting of [&hellip;]<\/p>","protected":false},"featured_media":17873,"comment_status":"open","ping_status":"closed","template":"","meta":{"_et_pb_use_builder":"","_et_pb_old_content":"","_et_gb_content_width":""},"product_brand":[],"product_cat":[1546],"product_tag":[1547,1496],"class_list":{"0":"post-19715","1":"product","2":"type-product","3":"status-publish","4":"has-post-thumbnail","6":"product_cat-boom-cylinders","7":"product_tag-boom-cylinders","8":"product_tag-hydraulic-cylinders","10":"first","11":"instock","12":"shipping-taxable","13":"product-type-simple"},"amp_enabled":true,"_links":{"self":[{"href":"https:\/\/www.hydraulic-cylinders.net\/fi\/wp-json\/wp\/v2\/product\/19715","targetHints":{"allow":["GET"]}}],"collection":[{"href":"https:\/\/www.hydraulic-cylinders.net\/fi\/wp-json\/wp\/v2\/product"}],"about":[{"href":"https:\/\/www.hydraulic-cylinders.net\/fi\/wp-json\/wp\/v2\/types\/product"}],"replies":[{"embeddable":true,"href":"https:\/\/www.hydraulic-cylinders.net\/fi\/wp-json\/wp\/v2\/comments?post=19715"}],"wp:featuredmedia":[{"embeddable":true,"href":"https:\/\/www.hydraulic-cylinders.net\/fi\/wp-json\/wp\/v2\/media\/17873"}],"wp:attachment":[{"href":"https:\/\/www.hydraulic-cylinders.net\/fi\/wp-json\/wp\/v2\/media?parent=19715"}],"wp:term":[{"taxonomy":"product_brand","embeddable":true,"href":"https:\/\/www.hydraulic-cylinders.net\/fi\/wp-json\/wp\/v2\/product_brand?post=19715"},{"taxonomy":"product_cat","embeddable":true,"href":"https:\/\/www.hydraulic-cylinders.net\/fi\/wp-json\/wp\/v2\/product_cat?post=19715"},{"taxonomy":"product_tag","embeddable":true,"href":"https:\/\/www.hydraulic-cylinders.net\/fi\/wp-json\/wp\/v2\/product_tag?post=19715"}],"curies":[{"name":"wp","href":"https:\/\/api.w.org\/{rel}","templated":true}]}}