{"id":19717,"date":"2025-04-07T07:03:33","date_gmt":"2025-04-07T07:03:33","guid":{"rendered":"https:\/\/www.hydraulic-cylinders.net\/product\/boom-cylinder-for-yigong-cy8150\/"},"modified":"2025-04-07T07:03:35","modified_gmt":"2025-04-07T07:03:35","slug":"boom-cylinder-for-yigong-cy8150","status":"publish","type":"product","link":"https:\/\/www.hydraulic-cylinders.net\/fi\/tuote\/boom-cylinder-for-yigong-cy8150\/","title":{"rendered":"Puomin sylinteri Yigong CY8150:lle"},"content":{"rendered":"<h1>Puomin sylinteri Yigong CY8150:lle<\/h1>\n<h2>Johdatus puomin sylinteriin<\/h2>\n<p>Puomin sylinteri on hydraulij\u00e4rjestelmien t\u00e4rke\u00e4 osa, ja se on erityisesti suunniteltu ohjaamaan kauhojen liikett\u00e4 erilaisissa raskaissa koneissa, kuten kaivinkoneissa, kaivurikuormaajissa ja etukuormaajissa. T\u00e4m\u00e4 hydraulisylinteri mahdollistaa kauhan nostamisen, laskemisen ja kallistumisen, mik\u00e4 helpottaa tehokkaita materiaalink\u00e4sittelyteht\u00e4vi\u00e4. Sill\u00e4 on t\u00e4rke\u00e4 rooli sen varmistamisessa, ett\u00e4 laitteet toimivat sujuvasti ja tehokkaasti, mik\u00e4 parantaa tuottavuutta rakennusty\u00f6mailla ja muissa teollisissa sovelluksissa.<\/p>\n<p><img decoding=\"async\" src=\"https:\/\/www.hydraulic-cylinders.net\/wp-content\/uploads\/2025\/04\/songte-company-1.webp\" alt=\"Puomin sylinteri\" \/><\/p>\n<h3>M\u00e4\u00e4ritelm\u00e4 ja yleiskatsaus<\/h3>\n<p>Puomisylinteri, joka tunnetaan my\u00f6s kauhasylinterin\u00e4, on hydraulinen sylinterityyppi, joka on erityisesti suunniteltu ohjaamaan raskaiden koneiden kauhan liikett\u00e4. Se on suunniteltu hallitsemaan k\u00e4yt\u00f6n aikana syntyv\u00e4\u00e4 valtavaa painetta, mik\u00e4 mahdollistaa nostamisessa ja kallistuksessa tarvittavat tarkat liikkeet. Puomisylinterin suunnittelu ja toimivuus ovat ensiarvoisen t\u00e4rkeit\u00e4, koska ne vaikuttavat suoraan vaativissa ymp\u00e4rist\u00f6iss\u00e4 k\u00e4ytett\u00e4vien koneiden tehokkuuteen ja toimivuuteen.<\/p>\n<h2>Yigong CY8150:n puomisylinterin ominaisuudet<\/h2>\n<ul>\n<li><strong>Korkea lujuus ja kest\u00e4vyys:<\/strong> Korkean lujuuden ter\u00e4ksest\u00e4 tai alumiinista valmistettu puomin sylinteri kest\u00e4\u00e4 korkeita paineita ja raskaita kuormia, joten se sopii vaativiin ty\u00f6olosuhteisiin. Se on suunniteltu kulutus- ja korroosionkest\u00e4vyys mieless\u00e4 pit\u00e4en, mik\u00e4 pident\u00e4\u00e4 sen k\u00e4ytt\u00f6ik\u00e4\u00e4.<\/li>\n<li><strong>Tehokas hydraulinen k\u00e4ytt\u00f6:<\/strong> Hydrauli\u00f6ljyn painetta hy\u00f6dynt\u00e4v\u00e4 sylinteri varmistaa tasaisen ja herk\u00e4n ojennuksen ja sis\u00e4\u00e4nvedon, tuottaen tehokkaita ty\u00f6nt\u00f6- ja vetovoimia, jotka sopivat ihanteellisesti raskaiden esineiden k\u00e4sittelyyn ja monimutkaisiin teht\u00e4viin.<\/li>\n<li><strong>Erilaisia \u200b\u200btyyppej\u00e4:<\/strong> Puomisylinteri on saatavana yksitoimisena (toimii yhteen suuntaan) tai kaksitoimisena (toimii kahteen suuntaan), ja sit\u00e4 voidaan r\u00e4\u00e4t\u00e4l\u00f6id\u00e4 vastaamaan tiettyj\u00e4 k\u00e4ytt\u00f6tarpeita. Tietyt mallit ovat teleskooppisia, mik\u00e4 mahdollistaa suuremman jatkeen ilman ulkomittojen kasvua, mik\u00e4 sopii t\u00e4ydellisesti ahtaisiin sovelluksiin.<\/li>\n<li><strong>Yhteensopivuus:<\/strong> Puomimme on suunniteltu korvaamaan t\u00e4ydellisesti olemassa olevat hydraulisylinterit, mik\u00e4 varmistaa saumattoman integroinnin mihin tahansa hydraulij\u00e4rjestelm\u00e4\u00e4n.<\/li>\n<li><strong>Tarkkuustekniikka:<\/strong> Jokainen sylinteri on valmistettu edistyneill\u00e4 valmistustekniikoilla, mik\u00e4 varmistaa korkean suorituskyvyn ja luotettavuuden vaativimmissakin olosuhteissa.<\/li>\n<\/ul>\n<p><img decoding=\"async\" src=\"https:\/\/www.hydraulic-cylinders.net\/wp-content\/uploads\/2025\/04\/songte-cylinder-head-with-all-kinds-excavator-models.webp\" alt=\"Yhteensopivat mallit\" \/><\/p>\n<h2>Puomisylinterin sovellukset<\/h2>\n<h3>Rakennuslaitteet<\/h3>\n<p>Kaivinkoneissa puomisylinterit ovat v\u00e4ltt\u00e4m\u00e4tt\u00f6mi\u00e4 kaivamiseen, lastaamiseen ja maan tai roskien siirt\u00e4miseen. Niiden rakenne mahdollistaa merkitt\u00e4v\u00e4n nostovoiman, jonka avulla k\u00e4ytt\u00e4j\u00e4t voivat tehokkaasti k\u00e4sitell\u00e4 raskaita kuormia ja suorittaa teht\u00e4vi\u00e4 tarkasti. Kaivurikuormaajissa kauhan sylinterit auttavat sek\u00e4 kaivu- ett\u00e4 nostotoiminnoissa, mik\u00e4 parantaa koneen monipuolisuutta ja tuottavuutta.<\/p>\n<h3>Maatalouskoneet<\/h3>\n<p>Etukuormaajissa puomisylintereill\u00e4 on t\u00e4rke\u00e4 rooli maaper\u00e4n, hein\u00e4n ja muiden materiaalien kauhaamisessa, nostamisessa ja kuljettamisessa. Kauhan kallistus- ja nostomahdollisuus helpottaa lastaamista ja purkamista, mik\u00e4 tekee n\u00e4ist\u00e4 teht\u00e4vist\u00e4 tehokkaampia ja v\u00e4hemm\u00e4n fyysisesti vaativia kuljettajille.<\/p>\n<h3>Kaivinkoneet<\/h3>\n<p>Kaivinkoneissa puomin sylinteri mahdollistaa kauhan tunkeutumisen maaper\u00e4\u00e4n, mik\u00e4 helpottaa tehokasta kaivua. Hydraulinen ohjaus varmistaa, ett\u00e4 kauha voidaan sijoittaa tarkasti, mik\u00e4 antaa kuljettajalle mahdollisuuden suorittaa monimutkaisia \u200b\u200bteht\u00e4vi\u00e4 erilaisissa maaper\u00e4olosuhteissa.<\/p>\n<h3>Kuormaajat<\/h3>\n<p>Etukuormaajissa puomin sylinterit edist\u00e4v\u00e4t merkitt\u00e4v\u00e4sti kuormien tehokasta nostamista ja tyhjent\u00e4mist\u00e4. Ne tarjoavat tarvittavan lujuuden ja vakauden raskaiden materiaalien siirt\u00e4miseen varmistaen, ett\u00e4 toiminnot suoritetaan nopeasti ja turvallisesti.<\/p>\n<h2>Suunnittelun\u00e4k\u00f6kohdat ja valintakriteerit<\/h2>\n<h3>Kantavuus<\/h3>\n<p>Puomisylinteri\u00e4 valittaessa kuormituskapasiteetti on keskeinen huomioon otettava tekij\u00e4. Sylinterin on kyett\u00e4v\u00e4 k\u00e4sittelem\u00e4\u00e4n sen kohtaamien kuormien enimm\u00e4ispaino vaarantamatta turvallisuutta tai suorituskyky\u00e4. T\u00e4m\u00e4 edellytt\u00e4\u00e4 koneen vaatimusten ja k\u00e4ytt\u00f6ymp\u00e4rist\u00f6n perusteellista ymm\u00e4rt\u00e4mist\u00e4.<\/p>\n<h3>Tiivistyksen eheys<\/h3>\n<p>Tiivistys on ratkaisevan t\u00e4rke\u00e4\u00e4 hydraulisylinterien tehokkaalle toiminnalle. Laadukkaat tiivisteet est\u00e4v\u00e4t hydraulinesteen vuodot, jotka voivat johtaa suorituskyvyn heikkenemiseen ja hydraulij\u00e4rjestelm\u00e4n vaurioitumiseen. Tiivistemateriaalien, kuten polyuretaanin ja nitriilikumin, valinta vaikuttaa sylinterin pitk\u00e4ik\u00e4isyyteen ja luotettavuuteen.<\/p>\n<h3>Kest\u00e4vyys<\/h3>\n<p>Kest\u00e4vyys on olennaista ankarissa olosuhteissa toimiville puomisylintereille. K\u00e4ytettyjen materiaalien on kestett\u00e4v\u00e4 kulumista ja korroosiota pitk\u00e4n k\u00e4ytt\u00f6i\u00e4n varmistamiseksi. On t\u00e4rke\u00e4\u00e4 valita sylinterit, jotka on rakennettu kest\u00e4m\u00e4\u00e4n \u00e4\u00e4rimm\u00e4isi\u00e4 olosuhteita, kuten l\u00e4mp\u00f6tilan vaihteluita ja altistumista ep\u00e4puhtauksille.<\/p>\n<h3>Turvaominaisuudet<\/h3>\n<p>Turvallisuus on ensiarvoisen t\u00e4rke\u00e4\u00e4 hydraulij\u00e4rjestelmiss\u00e4. Puomin sylinterit tulee suunnitella turvaominaisuuksilla, jotka suojaavat sek\u00e4 koneistoa ett\u00e4 k\u00e4ytt\u00e4j\u00e4\u00e4. N\u00e4ihin kuuluvat paineenalennusventtiilit ja kest\u00e4v\u00e4 rakenne, joka kest\u00e4\u00e4 odottamattomia rasituksia k\u00e4yt\u00f6n aikana.<\/p>\n<h3>Huolto ja korjattavuus<\/h3>\n<p>Helppohuolto on toinen t\u00e4rke\u00e4 suunnittelukriteeri. Puomisylinterien tarkastuksen, voitelun ja tiivisteiden vaihdon tulisi olla helppoa. Nopeita korjauksia helpottava rakenne parantaa koneen k\u00e4ytt\u00f6aikaa ja tehokkuutta, mik\u00e4 helpottaa k\u00e4ytt\u00e4jien laitteiden huoltoa.<\/p>\n<p><img decoding=\"async\" src=\"https:\/\/www.hydraulic-cylinders.net\/wp-content\/uploads\/2025\/04\/songte-oil-pipes-and-spare-parts.webp\" alt=\"Hydrauliset osat\" \/><\/p>\n<h2>Tiivistys ja voitelu<\/h2>\n<p>Tehokas tiivistys ja voitelu ovat elint\u00e4rkeit\u00e4 hydraulisylinterin sujuvan ja tehokkaan toiminnan varmistamiseksi. Erilaiset tiivisteet, kuten m\u00e4nn\u00e4ntiivisteet ja varren tiivisteet, ovat v\u00e4ltt\u00e4m\u00e4tt\u00f6mi\u00e4 nestevuotojen est\u00e4miseksi ja paineen yll\u00e4pit\u00e4miseksi. Kest\u00e4vist\u00e4 materiaaleista, kuten polyuretaanista ja nitriilikumista, valmistetut tiivisteet ovat edullisia niiden kulumiskest\u00e4vyyden ja ymp\u00e4rist\u00f6tekij\u00f6iden kest\u00e4vyyden vuoksi. Lis\u00e4ksi sylinterin runko ja kierteitetyt p\u00e4\u00e4typinnat on k\u00e4sitelt\u00e4v\u00e4 hienovaraisesti niiden kulumiskest\u00e4vyyden parantamiseksi.<\/p>\n<p>S\u00e4\u00e4nn\u00f6llinen voitelu on my\u00f6s ratkaisevan t\u00e4rke\u00e4\u00e4; k\u00e4ytt\u00e4jien on varmistettava, ett\u00e4 hydrauliikka\u00f6ljy\u00e4 ruiskutetaan riitt\u00e4v\u00e4sti sujuvan liikkeen helpottamiseksi ja kitkan v\u00e4hent\u00e4miseksi. Oikea voitelu ei ainoastaan \u200b\u200bpidenn\u00e4 tiivisteiden k\u00e4ytt\u00f6ik\u00e4\u00e4, vaan my\u00f6s parantaa hydrauliikkaj\u00e4rjestelm\u00e4n kokonaistehokkuutta.<\/p>\n<h2>Ennaltaehk\u00e4isev\u00e4t huoltotoimenpiteet<\/h2>\n<ul>\n<li><strong>S\u00e4\u00e4nn\u00f6lliset tarkastukset:<\/strong> On eritt\u00e4in t\u00e4rke\u00e4\u00e4 suorittaa puomin sylinterin rutiinitarkastukset kulumisen, vuotojen tai vaurioiden varalta. S\u00e4\u00e4nn\u00f6lliset tarkastukset auttavat tunnistamaan ongelmat varhaisessa vaiheessa ja est\u00e4m\u00e4\u00e4n merkitt\u00e4v\u00e4mpi\u00e4 ongelmia my\u00f6hemmin.<\/li>\n<li><strong>Voiteluohjelma:<\/strong> Voiteluaikataulun laatiminen varmistaa, ett\u00e4 hydraulisylinteri pysyy asianmukaisesti voideltuna, mik\u00e4 v\u00e4hent\u00e4\u00e4 kulumista. K\u00e4ytt\u00e4j\u00e4t tulee kouluttaa lis\u00e4\u00e4m\u00e4\u00e4n oikean tyyppist\u00e4 ja m\u00e4\u00e4r\u00e4\u00e4 hydrauli\u00f6ljy\u00e4 s\u00e4\u00e4nn\u00f6llisesti.<\/li>\n<li><strong>Tiivisteen vaihto:<\/strong> Tiivisteet tulee tarkastaa s\u00e4\u00e4nn\u00f6llisesti ja vaihtaa tarvittaessa vuotojen est\u00e4miseksi ja hydraulisen paineen yll\u00e4pit\u00e4miseksi. K\u00e4ytt\u00e4j\u00e4n tulee olla tietoinen tiivisteiden kulumisesta kertovista merkeist\u00e4, kuten nestevuodoista tai heikentyneest\u00e4 suorituskyvyst\u00e4.<\/li>\n<\/ul>\n<h2>Asennusohjeet<\/h2>\n<p>Puomin sylinterin oikea asennus on ratkaisevan t\u00e4rke\u00e4\u00e4 optimaalisen suorituskyvyn saavuttamiseksi. Ennen asennusta varmista, ett\u00e4 kaikki komponentit ovat puhtaita ja roskista vapaita. Sylinteri tulee kohdistaa oikein koneen kiinnityspisteisiin, jotta sylinteriin ja siihen liittyviin osiin ei kohdistu tarpeetonta rasitusta.<\/p>\n<p>On suositeltavaa k\u00e4ytt\u00e4\u00e4 sopivia kiinnityskorvakkeita sylinterin kiinnitt\u00e4miseksi tukevasti. T\u00e4m\u00e4 est\u00e4\u00e4 sylinterin liikkumisen k\u00e4yt\u00f6n aikana, mik\u00e4 voi johtaa vaurioihin tai vikaantumiseen. Asennuksen j\u00e4lkeen tarkista kaikkien liitosten tiiviys ja vuodot ennen k\u00e4yt\u00f6n aloittamista. N\u00e4iden ohjeiden noudattaminen edist\u00e4\u00e4 hydraulij\u00e4rjestelm\u00e4n pitk\u00e4ik\u00e4isyytt\u00e4 ja luotettavuutta.<\/p>\n<h2>Huoltoteht\u00e4v\u00e4t<\/h2>\n<ul>\n<li><strong>S\u00e4\u00e4nn\u00f6lliset tarkastukset:<\/strong> Tarkista s\u00e4\u00e4nn\u00f6llisesti vuodot, kuluminen ja yleinen kunto. Ongelmien tunnistaminen varhain voi est\u00e4\u00e4 kalliita korjauksia ja seisokkeja.<\/li>\n<li><strong>Oikea voitelu:<\/strong> Varmista, ett\u00e4 hydraulisylinteri on voideltu valmistajan suositusten mukaisesti. Riitt\u00e4v\u00e4 voitelu est\u00e4\u00e4 liiallista kulumista ja yll\u00e4pit\u00e4\u00e4 suorituskyky\u00e4.<\/li>\n<li><strong>Tiivisteiden vaihto ja kalibrointitarkastukset:<\/strong> Tarkista ja vaihda tiivisteet s\u00e4\u00e4nn\u00f6llisesti hydraulisen eheyden yll\u00e4pit\u00e4miseksi. Kalibrointitarkastukset varmistavat, ett\u00e4 sylinteri toimii suunniteltujen parametrien mukaisesti, mik\u00e4 parantaa turvallisuutta ja tehokkuutta.<\/li>\n<\/ul>\n<h2>Turvallisuusn\u00e4k\u00f6kohdat ja ymp\u00e4rist\u00f6tekij\u00e4t<\/h2>\n<p>Hydraulisylintereit\u00e4 k\u00e4ytett\u00e4ess\u00e4 turvatoimenpiteet ovat ratkaisevan t\u00e4rkeit\u00e4 onnettomuuksien ja vammojen ehk\u00e4isemiseksi. K\u00e4ytt\u00e4j\u00e4t tulee kouluttaa koneiden asianmukaiseen k\u00e4ytt\u00f6\u00f6n ja turvallisuusprotokollien noudattamisen t\u00e4rkeyteen. S\u00e4\u00e4nn\u00f6lliset turvallisuustarkastukset voivat tunnistaa mahdolliset vaarat, joiden avulla voidaan ryhty\u00e4 korjaaviin toimenpiteisiin.<\/p>\n<p>Ymp\u00e4rist\u00f6tekij\u00f6ill\u00e4 on my\u00f6s merkitt\u00e4v\u00e4 rooli hydraulisylinterien pitk\u00e4ik\u00e4isyydess\u00e4 ja suorituskyvyss\u00e4. Altistuminen \u00e4\u00e4rimm\u00e4isille l\u00e4mp\u00f6tiloille, kosteudelle ja ep\u00e4puhtauksille voi vaikuttaa tiivisteiden eheyteen ja sylinterin yleiseen toimintaan. On t\u00e4rke\u00e4\u00e4 toteuttaa toimenpiteit\u00e4 hydraulij\u00e4rjestelmien suojaamiseksi ankarilta ymp\u00e4rist\u00f6olosuhteilta.<\/p>\n<h2>Vianm\u00e4\u00e4ritys ja yleiset ongelmat<\/h2>\n<ul>\n<li><strong>Vuoto:<\/strong> Jos sylinterist\u00e4 vuotaa nestett\u00e4, se voi viitata kuluneisiin tiivisteisiin. Tarkista n\u00e4kyvien vaurioiden varalta ja vaihda tiivisteet tarvittaessa.<\/li>\n<li><strong>Heikentynyt suorituskyky:<\/strong> Jos sylinteri ei liiku ulos tai sis\u00e4\u00e4n tasaisesti, se voi johtua riitt\u00e4m\u00e4tt\u00f6m\u00e4st\u00e4 voitelusta tai sis\u00e4isist\u00e4 vaurioista. Tarkista ja voitele tarvittaessa.<\/li>\n<li><strong>Ep\u00e4tasainen liike:<\/strong> Jos kauha tai lis\u00e4laite liikkuu ep\u00e4tasaisesti, se voi viitata kohdistusongelmiin tai hydraulisen paineen ep\u00e4tasapainoon. Varmista, ett\u00e4 sylinteri on kohdistettu oikein ja tarkista hydraulij\u00e4rjestelm\u00e4n paineen tasaisuus.<\/li>\n<\/ul>\n<p>Ongelmien onnistuneeseen vianm\u00e4\u00e4ritykseen k\u00e4ytt\u00e4jien tulisi pit\u00e4\u00e4 kirjaa kaikista kohtaamistaan \u200b\u200bongelmista ja kirjata niihin erityiset oireet ja olosuhteet. N\u00e4m\u00e4 tiedot voivat olla korvaamattomia vikojen diagnosoinnissa ja ennaltaehk\u00e4isevien toimenpiteiden toteuttamisessa mahdollisten ongelmien lievent\u00e4miseksi.<\/p>\n<p><img decoding=\"async\" src=\"https:\/\/www.hydraulic-cylinders.net\/wp-content\/uploads\/2025\/04\/songte-bushings-with-all-kinds-of-excavator-models.webp\" alt=\"Holkit\" \/><\/p>\n<h2>Tietoa yrityksest\u00e4mme<\/h2>\n<p>Olemme johtava hydraulisten sylinterien vaihto-osien valmistaja, joka tarjoaa kattavan valikoiman tuotteita sek\u00e4 kotimaisille ett\u00e4 kansainv\u00e4lisille markkinoille. Sitoutumisemme huippuosaamiseen n\u00e4kyy tarkkuusvalmistusty\u00f6pajoissamme, joissa noudatamme huolellista tuotannonohjausstrategiaa.<\/p>\n<p>Parannamme jatkuvasti valmistuskapasiteettiamme investoimalla ammattitaitoiseen tekniseen henkil\u00f6st\u00f6\u00f6n, edistyneisiin digitaalisiin valmistuslaitteisiin ja ammattimaisiin testausj\u00e4rjestelmiin. T\u00e4m\u00e4 sitoutuminen mahdollistaa meille tehokkaiden, tarkkojen ja korkealaatuisten tuotteiden tarjoamisen, jotka on r\u00e4\u00e4t\u00e4l\u00f6ity vastaamaan monipuolisiin asiakastarpeisiin.<\/p>\n<p><img decoding=\"async\" src=\"https:\/\/www.hydraulic-cylinders.net\/wp-content\/uploads\/2025\/04\/songte-company-4.webp\" alt=\"Yrityksen yleiskatsaus\" \/><br \/>\n<img decoding=\"async\" src=\"https:\/\/www.hydraulic-cylinders.net\/wp-content\/uploads\/2025\/04\/songte-company-3.webp\" alt=\"Edistyneet laitteet\" \/><\/p>\n<h2>Johtop\u00e4\u00e4t\u00f6s<\/h2>\n<p>Yhteenvetona voidaan todeta, ett\u00e4 Yigong CY8150:n puomin sylinteri on olennainen osa raskaita koneita, ja se helpottaa tehokasta toimintaa erilaisissa sovelluksissa. Yrityksemme on ylpe\u00e4 voidessaan toimittaa korkealaatuisia hydraulisylintereit\u00e4, joita tukevat ammattimaiset palvelut ja ratkaisut asiakkaidemme kehittyvien tarpeiden t\u00e4ytt\u00e4miseksi.<\/p>\n<p>Kirjoittaja: lyl<\/p>","protected":false},"excerpt":{"rendered":"<p>Boom Cylinder For Yigong CY8150 Introduction to Boom Cylinder The Boom Cylinder is a crucial component in hydraulic systems, specifically designed to control the movement of buckets in various heavy machinery, such as excavators, backhoe loaders, and front loaders. This hydraulic cylinder allows the bucket to lift, lower, and tilt, facilitating efficient material handling tasks. [&hellip;]<\/p>","protected":false},"featured_media":17875,"comment_status":"open","ping_status":"closed","template":"","meta":{"_et_pb_use_builder":"","_et_pb_old_content":"","_et_gb_content_width":""},"product_brand":[],"product_cat":[1546],"product_tag":[1547,1496],"class_list":{"0":"post-19717","1":"product","2":"type-product","3":"status-publish","4":"has-post-thumbnail","6":"product_cat-boom-cylinders","7":"product_tag-boom-cylinders","8":"product_tag-hydraulic-cylinders","10":"first","11":"instock","12":"shipping-taxable","13":"product-type-simple"},"amp_enabled":true,"_links":{"self":[{"href":"https:\/\/www.hydraulic-cylinders.net\/fi\/wp-json\/wp\/v2\/product\/19717","targetHints":{"allow":["GET"]}}],"collection":[{"href":"https:\/\/www.hydraulic-cylinders.net\/fi\/wp-json\/wp\/v2\/product"}],"about":[{"href":"https:\/\/www.hydraulic-cylinders.net\/fi\/wp-json\/wp\/v2\/types\/product"}],"replies":[{"embeddable":true,"href":"https:\/\/www.hydraulic-cylinders.net\/fi\/wp-json\/wp\/v2\/comments?post=19717"}],"wp:featuredmedia":[{"embeddable":true,"href":"https:\/\/www.hydraulic-cylinders.net\/fi\/wp-json\/wp\/v2\/media\/17875"}],"wp:attachment":[{"href":"https:\/\/www.hydraulic-cylinders.net\/fi\/wp-json\/wp\/v2\/media?parent=19717"}],"wp:term":[{"taxonomy":"product_brand","embeddable":true,"href":"https:\/\/www.hydraulic-cylinders.net\/fi\/wp-json\/wp\/v2\/product_brand?post=19717"},{"taxonomy":"product_cat","embeddable":true,"href":"https:\/\/www.hydraulic-cylinders.net\/fi\/wp-json\/wp\/v2\/product_cat?post=19717"},{"taxonomy":"product_tag","embeddable":true,"href":"https:\/\/www.hydraulic-cylinders.net\/fi\/wp-json\/wp\/v2\/product_tag?post=19717"}],"curies":[{"name":"wp","href":"https:\/\/api.w.org\/{rel}","templated":true}]}}