{"id":19718,"date":"2025-04-07T07:03:35","date_gmt":"2025-04-07T07:03:35","guid":{"rendered":"https:\/\/www.hydraulic-cylinders.net\/product\/boom-cylinder-for-yigong-cy65-8\/"},"modified":"2025-04-07T07:03:38","modified_gmt":"2025-04-07T07:03:38","slug":"boom-cylinder-for-yigong-cy65-8","status":"publish","type":"product","link":"https:\/\/www.hydraulic-cylinders.net\/fi\/tuote\/boom-cylinder-for-yigong-cy65-8\/","title":{"rendered":"Puomin sylinteri Yigong CY65-8:lle"},"content":{"rendered":"<h1>Puomin sylinteri Yigong CY65-8:lle<\/h1>\n<h2>Johdatus puomin sylinteriin<\/h2>\n<p>Puomin sylinteri on kriittinen osa hydraulij\u00e4rjestelmiss\u00e4, erityisesti raskaissa koneissa. T\u00e4m\u00e4 hydraulisylinteri on suunniteltu erityisesti kaivinkoneille, kaivurikuormaajille ja etukuormaajille, ja se ohjaa kauhan liikett\u00e4. Se mahdollistaa kauhan nostamisen, laskemisen ja kallistumisen, mik\u00e4 helpottaa tehokasta materiaalink\u00e4sittely\u00e4. Kauhan sylinteri toimii n\u00e4iden koneiden voimanpes\u00e4n\u00e4, joka mahdollistaa tarkan toiminnan kaivamisen, lastaamisen ja materiaalien kuljetuksen aikana.<\/p>\n<p><img decoding=\"async\" src=\"https:\/\/www.hydraulic-cylinders.net\/wp-content\/uploads\/2025\/04\/songte-company-1.webp\" alt=\"Puomin sylinterin kuva\"><\/p>\n<h3>M\u00e4\u00e4ritelm\u00e4 ja yleiskatsaus<\/h3>\n<p>Kauhasylinteri on hydraulinen sylinterityyppi, jolla on t\u00e4rke\u00e4 rooli raskaiden laitteiden k\u00e4yt\u00f6ss\u00e4. Sen ensisijainen teht\u00e4v\u00e4 on muuntaa hydraulinen energia mekaaniseksi liikkeeksi, joka liikuttaa koneen kauhaa. N\u00e4iden sylinterien suunnittelussa on k\u00e4ytetty eritt\u00e4in lujia materiaaleja, jotka kest\u00e4v\u00e4t rakennus- ja maatalousymp\u00e4rist\u00f6jen vaativat olosuhteet.<\/p>\n<h2>Puomin sylinterin ominaisuudet<\/h2>\n<ul>\n<li><strong>Korkea lujuus ja kest\u00e4vyys:<\/strong> Korkean lujuuden ter\u00e4ksest\u00e4 tai alumiinista valmistettu puomin sylinteri kest\u00e4\u00e4 korkeita paineita ja raskaita kuormia. Sen suunnittelussa on otettu huomioon kulutuskest\u00e4vyys ja korroosionkest\u00e4vyys, mik\u00e4 pident\u00e4\u00e4 sen k\u00e4ytt\u00f6ik\u00e4\u00e4.<\/li>\n<li><strong>Tehokas hydraulinen k\u00e4ytt\u00f6:<\/strong> Sylinteri k\u00e4ytt\u00e4\u00e4 hydrauli\u00f6ljyn painetta sujuvaan ulos- ja sis\u00e4\u00e4nvetoon, mik\u00e4 varmistaa nopean reagoinnin ohjauskomentoihin ja tarjoaa tehokkaan ty\u00f6nt\u00f6- ja vetovoiman, mik\u00e4 sopii erinomaisesti raskaiden ja monimutkaisten teht\u00e4vien k\u00e4sittelyyn.<\/li>\n<li><strong>Erilaisia \u200b\u200btyyppej\u00e4:<\/strong> Puomisylinteri on saatavana sek\u00e4 yksitoimisena (hydraulinen voima yhteen suuntaan) ett\u00e4 kaksitoimisena (hydraulinen voima molempiin suuntiin), ja se sopii erilaisiin k\u00e4ytt\u00f6tarpeisiin. Tietyt mallit ovat teleskooppisia, mik\u00e4 mahdollistaa suuremman jatkeen ilman ulkomittojen kasvua, mik\u00e4 sopii ahtaisiin k\u00e4ytt\u00f6tarkoituksiin.<\/li>\n<li><strong>Sopeutumiskyky:<\/strong> Laajan raskaskonevalikoiman kanssa yhteensopiva puomisylinteri voidaan r\u00e4\u00e4t\u00e4l\u00f6id\u00e4 tiettyihin malleihin ja k\u00e4ytt\u00f6tarkoituksiin, mik\u00e4 varmistaa saumattoman integroinnin olemassa oleviin j\u00e4rjestelmiin.<\/li>\n<li><strong>Laadunvarmistus:<\/strong> N\u00e4m\u00e4 sylinterit on valmistettu tiukkojen laadunvalvontamenettelyjen mukaisesti, ja ne on suunniteltu ylitt\u00e4m\u00e4\u00e4n alan standardit varmistaen luotettavan suorituskyvyn kaikissa k\u00e4ytt\u00f6olosuhteissa.<\/li>\n<\/ul>\n<p>Valmistuskykymme takaavat t\u00e4m\u00e4n tuotteen valmistuksen, ja se tarjoaa t\u00e4ydellisen korvaajan erilaisille hydraulisylintereille.<\/p>\n<p><img decoding=\"async\" src=\"https:\/\/www.hydraulic-cylinders.net\/wp-content\/uploads\/2025\/04\/songte-cylinder-head-with-all-kinds-excavator-models.webp\" alt=\"Kaivinkonemallien kuva\"><\/p>\n<h2>Puomisylinterin sovellukset<\/h2>\n<h3>Rakennuslaitteet<\/h3>\n<p>Kaivinkoneissa puomin sylinterit ovat v\u00e4ltt\u00e4m\u00e4tt\u00f6mi\u00e4 kaivamiseen, lastaamiseen ja maan tai roskien siirt\u00e4miseen. Rakenne antaa kuljettajille mahdollisuuden hallita kauhan syvyytt\u00e4 ja kulmaa, mik\u00e4 parantaa tehokkuutta ja tarkkuutta kaivut\u00f6iss\u00e4. Kaivurikuormaajissa n\u00e4m\u00e4 sylinterit helpottavat sek\u00e4 kaivamista ett\u00e4 nostamista, mik\u00e4 tekee niist\u00e4 monipuolisia ty\u00f6kaluja rakennusty\u00f6mailla.<\/p>\n<h3>Maatalouskoneet<\/h3>\n<p>Etukuormaajissa puomisylintereit\u00e4 k\u00e4ytet\u00e4\u00e4n maan, hein\u00e4n ja muiden materiaalien kaivamiseen, nostamiseen ja kuljettamiseen. Niiden kest\u00e4v\u00e4 rakenne ja luotettava toiminta parantavat maatalousteht\u00e4vien tuottavuutta, jolloin maanviljelij\u00e4t voivat siirt\u00e4\u00e4 raskaita kuormia helposti.<\/p>\n<h3>Kaivinkoneet<\/h3>\n<p>Puomin sylinteri mahdollistaa kauhan tunkeutumisen maaper\u00e4\u00e4n, mik\u00e4 mahdollistaa tehokkaan kaivun. T\u00e4m\u00e4 ominaisuus on ratkaisevan t\u00e4rke\u00e4 erilaisissa teht\u00e4viss\u00e4 ojituksesta tasaukseen, varmistaen, ett\u00e4 raskaat koneet toimivat optimaalisesti erilaisissa olosuhteissa.<\/p>\n<h3>Kuormaajat<\/h3>\n<p>Etukuormaajissa puomisylinterit auttavat kuormien tehokkaassa nostamisessa ja tyhjent\u00e4misess\u00e4. Niiden rakenne mahdollistaa sujuvan toiminnan, jolloin kuljettajat voivat hallita materiaalien nostamista ja tyhjent\u00e4mist\u00e4 tehokkaasti, mik\u00e4 on olennaista rakennus- ja materiaalink\u00e4sittelyymp\u00e4rist\u00f6iss\u00e4.<\/p>\n<h2>Suunnittelun\u00e4k\u00f6kohdat ja valintakriteerit<\/h2>\n<h3>Kantavuus<\/h3>\n<p>Puomisylinteri\u00e4 valittaessa on t\u00e4rke\u00e4\u00e4 ymm\u00e4rt\u00e4\u00e4 sen kuormituskapasiteetti. Sylinterin on kyett\u00e4v\u00e4 k\u00e4sittelem\u00e4\u00e4n koneen ja sen lis\u00e4laitteiden k\u00e4yt\u00f6n aikana aiheuttama enimm\u00e4ispaino. Hyvin kalibroitu kuormituskapasiteetti varmistaa turvallisuuden ja optimaalisen suorituskyvyn est\u00e4en laitteiden vikaantumisen tai onnettomuudet.<\/p>\n<h3>Tiivistyskyky<\/h3>\n<p>Tehokas tiivistys on ratkaisevan t\u00e4rke\u00e4\u00e4 hydraulisylintereiss\u00e4 paineen yll\u00e4pit\u00e4miseksi ja nestevuotojen est\u00e4miseksi. On k\u00e4ytett\u00e4v\u00e4 korkealaatuisia tiivisteit\u00e4, jotka on valmistettu kest\u00e4vist\u00e4 materiaaleista, kuten polyuretaanista tai nitriilikumista. Asianmukainen tiivistys varmistaa, ett\u00e4 hydraulineste pysyy hallinnassa, mik\u00e4 parantaa tehokkuutta ja v\u00e4hent\u00e4\u00e4 hydraulij\u00e4rjestelm\u00e4n kontaminaatioriski\u00e4.<\/p>\n<h3>Kest\u00e4vyys<\/h3>\n<p>Kest\u00e4vyys on keskeinen tekij\u00e4 hydraulisylintereiden suunnittelussa. Niiden on kestett\u00e4v\u00e4 ankaria ty\u00f6ymp\u00e4rist\u00f6j\u00e4, kuten \u00e4\u00e4rimm\u00e4isi\u00e4 l\u00e4mp\u00f6tiloja, p\u00f6ly\u00e4 ja kosteutta. Edistyksellisten pinnoitteiden ja kest\u00e4vien materiaalien k\u00e4ytt\u00f6 parantaa niiden kulumiskest\u00e4vyytt\u00e4 ja pident\u00e4\u00e4 niiden k\u00e4ytt\u00f6ik\u00e4\u00e4 merkitt\u00e4v\u00e4sti.<\/p>\n<h3>Turvaominaisuudet<\/h3>\n<p>Turvallisuuden tulisi aina olla etusijalla hydraulisylinterien suunnittelussa. Paineenalennusventtiilien, ylikuormitussuojan ja kest\u00e4vien kiinnitysvaihtoehtojen kaltaisten ominaisuuksien toteuttaminen voi est\u00e4\u00e4 onnettomuuksia ja varmistaa turvallisen k\u00e4yt\u00f6n kaikissa olosuhteissa. N\u00e4m\u00e4 ominaisuudet edist\u00e4v\u00e4t yleist\u00e4 k\u00e4ytt\u00f6turvallisuutta ja tarjoavat mielenrauhaa k\u00e4ytt\u00e4jille.<\/p>\n<h3>Huolto Esteett\u00f6myys<\/h3>\n<p>Hyv\u00e4ss\u00e4 suunnittelussa tulisi ottaa huomioon my\u00f6s huollon helppous. Hydraulisylinterit tulisi suunnitella siten, ett\u00e4 tiivisteisiin ja muihin s\u00e4\u00e4nn\u00f6llist\u00e4 tarkastusta tai vaihtoa vaativiin osiin on helppo p\u00e4\u00e4st\u00e4 k\u00e4siksi. T\u00e4m\u00e4 helppo p\u00e4\u00e4sy auttaa v\u00e4hent\u00e4m\u00e4\u00e4n seisokkiaikoja ja varmistaa, ett\u00e4 huolto voidaan suorittaa tehokkaasti pit\u00e4en koneet optimaalisessa kunnossa.<\/p>\n<p><img decoding=\"async\" src=\"https:\/\/www.hydraulic-cylinders.net\/wp-content\/uploads\/2025\/04\/songte-oil-pipes-and-spare-parts.webp\" alt=\"\u00d6ljyputket ja varaosat -kuva\"><\/p>\n<h2>Tiivistys ja voitelu<\/h2>\n<p>Hydraulij\u00e4rjestelmien eheys riippuu usein tiivistyksen ja voitelun laadusta. Erilaiset tiivistyselementit, kuten m\u00e4nn\u00e4ntiivisteet ja varren tiivisteet, ovat ratkaisevan t\u00e4rkeit\u00e4 paineen yll\u00e4pit\u00e4miseksi ja vuotojen est\u00e4miseksi. Kest\u00e4vien materiaalien, kuten polyuretaanin ja nitriilikumin, valitseminen tiivisteille parantaa kulumiskest\u00e4vyytt\u00e4 ja ymp\u00e4rist\u00f6tekij\u00f6iden kest\u00e4vyytt\u00e4.<\/p>\n<p>Lis\u00e4ksi sylinterin runko ja kierteitetyt p\u00e4\u00e4typinnat tulisi ty\u00f6st\u00e4\u00e4 tarkasti kulumiskest\u00e4vyyden parantamiseksi. S\u00e4\u00e4nn\u00f6llinen voitelu sopivalla hydrauliikka\u00f6ljyll\u00e4 on v\u00e4ltt\u00e4m\u00e4t\u00f6nt\u00e4 kitkan minimoimiseksi, joka voi johtaa ennenaikaiseen kulumiseen ja rikkoutumiseen. Asianmukaiset voiteluv\u00e4lit tulisi m\u00e4\u00e4ritt\u00e4\u00e4 k\u00e4ytt\u00f6olosuhteiden perusteella.<\/p>\n<h2>S\u00e4\u00e4nn\u00f6llinen tarkastus ja ennaltaehk\u00e4isev\u00e4 huolto<\/h2>\n<ul>\n<li><strong>S\u00e4\u00e4nn\u00f6lliset tarkastukset:<\/strong> Suorita hydraulisylintereille rutiinitarkastuksia kulumisen, vuotojen tai vaurioiden varalta. Ongelmien varhainen havaitseminen voi est\u00e4\u00e4 kalliita korjauksia ja seisokkeja.<\/li>\n<li><strong>Oikea voitelu:<\/strong> Varmista, ett\u00e4 sylinteri on riitt\u00e4v\u00e4sti voideltu valmistajan ohjeiden mukaisesti. Oikea voitelu v\u00e4hent\u00e4\u00e4 kitkaa ja pident\u00e4\u00e4 sylinterin k\u00e4ytt\u00f6ik\u00e4\u00e4.<\/li>\n<li><strong>Tiivisteen vaihto:<\/strong> Tarkista tiivisteiden kuluminen s\u00e4\u00e4nn\u00f6llisesti ja vaihda ne tarvittaessa tiiviyden s\u00e4ilytt\u00e4miseksi. T\u00e4m\u00e4 auttaa est\u00e4m\u00e4\u00e4n hydraulinesteen vuotoja ja yll\u00e4pit\u00e4\u00e4 j\u00e4rjestelm\u00e4n tehokkuutta.<\/li>\n<\/ul>\n<h2>Asennusohjeet<\/h2>\n<p>Puomisylinterin oikea asennus on ratkaisevan t\u00e4rke\u00e4\u00e4 sen pitk\u00e4ik\u00e4isyyden ja tehokkuuden kannalta. Aloita varmistamalla, ett\u00e4 kaikki kiinnityspinnat ovat puhtaat ja roskattomat. Kohdista sylinteri oikein kiinnityspisteisiin k\u00e4ytt\u00e4m\u00e4ll\u00e4 sopivia kiinnityskorvakkeita kiinnitt\u00e4\u00e4ksesi sen paikalleen. Varmista, ett\u00e4 kaikki hydrauliikkaletkut on kytketty oikein eik\u00e4 niiss\u00e4 ole mutkia tai ter\u00e4vi\u00e4 mutkia, jotka voisivat rajoittaa nesteen virtausta.<\/p>\n<p>Asennuksen j\u00e4lkeen ilmaa hydraulij\u00e4rjestelm\u00e4 mahdollisten ilmaj\u00e4\u00e4mien poistamiseksi. T\u00e4m\u00e4 vaihe on elint\u00e4rke\u00e4 optimaalisen toiminnan varmistamiseksi. Lopuksi suorita koeajo varmistaaksesi, ett\u00e4 sylinteri toimii tasaisesti ja tehokkaasti ilman vuotoja.<\/p>\n<h2>Yleiset huoltoteht\u00e4v\u00e4t<\/h2>\n<ul>\n<li><strong>S\u00e4\u00e4nn\u00f6lliset tarkastukset:<\/strong> S\u00e4\u00e4nn\u00f6lliset tarkastukset ovat elint\u00e4rkeit\u00e4 mahdollisten ongelmien tunnistamiseksi ennen niiden pahenemista. Tarkista vuodot, kuluminen ja mahdolliset ep\u00e4tavalliset \u00e4\u00e4net k\u00e4yt\u00f6n aikana. N\u00e4iden ongelmien korjaaminen varhain voi est\u00e4\u00e4 kalliita korjauksia.<\/li>\n<li><strong>Oikea voitelu:<\/strong> Puomisylinterin riitt\u00e4v\u00e4 voitelu on olennaista kitkan ja kulumisen v\u00e4hent\u00e4miseksi. Noudata valmistajan suosituksia voiteluv\u00e4leist\u00e4 ja hydrauli\u00f6ljytyypeist\u00e4 suorituskyvyn maksimoimiseksi.<\/li>\n<li><strong>Tiivisteen vaihto:<\/strong> Tiivisteet tulee tarkastaa s\u00e4\u00e4nn\u00f6llisesti ja vaihtaa tarvittaessa. Kuluneet tiivisteet voivat johtaa hydraulisiin vuotoihin, jotka heikent\u00e4v\u00e4t suorituskyky\u00e4 ja turvallisuutta. Tiivisteiden eheyden yll\u00e4pit\u00e4minen on ratkaisevan t\u00e4rke\u00e4\u00e4 hydraulisylinterien tehokkaan toiminnan kannalta.<\/li>\n<\/ul>\n<p>Oikea asennus, voitelu ja s\u00e4\u00e4d\u00f6t ovat avainasemassa puomisylinterin k\u00e4ytt\u00f6i\u00e4n ja tehokkuuden maksimoimiseksi. Asennuksen aikana varmista, ett\u00e4 sylinteri on kohdistettu oikein koneiston kanssa, jotta komponentteihin ei kohdistu tarpeetonta rasitusta. K\u00e4yt\u00e4 sopivia asennuskiinnikkeit\u00e4 sylinterin kiinnitt\u00e4miseen tukevasti ja minimoi liike k\u00e4yt\u00f6n aikana. Rutiinitarkastukset ja huolto auttavat tunnistamaan kulumisen ja repe\u00e4m\u00e4t varmistaen, ett\u00e4 j\u00e4rjestelm\u00e4 pysyy toimintakunnossa.<\/p>\n<p><img decoding=\"async\" src=\"https:\/\/www.hydraulic-cylinders.net\/wp-content\/uploads\/2025\/04\/songte-chushion-collar.webp\" alt=\"Tyynykauluksen kuva\"><\/p>\n<h2>Turvallisuusn\u00e4k\u00f6kohdat ja ymp\u00e4rist\u00f6tekij\u00e4t<\/h2>\n<p>Turvatoimenpiteet ovat ratkaisevan t\u00e4rkeit\u00e4 hydraulisten laitteiden kanssa ty\u00f6skennelt\u00e4ess\u00e4. K\u00e4ytt\u00e4j\u00e4t tulee kouluttaa ymm\u00e4rt\u00e4m\u00e4\u00e4n hydraulij\u00e4rjestelmiin liittyv\u00e4t mahdolliset vaarat, mukaan lukien hydraulinesteen vuotojen riski ja korkeapaineonnettomuuksien mahdollisuus. Asianmukaisten henkil\u00f6nsuojainten (PPE) k\u00e4ytt\u00f6 on v\u00e4ltt\u00e4m\u00e4t\u00f6nt\u00e4 vammojen v\u00e4ltt\u00e4miseksi. Lis\u00e4ksi s\u00e4\u00e4nn\u00f6llisten turvallisuustarkastusten ja huoltotarkastusten toteuttaminen voi auttaa lievent\u00e4m\u00e4\u00e4n riskej\u00e4.<\/p>\n<h2>Vianm\u00e4\u00e4ritys ja yleiset ongelmat<\/h2>\n<ul>\n<li><strong>Vuoto:<\/strong> Hydrauli\u00f6ljyn vuodot voivat usein johtua kuluneista tiivisteist\u00e4 tai vaurioituneista liitoksista. S\u00e4\u00e4nn\u00f6lliset tarkastukset on teht\u00e4v\u00e4 mahdollisten vuotojen havaitsemiseksi ja korjaamiseksi nopeasti.<\/li>\n<li><strong>Hidas toiminta:<\/strong> Jos sylinteri toimii hitaasti, se voi viitata alhaiseen hydrauliikka\u00f6ljyn tasoon tai j\u00e4rjestelm\u00e4\u00e4n j\u00e4\u00e4neeseen ilmaan. Tarkista \u00f6ljyn tasot ja ilmaa j\u00e4rjestelm\u00e4 tarvittaessa.<\/li>\n<li><strong>Ep\u00e4tavalliset \u00e4\u00e4net:<\/strong> Ep\u00e4tavalliset \u00e4\u00e4net k\u00e4yt\u00f6n aikana voivat viitata sis\u00e4isiin vaurioihin tai voitelun puutteeseen. Tutki \u00e4\u00e4nen l\u00e4hde ja korjaa se lis\u00e4vaurioiden est\u00e4miseksi.<\/li>\n<\/ul>\n<p>Ongelmien tehokkaaseen diagnosointiin ja ratkaisemiseen k\u00e4ytt\u00e4jien tulisi pit\u00e4\u00e4 yksityiskohtaista lokia sylinterin suorituskyvyst\u00e4 ja mahdollisista poikkeavuuksista. T\u00e4m\u00e4 loki voi auttaa tunnistamaan s\u00e4\u00e4nn\u00f6nmukaisuuksia ja helpottamaan ennaltaehk\u00e4isevi\u00e4 toimenpiteit\u00e4, mik\u00e4 v\u00e4hent\u00e4\u00e4 toistuvien ongelmien riski\u00e4.<\/p>\n<p><img decoding=\"async\" src=\"https:\/\/www.hydraulic-cylinders.net\/wp-content\/uploads\/2025\/04\/songte-bushings-with-all-kinds-of-excavator-models.webp\" alt=\"Holkit Kuva\"><\/p>\n<h2>Tietoa yrityksest\u00e4mme<\/h2>\n<p>Olemme johtava hydraulisten sylinterien vaihto-osien valmistaja. Tarjoamme laajan valikoiman tuotteita, jotka tekev\u00e4t meist\u00e4 yhden johtavista hydraulisten sylinterien valmistajista ja tukkumyyjist\u00e4 sek\u00e4 kotimaisilla ett\u00e4 kansainv\u00e4lisill\u00e4 markkinoilla. Sitoutumisemme huippuosaamiseen tukee hienostunut valmistusstrategia, jossa hy\u00f6dynnet\u00e4\u00e4n ammattitaitoista teknist\u00e4 henkil\u00f6st\u00f6\u00e4, edistyneit\u00e4 digitaalisia valmistuslaitteita ja erikoistuneita testausj\u00e4rjestelmi\u00e4 tuotantokapasiteettimme parantamiseksi.<\/p>\n<p>Laatuun keskittyminen varmistaa, ett\u00e4 vastaamme monipuolisiin asiakastarpeisiin tehokkaiden, tarkkojen ja korkealaatuisten valmistusprosessien avulla. Olemme ylpeit\u00e4 kyvyst\u00e4mme r\u00e4\u00e4t\u00e4l\u00f6id\u00e4 ratkaisuja, ja meill\u00e4 on useita kansainv\u00e4lisi\u00e4 sertifikaatteja, jotka todistavat luotettavuutemme ja suorituskykymme.<\/p>\n<p><img decoding=\"async\" src=\"https:\/\/www.hydraulic-cylinders.net\/wp-content\/uploads\/2025\/04\/songte-company-4.webp\" alt=\"Yrityksen imago\"><br \/>\n<img decoding=\"async\" src=\"https:\/\/www.hydraulic-cylinders.net\/wp-content\/uploads\/2025\/04\/songte-company-3.webp\" alt=\"Yrityksen imago\"><\/p>\n<p>Kirjoittaja: lyl<\/p>","protected":false},"excerpt":{"rendered":"<p>Boom Cylinder For Yigong CY65-8 Introduction to Boom Cylinder The Boom Cylinder is a critical component in hydraulic systems, especially in heavy machinery applications. Specifically designed for machines like excavators, backhoe loaders, and front loaders, this hydraulic cylinder controls the movement of the bucket. It enables the bucket to lift, lower, and tilt, facilitating efficient [&hellip;]<\/p>","protected":false},"featured_media":17876,"comment_status":"open","ping_status":"closed","template":"","meta":{"_et_pb_use_builder":"","_et_pb_old_content":"","_et_gb_content_width":""},"product_brand":[],"product_cat":[1546],"product_tag":[1547,1496],"class_list":{"0":"post-19718","1":"product","2":"type-product","3":"status-publish","4":"has-post-thumbnail","6":"product_cat-boom-cylinders","7":"product_tag-boom-cylinders","8":"product_tag-hydraulic-cylinders","10":"first","11":"instock","12":"shipping-taxable","13":"product-type-simple"},"amp_enabled":true,"_links":{"self":[{"href":"https:\/\/www.hydraulic-cylinders.net\/fi\/wp-json\/wp\/v2\/product\/19718","targetHints":{"allow":["GET"]}}],"collection":[{"href":"https:\/\/www.hydraulic-cylinders.net\/fi\/wp-json\/wp\/v2\/product"}],"about":[{"href":"https:\/\/www.hydraulic-cylinders.net\/fi\/wp-json\/wp\/v2\/types\/product"}],"replies":[{"embeddable":true,"href":"https:\/\/www.hydraulic-cylinders.net\/fi\/wp-json\/wp\/v2\/comments?post=19718"}],"wp:featuredmedia":[{"embeddable":true,"href":"https:\/\/www.hydraulic-cylinders.net\/fi\/wp-json\/wp\/v2\/media\/17876"}],"wp:attachment":[{"href":"https:\/\/www.hydraulic-cylinders.net\/fi\/wp-json\/wp\/v2\/media?parent=19718"}],"wp:term":[{"taxonomy":"product_brand","embeddable":true,"href":"https:\/\/www.hydraulic-cylinders.net\/fi\/wp-json\/wp\/v2\/product_brand?post=19718"},{"taxonomy":"product_cat","embeddable":true,"href":"https:\/\/www.hydraulic-cylinders.net\/fi\/wp-json\/wp\/v2\/product_cat?post=19718"},{"taxonomy":"product_tag","embeddable":true,"href":"https:\/\/www.hydraulic-cylinders.net\/fi\/wp-json\/wp\/v2\/product_tag?post=19718"}],"curies":[{"name":"wp","href":"https:\/\/api.w.org\/{rel}","templated":true}]}}