{"id":19719,"date":"2025-04-07T07:03:38","date_gmt":"2025-04-07T07:03:38","guid":{"rendered":"https:\/\/www.hydraulic-cylinders.net\/product\/boom-cylinder-for-yigong-cy860\/"},"modified":"2025-04-07T07:03:41","modified_gmt":"2025-04-07T07:03:41","slug":"boom-cylinder-for-yigong-cy860","status":"publish","type":"product","link":"https:\/\/www.hydraulic-cylinders.net\/fi\/tuote\/boom-cylinder-for-yigong-cy860\/","title":{"rendered":"Puomin sylinteri Yigong CY860:lle"},"content":{"rendered":"<h1>Puomin sylinteri Yigong CY860:lle<\/h1>\n<h2>Tuotteen yleiskatsaus<\/h2>\n<p>Yigong CY860:n puomisylinteri on erikoishydraulinen komponentti, joka on suunniteltu ohjaamaan raskaiden koneiden kauhojen liikett\u00e4. T\u00e4ll\u00e4 hydraulisylinterill\u00e4 on ratkaiseva rooli kaivinkoneissa, kaivurikuormaajissa ja etukuormaajissa, sill\u00e4 se mahdollistaa n\u00e4iden koneiden kauhojen tehokkaan nostamisen, laskemisen ja kallistamisen. Sen tarkka suunnittelu mahdollistaa saumattoman toiminnan erilaisissa materiaalink\u00e4sittelyteht\u00e4viss\u00e4, mik\u00e4 tekee siit\u00e4 olennaisen osan hydraulij\u00e4rjestelmi\u00e4.<\/p>\n<p><img decoding=\"async\" src=\"https:\/\/www.hydraulic-cylinders.net\/wp-content\/uploads\/2025\/04\/songte-company-1.webp\" alt=\"Puomin sylinteri Yigong CY860:lle\" \/><\/p>\n<h3>M\u00e4\u00e4ritelm\u00e4 ja toiminnallisuus<\/h3>\n<p>Kauhasylinteri, jota usein kutsutaan my\u00f6s puomisylinteriksi, on hydraulinen sylinterityyppi, jota k\u00e4ytet\u00e4\u00e4n erityisesti raskaissa koneissa kauhojen liikkeen hallintaan. N\u00e4m\u00e4 sylinterit k\u00e4ytt\u00e4v\u00e4t hydraulinestett\u00e4 luodakseen voiman, joka mahdollistaa kauhan liikkeen, mik\u00e4 on ratkaisevan t\u00e4rke\u00e4\u00e4 tehokkaan kaivamisen, nostamisen ja materiaalien kuljettamisen kannalta. Puomisylinterien rakenne varmistaa korkean suorituskyvyn ja luotettavuuden vaativissa ty\u00f6ymp\u00e4rist\u00f6iss\u00e4.<\/p>\n<h2>Puomin sylinterin ominaisuudet<\/h2>\n<ul>\n<li><strong>Korkea lujuus ja kest\u00e4vyys:<\/strong> N\u00e4m\u00e4 sylinterit on valmistettu eritt\u00e4in lujasta ter\u00e4ksest\u00e4 tai alumiinista, ja ne on rakennettu kest\u00e4m\u00e4\u00e4n korkeaa painetta ja raskaita kuormia, joten ne sopivat vaativiin ty\u00f6olosuhteisiin.<\/li>\n<li><strong>Tehokas hydraulinen k\u00e4ytt\u00f6:<\/strong> Rakenne mahdollistaa sujuvat sis\u00e4\u00e4n- ja ulosvedot, mik\u00e4 tarjoaa tehokkaat ty\u00f6nt\u00f6- ja veto-ominaisuudet, jotka ovat olennaisia \u200b\u200braskaissa nostoissa ja monimutkaisissa teht\u00e4viss\u00e4.<\/li>\n<li><strong>Erilaisia \u200b\u200btyyppej\u00e4:<\/strong> Saatavilla yksitoimisina (hydraulinen voima yhteen suuntaan) tai kaksitoimisina (hydraulinen voima kahteen suuntaan) kokoonpanoina vaihtelevien k\u00e4ytt\u00f6tarpeiden t\u00e4ytt\u00e4miseksi.<\/li>\n<li><strong>Kompakti muotoilu:<\/strong> Tietyiss\u00e4 malleissa on teleskooppinen rakenne, joka mahdollistaa suuremman pidennysosan ilman ulkomittojen kasvua, mik\u00e4 sopii erinomaisesti tilarajoitteisiin sovelluksiin.<\/li>\n<li><strong>Parannettu kulumis- ja korroosionkest\u00e4vyys:<\/strong> Kulumis- ja korroosionkest\u00e4vyysominaisuudet huomioon ottaen suunnitellut sylinterit ovat pitk\u00e4ik\u00e4isi\u00e4 ja vaativat harvempia vaihtoja.<\/li>\n<\/ul>\n<p>Tuotteemme voivat t\u00e4ydellisesti korvata n\u00e4m\u00e4 hydraulisylinterit.<\/p>\n<p><img decoding=\"async\" src=\"https:\/\/www.hydraulic-cylinders.net\/wp-content\/uploads\/2025\/04\/songte-cylinder-head-with-all-kinds-excavator-models.webp\" alt=\"Hydraulisylinterien vaihto\" \/><\/p>\n<h2>Puomisylinterin sovellukset<\/h2>\n<h3>Rakennuslaitteet<\/h3>\n<p>Kaivinkoneissa puomin sylinterit ovat ratkaisevan t\u00e4rkeit\u00e4 kaivamisessa, lastaamisessa ja maaper\u00e4n tai roskien siirt\u00e4misess\u00e4. Ne mahdollistavat tarkat liikkeet, joita tarvitaan tehokkaaseen kaivamiseen. Kaivurikuormaajissa n\u00e4m\u00e4 sylinterit auttavat sek\u00e4 kaivamisessa ett\u00e4 nostamisessa, mik\u00e4 tekee niist\u00e4 monipuolisia erilaisiin rakennusteht\u00e4viin.<\/p>\n<h3>Maatalouskoneet<\/h3>\n<p>Etukuormaajissa puomisylintereit\u00e4 k\u00e4ytet\u00e4\u00e4n maan, hein\u00e4n ja muiden materiaalien kauhaukseen, nostamiseen ja kuljettamiseen, mik\u00e4 parantaa maataloustoiminnan tuottavuutta. Niiden kest\u00e4v\u00e4 rakenne varmistaa, ett\u00e4 ne pystyv\u00e4t k\u00e4sittelem\u00e4\u00e4n maatalousteht\u00e4viss\u00e4 vaadittavat raskaat nostot.<\/p>\n<h3>Kaivinkoneet<\/h3>\n<p>Kauhasylinterit mahdollistavat kaivinkoneiden kaivutoiminnan, koska kauha tunkeutuu tehokkaasti maahan. Ne on suunniteltu tuottamaan voimakkaita liikkeit\u00e4, mik\u00e4 lis\u00e4\u00e4 kaivun tehokkuutta erilaisissa maastoissa.<\/p>\n<h3>Kuormaajat<\/h3>\n<p>Etukuormaajissa puomisylinterit auttavat kuormien nostamisessa ja tyhjent\u00e4misess\u00e4, tehostaen toimintoja ja lis\u00e4\u00e4m\u00e4ll\u00e4 materiaalink\u00e4sittelyteht\u00e4vien nopeutta ja tehokkuutta. Niiden luotettava suorituskyky on v\u00e4ltt\u00e4m\u00e4t\u00f6nt\u00e4 tehokkaalle lastaus- ja purkutoiminnalle.<\/p>\n<h2>Suunnittelun\u00e4k\u00f6kohdat ja valintakriteerit<\/h2>\n<h3>Kantavuus<\/h3>\n<p>Puomisylinteri\u00e4 valittaessa on eritt\u00e4in t\u00e4rke\u00e4\u00e4 arvioida sen kuormituskyky. Sylinterin on kyett\u00e4v\u00e4 k\u00e4sittelem\u00e4\u00e4n k\u00e4yt\u00f6ss\u00e4 ilmenev\u00e4t enimm\u00e4iskuormat ilman vikaantumista. Suunnittelun tulee varmistaa, ett\u00e4 sylinteri s\u00e4ilytt\u00e4\u00e4 rakenteellisen eheyden raskaiden kuormien alla, mik\u00e4 edellytt\u00e4\u00e4 materiaalin lujuuden, paksuuden ja kokonaisgeometrian arviointia.<\/p>\n<h3>Tiivistyksen luotettavuus<\/h3>\n<p>Tehokas tiivistys on ratkaisevan t\u00e4rke\u00e4\u00e4 hydraulisylintereille nestevuotojen est\u00e4miseksi, jotka voivat johtaa suorituskykyongelmiin ja heikent\u00e4\u00e4 tehokkuutta. Tiivistemateriaalien, kuten polyuretaanin ja nitriilikumin, valinta vaikuttaa sylinterin kykyyn yll\u00e4pit\u00e4\u00e4 painetta ja toimia tehokkaasti. Tiivisteiden s\u00e4\u00e4nn\u00f6lliset huoltotarkastukset ovat v\u00e4ltt\u00e4m\u00e4tt\u00f6mi\u00e4 kalliiden korjausten v\u00e4ltt\u00e4miseksi ja optimaalisen suorituskyvyn varmistamiseksi.<\/p>\n<h3>Kest\u00e4vyys<\/h3>\n<p>Kest\u00e4vyys on olennainen osa puomisylinterien suunnittelua. Tekij\u00e4t, kuten korkealaatuisten materiaalien valinta, pintak\u00e4sittelyt ja suojapinnoitteet, voivat pident\u00e4\u00e4 sylinterin k\u00e4ytt\u00f6ik\u00e4\u00e4 merkitt\u00e4v\u00e4sti. Kest\u00e4v\u00e4 sylinteri v\u00e4hent\u00e4\u00e4 seisokkiaikoja ja huoltokustannuksia, mik\u00e4 parantaa toiminnan tehokkuutta.<\/p>\n<h3>Turvaominaisuudet<\/h3>\n<p>Turvaominaisuudet ovat ensiarvoisen t\u00e4rkeit\u00e4 hydraulisylinterien suunnittelussa. Varoventtiilien ja paineenalennusj\u00e4rjestelmien sis\u00e4llytt\u00e4minen auttaa est\u00e4m\u00e4\u00e4n ylipaineistuksen ja mahdolliset onnettomuudet. Insin\u00f6\u00f6rien on otettava n\u00e4m\u00e4 turvallisuusn\u00e4k\u00f6kohdat huomioon alan standardien noudattamiseksi ja k\u00e4ytt\u00e4j\u00e4n turvallisuuden varmistamiseksi k\u00e4yt\u00f6n aikana.<\/p>\n<h3>Huolto Esteett\u00f6myys<\/h3>\n<p>Hydraulisylinterien suunnittelussa on t\u00e4rke\u00e4\u00e4 ottaa huomioon helppo huolto. Helppok\u00e4ytt\u00f6iset voitelukohdat ja helposti vaihdettavat tiivisteet helpottavat s\u00e4\u00e4nn\u00f6llist\u00e4 huoltoa, mik\u00e4 v\u00e4hent\u00e4\u00e4 sylinterin optimaalisen kunnon yll\u00e4pit\u00e4miseen kuluvaa aikaa ja vaivaa. Huollon helppoon saavutettavuuteen keskittyminen parantaa laitteiden yleist\u00e4 luotettavuutta.<\/p>\n<p><img decoding=\"async\" src=\"https:\/\/www.hydraulic-cylinders.net\/wp-content\/uploads\/2025\/04\/songte-oil-pipes-and-spare-parts.webp\" alt=\"Hydraulisylinterin osat\" \/><\/p>\n<h2>Tiivistys ja voitelu<\/h2>\n<p>Puomin sylinteriss\u00e4 k\u00e4ytet\u00e4\u00e4n erilaisia \u200b\u200btiivistyskomponentteja, kuten m\u00e4nn\u00e4ntiivisteit\u00e4 ja varren tiivisteit\u00e4. N\u00e4m\u00e4 tiivisteet on tyypillisesti valmistettu kulutusta kest\u00e4vist\u00e4 materiaaleista, kuten polyuretaanista ja nitriilikumista, mik\u00e4 varmistaa, ett\u00e4 ne kest\u00e4v\u00e4t ankaria k\u00e4ytt\u00f6olosuhteita. Sylinterin runko ja kierteitetyt p\u00e4\u00e4t on ty\u00f6stetty tarkasti kulutuskest\u00e4vyyden parantamiseksi ja siten k\u00e4ytt\u00f6i\u00e4n pident\u00e4miseksi. S\u00e4\u00e4nn\u00f6llinen voitelu hydrauliikka\u00f6ljyll\u00e4 on tarpeen optimaalisen suorituskyvyn yll\u00e4pit\u00e4miseksi ja kulumisen est\u00e4miseksi.<\/p>\n<h2>S\u00e4\u00e4nn\u00f6llinen tarkastus ja ennaltaehk\u00e4isev\u00e4 huolto<\/h2>\n<ul>\n<li><strong>Rutiinitarkastukset:<\/strong> S\u00e4\u00e4nn\u00f6lliset vuotojen, kulumisen ja muiden vaurioiden tarkastukset voivat auttaa tunnistamaan ongelmat ennen kuin ne johtavat vikoihin. Ennakoivan huoltoaikataulun toteuttaminen voi merkitt\u00e4v\u00e4sti v\u00e4hent\u00e4\u00e4 korjauskustannuksia ja seisokkiaikoja.<\/li>\n<li><strong>Asianmukainen voitelu:<\/strong> Oikean hydrauliikka\u00f6ljyn tason ja tyypin varmistaminen on ratkaisevan t\u00e4rke\u00e4\u00e4 sylinterin suorituskyvyn yll\u00e4pit\u00e4miseksi. Hydraulinesteen s\u00e4\u00e4nn\u00f6llinen lis\u00e4\u00e4minen ja vaihtaminen voi pident\u00e4\u00e4 sylinterin k\u00e4ytt\u00f6ik\u00e4\u00e4.<\/li>\n<li><strong>Tiivisteen vaihto:<\/strong> Ajan my\u00f6t\u00e4 tiivisteet voivat heikenty\u00e4 kulumisen ja ymp\u00e4rist\u00f6tekij\u00f6iden vuoksi. Tiivisteiden s\u00e4\u00e4nn\u00f6llinen tarkastus ja oikea-aikainen vaihto on v\u00e4ltt\u00e4m\u00e4t\u00f6nt\u00e4 sylinterin eheyden ja tehokkuuden yll\u00e4pit\u00e4miseksi.<\/li>\n<\/ul>\n<h2>Asennusohjeet<\/h2>\n<p>Puomisylinterin oikea asennus on ratkaisevan t\u00e4rke\u00e4\u00e4 sen optimaalisen suorituskyvyn kannalta. Varmista, ett\u00e4 sylinteri on kohdistettu oikein kiinnityskannattimiin, jotta v\u00e4ltet\u00e4\u00e4n liiallinen rasitus ja mahdolliset vauriot k\u00e4yt\u00f6n aikana. K\u00e4yt\u00e4 sopivia kiinnitystarvikkeita sylinterin kiinnitt\u00e4miseksi tukevasti paikalleen. On suositeltavaa tarkistaa valmistajan asennusoppaasta tarkat v\u00e4\u00e4nt\u00f6momenttiasetukset ja kohdistusohjeet. Lis\u00e4ksi kaikki hydrauliset liit\u00e4nn\u00e4t on tarkistettava vuotojen varalta asennuksen j\u00e4lkeen ja painekokeet on suoritettava oikean toiminnan varmistamiseksi.<\/p>\n<h2>Huoltoteht\u00e4v\u00e4t<\/h2>\n<ul>\n<li><strong>S\u00e4\u00e4nn\u00f6lliset tarkastukset:<\/strong> S\u00e4\u00e4nn\u00f6llisten visuaalisten ja toiminnallisten tarkastusten suorittaminen kulumisen, vaurioiden tai nestevuotojen havaitsemiseksi on olennaista. T\u00e4m\u00e4 ennakoiva l\u00e4hestymistapa auttaa puuttumaan mahdollisiin ongelmiin varhaisessa vaiheessa.<\/li>\n<li><strong>Oikea voitelu:<\/strong> Sylinterin riitt\u00e4v\u00e4 voitelu oikealla hydraulinesteell\u00e4 est\u00e4\u00e4 kulumista ja yll\u00e4pit\u00e4\u00e4 optimaalisen suorituskyvyn. Voiteluainetasojen s\u00e4\u00e4nn\u00f6lliset tarkistukset ovat v\u00e4ltt\u00e4m\u00e4tt\u00f6mi\u00e4.<\/li>\n<li><strong>Tiivisteiden vaihto ja kalibrointitarkastukset:<\/strong> Kuluneiden tiivisteiden s\u00e4\u00e4nn\u00f6llinen vaihtaminen ja sylinterin kalibroinnin tarkistaminen auttavat yll\u00e4pit\u00e4m\u00e4\u00e4n tarkkaa suorituskyky\u00e4. Asianmukainen kalibrointi varmistaa, ett\u00e4 sylinteri toimii m\u00e4\u00e4riteltyjen parametrien mukaisesti.<\/li>\n<\/ul>\n<p>Puomisylinterin asianmukainen asennus, voitelu ja s\u00e4\u00e4t\u00f6 ovat ratkaisevan t\u00e4rkeit\u00e4 sen pitk\u00e4ik\u00e4isyyden ja suorituskyvyn kannalta. Sylinterin oikea kohdistaminen asennuksen aikana ja asianmukaisten tukikiinnikkeiden k\u00e4ytt\u00f6 voivat est\u00e4\u00e4 virhekohdistuksia. Suositeltuja tarkastus-, korjaus- ja vaihtomenettelyj\u00e4 tulee noudattaa toiminnan tehokkuuden varmistamiseksi. Kunnostuspalveluiden ja vinkkien tarjoaminen hydraulisylinterien k\u00e4ytt\u00f6i\u00e4n pident\u00e4miseksi parantaa my\u00f6s k\u00e4ytt\u00f6kokemusta.<\/p>\n<p><img decoding=\"async\" src=\"https:\/\/www.hydraulic-cylinders.net\/wp-content\/uploads\/2025\/04\/songte-chushion-collar.webp\" alt=\"Tyynykaulus\" \/><\/p>\n<h2>Turvallisuusn\u00e4k\u00f6kohdat ja ymp\u00e4rist\u00f6tekij\u00e4t<\/h2>\n<p>Asianmukaisten turvatoimenpiteiden toteuttaminen hydraulisylintereiden k\u00e4yt\u00f6n aikana on kriittisen t\u00e4rke\u00e4\u00e4. K\u00e4ytt\u00e4j\u00e4t tulee kouluttaa tunnistamaan toimintah\u00e4iri\u00f6iden varoitusmerkit ja ymm\u00e4rt\u00e4m\u00e4\u00e4n turvallisuusprotokollien noudattamisen t\u00e4rkeys. Riitt\u00e4v\u00e4 k\u00e4ytt\u00e4jien koulutus ja turvallisuusohjeiden noudattaminen auttavat ehk\u00e4isem\u00e4\u00e4n onnettomuuksia ja varmistamaan turvallisen ty\u00f6ymp\u00e4rist\u00f6n.<\/p>\n<h2>Vianm\u00e4\u00e4ritys ja yleiset ongelmat<\/h2>\n<ul>\n<li><strong>Vuoto:<\/strong> Hydrauli\u00f6ljyn vuodot voivat viitata tiivisteiden vikaantumiseen tai vaurioitumiseen. Tiivisteiden s\u00e4\u00e4nn\u00f6llinen tarkastus ja oikea-aikainen vaihto voivat est\u00e4\u00e4 nesteh\u00e4vikki\u00e4 ja yll\u00e4pit\u00e4\u00e4 suorituskyky\u00e4.<\/li>\n<li><strong>Hidas tai ep\u00e4johdonmukainen liike:<\/strong> Jos sylinteri reagoi hitaasti tai ep\u00e4tasaisesti, se voi viitata alhaiseen hydrauliikka\u00f6ljyn tasoon tai voitelun tarpeeseen. Nestetasojen tarkistaminen ja asianmukaisen huollon varmistaminen voivat ratkaista n\u00e4m\u00e4 ongelmat.<\/li>\n<li><strong>Ep\u00e4tavalliset \u00e4\u00e4net:<\/strong> Kaikki k\u00e4yt\u00f6n aikana kuuluvat ep\u00e4normaalit \u00e4\u00e4net voivat olla merkki sis\u00e4isist\u00e4 vaurioista tai riitt\u00e4m\u00e4tt\u00f6m\u00e4st\u00e4 voitelusta. N\u00e4iden \u00e4\u00e4nien syy on tutkittava ja korjattava v\u00e4litt\u00f6m\u00e4sti.<\/li>\n<\/ul>\n<p>Vianm\u00e4\u00e4ritysvinkkien ja -ratkaisujen tarjoaminen yleisten sylinteriongelmien ratkaisemiseksi voi auttaa k\u00e4ytt\u00e4ji\u00e4 diagnosoimaan ja ratkaisemaan ongelmia tehokkaasti, mik\u00e4 minimoi toiminnan keskeytykset.<\/p>\n<p><img decoding=\"async\" src=\"https:\/\/www.hydraulic-cylinders.net\/wp-content\/uploads\/2025\/04\/songte-bushings-with-all-kinds-of-excavator-models.webp\" alt=\"Kaivinkoneen holkit\" \/><\/p>\n<h2>Yrityksen yleiskatsaus<\/h2>\n<p>Olemme johtava hydraulisten sylinterien valmistaja ja tukkumyyj\u00e4, jolla on kattava tuotevalikoima. Sitoutumisemme huippuosaamiseen ja hienostuneisiin valmistusstrategioihin asettaa meid\u00e4t johtavaksi toimittajaksi sek\u00e4 kotimaisilla ett\u00e4 kansainv\u00e4lisill\u00e4 markkinoilla. K\u00e4ytt\u00e4m\u00e4ll\u00e4 edistyneit\u00e4 valmistuslaitteita ja ammattimaisia \u200b\u200btestausj\u00e4rjestelmi\u00e4 parannamme jatkuvasti tuotantokapasiteettiamme ja laadunvarmistusprosessejamme. Keskittymisemme korkeaan tehokkuuteen, tarkkuuteen ja laatuun antaa meille mahdollisuuden vastata tehokkaasti monipuolisiin asiakastarpeisiin.<\/p>\n<p>Hydraulisylintereihin erikoistumisen lis\u00e4ksi tarjoamme r\u00e4\u00e4t\u00e4l\u00f6ityj\u00e4 palveluita, jotka on r\u00e4\u00e4t\u00e4l\u00f6ity ainutlaatuisten asiakkaiden tarpeisiin varmistaen tyytyv\u00e4isyyden ja suorituskyvyn. Tuotantolaitoksemme on varustettu huipputeknologialla, mink\u00e4 ansiosta voimme tuottaa luotettavia ja korkealaatuisia tuotteita jatkuvasti. Lis\u00e4ksi omistautunut j\u00e4lkimarkkinointitukemme varmistaa, ett\u00e4 asiakkaat saavat kattavaa tukea my\u00f6s oston j\u00e4lkeen.<\/p>\n<p><img decoding=\"async\" src=\"https:\/\/www.hydraulic-cylinders.net\/wp-content\/uploads\/2025\/04\/songte-company-4.webp\" alt=\"Yrityksen yleiskatsaus\" \/><br \/>\n<img decoding=\"async\" src=\"https:\/\/www.hydraulic-cylinders.net\/wp-content\/uploads\/2025\/04\/songte-company-3.webp\" alt=\"Tuotantolaitos\" \/><\/p>\n<p>Kirjoittaja: lyl<\/p>","protected":false},"excerpt":{"rendered":"<p>Boom Cylinder For Yigong CY860 Product Overview The Boom Cylinder for Yigong CY860 is a specialized hydraulic component designed to control the movement of heavy machinery buckets. This hydraulic cylinder plays a critical role in excavators, backhoe loaders, and front-end loaders, enabling these machines to lift, lower, and tilt their buckets efficiently. Its precise engineering [&hellip;]<\/p>","protected":false},"featured_media":17877,"comment_status":"open","ping_status":"closed","template":"","meta":{"_et_pb_use_builder":"","_et_pb_old_content":"","_et_gb_content_width":""},"product_brand":[],"product_cat":[1546],"product_tag":[1547,1496],"class_list":{"0":"post-19719","1":"product","2":"type-product","3":"status-publish","4":"has-post-thumbnail","6":"product_cat-boom-cylinders","7":"product_tag-boom-cylinders","8":"product_tag-hydraulic-cylinders","10":"first","11":"instock","12":"shipping-taxable","13":"product-type-simple"},"amp_enabled":true,"_links":{"self":[{"href":"https:\/\/www.hydraulic-cylinders.net\/fi\/wp-json\/wp\/v2\/product\/19719","targetHints":{"allow":["GET"]}}],"collection":[{"href":"https:\/\/www.hydraulic-cylinders.net\/fi\/wp-json\/wp\/v2\/product"}],"about":[{"href":"https:\/\/www.hydraulic-cylinders.net\/fi\/wp-json\/wp\/v2\/types\/product"}],"replies":[{"embeddable":true,"href":"https:\/\/www.hydraulic-cylinders.net\/fi\/wp-json\/wp\/v2\/comments?post=19719"}],"wp:featuredmedia":[{"embeddable":true,"href":"https:\/\/www.hydraulic-cylinders.net\/fi\/wp-json\/wp\/v2\/media\/17877"}],"wp:attachment":[{"href":"https:\/\/www.hydraulic-cylinders.net\/fi\/wp-json\/wp\/v2\/media?parent=19719"}],"wp:term":[{"taxonomy":"product_brand","embeddable":true,"href":"https:\/\/www.hydraulic-cylinders.net\/fi\/wp-json\/wp\/v2\/product_brand?post=19719"},{"taxonomy":"product_cat","embeddable":true,"href":"https:\/\/www.hydraulic-cylinders.net\/fi\/wp-json\/wp\/v2\/product_cat?post=19719"},{"taxonomy":"product_tag","embeddable":true,"href":"https:\/\/www.hydraulic-cylinders.net\/fi\/wp-json\/wp\/v2\/product_tag?post=19719"}],"curies":[{"name":"wp","href":"https:\/\/api.w.org\/{rel}","templated":true}]}}