{"id":19720,"date":"2025-04-07T07:03:41","date_gmt":"2025-04-07T07:03:41","guid":{"rendered":"https:\/\/www.hydraulic-cylinders.net\/product\/boom-cylinder-for-yigong-cy210\/"},"modified":"2025-04-07T07:03:43","modified_gmt":"2025-04-07T07:03:43","slug":"boom-cylinder-for-yigong-cy210","status":"publish","type":"product","link":"https:\/\/www.hydraulic-cylinders.net\/fi\/tuote\/boom-cylinder-for-yigong-cy210\/","title":{"rendered":"Puomin sylinteri Yigong CY210:lle"},"content":{"rendered":"<h1>Puomin sylinteri Yigong CY210:lle<\/h1>\n<h2>Johdatus puomin sylinteriin<\/h2>\n<p>Puomisylinteri on hydraulij\u00e4rjestelmien t\u00e4rke\u00e4 osa, ja se on erityisesti suunniteltu ohjaamaan kauhojen liikett\u00e4 erilaisissa raskaissa koneissa, kuten kaivinkoneissa, kaivurikuormaajissa ja etukuormaajissa. T\u00e4m\u00e4 hydraulisylinteri mahdollistaa kauhan nostamisen, laskemisen ja kallistuksen, mik\u00e4 helpottaa tehokasta materiaalink\u00e4sittely\u00e4. Puomisylinteri on suunniteltu kest\u00e4m\u00e4\u00e4n korkeita paineita ja raskaita kuormia, mik\u00e4 tarjoaa tarvittavan lujuuden ja kest\u00e4vyyden vaativissa sovelluksissa. Sen rooli hydraulij\u00e4rjestelmiss\u00e4 on elint\u00e4rke\u00e4, sill\u00e4 se muuntaa hydraulisen paineen mekaaniseksi liikkeeksi, jolloin k\u00e4ytt\u00e4j\u00e4t voivat suorittaa teht\u00e4vi\u00e4 tarkasti ja helposti.<\/p>\n<p><img decoding=\"async\" src=\"https:\/\/www.hydraulic-cylinders.net\/wp-content\/uploads\/2025\/04\/songte-company-1.webp\" alt=\"Yigong CY210:n puomin sylinteri\"><\/p>\n<h2>Puomin sylinterin ominaisuudet<\/h2>\n<ul>\n<li><strong>Korkea lujuus ja kest\u00e4vyys:<\/strong> Tyypillisesti lujasta ter\u00e4ksest\u00e4 tai alumiinista valmistettu puomin sylinteri on suunniteltu kest\u00e4m\u00e4\u00e4n korkeaa painetta ja raskaita kuormia vaativissa ty\u00f6ymp\u00e4rist\u00f6iss\u00e4. Sen suunnittelussa on otettu huomioon kulumiskest\u00e4vyys ja korroosionkest\u00e4vyys, mik\u00e4 pident\u00e4\u00e4 sen k\u00e4ytt\u00f6ik\u00e4\u00e4.<\/li>\n<li><strong>Tehokas hydraulinen k\u00e4ytt\u00f6:<\/strong> Sylinteri hy\u00f6dynt\u00e4\u00e4 hydrauli\u00f6ljyn painetta tasaisen ulos- ja sis\u00e4\u00e4nvet\u00e4ytymisen aikaansaamiseksi, mik\u00e4 mahdollistaa nopean reagoinnin ohjaussignaaleihin ja tarjoaa tehokkaat ty\u00f6nt\u00f6- ja veto-ominaisuudet, jotka sopivat raskaiden esineiden k\u00e4sittelyyn ja monimutkaisiin teht\u00e4viin.<\/li>\n<li><strong>Erilaisia \u200b\u200btyyppej\u00e4:<\/strong> Puomisylinterit voidaan valita tarpeen mukaan, mukaan lukien yksitoimiset (hydraulinen voima yhteen suuntaan) tai kaksitoimiset (hydraulinen voima molempiin suuntiin) sylinterit, joiden avulla ne voivat t\u00e4ytt\u00e4\u00e4 erilaisia \u200b\u200bk\u00e4ytt\u00f6vaatimuksia. Tietyt mallit ovat teleskooppisia, mik\u00e4 mahdollistaa suuremman jatkeen ilman ulkomittojen kasvua, mik\u00e4 sopii erinomaisesti tilarajoitteisiin sovelluksiin.<\/li>\n<li><strong>Mukautettavat mallit:<\/strong> Yrityksemme voi valmistaa t\u00e4m\u00e4n tuotteen r\u00e4\u00e4t\u00e4l\u00f6idyill\u00e4 vaatimuksillasi. Tuotteemme sopivat t\u00e4ydellisesti olemassa olevien hydraulisylintereiden tilalle.<\/li>\n<li><strong>Vankka rakenne:<\/strong> Jokainen puomin sylinteri on valmistettu edistyneill\u00e4 valmistustekniikoilla, mik\u00e4 varmistaa korkean luotettavuuden ja suorituskyvyn vaativissa olosuhteissa.<\/li>\n<\/ul>\n<p><img decoding=\"async\" src=\"https:\/\/www.hydraulic-cylinders.net\/wp-content\/uploads\/2025\/04\/songte-cylinder-head-with-all-kinds-excavator-models.webp\" alt=\"Sylinterikansi kaivinkonemalleille\"><\/p>\n<h2>Puomisylinterin sovellukset<\/h2>\n<h3>Rakennuslaitteet<\/h3>\n<p>Kaivinkoneissa puomin sylinterit ovat kriittisi\u00e4 kaivamisessa, lastaamisessa ja maan tai roskien siirt\u00e4misess\u00e4. Ne tarjoavat tarvittavan voiman kauhan tehokkaaseen nostamiseen ja laskemiseen, jolloin kuljettajat voivat suorittaa kaivuuteht\u00e4vi\u00e4 tarkasti. N\u00e4iden sylinterien suorituskyky vaikuttaa suoraan rakennusprojektien tuottavuuteen ja tehokkuuteen.<\/p>\n<h3>Maatalouskoneet<\/h3>\n<p>Etukuormaajissa k\u00e4ytett\u00e4v\u00e4t puomisylinterit auttavat maan, hein\u00e4n ja muiden materiaalien kauhaamisessa, nostamisessa ja kuljettamisessa. Niiden kyky tarjota tasainen liike ja merkitt\u00e4v\u00e4 nostovoima tekev\u00e4t niist\u00e4 korvaamattomia maatalousteht\u00e4viss\u00e4, parantaen esimerkiksi materiaalien lastaamisen ja purkamisen tehokkuutta.<\/p>\n<h3>Kaivinkoneet<\/h3>\n<p>Kaivinkoneissa puomin sylinteri mahdollistaa kauhan tunkeutumisen maahan, mik\u00e4 mahdollistaa tehokkaan kaivuty\u00f6n. Sen tehokas hydraulinen toiminta varmistaa, ett\u00e4 kuljettajat pystyv\u00e4t k\u00e4sittelem\u00e4\u00e4n erilaisia \u200b\u200bmaaper\u00e4tyyppej\u00e4 ja -olosuhteita, mik\u00e4 lis\u00e4\u00e4 kaivinkoneiden monipuolisuutta ja tehokkuutta ty\u00f6mailla.<\/p>\n<h3>Kuormaajat<\/h3>\n<p>Etukuormaajissa puomin sylinterit ovat v\u00e4ltt\u00e4m\u00e4tt\u00f6mi\u00e4 kuormien tehokkaalle nostamiselle ja tyhjent\u00e4miselle. Ne auttavat materiaalien nostamisessa ja kauhan kallistamisessa sis\u00e4ll\u00f6n tarkan vapauttamisen varmistamiseksi, mik\u00e4 tekee niist\u00e4 ratkaisevan t\u00e4rkeit\u00e4 tehokkaalle materiaalink\u00e4sittelylle rakennus- ja maisemointit\u00f6iss\u00e4.<\/p>\n<h2>Suunnittelun\u00e4k\u00f6kohdat ja valintakriteerit<\/h2>\n<h3>Kantavuus<\/h3>\n<p>Puomisylinteri\u00e4 valittaessa on ratkaisevan t\u00e4rke\u00e4\u00e4 ymm\u00e4rt\u00e4\u00e4 kuormankesto. Se m\u00e4\u00e4ritt\u00e4\u00e4, kuinka paljon painoa sylinteri voi turvallisesti nostaa ja k\u00e4sitell\u00e4. Kuormakapasiteetin on oltava hyvin sovitettu koneisiin ja niiden suorittamiin teht\u00e4viin, jotta v\u00e4ltet\u00e4\u00e4n mekaaniset viat ja varmistetaan k\u00e4ytt\u00f6turvallisuus.<\/p>\n<h3>Tiivistyskyky<\/h3>\n<p>Tiivistyskyky on elint\u00e4rke\u00e4\u00e4 hydraulisylintereille vuotojen est\u00e4miseksi ja paineen yll\u00e4pit\u00e4miseksi. Laadukkaat tiivisteet ovat v\u00e4ltt\u00e4m\u00e4tt\u00f6mi\u00e4 sylinterin pitk\u00e4ik\u00e4isyyden ja luotettavuuden varmistamiseksi. Oikeat tiivistysmekanismit pit\u00e4v\u00e4t hydraulinesteen sis\u00e4ll\u00e4\u00e4n, est\u00e4en toiminnan menetyksen ja varmistaen tasaisen suorituskyvyn vaihtelevissa olosuhteissa.<\/p>\n<h3>Kest\u00e4vyys ja pitk\u00e4ik\u00e4isyys<\/h3>\n<p>Kest\u00e4vyys on keskeinen tekij\u00e4 puomisylintereit\u00e4 harkittaessa. Niiden on kestett\u00e4v\u00e4 ankaria ymp\u00e4rist\u00f6olosuhteita, kuten \u00e4\u00e4rimm\u00e4isi\u00e4 l\u00e4mp\u00f6tiloja, kosteutta ja likaa. Rakenteessa k\u00e4ytettyjen materiaalien tulee olla kulumisen ja korroosion kest\u00e4vi\u00e4, mik\u00e4 varmistaa sylinterin optimaalisen toiminnan koko k\u00e4ytt\u00f6ik\u00e4ns\u00e4 ajan ilman usein tapahtuvia vaihtoja.<\/p>\n<h3>Turvaominaisuudet<\/h3>\n<p>Hydraulisylinterien turvaominaisuudet ovat ratkaisevan t\u00e4rkeit\u00e4 onnettomuuksien ehk\u00e4isemisess\u00e4 ja k\u00e4ytt\u00e4j\u00e4n turvallisuuden varmistamisessa. N\u00e4it\u00e4 voivat olla paineenalennusventtiilit, turvalukot ja vikasietomekanismit, jotka suojaavat \u00e4killisilt\u00e4 vioilta tai toimintah\u00e4iri\u00f6ilt\u00e4 ja edist\u00e4v\u00e4t turvallisempaa toimintaa haastavissa ymp\u00e4rist\u00f6iss\u00e4.<\/p>\n<h3>Huolto Esteett\u00f6myys<\/h3>\n<p>Puomisylinterien suunnittelussa on t\u00e4rke\u00e4\u00e4 ottaa huomioon niiden huolto. S\u00e4\u00e4nn\u00f6llisten tarkastusten, korjausten ja voitelun helppo saatavuus varmistaa, ett\u00e4 sylinteri pysyy optimaalisessa toimintakunnossa. Tiivisteisiin ja komponentteihin helppo p\u00e4\u00e4sy helpottaa ennakoivaa huoltoa ja pident\u00e4\u00e4 sylinterin k\u00e4ytt\u00f6ik\u00e4\u00e4.<\/p>\n<p><img decoding=\"async\" src=\"https:\/\/www.hydraulic-cylinders.net\/wp-content\/uploads\/2025\/04\/songte-oil-pipes-and-spare-parts.webp\" alt=\"\u00d6ljyputket ja varaosat\"><\/p>\n<h2>Tiivistys ja voitelu<\/h2>\n<p>Puomisylinterien tiivistys- ja voiteluj\u00e4rjestelm\u00e4t ovat kriittisi\u00e4 niiden tehokkaan toiminnan kannalta. Erilaiset tiivisteet, kuten m\u00e4nn\u00e4ntiivisteet ja varren tiivisteet, ovat avainasemassa hydraulisen paineen yll\u00e4pit\u00e4misess\u00e4 ja vuotojen est\u00e4misess\u00e4. Tiivisteet valmistetaan usein kulutusta kest\u00e4vist\u00e4 materiaaleista, kuten polyuretaanista ja nitriilikumista, kest\u00e4vyyden ja suorituskyvyn parantamiseksi.<\/p>\n<p>Sylinterin runko ja kierteitetyt p\u00e4\u00e4typinnat k\u00e4sitell\u00e4\u00e4n tarkasti kulutuskest\u00e4vyyden parantamiseksi, mik\u00e4 on olennaista pitk\u00e4aikaisen toiminnan kannalta. S\u00e4\u00e4nn\u00f6llinen voitelu hydrauliikka\u00f6ljyll\u00e4 varmistaa liikkuvien osien sujuvan toiminnan, v\u00e4hent\u00e4\u00e4 kitkaa ja kulumista ja pident\u00e4\u00e4 samalla sylinterin k\u00e4ytt\u00f6ik\u00e4\u00e4.<\/p>\n<h2>Ennaltaehk\u00e4isev\u00e4t huoltotoimenpiteet<\/h2>\n<ul>\n<li><strong>S\u00e4\u00e4nn\u00f6lliset tarkastukset:<\/strong> Tee perusteelliset tarkastukset mahdollisten kulumisen tai vuotojen havaitsemiseksi. Ongelmien varhainen havaitseminen voi est\u00e4\u00e4 vakavia vikoja ja kalliita korjauksia.<\/li>\n<li><strong>Oikea voitelu:<\/strong> Varmista, ett\u00e4 hydrauliikka\u00f6ljyn taso on oikea ja vaihda se tarvittaessa. T\u00e4m\u00e4 est\u00e4\u00e4 ylikuumenemisen ja v\u00e4hent\u00e4\u00e4 sis\u00e4isten osien kulumista.<\/li>\n<li><strong>Tiivisteen vaihto:<\/strong> Tarkista tiivisteet s\u00e4\u00e4nn\u00f6llisesti vaurioiden tai kulumisen varalta. Tiivisteiden oikea-aikainen vaihtaminen voi est\u00e4\u00e4 vuotoja ja yll\u00e4pit\u00e4\u00e4 hydraulipainetta optimaalisen suorituskyvyn saavuttamiseksi.<\/li>\n<\/ul>\n<h2>Asennusohjeet<\/h2>\n<p>Puomisylinterin oikea asennus on ratkaisevan t\u00e4rke\u00e4\u00e4 sen suorituskyvyn ja pitk\u00e4n k\u00e4ytt\u00f6i\u00e4n kannalta. Aloita varmistamalla, ett\u00e4 ty\u00f6tila on puhdas ja vapaa roskista, jotka voisivat vaikuttaa asennukseen. Kiinnit\u00e4 sylinteri sopivilla kiinnikkeill\u00e4 ja varmista, ett\u00e4 se on kohdistettu oikein koneiston kanssa.<\/p>\n<p>Asennuksen yhteydess\u00e4 on noudatettava valmistajan ohjeita v\u00e4\u00e4nt\u00f6momentin ja linjauksen suhteen. T\u00e4m\u00e4 varmistaa, ett\u00e4 sylinteri toimii sujuvasti ja turvallisesti. Asennuksen j\u00e4lkeen on tarkistettava mahdollisten hydraulisten vuotojen varalta ja varmistettava, ett\u00e4 sylinteri liikkuu vapaasti ja esteett\u00e4. Asennuksen s\u00e4\u00e4nn\u00f6llinen tarkastus auttaa yll\u00e4pit\u00e4m\u00e4\u00e4n optimaalista suorituskyky\u00e4 ja turvallisuutta.<\/p>\n<h2>Yleiset huoltoteht\u00e4v\u00e4t<\/h2>\n<h3>S\u00e4\u00e4nn\u00f6lliset tarkastukset<\/h3>\n<p>Puomisylinterin s\u00e4\u00e4nn\u00f6lliset tarkastukset auttavat tunnistamaan mahdolliset ongelmat ennen kuin niist\u00e4 tulee vakavia. T\u00e4h\u00e4n sis\u00e4ltyy vuotojen ja ep\u00e4tavallisten \u00e4\u00e4nien tarkistaminen sek\u00e4 hydraulinesteen oikean m\u00e4\u00e4r\u00e4n varmistaminen. S\u00e4\u00e4nn\u00f6llinen valvonta voi tehokkaasti est\u00e4\u00e4 vakavia vikoja.<\/p>\n<h3>Oikea voitelu<\/h3>\n<p>Oikean voitelun varmistaminen on v\u00e4ltt\u00e4m\u00e4t\u00f6nt\u00e4 puomin sylinterin toiminnan yll\u00e4pit\u00e4miseksi. K\u00e4yt\u00e4 suositeltua hydrauliikkanestett\u00e4 ja noudata valmistajan ohjeita nesteen vaihtov\u00e4leist\u00e4. Oikea voitelu v\u00e4hent\u00e4\u00e4 kitkaa ja kulumista, mik\u00e4 pident\u00e4\u00e4 sylinterin k\u00e4ytt\u00f6ik\u00e4\u00e4.<\/p>\n<h3>Tiivisteiden vaihto ja kalibrointitarkastukset<\/h3>\n<p>Tiivisteiden vaihtaminen on ratkaisevan t\u00e4rke\u00e4\u00e4 hydraulisen eheyden yll\u00e4pit\u00e4miseksi. Tarkista tiivisteet s\u00e4\u00e4nn\u00f6llisesti ja vaihda ne, jos niiss\u00e4 havaitaan kulumista tai vaurioita. Kalibrointitarkastukset ovat my\u00f6s t\u00e4rkeit\u00e4 sen varmistamiseksi, ett\u00e4 sylinteri toimii m\u00e4\u00e4riteltyjen parametrien mukaisesti, mik\u00e4 parantaa turvallisuutta ja tehokkuutta.<\/p>\n<p><img decoding=\"async\" src=\"https:\/\/www.hydraulic-cylinders.net\/wp-content\/uploads\/2025\/04\/songte-chushion-collar.webp\" alt=\"Tyynykaulus\"><\/p>\n<h2>Turvallisuusn\u00e4k\u00f6kohdat ja ymp\u00e4rist\u00f6tekij\u00e4t<\/h2>\n<p>Turvatoimenpiteet ovat ensiarvoisen t\u00e4rkeit\u00e4 hydraulisylintereit\u00e4 k\u00e4ytett\u00e4ess\u00e4. K\u00e4ytt\u00e4j\u00e4t on koulutettava ymm\u00e4rt\u00e4m\u00e4\u00e4n hydraulij\u00e4rjestelmiin liittyv\u00e4t mahdolliset vaarat. Asianmukaiset turvallisuusprotokollat, mukaan lukien henkil\u00f6nsuojainten k\u00e4ytt\u00f6 ja k\u00e4ytt\u00f6ohjeiden noudattaminen, ovat olennaisia \u200b\u200bty\u00f6paikan riskien minimoimiseksi.<\/p>\n<h2>Vianm\u00e4\u00e4ritys ja yleiset ongelmat<\/h2>\n<ul>\n<li><strong>Hydraulisen paineen menetys:<\/strong> T\u00e4m\u00e4 voi johtua j\u00e4rjestelm\u00e4n vuodoista, viallisista tiivisteist\u00e4 tai riitt\u00e4m\u00e4tt\u00f6m\u00e4st\u00e4 hydraulinesteest\u00e4. Tarkista n\u00e4kyvien vuotojen varalta ja varmista, ett\u00e4 hydraulinestett\u00e4 on oikealla tasolla.<\/li>\n<li><strong>Hidas toiminta:<\/strong> Hidas puomin sylinteri voi viitata alhaiseen hydraulinesteen tasoon tai likaantuneeseen nesteeseen. S\u00e4\u00e4nn\u00f6llinen huolto ja nesteiden vaihto voivat auttaa est\u00e4m\u00e4\u00e4n t\u00e4m\u00e4n ongelman.<\/li>\n<li><strong>Odottamattomia \u00e4\u00e4ni\u00e4:<\/strong> Ep\u00e4tavalliset \u00e4\u00e4net k\u00e4yt\u00f6n aikana voivat olla merkki sis\u00e4isest\u00e4 kulumisesta, l\u00f6ysist\u00e4 osista tai voitelun puutteesta. Tee perusteelliset tarkastukset \u00e4\u00e4nen syyn tunnistamiseksi ja korjaamiseksi.<\/li>\n<\/ul>\n<h2>Vianm\u00e4\u00e4ritysvinkkej\u00e4<\/h2>\n<p>Hydraulisylinterien ongelmien tehokas vianm\u00e4\u00e4ritys aloitetaan suorittamalla koko hydraulij\u00e4rjestelm\u00e4n systemaattinen tarkistus. Tunnista kaikki n\u00e4kyv\u00e4t ongelmat, kuten vuodot, ja kuuntele ep\u00e4tavallisia \u00e4\u00e4ni\u00e4 k\u00e4yt\u00f6n aikana. Varmista, ett\u00e4 hydraulineste on puhdasta ja oikealla tasolla, ja vaihda se tarvittaessa.<\/p>\n<p>Ennaltaehk\u00e4isevien toimenpiteiden, kuten s\u00e4\u00e4nn\u00f6llisen huollon ja tarkastusten, toteuttaminen voi merkitt\u00e4v\u00e4sti v\u00e4hent\u00e4\u00e4 ongelmien todenn\u00e4k\u00f6isyytt\u00e4. My\u00f6s k\u00e4ytt\u00e4jien kouluttaminen hydraulisten j\u00e4rjestelmien asianmukaiseen k\u00e4ytt\u00f6\u00f6n ja hoitoon auttaa minimoimaan mahdolliset ongelmat.<\/p>\n<p><img decoding=\"async\" src=\"https:\/\/www.hydraulic-cylinders.net\/wp-content\/uploads\/2025\/04\/songte-bushings-with-all-kinds-of-excavator-models.webp\" alt=\"Kaivinkonemallien holkit\"><\/p>\n<h2>Tietoa yrityksest\u00e4mme<\/h2>\n<p>Olemme johtava hydraulisten varaosien valmistaja ja tukkumyyj\u00e4. Tarjoamme kattavan valikoiman tuotteita, jotka ovat vakiinnuttaneet asemamme edell\u00e4k\u00e4vij\u00e4n\u00e4 sek\u00e4 kotimaisilla ett\u00e4 kansainv\u00e4lisill\u00e4 markkinoilla. Sitoutumisemme erinomaiseen laatuun tukee hienostunut tuotannonohjausstrategia, joka hy\u00f6dynt\u00e4\u00e4 edistyneit\u00e4 tuotantolaitoksia.<\/p>\n<p>Keskittym\u00e4ll\u00e4 ammattitaitoiseen henkil\u00f6st\u00f6\u00f6n, huippuluokan digitaalisiin valmistuslaitteisiin ja ammattimaisiin testausj\u00e4rjestelmiin parannamme jatkuvasti tuotantoalustaamme. Vahva innovaatiokykymme yhdistettyn\u00e4 korkean tehokkuuden, tarkkuuden ja laadun periaatteisiin antaa meille mahdollisuuden vastata monipuolisiin asiakastarpeisiin.<\/p>\n<p><img decoding=\"async\" src=\"https:\/\/www.hydraulic-cylinders.net\/wp-content\/uploads\/2025\/04\/songte-company-4.webp\" alt=\"Yrityksen yleiskatsaus\"><br \/>\n<img decoding=\"async\" src=\"https:\/\/www.hydraulic-cylinders.net\/wp-content\/uploads\/2025\/04\/songte-company-3.webp\" alt=\"Yrityksen kohokohdat\"><\/p>\n<p>Kirjoittaja: lyl<\/p>","protected":false},"excerpt":{"rendered":"<p>Boom Cylinder For Yigong CY210 Introduction to Boom Cylinder A boom cylinder is a crucial component in hydraulic systems, specifically designed to control the movement of buckets in various heavy machinery, such as excavators, backhoe loaders, and front-end loaders. This hydraulic cylinder enables the bucket to lift, lower, and tilt, facilitating efficient material handling tasks. [&hellip;]<\/p>","protected":false},"featured_media":17878,"comment_status":"open","ping_status":"closed","template":"","meta":{"_et_pb_use_builder":"","_et_pb_old_content":"","_et_gb_content_width":""},"product_brand":[],"product_cat":[1546],"product_tag":[1547,1496],"class_list":{"0":"post-19720","1":"product","2":"type-product","3":"status-publish","4":"has-post-thumbnail","6":"product_cat-boom-cylinders","7":"product_tag-boom-cylinders","8":"product_tag-hydraulic-cylinders","10":"first","11":"instock","12":"shipping-taxable","13":"product-type-simple"},"amp_enabled":true,"_links":{"self":[{"href":"https:\/\/www.hydraulic-cylinders.net\/fi\/wp-json\/wp\/v2\/product\/19720","targetHints":{"allow":["GET"]}}],"collection":[{"href":"https:\/\/www.hydraulic-cylinders.net\/fi\/wp-json\/wp\/v2\/product"}],"about":[{"href":"https:\/\/www.hydraulic-cylinders.net\/fi\/wp-json\/wp\/v2\/types\/product"}],"replies":[{"embeddable":true,"href":"https:\/\/www.hydraulic-cylinders.net\/fi\/wp-json\/wp\/v2\/comments?post=19720"}],"wp:featuredmedia":[{"embeddable":true,"href":"https:\/\/www.hydraulic-cylinders.net\/fi\/wp-json\/wp\/v2\/media\/17878"}],"wp:attachment":[{"href":"https:\/\/www.hydraulic-cylinders.net\/fi\/wp-json\/wp\/v2\/media?parent=19720"}],"wp:term":[{"taxonomy":"product_brand","embeddable":true,"href":"https:\/\/www.hydraulic-cylinders.net\/fi\/wp-json\/wp\/v2\/product_brand?post=19720"},{"taxonomy":"product_cat","embeddable":true,"href":"https:\/\/www.hydraulic-cylinders.net\/fi\/wp-json\/wp\/v2\/product_cat?post=19720"},{"taxonomy":"product_tag","embeddable":true,"href":"https:\/\/www.hydraulic-cylinders.net\/fi\/wp-json\/wp\/v2\/product_tag?post=19720"}],"curies":[{"name":"wp","href":"https:\/\/api.w.org\/{rel}","templated":true}]}}