{"id":19722,"date":"2025-04-07T07:03:54","date_gmt":"2025-04-07T07:03:54","guid":{"rendered":"https:\/\/www.hydraulic-cylinders.net\/product\/boom-cylinder-for-yigong-cy330lc-8\/"},"modified":"2025-04-07T07:03:57","modified_gmt":"2025-04-07T07:03:57","slug":"boom-cylinder-for-yigong-cy330lc-8","status":"publish","type":"product","link":"https:\/\/www.hydraulic-cylinders.net\/fi\/tuote\/boom-cylinder-for-yigong-cy330lc-8\/","title":{"rendered":"Puomin sylinteri Yigong CY330LC-8:lle"},"content":{"rendered":"<h1>Puomin sylinteri Yigong CY330LC-8:lle<\/h1>\n<h2>Tuotteen yleiskatsaus<\/h2>\n<p>Yigong CY330LC-8:n puomin sylinteri on t\u00e4rke\u00e4 hydrauliikkakomponentti, joka on suunniteltu erityisesti ohjaamaan raskaiden koneiden, kuten kaivinkoneiden, kaivurikuormaajien ja etukuormaajien, puomin liikett\u00e4. T\u00e4m\u00e4 hydrauliikkasylinteri mahdollistaa puomin nostamisen, laskemisen ja kallistuksen, mik\u00e4 helpottaa tehokasta materiaalink\u00e4sittely\u00e4. Hydraulisylinterin\u00e4 se k\u00e4ytt\u00e4\u00e4 paineistettua hydrauliikkanestett\u00e4 lineaarisen liikkeen luomiseen, mik\u00e4 on v\u00e4ltt\u00e4m\u00e4t\u00f6nt\u00e4 erilaisten rakennus- ja maatalouskoneiden toiminnalle.<\/p>\n<p><img decoding=\"async\" src=\"https:\/\/www.hydraulic-cylinders.net\/wp-content\/uploads\/2025\/04\/songte-company-1.webp\" alt=\"Puomin sylinterin kuva\"><\/p>\n<h3>Toiminnot ja sovellukset<\/h3>\n<p>Kauhasylinterill\u00e4 on ratkaiseva rooli hydraulij\u00e4rjestelmiss\u00e4, sill\u00e4 se mahdollistaa raskaiden koneiden liikkeiden tarkan hallinnan. Rakennusalalla se auttaa kaivamisessa, lastaamisessa ja materiaalien siirt\u00e4misess\u00e4 varmistaen, ett\u00e4 teht\u00e4v\u00e4t suoritetaan tehokkaasti. Kauhasylinterin rakenne vastaa raskaiden koneiden korkeisiin vaatimuksiin, mik\u00e4 tekee siit\u00e4 v\u00e4ltt\u00e4m\u00e4tt\u00f6m\u00e4n sek\u00e4 rakennusalalla ett\u00e4 maataloudessa.<\/p>\n<h2>T\u00e4rkeimm\u00e4t ominaisuudet<\/h2>\n<ul>\n<li><strong>Korkea lujuus ja kest\u00e4vyys:<\/strong> Korkean lujuuden ter\u00e4ksest\u00e4 tai alumiinista valmistettu puomin sylinteri on suunniteltu kest\u00e4m\u00e4\u00e4n korkeaa painetta ja raskaita kuormia, joten se sopii vaativiin ty\u00f6olosuhteisiin.<\/li>\n<li><strong>Tehokas hydraulinen k\u00e4ytt\u00f6:<\/strong> Hydrauli\u00f6ljyn painetta hy\u00f6dynt\u00e4v\u00e4t n\u00e4m\u00e4 sylinterit tarjoavat tasaisen ojennuksen ja sis\u00e4\u00e4nvedon, mik\u00e4 mahdollistaa tehokkaat ty\u00f6nt\u00f6- ja veto-ominaisuudet raskaiden ja monimutkaisten teht\u00e4vien k\u00e4sittelyyn.<\/li>\n<li><strong>Erilaisia \u200b\u200btyyppej\u00e4:<\/strong> Puomisylinteri\u00e4 on saatavilla yksi- ja kaksitoimisina malleina, ja sit\u00e4 voidaan r\u00e4\u00e4t\u00e4l\u00f6id\u00e4 vastaamaan erityisi\u00e4 k\u00e4ytt\u00f6tarpeita, mukaan lukien teleskooppimallit kompakteja sovelluksia varten.<\/li>\n<li><strong>Parannettu suorituskyky:<\/strong> Suunniteltu kulutuskest\u00e4vyytt\u00e4 ja korroosionkest\u00e4vyytt\u00e4 ajatellen, mik\u00e4 pident\u00e4\u00e4 sylinterin k\u00e4ytt\u00f6ik\u00e4\u00e4.<\/li>\n<li><strong>Helppo huolto:<\/strong> Rakenne helpottaa yksinkertaisia \u200b\u200btarkastuksia ja korjauksia, mik\u00e4 varmistaa pitk\u00e4aikaisen k\u00e4ytett\u00e4vyyden ja luotettavuuden.<\/li>\n<\/ul>\n<p>Valmistamme t\u00e4t\u00e4 tuotetta, ja sylinterimme voivat t\u00e4ydellisesti korvata olemassa olevat hydraulisylinterit.<\/p>\n<p><img decoding=\"async\" src=\"https:\/\/www.hydraulic-cylinders.net\/wp-content\/uploads\/2025\/04\/songte-cylinder-head-with-all-kinds-excavator-models.webp\" alt=\"Sylinterikannen kuva\"><\/p>\n<h2>Sovellukset<\/h2>\n<h3>Rakennuslaitteet<\/h3>\n<p>Kaivinkoneissa puomin sylinteri on v\u00e4ltt\u00e4m\u00e4t\u00f6n kaivamiseen, lastaamiseen ja maaper\u00e4n tai roskien siirt\u00e4miseen. Sen kyky tarjota voimakas nostovoima mahdollistaa kuljettajien suorittaa erilaisia \u200b\u200bteht\u00e4vi\u00e4 tehokkaasti. Kaivurikuormaajissa puomin sylinteri ei ainoastaan \u200b\u200bavusta kaivamisessa, vaan my\u00f6s raskaiden kuormien nostamisessa, mik\u00e4 tekee siit\u00e4 kriittisen osan rakennusprojekteissa.<\/p>\n<h3>Maatalouskoneet<\/h3>\n<p>Etukuormaajat k\u00e4ytt\u00e4v\u00e4t puomisylintereit\u00e4 maaper\u00e4n, hein\u00e4n ja muiden materiaalien kauhaamiseen, nostamiseen ja kuljettamiseen. N\u00e4m\u00e4 sylinterit parantavat maatilojen tuottavuutta mahdollistamalla irtomateriaalien tehokkaan k\u00e4sittelyn.<\/p>\n<h3>Kaivinkoneet<\/h3>\n<p>Kaivinkoneissa puomin sylinteri mahdollistaa kauhan tehokkaan tunkeutumisen maaper\u00e4\u00e4n, mik\u00e4 helpottaa syvien kaivut\u00f6iden suorittamista. T\u00e4m\u00e4 toiminto on elint\u00e4rke\u00e4 erilaisissa rakennust\u00f6iss\u00e4 perustust\u00f6ist\u00e4 maisemointiin.<\/p>\n<h3>Kuormaajat<\/h3>\n<p>Etukuormaajissa puomisylinterit auttavat kuormien nostamisessa ja tyhjent\u00e4misess\u00e4, mik\u00e4 optimoi suorituskyvyn ty\u00f6maalla. Niiden luotettava toiminta on v\u00e4ltt\u00e4m\u00e4t\u00f6nt\u00e4 materiaalien nopealle ja tehokkaalle k\u00e4sittelylle rakennus- ja maisemointiteht\u00e4viss\u00e4.<\/p>\n<h2>Suunnittelun\u00e4k\u00f6kohdat ja valintakriteerit<\/h2>\n<h3>Kantavuus<\/h3>\n<p>Puomisylinterin kuormituskapasiteetti on ensiarvoisen t\u00e4rke\u00e4\u00e4. Se m\u00e4\u00e4ritt\u00e4\u00e4, kuinka paljon painoa sylinteri kest\u00e4\u00e4 turvallisuus- ja suorituskykystandardien mukaisesti. Asianmukaiset kuormituslaskelmat ovat v\u00e4ltt\u00e4m\u00e4tt\u00f6mi\u00e4 vikojen est\u00e4miseksi ja sen varmistamiseksi, ett\u00e4 sylinteri kest\u00e4\u00e4 sille asetetut k\u00e4ytt\u00f6vaatimukset rakenteellista eheytt\u00e4 vaarantamatta.<\/p>\n<h3>Tiivistyskyky<\/h3>\n<p>Tehokas tiivistys on ratkaisevan t\u00e4rke\u00e4\u00e4 hydraulinesteen vuotojen est\u00e4miseksi, jotka voivat johtaa j\u00e4rjestelm\u00e4vikoihin. Korkealaatuiset tiivisteet on valittava sen varmistamiseksi, ett\u00e4 ne kest\u00e4v\u00e4t k\u00e4yt\u00f6n aikana esiintyv\u00e4t paineet ja l\u00e4mp\u00f6tilat. Tiivisteiden s\u00e4\u00e4nn\u00f6lliset tarkastukset auttavat yll\u00e4pit\u00e4m\u00e4\u00e4n optimaalista suorituskyky\u00e4 ja pident\u00e4m\u00e4\u00e4n sylinterin k\u00e4ytt\u00f6ik\u00e4\u00e4.<\/p>\n<h3>Kest\u00e4vyys<\/h3>\n<p>Kest\u00e4vyys on olennaista ankarissa olosuhteissa toimiville hydraulisylintereille. Kulumista ja korroosiota kest\u00e4vien materiaalien ja pintak\u00e4sittelyjen valitseminen pident\u00e4\u00e4 sylinterin k\u00e4ytt\u00f6ik\u00e4\u00e4. Kest\u00e4v\u00e4 rakenne minimoi usein tarvittavien vaihtojen ja huollon tarpeen, mik\u00e4 s\u00e4\u00e4st\u00e4\u00e4 lopulta kustannuksia.<\/p>\n<h3>Turvaominaisuudet<\/h3>\n<p>Turvaominaisuuksien sis\u00e4llytt\u00e4minen puomisylinterien suunnitteluun on ehdoton vaatimus. N\u00e4m\u00e4 ominaisuudet est\u00e4v\u00e4t onnettomuuksia ja vammoja k\u00e4yt\u00f6n aikana. Turvatoimenpiteisiin voivat kuulua sis\u00e4\u00e4nrakennetut paineenalennusventtiilit tai vankat lukitusmekanismit, jotka varmistavat sylinterin pysymisen vakaana kuormituksen aikana.<\/p>\n<h3>Yll\u00e4pidett\u00e4vyys<\/h3>\n<p>Puomisylinterien suunnittelussa on t\u00e4rke\u00e4\u00e4 ottaa huomioon helppo huolto. Sylinteri, joka mahdollistaa suoraviivaisen tarkastuksen, voitelun ja osien vaihdon, v\u00e4hent\u00e4\u00e4 seisokkiaikoja ja parantaa tuottavuutta. Jokaisen komponentin on oltava saavutettavissa ilman monimutkaisia \u200b\u200bpurkamisprosesseja, jotta huoltoteht\u00e4v\u00e4t voidaan suorittaa tehokkaasti.<\/p>\n<p><img decoding=\"async\" src=\"https:\/\/www.hydraulic-cylinders.net\/wp-content\/uploads\/2025\/04\/songte-oil-pipes-and-spare-parts.webp\" alt=\"Hydraulisten osien kuva\"><\/p>\n<h2>Tiivistys ja voitelu<\/h2>\n<p>Asianmukainen tiivistys ja voitelu ovat elint\u00e4rkeit\u00e4 puomin sylinterin toiminnalle ja pitk\u00e4ik\u00e4isyydelle. Erilaiset tiivistekomponentit, kuten m\u00e4nn\u00e4n tiivisteet ja varren tiivisteet, on valittava huolellisesti. Materiaalit, kuten polyuretaani ja nitriilikumi, ovat suositeltavia niiden kulumiskest\u00e4vyyden vuoksi. Sylinterin runko ja kierteitetyt p\u00e4\u00e4t tulee k\u00e4sitell\u00e4 hienovaraisesti kulumiskest\u00e4vyyden parantamiseksi. S\u00e4\u00e4nn\u00f6llinen voitelu hydrauliikka\u00f6ljyll\u00e4 on v\u00e4ltt\u00e4m\u00e4t\u00f6nt\u00e4 kitkan minimoimiseksi ja sujuvan toiminnan varmistamiseksi.<\/p>\n<h2>Ennaltaehk\u00e4isev\u00e4t huoltotoimenpiteet<\/h2>\n<ul>\n<li><strong>S\u00e4\u00e4nn\u00f6lliset tarkastukset:<\/strong> Rutiininomaisten vuotojen, kulumisen ja suorituskykyongelmien tarkastusten suorittaminen auttaa tunnistamaan mahdolliset ongelmat ennen kuin ne pahenevat.<\/li>\n<li><strong>Asianmukainen voitelu:<\/strong> Hydrauli\u00f6ljyn oikean tason ja kunnon varmistaminen on ratkaisevan t\u00e4rke\u00e4\u00e4 sylinterin optimaalisen toiminnan kannalta.<\/li>\n<li><strong>Tiivisteen vaihto:<\/strong> Tiivisteiden s\u00e4\u00e4nn\u00f6llinen vaihtaminen est\u00e4\u00e4 vuodot ja yll\u00e4pit\u00e4\u00e4 hydraulipainetta varmistaen tehokkaan suorituskyvyn.<\/li>\n<\/ul>\n<h2>Asennusohjeet<\/h2>\n<p>Proper installation is essential for the performance of the boom cylinder. Start by ensuring that the mounting surfaces are clean and free of debris. Align the cylinder accurately, utilizing appropriate mounting brackets to secure it firmly. It is important to follow the manufacturer&#8217;s specifications for torque and alignment to prevent misalignment, which can lead to premature wear or failure. After installation, check for any leaks and ensure that all connections are secure.<\/p>\n<h2>Huoltoteht\u00e4v\u00e4t<\/h2>\n<ul>\n<li><strong>S\u00e4\u00e4nn\u00f6lliset tarkastukset:<\/strong> S\u00e4\u00e4nn\u00f6lliset tarkastukset auttavat havaitsemaan ongelmat varhaisessa vaiheessa ja yll\u00e4pit\u00e4m\u00e4\u00e4n huippusuorituskyvyn.<\/li>\n<li><strong>Oikea voitelu:<\/strong> Sylinterin s\u00e4\u00e4nn\u00f6llinen voitelu on v\u00e4ltt\u00e4m\u00e4t\u00f6nt\u00e4 kulumisen ja ylikuumenemisen est\u00e4miseksi.<\/li>\n<li><strong>Tiivisteen vaihto:<\/strong> Tiivisteiden oikea-aikainen vaihto on ratkaisevan t\u00e4rke\u00e4\u00e4 hydraulisen paineen yll\u00e4pit\u00e4miseksi ja vuotojen est\u00e4miseksi.<\/li>\n<\/ul>\n<p>Oikea asennus, voitelu ja linjaus ovat elint\u00e4rkeit\u00e4 puomin sylinterin k\u00e4ytt\u00f6i\u00e4n maksimoimiseksi. Oikeiden linjaustekniikoiden k\u00e4ytt\u00f6 asennuksen aikana varmistaa, ett\u00e4 sylinteri toimii sujuvasti ilman kohtuutonta rasitusta. Suositeltujen tarkastus-, korjaus- ja vaihto-ohjeiden noudattaminen on olennaista toiminnan ja luotettavuuden yll\u00e4pit\u00e4miseksi.<\/p>\n<p><img decoding=\"async\" src=\"https:\/\/www.hydraulic-cylinders.net\/wp-content\/uploads\/2025\/04\/songte-chushion-collar.webp\" alt=\"Tyynykauluksen kuva\"><\/p>\n<h2>Turvallisuusn\u00e4k\u00f6kohdat ja ymp\u00e4rist\u00f6tekij\u00e4t<\/h2>\n<p>Puomisylintereist\u00e4 keskusteltaessa turvatoimenpiteet ovat ensiarvoisen t\u00e4rkeit\u00e4. K\u00e4ytt\u00e4j\u00e4t on koulutettava tunnistamaan ja lievent\u00e4m\u00e4\u00e4n hydraulij\u00e4rjestelmiin liittyvi\u00e4 riskej\u00e4. Asianmukaisia \u200b\u200bhenkil\u00f6nsuojaimia on k\u00e4ytett\u00e4v\u00e4, ja turvallisuusprotokollien noudattaminen on olennaista onnettomuuksien ehk\u00e4isemiseksi ja turvallisen ty\u00f6ymp\u00e4rist\u00f6n varmistamiseksi.<\/p>\n<h2>Vianm\u00e4\u00e4ritys ja yleiset ongelmat<\/h2>\n<ul>\n<li><strong>Vuoto:<\/strong> Jos havaitaan nestevuotoja, tarkista tiivisteet ja liitokset vuodon l\u00e4hteen selvitt\u00e4miseksi.<\/li>\n<li><strong>Hidas liike:<\/strong> T\u00e4m\u00e4 voi viitata riitt\u00e4m\u00e4tt\u00f6m\u00e4\u00e4n hydrauliikka\u00f6ljyyn tai mahdollisiin sis\u00e4isiin vaurioihin; tarkista \u00f6ljytasot ja kuluminen.<\/li>\n<li><strong>Ep\u00e4tavalliset \u00e4\u00e4net:<\/strong> K\u00e4yt\u00f6n aikana esiintyv\u00e4t oudot \u00e4\u00e4net voivat viitata mekaanisiin ongelmiin tai v\u00e4h\u00e4iseen voiteluaineeseen; tee vianetsint\u00e4 sen mukaisesti.<\/li>\n<\/ul>\n<p>Vianm\u00e4\u00e4ritysvihjeiden ja -ratkaisujen tarjoaminen auttaa k\u00e4ytt\u00e4ji\u00e4 tunnistamaan ja korjaamaan puomisylintereiden ongelmat tehokkaasti. Ennaltaehk\u00e4isev\u00e4t toimenpiteet ja s\u00e4\u00e4nn\u00f6llinen huolto voivat merkitt\u00e4v\u00e4sti v\u00e4hent\u00e4\u00e4 n\u00e4iden ongelmien todenn\u00e4k\u00f6isyytt\u00e4.<\/p>\n<p><img decoding=\"async\" src=\"https:\/\/www.hydraulic-cylinders.net\/wp-content\/uploads\/2025\/04\/songte-bushings-with-all-kinds-of-excavator-models.webp\" alt=\"Holkit Kuva\"><\/p>\n<h2>Yrityksen yleiskatsaus<\/h2>\n<p>Olemme johtava hydraulisten sylinterien valmistaja, joka on tunnettu kattavasta tuotevalikoimastamme. Sitoutumisemme laatuun on tehnyt meist\u00e4 huipputoimijan sek\u00e4 kotimaisilla ett\u00e4 kansainv\u00e4lisill\u00e4 markkinoilla. Pyrimme huippuosaamiseen hienojen valmistusk\u00e4yt\u00e4nt\u00f6jen ja edistyneiden tuotannonohjausstrategioiden avulla. Taitava ty\u00f6voimamme yhdistettyn\u00e4 huippuluokan digitaalisiin valmistuslaitteisiin parantaa tuotantokapasiteettiamme.<\/p>\n<p>Keskittym\u00e4ll\u00e4 ammattitaitoon, kansainv\u00e4lisiin sertifiointeihin ja r\u00e4\u00e4t\u00e4l\u00f6ityihin palveluihin, tuotteemme vastaavat monipuolisiin asiakastarpeisiin. Vahva j\u00e4lkimarkkinointitukemme varmistaa, ett\u00e4 asiakkaat saavat tukea tuotteidemme koko elinkaaren ajan.<\/p>\n<p><img decoding=\"async\" src=\"https:\/\/www.hydraulic-cylinders.net\/wp-content\/uploads\/2025\/04\/songte-company-4.webp\" alt=\"Yrityskuva 1\"><br \/>\n<img decoding=\"async\" src=\"https:\/\/www.hydraulic-cylinders.net\/wp-content\/uploads\/2025\/04\/songte-company-3.webp\" alt=\"Yrityskuva 2\"><\/p>\n<p>Kirjoittaja: lyl<\/p>","protected":false},"excerpt":{"rendered":"<p>Boom Cylinder For Yigong CY330LC-8 Product Overview The Boom Cylinder for Yigong CY330LC-8 is a vital hydraulic component designed specifically to control the movement of the boom of heavy machinery, including excavators, backhoe loaders, and front loaders. This hydraulic cylinder allows for the lifting, lowering, and tilting of the boom, facilitating efficient material handling tasks. [&hellip;]<\/p>","protected":false},"featured_media":17880,"comment_status":"open","ping_status":"closed","template":"","meta":{"_et_pb_use_builder":"","_et_pb_old_content":"","_et_gb_content_width":""},"product_brand":[],"product_cat":[1546],"product_tag":[1547,1496],"class_list":{"0":"post-19722","1":"product","2":"type-product","3":"status-publish","4":"has-post-thumbnail","6":"product_cat-boom-cylinders","7":"product_tag-boom-cylinders","8":"product_tag-hydraulic-cylinders","10":"first","11":"instock","12":"shipping-taxable","13":"product-type-simple"},"amp_enabled":true,"_links":{"self":[{"href":"https:\/\/www.hydraulic-cylinders.net\/fi\/wp-json\/wp\/v2\/product\/19722","targetHints":{"allow":["GET"]}}],"collection":[{"href":"https:\/\/www.hydraulic-cylinders.net\/fi\/wp-json\/wp\/v2\/product"}],"about":[{"href":"https:\/\/www.hydraulic-cylinders.net\/fi\/wp-json\/wp\/v2\/types\/product"}],"replies":[{"embeddable":true,"href":"https:\/\/www.hydraulic-cylinders.net\/fi\/wp-json\/wp\/v2\/comments?post=19722"}],"wp:featuredmedia":[{"embeddable":true,"href":"https:\/\/www.hydraulic-cylinders.net\/fi\/wp-json\/wp\/v2\/media\/17880"}],"wp:attachment":[{"href":"https:\/\/www.hydraulic-cylinders.net\/fi\/wp-json\/wp\/v2\/media?parent=19722"}],"wp:term":[{"taxonomy":"product_brand","embeddable":true,"href":"https:\/\/www.hydraulic-cylinders.net\/fi\/wp-json\/wp\/v2\/product_brand?post=19722"},{"taxonomy":"product_cat","embeddable":true,"href":"https:\/\/www.hydraulic-cylinders.net\/fi\/wp-json\/wp\/v2\/product_cat?post=19722"},{"taxonomy":"product_tag","embeddable":true,"href":"https:\/\/www.hydraulic-cylinders.net\/fi\/wp-json\/wp\/v2\/product_tag?post=19722"}],"curies":[{"name":"wp","href":"https:\/\/api.w.org\/{rel}","templated":true}]}}