{"id":19724,"date":"2025-04-07T07:04:02","date_gmt":"2025-04-07T07:04:02","guid":{"rendered":"https:\/\/www.hydraulic-cylinders.net\/product\/boom-cylinder-for-xiniu-xn63180\/"},"modified":"2025-04-07T07:04:05","modified_gmt":"2025-04-07T07:04:05","slug":"boom-cylinder-for-xiniu-xn63180","status":"publish","type":"product","link":"https:\/\/www.hydraulic-cylinders.net\/fi\/tuote\/boom-cylinder-for-xiniu-xn63180\/","title":{"rendered":"Puomin sylinteri Xiniu XN63180:lle"},"content":{"rendered":"<h1>Puomin sylinteri Xiniu XN63180:lle<\/h1>\n<h2>Tuotteen yleiskatsaus<\/h2>\n<p>Xiniu XN63180:n puomisylinteri on erikoishydraulisylinteri, joka on suunniteltu ohjaamaan erilaisten raskaiden koneiden kauhojen, kuten kaivinkoneiden, kaivurikuormaajien ja etukuormaajien, liikett\u00e4. T\u00e4m\u00e4 hydraulisylinteri mahdollistaa kauhan nostamisen, laskemisen ja kallistuksen, mik\u00e4 helpottaa tehokasta materiaalink\u00e4sittely\u00e4. Kauhasylinterill\u00e4 on ratkaiseva rooli hydraulij\u00e4rjestelmiss\u00e4, sill\u00e4 se tarjoaa tarvittavan voiman ja liikkeen vaativiin t\u00f6ihin rakennus- ja maataloussovelluksissa. Sen rakenne varmistaa optimaalisen suorituskyvyn ja luotettavuuden, mik\u00e4 tekee siit\u00e4 olennaisen komponentin eri teollisuudenalojen k\u00e4ytt\u00e4jille.<\/p>\n<p><img decoding=\"async\" src=\"https:\/\/www.hydraulic-cylinders.net\/wp-content\/uploads\/2025\/04\/songte-company-1.webp\" alt=\"Puomin sylinteri\" \/><\/p>\n<h2>Puomin sylinterin ominaisuudet<\/h2>\n<ul>\n<li><strong>Korkea lujuus ja kest\u00e4vyys:<\/strong> Tyypillisesti lujasta ter\u00e4ksest\u00e4 tai alumiinista valmistettu sylinteri kest\u00e4\u00e4 korkeita paineita ja raskaita kuormia, joten se sopii vaativiin ty\u00f6ymp\u00e4rist\u00f6ihin. Sen rakenne yhdist\u00e4\u00e4 kulutuskest\u00e4vyyden ja korroosionkest\u00e4vyyden, mik\u00e4 pident\u00e4\u00e4 sen k\u00e4ytt\u00f6ik\u00e4\u00e4.<\/li>\n<li><strong>Tehokas hydraulinen k\u00e4ytt\u00f6:<\/strong> Hydrauli\u00f6ljyn paineen hy\u00f6dynt\u00e4minen mahdollistaa sujuvan pidennyksen ja sis\u00e4\u00e4nvedon, nopean reagoinnin ohjauskomentoihin ja samalla tarjoaa voimakkaat ty\u00f6nt\u00f6- ja vetovoimat, mik\u00e4 sopii erinomaisesti raskaiden esineiden k\u00e4sittelyyn ja monimutkaisiin teht\u00e4viin.<\/li>\n<li><strong>Erilaisia \u200b\u200btyyppej\u00e4:<\/strong> Saatavilla kokoonpanoissa, kuten yksitoiminen (hydraulinen voima yhteen suuntaan) tai kaksitoiminen (hydraulinen voima molempiin suuntiin). Jotkut mallit ovat teleskooppisia, mik\u00e4 mahdollistaa suuremman jatkeen ilman ulkomittojen kasvua, mik\u00e4 sopii ahtaisiin tiloihin.<\/li>\n<li><strong>Mukautetut tuotantomahdollisuudet:<\/strong> Laitoksemme voi valmistaa t\u00e4t\u00e4 tuotetta ja korvata olemassa olevat hydraulisylinterit t\u00e4ydellisesti r\u00e4\u00e4t\u00e4l\u00f6idyill\u00e4 ratkaisuilla, jotka t\u00e4ytt\u00e4v\u00e4t erityisvaatimukset.<\/li>\n<li><strong>Laaja k\u00e4ytt\u00f6alue:<\/strong> Erilaisille teollisuudenaloille suunnitellut sylinterit voidaan mukauttaa erityyppisiin koneisiin ja sovelluksiin.<\/li>\n<\/ul>\n<p><img decoding=\"async\" src=\"https:\/\/www.hydraulic-cylinders.net\/wp-content\/uploads\/2025\/04\/songte-cylinder-head-with-all-kinds-excavator-models.webp\" alt=\"Kaivinkoneen malli\" \/><\/p>\n<h2>Sovellusskenaariot<\/h2>\n<h3>Rakennuslaitteet<\/h3>\n<p>Kaivinkoneissa puomin sylinterit ovat elint\u00e4rkeit\u00e4 kaivamisessa, lastaamisessa ja maan tai roskien siirt\u00e4misess\u00e4. Ne helpottavat kaivua antamalla kauhan tunkeutua maaper\u00e4\u00e4n, mik\u00e4 tehostaa kaivut\u00f6it\u00e4. Kaivurikuormaajissa kauhan sylinteri ei ainoastaan \u200b\u200bauta kaivamisessa, vaan my\u00f6s materiaalien nostamisessa, mik\u00e4 parantaa merkitt\u00e4v\u00e4sti tuottavuutta rakennusty\u00f6mailla.<\/p>\n<h3>Maatalouskoneet<\/h3>\n<p>Etukuormaajissa puomisylinterit ovat ratkaisevan t\u00e4rkeit\u00e4 maaper\u00e4n, hein\u00e4n ja muiden materiaalien kaivamisessa, nostamisessa ja kuljettamisessa. Niiden kyky k\u00e4sitell\u00e4 vaihtelevia kuormia antaa viljelij\u00f6ille mahdollisuuden tehostaa toimintaansa ja varmistaa teht\u00e4vien oikea-aikaisen valmistumisen pellon valmistelusta sadonkorjuuseen.<\/p>\n<h3>Kaivinkoneet<\/h3>\n<p>Kaivinkoneissa puomin sylinteri mahdollistaa kauhan tehokkaan tunkeutumisen maahan, mik\u00e4 helpottaa kaivut\u00f6it\u00e4. T\u00e4m\u00e4 ominaisuus on ratkaisevan t\u00e4rke\u00e4 useissa teht\u00e4viss\u00e4, kuten ojituksessa ja ty\u00f6maan valmistelussa, joissa tarvitaan tarkkuutta ja tehoa monimutkaisten kaivuteht\u00e4vien suorittamiseen.<\/p>\n<h3>Kuormaajat<\/h3>\n<p>Etukuormaajissa puomisylintereill\u00e4 on ratkaiseva rooli materiaalien tehokkaassa nostamisessa ja tyhjent\u00e4misess\u00e4. Niiden hydrauliset ominaisuudet mahdollistavat raskaiden kuormien helpon hallinnan, mik\u00e4 parantaa kuormaajan yleist\u00e4 suorituskyky\u00e4 erilaisissa materiaalink\u00e4sittelytilanteissa.<\/p>\n<h2>Suunnittelun\u00e4k\u00f6kohdat ja valintakriteerit<\/h2>\n<ul>\n<li><strong>Kantavuus:<\/strong> Oikean kuormituskapasiteetin omaavan hydraulisylinterin valitseminen on olennaista sen varmistamiseksi, ett\u00e4 se pystyy k\u00e4sittelem\u00e4\u00e4n odotetun painon vaarantamatta turvallisuutta tai suorituskyky\u00e4. T\u00e4m\u00e4 edellytt\u00e4\u00e4 sovelluksen erityisvaatimusten ymm\u00e4rt\u00e4mist\u00e4 ja sellaisen sylinterin valitsemista, joka pystyy tukemaan niit\u00e4 luotettavasti.<\/li>\n<li><strong>Tiivistysratkaisut:<\/strong> Tehokas tiivistys on ratkaisevan t\u00e4rke\u00e4\u00e4 hydraulisen eheyden yll\u00e4pit\u00e4miseksi. Laadukkaat tiivisteet est\u00e4v\u00e4t vuodot, jotka voivat heikent\u00e4\u00e4 j\u00e4rjestelm\u00e4n tehokkuutta. On t\u00e4rke\u00e4\u00e4 valita tiivisteet, jotka on valmistettu esimerkiksi polyuretaanista tai nitriilikumista, jotka tarjoavat pitk\u00e4kestoisen suorituskyvyn vaihtelevissa paineissa ja l\u00e4mp\u00f6tiloissa.<\/li>\n<li><strong>Kest\u00e4vyys:<\/strong> Sylinterin materiaalien ja rakenteen on kestett\u00e4v\u00e4 rakennus- ja maatalousymp\u00e4rist\u00f6iss\u00e4 usein esiintyv\u00e4t ankarat olosuhteet. T\u00e4h\u00e4n sis\u00e4ltyy kulumisen ja korroosion kest\u00e4vyys, mik\u00e4 varmistaa, ett\u00e4 sylinteri pysyy toimintakunnossa pitki\u00e4 aikoja.<\/li>\n<li><strong>Turvaominaisuudet:<\/strong> Turvallisuus on hydraulij\u00e4rjestelmiss\u00e4 ensiarvoisen t\u00e4rke\u00e4\u00e4. Sylinterit tulee suunnitella ominaisuuksilla, jotka est\u00e4v\u00e4t ylikuormituksen ja varmistavat turvallisen k\u00e4yt\u00f6n kaikissa olosuhteissa. T\u00e4h\u00e4n kuuluvat turvaventtiilien ja rikkoutumissuojamekanismien sis\u00e4llytt\u00e4minen riskien lievent\u00e4miseksi.<\/li>\n<li><strong>Huoltomahdollisuus:<\/strong> Suunnittelussa tulisi ottaa huomioon my\u00f6s huollon helppous. Ominaisuudet, jotka mahdollistavat nopeat tarkastukset, rutiinivoitelun ja kuluneiden osien vaihdon, voivat merkitt\u00e4v\u00e4sti v\u00e4hent\u00e4\u00e4 seisokkiaikoja ja pident\u00e4\u00e4 sylinterin k\u00e4ytt\u00f6ik\u00e4\u00e4.<\/li>\n<\/ul>\n<p><img decoding=\"async\" src=\"https:\/\/www.hydraulic-cylinders.net\/wp-content\/uploads\/2025\/04\/songte-oil-pipes-and-spare-parts.webp\" alt=\"Hydrauliset komponentit\" \/><\/p>\n<h2>Tiivistys ja voitelu<\/h2>\n<p>Tehokas tiivistys on elint\u00e4rke\u00e4\u00e4 hydraulisylintereiss\u00e4 optimaalisen suorituskyvyn ja luotettavuuden varmistamiseksi. Paineen yll\u00e4pit\u00e4miseksi ja nestevuotojen est\u00e4miseksi k\u00e4ytet\u00e4\u00e4n erilaisia \u200b\u200btiivistyselementtej\u00e4, kuten m\u00e4nn\u00e4ntiivisteit\u00e4 ja varren tiivisteit\u00e4. Kest\u00e4vist\u00e4 materiaaleista, kuten polyuretaanista ja nitriilikumista, valmistetut tiivisteet valitaan niiden kulutuskest\u00e4vyyden perusteella, mik\u00e4 varmistaa pitk\u00e4n k\u00e4ytt\u00f6i\u00e4n korkeissa paineolosuhteissa.<\/p>\n<p>Sylinterin runko ja kierteitetyt p\u00e4\u00e4t on koneistettu huolellisesti kest\u00e4vyyden ja kulutuskest\u00e4vyyden parantamiseksi. S\u00e4\u00e4nn\u00f6llinen voitelu hydrauliikka\u00f6ljyll\u00e4 on v\u00e4ltt\u00e4m\u00e4t\u00f6nt\u00e4 liikkuvien osien kitkan ja kulumisen minimoimiseksi, mik\u00e4 pident\u00e4\u00e4 sylinterin k\u00e4ytt\u00f6ik\u00e4\u00e4.<\/p>\n<h2>S\u00e4\u00e4nn\u00f6llinen tarkastus ja ennaltaehk\u00e4isev\u00e4 huolto<\/h2>\n<ul>\n<li><strong>Visuaaliset tarkastukset:<\/strong> Tarkasta sylinteri s\u00e4\u00e4nn\u00f6llisesti kulumisen, vuotojen tai vaurioiden varalta. Ongelmien varhainen havaitseminen voi est\u00e4\u00e4 vakavampia ongelmia ja varmistaa jatkuvan toiminnan.<\/li>\n<li><strong>Voitelutarkistukset:<\/strong> Varmista, ett\u00e4 hydrauliikka\u00f6ljyn taso on riitt\u00e4v\u00e4 ja ett\u00e4 voitelukohdat huolletaan s\u00e4\u00e4nn\u00f6llisesti. Voitelun puute voi johtaa sylinterin lis\u00e4\u00e4ntyneeseen kulumiseen ja lopulta vikaantumiseen.<\/li>\n<li><strong>Tiivisteen vaihto:<\/strong> Tarkkaile tiivisteiden kuntoa ja vaihda ne tarvittaessa vuotojen est\u00e4miseksi ja hydraulisen tehokkuuden yll\u00e4pit\u00e4miseksi. S\u00e4\u00e4nn\u00f6llinen vaihto voi s\u00e4\u00e4st\u00e4\u00e4 mahdollisiin korjauksiin ja seisokkiaikoihin liittyvi\u00e4 kustannuksia.<\/li>\n<\/ul>\n<h2>Oikeat asennusohjeet<\/h2>\n<p>Hydraulisylinterien oikea asennus on ratkaisevan t\u00e4rke\u00e4\u00e4 pitk\u00e4n k\u00e4ytt\u00f6i\u00e4n ja suorituskyvyn varmistamiseksi. Aloita kohdistamalla sylinteri huolellisesti kiinnityspisteisiin v\u00e4ltt\u00e4\u00e4ksesi virhekohdistuksen, joka voi johtaa ennenaikaiseen kulumiseen. K\u00e4yt\u00e4 sopivia kiinnityskorvakkeita sylinterin kiinnitt\u00e4miseksi tukevasti paikalleen.<\/p>\n<p>Tarkista, ett\u00e4 kaikki hydrauliset liit\u00e4nn\u00e4t ovat tiukat ja vuotamattomat ennen koneen k\u00e4ytt\u00f6\u00e4. Valmistajan asennusohjeiden noudattaminen auttaa yll\u00e4pit\u00e4m\u00e4\u00e4n hydraulij\u00e4rjestelm\u00e4n eheyden.<\/p>\n<p>Varmista, ett\u00e4 sylinteri toimii m\u00e4\u00e4ritellyill\u00e4 paine- ja kuormitusalueilla ylikuormituksen v\u00e4ltt\u00e4miseksi, joka voi johtaa vakaviin vikoihin. Asennuksen j\u00e4lkeen suorita toimintatesti varmistaaksesi oikean toiminnan.<\/p>\n<h2>Yleiset huoltoteht\u00e4v\u00e4t<\/h2>\n<ul>\n<li><strong>S\u00e4\u00e4nn\u00f6lliset tarkastukset:<\/strong> Suorita rutiinitarkastuksia mahdollisten ongelmien tunnistamiseksi varhaisessa vaiheessa. N\u00e4ihin kuuluvat vuotojen, halkeamien ja kulumisen merkkien tarkistaminen.<\/li>\n<li><strong>Oikea voitelu:<\/strong> Levit\u00e4 s\u00e4\u00e4nn\u00f6llisesti hydrauliikka\u00f6ljy\u00e4 liikkuviin osiin kitkan ja kulumisen v\u00e4hent\u00e4miseksi. T\u00e4m\u00e4 on ratkaisevan t\u00e4rke\u00e4\u00e4 sylinterin pitk\u00e4ik\u00e4isyyden kannalta.<\/li>\n<li><strong>Tiivisteen vaihto:<\/strong> Tarkista tiivisteet s\u00e4\u00e4nn\u00f6llisesti ja vaihda ne ajoissa vuotojen est\u00e4miseksi. Tiivisteiden asianmukainen huolto on elint\u00e4rke\u00e4\u00e4 hydraulisen paineen yll\u00e4pit\u00e4miseksi.<\/li>\n<\/ul>\n<p>Oikea asennus edellytt\u00e4\u00e4 sylinterin oikean kohdistuksen varmistamista, sill\u00e4 virheellinen kohdistus voi johtaa liialliseen kulumiseen ja ennenaikaiseen vikaantumiseen. K\u00e4yt\u00e4 sopivia kiinnitystukia sylinterin vakauttamiseen. S\u00e4\u00e4nn\u00f6lliset kulumisen tarkastukset voivat auttaa est\u00e4m\u00e4\u00e4n rikkoutumisia, kun taas vaurioituneiden osien oikea-aikainen korjaus ja vaihto voivat parantaa hydraulij\u00e4rjestelm\u00e4n kest\u00e4vyytt\u00e4 ja suorituskyky\u00e4.<\/p>\n<p><img decoding=\"async\" src=\"https:\/\/www.hydraulic-cylinders.net\/wp-content\/uploads\/2025\/04\/songte-chushion-collar.webp\" alt=\"Tyynykaulus\" \/><\/p>\n<h2>Turvallisuusn\u00e4k\u00f6kohdat ja ymp\u00e4rist\u00f6tekij\u00e4t<\/h2>\n<p>Hydraulisylintereit\u00e4 k\u00e4ytett\u00e4ess\u00e4 on ensiarvoisen t\u00e4rke\u00e4\u00e4 noudattaa turvatoimenpiteit\u00e4. K\u00e4ytt\u00e4j\u00e4t tulee kouluttaa turvallisiin k\u00e4sittelytapoihin ja heid\u00e4n tulee ymm\u00e4rt\u00e4\u00e4 hydraulij\u00e4rjestelmiin liittyv\u00e4t mahdolliset vaarat. S\u00e4\u00e4nn\u00f6lliset turvallisuustarkastukset voivat auttaa tunnistamaan riskit ja toteuttamaan tarvittavat varotoimet turvallisen ty\u00f6ymp\u00e4rist\u00f6n varmistamiseksi.<\/p>\n<h2>Vianm\u00e4\u00e4ritys ja yleiset ongelmat<\/h2>\n<ul>\n<li><strong>Vuoto:<\/strong> Hydrauli\u00f6ljyn vuodot voivat viitata tiivisteiden vikaantumiseen tai virheellisiin liitoksiin. Tarkista tiivisteet ja liitokset s\u00e4\u00e4nn\u00f6llisesti nestevuotojen est\u00e4miseksi.<\/li>\n<li><strong>Ep\u00e4johdonmukainen toiminta:<\/strong> Jos sylinteri toimii ep\u00e4s\u00e4\u00e4nn\u00f6llisesti, se voi johtua hydraulij\u00e4rjestelm\u00e4ss\u00e4 olevasta ilmasta tai riitt\u00e4m\u00e4tt\u00f6m\u00e4st\u00e4 hydraulinesteest\u00e4. Ilmaa j\u00e4rjestelm\u00e4 ja tarkista nestetasot s\u00e4\u00e4nn\u00f6llisesti.<\/li>\n<li><strong>Ylikuumeneminen:<\/strong> Ylikuumentunut sylinteri voi olla merkki liiallisesta kuormituksesta tai riitt\u00e4m\u00e4tt\u00f6m\u00e4st\u00e4 voitelusta. Tarkkaile k\u00e4ytt\u00f6olosuhteita ja varmista asianmukainen voitelu t\u00e4m\u00e4n ongelman ratkaisemiseksi.<\/li>\n<\/ul>\n<h2>Vianm\u00e4\u00e4ritysvinkkej\u00e4<\/h2>\n<p>Ongelmien tehokkaaseen diagnosointiin ja ratkaisemiseen k\u00e4ytt\u00e4jien tulisi noudattaa systemaattista l\u00e4hestymistapaa. Aloita tunnistamalla oireet, kuten vuodot tai ep\u00e4s\u00e4\u00e4nn\u00f6lliset liikkeet. Tarkista sitten mahdolliset syyt, kuten kuluneet tiivisteet, ilma j\u00e4rjestelm\u00e4ss\u00e4 tai riitt\u00e4m\u00e4t\u00f6n voitelu. Toteuta ennaltaehk\u00e4isevi\u00e4 toimenpiteit\u00e4, kuten s\u00e4\u00e4nn\u00f6llist\u00e4 huoltoa ja tarkastuksia, ongelmien toistumisen riskin minimoimiseksi.<\/p>\n<p><img decoding=\"async\" src=\"https:\/\/www.hydraulic-cylinders.net\/wp-content\/uploads\/2025\/04\/songte-bushings-with-all-kinds-of-excavator-models.webp\" alt=\"Kaivinkoneiden holkit\" \/><\/p>\n<h2>Yrityksen yleiskatsaus<\/h2>\n<p>Olemme johtava hydraulisten sylinterien valmistaja, jonka monipuolinen tuotevalikoima on tehnyt meist\u00e4 yhden johtavista tukkukauppiaista kotimaisilla ja kansainv\u00e4lisill\u00e4 markkinoilla. Sitoudumme erinomaiseen laatuun ja k\u00e4yt\u00e4mme hienostunutta valmistuksenohjausstrategiaa, teknist\u00e4 osaamista, edistyneit\u00e4 digitaalisia valmistuslaitteita ja kattavaa testausj\u00e4rjestelm\u00e4\u00e4 tuotantokapasiteettimme parantamiseksi. Keskittymisemme korkeaan tehokkuuteen, tarkkuuteen ja laatuun mahdollistaa asiakkaidemme monipuolisten tarpeiden t\u00e4ytt\u00e4misen.<\/p>\n<p>Asiantuntemuksemme ulottuu erikoispalveluihin, mukaan lukien r\u00e4\u00e4t\u00e4l\u00f6ityihin ratkaisuihin tiettyihin sovelluksiin, varmistaen, ett\u00e4 asiakkaat saavat tarpeisiinsa optimaaliset hydraulisylinterit. Olemme ylpeit\u00e4 kansainv\u00e4lisist\u00e4 sertifikaateistamme, jotka osoittavat sitoutumisemme laatuun ja turvallisuuteen.<\/p>\n<p><img decoding=\"async\" src=\"https:\/\/www.hydraulic-cylinders.net\/wp-content\/uploads\/2025\/04\/songte-company-4.webp\" alt=\"Yrityksen infrastruktuuri\" \/><br \/>\n<img decoding=\"async\" src=\"https:\/\/www.hydraulic-cylinders.net\/wp-content\/uploads\/2025\/04\/songte-company-3.webp\" alt=\"Tuotantolaitos\" \/><\/p>\n<p>Kirjoittaja: lyl<\/p>","protected":false},"excerpt":{"rendered":"<p>Boom Cylinder For Xiniu XN63180 Product Overview The Boom Cylinder for Xiniu XN63180 is a specialized hydraulic cylinder designed to control the movement of various heavy machinery buckets, such as excavators, backhoe loaders, and front loaders. This hydraulic cylinder enables the bucket to lift, lower, and tilt, facilitating efficient material handling tasks. The bucket cylinder [&hellip;]<\/p>","protected":false},"featured_media":17867,"comment_status":"open","ping_status":"closed","template":"","meta":{"_et_pb_use_builder":"","_et_pb_old_content":"","_et_gb_content_width":""},"product_brand":[],"product_cat":[1546],"product_tag":[1547,1496],"class_list":{"0":"post-19724","1":"product","2":"type-product","3":"status-publish","4":"has-post-thumbnail","6":"product_cat-boom-cylinders","7":"product_tag-boom-cylinders","8":"product_tag-hydraulic-cylinders","10":"first","11":"instock","12":"shipping-taxable","13":"product-type-simple"},"amp_enabled":true,"_links":{"self":[{"href":"https:\/\/www.hydraulic-cylinders.net\/fi\/wp-json\/wp\/v2\/product\/19724","targetHints":{"allow":["GET"]}}],"collection":[{"href":"https:\/\/www.hydraulic-cylinders.net\/fi\/wp-json\/wp\/v2\/product"}],"about":[{"href":"https:\/\/www.hydraulic-cylinders.net\/fi\/wp-json\/wp\/v2\/types\/product"}],"replies":[{"embeddable":true,"href":"https:\/\/www.hydraulic-cylinders.net\/fi\/wp-json\/wp\/v2\/comments?post=19724"}],"wp:featuredmedia":[{"embeddable":true,"href":"https:\/\/www.hydraulic-cylinders.net\/fi\/wp-json\/wp\/v2\/media\/17867"}],"wp:attachment":[{"href":"https:\/\/www.hydraulic-cylinders.net\/fi\/wp-json\/wp\/v2\/media?parent=19724"}],"wp:term":[{"taxonomy":"product_brand","embeddable":true,"href":"https:\/\/www.hydraulic-cylinders.net\/fi\/wp-json\/wp\/v2\/product_brand?post=19724"},{"taxonomy":"product_cat","embeddable":true,"href":"https:\/\/www.hydraulic-cylinders.net\/fi\/wp-json\/wp\/v2\/product_cat?post=19724"},{"taxonomy":"product_tag","embeddable":true,"href":"https:\/\/www.hydraulic-cylinders.net\/fi\/wp-json\/wp\/v2\/product_tag?post=19724"}],"curies":[{"name":"wp","href":"https:\/\/api.w.org\/{rel}","templated":true}]}}