{"id":19725,"date":"2025-04-07T07:04:08","date_gmt":"2025-04-07T07:04:08","guid":{"rendered":"https:\/\/www.hydraulic-cylinders.net\/product\/boom-cylinder-for-xiniu-xn80-l\/"},"modified":"2025-04-07T07:04:18","modified_gmt":"2025-04-07T07:04:18","slug":"boom-cylinder-for-xiniu-xn80-l","status":"publish","type":"product","link":"https:\/\/www.hydraulic-cylinders.net\/fi\/tuote\/boom-cylinder-for-xiniu-xn80-l\/","title":{"rendered":"Puomin sylinteri Xiniu XN80-L:lle"},"content":{"rendered":"<h1>Puomin sylinteri Xiniu XN80-L:lle<\/h1>\n<h2>Tuotteen yleiskatsaus<\/h2>\n<p>Xiniu XN80-L:n puomisylinteri on erikoishydraulinen sylinteri, joka on suunniteltu ohjaamaan kauhojen liikett\u00e4 erilaisissa raskaissa koneissa. T\u00e4ll\u00e4 hydraulikomponentilla on keskeinen rooli kaivinkoneissa, kaivurikuormaajissa ja etukuormaajissa, sill\u00e4 se mahdollistaa kauhan tehokkaan nostamisen, laskemisen ja kallistuksen, mik\u00e4 helpottaa erilaisia \u200b\u200bmateriaalink\u00e4sittelyteht\u00e4vi\u00e4.<\/p>\n<p><img decoding=\"async\" src=\"https:\/\/www.hydraulic-cylinders.net\/wp-content\/uploads\/2025\/04\/songte-company-1.webp\" alt=\"Puomin sylinterin yleiskatsaus\"><\/p>\n<h3>M\u00e4\u00e4ritelm\u00e4 ja toiminta<\/h3>\n<p>Kauhasylinteri on hydraulinen sylinterityyppi, jota k\u00e4ytet\u00e4\u00e4n erityisesti raskaiden laitteiden kauhojen liikkeiden hallintaan. N\u00e4m\u00e4 sylinterit ovat v\u00e4ltt\u00e4m\u00e4tt\u00f6mi\u00e4 teht\u00e4vien, kuten kaivamisen, nostamisen ja materiaalien kuljettamisen, suorittamisessa. Niiden toiminta perustuu hydraulinesteen dynamiikkaan, joka mahdollistaa tehokkaat ja tarkat liikkeet. T\u00e4m\u00e4 tekee niist\u00e4 v\u00e4ltt\u00e4m\u00e4tt\u00f6mi\u00e4 rakennus-, maatalous- ja kaivosteollisuudessa.<\/p>\n<h2>Xiniu XN80-L:n puomisylinterin ominaisuudet<\/h2>\n<ul>\n<li><strong>Korkea lujuus ja kest\u00e4vyys:<\/strong> N\u00e4m\u00e4 sylinterit on valmistettu eritt\u00e4in lujasta ter\u00e4ksest\u00e4 tai alumiinista, ja ne kest\u00e4v\u00e4t korkeaa painetta ja raskaita kuormia, joten ne sopivat vaativiin ty\u00f6olosuhteisiin.<\/li>\n<li><strong>Tehokas hydraulinen k\u00e4ytt\u00f6:<\/strong> Sylinteri k\u00e4ytt\u00e4\u00e4 hydrauli\u00f6ljynpainetta tasaisten teleskooppiliikkeiden aikaansaamiseksi, mik\u00e4 tarjoaa nopeat vasteet ohjauskomentoihin ja tuottaa voimakkaita ty\u00f6nt\u00f6- ja vetovoimia.<\/li>\n<li><strong>Erilaisia \u200b\u200btyyppej\u00e4:<\/strong> Saatavilla yksitoimisina (toimii yhteen suuntaan) tai kaksitoimisina (toimii molempiin suuntiin) kokoonpanoina, jotka sopivat erilaisiin k\u00e4ytt\u00f6tarpeisiin. Jotkut mallit ovat teleskooppisia, mik\u00e4 mahdollistaa suuremman jatkeen ilman ulkomittojen kasvua.<\/li>\n<li><strong>Korroosionkest\u00e4vyys:<\/strong> Suunniteltu kulutusta ja korroosiota kest\u00e4vist\u00e4 materiaaleista, mik\u00e4 varmistaa pitk\u00e4n k\u00e4ytt\u00f6i\u00e4n ja luotettavuuden haastavissa olosuhteissa.<\/li>\n<li><strong>Mukautettavat vaihtoehdot:<\/strong> Sylinterimme voidaan r\u00e4\u00e4t\u00e4l\u00f6id\u00e4 vastaamaan erityisvaatimuksia, mik\u00e4 varmistaa yhteensopivuuden erilaisten hydraulij\u00e4rjestelmien kanssa.<\/li>\n<\/ul>\n<p><img decoding=\"async\" src=\"https:\/\/www.hydraulic-cylinders.net\/wp-content\/uploads\/2025\/04\/songte-cylinder-head-with-all-kinds-excavator-models.webp\" alt=\"Puomin sylinterin mukautettavat vaihtoehdot\"><\/p>\n<h2>Sovellusskenaariot<\/h2>\n<h3>Rakennuslaitteet<\/h3>\n<p>Kaivinkoneissa puomin sylinteri on ratkaisevan t\u00e4rke\u00e4 kaivamisessa, lastaamisessa ja maaper\u00e4n tai roskien siirt\u00e4misess\u00e4. Sen tarkka ohjaus mahdollistaa tehokkaan kaivamisen ja materiaalin k\u00e4sittelyn, mik\u00e4 lyhent\u00e4\u00e4 kokonaisk\u00e4ytt\u00f6aikaa. Kauhan asennon s\u00e4\u00e4t\u00f6mahdollisuus parantaa tuottavuutta ja varmistaa, ett\u00e4 teht\u00e4v\u00e4t suoritetaan tarkasti.<\/p>\n<h3>Maatalouskoneet<\/h3>\n<p>Etukuormaajissa puomin sylinteri\u00e4 k\u00e4ytet\u00e4\u00e4n maan, hein\u00e4n ja muiden materiaalien kauhaamiseen, nostamiseen ja kuljettamiseen. T\u00e4m\u00e4 hydraulinen toiminto parantaa maatalousteht\u00e4vien tehokkuutta, jolloin viljelij\u00e4t voivat hallita resurssejaan tehokkaasti ja yll\u00e4pit\u00e4\u00e4 tuottavuutta sesonkiaikoina.<\/p>\n<h3>Kaivinkoneet<\/h3>\n<p>Kauhasylinterin ansiosta kaivinkoneet tunkeutuvat tehokkaasti maaper\u00e4\u00e4n, mik\u00e4 helpottaa nopeita kaivut\u00f6it\u00e4. T\u00e4m\u00e4 parantaa kaivut\u00f6iden nopeutta ja tehokkuutta, mik\u00e4 tekee siit\u00e4 v\u00e4ltt\u00e4m\u00e4tt\u00f6m\u00e4n ty\u00f6kalun rakennus- ja maisemointiprojekteissa.<\/p>\n<h3>Kuormaajat<\/h3>\n<p>Etukuormaajissa puomisylinterit auttavat kuormien tehokkaassa nostamisessa ja tyhjent\u00e4misess\u00e4. Niiden kyky k\u00e4sitell\u00e4 raskaita materiaaleja varmistaa, ett\u00e4 rakennus- ja teollisuustoiminnot sujuvat sujuvasti ja edist\u00e4v\u00e4t toiminnan kokonaisvaltaista onnistumista.<\/p>\n<h2>Suunnittelun\u00e4k\u00f6kohdat ja valintakriteerit<\/h2>\n<h3>Kantavuus<\/h3>\n<p>Puomin sylinterin kuormituskapasiteetti on kriittinen suunnittelun\u00e4k\u00f6kohta. Sen on oltava riitt\u00e4v\u00e4n mitoitettu kest\u00e4m\u00e4\u00e4n odotettavissa olevat suurimmat kuormitukset k\u00e4yt\u00f6n aikana. Valmistajat antavat yleens\u00e4 kuormitusrajoja koskevat tiedot, ja on t\u00e4rke\u00e4\u00e4 noudattaa n\u00e4it\u00e4 sylinterin vikaantumisen est\u00e4miseksi.<\/p>\n<h3>Tiivistysmekanismit<\/h3>\n<p>Tehokas tiivistys on elint\u00e4rke\u00e4\u00e4 hydraulisen paineen yll\u00e4pit\u00e4miseksi ja vuotojen est\u00e4miseksi. Yleisi\u00e4 tiivistemateriaaleja ovat polyuretaani ja nitriilikumi, jotka valitaan kest\u00e4vyytens\u00e4 ja kulumiskest\u00e4vyytens\u00e4 vuoksi. Asianmukainen tiivistys auttaa pident\u00e4m\u00e4\u00e4n sylinterin k\u00e4ytt\u00f6ik\u00e4\u00e4 minimoimalla nesteh\u00e4vikin ja kontaminaation.<\/p>\n<h3>Kest\u00e4vyys<\/h3>\n<p>Kest\u00e4vyys on ensiarvoisen t\u00e4rke\u00e4\u00e4 hydraulisylintereille, erityisesti ankarissa ty\u00f6ymp\u00e4rist\u00f6iss\u00e4. Rakenteessa k\u00e4ytettyjen materiaalien on oltava kulutusta ja korroosiota kest\u00e4vi\u00e4, mik\u00e4 varmistaa sylinterin toimivuuden ajan kuluessa. S\u00e4\u00e4nn\u00f6llinen huolto ja tarkastukset voivat pident\u00e4\u00e4 laitteiden k\u00e4ytt\u00f6ik\u00e4\u00e4 entisest\u00e4\u00e4n.<\/p>\n<h3>Turvaominaisuudet<\/h3>\n<p>Hydraulij\u00e4rjestelmien turvallisuus on kriittist\u00e4. Suunnittelussa tulisi olla ominaisuuksia, kuten paineenalennusventtiilit, ylikuormituksen est\u00e4miseksi. S\u00e4\u00e4nn\u00f6lliset turvatarkastukset ja k\u00e4ytt\u00f6ohjeiden noudattaminen voivat lievent\u00e4\u00e4 hydraulisiin vikoihin liittyvi\u00e4 riskej\u00e4.<\/p>\n<h3>Huolto Esteett\u00f6myys<\/h3>\n<p>Huoltomahdollisuuden huomioiminen suunnittelussa varmistaa, ett\u00e4 rutiinitarkastukset ja korjaukset voidaan suorittaa ilman merkitt\u00e4vi\u00e4 seisokkeja. Komponentteihin tulee olla helppo p\u00e4\u00e4st\u00e4 k\u00e4siksi ja vaihtaa, mik\u00e4 mahdollistaa tehokkaat huoltok\u00e4yt\u00e4nn\u00f6t ja pit\u00e4\u00e4 koneet optimaalisessa toimintakunnossa.<\/p>\n<p><img decoding=\"async\" src=\"https:\/\/www.hydraulic-cylinders.net\/wp-content\/uploads\/2025\/04\/songte-oil-pipes-and-spare-parts.webp\" alt=\"Hydraulisylinterin suunnittelun n\u00e4k\u00f6kohdat\"><\/p>\n<h2>Tiivistys ja voitelu<\/h2>\n<p>Asianmukainen tiivistys ja voitelu ovat ratkaisevan t\u00e4rkeit\u00e4 puomin sylinterin suorituskyvylle. Erilaisia \u200b\u200btiivistyskomponentteja, kuten m\u00e4nn\u00e4n tiivisteit\u00e4 ja varren tiivisteit\u00e4, k\u00e4ytet\u00e4\u00e4n hydraulinesteen pid\u00e4tt\u00e4miseen ja paineen yll\u00e4pit\u00e4miseen. Kulutusta kest\u00e4vist\u00e4 materiaaleista, kuten polyuretaanista ja nitriilikumista, valmistetut tiivisteet ovat edullisia niiden pitk\u00e4n k\u00e4ytt\u00f6i\u00e4n vuoksi. Lis\u00e4ksi sylinterin runko ja kierteitetyt p\u00e4\u00e4typinnat on koneistettu tarkasti kulutuskest\u00e4vyyden parantamiseksi.<\/p>\n<p>S\u00e4\u00e4nn\u00f6llinen voitelu hydrauliikka\u00f6ljyll\u00e4 on v\u00e4ltt\u00e4m\u00e4t\u00f6nt\u00e4 sujuvan toiminnan varmistamiseksi. \u00d6ljy auttaa v\u00e4hent\u00e4m\u00e4\u00e4n liikkuvien osien v\u00e4list\u00e4 kitkaa ja est\u00e4m\u00e4\u00e4n ylikuumenemisen. On t\u00e4rke\u00e4\u00e4 seurata \u00f6ljytasoja ja lis\u00e4t\u00e4 \u00f6ljy\u00e4 ajoissa suorituskyvyn yll\u00e4pit\u00e4miseksi.<\/p>\n<h2>S\u00e4\u00e4nn\u00f6lliset tarkastukset ja ennaltaehk\u00e4isev\u00e4 huolto<\/h2>\n<ul>\n<li><strong>S\u00e4\u00e4nn\u00f6lliset tarkastukset:<\/strong> Hydraulij\u00e4rjestelm\u00e4n s\u00e4\u00e4nn\u00f6lliset tarkastukset auttavat tunnistamaan kulumisen ja mahdolliset ongelmat ennen kuin ne pahenevat. Etsi merkkej\u00e4 vuodoista tai ep\u00e4tavallisesta kulumisesta tiivisteiss\u00e4 ja komponenteissa.<\/li>\n<li><strong>Asianmukainen voitelu:<\/strong> Varmista, ett\u00e4 sylinteri on riitt\u00e4v\u00e4sti voideltu hydrauliikka\u00f6ljyll\u00e4. T\u00e4m\u00e4 auttaa yll\u00e4pit\u00e4m\u00e4\u00e4n tasaista toimintaa ja v\u00e4hent\u00e4\u00e4 liikkuvien osien kulumista.<\/li>\n<li><strong>Tiivisteen vaihto:<\/strong> Tiivisteiden kuluminen on tarkistettava ja ne on vaihdettava tarvittaessa hydraulij\u00e4rjestelm\u00e4n eheyden yll\u00e4pit\u00e4miseksi. S\u00e4\u00e4nn\u00f6llisesti tehdyt vaihdot voivat est\u00e4\u00e4 kalliita korjauksia.<\/li>\n<\/ul>\n<h2>Asennusohjeet<\/h2>\n<p>Puomisylinterin oikea asennus on ratkaisevan t\u00e4rke\u00e4\u00e4 optimaalisen suorituskyvyn saavuttamiseksi. Aloita varmistamalla, ett\u00e4 kiinnityspinnat ovat puhtaat ja roskattomat. Kohdista sylinteri tarkasti varmistaaksesi tasaisen paineen jakautumisen k\u00e4yt\u00f6n aikana. K\u00e4yt\u00e4 sopivia kiinnityskorvakkeita sylinterin kiinnitt\u00e4miseen paikalleen est\u00e4en kaiken liikkeen, joka voisi johtaa virheelliseen kohdistukseen.<\/p>\n<p>Asennuksen aikana kiinnit\u00e4 erityist\u00e4 huomiota hydrauliletkuihin v\u00e4ltt\u00e4\u00e4ksesi mutkia tai tukoksia, jotka voisivat vaikuttaa nesteen virtaukseen. Asennuksen j\u00e4lkeen tarkista huolellisesti, ett\u00e4 kaikki liit\u00e4nn\u00e4t ovat tiukat ja vuotamattomat. Lopuksi testaa j\u00e4rjestelm\u00e4 alhaisella paineella varmistaaksesi, ett\u00e4 kaikki toimii oikein, ennen kuin siirryt t\u00e4yteen k\u00e4ytt\u00f6paineeseen.<\/p>\n<p><img decoding=\"async\" src=\"https:\/\/www.hydraulic-cylinders.net\/wp-content\/uploads\/2025\/04\/songte-chushion-collar.webp\" alt=\"Puomin sylinterin asennus\"><\/p>\n<h2>Turvallisuusn\u00e4k\u00f6kohdat ja ymp\u00e4rist\u00f6tekij\u00e4t<\/h2>\n<p>Hydraulij\u00e4rjestelmien kanssa ty\u00f6skennelt\u00e4ess\u00e4 turvatoimenpiteiden toteuttaminen on ensiarvoisen t\u00e4rke\u00e4\u00e4. Varmista, ett\u00e4 kaikki k\u00e4ytt\u00e4j\u00e4t ovat koulutettuja hydraulisten laitteiden turvalliseen k\u00e4ytt\u00f6\u00f6n ja ymm\u00e4rt\u00e4v\u00e4t k\u00e4ytt\u00f6ohjeiden noudattamisen t\u00e4rkeyden. S\u00e4\u00e4nn\u00f6lliset turvallisuustarkastukset voivat auttaa tunnistamaan mahdolliset vaarat ja lievent\u00e4m\u00e4\u00e4n hydraulisiin vikoihin tai toimintah\u00e4iri\u00f6ihin liittyvi\u00e4 riskej\u00e4.<\/p>\n<h2>Vianm\u00e4\u00e4ritys ja yleiset ongelmat<\/h2>\n<ul>\n<li><strong>Vuoto:<\/strong> Vuoto voi johtua kuluneista tiivisteist\u00e4 tai vaurioituneista liitoksista. Tarkista tiivisteet s\u00e4\u00e4nn\u00f6llisesti ja vaihda ne tarvittaessa.<\/li>\n<li><strong>Ep\u00e4johdonmukainen suorituskyky:<\/strong> Jos sylinteri ei reagoi tasaisesti, tarkista, onko hydraulinesteess\u00e4 ilmaa tai hydrauliletkuissa tukoksia.<\/li>\n<li><strong>Ylikuumeneminen:<\/strong> Ylikuumeneminen voi viitata riitt\u00e4m\u00e4tt\u00f6m\u00e4\u00e4n voiteluun tai liialliseen ty\u00f6m\u00e4\u00e4r\u00e4\u00e4n. Tarkista \u00f6ljym\u00e4\u00e4r\u00e4t ja varmista, ettei sylinteri\u00e4 ole ylikuormitettu sen kapasiteetin yli.<\/li>\n<\/ul>\n<h2>Viank\u00e4sittelyvinkkej\u00e4<\/h2>\n<p>Ongelmien tehokkaaksi diagnosoimiseksi ja ratkaisemiseksi yll\u00e4pid\u00e4 yksityiskohtaista lokia toiminnallisesta suorituskyvyst\u00e4 ja k\u00e4yt\u00f6n aikana havaituista poikkeavuuksista. T\u00e4m\u00e4 voi auttaa tunnistamaan kaavoja, jotka voivat viitata taustalla oleviin ongelmiin. Ennaltaehk\u00e4isev\u00e4t toimenpiteet, kuten s\u00e4\u00e4nn\u00f6llinen huolto ja oikea-aikainen osien vaihto, voivat v\u00e4hent\u00e4\u00e4 merkitt\u00e4v\u00e4sti toiminnallisten vikojen todenn\u00e4k\u00f6isyytt\u00e4.<\/p>\n<p><img decoding=\"async\" src=\"https:\/\/www.hydraulic-cylinders.net\/wp-content\/uploads\/2025\/04\/songte-bushings-with-all-kinds-of-excavator-models.webp\" alt=\"Vianm\u00e4\u00e4ritys ja yleiset ongelmat\"><\/p>\n<h2>Yrityksen yleiskatsaus<\/h2>\n<p>Olemme johtava hydraulisylintereiden valmistaja ja tukkumyyj\u00e4, joka on erikoistunut korkealaatuisten vaihtosylintereiden valmistukseen. Laaja tuotevalikoimamme tekee meist\u00e4 keskeisen toimijan sek\u00e4 kotimaisilla ett\u00e4 kansainv\u00e4lisill\u00e4 markkinoilla. Noudatamme erinomaisuuden periaatteita ja hy\u00f6dynn\u00e4mme hienostunutta valmistusstrategiaa, johon kuuluu teknologista asiantuntemusta ja edistyneit\u00e4 valmistuslaitteita.<\/p>\n<p>Sitoutumisemme laatuun n\u00e4kyy tiukoissa testausprotokollissamme ja kansainv\u00e4listen sertifikaattien noudattamisessa. Tarjoamme r\u00e4\u00e4t\u00e4l\u00f6ityj\u00e4 palveluita vastataksemme asiakkaidemme monipuolisiin tarpeisiin ja varmistaaksemme, ett\u00e4 he saavat parhaat tuotteet sovelluksiinsa. Ammattimainen j\u00e4lkimarkkinointipalvelumme takaa asiakastyytyv\u00e4isyyden ja tuen pitk\u00e4\u00e4n oston j\u00e4lkeen.<\/p>\n<p><img decoding=\"async\" src=\"https:\/\/www.hydraulic-cylinders.net\/wp-content\/uploads\/2025\/04\/songte-company-4.webp\" alt=\"Yrityksen yleiskatsaus\"><br \/>\n<img decoding=\"async\" src=\"https:\/\/www.hydraulic-cylinders.net\/wp-content\/uploads\/2025\/04\/songte-company-3.webp\" alt=\"Yrityksen laadunvarmistus\"><\/p>\n<p>Kirjoittaja: lyl<\/p>","protected":false},"excerpt":{"rendered":"<p>Boom Cylinder For Xiniu XN80-L Product Overview The Boom Cylinder for Xiniu XN80-L is a specialized hydraulic cylinder designed for controlling the movement of buckets in various heavy machinery. This hydraulic component plays a pivotal role in excavators, backhoe loaders, and front loaders, enabling the bucket to lift, lower, and tilt efficiently, which facilitates various [&hellip;]<\/p>","protected":false},"featured_media":17868,"comment_status":"open","ping_status":"closed","template":"","meta":{"_et_pb_use_builder":"","_et_pb_old_content":"","_et_gb_content_width":""},"product_brand":[],"product_cat":[1546],"product_tag":[1547,1496],"class_list":{"0":"post-19725","1":"product","2":"type-product","3":"status-publish","4":"has-post-thumbnail","6":"product_cat-boom-cylinders","7":"product_tag-boom-cylinders","8":"product_tag-hydraulic-cylinders","10":"first","11":"instock","12":"shipping-taxable","13":"product-type-simple"},"amp_enabled":true,"_links":{"self":[{"href":"https:\/\/www.hydraulic-cylinders.net\/fi\/wp-json\/wp\/v2\/product\/19725","targetHints":{"allow":["GET"]}}],"collection":[{"href":"https:\/\/www.hydraulic-cylinders.net\/fi\/wp-json\/wp\/v2\/product"}],"about":[{"href":"https:\/\/www.hydraulic-cylinders.net\/fi\/wp-json\/wp\/v2\/types\/product"}],"replies":[{"embeddable":true,"href":"https:\/\/www.hydraulic-cylinders.net\/fi\/wp-json\/wp\/v2\/comments?post=19725"}],"wp:featuredmedia":[{"embeddable":true,"href":"https:\/\/www.hydraulic-cylinders.net\/fi\/wp-json\/wp\/v2\/media\/17868"}],"wp:attachment":[{"href":"https:\/\/www.hydraulic-cylinders.net\/fi\/wp-json\/wp\/v2\/media?parent=19725"}],"wp:term":[{"taxonomy":"product_brand","embeddable":true,"href":"https:\/\/www.hydraulic-cylinders.net\/fi\/wp-json\/wp\/v2\/product_brand?post=19725"},{"taxonomy":"product_cat","embeddable":true,"href":"https:\/\/www.hydraulic-cylinders.net\/fi\/wp-json\/wp\/v2\/product_cat?post=19725"},{"taxonomy":"product_tag","embeddable":true,"href":"https:\/\/www.hydraulic-cylinders.net\/fi\/wp-json\/wp\/v2\/product_tag?post=19725"}],"curies":[{"name":"wp","href":"https:\/\/api.w.org\/{rel}","templated":true}]}}