{"id":19731,"date":"2025-04-07T07:04:32","date_gmt":"2025-04-07T07:04:32","guid":{"rendered":"https:\/\/www.hydraulic-cylinders.net\/product\/boom-cylinder-for-kato-small-excavator-hd400-1-7\/"},"modified":"2025-04-07T07:04:34","modified_gmt":"2025-04-07T07:04:34","slug":"boom-cylinder-for-kato-small-excavator-hd400-1-7","status":"publish","type":"product","link":"https:\/\/www.hydraulic-cylinders.net\/fi\/tuote\/boom-cylinder-for-kato-small-excavator-hd400-1-7\/","title":{"rendered":"Puomin sylinteri Kato-pienelle kaivinkoneelle HD400-1-7"},"content":{"rendered":"<h1>Puomin sylinteri Kato-pienelle kaivinkoneelle HD400-1-7<\/h1>\n<h2>Johdatus puomin sylinteriin<\/h2>\n<p>Kato Small Excavator HD400-1-7 -kaivukoneen puomin sylinteri on olennainen hydrauliikkakomponentti, joka on suunniteltu ohjaamaan puomin liikett\u00e4 erilaisissa raskaissa koneissa, erityisesti kaivinkoneissa. Hydraulisylinterin\u00e4 sill\u00e4 on ratkaiseva rooli hydraulij\u00e4rjestelm\u00e4ss\u00e4, sill\u00e4 se mahdollistaa puomin nostamisen, laskemisen ja kallistumisen, mik\u00e4 helpottaa tehokasta materiaalink\u00e4sittely\u00e4. Kauhan sylinteri on erityisesti suunniteltu toimimaan korkean paineen alaisena, mik\u00e4 tekee siit\u00e4 elint\u00e4rke\u00e4n kaivinkoneiden, kaivinkoneiden ja etukuormaajien kaltaisten laitteiden toiminnalle.<\/p>\n<p>N\u00e4m\u00e4 hydraulisylinterit vastaavat voimansiirrosta hydraulinesteen kautta, mik\u00e4 mahdollistaa sujuvan ja tarkan liikkeen. T\u00e4m\u00e4 toiminto on ratkaisevan t\u00e4rke\u00e4 siirrett\u00e4ess\u00e4 raskaita kuormia tai suoritettaessa monimutkaisia \u200b\u200bteht\u00e4vi\u00e4 rakennusalalla, maataloudessa ja muilla teollisuudenaloilla. Puomisylinterien ainutlaatuiset ominaisuudet, mukaan lukien niiden suunnittelu ja toiminta, mahdollistavat niiden kest\u00e4vyyden vaativissa ty\u00f6ymp\u00e4rist\u00f6iss\u00e4, mik\u00e4 varmistaa pitk\u00e4n k\u00e4ytt\u00f6i\u00e4n ja luotettavuuden.<\/p>\n<p><img decoding=\"async\" src=\"https:\/\/www.hydraulic-cylinders.net\/wp-content\/uploads\/2025\/04\/songte-company-1.webp\" alt=\"Kaivinkoneiden puomin sylinteri\" \/><\/p>\n<h2>Puomin sylinterin ominaisuudet<\/h2>\n<h3>1. Korkea lujuus ja kest\u00e4vyys<\/h3>\n<p>Erikoislujuuster\u00e4ksest\u00e4 tai alumiinista valmistettu puomin sylinteri on suunniteltu kest\u00e4m\u00e4\u00e4n korkeaa painetta ja raskaita kuormia. Se on rakennettu kest\u00e4m\u00e4\u00e4n ankaria ty\u00f6olosuhteita, ja siin\u00e4 on ominaisuuksia, jotka parantavat kulutuskest\u00e4vyytt\u00e4 ja korroosionkest\u00e4vyytt\u00e4, mik\u00e4 pident\u00e4\u00e4 lopulta sen k\u00e4ytt\u00f6ik\u00e4\u00e4.<\/p>\n<h3>2. Tehokas hydraulinen toiminta<\/h3>\n<p>Hydraulisylinteri hy\u00f6dynt\u00e4\u00e4 hydrauli\u00f6ljyn painetta tasaisen ulos- ja sis\u00e4\u00e4nvet\u00e4ytymisen aikaansaamiseksi ja reagoi nopeasti k\u00e4ytt\u00e4j\u00e4n komentoihin. T\u00e4m\u00e4 ominaisuus tarjoaa tehokkaan ty\u00f6nt\u00f6- ja vetovoiman, mik\u00e4 tekee siit\u00e4 ihanteellisen raskaiden materiaalien k\u00e4sittelyyn ja monimutkaisiin teht\u00e4viin.<\/p>\n<h3>3. Tyyppien monimuotoisuus<\/h3>\n<p>Puomisylinteri on saatavana yksitoimisena (hydraulinen teho yhteen suuntaan) ja kaksitoimisena (toimii molempiin suuntiin), ja sit\u00e4 voidaan r\u00e4\u00e4t\u00e4l\u00f6id\u00e4 erilaisiin k\u00e4ytt\u00f6tarpeisiin. Joissakin malleissa on my\u00f6s teleskooppimalliset rakenteet, jotka mahdollistavat pidemm\u00e4n ulottuvuuden ilman ulkomittojen kasvua, mik\u00e4 sopii t\u00e4ydellisesti ahtaisiin sovelluksiin.<\/p>\n<h3>4. Yhteensopivuus ja korvaaminen<\/h3>\n<p>Valmistuskykymme ansiosta voimme valmistaa puomisylintereit\u00e4, jotka korvaavat t\u00e4ydellisesti olemassa olevat hydraulisylinterit. T\u00e4m\u00e4 varmistaa saumattoman integroinnin koneisiisi ja parantaa toiminnan tehokkuutta.<\/p>\n<p><img decoding=\"async\" src=\"https:\/\/www.hydraulic-cylinders.net\/wp-content\/uploads\/2025\/04\/songte-cylinder-head-with-all-kinds-excavator-models.webp\" alt=\"Kaivinkonemallit\" \/><\/p>\n<h3>5. Sovellukset ja hy\u00f6dyllisyys<\/h3>\n<h2>Puomisylinterin sovellukset<\/h2>\n<h3>1. Rakennuslaitteet<\/h3>\n<p>Rakennuskoneissa, kuten kaivinkoneissa, puomin sylinteri on ratkaisevan t\u00e4rke\u00e4 kaivamisessa, lastaamisessa ja maan tai roskien siirt\u00e4misess\u00e4. Se mahdollistaa puomin ojentamisen ja sis\u00e4\u00e4nvedon, mik\u00e4 parantaa koneen kokonaistehokkuutta. Hydraulisylinterin tarkkuus tekee siit\u00e4 v\u00e4ltt\u00e4m\u00e4tt\u00f6m\u00e4n kaivut\u00f6iss\u00e4, joissa tarkkuus ja teho ovat olennaisia.<\/p>\n<h3>2. Maatalouskoneet<\/h3>\n<p>Etukuormaajat k\u00e4ytt\u00e4v\u00e4t puomisylintereit\u00e4 maaper\u00e4n, hein\u00e4n ja muiden materiaalien kaivamiseen, nostamiseen ja kuljettamiseen. Nostokorkeuden ja -kulman tarkka hallinta on elint\u00e4rke\u00e4\u00e4 maatalousymp\u00e4rist\u00f6iss\u00e4, mik\u00e4 tekee teht\u00e4vist\u00e4 hallittavampia ja tehokkaampia. Puomisylintereiden mukautuvuus varmistaa, ett\u00e4 ne pystyv\u00e4t k\u00e4sittelem\u00e4\u00e4n erilaisia \u200b\u200bmaataloussovelluksia, mik\u00e4 lis\u00e4\u00e4 merkitt\u00e4v\u00e4sti tuottavuutta.<\/p>\n<h3>3. Kaivinkoneet<\/h3>\n<p>Kaivinkoneiden puomin sylinteri mahdollistaa kauhan tehokkaan tunkeutumisen maaper\u00e4\u00e4n, mik\u00e4 helpottaa kaivuprosessia. Hydraulinen teho mahdollistaa merkitt\u00e4v\u00e4n voimank\u00e4yt\u00f6n, mik\u00e4 on ratkaisevan t\u00e4rke\u00e4\u00e4 vaikeissa maaper\u00e4olosuhteissa, varmistaen, ett\u00e4 teht\u00e4v\u00e4t suoritetaan nopeasti ja tehokkaasti.<\/p>\n<h3>4. Kuormaajat<\/h3>\n<p>Etukuormaajissa puomin sylinterit auttavat kuormien tehokkaassa nostamisessa ja tyhjent\u00e4misess\u00e4. T\u00e4m\u00e4 sovellus on elint\u00e4rke\u00e4 rakennus- ja materiaalink\u00e4sittelyaloilla, joissa materiaalien oikea-aikainen purkaminen voi vaikuttaa projektin kokonaisaikatauluun. Hydraulij\u00e4rjestelm\u00e4n reagointikyky tekee siit\u00e4 ensisijaisen vaihtoehdon t\u00e4llaisiin operaatioihin.<\/p>\n<h2>Suunnittelun\u00e4k\u00f6kohdat ja valintakriteerit<\/h2>\n<h3>1. Kantavuus<\/h3>\n<p>Puomisylinteri\u00e4 valittaessa on t\u00e4rke\u00e4\u00e4 ottaa huomioon sen kuormituskapasiteetti. Sylinterin on kyett\u00e4v\u00e4 k\u00e4sittelem\u00e4\u00e4n nostettavan tai laskettavan enimm\u00e4ispainon. Riitt\u00e4m\u00e4tt\u00f6m\u00e4n kapasiteetin omaavan sylinterin k\u00e4ytt\u00f6 voi johtaa laitteiden vikaantumiseen tai onnettomuuksiin, joten on t\u00e4rke\u00e4\u00e4 sovittaa sylinterin tekniset tiedot k\u00e4ytt\u00f6tarkoituksen vaatimuksiin.<\/p>\n<h3>2. Tiivistys ja kest\u00e4vyys<\/h3>\n<p>Tehokas tiivistys on ratkaisevan t\u00e4rke\u00e4\u00e4 hydraulij\u00e4rjestelmiss\u00e4 vuotojen est\u00e4miseksi ja toiminnan tehokkuuden yll\u00e4pit\u00e4miseksi. Puomin sylinteriss\u00e4 k\u00e4ytettyjen tiivisteiden, kuten m\u00e4nn\u00e4n tiivisteen ja varren tiivisteen, laatu vaikuttaa suoraan suorituskykyyn ja kest\u00e4vyyteen. Kest\u00e4vist\u00e4 materiaaleista valmistettujen korkealaatuisten tiivisteiden valitseminen on olennaista hydraulij\u00e4rjestelm\u00e4n eheyden varmistamiseksi.<\/p>\n<h3>3. Turvaominaisuudet<\/h3>\n<p>Turvallisuuden tulisi olla ensisijainen huomio puomisylintereiden suunnittelussa. Ominaisuudet, kuten paineenalennusventtiilit, turvalukot ja kest\u00e4v\u00e4t rakennemateriaalit, edist\u00e4v\u00e4t k\u00e4ytt\u00f6turvallisuutta. N\u00e4iden turvatoimenpiteiden toteuttaminen v\u00e4hent\u00e4\u00e4 onnettomuusriski\u00e4 ja varmistaa turvallisemman ty\u00f6ymp\u00e4rist\u00f6n.<\/p>\n<h3>4. Huolto ja huollettavuus<\/h3>\n<p>Puomisylinterien suunnittelussa on ratkaisevan t\u00e4rke\u00e4\u00e4, ett\u00e4 ne on helppo huoltaa. Keskeisten komponenttien helppo saatavuus korjausta tai vaihtoa varten voi merkitt\u00e4v\u00e4sti v\u00e4hent\u00e4\u00e4 seisokkiaikoja ja huoltokustannuksia. Nopean huollon mahdollistavan rakenteen valitseminen voi parantaa koneen kokonaistehokkuutta.<\/p>\n<p><img decoding=\"async\" src=\"https:\/\/www.hydraulic-cylinders.net\/wp-content\/uploads\/2025\/04\/songte-oil-pipes-and-spare-parts.webp\" alt=\"Hydrauliset osat\" \/><\/p>\n<h2>Tiivistys ja voitelu<\/h2>\n<p>Tehokas tiivistys ja voitelu ovat ensiarvoisen t\u00e4rkeit\u00e4 hydraulisylintereiden suorituskyvylle. Erilaiset tiivistyskomponentit, kuten m\u00e4nn\u00e4ntiivisteet ja varren tiivisteet, ovat elint\u00e4rkeit\u00e4 hydraulisen paineen yll\u00e4pit\u00e4miseksi ja nestevuotojen est\u00e4miseksi. Kulutusta kest\u00e4vist\u00e4 materiaaleista, kuten polyuretaanista tai nitriilikumista, valmistettujen tiivisteiden valitseminen parantaa kest\u00e4vyytt\u00e4 ja suorituskyky\u00e4.<\/p>\n<p>Sylinterin rungon ja kierteitetyn p\u00e4\u00e4n pinta on tyypillisesti hienok\u00e4sitelty kulutuskest\u00e4vyyden parantamiseksi. S\u00e4\u00e4nn\u00f6llinen voitelu sopivalla m\u00e4\u00e4r\u00e4ll\u00e4 hydrauliikka\u00f6ljy\u00e4 on v\u00e4ltt\u00e4m\u00e4t\u00f6nt\u00e4 sujuvan toiminnan varmistamiseksi ja sylinterin k\u00e4ytt\u00f6i\u00e4n pident\u00e4miseksi. \u00d6ljytasojen ja -laadun seuranta on t\u00e4rke\u00e4\u00e4 hydrauliikkaj\u00e4rjestelm\u00e4n heikkenemisen est\u00e4miseksi.<\/p>\n<h2>S\u00e4\u00e4nn\u00f6llinen tarkastus ja ennaltaehk\u00e4isev\u00e4 huolto<\/h2>\n<h3>1. Aikataulun mukaiset tarkastukset<\/h3>\n<p>S\u00e4\u00e4nn\u00f6llisten tarkastusten suorittaminen puomin sylinterin kunnon arvioimiseksi on ratkaisevan t\u00e4rke\u00e4\u00e4. Etsi kulumisen, vuotojen ja vaurioiden merkkej\u00e4. Rutiinitarkastusten tekeminen voi auttaa tunnistamaan mahdolliset ongelmat ennen kuin niist\u00e4 tulee vakavia, varmistaen, ett\u00e4 sylinteri toimii tehokkaasti ja turvallisesti.<\/p>\n<h3>2. Oikea voitelu<\/h3>\n<p>Riitt\u00e4v\u00e4n voitelun yll\u00e4pit\u00e4minen on v\u00e4ltt\u00e4m\u00e4t\u00f6nt\u00e4 hydraulij\u00e4rjestelm\u00e4n pitk\u00e4ik\u00e4isyydelle. Tarkista \u00f6ljytasot s\u00e4\u00e4nn\u00f6llisesti ja varmista, ett\u00e4 hydraulineste on puhdasta ja vapaata ep\u00e4puhtauksista. Riitt\u00e4m\u00e4t\u00f6n voitelu voi johtaa sylinterin liialliseen kulumiseen ja ennenaikaiseen vikaantumiseen.<\/p>\n<h3>3. Tiivisteiden vaihto ja kalibrointitarkastukset<\/h3>\n<p>Tiivisteet on vaihdettava s\u00e4\u00e4nn\u00f6llisesti vuotojen est\u00e4miseksi ja tehokkuuden yll\u00e4pit\u00e4miseksi. Huollon aikana tiivisteet on tarkastettava kulumisen tai vaurioiden varalta ja vaihdettava tarvittaessa. Kalibrointitarkastukset on my\u00f6s suoritettava sen varmistamiseksi, ett\u00e4 sylinteri toimii m\u00e4\u00e4riteltyjen parametrien mukaisesti, mik\u00e4 parantaa luotettavuutta ja turvallisuutta.<\/p>\n<p><img decoding=\"async\" src=\"https:\/\/www.hydraulic-cylinders.net\/wp-content\/uploads\/2025\/04\/songte-chushion-collar.webp\" alt=\"Tyynykaulus\" \/><\/p>\n<h2>Turvallisuusn\u00e4k\u00f6kohdat ja ymp\u00e4rist\u00f6tekij\u00e4t<\/h2>\n<p>Turvatoimenpiteiden toteuttaminen puomisylintereit\u00e4 k\u00e4ytett\u00e4ess\u00e4 on ratkaisevan t\u00e4rke\u00e4\u00e4 k\u00e4ytt\u00e4jien ja laitteiden suojaamiseksi. Hydraulij\u00e4rjestelmien oikean k\u00e4yt\u00f6n asianmukainen koulutus voi v\u00e4hent\u00e4\u00e4 merkitt\u00e4v\u00e4sti onnettomuusriski\u00e4. Lis\u00e4ksi turvallisuusm\u00e4\u00e4r\u00e4ysten ja -ohjeiden noudattaminen auttaa lievent\u00e4m\u00e4\u00e4n ymp\u00e4rist\u00f6vaikutuksia varmistaen, ett\u00e4 toiminta on sek\u00e4 tehokasta ett\u00e4 vastuullista.<\/p>\n<h2>Vianm\u00e4\u00e4ritys ja yleiset ongelmat<\/h2>\n<h3>1. Hydraulivuodot<\/h3>\n<p>Hydraulivuotoja voi esiinty\u00e4 kuluneiden tiivisteiden tai vaurioituneiden osien vuoksi. Vuotojen korjaamiseksi tarkasta tiivistyspinnat ja vaihda vaurioituneet tiivisteet. Varmista, ett\u00e4 kaikki liitokset ovat tiukat nestevuotojen est\u00e4miseksi.<\/p>\n<h3>2. Sylinterin jumiutuminen<\/h3>\n<p>Sylinterin jumiutuminen voi johtua hydraulij\u00e4rjestelm\u00e4n roskista tai tukoksista. S\u00e4\u00e4nn\u00f6llinen puhdistus ja huolto voivat auttaa est\u00e4m\u00e4\u00e4n t\u00e4m\u00e4n ongelman. Jos jumiutumista esiintyy, tarkista sylinteri tukosten varalta ja poista roskat.<\/p>\n<h3>3. Ep\u00e4johdonmukainen suorituskyky<\/h3>\n<p>Jos puomin sylinteri toimii ep\u00e4tasaisesti, tarkista hydraulinesteen tasot ja varmista, ett\u00e4 ne ovat suositellulla alueella. Alhainen nestetaso voi johtaa ep\u00e4tasaiseen toimintaan. Tarkista lis\u00e4ksi hydraulipumpun ja -linjojen kunto mahdollisten ongelmien varalta.<\/p>\n<h2>Ennaltaehk\u00e4isev\u00e4t toimenpiteet<\/h2>\n<p>Puomisylintereiden mahdollisten ongelmien minimoimiseksi toteuta ennaltaehk\u00e4isevi\u00e4 toimenpiteit\u00e4, kuten s\u00e4\u00e4nn\u00f6llisi\u00e4 huoltotarkastuksia, asianmukaisen voitelun varmistamista ja hydraulij\u00e4rjestelm\u00e4n vuotojen valvontaa. Henkil\u00f6st\u00f6n kouluttaminen asianmukaiseen k\u00e4ytt\u00f6\u00f6n ja huoltoon voi my\u00f6s v\u00e4hent\u00e4\u00e4 ongelmien todenn\u00e4k\u00f6isyytt\u00e4.<\/p>\n<p><img decoding=\"async\" src=\"https:\/\/www.hydraulic-cylinders.net\/wp-content\/uploads\/2025\/04\/songte-bushings-with-all-kinds-of-excavator-models.webp\" alt=\"Kaivinkoneen holkit\" \/><\/p>\n<h2>Yrityksen yleiskatsaus<\/h2>\n<p>Olemme johtava hydraulisten sylinterien vaihto-osien valmistaja, joka tarjoaa kattavan valikoiman tuotteita sek\u00e4 kotimaisille ett\u00e4 kansainv\u00e4lisille markkinoille. Sitoutumisemme laatuun n\u00e4kyy huolellisissa valmistusprosesseissamme. Hy\u00f6dynn\u00e4mme edistyneit\u00e4 tuotannonohjausstrategioita, ammattitaitoista henkil\u00f6st\u00f6\u00e4, huippuluokan digitaalisia valmistuslaitteita ja ammattimaisia \u200b\u200btestausj\u00e4rjestelmi\u00e4.<\/p>\n<p>Valmistusj\u00e4rjestelm\u00e4\u00e4mme parannetaan jatkuvasti, mink\u00e4 ansiosta voimme parantaa tuotteiden laatua ja vastata tehokkaasti asiakkaiden erilaisiin tarpeisiin. Keskittym\u00e4ll\u00e4 tehokkuuteen, tarkkuuteen ja korkealaatuiseen tuotantoon olemme omistautuneet toimittamaan huippuluokan hydraulisylintereit\u00e4 ja tarjoamaan poikkeuksellista asiakaspalvelua.<\/p>\n<h3>Yrityksen lis\u00e4ominaisuudet<\/h3>\n<ul>\n<li><strong>Asiantuntemus:<\/strong> Tiimill\u00e4mme on laaja tiet\u00e4mys ja asiantuntemus hydrauliikkaj\u00e4rjestelmist\u00e4, mik\u00e4 takaa tuotteiden erinomaisen laadun.<\/li>\n<li><strong>Kansainv\u00e4linen sertifiointi:<\/strong> Tuotteemme t\u00e4ytt\u00e4v\u00e4t tiukat kansainv\u00e4liset standardit, mik\u00e4 takaa laadun ja luotettavuuden.<\/li>\n<li><strong>R\u00e4\u00e4t\u00e4l\u00f6intipalvelut:<\/strong> Tarjoamme r\u00e4\u00e4t\u00e4l\u00f6ityj\u00e4 ratkaisuja asiakkaiden erityistarpeisiin, mik\u00e4 parantaa tuotteiden monipuolisuutta.<\/li>\n<li><strong>Huippuluokan tuotantolaitteet:<\/strong> Edistykselliset tuotantolaitoksemme takaavat korkean tehokkuuden ja tarkkuuden tuotannossa.<\/li>\n<li><strong>Myynnin j\u00e4lkeinen tuki:<\/strong> Omistautunut asiakaspalvelutiimimme on aina k\u00e4ytett\u00e4viss\u00e4 auttamaan tiedusteluissa ja tukemassa.<\/li>\n<\/ul>\n<p><img decoding=\"async\" src=\"https:\/\/www.hydraulic-cylinders.net\/wp-content\/uploads\/2025\/04\/songte-company-4.webp\" alt=\"Yrityksen yleiskatsaus\" \/><br \/>\n<img decoding=\"async\" src=\"https:\/\/www.hydraulic-cylinders.net\/wp-content\/uploads\/2025\/04\/songte-company-3.webp\" alt=\"Tuotantolaitos\" \/><\/p>\n<p>Kirjoittaja: lyl<\/p>","protected":false},"excerpt":{"rendered":"<p>Boom Cylinder For Kato Small Excavator HD400-1-7 Introduction to Boom Cylinder The Boom Cylinder for Kato Small Excavator HD400-1-7 is an essential hydraulic component designed to control the movement of a boom in various heavy machinery, particularly excavators. As a type of hydraulic cylinder, it plays a crucial role in the hydraulic system by allowing [&hellip;]<\/p>","protected":false},"featured_media":17874,"comment_status":"open","ping_status":"closed","template":"","meta":{"_et_pb_use_builder":"","_et_pb_old_content":"","_et_gb_content_width":""},"product_brand":[],"product_cat":[1546],"product_tag":[1547,1496],"class_list":{"0":"post-19731","1":"product","2":"type-product","3":"status-publish","4":"has-post-thumbnail","6":"product_cat-boom-cylinders","7":"product_tag-boom-cylinders","8":"product_tag-hydraulic-cylinders","10":"first","11":"instock","12":"shipping-taxable","13":"product-type-simple"},"amp_enabled":true,"_links":{"self":[{"href":"https:\/\/www.hydraulic-cylinders.net\/fi\/wp-json\/wp\/v2\/product\/19731","targetHints":{"allow":["GET"]}}],"collection":[{"href":"https:\/\/www.hydraulic-cylinders.net\/fi\/wp-json\/wp\/v2\/product"}],"about":[{"href":"https:\/\/www.hydraulic-cylinders.net\/fi\/wp-json\/wp\/v2\/types\/product"}],"replies":[{"embeddable":true,"href":"https:\/\/www.hydraulic-cylinders.net\/fi\/wp-json\/wp\/v2\/comments?post=19731"}],"wp:featuredmedia":[{"embeddable":true,"href":"https:\/\/www.hydraulic-cylinders.net\/fi\/wp-json\/wp\/v2\/media\/17874"}],"wp:attachment":[{"href":"https:\/\/www.hydraulic-cylinders.net\/fi\/wp-json\/wp\/v2\/media?parent=19731"}],"wp:term":[{"taxonomy":"product_brand","embeddable":true,"href":"https:\/\/www.hydraulic-cylinders.net\/fi\/wp-json\/wp\/v2\/product_brand?post=19731"},{"taxonomy":"product_cat","embeddable":true,"href":"https:\/\/www.hydraulic-cylinders.net\/fi\/wp-json\/wp\/v2\/product_cat?post=19731"},{"taxonomy":"product_tag","embeddable":true,"href":"https:\/\/www.hydraulic-cylinders.net\/fi\/wp-json\/wp\/v2\/product_tag?post=19731"}],"curies":[{"name":"wp","href":"https:\/\/api.w.org\/{rel}","templated":true}]}}