{"id":19732,"date":"2025-04-07T07:04:34","date_gmt":"2025-04-07T07:04:34","guid":{"rendered":"https:\/\/www.hydraulic-cylinders.net\/product\/boom-cylinder-for-kato-small-excavator-hd550-1-7\/"},"modified":"2025-04-07T07:04:37","modified_gmt":"2025-04-07T07:04:37","slug":"boom-cylinder-for-kato-small-excavator-hd550-1-7","status":"publish","type":"product","link":"https:\/\/www.hydraulic-cylinders.net\/fi\/tuote\/boom-cylinder-for-kato-small-excavator-hd550-1-7\/","title":{"rendered":"Puomin sylinteri Kato-kaivinkoneelle HD550-1-7"},"content":{"rendered":"<h1>Puomin sylinteri Kato-kaivinkoneelle HD550-1-7<\/h1>\n<h2>Puomin sylinterin ymm\u00e4rt\u00e4minen<\/h2>\n<p>Puomisylinteri on hydraulinen sylinteri, joka on erityisesti suunniteltu ohjaamaan puomin liikett\u00e4 erilaisissa raskaissa koneissa, kuten kaivinkoneissa, kaivurikuormaajissa ja etukuormaajissa. T\u00e4m\u00e4 olennainen osa mahdollistaa puomin nostamisen, laskemisen ja kallistumisen, mik\u00e4 helpottaa tehokasta materiaalink\u00e4sittely\u00e4. Hydraulij\u00e4rjestelmiss\u00e4 puomisylinterill\u00e4 on keskeinen rooli, koska se hy\u00f6dynt\u00e4\u00e4 hydraulinestett\u00e4 voiman siirt\u00e4miseen, mik\u00e4 mahdollistaa sujuvat ja hallitut liikkeet. N\u00e4iden sylinterien rakenne varmistaa vankan suorituskyvyn ja luotettavuuden, mik\u00e4 tekee niist\u00e4 v\u00e4ltt\u00e4m\u00e4tt\u00f6mi\u00e4 rakennus- ja kaivuuty\u00f6sovelluksissa.<\/p>\n<p><img decoding=\"async\" src=\"https:\/\/www.hydraulic-cylinders.net\/wp-content\/uploads\/2025\/04\/songte-company-1.webp\" alt=\"Kato-kaivinkoneen puomin sylinteri\"><\/p>\n<h3>Puomin sylinterin t\u00e4rkeimm\u00e4t ominaisuudet<\/h3>\n<ul>\n<li><strong>Korkea lujuus ja kest\u00e4vyys:<\/strong> Korkean lujuuden ter\u00e4ksest\u00e4 tai alumiinista valmistettu puomin sylinteri kest\u00e4\u00e4 korkeaa painetta ja raskaita kuormia, joten se sopii vaativiin ty\u00f6olosuhteisiin.<\/li>\n<li><strong>Tehokas hydraulinen k\u00e4ytt\u00f6:<\/strong> Sylinteri hy\u00f6dynt\u00e4\u00e4 hydrauli\u00f6ljyn painetta tasaisen ulos- ja sis\u00e4\u00e4nvedon aikaansaamiseksi, mik\u00e4 tarjoaa nopean vasteen k\u00e4ytt\u00f6komentoihin.<\/li>\n<li><strong>Erilaisia \u200b\u200btyyppej\u00e4:<\/strong> Saatavilla yksitoimisina (hydraulinen toiminta yhteen suuntaan) tai kaksitoimisina (hydraulinen toiminta molempiin suuntiin) kokoonpanoina, jotka vastaavat vaihteleviin k\u00e4ytt\u00f6tarpeisiin.<\/li>\n<li><strong>Kompakti muotoilu:<\/strong> Joissakin malleissa on teleskooppirakenne, joka mahdollistaa suuremman pidennysosan ilman ulkomittojen kasvua, mik\u00e4 sopii erinomaisesti ahtaisiin k\u00e4ytt\u00f6tarkoituksiin.<\/li>\n<li><strong>Vaihdon helppous:<\/strong> Sylinterimme on suunniteltu korvaamaan saumattomasti olemassa olevat hydraulisylinterit varmistaen yhteensopivuuden ja toiminnan tehokkuuden.<\/li>\n<\/ul>\n<p><img decoding=\"async\" src=\"https:\/\/www.hydraulic-cylinders.net\/wp-content\/uploads\/2025\/04\/songte-cylinder-head-with-all-kinds-excavator-models.webp\" alt=\"Hydraulisylinterin vaihtovaihtoehdot\"><\/p>\n<h2>Puomisylinterin sovellukset<\/h2>\n<h3>1. Rakennuslaitteet<\/h3>\n<p>Kaivinkoneissa puomin sylinteri on ratkaisevan t\u00e4rke\u00e4 kaivamisessa, lastaamisessa ja maaper\u00e4n tai roskien siirt\u00e4misess\u00e4. Sen kyky pident\u00e4\u00e4 ja lyhent\u00e4\u00e4 toimintaa mahdollistaa tarkan kaivamisen ja materiaalin sijoittelun. Kaivurikuormaajissa sylinteri auttaa sek\u00e4 kaivu- ett\u00e4 nostoteht\u00e4viss\u00e4, mik\u00e4 parantaa kokonaistuottavuutta. Puomin sylinterin tehokas toiminta vaikuttaa suoraan rakennusprojektien nopeuteen ja tehokkuuteen.<\/p>\n<h3>2. Maatalouskoneet<\/h3>\n<p>Etukuormaajat k\u00e4ytt\u00e4v\u00e4t puomisylintereit\u00e4 maaper\u00e4n, hein\u00e4n ja muiden materiaalien kaivamiseen, nostamiseen ja kuljettamiseen. Sylinterin tuottama hydraulinen teho mahdollistaa nopeat ja tehokkaat lastaustoiminnot, jotka ovat olennaisia \u200b\u200btilanhoidossa. Puomisylinterin mukautuvuus erilaisiin maatalousteht\u00e4viin lis\u00e4\u00e4 sen arvoa maataloussektorilla.<\/p>\n<h3>3. Kaivinkoneet<\/h3>\n<p>Puomin sylinteri mahdollistaa kauhan tunkeutumisen maaper\u00e4\u00e4n kaivamisen aikana, mik\u00e4 mahdollistaa syvemm\u00e4n ja tehokkaamman kaivamisen. Sen hydrauliset ominaisuudet mahdollistavat kaivinkoneen suorittamisen useissa eri teht\u00e4viss\u00e4, kuten ojituksessa ja tasauksessa, mik\u00e4 osoittaa sen monipuolisuuden rakennus- ja maisemointity\u00f6ss\u00e4.<\/p>\n<h3>4. Kuormaajat<\/h3>\n<p>Etukuormaajissa puomisylinterit auttavat materiaalien tehokkaassa nostamisessa ja tyhjent\u00e4misess\u00e4. T\u00e4m\u00e4 toiminto on elint\u00e4rke\u00e4 rakennus- ja maisemointity\u00f6ss\u00e4, joissa materiaalien oikea-aikainen siirt\u00e4minen voi vaikuttaa merkitt\u00e4v\u00e4sti projektin aikatauluihin. Puomisylinterin luotettavuus varmistaa, ett\u00e4 kuormaajat toimivat optimaalisella tehokkuudella.<\/p>\n<h2>Suunnittelun\u00e4k\u00f6kohdat ja valintakriteerit<\/h2>\n<h3>Kantavuus<\/h3>\n<p>Puomisylinteri\u00e4 valittaessa on ensiarvoisen t\u00e4rke\u00e4\u00e4 ymm\u00e4rt\u00e4\u00e4 kuormituskapasiteetti. Sylinterin on kyett\u00e4v\u00e4 k\u00e4sittelem\u00e4\u00e4n sen nostama enimm\u00e4ispaino vaarantamatta suorituskyky\u00e4 tai turvallisuutta. T\u00e4m\u00e4 edellytt\u00e4\u00e4 perusteellisia laskelmia odotettujen k\u00e4ytt\u00f6kuormien perusteella, jotta varmistetaan oikeiden eritelmien t\u00e4yttyminen.<\/p>\n<h3>Tiivistyskyky<\/h3>\n<p>Tehokas tiivistys on kriittisen t\u00e4rke\u00e4\u00e4 hydraulij\u00e4rjestelmiss\u00e4 nestevuotojen est\u00e4miseksi ja paineen yll\u00e4pit\u00e4miseksi. Kest\u00e4vyyden parantamiseksi tulisi valita korkealaatuisia tiivistemateriaaleja, kuten polyuretaania ja nitriilikumia. Tiivistyskomponenttien tarkka suunnittelu varmistaa pitk\u00e4ik\u00e4isen suorituskyvyn ja minimoi huoltotarpeen.<\/p>\n<h3>Kest\u00e4vyys<\/h3>\n<p>Kest\u00e4vyys on avaintekij\u00e4, koska puomin sylinterit toimivat vaativissa olosuhteissa. Materiaalien tulee olla kulutusta kest\u00e4vi\u00e4, ja niiden suunnittelussa tulee olla suojapinnoitteita korroosion est\u00e4miseksi. T\u00e4m\u00e4 huomio pident\u00e4\u00e4 merkitt\u00e4v\u00e4sti sylinterin k\u00e4ytt\u00f6ik\u00e4\u00e4 ja v\u00e4hent\u00e4\u00e4 vaihtov\u00e4li\u00e4.<\/p>\n<h3>Turvaominaisuudet<\/h3>\n<p>Turvaominaisuuksien, kuten paineenalennusventtiilien, sis\u00e4llytt\u00e4minen on olennaista ylikuormituksen ja mahdollisten vikojen est\u00e4miseksi. Suunnittelun tulisi sis\u00e4lt\u00e4\u00e4 mekanismeja, jotka varmistavat raskaiden koneiden turvallisen k\u00e4yt\u00f6n ja edist\u00e4v\u00e4t turvallisempaa ty\u00f6ymp\u00e4rist\u00f6\u00e4.<\/p>\n<h3>Huolto Esteett\u00f6myys<\/h3>\n<p>Puomisylinterien suunnittelussa on ratkaisevan t\u00e4rke\u00e4\u00e4 ottaa huomioon huolto huomioon. Osien tulee olla helposti saatavilla s\u00e4\u00e4nn\u00f6llist\u00e4 huoltoa varten, mik\u00e4 helpottaa oikea-aikaisia \u200b\u200btarkastuksia ja korjauksia. T\u00e4m\u00e4 helppok\u00e4ytt\u00f6isyys auttaa pident\u00e4m\u00e4\u00e4n koneiden k\u00e4ytt\u00f6ik\u00e4\u00e4 ja tehokkuutta.<\/p>\n<p><img decoding=\"async\" src=\"https:\/\/www.hydraulic-cylinders.net\/wp-content\/uploads\/2025\/04\/songte-oil-pipes-and-spare-parts.webp\" alt=\"Hydraulisylinterin komponentit\"><\/p>\n<h2>Tiivistys ja voitelu<\/h2>\n<p>Asianmukainen tiivistys ja voitelu ovat v\u00e4ltt\u00e4m\u00e4tt\u00f6mi\u00e4 puomisylinterien tehokkaalle toiminnalle. Hydrauli\u00f6ljyn vuotojen est\u00e4miseksi k\u00e4ytet\u00e4\u00e4n erilaisia \u200b\u200btiivistyselementtej\u00e4, kuten m\u00e4nn\u00e4ntiivisteit\u00e4 ja varren tiivisteit\u00e4. Kulutusta kest\u00e4vist\u00e4 materiaaleista, kuten polyuretaanista ja nitriilikumista, valmistetut tiivisteet ovat edullisia niiden kest\u00e4vyyden ja tehokkuuden vuoksi.<\/p>\n<p>Sylinterin runko ja kierteitetyt p\u00e4\u00e4typinnat viimeistell\u00e4\u00e4n huolellisesti kulutuskest\u00e4vyyden parantamiseksi. S\u00e4\u00e4nn\u00f6llinen voitelu hydrauliikka\u00f6ljyll\u00e4 on v\u00e4ltt\u00e4m\u00e4t\u00f6nt\u00e4 kitkan minimoimiseksi ja komponenttien sujuvan toiminnan varmistamiseksi. Voitelurutiinin laatiminen auttaa yll\u00e4pit\u00e4m\u00e4\u00e4n optimaalista suorituskyky\u00e4 ja pident\u00e4\u00e4 sylinterin k\u00e4ytt\u00f6ik\u00e4\u00e4.<\/p>\n<h2>S\u00e4\u00e4nn\u00f6llinen tarkastus ja ennaltaehk\u00e4isev\u00e4 huolto<\/h2>\n<ul>\n<li><strong>Visuaaliset tarkastukset:<\/strong> Tarkasta puomin sylinteri s\u00e4\u00e4nn\u00f6llisesti n\u00e4kyvien vaurioiden, vuotojen tai kulumisen merkkien varalta. Ongelmien varhainen havaitseminen voi est\u00e4\u00e4 lis\u00e4vaurioita ja kalliita korjauksia.<\/li>\n<li><strong>Voitelutarkistukset:<\/strong> Varmista, ett\u00e4 hydrauliikka\u00f6ljyn taso on riitt\u00e4v\u00e4 ja ett\u00e4 \u00f6ljyss\u00e4 ei ole ep\u00e4puhtauksia. Asianmukainen voitelu on ratkaisevan t\u00e4rke\u00e4\u00e4 sujuvan toiminnan kannalta.<\/li>\n<li><strong>Tiivisteen vaihto:<\/strong> Tarkkaile tiivisteiden kuntoa ja vaihda ne tarvittaessa vuotojen est\u00e4miseksi ja hydraulipaineen yll\u00e4pit\u00e4miseksi.<\/li>\n<\/ul>\n<h2>Asennusohjeet<\/h2>\n<p>Puomisylinterin oikea asennus on ratkaisevan t\u00e4rke\u00e4\u00e4 sen suorituskyvyn ja pitk\u00e4n k\u00e4ytt\u00f6i\u00e4n kannalta. Aloita kohdistamalla sylinteri oikein koneen kiinnityspisteisiin. Asianmukaisten kiinnitystelineiden k\u00e4ytt\u00f6 on eritt\u00e4in suositeltavaa vakauden varmistamiseksi ja virhekohdistuksen est\u00e4miseksi k\u00e4yt\u00f6n aikana.<\/p>\n<p>Varmista, ett\u00e4 kaikki hydrauliset liit\u00e4nn\u00e4t ovat tiukasti kiinni ja tarkista mahdolliset vuodot ennen k\u00e4ytt\u00f6\u00e4. On t\u00e4rke\u00e4\u00e4 noudattaa valmistajan ohjeita v\u00e4\u00e4nt\u00f6momenttien ja asennusmenetelmien suhteen. Sylinterin asianmukainen kohdistus ja tukeva kiinnitys parantavat sen suorituskyky\u00e4 ja minimoivat kulumista.<\/p>\n<h2>Yleiset huoltoteht\u00e4v\u00e4t<\/h2>\n<ul>\n<li><strong>S\u00e4\u00e4nn\u00f6lliset tarkastukset:<\/strong> Suorita s\u00e4\u00e4nn\u00f6llisi\u00e4 tarkastuksia kulumisen tai mahdollisten vikojen havaitsemiseksi varhaisessa vaiheessa. T\u00e4m\u00e4 k\u00e4yt\u00e4nt\u00f6 varmistaa oikea-aikaiset toimenpiteet ja est\u00e4\u00e4 vakavat rikkoutumiset.<\/li>\n<li><strong>Oikea voitelu:<\/strong> Pid\u00e4 yll\u00e4 s\u00e4\u00e4nn\u00f6llist\u00e4 voiteluaikataulua varmistaaksesi, ett\u00e4 kaikki liikkuvat osat on voideltu riitt\u00e4v\u00e4sti. T\u00e4m\u00e4 est\u00e4\u00e4 liiallista kulumista ja pident\u00e4\u00e4 sylinterin k\u00e4ytt\u00f6ik\u00e4\u00e4.<\/li>\n<li><strong>Tiivisteen vaihto:<\/strong> Tarkasta tiivisteet s\u00e4\u00e4nn\u00f6llisesti ja vaihda ne, kun niiss\u00e4 n\u00e4kyy kulumisen merkkej\u00e4. T\u00e4m\u00e4 yksinkertainen teht\u00e4v\u00e4 voi est\u00e4\u00e4 vuotoja ja yll\u00e4pit\u00e4\u00e4 hydraulij\u00e4rjestelm\u00e4n eheytt\u00e4.<\/li>\n<\/ul>\n<h2>Turvallisuusn\u00e4k\u00f6kohdat ja ymp\u00e4rist\u00f6tekij\u00e4t<\/h2>\n<p>Turvatoimenpiteet ovat ratkaisevan t\u00e4rkeit\u00e4 hydraulisia koneita k\u00e4ytett\u00e4ess\u00e4. K\u00e4ytt\u00e4j\u00e4t tulee kouluttaa asianmukaiseen k\u00e4ytt\u00f6\u00f6n ja turvallisuusprotokolliin riskien minimoimiseksi. Koneen rajoitusten ymm\u00e4rt\u00e4minen ja suositeltujen k\u00e4ytt\u00f6tapojen noudattaminen on olennaista onnettomuuksien ehk\u00e4isemiseksi.<\/p>\n<h2>Vianm\u00e4\u00e4ritys ja yleiset ongelmat<\/h2>\n<ul>\n<li><strong>Hidas liike:<\/strong> T\u00e4m\u00e4 voi viitata alhaiseen hydrauliikka\u00f6ljyn tasoon tai ilmaan j\u00e4rjestelm\u00e4ss\u00e4. Tarkista \u00f6ljyn tasot ja ilmaa j\u00e4rjestelm\u00e4 ongelman ratkaisemiseksi.<\/li>\n<li><strong>Vuoto:<\/strong> Tarkasta tiivisteet ja liitokset kulumisen tai vaurioiden varalta. Vaihda tiivisteet tarvittaessa paineen yll\u00e4pit\u00e4miseksi ja vuotojen est\u00e4miseksi.<\/li>\n<li><strong>Ei liikett\u00e4:<\/strong> T\u00e4m\u00e4 voi johtua s\u00e4hk\u00f6ongelmista tai hydrauliikkalinjojen tukoksista. Tarkasta hydrauliikkapiiri huolellisesti vikojen varalta.<\/li>\n<\/ul>\n<h2>Vinkkej\u00e4 tehokkaaseen vianm\u00e4\u00e4ritykseen<\/h2>\n<p>Kun vianm\u00e4\u00e4rit\u00e4t puomin sylinterin ongelmia, aloita silm\u00e4m\u00e4\u00e4r\u00e4isill\u00e4 tarkastuksilla mahdollisten ilmeisten ongelmien tunnistamiseksi. S\u00e4\u00e4nn\u00f6lliset huoltotoimenpiteet voivat auttaa ehk\u00e4isem\u00e4\u00e4n monia yleisi\u00e4 ongelmia, kuten vuotoja ja hidasta toimintaa. Yksityiskohtaisen huoltolokin pit\u00e4minen voi auttaa tunnistamaan toistuvat ongelmat ja helpottaa korjausten parempaa suunnittelua.<\/p>\n<p><img decoding=\"async\" src=\"https:\/\/www.hydraulic-cylinders.net\/wp-content\/uploads\/2025\/04\/songte-bushings-with-all-kinds-of-excavator-models.webp\" alt=\"Kaivinkonemallit\"><\/p>\n<h2>Tietoa yrityksest\u00e4mme<\/h2>\n<p>Olemme johtava hydraulisten varaosien valmistaja ja tarjoamme kattavan valikoiman tuotteita. Yrityksemme on vakiinnuttanut asemansa johtavana hydraulisten sylinterien valmistajana ja tukkumyyj\u00e4n\u00e4 sek\u00e4 kotimaisilla ett\u00e4 kansainv\u00e4lisill\u00e4 markkinoilla. Noudatamme korkeita laatustandardeja ja k\u00e4yt\u00e4mme hienostunutta valmistuksenohjausstrategiaa.<\/p>\n<p>Hy\u00f6dynt\u00e4m\u00e4ll\u00e4 lahjakkaita ammattilaisia, edistyneit\u00e4 digitaalisia valmistuslaitteita ja erikoistuneita testausj\u00e4rjestelmi\u00e4 parannamme jatkuvasti valmistuskapasiteettiamme. Sitoutumisemme laatuun ei ainoastaan \u200b\u200bt\u00e4yt\u00e4 monipuolisia asiakastarpeita, vaan my\u00f6s vahvistaa markkina-asemaamme.<\/p>\n<p><img decoding=\"async\" src=\"https:\/\/www.hydraulic-cylinders.net\/wp-content\/uploads\/2025\/04\/songte-company-4.webp\" alt=\"Yrityksen yleiskatsaus\"><br \/>\n<img decoding=\"async\" src=\"https:\/\/www.hydraulic-cylinders.net\/wp-content\/uploads\/2025\/04\/songte-company-3.webp\" alt=\"Tuotantolaitos\"><\/p>\n<p>Olemme ylpeit\u00e4 ammattitaidostamme, kansainv\u00e4lisist\u00e4 sertifikaateistamme, r\u00e4\u00e4t\u00e4l\u00f6it\u00e4vist\u00e4 palveluistamme ja erinomaisesta j\u00e4lkimarkkinointituestamme, mik\u00e4 varmistaa asiakkaillemme parasta laatua ja palvelua.<\/p>\n<p>Kirjoittaja: lyl<\/p>","protected":false},"excerpt":{"rendered":"<p>Boom Cylinder For Kato Small Excavator HD550-1-7 Understanding the Boom Cylinder The boom cylinder is a hydraulic cylinder specifically designed for controlling the movement of the boom on various heavy machinery, such as excavators, backhoe loaders, and front-end loaders. This essential component allows the boom to lift, lower, and tilt, facilitating efficient material handling tasks. [&hellip;]<\/p>","protected":false},"featured_media":17875,"comment_status":"open","ping_status":"closed","template":"","meta":{"_et_pb_use_builder":"","_et_pb_old_content":"","_et_gb_content_width":""},"product_brand":[],"product_cat":[1546],"product_tag":[1547,1496],"class_list":{"0":"post-19732","1":"product","2":"type-product","3":"status-publish","4":"has-post-thumbnail","6":"product_cat-boom-cylinders","7":"product_tag-boom-cylinders","8":"product_tag-hydraulic-cylinders","10":"first","11":"instock","12":"shipping-taxable","13":"product-type-simple"},"amp_enabled":true,"_links":{"self":[{"href":"https:\/\/www.hydraulic-cylinders.net\/fi\/wp-json\/wp\/v2\/product\/19732","targetHints":{"allow":["GET"]}}],"collection":[{"href":"https:\/\/www.hydraulic-cylinders.net\/fi\/wp-json\/wp\/v2\/product"}],"about":[{"href":"https:\/\/www.hydraulic-cylinders.net\/fi\/wp-json\/wp\/v2\/types\/product"}],"replies":[{"embeddable":true,"href":"https:\/\/www.hydraulic-cylinders.net\/fi\/wp-json\/wp\/v2\/comments?post=19732"}],"wp:featuredmedia":[{"embeddable":true,"href":"https:\/\/www.hydraulic-cylinders.net\/fi\/wp-json\/wp\/v2\/media\/17875"}],"wp:attachment":[{"href":"https:\/\/www.hydraulic-cylinders.net\/fi\/wp-json\/wp\/v2\/media?parent=19732"}],"wp:term":[{"taxonomy":"product_brand","embeddable":true,"href":"https:\/\/www.hydraulic-cylinders.net\/fi\/wp-json\/wp\/v2\/product_brand?post=19732"},{"taxonomy":"product_cat","embeddable":true,"href":"https:\/\/www.hydraulic-cylinders.net\/fi\/wp-json\/wp\/v2\/product_cat?post=19732"},{"taxonomy":"product_tag","embeddable":true,"href":"https:\/\/www.hydraulic-cylinders.net\/fi\/wp-json\/wp\/v2\/product_tag?post=19732"}],"curies":[{"name":"wp","href":"https:\/\/api.w.org\/{rel}","templated":true}]}}