{"id":19733,"date":"2025-04-07T07:04:37","date_gmt":"2025-04-07T07:04:37","guid":{"rendered":"https:\/\/www.hydraulic-cylinders.net\/product\/boom-cylinder-for-kato-small-excavator-hd820-3\/"},"modified":"2025-04-07T07:04:39","modified_gmt":"2025-04-07T07:04:39","slug":"boom-cylinder-for-kato-small-excavator-hd820-3","status":"publish","type":"product","link":"https:\/\/www.hydraulic-cylinders.net\/fi\/tuote\/boom-cylinder-for-kato-small-excavator-hd820-3\/","title":{"rendered":"Puomin sylinteri Kato-kaivinkoneelle HD820-3"},"content":{"rendered":"<h1>Puomin sylinteri Kato-kaivinkoneelle HD820-3<\/h1>\n<h2>Johdatus puomin sylintereihin<\/h2>\n<p>Kato Small Excavator HD820-3 -kaivukoneen puomin sylinteri on olennainen hydrauliikkakomponentti, joka on suunniteltu erityisesti kauhojen liikkeen ohjaamiseen erilaisissa raskaissa koneissa, kuten kaivinkoneissa, kaivinkoneissa ja etukuormaajissa. N\u00e4m\u00e4 hydrauliikkasylinterit helpottavat kauhan nostamista, laskemista ja kallistusta, mik\u00e4 tekee niist\u00e4 elint\u00e4rkeit\u00e4 materiaalink\u00e4sittelyteht\u00e4viss\u00e4 rakennus- ja kaivut\u00f6iss\u00e4.<\/p>\n<p>N\u00e4iden laitteiden ytimess\u00e4 on hydrauliikkaj\u00e4rjestelm\u00e4, joka k\u00e4ytt\u00e4\u00e4 paineistettua nestett\u00e4 liikkeen luomiseen. Kauhasylinteri on er\u00e4\u00e4nlainen hydrauliikkasylinteri, joka on suunniteltu kest\u00e4m\u00e4\u00e4n raskaan nostamisen ja siirt\u00e4misen aikana syntyvi\u00e4 \u00e4\u00e4rimm\u00e4isi\u00e4 voimia. Niiden vankka rakenne varmistaa luotettavuuden ja suorituskyvyn my\u00f6s ankarissa ty\u00f6ymp\u00e4rist\u00f6iss\u00e4.<\/p>\n<p><img decoding=\"async\" src=\"https:\/\/www.hydraulic-cylinders.net\/wp-content\/uploads\/2025\/04\/songte-company-1.webp\" alt=\"Kato-kaivinkoneen puomin sylinteri\"><\/p>\n<h3>Puomin sylinterin ominaisuudet<\/h3>\n<ul>\n<li><strong>Korkea lujuus ja kest\u00e4vyys:<\/strong> N\u00e4m\u00e4 sylinterit on valmistettu eritt\u00e4in lujasta ter\u00e4ksest\u00e4 tai alumiinista, ja ne kest\u00e4v\u00e4t korkeaa painetta ja raskaita kuormia, joten ne sopivat vaativiin ty\u00f6olosuhteisiin.<\/li>\n<li><strong>Tehokas hydraulinen k\u00e4ytt\u00f6:<\/strong> Sylinterin tasainen pidennys ja sis\u00e4\u00e4nveto saavutetaan hydrauli\u00f6ljyn paineella, mik\u00e4 mahdollistaa nopean reagoinnin ohjauskomentoihin ja tarjoaa tehokkaat ty\u00f6nt\u00f6- ja vetovoimat.<\/li>\n<li><strong>Erilaisia \u200b\u200btyyppej\u00e4:<\/strong> Puomisylintereit\u00e4 on saatavana sek\u00e4 yksi- ett\u00e4 kaksitoimisina malleina erilaisten k\u00e4ytt\u00f6tarpeiden t\u00e4ytt\u00e4miseksi. Jotkut mallit ovat teleskooppisia, mik\u00e4 mahdollistaa suuremman jatkeen ilman ulkomittojen kasvua, mik\u00e4 sopii erinomaisesti tilarajoitteisiin sovelluksiin.<\/li>\n<li><strong>Yhteensopivuus:<\/strong> Tuotteemme on suunniteltu korvaamaan t\u00e4ydellisesti olemassa olevat hydraulisylinterit ja varmistamaan saumattoman integroinnin olemassa oleviin koneisiin.<\/li>\n<li><strong>Huoltoyst\u00e4v\u00e4llinen muotoilu:<\/strong> N\u00e4m\u00e4 sylinterit on suunniteltu helposti huollettaviksi, mik\u00e4 varmistaa pitk\u00e4n k\u00e4ytt\u00f6i\u00e4n ja v\u00e4hent\u00e4\u00e4 seisokkiaikoja.<\/li>\n<\/ul>\n<p><img decoding=\"async\" src=\"https:\/\/www.hydraulic-cylinders.net\/wp-content\/uploads\/2025\/04\/songte-cylinder-head-with-all-kinds-excavator-models.webp\" alt=\"Kaivinkonemallien yhteensopivuus\"><\/p>\n<h2>Puomisylinterin sovellukset<\/h2>\n<h3>Rakennuslaitteet<\/h3>\n<p>Rakennuskoneissa, erityisesti kaivinkoneissa, puomin sylinterit ovat ratkaisevan t\u00e4rkeit\u00e4 maan tai roskien kaivamisessa, lastaamisessa ja siirt\u00e4misess\u00e4. Ne tarjoavat tarvittavan voiman maan tunkeutumiseen, jolloin kuljettajat voivat kaivaa tehokkaasti. Kaivurikuormaajissa n\u00e4m\u00e4 sylinterit auttavat paitsi kaivamisessa my\u00f6s materiaalien nostamisessa, mik\u00e4 parantaa koneen monipuolisuutta ja tehokkuutta erilaisissa teht\u00e4viss\u00e4.<\/p>\n<h3>Maatalouskoneet<\/h3>\n<p>Maatalouskoneissa etukuormaajat k\u00e4ytt\u00e4v\u00e4t puomisylintereit\u00e4 maaper\u00e4n, hein\u00e4n ja muiden materiaalien kauhaamiseen, nostamiseen ja kuljettamiseen. N\u00e4ill\u00e4 hydraulisylintereill\u00e4 on keskeinen rooli maataloustoiminnan tehokkuuden parantamisessa mahdollistamalla nopea materiaalink\u00e4sittely ja -kuljetus, mik\u00e4 on elint\u00e4rke\u00e4\u00e4 maatalousymp\u00e4rist\u00f6jen tuottavuudelle.<\/p>\n<h3>Kaivinkoneet<\/h3>\n<p>Kaivinkoneissa puomin sylinteri mahdollistaa kauhan tunkeutumisen maaper\u00e4\u00e4n, mik\u00e4 helpottaa tehokasta kaivua. N\u00e4iden sylinterien tuottama hydraulinen teho mahdollistaa kaivinkoneiden suorittavan erilaisia \u200b\u200bteht\u00e4vi\u00e4 ojituksesta perustusten kaivamiseen tarkasti ja helposti. T\u00e4m\u00e4 ominaisuus on ratkaisevan t\u00e4rke\u00e4 rakennusprojekteissa, jotka vaativat syv\u00e4\u00e4 kaivamista.<\/p>\n<h3>Kuormaajat<\/h3>\n<p>Etukuormaajissa puomin sylinterit auttavat kuormien tehokkaassa nostamisessa ja tyhjent\u00e4misess\u00e4. Ne tarjoavat tarvittavan nostovoiman raskaiden materiaalien nostamiseen ja varmistavat hallitun tyhjennyksen, mik\u00e4 parantaa materiaalink\u00e4sittelyn kokonaistehokkuutta rakennus- ja maisemointit\u00f6iss\u00e4.<\/p>\n<h2>Puomisylinterien suunnittelun\u00e4k\u00f6kohtia<\/h2>\n<h3>Kantavuus<\/h3>\n<p>Puomisylintereiden suunnittelussa kuormituskapasiteetti on kriittinen tekij\u00e4. Sylinterin on kyett\u00e4v\u00e4 k\u00e4sittelem\u00e4\u00e4n odotettu enimm\u00e4iskuorma vaarantamatta turvallisuutta tai suorituskyky\u00e4. Insin\u00f6\u00f6rit laskevat vaadittavan kuormituskapasiteetin sylinterin k\u00e4ytt\u00e4mien tiettyjen sovellusten perusteella varmistaen, ett\u00e4 se t\u00e4ytt\u00e4\u00e4 tai ylitt\u00e4\u00e4 alan standardit.<\/p>\n<h3>Tiivistys ja kest\u00e4vyys<\/h3>\n<p>Tehokas tiivistys on elint\u00e4rke\u00e4\u00e4 hydraulisylintereille vuotojen est\u00e4miseksi ja paineen yll\u00e4pit\u00e4miseksi. Kest\u00e4vist\u00e4 materiaaleista, kuten polyuretaanista ja nitriilikumista, valmistettuja korkealaatuisia tiivisteit\u00e4 k\u00e4ytet\u00e4\u00e4n pitk\u00e4ik\u00e4isyyden ja luotettavuuden parantamiseksi. Suunnittelussa on otettava huomioon my\u00f6s kulumisen mahdollisuus ja varmistettava, ett\u00e4 tiivisteet kest\u00e4v\u00e4t k\u00e4yt\u00f6n rasitukset.<\/p>\n<h3>Turvaominaisuudet<\/h3>\n<p>Turvallisuus on ensiarvoisen t\u00e4rke\u00e4\u00e4 puomisylintereiden suunnittelussa. Turvaominaisuuksien, kuten paineenalennusventtiilien ja vikasietomekanismien, sis\u00e4llytt\u00e4minen varmistaa, ett\u00e4 laitteet toimivat turvallisten parametrien mukaisesti. S\u00e4\u00e4nn\u00f6lliset turvallisuustarkastukset ja turvallisuusstandardien noudattaminen ovat ratkaisevan t\u00e4rkeit\u00e4 onnettomuuksien ja laitevikojen ehk\u00e4isemiseksi.<\/p>\n<h3>Huolto Esteett\u00f6myys<\/h3>\n<p>Huoltomahdollisuuden huomioiminen suunnittelussa on olennaista puomisylinterien optimaalisen kunnon yll\u00e4pit\u00e4miseksi. Ominaisuudet, kuten helposti saavutettavat voitelu- ja tarkastuskohdat, voivat merkitt\u00e4v\u00e4sti v\u00e4hent\u00e4\u00e4 seisokkiaikoja. Huolellinen suunnittelu voi helpottaa s\u00e4\u00e4nn\u00f6llisi\u00e4 huoltotarkastuksia, pident\u00e4\u00e4 sylinterin k\u00e4ytt\u00f6ik\u00e4\u00e4 ja parantaa kokonaissuorituskyky\u00e4.<\/p>\n<p><img decoding=\"async\" src=\"https:\/\/www.hydraulic-cylinders.net\/wp-content\/uploads\/2025\/04\/songte-oil-pipes-and-spare-parts.webp\" alt=\"Hydrauliputket ja varaosat\"><\/p>\n<h2>Puomisylinterien tiivistys ja voitelu<\/h2>\n<p>Tehokas tiivistys on ratkaisevan t\u00e4rke\u00e4\u00e4 hydraulisen paineen yll\u00e4pit\u00e4miseksi puomisylintereiss\u00e4. Hydraulinestevuotojen est\u00e4miseksi k\u00e4ytet\u00e4\u00e4n erilaisia \u200b\u200btiivisteit\u00e4, kuten m\u00e4nn\u00e4ntiivisteit\u00e4 ja varren tiivisteit\u00e4. Tiivisteet valmistetaan usein kulutusta kest\u00e4vist\u00e4 materiaaleista, kuten polyuretaanista ja nitriilikumista, jotka valitaan kest\u00e4vyytens\u00e4 ja \u00e4\u00e4rimm\u00e4isten olosuhteiden kest\u00e4vyytens\u00e4 vuoksi.<\/p>\n<p>Sylinterin rungon ja kierteitetyn p\u00e4\u00e4n pinta on huolellisesti k\u00e4sitelty kulutuskest\u00e4vyyden parantamiseksi, mik\u00e4 varmistaa pitk\u00e4n k\u00e4ytt\u00f6i\u00e4n ja suorituskyvyn. S\u00e4\u00e4nn\u00f6llinen voitelu on my\u00f6s v\u00e4ltt\u00e4m\u00e4t\u00f6nt\u00e4; k\u00e4ytt\u00e4jien on varmistettava, ett\u00e4 sylinteriin lis\u00e4t\u00e4\u00e4n s\u00e4\u00e4nn\u00f6llisesti riitt\u00e4v\u00e4 m\u00e4\u00e4r\u00e4 hydrauli\u00f6ljy\u00e4 sen toiminnan yll\u00e4pit\u00e4miseksi ja kulumisen est\u00e4miseksi.<\/p>\n<h2>S\u00e4\u00e4nn\u00f6llinen tarkastus ja ennaltaehk\u00e4isev\u00e4 huolto<\/h2>\n<ul>\n<li><strong>Rutiinitarkastukset:<\/strong> Aikatauluta s\u00e4\u00e4nn\u00f6lliset tarkastukset mahdollisten vuotojen, kulumisen tai vaurioiden havaitsemiseksi. Ongelmien varhainen havaitseminen voi est\u00e4\u00e4 kalliita korjauksia ja seisokkeja.<\/li>\n<li><strong>Oikea voitelu:<\/strong> Varmista, ett\u00e4 kaikki liikkuvat osat on voideltu riitt\u00e4v\u00e4sti sopivalla hydrauliikka\u00f6ljyll\u00e4 kitkan ja kulumisen v\u00e4hent\u00e4miseksi.<\/li>\n<li><strong>Tiivisteen vaihto:<\/strong> Tarkista tiivisteet s\u00e4\u00e4nn\u00f6llisesti kulumisen varalta ja vaihda ne tarvittaessa hydraulisen tehokkuuden yll\u00e4pit\u00e4miseksi ja vuotojen est\u00e4miseksi.<\/li>\n<\/ul>\n<h2>Puomisylinterien asennusohjeet<\/h2>\n<p>Puomisylinterin asentaminen vaatii huolellista huomiota yksityiskohtiin, jotta se toimii oikein ja kest\u00e4\u00e4 k\u00e4yt\u00f6ss\u00e4 pitk\u00e4\u00e4n. Noudata n\u00e4it\u00e4 ohjeita:<\/p>\n<ul>\n<li><strong>Valmistelu:<\/strong> Ennen asennusta varmista, ett\u00e4 ty\u00f6alue on puhdas ja vapaa roskista. Ker\u00e4\u00e4 kaikki tarvittavat ty\u00f6kalut ja osat.<\/li>\n<li><strong>Tasaus:<\/strong> Sylinterin oikea kohdistus kiinnityspisteisiin on ratkaisevan t\u00e4rke\u00e4\u00e4. K\u00e4yt\u00e4 vatupassia varmistaaksesi, ett\u00e4 sylinteri on suorassa ja linjassa koneen rakenteen kanssa.<\/li>\n<li><strong>Turvallinen kiinnitys:<\/strong> K\u00e4yt\u00e4 sopivia kiinnityskiinnikkeit\u00e4 sylinterin kiinnitt\u00e4miseksi tukevasti paikalleen. Varmista, ett\u00e4 kaikki pultit on kiristetty valmistajan ohjeiden mukaisesti, jotta v\u00e4ltet\u00e4\u00e4n sylinterin liikkuminen k\u00e4yt\u00f6n aikana.<\/li>\n<li><strong>Hydraulinen liit\u00e4nt\u00e4:<\/strong> Liit\u00e4 hydrauliikkalinjat huolellisesti varmistaen, ettei niiss\u00e4 ole mutkia tai kiertymi\u00e4. Tarkista yhteensopivuus olemassa olevien hydrauliikkaj\u00e4rjestelmien kanssa.<\/li>\n<li><strong>Testaus:<\/strong> Asennuksen j\u00e4lkeen suorita koek\u00e4ytt\u00f6 varmistaaksesi, ett\u00e4 sylinteri toimii tasaisesti ja ilman vuotoja. Seuraa suorituskyky\u00e4 tarkasti alkuk\u00e4yt\u00f6n aikana.<\/li>\n<\/ul>\n<p><img decoding=\"async\" src=\"https:\/\/www.hydraulic-cylinders.net\/wp-content\/uploads\/2025\/04\/songte-chushion-collar.webp\" alt=\"Tyynykaulus\"><\/p>\n<h2>Turvallisuusn\u00e4k\u00f6kohdat ja ymp\u00e4rist\u00f6tekij\u00e4t<\/h2>\n<p>Hydraulisylintereit\u00e4 k\u00e4ytett\u00e4ess\u00e4 on t\u00e4rke\u00e4\u00e4 noudattaa turvatoimenpiteit\u00e4 onnettomuuksien ehk\u00e4isemiseksi. K\u00e4ytt\u00e4j\u00e4t tulee kouluttaa asianmukaisiin k\u00e4sittelytekniikoihin ja henkil\u00f6nsuojainten (PPE) k\u00e4ytt\u00f6\u00f6n. S\u00e4\u00e4nn\u00f6llisi\u00e4 turvallisuustarkastuksia on suoritettava turvallisuusstandardien ja -m\u00e4\u00e4r\u00e4ysten noudattamisen varmistamiseksi.<\/p>\n<p>Lis\u00e4ksi ymp\u00e4rist\u00f6n\u00e4k\u00f6kohdat, kuten hydraulinestevuotojen hallinta, ovat ratkaisevan t\u00e4rkeit\u00e4. Hydraulinesteiden erist\u00e4mistoimenpiteiden ja asianmukaisten h\u00e4vitysprotokollien toteuttaminen voi merkitt\u00e4v\u00e4sti v\u00e4hent\u00e4\u00e4 hydraulij\u00e4rjestelmien ymp\u00e4rist\u00f6vaikutuksia.<\/p>\n<h2>Vianm\u00e4\u00e4ritys ja yleiset ongelmat<\/h2>\n<ul>\n<li><strong>Hydrauliset vuodot:<\/strong> Vuotoja voi esiinty\u00e4 tiivisteiden kulumisen vuoksi. T\u00e4m\u00e4n ongelman est\u00e4miseksi tarvitaan s\u00e4\u00e4nn\u00f6llist\u00e4 huoltoa.<\/li>\n<li><strong>Heikentynyt suorituskyky:<\/strong> Jos sylinteri ei reagoi nopeasti tai sen teho on heikentynyt, se voi viitata ilmaan hydraulij\u00e4rjestelm\u00e4ss\u00e4 tai alhaiseen nestetasoon.<\/li>\n<li><strong>Ylikuumeneminen:<\/strong> Jatkuva k\u00e4ytt\u00f6 ilman riitt\u00e4v\u00e4\u00e4 j\u00e4\u00e4hdytyst\u00e4 voi johtaa ylikuumenemiseen, mik\u00e4 vaikuttaa hydraulinesteen viskositeettiin ja suorituskykyyn.<\/li>\n<\/ul>\n<p>N\u00e4it\u00e4 ongelmia diagnosoitaessa on t\u00e4rke\u00e4\u00e4 tarkastaa hydrauliikkaj\u00e4rjestelm\u00e4 perusteellisesti vuotojen, nestetasojen sek\u00e4 tiivisteiden ja letkujen eheyden varalta. S\u00e4\u00e4nn\u00f6lliset ennaltaehk\u00e4isev\u00e4t toimenpiteet voivat merkitt\u00e4v\u00e4sti lievent\u00e4\u00e4 mahdollisia ongelmia ja pident\u00e4\u00e4 hydraulisylintereiden k\u00e4ytt\u00f6ik\u00e4\u00e4.<\/p>\n<p><img decoding=\"async\" src=\"https:\/\/www.hydraulic-cylinders.net\/wp-content\/uploads\/2025\/04\/songte-bushings-with-all-kinds-of-excavator-models.webp\" alt=\"Kaivinkonemallien holkit\"><\/p>\n<h2>Johtop\u00e4\u00e4t\u00f6s<\/h2>\n<p>Yrityksemme on erikoistunut korkealaatuisten hydraulisten sylinterien valmistukseen ja on vakiinnuttanut asemansa yhten\u00e4 johtavista valmistajista ja tukkumyyjist\u00e4 sek\u00e4 kotimaisilla ett\u00e4 kansainv\u00e4lisill\u00e4 markkinoilla. Noudatamme korkeita laatustandardeja, hy\u00f6dynn\u00e4mme hienostuneita valmistusstrategioita ja huippuluokan digitaalisia laitteita. Sitoutumisemme valmistusprosessien ja tuotteiden laadun jatkuvaan parantamiseen varmistaa, ett\u00e4 vastaamme monipuolisiin asiakastarpeisiin tehokkaasti ja tarkasti.<\/p>\n<p>Tarjoamme r\u00e4\u00e4t\u00e4l\u00f6ityj\u00e4 palveluita, kansainv\u00e4lisi\u00e4 sertifikaatteja ja vahvan j\u00e4lkimarkkinointitukij\u00e4rjestelm\u00e4n. Edistykselliset tuotantolaitteemme mahdollistavat tuotteidemme korkean tarkkuuden ja tehokkuuden, mik\u00e4 varmistaa, ett\u00e4 pystymme palvelemaan erilaisia \u200b\u200bsovelluksia ja eritelmi\u00e4.<\/p>\n<p><img decoding=\"async\" src=\"https:\/\/www.hydraulic-cylinders.net\/wp-content\/uploads\/2025\/04\/songte-company-4.webp\" alt=\"Yrityksen yleiskatsaus\"><br \/>\n<img decoding=\"async\" src=\"https:\/\/www.hydraulic-cylinders.net\/wp-content\/uploads\/2025\/04\/songte-company-3.webp\" alt=\"Yrityksen tilat\"><\/p>\n<p>Kirjoittaja: lyl<\/p>","protected":false},"excerpt":{"rendered":"<p>Boom Cylinder For Kato Small Excavator HD820-3 Introduction to Boom Cylinders The Boom Cylinder for Kato Small Excavator HD820-3 is an essential hydraulic component designed specifically for controlling the movement of buckets in various heavy machinery, including excavators, backhoe loaders, and front loaders. These hydraulic cylinders facilitate the lifting, lowering, and tilting of the bucket, [&hellip;]<\/p>","protected":false},"featured_media":17876,"comment_status":"open","ping_status":"closed","template":"","meta":{"_et_pb_use_builder":"","_et_pb_old_content":"","_et_gb_content_width":""},"product_brand":[],"product_cat":[1546],"product_tag":[1547,1496],"class_list":{"0":"post-19733","1":"product","2":"type-product","3":"status-publish","4":"has-post-thumbnail","6":"product_cat-boom-cylinders","7":"product_tag-boom-cylinders","8":"product_tag-hydraulic-cylinders","10":"first","11":"instock","12":"shipping-taxable","13":"product-type-simple"},"amp_enabled":true,"_links":{"self":[{"href":"https:\/\/www.hydraulic-cylinders.net\/fi\/wp-json\/wp\/v2\/product\/19733","targetHints":{"allow":["GET"]}}],"collection":[{"href":"https:\/\/www.hydraulic-cylinders.net\/fi\/wp-json\/wp\/v2\/product"}],"about":[{"href":"https:\/\/www.hydraulic-cylinders.net\/fi\/wp-json\/wp\/v2\/types\/product"}],"replies":[{"embeddable":true,"href":"https:\/\/www.hydraulic-cylinders.net\/fi\/wp-json\/wp\/v2\/comments?post=19733"}],"wp:featuredmedia":[{"embeddable":true,"href":"https:\/\/www.hydraulic-cylinders.net\/fi\/wp-json\/wp\/v2\/media\/17876"}],"wp:attachment":[{"href":"https:\/\/www.hydraulic-cylinders.net\/fi\/wp-json\/wp\/v2\/media?parent=19733"}],"wp:term":[{"taxonomy":"product_brand","embeddable":true,"href":"https:\/\/www.hydraulic-cylinders.net\/fi\/wp-json\/wp\/v2\/product_brand?post=19733"},{"taxonomy":"product_cat","embeddable":true,"href":"https:\/\/www.hydraulic-cylinders.net\/fi\/wp-json\/wp\/v2\/product_cat?post=19733"},{"taxonomy":"product_tag","embeddable":true,"href":"https:\/\/www.hydraulic-cylinders.net\/fi\/wp-json\/wp\/v2\/product_tag?post=19733"}],"curies":[{"name":"wp","href":"https:\/\/api.w.org\/{rel}","templated":true}]}}