{"id":19735,"date":"2025-04-07T07:04:41","date_gmt":"2025-04-07T07:04:41","guid":{"rendered":"https:\/\/www.hydraulic-cylinders.net\/product\/boom-cylinder-for-kato-small-excavator-hd2048r\/"},"modified":"2025-04-07T07:04:44","modified_gmt":"2025-04-07T07:04:44","slug":"boom-cylinder-for-kato-small-excavator-hd2048r","status":"publish","type":"product","link":"https:\/\/www.hydraulic-cylinders.net\/fi\/tuote\/boom-cylinder-for-kato-small-excavator-hd2048r\/","title":{"rendered":"Puomin sylinteri Kato-pienelle kaivinkoneelle HD2048R"},"content":{"rendered":"<h1>Puomin sylinteri Kato-pienelle kaivinkoneelle HD2048R<\/h1>\n<h2>Tuotteen yleiskatsaus<\/h2>\n<p>Kato Small Excavator HD2048R -kaivukoneen puomin sylinteri on erikoishydraulinen sylinteri, joka on suunniteltu ohjaamaan puomin varren liikett\u00e4 pieniss\u00e4 kaivukoneissa. T\u00e4m\u00e4 t\u00e4rke\u00e4 komponentti mahdollistaa puomin tarkan nostamisen, laskemisen ja kallistuksen, mik\u00e4 on olennaista erilaisissa materiaalink\u00e4sittelyteht\u00e4viss\u00e4 rakennus- ja kaivuuprojekteissa.<\/p>\n<p><img decoding=\"async\" src=\"https:\/\/www.hydraulic-cylinders.net\/wp-content\/uploads\/2025\/04\/songte-company-1.webp\" alt=\"Puomin sylinterin kuva\"><\/p>\n<p>Puomisylinterit ovat hydraulisylintereit\u00e4, joita k\u00e4ytet\u00e4\u00e4n erityisesti raskaiden koneiden, kuten kaivinkoneiden, kaivurikuormaajien ja etukuormaajien, puomin k\u00e4ytt\u00e4miseen. Ne mahdollistavat puomin k\u00e4\u00e4ntymisen ja tarvittavien korkeuksien ja syvyyksien saavuttamisen tehokkaita kaivu- ja nostotoimintoja varten. Hydraulij\u00e4rjestelm\u00e4 k\u00e4ytt\u00e4\u00e4 paineistettua nestett\u00e4 sylinterin pident\u00e4miseen ja vet\u00e4miseen sis\u00e4\u00e4n, mik\u00e4 tarjoaa tarvittavan voiman raskaiden kuormien tehokkaaseen k\u00e4sittelyyn.<\/p>\n<h2>Puomin sylinterin ominaisuudet<\/h2>\n<ul>\n<li>\n<h3>Korkea lujuus ja kest\u00e4vyys<\/h3>\n<p> Yleens\u00e4 lujasta ter\u00e4ksest\u00e4 tai alumiinista valmistettu puomin sylinteri kest\u00e4\u00e4 korkeaa painetta ja raskaita kuormia, mukautuen ankariin ty\u00f6olosuhteisiin ja varmistaen samalla pitk\u00e4n k\u00e4ytt\u00f6i\u00e4n.<\/li>\n<li>\n<h3>Tehokas hydraulinen k\u00e4ytt\u00f6<\/h3>\n<p> Se toimii sujuvasti hydrauli\u00f6ljyn paineen avulla, reagoi nopeasti ohjauskomentoihin ja tuottaa tehokkaita ty\u00f6nt\u00f6- ja vetovoimia, mik\u00e4 tekee siit\u00e4 sopivan raskaiden materiaalien k\u00e4sittelyyn ja monimutkaisiin teht\u00e4viin.<\/li>\n<li>\n<h3>Erilaiset tyypit<\/h3>\n<p> Sylinterit voidaan valita erityistarpeiden mukaan, mukaan lukien yksitoimiset (toimivat yhteen suuntaan) tai kaksitoimiset (toimivat molempiin suuntiin) kokoonpanot, ja jotkut mallit ovat teleskooppisia, mik\u00e4 mahdollistaa suuremman pidennysmittojen kasvun.<\/li>\n<li>\n<h3>Mukautettu valmistus<\/h3>\n<p> Valmistamme t\u00e4m\u00e4n tuotteen tarkasti varmistaen, ett\u00e4 hydraulisylinterimme korvaavat t\u00e4ydellisesti olemassa olevat yksik\u00f6t ja tarjoavat luotettavaa suorituskyky\u00e4 erilaisissa sovelluksissa.<\/li>\n<li>\n<h3>Yhteensopivuus ja monipuolisuus<\/h3>\n<p> N\u00e4m\u00e4 sylinterit on suunniteltu yhteensopiviksi useiden kaivinkonemallien kanssa, ja ne parantavat raskaiden koneiden toimivuutta ja monipuolisuutta erilaisissa k\u00e4ytt\u00f6ymp\u00e4rist\u00f6iss\u00e4.<\/h3>\n<\/li>\n<\/ul>\n<p><img decoding=\"async\" src=\"https:\/\/www.hydraulic-cylinders.net\/wp-content\/uploads\/2025\/04\/songte-cylinder-head-with-all-kinds-excavator-models.webp\" alt=\"Sylinterin yhteensopivuuskuva\"><\/p>\n<h2>Puomisylinterin sovellukset<\/h2>\n<ul>\n<li>\n<h3>Rakennuslaitteet<\/h3>\n<p> Kaivinkoneissa puomisylinterit ovat ratkaisevan t\u00e4rkeit\u00e4 maan tai roskien kaivamisessa, lastaamisessa ja kuljetuksessa. Ne mahdollistavat kauhan ulottumisen syv\u00e4lle maahan, mik\u00e4 helpottaa tehokasta kaivamista. Kaivurikuormaajissa puomisylinteri tukee sek\u00e4 kaivu- ett\u00e4 nostotoimintoja, mik\u00e4 tekee siit\u00e4 v\u00e4ltt\u00e4m\u00e4tt\u00f6m\u00e4n rakennusteht\u00e4viss\u00e4.<\/h3>\n<\/li>\n<li>\n<h3>Maatalouskoneet<\/h3>\n<p> Etukuormaajissa k\u00e4ytett\u00e4v\u00e4t puomisylinterit vastaavat maaper\u00e4n, hein\u00e4n ja muiden materiaalien kaivamisesta, nostamisesta ja kuljettamisesta. T\u00e4m\u00e4 on olennaista maataloustoiminnassa, jossa materiaalink\u00e4sittelyn tehokkuus vaikuttaa suoraan tuottavuuteen.<\/h3>\n<\/li>\n<li>\n<h3>Kaivinkoneet<\/h3>\n<p> Puomin sylinteri mahdollistaa kaivinkoneen kauhan tunkeutumisen maaper\u00e4\u00e4n, mik\u00e4 optimoi kaivutoiminnot. T\u00e4m\u00e4 toiminto parantaa koneen kyky\u00e4 suorittaa tarkkoja liikkeit\u00e4 varmistaen tehokkaan kaivun ja materiaalin hallinnan.<\/h3>\n<\/li>\n<li>\n<h3>Kuormaajat<\/h3>\n<p> Etukuormaajissa puomin sylinteri auttaa kuormien tehokkaassa nostamisessa ja tyhjent\u00e4misess\u00e4. T\u00e4m\u00e4 ominaisuus on elint\u00e4rke\u00e4 rakennus-, j\u00e4tehuolto- ja maatalousteht\u00e4viss\u00e4, joissa irtomateriaaleja on siirrett\u00e4v\u00e4 nopeasti.<\/h3>\n<\/li>\n<\/ul>\n<h2>Suunnittelun\u00e4k\u00f6kohdat ja valintakriteerit<\/h2>\n<ul>\n<li>\n<h3>Kantavuus<\/h3>\n<p> Suunnittelun on kestett\u00e4v\u00e4 k\u00e4yt\u00f6n aikana aiheutuva paino ja voimat. Oikean kuormankantokyvyn omaavan puomisylinterin valitseminen on ratkaisevan t\u00e4rke\u00e4\u00e4 vikojen est\u00e4miseksi ja turvallisuuden varmistamiseksi. Valmistajat arvioivat odotettavissa olevat kuormat ja valitsevat materiaalit vastaavasti lujuuden ja pitk\u00e4ik\u00e4isyyden parantamiseksi.<\/h3>\n<\/li>\n<li>\n<h3>Tiivistyskyky<\/h3>\n<p> Asianmukainen tiivistys on v\u00e4ltt\u00e4m\u00e4t\u00f6nt\u00e4 vuotojen est\u00e4miseksi ja hydraulisen paineen yll\u00e4pit\u00e4miseksi. Kest\u00e4vist\u00e4 materiaaleista, kuten polyuretaanista tai nitriilikumista, valmistetut korkealaatuiset tiivisteet ovat elint\u00e4rkeit\u00e4 optimaalisen suorituskyvyn varmistamiseksi ja huoltotarpeiden v\u00e4hent\u00e4miseksi.<\/h3>\n<\/li>\n<li>\n<h3>Kest\u00e4vyys<\/h3>\n<p> Hydraulisylinterin kest\u00e4vyyteen vaikuttavat k\u00e4ytetyt materiaalit ja rakenne. Sen on kestett\u00e4v\u00e4 ankaria k\u00e4ytt\u00f6olosuhteita, mukaan lukien altistuminen lialle, kosteudelle ja hankaaville materiaaleille. Materiaalien laadun ja suunnittelun eheyden s\u00e4\u00e4nn\u00f6llinen arviointi edist\u00e4\u00e4 tuotteen pitk\u00e4ik\u00e4isyytt\u00e4.<\/h3>\n<\/li>\n<li>\n<h3>Turvaominaisuudet<\/h3>\n<p> Turvallisuus on ensiarvoisen t\u00e4rke\u00e4\u00e4 hydraulisylintereiden suunnittelussa. Paineenalennusventtiilien ja turvalukkojen kaltaisten ominaisuuksien sis\u00e4llytt\u00e4minen parantaa k\u00e4ytt\u00f6turvallisuutta. Valmistajien on noudatettava turvallisuusstandardeja riskien minimoimiseksi k\u00e4yt\u00f6n aikana.<\/h3>\n<\/li>\n<li>\n<h3>Huolto Esteett\u00f6myys<\/h3>\n<p> Hyvin suunnitellun puomisylinterin tulisi helpottaa huoltoa ja korjauksia. Keskeisten komponenttien helppo p\u00e4\u00e4sy tarkastusta ja vaihtoa varten minimoi seisokkiajat ja pident\u00e4\u00e4 sylinterin k\u00e4ytt\u00f6ik\u00e4\u00e4.<\/h3>\n<\/li>\n<\/ul>\n<p><img decoding=\"async\" src=\"https:\/\/www.hydraulic-cylinders.net\/wp-content\/uploads\/2025\/04\/songte-oil-pipes-and-spare-parts.webp\" alt=\"Hydraulisylinterin osien kuva\"><\/p>\n<h2>Tiivistys ja voitelu<\/h2>\n<p>Puomin sylinterin tehokkuus riippuu suuresti sen tiivistys- ja voiteluj\u00e4rjestelmist\u00e4. Hydrauli\u00f6ljyn vuotojen est\u00e4miseksi k\u00e4ytet\u00e4\u00e4n erilaisia \u200b\u200btiivisteit\u00e4, kuten m\u00e4nn\u00e4ntiivisteit\u00e4 ja varren tiivisteit\u00e4. Tiivisteet valmistetaan tyypillisesti kest\u00e4vist\u00e4 materiaaleista, kuten polyuretaanista ja nitriilikumista, kulumisen ja repeytymisen kest\u00e4miseksi.<\/p>\n<p>Sylinterin runko ja kierteitetyt p\u00e4\u00e4typinnat koneistetaan tarkasti niiden kulutuskest\u00e4vyyden parantamiseksi, mik\u00e4 on ratkaisevan t\u00e4rke\u00e4\u00e4 pitk\u00e4aikaisen toiminnan kannalta. S\u00e4\u00e4nn\u00f6llinen voitelu hydrauliikka\u00f6ljyll\u00e4 on v\u00e4ltt\u00e4m\u00e4t\u00f6nt\u00e4 kitkan v\u00e4hent\u00e4miseksi ja sujuvan toiminnan yll\u00e4pit\u00e4miseksi. K\u00e4ytt\u00e4jien on varmistettava, ett\u00e4 \u00f6ljytasot ovat riitt\u00e4v\u00e4t ja ett\u00e4 k\u00e4ytetty \u00f6ljy t\u00e4ytt\u00e4\u00e4 valmistajan vaatimukset optimaalisen suorituskyvyn saavuttamiseksi.<\/p>\n<h2>Ennaltaehk\u00e4isev\u00e4t huoltotoimenpiteet<\/h2>\n<ul>\n<li>\n<h3>S\u00e4\u00e4nn\u00f6lliset tarkastukset<\/h3>\n<p> Puomin sylinterille tulee tehd\u00e4 rutiinitarkastuksia kulumisen, vuotojen tai vaurioiden havaitsemiseksi. Ongelmien varhainen havaitseminen voi est\u00e4\u00e4 vakavia rikkoutumisia ja kalliita korjauksia.<\/h3>\n<\/li>\n<li>\n<h3>Asianmukainen voitelu<\/h3>\n<p> Oikean voitelutason yll\u00e4pit\u00e4minen on ratkaisevan t\u00e4rke\u00e4\u00e4 puomin sylinterin sujuvan toiminnan kannalta. K\u00e4ytt\u00e4jien tulee noudattaa valmistajan ohjeita voiteluv\u00e4leist\u00e4 ja -m\u00e4\u00e4rist\u00e4 tehokkaan toiminnan varmistamiseksi.<\/h3>\n<\/li>\n<li>\n<h3>Tiivisteen vaihto<\/h3>\n<p> Tiivisteet kuluvat ajan my\u00f6t\u00e4 ja ne tulisi vaihtaa tarvittaessa vuotojen est\u00e4miseksi ja hydraulisen paineen yll\u00e4pit\u00e4miseksi. Tiivisteiden eheyden s\u00e4\u00e4nn\u00f6llinen tarkistaminen voi auttaa ehk\u00e4isem\u00e4\u00e4n hydraulisia vikoja.<\/h3>\n<\/li>\n<\/ul>\n<h2>Asennusohjeet<\/h2>\n<p>Puomisylinterin oikea asennus on ratkaisevan t\u00e4rke\u00e4\u00e4 sen suorituskyvyn ja pitk\u00e4n k\u00e4ytt\u00f6i\u00e4n kannalta. Aloita varmistamalla, ett\u00e4 asennusalue on puhdas ja roskaton. Kohdista sylinteri tarkasti kiinnityskiinnikkeisiin v\u00e4ltt\u00e4\u00e4ksesi virhekohdistuksen, joka voi johtaa ennenaikaiseen kulumiseen. K\u00e4yt\u00e4 sopivia kiinnityskiinnikkeit\u00e4 sylinterin kiinnitt\u00e4miseksi tukevasti paikalleen.<\/p>\n<p>Ennen hydrauliletkujen kytkemist\u00e4 tarkista kaikkien liitosten tiiviys. Varmista, ett\u00e4 hydraulij\u00e4rjestelm\u00e4ss\u00e4 ei ole ep\u00e4puhtauksia ennen hydraulinesteen lis\u00e4\u00e4mist\u00e4. Asennuksen j\u00e4lkeen testaa sylinterin toiminta varmistaaksesi, ett\u00e4 se toimii tarkoitetulla tavalla ilman vuotoja tai ep\u00e4normaaleja \u00e4\u00e4ni\u00e4. Valmistajan ohjeiden noudattaminen koko prosessin ajan varmistaa asennuksen onnistumisen.<\/p>\n<h2>Yleiset huoltoteht\u00e4v\u00e4t<\/h2>\n<ul>\n<li>\n<h3>S\u00e4\u00e4nn\u00f6lliset tarkastukset<\/h3>\n<p> S\u00e4\u00e4nn\u00f6llisten tarkastusten suorittaminen auttaa tunnistamaan mahdolliset ongelmat ennen kuin ne pahenevat. K\u00e4ytt\u00e4jien tulisi etsi\u00e4 kulumisen merkkej\u00e4, vuotoja tai muita ep\u00e4tavallisia \u00e4\u00e4ni\u00e4 k\u00e4yt\u00f6n aikana. Huoltoloki voi auttaa seuraamaan sylinterin suorituskyky\u00e4 ajan kuluessa.<\/h3>\n<\/li>\n<li>\n<h3>Oikea voitelu<\/h3>\n<p> Riitt\u00e4v\u00e4n voitelun yll\u00e4pit\u00e4minen on v\u00e4ltt\u00e4m\u00e4t\u00f6nt\u00e4 kitkan ja kulumisen minimoimiseksi. K\u00e4ytt\u00e4j\u00e4n on seurattava \u00f6ljytasoja ja varmistettava, ett\u00e4 k\u00e4ytet\u00e4\u00e4n oikeanlaista hydrauliikka\u00f6ljy\u00e4 valmistajan suositusten mukaisesti suorituskyvyn parantamiseksi.<\/h3>\n<\/li>\n<li>\n<h3>Tiivisteiden vaihto ja kalibrointitarkastukset<\/h3>\n<p> Tarkista tiivisteiden kuluminen s\u00e4\u00e4nn\u00f6llisesti ja vaihda ne tarvittaessa hydraulisten vuotojen est\u00e4miseksi. Kalibrointitarkastukset varmistavat, ett\u00e4 sylinterin suorituskyky pysyy m\u00e4\u00e4riteltyjen parametrien rajoissa, mik\u00e4 edist\u00e4\u00e4 tehokasta toimintaa.<\/h3>\n<\/li>\n<\/ul>\n<p><img decoding=\"async\" src=\"https:\/\/www.hydraulic-cylinders.net\/wp-content\/uploads\/2025\/04\/songte-chushion-collar.webp\" alt=\"Tyynykauluksen kuva\"><\/p>\n<h2>Turvallisuusn\u00e4k\u00f6kohdat ja ymp\u00e4rist\u00f6tekij\u00e4t<\/h2>\n<p>Hydraulisylinterien kanssa ty\u00f6skennelt\u00e4ess\u00e4 turvatoimenpiteet ovat ensiarvoisen t\u00e4rkeit\u00e4. K\u00e4ytt\u00e4jien on k\u00e4ytett\u00e4v\u00e4 asianmukaisia \u200b\u200bhenkil\u00f6nsuojaimia ja noudatettava turvallisuusprotokollia korkeapainej\u00e4rjestelmiin liittyvien riskien minimoimiseksi. Hydraulij\u00e4rjestelm\u00e4n toimintojen ja mahdollisten vaarojen ymm\u00e4rt\u00e4minen on kriittist\u00e4 turvallisen k\u00e4yt\u00f6n kannalta.<\/p>\n<p>Lis\u00e4ksi ymp\u00e4rist\u00f6tekij\u00e4t, kuten l\u00e4mp\u00f6tila ja altistuminen kemikaaleille, voivat vaikuttaa sylinterin suorituskykyyn. K\u00e4ytt\u00e4jien tulee olla tietoisia ty\u00f6ymp\u00e4rist\u00f6st\u00e4 ja tehd\u00e4 tarvittavat muutokset huolto-ohjelmiin ja k\u00e4ytt\u00f6tapoihin hydraulij\u00e4rjestelm\u00e4n eheyden s\u00e4ilytt\u00e4miseksi.<\/p>\n<h2>Vianm\u00e4\u00e4ritys ja yleiset ongelmat<\/h2>\n<ul>\n<li>\n<h3>Vuoto<\/h3>\n<p> Vuoto on yleinen ongelma, joka voi johtua kuluneista tiivisteist\u00e4 tai vaurioituneista liitoksista. Jos huomaat hydraulinestett\u00e4 ker\u00e4\u00e4ntyv\u00e4n sylinterin ymp\u00e4rille, tarkista tiivisteet ja liitokset vaurioiden varalta.<\/h3>\n<\/li>\n<li>\n<h3>Hidas tai ep\u00e4johdonmukainen liike<\/h3>\n<p> Jos puomin sylinteri reagoi hitaasti tai liikkuu ep\u00e4tasaisesti, tarkista hydraulinesteen m\u00e4\u00e4r\u00e4 ja laatu. Hydrauliletkuissa oleva ilma tai alhainen nestetaso voivat vaikuttaa suorituskykyyn.<\/h3>\n<\/li>\n<li>\n<h3>Oudot \u00e4\u00e4net<\/h3>\n<p> Ep\u00e4tavalliset \u00e4\u00e4net k\u00e4yt\u00f6n aikana voivat viitata sis\u00e4isiin vaurioihin tai kavitaatioon. Tee perusteelliset tarkastukset melun l\u00e4hteen tunnistamiseksi ja korjaa se viipym\u00e4tt\u00e4 lis\u00e4vaurioiden est\u00e4miseksi.<\/h3>\n<\/li>\n<\/ul>\n<p>N\u00e4iden ongelmien tehokkaaksi diagnosoimiseksi k\u00e4ytt\u00e4jien tulisi pit\u00e4\u00e4 yksityiskohtaista lokikirjaa suorituskyvyst\u00e4 ja mahdollisista poikkeavuuksista. S\u00e4\u00e4nn\u00f6llinen huolto ja tarkastukset ovat ratkaisevan t\u00e4rkeit\u00e4 n\u00e4iden yleisten ongelmien ehk\u00e4isemiseksi.<\/p>\n<h2>Vinkkej\u00e4 vianm\u00e4\u00e4ritykseen<\/h2>\n<p>Hydrauliikkaongelmien edess\u00e4 on t\u00e4rke\u00e4\u00e4 noudattaa systemaattista l\u00e4hestymistapaa vianm\u00e4\u00e4ritykseen. Aloita tarkistamalla nestetasot ja etsim\u00e4ll\u00e4 vuotoja hydrauliikkalinjoista. Huolla j\u00e4rjestelm\u00e4\u00e4 s\u00e4\u00e4nn\u00f6llisesti ongelmien riskin minimoimiseksi. Suorituskykyindikaattoreiden johdonmukainen seuranta auttaa havaitsemaan ongelmat ajoissa.<\/p>\n<p>Ennaltaehk\u00e4isevien toimenpiteiden, kuten s\u00e4\u00e4nn\u00f6llisen huollon ja k\u00e4ytt\u00f6ohjeiden noudattamisen, toteuttaminen v\u00e4hent\u00e4\u00e4 merkitt\u00e4v\u00e4sti vakavien ongelmien todenn\u00e4k\u00f6isyytt\u00e4. Pysym\u00e4ll\u00e4 valppaina ja ennakoivasti k\u00e4ytt\u00e4j\u00e4t voivat pident\u00e4\u00e4 puomin sylinterin k\u00e4ytt\u00f6ik\u00e4\u00e4 ja yll\u00e4pit\u00e4\u00e4 optimaalista suorituskyky\u00e4.<\/p>\n<p><img decoding=\"async\" src=\"https:\/\/www.hydraulic-cylinders.net\/wp-content\/uploads\/2025\/04\/songte-bushings-with-all-kinds-of-excavator-models.webp\" alt=\"Holkit Kuva\"><\/p>\n<h2>Tietoa yrityksest\u00e4mme<\/h2>\n<p>Olemme johtava hydraulisten sylinterien vaihto-osien valmistaja, ja tarjoamme kattavan valikoiman tuotteita, jotka vastaavat kotimaisten ja kansainv\u00e4listen markkinoiden vaihteleviin vaatimuksiin. Sitoutumisemme huippuosaamiseen n\u00e4kyy huolellisissa valmistusstrategioissamme ja laadunvalvontaj\u00e4rjestelmiss\u00e4mme.<\/p>\n<p>Painotamme korkealaatuista tuotantoa ja hy\u00f6dynn\u00e4mme edistyneit\u00e4 valmistuslaitteita ja ammattitaitoista teknist\u00e4 henkil\u00f6st\u00f6\u00e4 parantaaksemme kykyj\u00e4mme. Tuotteemme ovat kansainv\u00e4listen laatustandardien mukaisia \u200b\u200bja tarjoamme r\u00e4\u00e4t\u00e4l\u00f6it\u00e4vi\u00e4 ratkaisuja vastaamaan asiakkaiden erityistarpeita.<\/p>\n<p>Lis\u00e4ksi omistautunut j\u00e4lkimarkkinointipalvelumme varmistaa, ett\u00e4 asiakkaat saavat jatkuvaa tukea ja ohjausta, mik\u00e4 vahvistaa asemaamme luotettavana toimittajana hydraulisylinteriteollisuudessa.<\/p>\n<p><img decoding=\"async\" src=\"https:\/\/www.hydraulic-cylinders.net\/wp-content\/uploads\/2025\/04\/songte-company-4.webp\" alt=\"Yrityskuva 1\"><br \/>\n<img decoding=\"async\" src=\"https:\/\/www.hydraulic-cylinders.net\/wp-content\/uploads\/2025\/04\/songte-company-3.webp\" alt=\"Yrityskuva 2\"><\/p>\n<p>Kirjoittaja: lyl<\/p>","protected":false},"excerpt":{"rendered":"<p>Boom Cylinder For Kato Small Excavator HD2048R Product Overview The Boom Cylinder for Kato Small Excavator HD2048R is a specialized hydraulic cylinder designed to control the movement of the boom arm in small excavators. This vital component enables precise lifting, lowering, and tilting of the boom, which is essential for various material handling tasks in [&hellip;]<\/p>","protected":false},"featured_media":17878,"comment_status":"open","ping_status":"closed","template":"","meta":{"_et_pb_use_builder":"","_et_pb_old_content":"","_et_gb_content_width":""},"product_brand":[],"product_cat":[1546],"product_tag":[1547,1496],"class_list":{"0":"post-19735","1":"product","2":"type-product","3":"status-publish","4":"has-post-thumbnail","6":"product_cat-boom-cylinders","7":"product_tag-boom-cylinders","8":"product_tag-hydraulic-cylinders","10":"first","11":"instock","12":"shipping-taxable","13":"product-type-simple"},"amp_enabled":true,"_links":{"self":[{"href":"https:\/\/www.hydraulic-cylinders.net\/fi\/wp-json\/wp\/v2\/product\/19735","targetHints":{"allow":["GET"]}}],"collection":[{"href":"https:\/\/www.hydraulic-cylinders.net\/fi\/wp-json\/wp\/v2\/product"}],"about":[{"href":"https:\/\/www.hydraulic-cylinders.net\/fi\/wp-json\/wp\/v2\/types\/product"}],"replies":[{"embeddable":true,"href":"https:\/\/www.hydraulic-cylinders.net\/fi\/wp-json\/wp\/v2\/comments?post=19735"}],"wp:featuredmedia":[{"embeddable":true,"href":"https:\/\/www.hydraulic-cylinders.net\/fi\/wp-json\/wp\/v2\/media\/17878"}],"wp:attachment":[{"href":"https:\/\/www.hydraulic-cylinders.net\/fi\/wp-json\/wp\/v2\/media?parent=19735"}],"wp:term":[{"taxonomy":"product_brand","embeddable":true,"href":"https:\/\/www.hydraulic-cylinders.net\/fi\/wp-json\/wp\/v2\/product_brand?post=19735"},{"taxonomy":"product_cat","embeddable":true,"href":"https:\/\/www.hydraulic-cylinders.net\/fi\/wp-json\/wp\/v2\/product_cat?post=19735"},{"taxonomy":"product_tag","embeddable":true,"href":"https:\/\/www.hydraulic-cylinders.net\/fi\/wp-json\/wp\/v2\/product_tag?post=19735"}],"curies":[{"name":"wp","href":"https:\/\/api.w.org\/{rel}","templated":true}]}}