{"id":19737,"date":"2025-04-07T07:04:46","date_gmt":"2025-04-07T07:04:46","guid":{"rendered":"https:\/\/www.hydraulic-cylinders.net\/product\/boom-cylinder-for-kato-small-excavator-hd450-5-7\/"},"modified":"2025-04-07T07:04:48","modified_gmt":"2025-04-07T07:04:48","slug":"boom-cylinder-for-kato-small-excavator-hd450-5-7","status":"publish","type":"product","link":"https:\/\/www.hydraulic-cylinders.net\/fi\/tuote\/boom-cylinder-for-kato-small-excavator-hd450-5-7\/","title":{"rendered":"Puomin sylinteri Kato-pienelle kaivinkoneelle HD450-5-7"},"content":{"rendered":"<h1>Puomin sylinteri Kato-pienelle kaivinkoneelle HD450-5-7<\/h1>\n<h2>Tuotteen yleiskatsaus<\/h2>\n<p>Kato Small Excavator HD450-5-7 -kaivukoneen puomin sylinteri on t\u00e4rke\u00e4 osa kaivinkoneiden hydrauliikkaj\u00e4rjestelm\u00e4\u00e4. Se on hydraulisylinteri, joka on erityisesti suunniteltu ohjaamaan puomin liikett\u00e4 erilaisissa raskaissa koneissa, kuten kaivinkoneissa, kaivurikuormaajissa ja etukuormaajissa. T\u00e4m\u00e4 sylinteri mahdollistaa puomin nostamisen, laskemisen ja kallistuksen, mik\u00e4 helpottaa tehokasta materiaalink\u00e4sittely\u00e4.<\/p>\n<p>Kauhasylinteri on pohjimmiltaan hydraulinen sylinteri, joka toimii paineistetun hydraulinesteen avulla liikkeen aikaansaamiseksi. Sen k\u00e4ytt\u00f6 on kriittist\u00e4 rakennusalalla ja raskaissa koneissa, sill\u00e4 se mahdollistaa tarkan ohjauksen, paremman tehokkuuden ja paremmat k\u00e4ytt\u00f6ominaisuudet. Puomisylinterin kest\u00e4v\u00e4 rakenne ja luotettava suorituskyky tekev\u00e4t siit\u00e4 v\u00e4ltt\u00e4m\u00e4tt\u00f6m\u00e4n osan mit\u00e4 tahansa kaivinkonetta.<\/p>\n<p><img decoding=\"async\" src=\"https:\/\/www.hydraulic-cylinders.net\/wp-content\/uploads\/2025\/04\/songte-company-1.webp\" alt=\"Puomin sylinterin kuva\"><\/p>\n<h2>T\u00e4rkeimm\u00e4t ominaisuudet<\/h2>\n<ul>\n<li><strong>Korkea lujuus ja kest\u00e4vyys:<\/strong> T\u00e4m\u00e4 lujasta ter\u00e4ksest\u00e4 tai alumiinista valmistettu sylinteri kest\u00e4\u00e4 korkeaa painetta ja raskaita kuormia. Sen suunnittelussa on otettu huomioon kulutuskest\u00e4vyys ja korroosionkest\u00e4vyys, mik\u00e4 pident\u00e4\u00e4 sen k\u00e4ytt\u00f6ik\u00e4\u00e4.<\/li>\n<li><strong>Tehokas hydraulinen k\u00e4ytt\u00f6:<\/strong> Sylinteri hy\u00f6dynt\u00e4\u00e4 hydrauli\u00f6ljyn painetta tasaisen ulos- ja sis\u00e4\u00e4nvet\u00e4ytymisen aikaansaamiseksi, reagoi nopeasti k\u00e4ytt\u00e4j\u00e4n komentoihin ja tarjoaa voimakkaan ty\u00f6nt\u00f6- ja vetovoiman, mik\u00e4 sopii erinomaisesti raskaiden esineiden k\u00e4sittelyyn ja monimutkaisiin teht\u00e4viin.<\/li>\n<li><strong>Erilaisia \u200b\u200btyyppej\u00e4:<\/strong> Saatavilla sek\u00e4 yksitoimisina (hydraulinen paine yhteen suuntaan) ett\u00e4 kaksitoimisina (hydraulinen paine molempiin suuntiin) kokoonpanoina erilaisten k\u00e4ytt\u00f6vaatimusten t\u00e4ytt\u00e4miseksi. Jotkut mallit ovat teleskooppisia, mik\u00e4 mahdollistaa suuremman jatkeen ilman ulkomittojen kasvua, mik\u00e4 sopii ahtaisiin k\u00e4ytt\u00f6tarkoituksiin.<\/li>\n<li><strong>Yhteensopivuus:<\/strong> Tuotteemme on suunniteltu korvaamaan t\u00e4ydellisesti erilaisia \u200b\u200bhydraulisylintereit\u00e4 varmistaen saumattoman integroinnin olemassa oleviin koneisiin.<\/li>\n<li><strong>Laadunvarmistus:<\/strong> Jokainen sylinteri k\u00e4y l\u00e4pi tiukat testit kansainv\u00e4listen laatustandardien t\u00e4ytt\u00e4miseksi, mik\u00e4 varmistaa luotettavuuden ja suorituskyvyn kent\u00e4ll\u00e4.<\/li>\n<\/ul>\n<p><img decoding=\"async\" src=\"https:\/\/www.hydraulic-cylinders.net\/wp-content\/uploads\/2025\/04\/songte-cylinder-head-with-all-kinds-excavator-models.webp\" alt=\"Kaivinkonemallien kuva\"><\/p>\n<h2>Puomisylinterin sovellukset<\/h2>\n<h3>Rakennuslaitteet<\/h3>\n<p>Kaivinkoneissa puomin sylinterit ovat elint\u00e4rkeit\u00e4 kaivamisessa, lastaamisessa ja maan tai roskien siirt\u00e4misess\u00e4. Ne tarjoavat tarvittavan voiman puomin nostamiseen, jolloin kuljettajat voivat kaivaa tehokkaasti. Kaivurikuormaajissa puomin sylinteri auttaa sek\u00e4 kaivamisessa ett\u00e4 nostamisessa, mik\u00e4 tekee siit\u00e4 v\u00e4ltt\u00e4m\u00e4tt\u00f6m\u00e4n ty\u00f6kalun erilaisissa rakennusteht\u00e4viss\u00e4.<\/p>\n<h3>Maatalouskoneet<\/h3>\n<p>Etukuormaajissa puomisylintereit\u00e4 k\u00e4ytet\u00e4\u00e4n maaper\u00e4n, hein\u00e4n ja muiden materiaalien kaivamiseen, nostamiseen ja kuljettamiseen. Ne mahdollistavat kuljettajille maatalousteht\u00e4vien tehokkaan suorittamisen ja lis\u00e4\u00e4v\u00e4t tuottavuutta maatiloilla ja maatalousalueilla.<\/p>\n<h3>Kaivinkoneet<\/h3>\n<p>Kaivinkoneissa puomin sylinteri helpottaa kaivua antamalla kauhan tunkeutua tehokkaasti maaper\u00e4\u00e4n. T\u00e4m\u00e4 ominaisuus on ratkaisevan t\u00e4rke\u00e4 kaivuprojekteissa, joissa tarkkuus ja teho ovat v\u00e4ltt\u00e4m\u00e4tt\u00f6mi\u00e4 suurten maam\u00e4\u00e4rien siirt\u00e4miseen.<\/p>\n<h3>Kuormaajat<\/h3>\n<p>Etukuormaajissa puomisylinterit auttavat kuormien tehokkaassa nostamisessa ja tyhjent\u00e4misess\u00e4. Ne tarjoavat tarvittavan lujuuden raskaiden materiaalien nostamiseen ja varmistavat, ett\u00e4 kuljettajat voivat suorittaa teht\u00e4v\u00e4ns\u00e4 turvallisesti ja tehokkaasti.<\/p>\n<h2>Suunnittelun\u00e4k\u00f6kohdat ja valintakriteerit<\/h2>\n<h3>Kantavuus<\/h3>\n<p>Puomisylinteri\u00e4 valittaessa kuormituskapasiteetti on ensisijainen huomioitava seikka. Se m\u00e4\u00e4ritt\u00e4\u00e4 suurimman painon, jonka sylinteri pystyy turvallisesti k\u00e4sittelem\u00e4\u00e4n ja samalla varmistamaan kaivinkoneiden suorituskyvyn. Hyvin suunnitellun sylinterin tulisi vastata sovellusten erityisiin kuormitusvaatimuksiin ilman vikaantumisriski\u00e4.<\/p>\n<h3>Tiivistyksen eheys<\/h3>\n<p>Hydraulisylinterin tiivistysj\u00e4rjestelm\u00e4 on ratkaisevan t\u00e4rke\u00e4 sen tehokkuuden ja pitk\u00e4ik\u00e4isyyden kannalta. Laadukkaat tiivisteet est\u00e4v\u00e4t hydraulinesteen vuotamisen, yll\u00e4pit\u00e4en painetta ja suorituskyky\u00e4. Asianmukainen tiivistys v\u00e4hent\u00e4\u00e4 my\u00f6s huoltotarvetta ja lis\u00e4\u00e4 k\u00e4ytt\u00f6luotettavuutta, joten se on olennainen osa suunnitteluvaihetta.<\/p>\n<h3>Kest\u00e4vyys<\/h3>\n<p>Kest\u00e4v\u00e4 rakenne on ratkaisevan t\u00e4rke\u00e4\u00e4 hydraulisylintereille, erityisesti vaativissa ty\u00f6ymp\u00e4rist\u00f6iss\u00e4. K\u00e4ytettyjen materiaalien on kestett\u00e4v\u00e4 kulumista, korroosiota ja v\u00e4symist\u00e4 ajan my\u00f6t\u00e4 varmistaen, ett\u00e4 sylinteri pysyy toimintakykyisen\u00e4 \u00e4\u00e4rimm\u00e4isiss\u00e4 olosuhteissa. Kest\u00e4vyys vaikuttaa suoraan laitteiden huoltotiheyteen ja kokonaisk\u00e4ytt\u00f6kustannuksiin.<\/p>\n<h3>Turvaominaisuudet<\/h3>\n<p>Turvaominaisuuksien sis\u00e4llytt\u00e4minen hydraulisylinterien suunnitteluun on olennaista onnettomuuksien ja toimintah\u00e4iri\u00f6iden est\u00e4miseksi. Turvamekanismit, kuten paineenalennusventtiilit ja ylikuormitussuojat, varmistavat turvallisen k\u00e4yt\u00f6n, erityisesti k\u00e4sitelt\u00e4ess\u00e4 raskaita koneita, jotka voivat aiheuttaa riskej\u00e4, jos niit\u00e4 ei k\u00e4sitell\u00e4 asianmukaisesti.<\/p>\n<h3>Yll\u00e4pidett\u00e4vyys<\/h3>\n<p>Huollettavuuden huomioiva suunnittelu mahdollistaa helpommat korjaukset ja osien vaihdot, mik\u00e4 on ratkaisevan t\u00e4rke\u00e4\u00e4 seisokkiaikojen minimoimiseksi. Helppok\u00e4ytt\u00f6iset komponentit ja k\u00e4ytt\u00e4j\u00e4yst\u00e4v\u00e4lliset mallit voivat merkitt\u00e4v\u00e4sti parantaa hydraulisten j\u00e4rjestelmien pitk\u00e4ik\u00e4isyytt\u00e4 ja luotettavuutta, mik\u00e4 helpottaa k\u00e4ytt\u00e4jien laitteiden pit\u00e4mist\u00e4 huippukunnossa.<\/p>\n<p><img decoding=\"async\" src=\"https:\/\/www.hydraulic-cylinders.net\/wp-content\/uploads\/2025\/04\/songte-oil-pipes-and-spare-parts.webp\" alt=\"\u00d6ljyputket ja varaosat -kuva\"><\/p>\n<h2>Tiivistys ja voitelu<\/h2>\n<p>Tehokas tiivistys ja voitelu ovat elint\u00e4rkeit\u00e4 hydraulisylintereille. Erilaiset tiivistekomponentit, kuten m\u00e4nn\u00e4ntiivisteet ja varren tiivisteet, ovat t\u00e4rke\u00e4ss\u00e4 roolissa hydraulisten j\u00e4rjestelmien eheyden yll\u00e4pit\u00e4misess\u00e4. Polyuretaanista ja nitriilikumista valmistetut tiivisteet ovat edullisia niiden kulutuskest\u00e4vyyden ja kest\u00e4vyyden vuoksi.<\/p>\n<p>Lis\u00e4ksi sylinterin rungon ja kierteitettyjen p\u00e4iden pinnat on huolellisesti koneistettu kulutuskest\u00e4vyyden parantamiseksi. S\u00e4\u00e4nn\u00f6llinen voitelu sopivalla hydrauliikka\u00f6ljyll\u00e4 on v\u00e4ltt\u00e4m\u00e4t\u00f6nt\u00e4 kitkan ja kulumisen v\u00e4hent\u00e4miseksi, mik\u00e4 varmistaa sujuvan toiminnan ja pident\u00e4\u00e4 sylinterin k\u00e4ytt\u00f6ik\u00e4\u00e4.<\/p>\n<h2>Ennaltaehk\u00e4isev\u00e4t huoltotoimenpiteet<\/h2>\n<ul>\n<li><strong>S\u00e4\u00e4nn\u00f6lliset tarkastukset:<\/strong> Suorita s\u00e4\u00e4nn\u00f6lliset tarkastukset vuotojen, kulumisen ja vaurioiden varalta varmistaaksesi, ett\u00e4 sylinteri toimii oikein.<\/li>\n<li><strong>Asianmukainen voitelu:<\/strong> Yll\u00e4pid\u00e4 asianmukaista voitelutasoa kitkan ja ylikuumenemisen v\u00e4ltt\u00e4miseksi, jotka voivat johtaa ennenaikaiseen kulumiseen.<\/li>\n<li><strong>Tiivisteen vaihto:<\/strong> Tarkista tiivisteiden kuluminen s\u00e4\u00e4nn\u00f6llisesti ja vaihda ne tarvittaessa vuotojen est\u00e4miseksi ja hydraulisen tehokkuuden yll\u00e4pit\u00e4miseksi.<\/li>\n<\/ul>\n<h2>Asennusohjeet<\/h2>\n<p>Puomin sylinterin oikea asennus on ratkaisevan t\u00e4rke\u00e4\u00e4 optimaalisen suorituskyvyn saavuttamiseksi. Aloita varmistamalla, ett\u00e4 kaikki kiinnitystelineet ja liittimet ovat puhtaita ja roskista vapaita. Kohdista sylinteri tarkasti kiinnityspisteisiin, jotta sylinteriin ei kohdistu tarpeetonta rasitusta. On suositeltavaa k\u00e4ytt\u00e4\u00e4 sopivia kiinnitystelineit\u00e4 sylinterin kiinnitt\u00e4miseen, jotta se ei liiku k\u00e4yt\u00f6n aikana.<\/p>\n<p>Asennuksen yhteydess\u00e4 on varmistettava, ett\u00e4 hydrauliikkaletkut on kytketty tukevasti eik\u00e4 niiss\u00e4 ole mutkia, jotka voisivat rajoittaa virtausta. Asennuksen j\u00e4lkeen ilmaa hydrauliikkaj\u00e4rjestelm\u00e4 mahdollisten ilmataskujen poistamiseksi ja varmista, ett\u00e4 sylinteri toimii sujuvasti. Lopuksi testaa sylinteri kuormitettuna asennuksen eheyden varmistamiseksi.<\/p>\n<h2>Huoltoteht\u00e4v\u00e4t<\/h2>\n<ul>\n<li><strong>S\u00e4\u00e4nn\u00f6lliset tarkastukset:<\/strong> Tee silm\u00e4m\u00e4\u00e4r\u00e4isi\u00e4 tarkastuksia mahdollisten ongelmien tunnistamiseksi ennen kuin ne pahenevat. Etsi kulumisen merkkej\u00e4, vuotoja ja l\u00f6ysi\u00e4 liitoksia.<\/li>\n<li><strong>Oikea voitelu:<\/strong> Varmista, ett\u00e4 sylinteri on voideltu riitt\u00e4v\u00e4sti oikealla hydrauliikka\u00f6ljyll\u00e4 ja ett\u00e4 siin\u00e4 on valmistajan ohjeet.<\/li>\n<li><strong>Tiivisteen vaihto:<\/strong> Tarkista tiivisteiden kuluminen s\u00e4\u00e4nn\u00f6llisesti ja vaihda ne tarvittaessa tehokkuuden yll\u00e4pit\u00e4miseksi ja hydrauli\u00f6ljyn vuotojen est\u00e4miseksi.<\/li>\n<\/ul>\n<h2>Turvallisuusn\u00e4k\u00f6kohdat<\/h2>\n<p>Turvallisuusprotokollien noudattaminen hydraulisylintereiden k\u00e4yt\u00f6n aikana on ensiarvoisen t\u00e4rke\u00e4\u00e4. K\u00e4ytt\u00e4jien on aina k\u00e4ytett\u00e4v\u00e4 asianmukaisia \u200b\u200bhenkil\u00f6nsuojaimia ja noudatettava turvallisia k\u00e4ytt\u00f6ohjeita hydraulisiin laitteisiin liittyvien riskien minimoimiseksi. S\u00e4\u00e4nn\u00f6lliset koulutustilaisuudet voivat auttaa varmistamaan, ett\u00e4 kaikki henkil\u00f6st\u00f6 on tietoinen hydraulisten j\u00e4rjestelmien kanssa ty\u00f6skennelt\u00e4ess\u00e4 vaadittavista erityisist\u00e4 turvatoimenpiteist\u00e4.<\/p>\n<h2>Vianm\u00e4\u00e4ritys ja yleiset ongelmat<\/h2>\n<ul>\n<li><strong>Vuoto:<\/strong> Yleinen ongelma, joka voi viitata kuluneisiin tiivisteisiin tai vaurioituneisiin komponentteihin. K\u00e4ytt\u00e4jien tulee tarkastaa s\u00e4\u00e4nn\u00f6llisesti vuodot ja vaihtaa vaurioituneet tiivisteet viipym\u00e4tt\u00e4.<\/li>\n<li><strong>Hidas toiminta:<\/strong> Jos sylinteri toimii tavallista hitaammin, se voi olla merkki hydraulinesteongelmasta tai tukoksesta j\u00e4rjestelm\u00e4ss\u00e4, joka vaatii v\u00e4lit\u00f6nt\u00e4 huomiota.<\/li>\n<li><strong>Ep\u00e4tavalliset \u00e4\u00e4net:<\/strong> Hankaavat tai kolisevat \u00e4\u00e4net voivat viitata sylinterin tai hydraulij\u00e4rjestelm\u00e4n mekaanisiin ongelmiin, jotka vaativat perusteellista tutkimusta.<\/li>\n<\/ul>\n<h2>Vianm\u00e4\u00e4ritysvinkkej\u00e4<\/h2>\n<p>Ongelmien tehokkaaseen diagnosointiin ja ratkaisemiseen k\u00e4ytt\u00e4jien tulisi noudattaa systemaattista l\u00e4hestymistapaa. Aloita tunnistamalla oireet ja tarkistamalla hydraulinesteen tasot ja kunto. Varmista, ett\u00e4 kaikki liitokset ovat tiukat ja vuodottomat. Jatkuvien ongelmien varalta valmistajan ohjeiden tarkistaminen tai ammattilaisen avun hakeminen voi antaa tietoa taustalla olevista ongelmista.<\/p>\n<p><img decoding=\"async\" src=\"https:\/\/www.hydraulic-cylinders.net\/wp-content\/uploads\/2025\/04\/songte-bushings-with-all-kinds-of-excavator-models.webp\" alt=\"Kaivinkonemallien holkit\"><\/p>\n<h2>Yritysprofiili<\/h2>\n<p>Olemme johtava hydraulisten sylinterien vaihto-osien valmistaja, joka tarjoaa kattavan valikoiman tuotteita, jotka on r\u00e4\u00e4t\u00e4l\u00f6ity vastaamaan sek\u00e4 kotimaisten ett\u00e4 kansainv\u00e4listen markkinoiden monipuolisiin tarpeisiin. Sitoutumisemme huippuosaamiseen n\u00e4kyy laatuun keskittyv\u00e4ss\u00e4 l\u00e4hestymistavassamme ja kehittyneisiin valmistusstrategioihin luottamisessamme.<\/p>\n<p>K\u00e4ytt\u00e4m\u00e4ll\u00e4 edistyneit\u00e4 digitaalisia valmistuslaitteita ja ammattimaisia \u200b\u200btestausj\u00e4rjestelmi\u00e4 parannamme jatkuvasti tuotantokapasiteettiamme varmistaen samalla korkeat laadunvalvonnan standardit. Tiimimme koostuu ammattitaitoisesta teknisest\u00e4 henkil\u00f6st\u00f6st\u00e4, joka on omistautunut vastaamaan asiakkaidemme monipuolisiin tarpeisiin.<\/p>\n<p>Tarjontamme sis\u00e4lt\u00e4\u00e4 r\u00e4\u00e4t\u00e4l\u00f6ityj\u00e4 palveluita, kansainv\u00e4lisi\u00e4 sertifiointeja ja vankan j\u00e4lkimarkkinointituen, jotka kaikki on suunniteltu tarjoamaan asiakkaille luotettavia ratkaisuja heid\u00e4n hydrauliikkatarpeisiinsa.<\/p>\n<p><img decoding=\"async\" src=\"https:\/\/www.hydraulic-cylinders.net\/wp-content\/uploads\/2025\/04\/songte-company-4.webp\" alt=\"Yrityskuva 1\"><br \/>\n<img decoding=\"async\" src=\"https:\/\/www.hydraulic-cylinders.net\/wp-content\/uploads\/2025\/04\/songte-company-3.webp\" alt=\"Yrityskuva 2\"><\/p>\n<p>Kirjoittaja: lyl<\/p>","protected":false},"excerpt":{"rendered":"<p>Boom Cylinder For Kato Small Excavator HD450-5-7 Product Overview The Boom Cylinder for Kato Small Excavator HD450-5-7 is a crucial component in the hydraulic system of excavators. It is a hydraulic cylinder specifically designed to control the movement of the boom in various heavy machinery applications, such as excavators, backhoe loaders, and front loaders. This [&hellip;]<\/p>","protected":false},"featured_media":17880,"comment_status":"open","ping_status":"closed","template":"","meta":{"_et_pb_use_builder":"","_et_pb_old_content":"","_et_gb_content_width":""},"product_brand":[],"product_cat":[1546],"product_tag":[1547,1496],"class_list":{"0":"post-19737","1":"product","2":"type-product","3":"status-publish","4":"has-post-thumbnail","6":"product_cat-boom-cylinders","7":"product_tag-boom-cylinders","8":"product_tag-hydraulic-cylinders","10":"first","11":"instock","12":"shipping-taxable","13":"product-type-simple"},"amp_enabled":true,"_links":{"self":[{"href":"https:\/\/www.hydraulic-cylinders.net\/fi\/wp-json\/wp\/v2\/product\/19737","targetHints":{"allow":["GET"]}}],"collection":[{"href":"https:\/\/www.hydraulic-cylinders.net\/fi\/wp-json\/wp\/v2\/product"}],"about":[{"href":"https:\/\/www.hydraulic-cylinders.net\/fi\/wp-json\/wp\/v2\/types\/product"}],"replies":[{"embeddable":true,"href":"https:\/\/www.hydraulic-cylinders.net\/fi\/wp-json\/wp\/v2\/comments?post=19737"}],"wp:featuredmedia":[{"embeddable":true,"href":"https:\/\/www.hydraulic-cylinders.net\/fi\/wp-json\/wp\/v2\/media\/17880"}],"wp:attachment":[{"href":"https:\/\/www.hydraulic-cylinders.net\/fi\/wp-json\/wp\/v2\/media?parent=19737"}],"wp:term":[{"taxonomy":"product_brand","embeddable":true,"href":"https:\/\/www.hydraulic-cylinders.net\/fi\/wp-json\/wp\/v2\/product_brand?post=19737"},{"taxonomy":"product_cat","embeddable":true,"href":"https:\/\/www.hydraulic-cylinders.net\/fi\/wp-json\/wp\/v2\/product_cat?post=19737"},{"taxonomy":"product_tag","embeddable":true,"href":"https:\/\/www.hydraulic-cylinders.net\/fi\/wp-json\/wp\/v2\/product_tag?post=19737"}],"curies":[{"name":"wp","href":"https:\/\/api.w.org\/{rel}","templated":true}]}}