{"id":19740,"date":"2025-04-07T07:04:54","date_gmt":"2025-04-07T07:04:54","guid":{"rendered":"https:\/\/www.hydraulic-cylinders.net\/product\/boom-cylinder-for-kato-small-excavator-hd1023\/"},"modified":"2025-04-07T07:04:56","modified_gmt":"2025-04-07T07:04:56","slug":"boom-cylinder-for-kato-small-excavator-hd1023","status":"publish","type":"product","link":"https:\/\/www.hydraulic-cylinders.net\/fi\/tuote\/boom-cylinder-for-kato-small-excavator-hd1023\/","title":{"rendered":"Puomin sylinteri Kato-pienelle kaivinkoneelle HD1023"},"content":{"rendered":"<h1>Puomin sylinteri Kato-pienelle kaivinkoneelle HD1023<\/h1>\n<h2>Tuotteen yleiskatsaus<\/h2>\n<p>Kato Small Excavator HD1023 -kaivukoneen puomin sylinteri on t\u00e4rke\u00e4 komponentti, joka on suunniteltu parantamaan erilaisten raskaiden koneiden toimintakyky\u00e4. Kauhan sylinteri on hydraulinen sylinteri, jolla on ratkaiseva rooli kauhan liikkeen ohjaamisessa kaivinkoneissa, kaivurikuormaajissa ja etukuormaajissa. T\u00e4m\u00e4 sylinteri mahdollistaa kauhan nostamisen, laskemisen ja kallistumisen, mik\u00e4 helpottaa tehokkaita materiaalink\u00e4sittelyteht\u00e4vi\u00e4.<\/p>\n<p><img decoding=\"async\" src=\"https:\/\/www.hydraulic-cylinders.net\/wp-content\/uploads\/2025\/04\/songte-company-1.webp\" alt=\"Kato Pieni Kaivinkone\" \/><\/p>\n<h3>M\u00e4\u00e4ritelm\u00e4 ja toiminta<\/h3>\n<p>Kauhasylinteri on olennainen osa rakennus- ja maataloudessa k\u00e4ytett\u00e4vi\u00e4 hydraulij\u00e4rjestelmi\u00e4. N\u00e4m\u00e4 sylinterit on suunniteltu toimimaan korkean paineen alaisina ja kest\u00e4m\u00e4\u00e4n vaativia ty\u00f6ymp\u00e4rist\u00f6j\u00e4. Ne varmistavat kauhan tasaisen ja tarkan liikkeen, mik\u00e4 on ratkaisevan t\u00e4rke\u00e4\u00e4 esimerkiksi kaivamisessa, nostamisessa ja materiaalien kuljetuksessa. Hyvin toimiva puomin sylinteri lis\u00e4\u00e4 tuottavuutta ja v\u00e4hent\u00e4\u00e4 mekaanisten vikojen riski\u00e4 k\u00e4yt\u00f6n aikana.<\/p>\n<h2>T\u00e4rkeimm\u00e4t ominaisuudet<\/h2>\n<ul>\n<li><strong>Korkea lujuus ja kest\u00e4vyys:<\/strong> N\u00e4m\u00e4 erikoislujuuster\u00e4ksest\u00e4 tai alumiinista valmistetut sylinterit kest\u00e4v\u00e4t korkeaa painetta ja raskaita kuormia, joten ne sopivat vaativiin ty\u00f6ymp\u00e4rist\u00f6ihin. Ne on suunniteltu kulutus- ja korroosionkest\u00e4vyys mieless\u00e4 pit\u00e4en niiden k\u00e4ytt\u00f6i\u00e4n pident\u00e4miseksi.<\/li>\n<li><strong>Tehokas hydraulinen k\u00e4ytt\u00f6:<\/strong> Hydrauli\u00f6ljyn paineen k\u00e4ytt\u00f6 mahdollistaa sujuvat ojennus- ja sis\u00e4\u00e4nvetoliikkeet, mik\u00e4 mahdollistaa nopean reagoinnin ohjauskomentoihin ja tarjoaa merkitt\u00e4v\u00e4\u00e4 ty\u00f6nt\u00f6- ja vetovoimaa, mik\u00e4 sopii ihanteellisesti raskaiden ja monimutkaisten teht\u00e4vien k\u00e4sittelyyn.<\/li>\n<li><strong>Erilaisia \u200b\u200btyyppej\u00e4:<\/strong> K\u00e4ytt\u00f6tarpeista riippuen k\u00e4ytt\u00e4j\u00e4t voivat valita yksitoimisen (hydraulinen voima vain yhteen suuntaan) tai kaksitoimisen (hydraulinen voima molempiin suuntiin) sylinterin. Jotkut mallit ovat teleskooppisia, mik\u00e4 mahdollistaa suuremman jatkeen ilman ulkomittojen kasvua, mik\u00e4 sopii ahtaisiin tiloihin.<\/li>\n<li><strong>Mukautettu valmistus:<\/strong> Tuotteemme on suunniteltu korvaamaan saumattomasti erilaisia \u200b\u200bhydraulisylintereit\u00e4 varmistaen yhteensopivuuden ja optimaalisen suorituskyvyn.<\/li>\n<li><strong>Laadunvarmistus:<\/strong> Noudatamme tiukkoja testausstandardeja hydraulisylintereidemme luotettavuuden ja tehokkuuden takaamiseksi.<\/li>\n<\/ul>\n<p><img decoding=\"async\" src=\"https:\/\/www.hydraulic-cylinders.net\/wp-content\/uploads\/2025\/04\/songte-cylinder-head-with-all-kinds-excavator-models.webp\" alt=\"Kaivinkonemallit\" \/><\/p>\n<h2>Puomisylinterin sovellukset<\/h2>\n<h3>Rakennuslaitteet<\/h3>\n<p>Kaivinkoneissa puomin sylinterit ovat ratkaisevan t\u00e4rkeit\u00e4 kaivamisessa, lastaamisessa ja maaper\u00e4n tai roskien siirt\u00e4misess\u00e4. Hydraulinen voima mahdollistaa kauhan tehokkaan tunkeutumisen maahan, mik\u00e4 tekee kaivut\u00f6ist\u00e4 nopeita ja tehokkaita. Kaivurikuormaajissa kauhan sylinteri auttaa paitsi kaivamisessa my\u00f6s materiaalien nostamisessa ja kuljettamisessa, mik\u00e4 parantaa koneen monipuolisuutta.<\/p>\n<h3>Maatalouskoneet<\/h3>\n<p>Etukuormaajissa puomin sylinterit ovat elint\u00e4rkeit\u00e4 maaper\u00e4n, hein\u00e4n ja muiden materiaalien kaivamisessa, nostamisessa ja kuljettamisessa. Hydraulinen toiminta varmistaa, ett\u00e4 n\u00e4m\u00e4 koneet pystyv\u00e4t tehokkaasti hoitamaan erilaisia \u200b\u200bmaatalousteht\u00e4vi\u00e4, mik\u00e4 lis\u00e4\u00e4 merkitt\u00e4v\u00e4sti maataloustoiminnan tuottavuutta.<\/p>\n<h3>Kaivinkoneet<\/h3>\n<p>Kaivinkoneissa kauhan sylinteri helpottaa kaivua antamalla kauhan tunkeutua tehokkaasti maaper\u00e4\u00e4n. T\u00e4m\u00e4 ominaisuus on olennainen erilaisissa kaivuprojekteissa, sill\u00e4 se varmistaa, ett\u00e4 teht\u00e4v\u00e4t suoritetaan tehokkaasti ilman koneiden kohtuutonta rasitusta.<\/p>\n<h3>Kuormaajat<\/h3>\n<p>Etukuormaajissa puomin sylinterit auttavat materiaalien tehokkaassa nostamisessa ja tyhjent\u00e4misess\u00e4. Hydraulinen toiminta mahdollistaa kuormien tarkan k\u00e4sittelyn varmistaen, ett\u00e4 materiaalit voidaan siirt\u00e4\u00e4 ja sijoittaa tarkasti.<\/p>\n<h2>Suunnittelun\u00e4k\u00f6kohdat ja valintakriteerit<\/h2>\n<h3>Kantavuus<\/h3>\n<p>Puomisylinteri\u00e4 valittaessa on t\u00e4rke\u00e4\u00e4 ottaa huomioon tietyn sovelluksen vaatima kuormituskapasiteetti. Sylinterin on kyett\u00e4v\u00e4 k\u00e4sittelem\u00e4\u00e4n siirrett\u00e4vien materiaalien enimm\u00e4ispaino ilman vikaantumisriski\u00e4. Kest\u00e4v\u00e4 rakenne varmistaa, ett\u00e4 sylinteri kest\u00e4\u00e4 raskaiden kuormien rasituksen, mik\u00e4 tarjoaa luotettavuutta ja turvallisuutta k\u00e4yt\u00f6n aikana.<\/p>\n<h3>Tiivistys<\/h3>\n<p>Hydraulisylinterin tiivistysj\u00e4rjestelm\u00e4 on ratkaisevan t\u00e4rke\u00e4 paineen yll\u00e4pit\u00e4miseksi ja vuotojen est\u00e4miseksi. Korkealaatuisten tiivisteiden, kuten m\u00e4nn\u00e4ntiivisteiden ja varren tiivisteiden, tulisi olla valmistettu materiaaleista, kuten polyuretaanista tai nitriilikumista, jotka kest\u00e4v\u00e4t kulumista. Asianmukainen tiivistys ei ainoastaan \u200b\u200bparanna sylinterin suorituskyky\u00e4, vaan my\u00f6s pident\u00e4\u00e4 sen k\u00e4ytt\u00f6ik\u00e4\u00e4 est\u00e4m\u00e4ll\u00e4 nesteh\u00e4vi\u00f6it\u00e4 ja kontaminaatiota.<\/p>\n<h3>Kest\u00e4vyys<\/h3>\n<p>Kest\u00e4vyys on keskeinen tekij\u00e4 puomisylinteri\u00e4 valittaessa. K\u00e4ytetyn materiaalin tulee olla kulutusta, iskuja ja korroosiota kest\u00e4v\u00e4, jotta se kest\u00e4\u00e4 pitk\u00e4\u00e4n haastavissa olosuhteissa. Kest\u00e4v\u00e4 sylinteri v\u00e4hent\u00e4\u00e4 huoltokustannuksia ja seisokkiaikoja, mik\u00e4 johtaa tuottavuuden kasvuun.<\/p>\n<h3>Turvallisuus<\/h3>\n<p>Turvallisuus on ensiarvoisen t\u00e4rke\u00e4\u00e4 kaikissa hydraulisissa toiminnoissa. Puomin sylinterin suunnittelussa tulisi olla turvaominaisuuksia, kuten paineenalennusventtiilit, ylikuormituksen est\u00e4miseksi ja hallitun toiminnan varmistamiseksi. S\u00e4\u00e4nn\u00f6lliset turvallisuustarkastukset ja turvallisuusprotokollien noudattaminen ovat olennaisia \u200b\u200bhydraulisiin koneisiin liittyvien riskien lievent\u00e4miseksi.<\/p>\n<h3>Yll\u00e4pidett\u00e4vyys<\/h3>\n<p>Helppohuolto on t\u00e4rke\u00e4 n\u00e4k\u00f6kohta hydraulisylintereiden suunnittelussa. Komponenttien tulee olla helposti saatavilla ja varaosien on oltava helposti saatavilla seisokkiaikojen minimoimiseksi. Hyvin suunniteltu sylinteri helpottaa s\u00e4\u00e4nn\u00f6llisi\u00e4 huoltotarkastuksia varmistaen, ett\u00e4 laite toimii tehokkaasti ja turvallisesti kaikkina aikoina.<\/p>\n<p><img decoding=\"async\" src=\"https:\/\/www.hydraulic-cylinders.net\/wp-content\/uploads\/2025\/04\/songte-oil-pipes-and-spare-parts.webp\" alt=\"\u00d6ljyputket ja varaosat\" \/><\/p>\n<h2>Tiivistys ja voitelu<\/h2>\n<p>Tehokas tiivistys ja voitelu ovat ratkaisevan t\u00e4rkeit\u00e4 hydraulisylintereiden suorituskyvylle. Paineen yll\u00e4pit\u00e4miseksi ja vuotojen est\u00e4miseksi k\u00e4ytet\u00e4\u00e4n erilaisia \u200b\u200btiivisteit\u00e4, kuten m\u00e4nn\u00e4ntiivisteit\u00e4 ja varren tiivisteit\u00e4. Tiivisteiden tulee olla valmistettu kest\u00e4vist\u00e4 materiaaleista, kuten polyuretaanista tai nitriilikumista, jotka kest\u00e4v\u00e4t kulumista. Lis\u00e4ksi sylinterin runko ja kierteitetyt p\u00e4\u00e4t on k\u00e4sitelt\u00e4v\u00e4 hienovaraisesti kulutuskest\u00e4vyyden parantamiseksi. S\u00e4\u00e4nn\u00f6llinen voitelu sopivalla hydrauli\u00f6ljyll\u00e4 on v\u00e4ltt\u00e4m\u00e4t\u00f6nt\u00e4 sujuvan toiminnan varmistamiseksi ja sylinterin k\u00e4ytt\u00f6i\u00e4n pident\u00e4miseksi.<\/p>\n<h2>S\u00e4\u00e4nn\u00f6llinen tarkastus ja ennaltaehk\u00e4isev\u00e4 huolto<\/h2>\n<ul>\n<li><strong>Aikataulun mukaiset tarkastukset:<\/strong> S\u00e4\u00e4nn\u00f6lliset tarkastukset tulisi suorittaa kulumisen, vuotojen tai vaurioiden havaitsemiseksi. Ongelmien nopea tunnistaminen voi est\u00e4\u00e4 kalliita korjauksia ja varmistaa turvallisen k\u00e4yt\u00f6n.<\/li>\n<li><strong>Voitelu:<\/strong> On t\u00e4rke\u00e4\u00e4 yll\u00e4pit\u00e4\u00e4 oikeanlaista voitelutasoa sujuvan toiminnan varmistamiseksi ja kitkan, joka voi johtaa kulumiseen, est\u00e4miseksi. Tarkista hydrauliikka\u00f6ljy s\u00e4\u00e4nn\u00f6llisesti ja lis\u00e4\u00e4 sit\u00e4 tarvittaessa.<\/li>\n<li><strong>Tiivisteen vaihto:<\/strong> Tarkkaile tiivisteit\u00e4 kulumisen tai vaurioiden varalta. Tiivisteiden oikea-aikainen vaihtaminen auttaa yll\u00e4pit\u00e4m\u00e4\u00e4n painetta ja est\u00e4m\u00e4\u00e4n vuotoja, mik\u00e4 pident\u00e4\u00e4 hydraulisylinterin k\u00e4ytt\u00f6ik\u00e4\u00e4.<\/li>\n<\/ul>\n<h2>Asennusohjeet<\/h2>\n<p>Puomisylinterin oikea asennus on ratkaisevan t\u00e4rke\u00e4\u00e4 optimaalisen suorituskyvyn saavuttamiseksi. Aloita varmistamalla, ett\u00e4 kiinnityspinnat ovat puhtaat ja roskattomat. Kohdista sylinteri tarkasti est\u00e4\u00e4ksesi virheellisen kohdistuksen, joka voi johtaa ennenaikaiseen kulumiseen. K\u00e4yt\u00e4 sopivia kiinnitystelineit\u00e4 sylinterin kiinnitt\u00e4miseen paikalleen. Noudata valmistajan ohjeita v\u00e4\u00e4nt\u00f6momenttien suhteen varmistaaksesi luotettavat liit\u00e4nn\u00e4t. Asennuksen j\u00e4lkeen suorita toimintatesti varmistaaksesi, ett\u00e4 sylinteri toimii sujuvasti. Katso aina asennusoppaasta asennettavan mallin erityisohjeet.<\/p>\n<h2>Yleiset huoltoteht\u00e4v\u00e4t<\/h2>\n<ul>\n<li><strong>S\u00e4\u00e4nn\u00f6lliset tarkastukset:<\/strong> Laadi rutiininomainen tarkastusaikataulu hydraulij\u00e4rjestelm\u00e4n tarkastamiseksi vuotojen, vaurioiden tai kulumisen varalta. Priorisoi vianetsint\u00e4 ennen kuin ongelmat k\u00e4rjistyv\u00e4t.<\/li>\n<li><strong>Oikea voitelu:<\/strong> Varmista, ett\u00e4 hydrauliikka\u00f6ljyn taso on riitt\u00e4v\u00e4, ja k\u00e4yt\u00e4 s\u00e4\u00e4nn\u00f6llisesti oikeanlaista \u00f6ljy\u00e4 optimaalisen suorituskyvyn yll\u00e4pit\u00e4miseksi ja tarpeettoman kitkan v\u00e4ltt\u00e4miseksi.<\/li>\n<li><strong>Tiivisteen vaihto ja kalibrointi:<\/strong> Tarkkaile tiivisteiden kuntoa ja vaihda ne tarvittaessa. Kalibroi hydraulij\u00e4rjestelm\u00e4 s\u00e4\u00e4nn\u00f6llisesti varmistaaksesi, ett\u00e4 se toimii tehokkaasti m\u00e4\u00e4riteltyjen parametrien mukaisesti.<\/li>\n<\/ul>\n<h2>Turvallisuusn\u00e4k\u00f6kohdat ja ymp\u00e4rist\u00f6tekij\u00e4t<\/h2>\n<p>Hydraulij\u00e4rjestelmien kanssa ty\u00f6skennelt\u00e4ess\u00e4 turvatoimenpiteet ovat ensiarvoisen t\u00e4rkeit\u00e4. K\u00e4ytt\u00e4jille on annettava asianmukaista koulutusta hydraulisiin koneisiin liittyvien riskien minimoimiseksi. K\u00e4yt\u00e4 aina asianmukaisia \u200b\u200bhenkil\u00f6nsuojaimia ja varmista, ett\u00e4 turvaominaisuudet, kuten h\u00e4t\u00e4sulkuventtiilit, ovat toiminnassa. Lis\u00e4ksi on otettava huomioon hydraulinesteiden vuotojen ymp\u00e4rist\u00f6vaikutukset; biohajoavien hydrauli\u00f6ljyjen k\u00e4ytt\u00f6 voi auttaa lievent\u00e4m\u00e4\u00e4n ymp\u00e4rist\u00f6ongelmia.<\/p>\n<h2>Vianm\u00e4\u00e4ritys ja yleiset ongelmat<\/h2>\n<ul>\n<li><strong>Nestevuodot:<\/strong> Tarkista tiivisteiden ja liitosten ymp\u00e4rilt\u00e4 vuodot. Jos vuotoja on, tarkista tiivisteiden kuluminen ja vaihda ne tarvittaessa.<\/li>\n<li><strong>Reagoimaton sylinteri:<\/strong> Jos sylinteri ei reagoi, tarkista hydraulinesteen taso ja varmista, ett\u00e4 pumppu toimii oikein.<\/li>\n<li><strong>Hidas liike:<\/strong> Hidas k\u00e4ynti voi viitata alhaiseen hydrauliikkanesteen m\u00e4\u00e4r\u00e4\u00e4n tai j\u00e4rjestelm\u00e4\u00e4n j\u00e4\u00e4neeseen ilmaan. Ilmaa j\u00e4rjestelm\u00e4 ja lis\u00e4\u00e4 nestett\u00e4 tarvittaessa.<\/li>\n<\/ul>\n<p>Vianm\u00e4\u00e4ritysvihjeiden antaminen auttaa k\u00e4ytt\u00e4ji\u00e4 diagnosoimaan ja ratkaisemaan yleisi\u00e4 ongelmia tehokkaasti. S\u00e4\u00e4nn\u00f6llinen huolto ja tarkastukset voivat auttaa minimoimaan mahdolliset ongelmat ja parantamaan laitteiden luotettavuutta.<\/p>\n<p><img decoding=\"async\" src=\"https:\/\/www.hydraulic-cylinders.net\/wp-content\/uploads\/2025\/04\/songte-bushings-with-all-kinds-of-excavator-models.webp\" alt=\"Kaivinkonemallit\" \/><\/p>\n<h2>Yrityksen yleiskatsaus<\/h2>\n<p>Olemme hydraulisylinterien vaihto-osien valmistaja, joka tarjoaa kattavan valikoiman tuotteita. Yrityksest\u00e4mme on tullut yksi johtavista hydraulisylinterien valmistajista ja tukkumyyjist\u00e4 sek\u00e4 kotimaisilla ett\u00e4 kansainv\u00e4lisill\u00e4 markkinoilla. Noudatamme erinomaisuuden periaatetta laadussa ja hy\u00f6dynn\u00e4mme ty\u00f6pajoissamme hienostunutta valmistuksenohjausstrategiaa. K\u00e4ytt\u00e4m\u00e4ll\u00e4 ammattitaitoista teknist\u00e4 henkil\u00f6st\u00f6\u00e4, edistyneit\u00e4 digitaalisia valmistuslaitteita ja ammattimaista testausj\u00e4rjestelm\u00e4\u00e4 parannamme jatkuvasti valmistusymp\u00e4rist\u00f6\u00e4mme ja hiomme tuotteiden laadun tuotantoreittej\u00e4mme. Vahvat luovat kykymme mahdollistavat sen, ett\u00e4 pystymme vastaamaan monipuolisiin asiakastarpeisiin tehokkaasti, tarkasti ja laadukkaasti.<\/p>\n<p><img decoding=\"async\" src=\"https:\/\/www.hydraulic-cylinders.net\/wp-content\/uploads\/2025\/04\/songte-company-4.webp\" alt=\"Yrityksen yleiskatsaus\" \/><br \/>\n<img decoding=\"async\" src=\"https:\/\/www.hydraulic-cylinders.net\/wp-content\/uploads\/2025\/04\/songte-company-3.webp\" alt=\"Yrityksen yleiskatsaus\" \/><\/p>\n<h2>Johtop\u00e4\u00e4t\u00f6s<\/h2>\n<p>Yhteenvetona voidaan todeta, ett\u00e4 Kato Small Excavator HD1023 -kaivukoneen puomin sylinteri on olennainen osa raskaiden koneiden suorituskyvyn ja tehokkuuden parantamista. Sen ominaisuuksien, sovellusten ja huoltok\u00e4yt\u00e4nt\u00f6jen ymm\u00e4rt\u00e4minen on ratkaisevan t\u00e4rke\u00e4\u00e4 pitk\u00e4ik\u00e4isyyden ja luotettavuuden varmistamiseksi erilaisissa k\u00e4ytt\u00f6olosuhteissa. Valitsemalla korkealaatuisia hydraulisylintereit\u00e4 k\u00e4ytt\u00e4j\u00e4t voivat saavuttaa optimaalisen suorituskyvyn ja minimoida seisokkiajat.<\/p>\n<p>Kirjoittaja: lyl<\/p>","protected":false},"excerpt":{"rendered":"<p>Boom Cylinder For Kato Small Excavator HD1023 Product Overview The Boom Cylinder for Kato Small Excavator HD1023 is a vital component designed to enhance the operational capabilities of various heavy machinery. Specifically, the bucket cylinder is a type of hydraulic cylinder that plays a crucial role in controlling the movement of the bucket in excavators, [&hellip;]<\/p>","protected":false},"featured_media":17868,"comment_status":"open","ping_status":"closed","template":"","meta":{"_et_pb_use_builder":"","_et_pb_old_content":"","_et_gb_content_width":""},"product_brand":[],"product_cat":[1546],"product_tag":[1547,1496],"class_list":{"0":"post-19740","1":"product","2":"type-product","3":"status-publish","4":"has-post-thumbnail","6":"product_cat-boom-cylinders","7":"product_tag-boom-cylinders","8":"product_tag-hydraulic-cylinders","10":"first","11":"instock","12":"shipping-taxable","13":"product-type-simple"},"amp_enabled":true,"_links":{"self":[{"href":"https:\/\/www.hydraulic-cylinders.net\/fi\/wp-json\/wp\/v2\/product\/19740","targetHints":{"allow":["GET"]}}],"collection":[{"href":"https:\/\/www.hydraulic-cylinders.net\/fi\/wp-json\/wp\/v2\/product"}],"about":[{"href":"https:\/\/www.hydraulic-cylinders.net\/fi\/wp-json\/wp\/v2\/types\/product"}],"replies":[{"embeddable":true,"href":"https:\/\/www.hydraulic-cylinders.net\/fi\/wp-json\/wp\/v2\/comments?post=19740"}],"wp:featuredmedia":[{"embeddable":true,"href":"https:\/\/www.hydraulic-cylinders.net\/fi\/wp-json\/wp\/v2\/media\/17868"}],"wp:attachment":[{"href":"https:\/\/www.hydraulic-cylinders.net\/fi\/wp-json\/wp\/v2\/media?parent=19740"}],"wp:term":[{"taxonomy":"product_brand","embeddable":true,"href":"https:\/\/www.hydraulic-cylinders.net\/fi\/wp-json\/wp\/v2\/product_brand?post=19740"},{"taxonomy":"product_cat","embeddable":true,"href":"https:\/\/www.hydraulic-cylinders.net\/fi\/wp-json\/wp\/v2\/product_cat?post=19740"},{"taxonomy":"product_tag","embeddable":true,"href":"https:\/\/www.hydraulic-cylinders.net\/fi\/wp-json\/wp\/v2\/product_tag?post=19740"}],"curies":[{"name":"wp","href":"https:\/\/api.w.org\/{rel}","templated":true}]}}