{"id":19742,"date":"2025-04-07T07:04:59","date_gmt":"2025-04-07T07:04:59","guid":{"rendered":"https:\/\/www.hydraulic-cylinders.net\/product\/boom-cylinder-for-kato-small-excavator-hd307\/"},"modified":"2025-04-07T07:05:01","modified_gmt":"2025-04-07T07:05:01","slug":"boom-cylinder-for-kato-small-excavator-hd307","status":"publish","type":"product","link":"https:\/\/www.hydraulic-cylinders.net\/fi\/tuote\/boom-cylinder-for-kato-small-excavator-hd307\/","title":{"rendered":"Puomin sylinteri Kato Small Kaivinkone HD307:lle"},"content":{"rendered":"<h1>Puomin sylinteri Kato Small Kaivinkone HD307:lle<\/h1>\n<h2>Puomin sylinterin ymm\u00e4rt\u00e4minen<\/h2>\n<p>Puomin sylinteri on hydraulij\u00e4rjestelmien t\u00e4rke\u00e4 osa, ja se on erityisesti suunniteltu ohjaamaan kauhan liikett\u00e4 erilaisissa raskaissa koneissa, kuten kaivinkoneissa, kaivurikuormaajissa ja etukuormaajissa. T\u00e4m\u00e4 hydraulisylinteri helpottaa kauhan nostamista, laskemista ja kallistusta, mik\u00e4 mahdollistaa tehokkaan materiaalink\u00e4sittelyn. Pohjimmiltaan se muuntaa hydraulisen energian mekaaniseksi energiaksi, joka tuottaa tarvittavan voiman vaativiin teht\u00e4viin. N\u00e4iden sylinterien rakenne varmistaa, ett\u00e4 ne kest\u00e4v\u00e4t \u00e4\u00e4rimm\u00e4isi\u00e4 paineita ja kuormia, mik\u00e4 tekee niist\u00e4 ihanteellisia vaativiin ty\u00f6olosuhteisiin.<\/p>\n<p><img decoding=\"async\" src=\"https:\/\/www.hydraulic-cylinders.net\/wp-content\/uploads\/2025\/04\/songte-company-1.webp\" alt=\"Puomin sylinterin kuva\"><\/p>\n<h2>Puomin sylinterin ominaisuudet<\/h2>\n<ul>\n<li>\n<h3>Korkea lujuus ja kest\u00e4vyys<\/h3>\n<p>N\u00e4m\u00e4 sylinterit on tyypillisesti valmistettu lujasta ter\u00e4ksest\u00e4 tai alumiinista, ja ne kest\u00e4v\u00e4t korkeita paineita ja raskaita kuormia, joten ne sopivat vaativiin ty\u00f6ymp\u00e4rist\u00f6ihin. Rakenteessa on yhdistetty kulutuskest\u00e4vyys ja korroosionkest\u00e4vyys tuotteen k\u00e4ytt\u00f6i\u00e4n pident\u00e4miseksi.<\/p>\n<\/li>\n<li>\n<h3>Tehokas hydraulinen k\u00e4ytt\u00f6<\/h3>\n<p>Hydrauli\u00f6ljyn paineen ansiosta puomin sylinteri saavuttaa tasaisen ojennuksen ja sis\u00e4\u00e4nvedon. Se reagoi nopeasti ohjauskomentoihin ja tarjoaa tehokkaan ty\u00f6nt\u00f6- ja vetovoiman, mik\u00e4 on olennaista raskaiden materiaalien k\u00e4sittelyss\u00e4 ja monimutkaisissa teht\u00e4viss\u00e4.<\/p>\n<\/li>\n<li>\n<h3>Saatavilla erilaisia \u200b\u200btyyppej\u00e4<\/h3>\n<p>Asiakkaat voivat valita yksitoimisen (yhteen suuntaan toimivan) tai kaksitoimisen (molempiin suuntiin toimivan) sylinterin erilaisten k\u00e4ytt\u00f6tarpeiden mukaan. Tietyt mallit ovat teleskooppisia, mik\u00e4 mahdollistaa suuremman jatkeen ilman ulkomittojen kasvua, mik\u00e4 sopii erinomaisesti ahtaisiin sovelluksiin.<\/p>\n<\/li>\n<li>\n<h3>Tarkkuustekniikka<\/h3>\n<p>Tuotantoprosessi varmistaa, ett\u00e4 jokainen puomin sylinteri t\u00e4ytt\u00e4\u00e4 tiukat vaatimukset, mik\u00e4 takaa erinomaisen suorituskyvyn ja luotettavuuden vaativissa olosuhteissa.<\/p>\n<\/li>\n<li>\n<h3>T\u00e4ydelliset vaihtovaihtoehdot<\/h3>\n<p>Valmistamme n\u00e4it\u00e4 tuotteita korvaamaan t\u00e4ydellisesti olemassa olevat hydraulisylinterit varmistaen saumattoman integroinnin ja toimivuuden koneisiisi.<\/p>\n<\/li>\n<\/ul>\n<p><img decoding=\"async\" src=\"https:\/\/www.hydraulic-cylinders.net\/wp-content\/uploads\/2025\/04\/songte-cylinder-head-with-all-kinds-excavator-models.webp\" alt=\"Kaivinkonemallit\"><\/p>\n<h2>Puomisylinterin sovellukset<\/h2>\n<h3>Rakennuslaitteet<\/h3>\n<p>Kaivinkoneissa puomin sylinterit ovat elint\u00e4rkeit\u00e4 kaivamisessa, lastaamisessa ja maan tai roskien siirt\u00e4misess\u00e4. Ne tarjoavat tarvittavan voiman puomin pident\u00e4miseen ja lyhent\u00e4miseen, mik\u00e4 on v\u00e4ltt\u00e4m\u00e4t\u00f6nt\u00e4 tehokkaalle kaivamiselle. Kaivurikuormaajissa n\u00e4m\u00e4 sylinterit auttavat sek\u00e4 kaivut\u00f6iss\u00e4 ett\u00e4 raskaiden materiaalien nostamisessa, mik\u00e4 parantaa koneen monipuolisuutta ja tehokkuutta rakennusty\u00f6mailla.<\/p>\n<h3>Maatalouskoneet<\/h3>\n<p>Etukuormaajissa puomisylintereit\u00e4 k\u00e4ytet\u00e4\u00e4n maan, hein\u00e4n ja muiden materiaalien kauhaamiseen, nostamiseen ja kuljettamiseen. Kauhan asennon s\u00e4\u00e4t\u00f6mahdollisuus antaa kuljettajille mahdollisuuden suorittaa teht\u00e4vi\u00e4 nopeasti ja tehokkaasti, mik\u00e4 tekee maataloustoiminnasta tuottavampaa.<\/p>\n<h3>Kaivinkoneet<\/h3>\n<p>Puomin sylinteri mahdollistaa kauhan tunkeutumisen maaper\u00e4\u00e4n kaivutoimia varten. T\u00e4m\u00e4 toiminto on ratkaisevan t\u00e4rke\u00e4 kaivut\u00f6iss\u00e4, joissa vaaditaan tarkkuutta ja lujuutta vaikeiden maaper\u00e4olosuhteiden l\u00e4pi murtautumiseen.<\/p>\n<h3>Kuormaajat<\/h3>\n<p>Etukuormaajissa n\u00e4ill\u00e4 sylintereill\u00e4 on keskeinen rooli kuormien tehokkaassa nostamisessa ja tyhjent\u00e4misess\u00e4. Niiden rakenne varmistaa, ett\u00e4 kuormaaja pystyy k\u00e4sittelem\u00e4\u00e4n vaihtelevia painoja, mik\u00e4 auttaa esimerkiksi materiaalink\u00e4sittelyss\u00e4 ja ty\u00f6maan valmistelussa.<\/p>\n<h2>Suunnittelun\u00e4k\u00f6kohdat ja valintakriteerit<\/h2>\n<ul>\n<li>\n<h3>Kantavuus<\/h3>\n<p>Puomisylinteri\u00e4 valittaessa on ratkaisevan t\u00e4rke\u00e4\u00e4 ymm\u00e4rt\u00e4\u00e4 sen kuormituskapasiteetti. Sen on kyett\u00e4v\u00e4 k\u00e4sittelem\u00e4\u00e4n koneen nostamien tai siirrett\u00e4vien materiaalien enimm\u00e4ispaino. Riitt\u00e4m\u00e4tt\u00f6m\u00e4n kuormituskapasiteetin omaava sylinteri voi johtaa vikoihin tai onnettomuuksiin, jotka voivat olla vaarallisia ja kalliita. Oikeiden teknisten tietojen varmistaminen koneen k\u00e4ytt\u00f6vaatimusten mukaisesti on avainasemassa turvallisuuden ja tehokkuuden yll\u00e4pit\u00e4misess\u00e4.<\/p>\n<\/li>\n<li>\n<h3>Tiivistyskyky<\/h3>\n<p>Tiivistys on v\u00e4ltt\u00e4m\u00e4t\u00f6nt\u00e4 hydraulisten j\u00e4rjestelmien eheyden yll\u00e4pit\u00e4miseksi. Hyvin suunniteltu tiiviste est\u00e4\u00e4 hydraulinesteen vuotamisen ja varmistaa, ett\u00e4 paine pysyy j\u00e4rjestelm\u00e4ss\u00e4. Korkealaatuiset tiivisteet on tyypillisesti valmistettu kest\u00e4vist\u00e4 materiaaleista, jotka kest\u00e4v\u00e4t kulumista ja ymp\u00e4rist\u00f6tekij\u00f6it\u00e4. Tiivisteiden s\u00e4\u00e4nn\u00f6llinen tarkastus on v\u00e4ltt\u00e4m\u00e4t\u00f6nt\u00e4 vuotojen est\u00e4miseksi, jotka voivat johtaa koneiden tehottomaan toimintaan ja kustannusten nousuun.<\/p>\n<\/li>\n<li>\n<h3>Kest\u00e4vyys ja pitk\u00e4ik\u00e4isyys<\/h3>\n<p>Kest\u00e4vyys on ratkaiseva tekij\u00e4 puomisylinterien suunnittelussa. N\u00e4iden komponenttien on kestett\u00e4v\u00e4 ankaria k\u00e4ytt\u00f6olosuhteita, kuten \u00e4\u00e4rimm\u00e4isi\u00e4 l\u00e4mp\u00f6tiloja, likaa ja roskia. Korkealaatuisista materiaaleista valmistettujen ja suojapinnoitteilla varustettujen sylinterien valitseminen voi pident\u00e4\u00e4 niiden k\u00e4ytt\u00f6ik\u00e4\u00e4, v\u00e4hent\u00e4\u00e4 vaihtojen ja korjausten tarvetta ja siten alentaa k\u00e4ytt\u00f6kustannuksia pitk\u00e4ll\u00e4 aikav\u00e4lill\u00e4.<\/p>\n<\/li>\n<li>\n<h3>Turvaominaisuudet<\/h3>\n<p>Turvallisuus on ensiarvoisen t\u00e4rke\u00e4\u00e4 hydraulisylintereiden suunnittelussa. Paineenalennusventtiilien ja turvalukkojen kaltaiset ominaisuudet ovat olennaisia \u200b\u200bvahingossa tapahtuvan k\u00e4yt\u00f6n ja ylikuormituksen est\u00e4miseksi. N\u00e4iden turvaominaisuuksien varmistaminen on ratkaisevan t\u00e4rke\u00e4\u00e4 k\u00e4ytt\u00e4jien ja koneiden suojaamiseksi k\u00e4yt\u00f6n aikana.<\/p>\n<\/li>\n<li>\n<h3>Yll\u00e4pidett\u00e4vyys<\/h3>\n<p>Helppo huolto on toinen merkitt\u00e4v\u00e4 seikka. Hyvin suunnitellun hydraulisylinterin tulisi mahdollistaa osien yksinkertainen tarkastus, voitelu ja vaihto. T\u00e4m\u00e4 voi s\u00e4\u00e4st\u00e4\u00e4 aikaa ja rahaa varmistaen, ett\u00e4 kone pysyy toimintakunnossa ja seisokkiajat ovat mahdollisimman v\u00e4h\u00e4isi\u00e4. S\u00e4\u00e4nn\u00f6lliset huoltoaikataulut tulisi laatia puomisylinterin pitk\u00e4ik\u00e4isyyden ja tehokkuuden varmistamiseksi.<\/p>\n<\/li>\n<\/ul>\n<p><img decoding=\"async\" src=\"https:\/\/www.hydraulic-cylinders.net\/wp-content\/uploads\/2025\/04\/songte-oil-pipes-and-spare-parts.webp\" alt=\"Hydrauliset osat\"><\/p>\n<h2>Tiivistys ja voitelu<\/h2>\n<p>Puomisylinterin tiivistys ja voitelu ovat elint\u00e4rkeit\u00e4 sen suorituskyvyn ja pitk\u00e4ik\u00e4isyyden kannalta. Erilaisia \u200b\u200btiivistyselementtej\u00e4, kuten m\u00e4nn\u00e4ntiivisteit\u00e4 ja varren tiivisteit\u00e4, k\u00e4ytet\u00e4\u00e4n tiiviin istuvuuden varmistamiseksi ja hydraulinesteen vuotojen est\u00e4miseksi. Polyuretaanista ja nitriilikumista valmistetut tiivisteet tarjoavat erinomaisen kulutuskest\u00e4vyyden ja kest\u00e4vyyden. Sylinterin runko ja kierteitetyt p\u00e4\u00e4typinnat viimeistell\u00e4\u00e4n kulumiskest\u00e4vyyden parantamiseksi. S\u00e4\u00e4nn\u00f6llinen voitelu sopivalla hydrauli\u00f6ljyll\u00e4 on v\u00e4ltt\u00e4m\u00e4t\u00f6nt\u00e4 sujuvan toiminnan yll\u00e4pit\u00e4miseksi ja kulumisen est\u00e4miseksi, varmistaen, ett\u00e4 sylinteri toimii tehokkaasti koko k\u00e4ytt\u00f6ik\u00e4ns\u00e4 ajan.<\/p>\n<h2>Ennaltaehk\u00e4isev\u00e4t huoltotoimenpiteet<\/h2>\n<ul>\n<li>\n<h3>S\u00e4\u00e4nn\u00f6lliset tarkastukset<\/h3>\n<p>Puomin sylinteri tulee tarkastaa s\u00e4\u00e4nn\u00f6llisesti kulumisen, vuotojen tai vaurioiden varalta. Ongelmien tunnistaminen varhain voi est\u00e4\u00e4 merkitt\u00e4v\u00e4mpi\u00e4 ongelmia my\u00f6hemmin. Tarkista kaikki tiivisteet, letkut ja liittimet kulumisen tai heikkenemisen merkkien varalta.<\/p>\n<\/li>\n<li>\n<h3>Asianmukainen voitelu<\/h3>\n<p>Hydraulij\u00e4rjestelm\u00e4n voitelutason yll\u00e4pit\u00e4minen on olennaista. Tarkista hydraulinesteen tasot s\u00e4\u00e4nn\u00f6llisesti ja lis\u00e4\u00e4 voiteluainetta tarvittaessa, jotta v\u00e4ltet\u00e4\u00e4n kuivak\u00e4yntiolosuhteet, jotka voivat johtaa sylinterivaurioihin.<\/p>\n<\/li>\n<li>\n<h3>Tiivisteen vaihto<\/h3>\n<p>Tiivisteet tulee tarkastaa huoltotarkastusten yhteydess\u00e4 ja vaihtaa tarvittaessa. Kuluneet tai vaurioituneet tiivisteet voivat johtaa hydraulinesteen vuotoihin, mik\u00e4 heikent\u00e4\u00e4 j\u00e4rjestelm\u00e4n tehokkuutta ja lis\u00e4\u00e4 k\u00e4ytt\u00f6kustannuksia. Tiivisteiden nopea vaihtaminen voi est\u00e4\u00e4 sylinterin lis\u00e4vaurioita.<\/p>\n<\/li>\n<\/ul>\n<p><img decoding=\"async\" src=\"https:\/\/www.hydraulic-cylinders.net\/wp-content\/uploads\/2025\/04\/songte-chushion-collar.webp\" alt=\"Tyynykaulus\"><\/p>\n<h2>Asennusohjeet<\/h2>\n<p>Puomisylinterin oikea asennus on ratkaisevan t\u00e4rke\u00e4\u00e4 optimaalisen suorituskyvyn saavuttamiseksi. Aloita varmistamalla, ett\u00e4 kiinnityspinnat ovat puhtaat ja roskattomat. Kohdista sylinteri oikein koneiston kanssa ja varmista, ett\u00e4 se on vaakasuorassa ja tukevasti kiinni. K\u00e4yt\u00e4 sopivia kiinnitystelineit\u00e4 pit\u00e4m\u00e4\u00e4n sylinteri paikallaan asennuksen aikana. Noudata valmistajan ohjeita pulttien kiristysmomenttien suhteen, jotta v\u00e4lt\u00e4t ylikirist\u00e4misen, joka voi johtaa vaurioihin. Asennuksen j\u00e4lkeen tarkista mahdolliset kohdistusvirheet ja s\u00e4\u00e4d\u00e4 tarvittaessa. Varmista, ett\u00e4 hydrauliikkalinjat on kytketty oikein ja ett\u00e4 niiss\u00e4 ei ole taitoksia, jotta neste virtaa tasaisesti.<\/p>\n<h2>Yll\u00e4pitoteht\u00e4vien yleiskatsaus<\/h2>\n<ul>\n<li>\n<h3>S\u00e4\u00e4nn\u00f6lliset tarkastukset<\/h3>\n<p>Tarkista puomin sylinteri s\u00e4\u00e4nn\u00f6llisesti varmistaaksesi, ett\u00e4 se toimii oikein. Etsi kulumisen merkkej\u00e4, kuten naarmuja tai lommoja, ja korjaa ne viipym\u00e4tt\u00e4 lis\u00e4vaurioiden est\u00e4miseksi.<\/p>\n<\/li>\n<li>\n<h3>Oikea voitelu<\/h3>\n<p>Varmista, ett\u00e4 hydrauliikkaj\u00e4rjestelm\u00e4 on voideltu riitt\u00e4v\u00e4sti, tarkistamalla nestetasot ja -laatu s\u00e4\u00e4nn\u00f6llisesti. Oikean hydrauliikkanesteen k\u00e4ytt\u00f6 on elint\u00e4rke\u00e4\u00e4 j\u00e4rjestelm\u00e4n suorituskyvyn yll\u00e4pit\u00e4miseksi.<\/p>\n<\/li>\n<li>\n<h3>Tiivisteen vaihto ja kalibrointi<\/h3>\n<p>Tarkista tiivisteiden kuluminen s\u00e4\u00e4nn\u00f6llisesti ja vaihda ne tarvittaessa. Suorita lis\u00e4ksi kalibrointitarkistukset varmistaaksesi, ett\u00e4 hydrauliikkaj\u00e4rjestelm\u00e4 toimii vaadittujen spesifikaatioiden mukaisesti.<\/p>\n<\/li>\n<\/ul>\n<h2>Turvallisuusn\u00e4k\u00f6kohdat ja ymp\u00e4rist\u00f6tekij\u00e4t<\/h2>\n<p>Turvatoimenpiteet ovat ratkaisevan t\u00e4rkeit\u00e4 hydraulij\u00e4rjestelmi\u00e4 k\u00e4ytett\u00e4ess\u00e4. K\u00e4ytt\u00e4j\u00e4t tulee kouluttaa ymm\u00e4rt\u00e4m\u00e4\u00e4n hydraulisiin koneisiin liittyv\u00e4t mahdolliset vaarat, mukaan lukien vuotojen, korkeapaineruiskujen ja mekaanisten vikojen riskit. Asianmukaisia \u200b\u200bhenkil\u00f6nsuojaimia on k\u00e4ytett\u00e4v\u00e4 loukkaantumisriskin minimoimiseksi. Lis\u00e4ksi ymp\u00e4rist\u00f6tekij\u00f6it\u00e4, kuten hydraulinesteen vuotoja, on hallittava kontaminaation est\u00e4miseksi ja s\u00e4\u00e4ntelyvaatimusten noudattamiseksi.<\/p>\n<h2>Yleisten ongelmien vianm\u00e4\u00e4ritys<\/h2>\n<ul>\n<li>\n<h3>Nestevuodot<\/h3>\n<p>Nestevuodot ovat yleinen ongelma, joka voi johtaa tehokkuuden heikkenemiseen. Tarkista tiivisteet ja letkut vaurioiden varalta ja vaihda ne tarvittaessa. Varmista, ett\u00e4 kaikki liittimet on kiristetty oikein vuotojen est\u00e4miseksi.<\/p>\n<\/li>\n<li>\n<h3>Ep\u00e4tasainen sylinterin liike<\/h3>\n<p>Jos sylinteri ei liiku ulos tai ulos tasaisesti, se voi viitata tukoksiin tai toimintah\u00e4iri\u00f6\u00f6n hydraulij\u00e4rjestelm\u00e4ss\u00e4. Tarkista letkut ja liittimet taitoksien tai tukosten varalta ja varmista, ett\u00e4 hydraulinesteen taso on oikea.<\/p>\n<\/li>\n<li>\n<h3>Voiman menetys<\/h3>\n<p>Hydraulij\u00e4rjestelm\u00e4n tehoh\u00e4vi\u00f6 voi johtua alhaisista nestetasoista tai likaantuneesta nesteest\u00e4. Tarkista nesteen laatu s\u00e4\u00e4nn\u00f6llisesti ja vaihda se valmistajan suositusten mukaisesti optimaalisen suorituskyvyn varmistamiseksi.<\/p>\n<\/li>\n<\/ul>\n<p><img decoding=\"async\" src=\"https:\/\/www.hydraulic-cylinders.net\/wp-content\/uploads\/2025\/04\/songte-bushings-with-all-kinds-of-excavator-models.webp\" alt=\"Kaivinkoneen holkit\"><\/p>\n<h2>Johtop\u00e4\u00e4t\u00f6s<\/h2>\n<p>Olemme johtava hydraulisten sylinterien vaihto-osien valmistaja, joka tarjoaa laajan valikoiman tuotteita sek\u00e4 kotimaisille ett\u00e4 kansainv\u00e4lisille markkinoille. Sitoutumisemme huippuosaamiseen n\u00e4kyy kehittyneiss\u00e4 valmistusprosesseissamme ja laadunvalvonnan painottamisessamme. Hy\u00f6dynt\u00e4m\u00e4ll\u00e4 edistynytt\u00e4 teknologiaa ja ammattitaitoisia insin\u00f6\u00f6rej\u00e4 varmistamme, ett\u00e4 tuotteemme t\u00e4ytt\u00e4v\u00e4t tiukat suorituskykystandardit. Palveluihimme kuuluvat r\u00e4\u00e4t\u00e4l\u00f6idyt ratkaisut asiakkaiden erityistarpeisiin, vankka myynnin j\u00e4lkeinen tuki ja kansainv\u00e4liset sertifikaatit, jotka korostavat tuotteidemme luotettavuutta. Olemme sitoutuneet vastaamaan monipuolisiin asiakastarpeisiin tarkasti, tehokkaasti ja laadukkaasti.<\/p>\n<p><img decoding=\"async\" src=\"https:\/\/www.hydraulic-cylinders.net\/wp-content\/uploads\/2025\/04\/songte-company-4.webp\" alt=\"Yrityksen imago\"><br \/>\n<img decoding=\"async\" src=\"https:\/\/www.hydraulic-cylinders.net\/wp-content\/uploads\/2025\/04\/songte-company-3.webp\" alt=\"Yrityksen imago\"><\/p>\n<p>Kirjoittaja: lyl<\/p>","protected":false},"excerpt":{"rendered":"<p>Boom Cylinder For Kato Small Excavator HD307 Understanding the Boom Cylinder The Boom Cylinder is a crucial component in hydraulic systems, specifically designed to control the movement of the bucket in various heavy machinery such as excavators, backhoe loaders, and front loaders. This hydraulic cylinder facilitates the lifting, lowering, and tilting of the bucket, enabling [&hellip;]<\/p>","protected":false},"featured_media":17870,"comment_status":"open","ping_status":"closed","template":"","meta":{"_et_pb_use_builder":"","_et_pb_old_content":"","_et_gb_content_width":""},"product_brand":[],"product_cat":[1546],"product_tag":[1547,1496],"class_list":{"0":"post-19742","1":"product","2":"type-product","3":"status-publish","4":"has-post-thumbnail","6":"product_cat-boom-cylinders","7":"product_tag-boom-cylinders","8":"product_tag-hydraulic-cylinders","10":"first","11":"instock","12":"shipping-taxable","13":"product-type-simple"},"amp_enabled":true,"_links":{"self":[{"href":"https:\/\/www.hydraulic-cylinders.net\/fi\/wp-json\/wp\/v2\/product\/19742","targetHints":{"allow":["GET"]}}],"collection":[{"href":"https:\/\/www.hydraulic-cylinders.net\/fi\/wp-json\/wp\/v2\/product"}],"about":[{"href":"https:\/\/www.hydraulic-cylinders.net\/fi\/wp-json\/wp\/v2\/types\/product"}],"replies":[{"embeddable":true,"href":"https:\/\/www.hydraulic-cylinders.net\/fi\/wp-json\/wp\/v2\/comments?post=19742"}],"wp:featuredmedia":[{"embeddable":true,"href":"https:\/\/www.hydraulic-cylinders.net\/fi\/wp-json\/wp\/v2\/media\/17870"}],"wp:attachment":[{"href":"https:\/\/www.hydraulic-cylinders.net\/fi\/wp-json\/wp\/v2\/media?parent=19742"}],"wp:term":[{"taxonomy":"product_brand","embeddable":true,"href":"https:\/\/www.hydraulic-cylinders.net\/fi\/wp-json\/wp\/v2\/product_brand?post=19742"},{"taxonomy":"product_cat","embeddable":true,"href":"https:\/\/www.hydraulic-cylinders.net\/fi\/wp-json\/wp\/v2\/product_cat?post=19742"},{"taxonomy":"product_tag","embeddable":true,"href":"https:\/\/www.hydraulic-cylinders.net\/fi\/wp-json\/wp\/v2\/product_tag?post=19742"}],"curies":[{"name":"wp","href":"https:\/\/api.w.org\/{rel}","templated":true}]}}