{"id":19743,"date":"2025-04-07T07:05:01","date_gmt":"2025-04-07T07:05:01","guid":{"rendered":"https:\/\/www.hydraulic-cylinders.net\/product\/boom-cylinder-for-kato-small-excavator-hd512\/"},"modified":"2025-04-07T07:05:04","modified_gmt":"2025-04-07T07:05:04","slug":"boom-cylinder-for-kato-small-excavator-hd512","status":"publish","type":"product","link":"https:\/\/www.hydraulic-cylinders.net\/fi\/tuote\/boom-cylinder-for-kato-small-excavator-hd512\/","title":{"rendered":"Puomin sylinteri Kato Small Kaivinkone HD512:lle"},"content":{"rendered":"<h1>Puomin sylinteri Kato Small Kaivinkone HD512:lle<\/h1>\n<h2>Tuotteen yleiskatsaus<\/h2>\n<p>Kato Small Excavator HD512 -kaivukoneen puomin sylinteri on erikoishydraulisylinteri, joka on suunniteltu ohjaamaan kauhan liikett\u00e4 erilaisissa raskaissa koneissa, kuten kaivinkoneissa, kaivurikuormaajissa ja etukuormaajissa. N\u00e4m\u00e4 sylinterit mahdollistavat kauhan nostamisen, laskemisen ja kallistuksen, mik\u00e4 helpottaa materiaalink\u00e4sittelyteht\u00e4vi\u00e4 tehokkaasti. Hydraulisylintereill\u00e4 on ratkaiseva rooli raskaiden koneiden hydraulij\u00e4rjestelmiss\u00e4, sill\u00e4 ne tarjoavat tarvittavan voiman vaativien teht\u00e4vien suorittamiseen rakennus- ja maatalousaloilla.<\/p>\n<p><img decoding=\"async\" src=\"https:\/\/www.hydraulic-cylinders.net\/wp-content\/uploads\/2025\/04\/songte-company-1.webp\" alt=\"Kaivinkoneiden puomin sylinteri\"><\/p>\n<h2>Puomin sylinterin ominaisuudet<\/h2>\n<ul>\n<li><strong>Korkea lujuus ja kest\u00e4vyys:<\/strong> Valmistettu eritt\u00e4in lujasta ter\u00e4ksest\u00e4 tai alumiinista, kest\u00e4\u00e4 korkeaa painetta ja raskaita kuormia, suunniteltu vaativiin ty\u00f6ymp\u00e4rist\u00f6ihin kulutusta ja korroosiota kest\u00e4vill\u00e4 ominaisuuksilla.<\/li>\n<li><strong>Tehokas hydraulinen k\u00e4ytt\u00f6:<\/strong> Hydraulisen \u00f6ljynpaineen ansiosta laitetta voi vet\u00e4\u00e4 ulos ja ulos tasaisesti, mik\u00e4 takaa nopean reagoinnin ohjauskomentoihin ja tehokkaan ty\u00f6nt\u00f6- ja vetovoiman raskaiden ja monimutkaisten teht\u00e4vien k\u00e4sittelyyn.<\/li>\n<li><strong>Erilaisia \u200b\u200btyyppej\u00e4:<\/strong> Saatavilla yksitoimisina (k\u00e4ytt\u00e4\u00e4 hydraulipainetta yhteen suuntaan) tai kaksitoimisina (k\u00e4ytt\u00e4\u00e4 hydraulipainetta molempiin suuntiin) sylinterein\u00e4 erilaisiin k\u00e4ytt\u00f6tarpeisiin. Jotkut mallit ovat teleskooppisia, mik\u00e4 mahdollistaa suuremman jatkeen ilman ulkomittojen kasvua, mik\u00e4 sopii erinomaisesti ahtaisiin sovelluksiin.<\/li>\n<\/ul>\n<p>Tuotteemme voi t\u00e4ydellisesti korvata n\u00e4m\u00e4 hydraulisylinterit.<\/p>\n<p><img decoding=\"async\" src=\"https:\/\/www.hydraulic-cylinders.net\/wp-content\/uploads\/2025\/04\/songte-cylinder-head-with-all-kinds-excavator-models.webp\" alt=\"Kaivinkoneen hydraulisylinteri\"><\/p>\n<h2>Sovellusskenaariot<\/h2>\n<h3>Rakennuslaitteet<\/h3>\n<p>Kaivinkoneissa puomin sylinterit ovat elint\u00e4rkeit\u00e4 maan tai roskien tehokkaaseen kaivamiseen, lastaamiseen ja siirt\u00e4miseen. Niiden rakenne mahdollistaa kauhan liikkeen optimaalisen hallinnan, mik\u00e4 on olennaista tarkkuutta ja tehoa vaativissa teht\u00e4viss\u00e4. N\u00e4iden sylinterien monipuolisuus parantaa kaivinkoneen kyky\u00e4 suoriutua erilaisissa maastoissa ja olosuhteissa, mik\u00e4 tekee niist\u00e4 v\u00e4ltt\u00e4m\u00e4tt\u00f6mi\u00e4 rakennusprojekteissa.<\/p>\n<h3>Maatalouskoneet<\/h3>\n<p>Etukuormaajissa puomisylinterit helpottavat maaper\u00e4n, hein\u00e4n ja muiden materiaalien nostamista, kaivamista ja kuljetusta. Niiden kest\u00e4v\u00e4 rakenne varmistaa, ett\u00e4 ne pystyv\u00e4t k\u00e4sittelem\u00e4\u00e4n maatalousymp\u00e4rist\u00f6iss\u00e4 tyypillisesti esiintyvi\u00e4 raskaita kuormia, mik\u00e4 parantaa tuottavuutta ja tehokkuutta. Kyky k\u00e4sitell\u00e4 kuormaa tarkasti antaa kuljettajille mahdollisuuden suorittaa teht\u00e4vi\u00e4 tarkemmin ja turvallisemmin.<\/p>\n<h3>Kaivinkoneet<\/h3>\n<p>Kauhasylinterin ansiosta kauha tunkeutuu maaper\u00e4\u00e4n, mik\u00e4 mahdollistaa tehokkaan kaivuty\u00f6n. T\u00e4m\u00e4 ominaisuus on ratkaisevan t\u00e4rke\u00e4 erilaisissa kaivut\u00f6iss\u00e4, kuten ojituksessa ja tasauksessa. Sylinterin tuottama hydraulinen teho on v\u00e4ltt\u00e4m\u00e4t\u00f6nt\u00e4 vaaditun kaivusyvyyden saavuttamiseksi ja toiminnan tehokkuuden yll\u00e4pit\u00e4miseksi.<\/p>\n<h3>Kuormaajat<\/h3>\n<p>Etukuormaajissa n\u00e4m\u00e4 sylinterit auttavat materiaalien tehokkaassa nostamisessa ja tyhjent\u00e4misess\u00e4. Niiden teho ja luotettavuus varmistavat, ett\u00e4 k\u00e4ytt\u00e4j\u00e4t voivat suorittaa nostoteht\u00e4vi\u00e4 helposti, mik\u00e4 parantaa ty\u00f6maiden kokonaistuottavuutta. Kuorman tarkka hallinta on olennaista vuotojen v\u00e4ltt\u00e4miseksi ja turvallisuuden varmistamiseksi k\u00e4yt\u00f6n aikana.<\/p>\n<h2>Suunnittelun\u00e4k\u00f6kohdat ja valintakriteerit<\/h2>\n<h3>Kantavuus<\/h3>\n<p>Hydraulisylinterin kuormituskapasiteetti on ratkaiseva tekij\u00e4. Se m\u00e4\u00e4ritt\u00e4\u00e4 sylinterin nostaman tai ty\u00f6nt\u00e4m\u00e4n enimm\u00e4ispainon. Sopivan kuormituskapasiteetin omaavan sylinterin valitseminen varmistaa turvallisen k\u00e4yt\u00f6n ja pitk\u00e4n k\u00e4ytt\u00f6i\u00e4n. On t\u00e4rke\u00e4\u00e4 ottaa huomioon odotettavissa olevat kuormitukset laitteen k\u00e4yt\u00f6n aikana sylinterin vikaantumisen ja mahdollisten onnettomuuksien v\u00e4ltt\u00e4miseksi.<\/p>\n<h3>Tiivistys<\/h3>\n<p>Tehokas tiivistys on elint\u00e4rke\u00e4\u00e4 sylinterin hydraulisen paineen yll\u00e4pit\u00e4miseksi. Korkealaatuiset tiivisteet est\u00e4v\u00e4t hydraulinesteen vuotamisen, joka voi johtaa suorituskyvyn heikkenemiseen ja ymp\u00e4rist\u00f6vaaroihin. Tiivistysmateriaalien, kuten polyuretaanin tai nitriilikumin, valinta vaikuttaa merkitt\u00e4v\u00e4sti hydraulisylinterin pitk\u00e4ik\u00e4isyyteen ja luotettavuuteen, joten se on keskeinen suunnittelukriteeri.<\/p>\n<h3>Kest\u00e4vyys<\/h3>\n<p>Kest\u00e4vyydell\u00e4 tarkoitetaan hydraulisylinterin kyky\u00e4 kest\u00e4\u00e4 kulumista ajan kuluessa. Materiaalivalinnat, suunnittelu ja ymp\u00e4rist\u00f6nkest\u00e4vyys vaikuttavat kokonaiskest\u00e4vyyteen. Kest\u00e4v\u00e4 sylinteri minimoi yll\u00e4pitokustannukset ja seisokkiajat varmistaen tasaisen suorituskyvyn ja turvallisuuden vaativissa sovelluksissa.<\/p>\n<h3>Turvallisuus<\/h3>\n<p>Turvaominaisuudet ovat v\u00e4ltt\u00e4m\u00e4tt\u00f6mi\u00e4 hydraulisylinterien suunnittelussa. N\u00e4ihin kuuluvat ylikuormitussuojan, paineenalennusmekanismien ja kest\u00e4v\u00e4n rakenteen huomioon ottaminen katastrofaalisten vikojen est\u00e4miseksi. Noudattamalla turvallisuusstandardeja ja sis\u00e4llytt\u00e4m\u00e4ll\u00e4 turvaominaisuuksia valmistajat voivat parantaa hydraulisylinterien k\u00e4ytt\u00f6turvallisuutta erilaisissa sovelluksissa.<\/p>\n<h3>Huolto<\/h3>\n<p>Kunnossapitoon liittyvi\u00e4 n\u00e4k\u00f6kohtia ovat helppo p\u00e4\u00e4sy tarkastuksia ja voitelupisteit\u00e4 varten sek\u00e4 kuluneiden osien helppo vaihtomahdollisuus. Hyvin suunniteltu hydraulisylinteri yksinkertaistaa kunnossapitoprosesseja, v\u00e4hent\u00e4\u00e4 seisokkiaikoja ja varmistaa pitk\u00e4n aikav\u00e4lin toiminnan tehokkuuden. Tekij\u00e4t, kuten modulaarinen rakenne ja standardoidut komponentit, edist\u00e4v\u00e4t kunnossapitok\u00e4yt\u00e4nt\u00f6jen parantamista.<\/p>\n<p><img decoding=\"async\" src=\"https:\/\/www.hydraulic-cylinders.net\/wp-content\/uploads\/2025\/04\/songte-oil-pipes-and-spare-parts.webp\" alt=\"Hydraulisylinterin osat\"><\/p>\n<h2>Sylinterin tiivistys ja voitelu<\/h2>\n<p>Erilaisten tiivistekomponenttien, kuten m\u00e4nn\u00e4ntiivisteiden ja varren tiivisteiden, k\u00e4ytt\u00f6 on v\u00e4ltt\u00e4m\u00e4t\u00f6nt\u00e4 hydrauliikan moitteettoman toiminnan kannalta. Kulutusta kest\u00e4vist\u00e4 materiaaleista, kuten polyuretaanista ja nitriilikumista, valmistettujen tiivisteiden valinta parantaa kest\u00e4vyytt\u00e4 ja suorituskyky\u00e4. Sylinterin runko ja kierteitetyt p\u00e4\u00e4typinnat koneistetaan tarkasti kulutuskest\u00e4vyyden parantamiseksi, mik\u00e4 varmistaa tiiviin tiivistyksen ja minimoi nestevuodot. S\u00e4\u00e4nn\u00f6llinen voitelu sopivalla hydrauli\u00f6ljyll\u00e4 on ratkaisevan t\u00e4rke\u00e4\u00e4 optimaalisen toiminnan yll\u00e4pit\u00e4miseksi ja liikkuvien osien kulumisen est\u00e4miseksi.<\/p>\n<h2>S\u00e4\u00e4nn\u00f6lliset tarkastukset ja ennaltaehk\u00e4isev\u00e4t huoltotoimenpiteet<\/h2>\n<ul>\n<li><strong>Silm\u00e4m\u00e4\u00e4r\u00e4inen tarkastus:<\/strong> Tarkista s\u00e4\u00e4nn\u00f6llisesti hydraulisylinterin kulumisen, vaurioiden tai vuotojen merkit. Ongelmien varhainen havaitseminen voi est\u00e4\u00e4 kalliita korjauksia ja varmistaa toiminnan tehokkuuden.<\/li>\n<li><strong>Voitelu:<\/strong> Varmista, ett\u00e4 kaikki liikkuvat osat on voideltu riitt\u00e4v\u00e4sti kitkan v\u00e4hent\u00e4miseksi ja ennenaikaisen kulumisen est\u00e4miseksi. K\u00e4yt\u00e4 valmistajan suosittelemaa hydrauliikka\u00f6ljy\u00e4 optimaalisen suorituskyvyn saavuttamiseksi.<\/li>\n<li><strong>Tiivisteen vaihto:<\/strong> Tarkkaile tiivisteiden kuntoa ja vaihda ne tarvittaessa hydraulisen paineen yll\u00e4pit\u00e4miseksi ja vuotojen est\u00e4miseksi. S\u00e4\u00e4nn\u00f6llinen tiivisteiden vaihto on ratkaisevan t\u00e4rke\u00e4\u00e4 sylinterin pitk\u00e4ik\u00e4isyyden kannalta.<\/li>\n<\/ul>\n<h2>Asennusohjeet<\/h2>\n<p>Puomisylinterin oikea asennus on ratkaisevan t\u00e4rke\u00e4\u00e4 optimaalisen suorituskyvyn saavuttamiseksi. Aloita varmistamalla, ett\u00e4 kiinnitystelineet on kiinnitetty tukevasti ja kohdistettu oikein. K\u00e4yt\u00e4 sopivia asennustukia sylinterin vakauttamiseksi asennuksen aikana. On t\u00e4rke\u00e4\u00e4 noudattaa valmistajan ohjeita v\u00e4\u00e4nt\u00f6momentin asetuksista, jotta sylinteri ei vaurioidu. Asennuksen j\u00e4lkeen testaa hydraulij\u00e4rjestelm\u00e4 varmistaaksesi, ettei vuotoja ole ja ett\u00e4 sylinteri toimii sujuvasti. Tarkista s\u00e4\u00e4nn\u00f6llisesti kiinnitysosien kohdistus ja kireys jatkuvan suorituskyvyn varmistamiseksi.<\/p>\n<h2>Yleiset huoltoteht\u00e4v\u00e4t<\/h2>\n<ul>\n<li><strong>S\u00e4\u00e4nn\u00f6llinen tarkastus:<\/strong> Laadi s\u00e4\u00e4nn\u00f6llinen tarkastusaikataulu mahdollisten ongelmien tunnistamiseksi varhaisessa vaiheessa. Etsi merkkej\u00e4 kulumisesta, vuodoista ja linjausvirheist\u00e4. N\u00e4iden tekij\u00f6iden seuraaminen voi pident\u00e4\u00e4 hydraulisylinterin k\u00e4ytt\u00f6ik\u00e4\u00e4 merkitt\u00e4v\u00e4sti.<\/li>\n<li><strong>Oikea voitelu:<\/strong> Voitele kaikki liikkuvat osat s\u00e4\u00e4nn\u00f6llisesti sopivalla hydraulinesteell\u00e4 varmistaaksesi sujuvan toiminnan. Oikea voitelu v\u00e4hent\u00e4\u00e4 kitkaa ja kulumista, mik\u00e4 on ratkaisevan t\u00e4rke\u00e4\u00e4 hydraulij\u00e4rjestelm\u00e4n tehokkuuden yll\u00e4pit\u00e4miseksi.<\/li>\n<li><strong>Tiivisteen vaihto:<\/strong> Tarkista tiivisteit\u00e4 s\u00e4\u00e4nn\u00f6llisesti ja vaihda ne, kun kulumisen tai vaurioiden merkkej\u00e4 ilmenee. Korkealaatuisten tiivisteiden k\u00e4ytt\u00f6 ja valmistajan ohjeiden noudattaminen voivat est\u00e4\u00e4 vuotoja ja yll\u00e4pit\u00e4\u00e4 hydraulipainetta.<\/li>\n<\/ul>\n<h2>Turvallisuusn\u00e4k\u00f6kohdat ja ymp\u00e4rist\u00f6tekij\u00e4t<\/h2>\n<p>Turvatoimenpiteet ovat ratkaisevan t\u00e4rkeit\u00e4 hydraulisylintereit\u00e4 k\u00e4ytett\u00e4ess\u00e4. K\u00e4ytt\u00e4jien on noudatettava turvallisuusprotokollia, kuten suojavarusteiden k\u00e4ytt\u00f6\u00e4 ja hydraulij\u00e4rjestelm\u00e4n paineettomuuden varmistamista ennen huoltoa. Lis\u00e4ksi ymp\u00e4rist\u00f6tekij\u00f6iden, kuten l\u00e4mp\u00f6tilan ja kosteuden, huomioiminen voi auttaa ehk\u00e4isem\u00e4\u00e4n hydraulinesteen suorituskykyyn ja sylinterin eheyteen liittyvi\u00e4 ongelmia.<\/p>\n<h2>Vianm\u00e4\u00e4ritys ja yleiset ongelmat<\/h2>\n<ul>\n<li><strong>Alhainen suorituskyky:<\/strong> T\u00e4m\u00e4 voi johtua riitt\u00e4m\u00e4tt\u00f6m\u00e4st\u00e4 hydraulinesteen m\u00e4\u00e4r\u00e4st\u00e4 tai j\u00e4rjestelm\u00e4n vuodoista. Tarkista nestetasot ja tarkista, onko vuotoja, ongelman ratkaisemiseksi.<\/li>\n<li><strong>Tiivisteiden viat:<\/strong> Vuotavan nesteen merkit voivat viitata tiivisteiden kulumiseen. Tarkista tiivisteet s\u00e4\u00e4nn\u00f6llisesti ja vaihda ne tarvittaessa sylinterin suorituskyvyn yll\u00e4pit\u00e4miseksi.<\/li>\n<li><strong>Melu k\u00e4yt\u00f6n aikana:<\/strong> Liiallinen melu voi olla merkki kavitaatiosta tai ilmasta hydraulinesteess\u00e4. Ilmaa j\u00e4rjestelm\u00e4 poistaaksesi loukkuun j\u00e4\u00e4neen ilman ja varmistaaksesi optimaalisen toiminnan.<\/li>\n<\/ul>\n<h2>Vianm\u00e4\u00e4ritysvinkkej\u00e4 ja -ratkaisuja<\/h2>\n<p>Hydraulisylinterin ongelmien tehokkaaksi diagnosoimiseksi ja ratkaisemiseksi k\u00e4ytt\u00e4jien tulee pit\u00e4\u00e4 yksityiskohtaista lokia suorituskyvyst\u00e4 ja huoltotoimista. S\u00e4\u00e4nn\u00f6llinen hydraulinesteen tasojen tarkistaminen, vuotojen tarkastus ja oikean kohdistuksen varmistaminen voivat auttaa ehk\u00e4isem\u00e4\u00e4n monia yleisi\u00e4 ongelmia. On suositeltavaa tutustua valmistajan ohjeisiin tiettyjen ongelmien vianm\u00e4\u00e4rityksess\u00e4 ja toteuttaa ennaltaehk\u00e4isevi\u00e4 toimenpiteit\u00e4 ennakoivasti.<\/p>\n<p><img decoding=\"async\" src=\"https:\/\/www.hydraulic-cylinders.net\/wp-content\/uploads\/2025\/04\/songte-bushings-with-all-kinds-of-excavator-models.webp\" alt=\"Kaivinkoneen osat\"><\/p>\n<h2>Yrityksen yleiskatsaus<\/h2>\n<p>Olemme johtava hydraulisten sylinterien valmistaja ja tukkumyyj\u00e4, joka on erikoistunut korkealaatuisten vaihtoehtojen tuottamiseen erilaisiin sovelluksiin. Laaja tuotevalikoimamme on tehnyt meist\u00e4 merkitt\u00e4v\u00e4n toimijan sek\u00e4 kotimaisilla ett\u00e4 kansainv\u00e4lisill\u00e4 markkinoilla. Noudatamme erinomaisuuden periaatteita laadussa hy\u00f6dynt\u00e4en hienostuneita valmistusstrategioita ja edistynytt\u00e4 teknologiaa. Taitava ty\u00f6voimamme yhdistettyn\u00e4 huippuluokan digitaalisiin valmistuslaitteisiin ja ammattimaisiin testausj\u00e4rjestelmiin parantaa jatkuvasti tuotantokapasiteettiamme. Sitoutumalla korkeaan tehokkuuteen, tarkkuuteen ja laatuun vastaamme monipuolisiin asiakastarpeisiin r\u00e4\u00e4t\u00e4l\u00f6ityjen ratkaisujen avulla.<\/p>\n<p><img decoding=\"async\" src=\"https:\/\/www.hydraulic-cylinders.net\/wp-content\/uploads\/2025\/04\/songte-company-4.webp\" alt=\"Yritysvalmistus\"><br \/>\n<img decoding=\"async\" src=\"https:\/\/www.hydraulic-cylinders.net\/wp-content\/uploads\/2025\/04\/songte-company-3.webp\" alt=\"Yrityksen tilat\"><\/p>\n<p>Kirjoittaja: lyl<\/p>","protected":false},"excerpt":{"rendered":"<p>Boom Cylinder For Kato Small Excavator HD512 Product Overview The Boom Cylinder for the Kato Small Excavator HD512 is a specialized hydraulic cylinder designed to control the movement of the bucket on various heavy machinery, including excavators, backhoe loaders, and front-end loaders. These cylinders enable the bucket to lift, lower, and tilt, facilitating material handling [&hellip;]<\/p>","protected":false},"featured_media":17871,"comment_status":"open","ping_status":"closed","template":"","meta":{"_et_pb_use_builder":"","_et_pb_old_content":"","_et_gb_content_width":""},"product_brand":[],"product_cat":[1546],"product_tag":[1547,1496],"class_list":{"0":"post-19743","1":"product","2":"type-product","3":"status-publish","4":"has-post-thumbnail","6":"product_cat-boom-cylinders","7":"product_tag-boom-cylinders","8":"product_tag-hydraulic-cylinders","10":"first","11":"instock","12":"shipping-taxable","13":"product-type-simple"},"amp_enabled":true,"_links":{"self":[{"href":"https:\/\/www.hydraulic-cylinders.net\/fi\/wp-json\/wp\/v2\/product\/19743","targetHints":{"allow":["GET"]}}],"collection":[{"href":"https:\/\/www.hydraulic-cylinders.net\/fi\/wp-json\/wp\/v2\/product"}],"about":[{"href":"https:\/\/www.hydraulic-cylinders.net\/fi\/wp-json\/wp\/v2\/types\/product"}],"replies":[{"embeddable":true,"href":"https:\/\/www.hydraulic-cylinders.net\/fi\/wp-json\/wp\/v2\/comments?post=19743"}],"wp:featuredmedia":[{"embeddable":true,"href":"https:\/\/www.hydraulic-cylinders.net\/fi\/wp-json\/wp\/v2\/media\/17871"}],"wp:attachment":[{"href":"https:\/\/www.hydraulic-cylinders.net\/fi\/wp-json\/wp\/v2\/media?parent=19743"}],"wp:term":[{"taxonomy":"product_brand","embeddable":true,"href":"https:\/\/www.hydraulic-cylinders.net\/fi\/wp-json\/wp\/v2\/product_brand?post=19743"},{"taxonomy":"product_cat","embeddable":true,"href":"https:\/\/www.hydraulic-cylinders.net\/fi\/wp-json\/wp\/v2\/product_cat?post=19743"},{"taxonomy":"product_tag","embeddable":true,"href":"https:\/\/www.hydraulic-cylinders.net\/fi\/wp-json\/wp\/v2\/product_tag?post=19743"}],"curies":[{"name":"wp","href":"https:\/\/api.w.org\/{rel}","templated":true}]}}