{"id":19747,"date":"2025-04-07T07:05:24","date_gmt":"2025-04-07T07:05:24","guid":{"rendered":"https:\/\/www.hydraulic-cylinders.net\/product\/boom-cylinder-for-kato-small-excavator-hd1220\/"},"modified":"2025-04-07T07:05:26","modified_gmt":"2025-04-07T07:05:26","slug":"boom-cylinder-for-kato-small-excavator-hd1220","status":"publish","type":"product","link":"https:\/\/www.hydraulic-cylinders.net\/fi\/tuote\/boom-cylinder-for-kato-small-excavator-hd1220\/","title":{"rendered":"Puomin sylinteri Kato Small Kaivinkone HD1220:lle"},"content":{"rendered":"<h1>Puomin sylinteri Kato Small Kaivinkone HD1220:lle<\/h1>\n<h2>Tuotteen yleiskatsaus<\/h2>\n<p>Kato Small Excavator HD1220 -kaivukoneen puomin sylinteri on erikoishydraulisylinteri, joka on suunniteltu ohjaamaan puomin liikett\u00e4 erilaisissa raskaissa koneissa, erityisesti kaivinkoneissa. N\u00e4ill\u00e4 sylintereill\u00e4 on ratkaiseva rooli hydraulij\u00e4rjestelmiss\u00e4, sill\u00e4 ne mahdollistavat kaivukoneen puomin tehokkaan nostamisen, laskemisen ja kallistuksen. Puomin sylinterin toimivuus on olennaista tehokkaan materiaalink\u00e4sittelyn kannalta, sill\u00e4 se mahdollistaa kuljettajille teht\u00e4vien, kuten kaivamisen, raskaiden kuormien nostamisen ja lis\u00e4laitteiden tarkan sijoittelun.<\/p>\n<p>Hydraulisylinterin\u00e4 puomin sylinteri on suunniteltu kest\u00e4m\u00e4\u00e4n merkitt\u00e4vi\u00e4 paineita ja raskaita kuormia, mik\u00e4 tekee siit\u00e4 v\u00e4ltt\u00e4m\u00e4tt\u00f6m\u00e4n rakennus- ja kaivuut\u00f6iss\u00e4. Sen rakenne varmistaa, ett\u00e4 kaivinkone voi toimia sujuvasti ja tehokkaasti erilaisissa ymp\u00e4rist\u00f6iss\u00e4, tarjoten tarvittavan tehon ja hallinnan vaativiin teht\u00e4viin.<\/p>\n<p><img decoding=\"async\" src=\"https:\/\/www.hydraulic-cylinders.net\/wp-content\/uploads\/2025\/04\/songte-company-1.webp\" alt=\"Kaivinkoneen puomin sylinteri\" \/><\/p>\n<h2>Puomin sylinterin ominaisuudet<\/h2>\n<ul>\n<li><strong>Korkea lujuus ja kest\u00e4vyys:<\/strong> N\u00e4m\u00e4 sylinterit on valmistettu eritt\u00e4in lujasta ter\u00e4ksest\u00e4 tai alumiinista, ja ne kest\u00e4v\u00e4t korkeaa painetta ja raskaita kuormia, joten ne sopivat vaativiin ty\u00f6olosuhteisiin. Suunnittelussa korostetaan kulutuskest\u00e4vyytt\u00e4 ja korroosionkest\u00e4vyytt\u00e4, mik\u00e4 pident\u00e4\u00e4 sylinterin k\u00e4ytt\u00f6ik\u00e4\u00e4.<\/li>\n<li><strong>Tehokas hydraulinen k\u00e4ytt\u00f6:<\/strong> Puomin sylinteri hy\u00f6dynt\u00e4\u00e4 hydrauli\u00f6ljyn painetta sujuvan pidennyksen ja sis\u00e4\u00e4nvedon aikaansaamiseksi, mik\u00e4 tarjoaa nopean vasteen ohjauskomentoihin ja tehokkaan ty\u00f6nt\u00f6- ja vetovoiman, mik\u00e4 sopii erinomaisesti raskaiden ja monimutkaisten teht\u00e4vien k\u00e4sittelyyn.<\/li>\n<li><strong>Erilaisia \u200b\u200btyyppej\u00e4:<\/strong> Saatavilla sek\u00e4 yksitoimisina (hydraulinen voima yhteen suuntaan) ett\u00e4 kaksitoimisina (hydraulinen voima molempiin suuntiin) malleina, jotka vastaavat erilaisiin k\u00e4ytt\u00f6tarpeisiin. Joissakin malleissa on teleskooppirakenteiset mallit, jotka mahdollistavat suuremman jatkeen ilman ulkomittojen kasvua, mik\u00e4 sopii ahtaisiin k\u00e4ytt\u00f6tarkoituksiin.<\/li>\n<li><strong>Mukautettu valmistus:<\/strong> Yrityksemme pystyy tuottamaan t\u00e4t\u00e4 tuotetta, mik\u00e4 varmistaa, ett\u00e4 hydraulisylinterimme korvaavat t\u00e4ydellisesti olemassa olevat mallit ja tarjoavat saumattoman integroinnin erilaisiin kaivinkonej\u00e4rjestelmiin.<\/li>\n<li><strong>Kattava yhteensopivuus:<\/strong> Kato-kaivinkoneiden erityisvaatimuksia varten suunnitellut puomisylinterimme ovat yhteensopivia laajan valikoiman kaivinkonemalleja kanssa, mik\u00e4 varmistaa optimaalisen suorituskyvyn ja luotettavuuden.<\/li>\n<\/ul>\n<p><img decoding=\"async\" src=\"https:\/\/www.hydraulic-cylinders.net\/wp-content\/uploads\/2025\/04\/songte-cylinder-head-with-all-kinds-excavator-models.webp\" alt=\"Kaivinkonemallien yhteensopivuus\" \/><\/p>\n<h2>Puomisylinterin sovellukset<\/h2>\n<h3>Rakennuslaitteet<\/h3>\n<p>Rakennuskoneissa puomin sylinteri on elint\u00e4rke\u00e4 kaivinkoneille, koska se mahdollistaa maan tai roskien kaivamisen, lastaamisen ja siirt\u00e4misen. Puomin sylinterin kyky hallita puomin liikett\u00e4 tarkasti on olennaista teht\u00e4vien tehokkaan ja turvallisen suorittamisen kannalta, varmistaen, ett\u00e4 materiaalit voidaan kaivaa ja kuljettaa nopeasti.<\/p>\n<h3>Maatalouskoneet<\/h3>\n<p>Etukuormaajissa puomin sylinterit helpottavat maaper\u00e4n, hein\u00e4n ja muiden materiaalien kaivamista, nostamista ja kuljetusta. Hydraulij\u00e4rjestelm\u00e4 mahdollistaa saumattoman toiminnan ja tarjoaa tarvittavan voiman raskaiden kuormien tehokkaaseen k\u00e4sittelyyn, mik\u00e4 on ratkaisevan t\u00e4rke\u00e4\u00e4 maatalousymp\u00e4rist\u00f6iss\u00e4.<\/p>\n<h3>Kaivinkoneet<\/h3>\n<p>Kaivinkoneissa puomin sylinteri vastaa maaper\u00e4\u00e4n tunkeutumisesta, mik\u00e4 mahdollistaa tehokkaat kaivutoiminnot. Sen rakenne varmistaa optimaalisen suorituskyvyn, jolloin kuljettaja voi saavuttaa halutun syvyyden ja tarkkuuden ja samalla minimoida maaper\u00e4n h\u00e4iriintymisen.<\/p>\n<h3>Kuormaajat<\/h3>\n<p>Etukuormaajissa puomin sylinterit auttavat kuormien tehokkaassa nostamisessa ja tyhjent\u00e4misess\u00e4. N\u00e4iden sylinterien tuottama hydraulinen teho mahdollistaa nopeat nosto- ja kallistusliikkeet, mik\u00e4 helpottaa suurten materiaalim\u00e4\u00e4rien k\u00e4sittely\u00e4 ja parantaa kokonaistuottavuutta.<\/p>\n<h2>Suunnittelun\u00e4k\u00f6kohdat ja valintakriteerit<\/h2>\n<h3>Kantavuus<\/h3>\n<p>Puomisylinterin kuormituskapasiteetti on kriittinen suunnittelukriteeri. Sen on kestett\u00e4v\u00e4 k\u00e4sitelt\u00e4vien materiaalien paino vaarantamatta rakenteellista eheytt\u00e4. Suurikapasiteettiset sylinterit ovat v\u00e4ltt\u00e4m\u00e4tt\u00f6mi\u00e4 raskaita kuormia k\u00e4sitelt\u00e4ess\u00e4, ja niiden suunnittelussa on otettava huomioon k\u00e4yt\u00f6n aikana ilmenev\u00e4t dynaamiset voimat. Valmistajat suorittavat usein tiukkoja testej\u00e4 varmistaakseen, ett\u00e4 sylinterit toimivat odotetuissa k\u00e4ytt\u00f6olosuhteissa ilman vikoja.<\/p>\n<h3>Tiivistysmekanismi<\/h3>\n<p>Tehokas tiivistys on ratkaisevan t\u00e4rke\u00e4\u00e4 hydraulij\u00e4rjestelmiss\u00e4 vuotojen est\u00e4miseksi ja paineen yll\u00e4pit\u00e4miseksi. Tiivistemateriaalien, kuten polyuretaanin tai nitriilikumin, valinnalla on merkitt\u00e4v\u00e4 rooli sylinterin suorituskyvyss\u00e4 ja pitk\u00e4ik\u00e4isyydess\u00e4. Oikeat tiivisteet varmistavat, ett\u00e4 hydraulineste pysyy sylinterin sis\u00e4ll\u00e4, mik\u00e4 mahdollistaa tehokkaan toiminnan ja minimoi huoltotarpeet.<\/p>\n<h3>Kest\u00e4vyys<\/h3>\n<p>Kest\u00e4vyys on keskeinen tekij\u00e4 puomisylinterien suunnittelussa. Ne altistuvat usein ankarille olosuhteille, kuten \u00e4\u00e4rimm\u00e4isille l\u00e4mp\u00f6tiloille ja hankaaville materiaaleille. Eritt\u00e4in lujien materiaalien ja edistyneiden pinnoitteiden k\u00e4ytt\u00f6 voi parantaa merkitt\u00e4v\u00e4sti n\u00e4iden sylinterien kest\u00e4vyytt\u00e4, mik\u00e4 tekee niist\u00e4 sopivia pitk\u00e4aikaiseen k\u00e4ytt\u00f6\u00f6n vaativissa ymp\u00e4rist\u00f6iss\u00e4.<\/p>\n<h3>Turvaominaisuudet<\/h3>\n<p>Turvallisuus on hydraulisylinterien suunnittelussa ensiarvoisen t\u00e4rke\u00e4\u00e4. Paineenalennusventtiilien ja turvalukkojen kaltaiset ominaisuudet voivat est\u00e4\u00e4 \u00e4killisten painepiikkien tai vahingossa tapahtuvan vapautumisen aiheuttamat onnettomuudet. Valmistajien on noudatettava turvallisuusstandardeja ja -m\u00e4\u00e4r\u00e4yksi\u00e4 varmistaakseen, ett\u00e4 heid\u00e4n tuotteensa ovat turvallisia k\u00e4ytt\u00e4jille ja ymp\u00e4rill\u00e4 olevalle henkil\u00f6st\u00f6lle.<\/p>\n<h3>Yll\u00e4pidett\u00e4vyys<\/h3>\n<p>Helppohuolto on toinen t\u00e4rke\u00e4 suunnittelukriteeri. Puomisylinterit tulee suunnitella helppok\u00e4ytt\u00f6isyytt\u00e4 silm\u00e4ll\u00e4 pit\u00e4en, jotta komponentit voidaan helposti tarkastaa, vaihtaa ja korjata. S\u00e4\u00e4nn\u00f6llinen huolto voi pident\u00e4\u00e4 sylinterin k\u00e4ytt\u00f6ik\u00e4\u00e4 merkitt\u00e4v\u00e4sti, ja valmistajat tarjoavat usein ohjeita, jotka auttavat k\u00e4ytt\u00e4ji\u00e4 laitteiden tehokkaassa kunnossapidossa.<\/p>\n<p><img decoding=\"async\" src=\"https:\/\/www.hydraulic-cylinders.net\/wp-content\/uploads\/2025\/04\/songte-oil-pipes-and-spare-parts.webp\" alt=\"Hydrauliset osat ja huolto\" \/><\/p>\n<h2>Tiivistys ja voitelu<\/h2>\n<p>Puomisylinterien tiivistys ja voitelu ovat v\u00e4ltt\u00e4m\u00e4tt\u00f6mi\u00e4 niiden tehokkaan toiminnan kannalta. Sylinterin eheyden yll\u00e4pit\u00e4miseksi k\u00e4ytet\u00e4\u00e4n erilaisia \u200b\u200btiivistyselementtej\u00e4, kuten m\u00e4nn\u00e4ntiivisteit\u00e4 ja varren tiivisteit\u00e4. Kest\u00e4vist\u00e4 materiaaleista, kuten polyuretaanista ja nitriilikumista, valmistetut tiivisteet valitaan niiden kulutuskest\u00e4vyyden ja pitk\u00e4n k\u00e4ytt\u00f6i\u00e4n perusteella. Sylinterin runko ja kierteitetyt p\u00e4\u00e4t koneistetaan tarkasti niiden kulutuskest\u00e4vyyden parantamiseksi, mik\u00e4 parantaa suorituskyky\u00e4 k\u00e4ytt\u00f6olosuhteissa.<\/p>\n<p>S\u00e4\u00e4nn\u00f6llinen hydrauli\u00f6ljyvoitelu on ratkaisevan t\u00e4rke\u00e4\u00e4 sujuvan toiminnan varmistamiseksi ja sis\u00e4isen kulumisen est\u00e4miseksi. K\u00e4ytt\u00e4jien tulee noudattaa huolto-ohjelmaa, johon kuuluu hydrauli\u00f6ljyn m\u00e4\u00e4r\u00e4n tarkistaminen ja lis\u00e4\u00e4minen toimintah\u00e4iri\u00f6iden v\u00e4ltt\u00e4miseksi.<\/p>\n<h2>Ennaltaehk\u00e4isev\u00e4t huoltotoimenpiteet<\/h2>\n<ul>\n<li><strong>S\u00e4\u00e4nn\u00f6lliset tarkastukset:<\/strong> Tee puomin sylinterille rutiinitarkastuksia kulumisen, vaurioiden tai vuotojen varalta. Varhainen havaitseminen voi est\u00e4\u00e4 vakavat viat.<\/li>\n<li><strong>Oikea voitelu:<\/strong> Varmista, ett\u00e4 sylinteri on riitt\u00e4v\u00e4sti voideltu kitkan ja kulumisen minimoimiseksi. K\u00e4yt\u00e4 suositeltua hydrauliikka\u00f6ljy\u00e4 ja pid\u00e4 \u00f6ljytaso optimaalisena.<\/li>\n<li><strong>Tiivisteen vaihto:<\/strong> Tarkkaile tiivisteiden kulumista ja vaihda ne tarvittaessa vuotojen est\u00e4miseksi ja hydraulipaineen yll\u00e4pit\u00e4miseksi.<\/li>\n<\/ul>\n<h2>Asennusohjeet<\/h2>\n<p>Kato Small Excavator HD1220 -puomisylinterin asentaminen vaatii tarkkuutta ja huolellisuutta optimaalisen suorituskyvyn varmistamiseksi. Aloita varmistamalla, ett\u00e4 kaivinkoneen kiinnityspisteet ovat puhtaat ja roskattomat. Kohdista sylinteri oikein, jotta v\u00e4ltyt\u00e4\u00e4n virhekohdistuksilta k\u00e4yt\u00f6n aikana. On suositeltavaa k\u00e4ytt\u00e4\u00e4 sopivia kiinnitystelineit\u00e4 sylinterin kiinnitt\u00e4miseksi tukevasti paikalleen.<\/p>\n<p>Ennen asennuksen viimeistely\u00e4 tarkista, ett\u00e4 kaikki liit\u00e4nn\u00e4t ovat tiukat ja ett\u00e4 hydrauliikkaletkut on kiinnitetty oikein vuotojen est\u00e4miseksi. Asennuksen j\u00e4lkeen testaa sylinteri kuormitettuna varmistaaksesi, ett\u00e4 se toimii sujuvasti ja ongelmitta. Noudata valmistajan asennusohjeita turvallisuuden ja luotettavuuden varmistamiseksi.<\/p>\n<h2>Yleiset huoltoteht\u00e4v\u00e4t<\/h2>\n<h3>S\u00e4\u00e4nn\u00f6lliset tarkastukset<\/h3>\n<p>Puomisylinterin s\u00e4\u00e4nn\u00f6lliset tarkastukset ovat elint\u00e4rkeit\u00e4 mahdollisten ongelmien tunnistamiseksi ennen niiden pahenemista. Tarkista kulumisen tai vaurioiden merkit ja varmista, ett\u00e4 kaikki komponentit toimivat oikein. S\u00e4\u00e4nn\u00f6lliset tarkastukset auttavat yll\u00e4pit\u00e4m\u00e4\u00e4n sylinterin toimintatehokkuutta.<\/p>\n<h3>Oikea voitelu<\/h3>\n<p>Voitelu on ratkaisevan t\u00e4rke\u00e4\u00e4 hydraulij\u00e4rjestelm\u00e4n kitkan ja kulumisen v\u00e4hent\u00e4miseksi. Tarkista hydrauliikka\u00f6ljyn tasot s\u00e4\u00e4nn\u00f6llisesti ja lis\u00e4\u00e4 tarvittaessa varmistaaksesi sujuvan toiminnan. Voitelun laiminly\u00f6nti voi johtaa ennenaikaiseen kulumiseen ja komponenttien vikaantumiseen.<\/p>\n<h3>Tiivisteiden vaihto ja kalibrointitarkastukset<\/h3>\n<p>Tiivisteet tulee tarkastaa s\u00e4\u00e4nn\u00f6llisesti ja vaihtaa tarvittaessa hydraulinesteen vuotojen est\u00e4miseksi. Kalibrointitarkastukset ovat v\u00e4ltt\u00e4m\u00e4tt\u00f6mi\u00e4 sen varmistamiseksi, ett\u00e4 sylinteri toimii m\u00e4\u00e4riteltyjen parametrien puitteissa. Oikein kalibroidut j\u00e4rjestelm\u00e4t takaavat luotettavan toiminnan ja minimoivat toimintah\u00e4iri\u00f6iden riskin.<\/p>\n<p><img decoding=\"async\" src=\"https:\/\/www.hydraulic-cylinders.net\/wp-content\/uploads\/2025\/04\/songte-chushion-collar.webp\" alt=\"Sylinterin asennus ja huolto\" \/><\/p>\n<h2>Turvallisuusn\u00e4k\u00f6kohdat ja ymp\u00e4rist\u00f6tekij\u00e4t<\/h2>\n<p>Hydraulisylintereit\u00e4 k\u00e4ytett\u00e4ess\u00e4 on t\u00e4rke\u00e4\u00e4 noudattaa turvatoimenpiteit\u00e4 onnettomuuksien ja vammojen v\u00e4ltt\u00e4miseksi. Varmista aina, ett\u00e4 laitteet ovat asianmukaisesti huollettuja ja ett\u00e4 k\u00e4ytt\u00e4j\u00e4t ovat koulutettuja turvallisiin k\u00e4sittelytapoihin. Ymp\u00e4rist\u00f6tekij\u00e4t, kuten altistuminen ankarille s\u00e4\u00e4olosuhteille tai sy\u00f6vytt\u00e4ville aineille, on my\u00f6s otettava huomioon k\u00e4yt\u00f6n ja huollon aikana laitteiden pitk\u00e4ik\u00e4isyyden varmistamiseksi.<\/p>\n<h2>Vianm\u00e4\u00e4ritys ja yleiset ongelmat<\/h2>\n<ul>\n<li><strong>Vuoto:<\/strong> Jos huomaat hydraulinestett\u00e4 vuotavan sylinterist\u00e4, tarkista tiivisteet ja liitokset. Vaihda kuluneet tiivisteet ja kirist\u00e4 l\u00f6ys\u00e4t liitokset.<\/li>\n<li><strong>Hidas toiminta:<\/strong> Jos sylinteri reagoi hitaasti, tarkista hydraulinesteen tasot ja varmista, ettei hydrauliletkuissa ole tukoksia.<\/li>\n<li><strong>Ep\u00e4tavalliset \u00e4\u00e4net:<\/strong> Oudot \u00e4\u00e4net k\u00e4yt\u00f6n aikana voivat viitata sis\u00e4isiin vaurioihin. Lopeta k\u00e4ytt\u00f6 v\u00e4litt\u00f6m\u00e4sti ja suorita perusteellinen tarkastus.<\/li>\n<\/ul>\n<h2>Vianm\u00e4\u00e4ritysvinkkej\u00e4<\/h2>\n<p>Puomisylinterin ongelmien tehokas vianm\u00e4\u00e4ritys aloitetaan silm\u00e4m\u00e4\u00e4r\u00e4isell\u00e4 tarkastuksella, jolla havaitaan ilmeiset vaurioiden tai kulumisen merkit. S\u00e4\u00e4nn\u00f6llinen huolto ja ennaltaehk\u00e4isevien toimenpiteiden noudattaminen voivat v\u00e4hent\u00e4\u00e4 merkitt\u00e4v\u00e4sti ongelmien riski\u00e4. Jatkuvien ongelmien varalta tutustu valmistajan diagnostiikkamenetelmien teknisiin tietoihin ja \u00e4l\u00e4 ep\u00e4r\u00f6i ottaa yhteytt\u00e4 ammattilaisiin.<\/p>\n<p><img decoding=\"async\" src=\"https:\/\/www.hydraulic-cylinders.net\/wp-content\/uploads\/2025\/04\/songte-bushings-with-all-kinds-of-excavator-models.webp\" alt=\"Hydraulisylinterin vianm\u00e4\u00e4ritys\" \/><\/p>\n<h2>Tietoa yrityksest\u00e4mme<\/h2>\n<p>Olemme johtava hydraulisten sylinterien vaihto-osien valmistaja. Laaja tuotevalikoimamme on tehnyt meist\u00e4 yhden johtavista valmistajista ja tukkumyyjist\u00e4 sek\u00e4 kotimaisilla ett\u00e4 kansainv\u00e4lisill\u00e4 markkinoilla. Sitoutumisemme huippuosaamiseen n\u00e4kyy hienostuneissa tuotannonohjausstrategioissamme, jotka hy\u00f6dynt\u00e4v\u00e4t edistyneit\u00e4 valmistusteknologioita ja laadunvalvontaj\u00e4rjestelmi\u00e4.<\/p>\n<p>Ty\u00f6voimamme koostuu ammattitaitoisista ammattilaisista, jotka ovat omistautuneet innovaatioille ja laadulle varmistaen, ett\u00e4 t\u00e4yt\u00e4mme jatkuvasti monipuoliset asiakastarpeet. Keskittym\u00e4ll\u00e4 korkeaan tehokkuuteen, tarkkuuteen ja laatuun olemme valmiita tarjoamaan r\u00e4\u00e4t\u00e4l\u00f6ityj\u00e4 ratkaisuja, jotka parantavat toiminnan suorituskyky\u00e4.<\/p>\n<p><img decoding=\"async\" src=\"https:\/\/www.hydraulic-cylinders.net\/wp-content\/uploads\/2025\/04\/songte-company-4.webp\" alt=\"Yrityksen yleiskatsaus\" \/><br \/>\n<img decoding=\"async\" src=\"https:\/\/www.hydraulic-cylinders.net\/wp-content\/uploads\/2025\/04\/songte-company-3.webp\" alt=\"Tuotantolaitoksemme\" \/><\/p>\n<p>Kirjoittaja: lyl<\/p>","protected":false},"excerpt":{"rendered":"<p>Boom Cylinder For Kato Small Excavator HD1220 Product Overview The Boom Cylinder for Kato Small Excavator HD1220 is a specialized hydraulic cylinder designed to control the movement of the boom on various heavy machinery, particularly excavators. These cylinders play a critical role in hydraulic systems, allowing for the effective lifting, lowering, and tilting of the [&hellip;]<\/p>","protected":false},"featured_media":17875,"comment_status":"open","ping_status":"closed","template":"","meta":{"_et_pb_use_builder":"","_et_pb_old_content":"","_et_gb_content_width":""},"product_brand":[],"product_cat":[1546],"product_tag":[1547,1496],"class_list":{"0":"post-19747","1":"product","2":"type-product","3":"status-publish","4":"has-post-thumbnail","6":"product_cat-boom-cylinders","7":"product_tag-boom-cylinders","8":"product_tag-hydraulic-cylinders","10":"first","11":"instock","12":"shipping-taxable","13":"product-type-simple"},"amp_enabled":true,"_links":{"self":[{"href":"https:\/\/www.hydraulic-cylinders.net\/fi\/wp-json\/wp\/v2\/product\/19747","targetHints":{"allow":["GET"]}}],"collection":[{"href":"https:\/\/www.hydraulic-cylinders.net\/fi\/wp-json\/wp\/v2\/product"}],"about":[{"href":"https:\/\/www.hydraulic-cylinders.net\/fi\/wp-json\/wp\/v2\/types\/product"}],"replies":[{"embeddable":true,"href":"https:\/\/www.hydraulic-cylinders.net\/fi\/wp-json\/wp\/v2\/comments?post=19747"}],"wp:featuredmedia":[{"embeddable":true,"href":"https:\/\/www.hydraulic-cylinders.net\/fi\/wp-json\/wp\/v2\/media\/17875"}],"wp:attachment":[{"href":"https:\/\/www.hydraulic-cylinders.net\/fi\/wp-json\/wp\/v2\/media?parent=19747"}],"wp:term":[{"taxonomy":"product_brand","embeddable":true,"href":"https:\/\/www.hydraulic-cylinders.net\/fi\/wp-json\/wp\/v2\/product_brand?post=19747"},{"taxonomy":"product_cat","embeddable":true,"href":"https:\/\/www.hydraulic-cylinders.net\/fi\/wp-json\/wp\/v2\/product_cat?post=19747"},{"taxonomy":"product_tag","embeddable":true,"href":"https:\/\/www.hydraulic-cylinders.net\/fi\/wp-json\/wp\/v2\/product_tag?post=19747"}],"curies":[{"name":"wp","href":"https:\/\/api.w.org\/{rel}","templated":true}]}}