{"id":19749,"date":"2025-04-07T07:05:29","date_gmt":"2025-04-07T07:05:29","guid":{"rendered":"https:\/\/www.hydraulic-cylinders.net\/product\/boom-cylinder-for-kato-small-excavator-hd308r\/"},"modified":"2025-04-07T07:05:31","modified_gmt":"2025-04-07T07:05:31","slug":"boom-cylinder-for-kato-small-excavator-hd308r","status":"publish","type":"product","link":"https:\/\/www.hydraulic-cylinders.net\/fi\/tuote\/boom-cylinder-for-kato-small-excavator-hd308r\/","title":{"rendered":"Puomin sylinteri Kato-pienelle kaivinkoneelle HD308R"},"content":{"rendered":"<h1>Puomin sylinteri Kato-pienelle kaivinkoneelle HD308R<\/h1>\n<h2>Tuotteen yleiskatsaus<\/h2>\n<p>Kato Small Excavator HD308R -kaivukoneen puomin sylinteri on t\u00e4rke\u00e4 osa kaivinkoneiden hydrauliikkaj\u00e4rjestelm\u00e4\u00e4. T\u00e4m\u00e4 hydraulisylinteri on erityisesti suunniteltu ohjaamaan kauhan liikett\u00e4, mik\u00e4 mahdollistaa tehokkaan materiaalink\u00e4sittelyn. Se mahdollistaa kauhan nostamisen, laskemisen ja kallistumisen, mik\u00e4 tekee siit\u00e4 v\u00e4ltt\u00e4m\u00e4tt\u00f6m\u00e4n erilaisissa raskaissa koneissa, kuten kaivamisessa, lastaamisessa ja materiaalien kuljetuksessa.<\/p>\n<p><img decoding=\"async\" src=\"https:\/\/www.hydraulic-cylinders.net\/wp-content\/uploads\/2025\/04\/songte-company-1.webp\" alt=\"Puomin sylinteri toiminnassa\" \/><\/p>\n<h3>M\u00e4\u00e4ritelm\u00e4 ja toiminta<\/h3>\n<p>Kauhasylinteri, joka tunnetaan my\u00f6s puomisylinterin\u00e4, on er\u00e4\u00e4nlainen hydraulisylinteri, jota k\u00e4ytet\u00e4\u00e4n raskaissa koneissa, kuten kaivinkoneissa, traktorikaivureissa ja etukuormaajissa. Sill\u00e4 on keskeinen rooli n\u00e4iden koneiden hydraulij\u00e4rjestelmiss\u00e4, koska se muuntaa hydraulisen energian mekaaniseksi liikkeeksi. T\u00e4m\u00e4 prosessi mahdollistaa k\u00e4ytt\u00e4jien suorittaa monimutkaisia \u200b\u200bteht\u00e4vi\u00e4, kuten kaivamista ja nostamista, tarkasti ja hallitusti.<\/p>\n<p>Pohjimmiltaan kauhan sylinteri valjastaa hydrauli\u00f6ljyn luomaan voimaa, joka helpottaa kauhan liikett\u00e4. T\u00e4m\u00e4 toiminto on ratkaisevan t\u00e4rke\u00e4 rakennus- ja maataloust\u00f6iss\u00e4, sill\u00e4 se mahdollistaa tehokkaan toiminnan haastavissa ymp\u00e4rist\u00f6iss\u00e4. Puomisylinterin suunnittelussa korostetaan kest\u00e4vyytt\u00e4 ja suorituskyky\u00e4 varmistaen, ett\u00e4 se kest\u00e4\u00e4 raskaita kuormia ja vaikeita olosuhteita.<\/p>\n<h2>Puomin sylinterin ominaisuudet<\/h2>\n<ul>\n<li><strong>Korkea lujuus ja kest\u00e4vyys:<\/strong> T\u00e4m\u00e4 sylinteri on valmistettu eritt\u00e4in lujasta ter\u00e4ksest\u00e4 tai alumiinista, ja se on suunniteltu kest\u00e4m\u00e4\u00e4n korkeaa painetta ja raskaita kuormia, joten se sopii vaativiin ty\u00f6ymp\u00e4rist\u00f6ihin.<\/li>\n<li><strong>Tehokas hydraulinen k\u00e4ytt\u00f6:<\/strong> Sylinteri hy\u00f6dynt\u00e4\u00e4 hydrauli\u00f6ljyn painetta tasaisen ulos- ja sis\u00e4\u00e4nvet\u00e4ytymisen aikaansaamiseksi, mik\u00e4 mahdollistaa nopean reagoinnin k\u00e4ytt\u00e4j\u00e4n komentoihin ja tuottaa huomattavaa ty\u00f6nt\u00f6- ja vetovoimaa.<\/li>\n<li><strong>Erilaisia \u200b\u200btyyppej\u00e4:<\/strong> Saatavilla yksitoimisina (toimii yhteen suuntaan) tai kaksitoimisina (toimii molempiin suuntiin) kokoonpanoina, jotka vastaavat vaihteleviin k\u00e4ytt\u00f6vaatimuksiin. Joissakin malleissa on teleskooppirakenne, joka mahdollistaa suuremman jatkeen ilman ulkomittojen kasvua.<\/li>\n<\/ul>\n<h2>Tuotantokykymme<\/h2>\n<p>Olemme erikoistuneet korvaavien hydraulisylintereiden valmistukseen varmistaen, ett\u00e4 tuotteemme korvaavat t\u00e4ydellisesti markkinoilla olevat sylinterit.<\/p>\n<p><img decoding=\"async\" src=\"https:\/\/www.hydraulic-cylinders.net\/wp-content\/uploads\/2025\/04\/songte-cylinder-head-with-all-kinds-excavator-models.webp\" alt=\"Hydraulinen sylinteri kaivinkoneille\" \/><\/p>\n<h2>Sovellusskenaariot<\/h2>\n<h3>Rakennuslaitteet<\/h3>\n<p>Kaivinkoneissa puomisylinterit ovat elint\u00e4rkeit\u00e4 kaivamisessa, lastaamisessa ja maan tai roskien siirt\u00e4misess\u00e4. Ne tarjoavat tarvittavan lujuuden tunkeutuakseen maahan ja nostaakseen raskaita kuormia tehokkaasti. Kaivurikuormaajissa kauhan sylinteri ei ainoastaan \u200b\u200bauta kaivamisessa, vaan my\u00f6s materiaalien nostamisessa, mik\u00e4 parantaa koneen yleist\u00e4 tehokkuutta.<\/p>\n<h3>Maatalouskoneet<\/h3>\n<p>Etukuormaajissa puomisylintereit\u00e4 k\u00e4ytet\u00e4\u00e4n maan, hein\u00e4n ja muiden materiaalien kauhaamiseen, nostamiseen ja kuljettamiseen. Niiden kyky suorittaa raskaita nostoteht\u00e4vi\u00e4 tekee niist\u00e4 v\u00e4ltt\u00e4m\u00e4tt\u00f6mi\u00e4 maataloudessa, jossa materiaalin oikea-aikainen siirto on ratkaisevan t\u00e4rke\u00e4\u00e4 tuottavuuden kannalta.<\/p>\n<h3>Kaivinkoneet<\/h3>\n<p>Kaivinkoneissa k\u00e4ytet\u00e4\u00e4n puomisylintereit\u00e4 kaivuprosessin helpottamiseksi, koska kauha tunkeutuu tehokkaasti maaper\u00e4\u00e4n. T\u00e4m\u00e4 ominaisuus on olennainen useissa projekteissa, kuten maisemoinnissa, rakentamisessa ja infrastruktuurin kehitt\u00e4misess\u00e4.<\/p>\n<h3>Kuormaajat<\/h3>\n<p>Etukuormaajissa puomin sylinterit tukevat materiaalien tehokasta nostamista ja tyhjent\u00e4mist\u00e4. Hydraulinen toiminta mahdollistaa raskaiden kuormien helpon k\u00e4sittelyn, mik\u00e4 varmistaa sujuvan toiminnan rakennusty\u00f6mailla.<\/p>\n<h2>Suunnittelun\u00e4k\u00f6kohdat ja valintakriteerit<\/h2>\n<h3>Kantavuus<\/h3>\n<p>When selecting a boom cylinder, it&#8217;s important to consider its load capacity. The cylinder must be engineered to handle the maximum weight it will encounter during operation, which ensures safety and reliability. Overloading can lead to cylinder failure, jeopardizing both the machine and the operator.<\/p>\n<h3>Tiivistys ja kest\u00e4vyys<\/h3>\n<p>Tehokas tiivistys on ratkaisevan t\u00e4rke\u00e4\u00e4 hydraulisen paineen yll\u00e4pit\u00e4miseksi ja nestevuotojen est\u00e4miseksi. Kest\u00e4vist\u00e4 materiaaleista, kuten polyuretaanista tai nitriilikumista, valmistetut korkealaatuiset tiivisteet pident\u00e4v\u00e4t sylinterin k\u00e4ytt\u00f6ik\u00e4\u00e4. Lis\u00e4ksi sylinterin rungon ja kierteitettyjen p\u00e4iden pintak\u00e4sittelyll\u00e4 on merkitt\u00e4v\u00e4 rooli kulutuskest\u00e4vyydess\u00e4, mik\u00e4 osaltaan vaikuttaa kokonaiskest\u00e4vyyteen.<\/p>\n<h3>Turvaominaisuudet<\/h3>\n<p>Hydraulij\u00e4rjestelm\u00e4n turvallisuus riippuu asianmukaisesta suunnittelusta. Paineenalennusventtiilien kaltaiset ominaisuudet voivat est\u00e4\u00e4 ylipaineistuksen ja suojata sek\u00e4 laitteita ett\u00e4 k\u00e4ytt\u00e4ji\u00e4. S\u00e4\u00e4nn\u00f6llinen tarkastus ja huolto varmistavat, ett\u00e4 n\u00e4m\u00e4 turvaominaisuudet pysyv\u00e4t toimivina.<\/p>\n<p><img decoding=\"async\" src=\"https:\/\/www.hydraulic-cylinders.net\/wp-content\/uploads\/2025\/04\/songte-oil-pipes-and-spare-parts.webp\" alt=\"Hydrauliset komponentit\" \/><\/p>\n<h2>Tiivistys ja voitelu<\/h2>\n<p>Erilaisten tiivistekomponenttien, kuten m\u00e4nn\u00e4ntiivisteiden ja varren tiivisteiden, k\u00e4ytt\u00f6 on elint\u00e4rke\u00e4\u00e4 hydraulisylinterin eheyden yll\u00e4pit\u00e4miseksi. Tiivisteet tulisi valita niiden kulumiskest\u00e4vyyden ja hydraulinesteiden yhteensopivuuden perusteella. Sylinterin runko ja kierteitetyt p\u00e4\u00e4t k\u00e4sitell\u00e4\u00e4n hienos\u00e4\u00e4t\u00f6isesti kulumiskest\u00e4vyyden parantamiseksi, mik\u00e4 varmistaa pitk\u00e4ik\u00e4isyyden ja suorituskyvyn. S\u00e4\u00e4nn\u00f6llinen voitelu sopivalla hydrauli\u00f6ljyll\u00e4 on v\u00e4ltt\u00e4m\u00e4t\u00f6nt\u00e4 kitkan ja kulumisen minimoimiseksi, mik\u00e4 edist\u00e4\u00e4 tasaista toimintaa ja pident\u00e4\u00e4 k\u00e4ytt\u00f6ik\u00e4\u00e4.<\/p>\n<h2>Ennaltaehk\u00e4isev\u00e4t huoltotoimenpiteet<\/h2>\n<ul>\n<li><strong>S\u00e4\u00e4nn\u00f6lliset tarkastukset:<\/strong> Tee s\u00e4\u00e4nn\u00f6llisi\u00e4 tarkastuksia kulumisen ja vaurioiden havaitsemiseksi varhaisessa vaiheessa. T\u00e4m\u00e4 ennakoiva l\u00e4hestymistapa auttaa est\u00e4m\u00e4\u00e4n kalliita korjauksia ja seisokkeja.<\/li>\n<li><strong>Oikea voitelu:<\/strong> Varmista, ett\u00e4 hydrauliikka\u00f6ljyn m\u00e4\u00e4r\u00e4 on riitt\u00e4v\u00e4 ja ett\u00e4 voiteluaineita k\u00e4ytet\u00e4\u00e4n valmistajan ohjeiden mukaisesti optimaalisen suorituskyvyn yll\u00e4pit\u00e4miseksi.<\/li>\n<li><strong>Tiivisteen vaihto:<\/strong> Tarkkaile tiivisteiden kuntoa ja vaihda ne tarvittaessa vuotojen est\u00e4miseksi ja j\u00e4rjestelm\u00e4n paineen yll\u00e4pit\u00e4miseksi.<\/li>\n<\/ul>\n<h2>Asennusohjeet<\/h2>\n<p>Puomisylinterin asentaminen vaatii huolellista huomiota kohdistukseen ja turvalliseen kiinnitykseen. Seuraavia vaiheita tulee noudattaa:<\/p>\n<ul>\n<li>Varmista, ett\u00e4 sylinteri on oikein kohdistettu kiinnityspisteisiin, jotta v\u00e4ltyt\u00e4\u00e4n liialliselta rasitukselta.<\/li>\n<li>K\u00e4yt\u00e4 sopivia kiinnityskorvakkeita sylinterin kiinnitt\u00e4miseen paikalleen est\u00e4en sen liikkumisen k\u00e4yt\u00f6n aikana.<\/li>\n<li>Katso asennusoppaasta v\u00e4\u00e4nt\u00f6momentit ja kiristysohjeet varmistaaksesi tukevan asennuksen.<\/li>\n<li>Asennuksen j\u00e4lkeen testaa hydraulij\u00e4rjestelm\u00e4n toiminta ja tarkista vuodot ennen normaalin k\u00e4yt\u00f6n aloittamista.<\/li>\n<\/ul>\n<h2>Huoltoteht\u00e4v\u00e4t<\/h2>\n<h3>S\u00e4\u00e4nn\u00f6lliset tarkastukset<\/h3>\n<p>Rutiinitarkastukset ovat ratkaisevan t\u00e4rkeit\u00e4 mahdollisten ongelmien havaitsemiseksi varhaisessa vaiheessa. N\u00e4ihin kuuluvat hydraulinesteen vuotojen tarkistaminen, tiivisteiden kunnon arviointi ja kaikkien mekaanisten liitosten lujuuden varmistaminen. Kulumisen ja repe\u00e4misen tunnistaminen varhain voi est\u00e4\u00e4 suurempia ongelmia my\u00f6hemmin.<\/p>\n<h3>Oikea voitelu<\/h3>\n<p>Hydraulisylinterin asianmukainen voitelu on elint\u00e4rke\u00e4\u00e4 sen suorituskyvyn kannalta. Riitt\u00e4m\u00e4t\u00f6n voitelu voi johtaa lis\u00e4\u00e4ntyneeseen kulumiseen ja tehokkuuden heikkenemiseen. On suositeltavaa noudattaa valmistajan ohjeita voiteluv\u00e4leist\u00e4 ja k\u00e4ytett\u00e4v\u00e4st\u00e4 hydraulinesteest\u00e4.<\/p>\n<h3>Tiivisteen vaihto<\/h3>\n<p>Replacing seals at appropriate intervals is necessary to maintain the hydraulic system\u2019s integrity. Seals that are worn or damaged can lead to fluid leaks, compromising the system&#8217;s efficiency and safety. Regularly scheduled replacements can help mitigate this risk.<\/p>\n<p><img decoding=\"async\" src=\"https:\/\/www.hydraulic-cylinders.net\/wp-content\/uploads\/2025\/04\/songte-chushion-collar.webp\" alt=\"Sylinterien pehmustekaulus\" \/><\/p>\n<h2>Turvallisuusn\u00e4k\u00f6kohdat ja ymp\u00e4rist\u00f6tekij\u00e4t<\/h2>\n<p>Hydraulij\u00e4rjestelmi\u00e4 k\u00e4ytett\u00e4ess\u00e4 turvatoimenpiteet ovat ensiarvoisen t\u00e4rkeit\u00e4. K\u00e4ytt\u00e4jien on k\u00e4ytett\u00e4v\u00e4 asianmukaisia \u200b\u200bhenkil\u00f6nsuojaimia ja noudatettava turvallisuusprotokollia onnettomuuksien tai loukkaantumisten riskin minimoimiseksi. Lis\u00e4ksi on kiinnitett\u00e4v\u00e4 huomiota ymp\u00e4rist\u00f6n\u00e4k\u00f6kohtiin, kuten hydraulinesteiden asianmukaiseen h\u00e4vitt\u00e4miseen ja j\u00e4rjestelmien vuotamattomuuteen, kontaminaation est\u00e4miseksi.<\/p>\n<h2>Yleisten ongelmien vianm\u00e4\u00e4ritys<\/h2>\n<ul>\n<li><strong>Nestevuodot:<\/strong> Jos vuotoja havaitaan, tarkista tiivisteiden kuluminen ja vaihda ne tarvittaessa. Varmista, ett\u00e4 kaikki liitokset ovat tiukat.<\/li>\n<li><strong>Ep\u00e4johdonmukainen toiminta:<\/strong> T\u00e4m\u00e4 voi viitata hydrauliikka\u00f6ljyn tasoihin liittyv\u00e4\u00e4n ongelmaan tai j\u00e4rjestelm\u00e4ss\u00e4 olevaan ilmaan. Ilmaa j\u00e4rjestelm\u00e4 ja tarkista, ett\u00e4 nestetasot ovat oikeat.<\/li>\n<li><strong>Matala teho:<\/strong> Riitt\u00e4m\u00e4t\u00f6n hydraulinen teho voi johtua tukkeutuneesta suodattimesta tai alhaisista nestetasoista. Tarkista ja vaihda suodattimet tarvittaessa.<\/li>\n<\/ul>\n<h2>Vianm\u00e4\u00e4ritysvinkkej\u00e4<\/h2>\n<p>Ongelmien tehokkaaseen diagnosointiin ja korjaamiseen k\u00e4ytt\u00e4jien tulisi yll\u00e4pit\u00e4\u00e4 vianm\u00e4\u00e4ritysopasta. S\u00e4\u00e4nn\u00f6lliset huoltotarkastukset voivat ratkaista ongelmia ennaltaehk\u00e4isev\u00e4sti ennen kuin ne pahenevat. Nesteiden tasojen ja suodattimien tarkastusrutiinin laatiminen voi s\u00e4\u00e4st\u00e4\u00e4 aikaa ja resursseja pitk\u00e4ll\u00e4 aikav\u00e4lill\u00e4.<\/p>\n<p><img decoding=\"async\" src=\"https:\/\/www.hydraulic-cylinders.net\/wp-content\/uploads\/2025\/04\/songte-bushings-with-all-kinds-of-excavator-models.webp\" alt=\"Kaivinkoneiden holkki\" \/><\/p>\n<h2>Tietoa yrityksest\u00e4mme<\/h2>\n<p>Olemme johtava hydraulisylinterien valmistaja, joka on erikoistunut tarjoamaan laadukkaita vaihtovaihtoehtoja. Laaja tuotevalikoimamme on tehnyt meist\u00e4 yhden johtavista valmistajista ja tukkukauppiaista sek\u00e4 kotimaisilla ett\u00e4 kansainv\u00e4lisill\u00e4 markkinoilla. Priorisoimme poikkeuksellista laatua hy\u00f6dynt\u00e4en hienostuneita valmistusstrategioita ja edistyneit\u00e4 laitoksia. Keskittymisemme tekniseen osaamiseen, huippuluokan digitaalisiin valmistuslaitteisiin ja ammattimaisiin testausj\u00e4rjestelmiin parantaa jatkuvasti tuotantokapasiteettiamme.<\/p>\n<p>Sitoutumisemme huippuosaamiseen n\u00e4kyy tehokkaissa ja tarkoissa tuotantoprosesseissamme, joiden avulla pystymme vastaamaan monipuolisiin asiakastarpeisiin. Tarjoamme r\u00e4\u00e4t\u00e4l\u00f6ityj\u00e4 palveluita, joita tukee ammattitaitoinen tuki ja kansainv\u00e4liset sertifikaatit, varmistaen, ett\u00e4 tuotteemme t\u00e4ytt\u00e4v\u00e4t korkeimmat laatu- ja luotettavuusstandardit.<\/p>\n<p><img decoding=\"async\" src=\"https:\/\/www.hydraulic-cylinders.net\/wp-content\/uploads\/2025\/04\/songte-company-4.webp\" alt=\"Yrityksen tilat\" \/><br \/>\n<img decoding=\"async\" src=\"https:\/\/www.hydraulic-cylinders.net\/wp-content\/uploads\/2025\/04\/songte-company-3.webp\" alt=\"Tuotantolaitos\" \/><\/p>\n<p>Kirjoittaja: lyl<\/p>","protected":false},"excerpt":{"rendered":"<p>Boom Cylinder For Kato Small Excavator HD308R Product Overview The Boom Cylinder for Kato Small Excavator HD308R is a crucial component in the hydraulic system of excavators. This hydraulic cylinder is specifically designed to control the movement of the bucket, allowing for efficient material handling tasks. It enables the bucket to lift, lower, and tilt, [&hellip;]<\/p>","protected":false},"featured_media":17877,"comment_status":"open","ping_status":"closed","template":"","meta":{"_et_pb_use_builder":"","_et_pb_old_content":"","_et_gb_content_width":""},"product_brand":[],"product_cat":[1546],"product_tag":[1547,1496],"class_list":{"0":"post-19749","1":"product","2":"type-product","3":"status-publish","4":"has-post-thumbnail","6":"product_cat-boom-cylinders","7":"product_tag-boom-cylinders","8":"product_tag-hydraulic-cylinders","10":"first","11":"instock","12":"shipping-taxable","13":"product-type-simple"},"amp_enabled":true,"_links":{"self":[{"href":"https:\/\/www.hydraulic-cylinders.net\/fi\/wp-json\/wp\/v2\/product\/19749","targetHints":{"allow":["GET"]}}],"collection":[{"href":"https:\/\/www.hydraulic-cylinders.net\/fi\/wp-json\/wp\/v2\/product"}],"about":[{"href":"https:\/\/www.hydraulic-cylinders.net\/fi\/wp-json\/wp\/v2\/types\/product"}],"replies":[{"embeddable":true,"href":"https:\/\/www.hydraulic-cylinders.net\/fi\/wp-json\/wp\/v2\/comments?post=19749"}],"wp:featuredmedia":[{"embeddable":true,"href":"https:\/\/www.hydraulic-cylinders.net\/fi\/wp-json\/wp\/v2\/media\/17877"}],"wp:attachment":[{"href":"https:\/\/www.hydraulic-cylinders.net\/fi\/wp-json\/wp\/v2\/media?parent=19749"}],"wp:term":[{"taxonomy":"product_brand","embeddable":true,"href":"https:\/\/www.hydraulic-cylinders.net\/fi\/wp-json\/wp\/v2\/product_brand?post=19749"},{"taxonomy":"product_cat","embeddable":true,"href":"https:\/\/www.hydraulic-cylinders.net\/fi\/wp-json\/wp\/v2\/product_cat?post=19749"},{"taxonomy":"product_tag","embeddable":true,"href":"https:\/\/www.hydraulic-cylinders.net\/fi\/wp-json\/wp\/v2\/product_tag?post=19749"}],"curies":[{"name":"wp","href":"https:\/\/api.w.org\/{rel}","templated":true}]}}