{"id":19750,"date":"2025-04-07T07:05:31","date_gmt":"2025-04-07T07:05:31","guid":{"rendered":"https:\/\/www.hydraulic-cylinders.net\/product\/boom-cylinder-for-kato-small-excavator-hd512r\/"},"modified":"2025-04-07T07:05:33","modified_gmt":"2025-04-07T07:05:33","slug":"boom-cylinder-for-kato-small-excavator-hd512r","status":"publish","type":"product","link":"https:\/\/www.hydraulic-cylinders.net\/fi\/tuote\/boom-cylinder-for-kato-small-excavator-hd512r\/","title":{"rendered":"Puomin sylinteri Kato-kaivukoneelle HD512R"},"content":{"rendered":"<h1>Puomin sylinteri Kato-kaivukoneelle HD512R<\/h1>\n<h2>Puomin sylinterin yleiskatsaus<\/h2>\n<p>Puomisylinterill\u00e4 on ratkaiseva rooli rakennuskoneiden, erityisesti kaivinkoneiden, hydraulij\u00e4rjestelm\u00e4ss\u00e4. Se on erityisesti suunniteltu ohjaamaan kauhan liikett\u00e4 ja on v\u00e4ltt\u00e4m\u00e4t\u00f6n erilaisissa raskaissa sovelluksissa. Puomisylinteri mahdollistaa kauhan nostamisen, laskemisen ja kallistumisen, mik\u00e4 helpottaa tehokasta materiaalink\u00e4sittely\u00e4. T\u00e4t\u00e4 hydraulisylinteri\u00e4 k\u00e4ytet\u00e4\u00e4n koneissa, kuten kaivinkoneissa, kaivurikuormaajissa ja etukuormaajissa, varmistaen optimaalisen suorituskyvyn ja tuottavuuden haastavissa ty\u00f6ymp\u00e4rist\u00f6iss\u00e4.<\/p>\n<p><img decoding=\"async\" src=\"https:\/\/www.hydraulic-cylinders.net\/wp-content\/uploads\/2025\/04\/songte-company-1.webp\" alt=\"Puomin sylinteri\" \/><\/p>\n<h2>Puomin sylinterin ominaisuudet<\/h2>\n<ul>\n<li><strong>Korkea lujuus ja kest\u00e4vyys:<\/strong> T\u00e4m\u00e4 sylinteri on valmistettu lujasta ter\u00e4ksest\u00e4 tai alumiinista, ja se kest\u00e4\u00e4 korkeita paineita ja raskaita kuormia, joten se sopii vaativiin ty\u00f6olosuhteisiin.<\/li>\n<li><strong>Tehokas hydraulinen k\u00e4ytt\u00f6:<\/strong> Hydraulisen \u00f6ljynpaineen ansiosta se mahdollistaa sujuvan pidennyksen ja sis\u00e4\u00e4nvedon, mik\u00e4 mahdollistaa nopean reagoinnin ohjauskomentoihin ja tehokkaat ty\u00f6nt\u00f6- ja veto-ominaisuudet.<\/li>\n<li><strong>Erilaisia \u200b\u200btyyppej\u00e4:<\/strong> Saatavilla yksitoimisina (hydraulinen teho yhteen suuntaan) tai kaksitoimisina (hydraulinen teho molempiin suuntiin) kokoonpanoina erilaisiin k\u00e4ytt\u00f6tarpeisiin.<\/li>\n<li><strong>Kompakti muotoilu:<\/strong> Joissakin malleissa on teleskooppirakenteet, jotka mahdollistavat suuremman pidennysosan ilman ulkomittojen kasvua, mik\u00e4 sopii erinomaisesti ahtaissa tiloissa k\u00e4ytett\u00e4v\u00e4ksi.<\/li>\n<li><strong>Huoltoyst\u00e4v\u00e4llinen:<\/strong> Suunniteltu helppoa huoltoa ja vaihtoa varten, mik\u00e4 minimoi seisokkiajat k\u00e4yt\u00f6n aikana.<\/li>\n<\/ul>\n<h2>Tuotantokapasiteetti<\/h2>\n<p>Meill\u00e4 on kapasiteettia valmistaa t\u00e4t\u00e4 tuotetta, mik\u00e4 varmistaa, ett\u00e4 hydraulisylinterimme voivat t\u00e4ydellisesti korvata markkinoilla olevat mallit.<\/p>\n<p><img decoding=\"async\" src=\"https:\/\/www.hydraulic-cylinders.net\/wp-content\/uploads\/2025\/04\/songte-cylinder-head-with-all-kinds-excavator-models.webp\" alt=\"Sylinterien tuotanto\" \/><\/p>\n<h2>Sovellusskenaariot<\/h2>\n<h3>Rakennuslaitteet<\/h3>\n<p>Kaivinkoneissa puomisylinterit ovat ratkaisevan t\u00e4rkeit\u00e4 kaivamisessa, lastaamisessa ja maaper\u00e4n tai roskien siirt\u00e4misess\u00e4. Ne mahdollistavat kauhan tehokkaan tunkeutumisen maahan, jolloin kuljettajat voivat suorittaa teht\u00e4vi\u00e4 tehokkaasti. Kaivurikuormaajissa puomisylinteri auttaa sek\u00e4 kaivu- ett\u00e4 nostotoiminnoissa, mik\u00e4 tarjoaa monipuolisuutta ty\u00f6maalla.<\/p>\n<h3>Maatalouskoneet<\/h3>\n<p>Etukuormaajissa k\u00e4ytett\u00e4v\u00e4t puomisylinterit auttavat maan, hein\u00e4n ja muiden materiaalien kaivamisessa, nostamisessa ja kuljettamisessa, mik\u00e4 tekee niist\u00e4 korvaamattomia maatalousymp\u00e4rist\u00f6iss\u00e4. Niiden lujuus ja luotettavuus varmistavat, ett\u00e4 maanviljelij\u00e4t voivat suorittaa ty\u00f6ns\u00e4 keskeytyksett\u00e4.<\/p>\n<h3>Kaivinkoneet<\/h3>\n<p>Puomin sylinterit helpottavat kaivuliikett\u00e4 antamalla kauhan tunkeutua maaper\u00e4\u00e4n. T\u00e4m\u00e4 ominaisuus on v\u00e4ltt\u00e4m\u00e4t\u00f6n kaivinkoneiden tehokkaalle toiminnalle rakennus- ja maisemointiteht\u00e4viss\u00e4 ja varmistaa optimaalisen toiminnan erilaisissa maastoissa.<\/p>\n<h3>Kuormaajat<\/h3>\n<p>Etukuormaajissa puomin sylinterit vastaavat kuormien tehokkaasta nostamisesta ja tyhjent\u00e4misest\u00e4. Niiden suorituskyky nostotoiminnoissa on ratkaisevan t\u00e4rke\u00e4\u00e4 materiaalink\u00e4sittelyss\u00e4, sill\u00e4 se varmistaa tavaroiden tehokkaan kuljetuksen ja tyhjennyksen.<\/p>\n<h2>Suunnittelun\u00e4k\u00f6kohdat ja valintakriteerit<\/h2>\n<ul>\n<li><strong>Kantavuus:<\/strong> Suunnittelussa on otettava huomioon sylinterin suurin mahdollinen kuormitus. T\u00e4m\u00e4 edellytt\u00e4\u00e4 materiaalien valitsemista, jotka kest\u00e4v\u00e4t k\u00e4ytt\u00f6vaatimukset vaarantamatta turvallisuutta.<\/li>\n<li><strong>Tiivistyksen eheys:<\/strong> Tehokas tiivistys on ratkaisevan t\u00e4rke\u00e4\u00e4 hydraulinesteen vuotojen est\u00e4miseksi. Paineen yll\u00e4pit\u00e4miseksi ja toiminnan tehokkuuden varmistamiseksi on k\u00e4ytett\u00e4v\u00e4 korkealaatuisia tiivisteit\u00e4.<\/li>\n<li><strong>Kest\u00e4vyys:<\/strong> Valittujen materiaalien on oltava kulutusta kest\u00e4vi\u00e4, mik\u00e4 takaa pitk\u00e4n k\u00e4ytt\u00f6i\u00e4n my\u00f6s ankarissa olosuhteissa. T\u00e4h\u00e4n sis\u00e4ltyy korroosionestok\u00e4sittelyjen huomioon ottaminen.<\/li>\n<li><strong>Turvaominaisuudet:<\/strong> Turvatoimenpiteiden, kuten paineenalennusventtiilien, sis\u00e4llytt\u00e4minen voi est\u00e4\u00e4 onnettomuuksia ja parantaa k\u00e4ytt\u00e4j\u00e4n turvallisuutta raskaissa k\u00e4ytt\u00f6tilanteissa.<\/li>\n<li><strong>Huoltomahdollisuus:<\/strong> Suunnittelun tulisi mahdollistaa helpon p\u00e4\u00e4syn t\u00e4rkeisiin komponentteihin tarkastusta ja huoltoa varten, mik\u00e4 v\u00e4hent\u00e4\u00e4 seisokkiaikoja ja k\u00e4ytt\u00f6h\u00e4iri\u00f6it\u00e4.<\/li>\n<\/ul>\n<p><img decoding=\"async\" src=\"https:\/\/www.hydraulic-cylinders.net\/wp-content\/uploads\/2025\/04\/songte-oil-pipes-and-spare-parts.webp\" alt=\"Varaosat\" \/><\/p>\n<h2>Tiivistys ja voitelu<\/h2>\n<p>Erilaisten tiiviste-elementtien, kuten m\u00e4nn\u00e4ntiivisteiden ja varren tiivisteiden, k\u00e4ytt\u00f6 on v\u00e4ltt\u00e4m\u00e4t\u00f6nt\u00e4 hydraulisylinterien eheyden yll\u00e4pit\u00e4miseksi. Kest\u00e4vist\u00e4 materiaaleista, kuten polyuretaanista ja nitriilikumista, valmistetut tiivisteet varmistavat kulutuskest\u00e4vyyden ja pitk\u00e4n k\u00e4ytt\u00f6i\u00e4n. Sylinterin runko ja kierteitetyt p\u00e4\u00e4typinnat on hienosti koneistettu kulutuskest\u00e4vyyden lis\u00e4\u00e4miseksi. S\u00e4\u00e4nn\u00f6llinen voitelu sopivalla m\u00e4\u00e4r\u00e4ll\u00e4 hydrauli\u00f6ljy\u00e4 on v\u00e4ltt\u00e4m\u00e4t\u00f6nt\u00e4 sujuvan toiminnan varmistamiseksi ja liikkuvien osien kulumisen est\u00e4miseksi.<\/p>\n<h2>S\u00e4\u00e4nn\u00f6lliset tarkastukset ja ennaltaehk\u00e4isev\u00e4t huoltotoimenpiteet<\/h2>\n<ul>\n<li><strong>Aikatauluta rutiinitarkastukset:<\/strong> S\u00e4\u00e4nn\u00f6lliset tarkastukset voivat tunnistaa kulumisen ennen kuin ne johtavat merkitt\u00e4viin ongelmiin. Etsi merkkej\u00e4 vuodoista, ep\u00e4tavallisista \u00e4\u00e4nist\u00e4 ja suorituskyvyn heikkenemisest\u00e4.<\/li>\n<li><strong>Voiteluprotokollien toteuttaminen:<\/strong> Laadi aikataulu kaikkien liikkuvien osien voitelulle. T\u00e4m\u00e4 auttaa yll\u00e4pit\u00e4m\u00e4\u00e4n sujuvaa toimintaa ja v\u00e4hent\u00e4m\u00e4\u00e4n kitkasta johtuvaa kulumista.<\/li>\n<li><strong>Tiivisteiden vaihto ja kalibrointitarkastukset:<\/strong> Arvioi tiivisteiden kunto s\u00e4\u00e4nn\u00f6llisesti ja vaihda ne tarvittaessa. Kalibrointitarkastukset varmistavat, ett\u00e4 hydrauliikkaj\u00e4rjestelm\u00e4t toimivat optimaalisilla painetasoilla, mik\u00e4 parantaa suorituskyky\u00e4 ja turvallisuutta.<\/li>\n<\/ul>\n<h2>Oikeat tuotteen asennusohjeet<\/h2>\n<p>Puomisylinterin oikea asennus on ratkaisevan t\u00e4rke\u00e4\u00e4 sen suorituskyvyn ja pitk\u00e4n k\u00e4ytt\u00f6i\u00e4n kannalta. Aloita varmistamalla, ett\u00e4 kiinnityspinnat ovat puhtaat ja roskattomat. K\u00e4yt\u00e4 oikeaa kohdistusta asennuksen aikana; virheellinen kohdistus voi aiheuttaa ennenaikaista kulumista tai rikkoutumista. K\u00e4yt\u00e4 sopivia kiinnitystelineit\u00e4 sylinterin tukevaan vakauttamiseen. Asennuksen j\u00e4lkeen suorita perusteellinen toiminnallinen testi varmistaaksesi oikean toiminnan ennen t\u00e4ysimittaista k\u00e4ytt\u00f6\u00e4. Tutustu lis\u00e4ksi valmistajan antamiin v\u00e4\u00e4nt\u00f6momenttiasetusten tietoihin asennuksen aikana, jotta v\u00e4lt\u00e4t ongelmat my\u00f6hemmin.<\/p>\n<h2>Yleiset huoltoteht\u00e4v\u00e4t<\/h2>\n<ul>\n<li><strong>S\u00e4\u00e4nn\u00f6lliset tarkastukset:<\/strong> Usein teht\u00e4v\u00e4t tarkastukset voivat auttaa tunnistamaan ongelmat varhaisessa vaiheessa, mik\u00e4 mahdollistaa oikea-aikaiset toimenpiteet ja korjaukset. T\u00e4m\u00e4 ennakoiva l\u00e4hestymistapa minimoi seisokkiajat ja pident\u00e4\u00e4 sylinterin k\u00e4ytt\u00f6ik\u00e4\u00e4.<\/li>\n<li><strong>Oikea voitelu:<\/strong> S\u00e4\u00e4nn\u00f6llinen voitelu on v\u00e4ltt\u00e4m\u00e4t\u00f6nt\u00e4 sylinterin sujuvan toiminnan varmistamiseksi. Varmista, ett\u00e4 k\u00e4yt\u00e4t valmistajan suosittelemaa hydrauliikka\u00f6ljy\u00e4 ja noudatat voiteluaikataulua tarkasti.<\/li>\n<li><strong>Tiivisteiden vaihto ja kalibrointitarkastukset:<\/strong> Ajan my\u00f6t\u00e4 tiivisteet voivat kulua ja ne on vaihdettava vuotojen est\u00e4miseksi. Kalibrointitarkastukset varmistavat, ett\u00e4 hydraulisylinterit toimivat halutulla paineella ja s\u00e4ilytt\u00e4v\u00e4t tehokkuuden.<\/li>\n<\/ul>\n<h2>Turvallisuusn\u00e4k\u00f6kohdat ja ymp\u00e4rist\u00f6tekij\u00e4t<\/h2>\n<p>Hydraulisylintereit\u00e4 k\u00e4ytett\u00e4ess\u00e4 on ensiarvoisen t\u00e4rke\u00e4\u00e4 asettaa turvallisuustoimenpiteet etusijalle. T\u00e4h\u00e4n sis\u00e4ltyy k\u00e4ytt\u00e4jien kouluttaminen turvallisiin k\u00e4sittelymenetelmiin ja sen varmistaminen, ett\u00e4 kaikki laitteet tarkastetaan ja huolletaan s\u00e4\u00e4nn\u00f6llisesti. My\u00f6s ymp\u00e4rist\u00f6n\u00e4k\u00f6kohdilla on merkityst\u00e4; ymp\u00e4rist\u00f6yst\u00e4v\u00e4llisten hydraulinesteiden k\u00e4ytt\u00f6 voi v\u00e4hent\u00e4\u00e4 ymp\u00e4r\u00f6iv\u00e4\u00e4n ekosysteemiin kohdistuvia haitallisia vaikutuksia ja osoittaa sitoutumista kest\u00e4v\u00e4\u00e4n kehitykseen toiminnassa.<\/p>\n<h2>Vianm\u00e4\u00e4ritys ja yleiset ongelmat<\/h2>\n<ul>\n<li><strong>Vuoto:<\/strong> Usein kuluneiden tiivisteiden tai vaurioituneiden sylinterirunkojen aiheuttama. S\u00e4\u00e4nn\u00f6lliset tarkastukset voivat auttaa tunnistamaan vuodot varhaisessa vaiheessa ja est\u00e4m\u00e4\u00e4n nesteh\u00e4vi\u00f6it\u00e4.<\/li>\n<li><strong>Hidas toiminta:<\/strong> T\u00e4m\u00e4 voi viitata alhaiseen hydraulinesteen tasoon tai j\u00e4rjestelm\u00e4n ilmaamisen tarpeeseen ilman poistamiseksi. Korjaa n\u00e4m\u00e4 ongelmat viipym\u00e4tt\u00e4 toiminnan palauttamiseksi.<\/li>\n<li><strong>Ep\u00e4tavalliset \u00e4\u00e4net:<\/strong> Hankaus- tai kolina\u00e4\u00e4net voivat viitata mekaaniseen vikaan tai j\u00e4rjestelm\u00e4ss\u00e4 olevaan roskaan. Tutki tilanne v\u00e4litt\u00f6m\u00e4sti lis\u00e4vaurioiden est\u00e4miseksi.<\/li>\n<\/ul>\n<p>Ennaltaehk\u00e4isevien toimenpiteiden, kuten rutiinitarkastusten ja k\u00e4ytt\u00e4jien oikean k\u00e4yt\u00f6n koulutuksen, toteuttaminen voi minimoida mahdolliset ongelmat ja pident\u00e4\u00e4 puomisylinterin k\u00e4ytt\u00f6ik\u00e4\u00e4.<\/p>\n<p><img decoding=\"async\" src=\"https:\/\/www.hydraulic-cylinders.net\/wp-content\/uploads\/2025\/04\/songte-bushings-with-all-kinds-of-excavator-models.webp\" alt=\"Kaivinkonemallit\" \/><\/p>\n<h2>Tietoa yrityksest\u00e4mme<\/h2>\n<p>Olemme johtava hydraulisten sylinterien varaosien valmistaja ja tukkumyyj\u00e4, joka tarjoaa laajan valikoiman tuotteita sek\u00e4 kotimaisille ett\u00e4 kansainv\u00e4lisille markkinoille. Sitoutumisemme huippuosaamiseen heijastuu hienostuneissa valmistusstrategioissamme, jotka hy\u00f6dynt\u00e4v\u00e4t teknist\u00e4 osaamista, edistyneit\u00e4 digitaalisia valmistuslaitteita ja ammattimaisia \u200b\u200btestausj\u00e4rjestelmi\u00e4. T\u00e4m\u00e4 valmistusalustamme jatkuva parantaminen varmistaa laadukkaan tuotannon, jonka avulla voimme vastata monipuolisiin asiakastarpeisiin tehokkaasti, tarkasti ja laadukkaasti.<\/p>\n<h3>Ammattimainen etuly\u00f6ntiasemamme<\/h3>\n<ul>\n<li><strong>Asiantuntemus:<\/strong> Tiimimme koostuu ammattitaitoisista ammattilaisista, joilla on laaja kokemus hydraulisylintereiden valmistuksesta, mik\u00e4 takaa huippulaadun ja suorituskyvyn.<\/li>\n<li><strong>Kansainv\u00e4liset sertifikaatit:<\/strong> Noudatamme useita kansainv\u00e4lisi\u00e4 standardeja, mik\u00e4 takaa tuotteidemme laadun ja luotettavuuden.<\/li>\n<li><strong>Mukautetut ratkaisut:<\/strong> Tarjoamme r\u00e4\u00e4t\u00e4l\u00f6ityj\u00e4 palveluita vastaamaan asiakkaiden erityisvaatimuksia varmistaen, ett\u00e4 tuotteemme vastaavat t\u00e4ydellisesti heid\u00e4n operatiivisia tarpeitaan.<\/li>\n<li><strong>Edistyneet tuotantolaitteet:<\/strong> Huippumodernit tuotantolaitoksemme on varustettu huipputeknologialla, mink\u00e4 ansiosta pystymme tuottamaan korkealaatuisia hydraulisylintereit\u00e4 tehokkaasti.<\/li>\n<li><strong>Myynnin j\u00e4lkeinen tuki:<\/strong> Tarjoamme vankkaa j\u00e4lkimarkkinointipalvelua varmistaen asiakastyytyv\u00e4isyyden ja tuen koko tuotteen elinkaaren ajan.<\/li>\n<\/ul>\n<p><img decoding=\"async\" src=\"https:\/\/www.hydraulic-cylinders.net\/wp-content\/uploads\/2025\/04\/songte-company-4.webp\" alt=\"Yrityksen yleiskatsaus\" \/><br \/>\n<img decoding=\"async\" src=\"https:\/\/www.hydraulic-cylinders.net\/wp-content\/uploads\/2025\/04\/songte-company-3.webp\" alt=\"Yrityksen tilat\" \/><\/p>\n<p>Kirjoittaja: lyl<\/p>","protected":false},"excerpt":{"rendered":"<p>Boom Cylinder For Kato Small Excavator HD512R Overview of the Boom Cylinder The boom cylinder plays a crucial role in the hydraulic system of construction machinery, particularly in excavators. It is specifically designed to control the movement of the bucket and is essential for various heavy-duty applications. The boom cylinder allows the bucket to lift, [&hellip;]<\/p>","protected":false},"featured_media":17878,"comment_status":"open","ping_status":"closed","template":"","meta":{"_et_pb_use_builder":"","_et_pb_old_content":"","_et_gb_content_width":""},"product_brand":[],"product_cat":[1546],"product_tag":[1547,1496],"class_list":{"0":"post-19750","1":"product","2":"type-product","3":"status-publish","4":"has-post-thumbnail","6":"product_cat-boom-cylinders","7":"product_tag-boom-cylinders","8":"product_tag-hydraulic-cylinders","10":"first","11":"instock","12":"shipping-taxable","13":"product-type-simple"},"amp_enabled":true,"_links":{"self":[{"href":"https:\/\/www.hydraulic-cylinders.net\/fi\/wp-json\/wp\/v2\/product\/19750","targetHints":{"allow":["GET"]}}],"collection":[{"href":"https:\/\/www.hydraulic-cylinders.net\/fi\/wp-json\/wp\/v2\/product"}],"about":[{"href":"https:\/\/www.hydraulic-cylinders.net\/fi\/wp-json\/wp\/v2\/types\/product"}],"replies":[{"embeddable":true,"href":"https:\/\/www.hydraulic-cylinders.net\/fi\/wp-json\/wp\/v2\/comments?post=19750"}],"wp:featuredmedia":[{"embeddable":true,"href":"https:\/\/www.hydraulic-cylinders.net\/fi\/wp-json\/wp\/v2\/media\/17878"}],"wp:attachment":[{"href":"https:\/\/www.hydraulic-cylinders.net\/fi\/wp-json\/wp\/v2\/media?parent=19750"}],"wp:term":[{"taxonomy":"product_brand","embeddable":true,"href":"https:\/\/www.hydraulic-cylinders.net\/fi\/wp-json\/wp\/v2\/product_brand?post=19750"},{"taxonomy":"product_cat","embeddable":true,"href":"https:\/\/www.hydraulic-cylinders.net\/fi\/wp-json\/wp\/v2\/product_cat?post=19750"},{"taxonomy":"product_tag","embeddable":true,"href":"https:\/\/www.hydraulic-cylinders.net\/fi\/wp-json\/wp\/v2\/product_tag?post=19750"}],"curies":[{"name":"wp","href":"https:\/\/api.w.org\/{rel}","templated":true}]}}