{"id":19979,"date":"2025-04-21T01:11:28","date_gmt":"2025-04-21T01:11:28","guid":{"rendered":"https:\/\/www.hydraulic-cylinders.net\/?post_type=product&#038;p=19979"},"modified":"2025-04-21T03:47:37","modified_gmt":"2025-04-21T03:47:37","slug":"top-link-hydraulic-cylinder","status":"publish","type":"product","link":"https:\/\/www.hydraulic-cylinders.net\/fi\/tuote\/top-link-hydraulic-cylinder\/","title":{"rendered":"Yl\u00e4varren hydraulisylinteri"},"content":{"rendered":"<h1 style=\"text-align: center;\"><strong>Yl\u00e4varren hydraulisylinteri<\/strong><\/h1>\n<p><img loading=\"lazy\" decoding=\"async\" class=\"aligncenter wp-image-19981\" src=\"https:\/\/www.hydraulic-cylinders.net\/wp-content\/uploads\/2025\/04\/top-link-hydraulic-cylinder-product-2.webp\" alt=\"Yl\u00e4varren hydraulisylinteri \" width=\"500\" height=\"500\" srcset=\"https:\/\/www.hydraulic-cylinders.net\/wp-content\/uploads\/2025\/04\/top-link-hydraulic-cylinder-product-2.webp 500w, https:\/\/www.hydraulic-cylinders.net\/wp-content\/uploads\/2025\/04\/top-link-hydraulic-cylinder-product-2-480x480.webp 480w\" sizes=\"(min-width: 0px) and (max-width: 480px) 480px, (min-width: 481px) 500px, 100vw\" \/><\/p>\n<p>Traktoreihin tarkoitettu yl\u00e4varren hydraulisylinterimme on suunniteltu integroitavaksi saumattomasti kolmipistekiinnitysj\u00e4rjestelmiin, mik\u00e4 tarjoaa tarkan hallinnan maatalousty\u00f6koneille. Tehokkuutta parantamaan suunniteltu hydraulinen ratkaisu s\u00e4\u00e4t\u00e4\u00e4 auroja, kylv\u00f6koneita ja niittokoneita tarkasti, joten se sopii erinomaisesti kynt\u00f6\u00f6n, suorakylv\u00f6\u00f6n ja nurmialueiden hoitoon.<\/p>\n<p>Se on valmistettu eritt\u00e4in lujista materiaaleista ja varmistaa kest\u00e4vyyden haastavissa maatalousymp\u00e4rist\u00f6iss\u00e4, kuten mutaisilla tai m\u00e4rill\u00e4 pelloilla. Optimoitpa sitten siementen sijoittelua kest\u00e4v\u00e4ss\u00e4 viljelyss\u00e4 tai hallinnoit laidunten toimintaa, yl\u00e4varsihydraulisylinterimme tarjoaa luotettavaa suorituskyky\u00e4 ja lis\u00e4\u00e4 tuottavuutta erilaisissa maataloussovelluksissa.<\/p>\n<h2><strong>Yl\u00e4linkin hydraulisylinterin parametri:<img loading=\"lazy\" decoding=\"async\" class=\"wp-image-19983 aligncenter\" src=\"https:\/\/www.hydraulic-cylinders.net\/wp-content\/uploads\/2025\/04\/top-link-hydraulic-cylinder-product-1-1.webp\" alt=\"Yl\u00e4varren hydraulisylinteri\" width=\"500\" height=\"500\" srcset=\"https:\/\/www.hydraulic-cylinders.net\/wp-content\/uploads\/2025\/04\/top-link-hydraulic-cylinder-product-1-1.webp 500w, https:\/\/www.hydraulic-cylinders.net\/wp-content\/uploads\/2025\/04\/top-link-hydraulic-cylinder-product-1-1-480x480.webp 480w\" sizes=\"(min-width: 0px) and (max-width: 480px) 480px, (min-width: 481px) 500px, 100vw\" \/><\/strong><\/h2>\n<p><img loading=\"lazy\" decoding=\"async\" class=\"size-full wp-image-19984 aligncenter\" src=\"https:\/\/www.hydraulic-cylinders.net\/wp-content\/uploads\/2025\/04\/top-link-hydraulic-cylinder-parameter.webp\" alt=\"\" width=\"718\" height=\"458\" srcset=\"https:\/\/www.hydraulic-cylinders.net\/wp-content\/uploads\/2025\/04\/top-link-hydraulic-cylinder-parameter.webp 718w, https:\/\/www.hydraulic-cylinders.net\/wp-content\/uploads\/2025\/04\/top-link-hydraulic-cylinder-parameter-480x306.webp 480w\" sizes=\"(min-width: 0px) and (max-width: 480px) 480px, (min-width: 481px) 718px, 100vw\" \/><\/p>\n<table class=\"all magic-6\">\n<tbody>\n<tr>\n<td colspan=\"1\" rowspan=\"1\">\n<div class=\"magic-7\"><b>Tuotteen nimi<\/b><\/div>\n<\/td>\n<td colspan=\"1\" rowspan=\"1\">\n<div class=\"magic-8\">Yl\u00e4varren sylinteri<\/div>\n<\/td>\n<\/tr>\n<tr>\n<td colspan=\"1\" rowspan=\"1\">\n<div class=\"magic-9\"><b>Sertifiointi<\/b><\/div>\n<\/td>\n<td colspan=\"1\" rowspan=\"1\">\n<div class=\"magic-10\">ISO9001:2000<\/div>\n<\/td>\n<\/tr>\n<tr>\n<td colspan=\"1\" rowspan=\"1\">\n<div class=\"magic-11\"><b>Rei\u00e4n koko<\/b><\/div>\n<\/td>\n<td colspan=\"1\" rowspan=\"1\">\n<div class=\"magic-12\">2\u20136 tuumaa<\/div>\n<\/td>\n<\/tr>\n<tr>\n<td colspan=\"1\" rowspan=\"1\">\n<div class=\"magic-11\"><b>Tangon koko<\/b><\/div>\n<\/td>\n<td colspan=\"1\" rowspan=\"1\">\n<div class=\"magic-12\">1,125\u20134 tuumaa<\/div>\n<\/td>\n<\/tr>\n<tr>\n<td colspan=\"1\" rowspan=\"1\">\n<div class=\"magic-11\"><b>Iskun koko<\/b><\/div>\n<\/td>\n<td colspan=\"1\" rowspan=\"1\">\n<div class=\"magic-12\">4\u2013100 tuumaa<\/div>\n<\/td>\n<\/tr>\n<tr>\n<td colspan=\"1\" rowspan=\"1\">\n<div class=\"magic-11\"><b>Tapin koko<\/b><\/div>\n<\/td>\n<td colspan=\"1\" rowspan=\"1\">\n<div class=\"magic-12\">0,5\u20132 tuumaa<\/div>\n<\/td>\n<\/tr>\n<tr>\n<td colspan=\"1\" rowspan=\"1\">\n<div class=\"magic-11\"><b>Portit<\/b><\/div>\n<\/td>\n<td colspan=\"1\" rowspan=\"1\">\n<div class=\"magic-12\" data-spm-anchor-id=\"a2700.details-description.0.i0.3642vGtMvGtMlh\">G\/SAE\/NPT\/M<\/div>\n<\/td>\n<\/tr>\n<\/tbody>\n<\/table>\n<div><\/div>\n<h2><strong>Yl\u00e4linkin hydraulisylinterin edut:<\/strong><\/h2>\n<div>\n<p class=\"break-words\" dir=\"auto\"><strong>Tarkka syvyyden ja kulman s\u00e4\u00e4t\u00f6<\/strong>Yl\u00e4varren hydraulisylinterit tarjoavat hydraulista tarkkuutta traktorin ty\u00f6koneiden, kuten aurojen ja kylv\u00f6koneiden, s\u00e4\u00e4t\u00f6\u00f6n varmistaen tasaisen syvyyden ja kulman. T\u00e4m\u00e4 tarkkuus parantaa maanmuokkausta ja siementen sijoittelua, mik\u00e4 johtaa tasaiseen sadon kasvuun ja suurempiin satoihin.<\/p>\n<p class=\"break-words\" dir=\"auto\"><strong>Kest\u00e4v\u00e4 ja kest\u00e4v\u00e4 muotoilu<\/strong>N\u00e4m\u00e4 sylinterit on valmistettu eritt\u00e4in lujasta ter\u00e4ksest\u00e4 ja korroosionkest\u00e4vill\u00e4 pinnoitteilla, ja ne on suunniteltu kest\u00e4m\u00e4\u00e4n ankaria maatalousymp\u00e4rist\u00f6j\u00e4, kuten mutaisia \u200b\u200bpeltoja, m\u00e4rki\u00e4 olosuhteita ja hankaavaa maaper\u00e4\u00e4, mik\u00e4 varmistaa pitk\u00e4aikaisen luotettavuuden.<\/p>\n<p class=\"break-words\" dir=\"auto\"><strong>Joustava ja monipuolinen k\u00e4ytt\u00f6<\/strong>Kaksitoimisilla yl\u00e4varsihydraulisylintereill\u00e4 on sujuvat ty\u00f6nt\u00f6- ja vetoliikkeet, joiden avulla viljelij\u00e4t voivat s\u00e4\u00e4t\u00e4\u00e4 ty\u00f6koneita dynaamisesti esimerkiksi kynt\u00f6\u00e4, suorakylv\u00f6\u00e4 ja nurmialueiden hoitoa varten.<\/p>\n<p class=\"break-words\" dir=\"auto\"><strong>Kompakti ja tilaa s\u00e4\u00e4st\u00e4v\u00e4<\/strong>Ne on suunniteltu integroitumaan saumattomasti traktorin kolmipistekiinnitysj\u00e4rjestelmiin. Niiden kompakti rakenne varmistaa helpon asennuksen ja k\u00e4yt\u00f6n my\u00f6s ahtaissa tiloissa suorituskyvyst\u00e4 tai ohjattavuudesta tinkim\u00e4tt\u00e4.<\/p>\n<p class=\"break-words\" dir=\"auto\"><strong>Aika- ja ty\u00f6voimatehokkuus<\/strong>Mahdollistamalla nopeat ja tarkat s\u00e4\u00e4d\u00f6t, yl\u00e4varren hydraulisylinterit v\u00e4hent\u00e4v\u00e4t manuaalisten toimenpiteiden tarvetta, mik\u00e4 s\u00e4\u00e4st\u00e4\u00e4 viljelij\u00f6iden aikaa ja vaivaa vaativissa teht\u00e4viss\u00e4, kuten pellon valmistelussa, kylv\u00f6ss\u00e4 ja hein\u00e4nkorjuussa.<\/p>\n<p class=\"break-words\" dir=\"auto\"><strong>Mukautettava yhteensopivuus<\/strong>R\u00e4\u00e4t\u00e4l\u00f6ityj\u00e4 malleja saatavilla olevat sylinterit voidaan mukauttaa sopimaan erilaisiin traktorimalleihin ja ty\u00f6koneisiin, mik\u00e4 varmistaa t\u00e4ydellisen yhteensopivuuden erilaisiin maataloussovelluksiin pienist\u00e4 maatiloista suuriin toimintoihin.<\/p>\n<\/div>\n<h2><strong>Yl\u00e4linkin hydraulisylinterin k\u00e4ytt\u00f6:<\/strong><\/h2>\n<p><img loading=\"lazy\" decoding=\"async\" class=\"alignnone size-full wp-image-19967\" src=\"https:\/\/www.hydraulic-cylinders.net\/wp-content\/uploads\/2025\/04\/top-link-hydraulic-cylinder-application-scaled.webp\" alt=\"Yl\u00e4linkin hydraulisylinterin k\u00e4ytt\u00f6\" width=\"2560\" height=\"1440\" srcset=\"https:\/\/www.hydraulic-cylinders.net\/wp-content\/uploads\/2025\/04\/top-link-hydraulic-cylinder-application-scaled.webp 2560w, https:\/\/www.hydraulic-cylinders.net\/wp-content\/uploads\/2025\/04\/top-link-hydraulic-cylinder-application-1280x720.webp 1280w, https:\/\/www.hydraulic-cylinders.net\/wp-content\/uploads\/2025\/04\/top-link-hydraulic-cylinder-application-980x551.webp 980w, https:\/\/www.hydraulic-cylinders.net\/wp-content\/uploads\/2025\/04\/top-link-hydraulic-cylinder-application-480x270.webp 480w\" sizes=\"(min-width: 0px) and (max-width: 480px) 480px, (min-width: 481px) and (max-width: 980px) 980px, (min-width: 981px) and (max-width: 1280px) 1280px, (min-width: 1281px) 2560px, 100vw\" \/><\/p>\n<h4><strong>Traktorin kolmipistenostolaitteen s\u00e4\u00e4t\u00f6<\/strong>:<\/h4>\n<div>\n<p>Yl\u00e4varren hydraulisylinterit mahdollistavat traktorin ty\u00f6koneiden, kuten aurojen ja kylv\u00f6koneiden, tarkat s\u00e4\u00e4d\u00f6t varmistaen tasaisen syvyyden ja kulman tehokasta kynt\u00f6\u00e4 ja kylv\u00f6t\u00e4 varten jopa haastavissa pelto-olosuhteissa, kuten ep\u00e4tasaisessa maastossa tai kivisess\u00e4 maaper\u00e4ss\u00e4. T\u00e4m\u00e4 tarkkuus minimoi sadon vaihtelun, parantaa maanmuokkausta ja lopulta lis\u00e4\u00e4 satoja kaudesta toiseen.<\/p>\n<h4><strong>Suorakylv\u00f6kylv\u00f6syvyyden s\u00e4\u00e4t\u00f6<\/strong>:<\/h4>\n<p>Suorakylv\u00f6ss\u00e4 k\u00e4ytett\u00e4v\u00e4 yl\u00e4varren hydraulisylinteri mahdollistaa tarkan syvyyss\u00e4\u00e4d\u00f6n, mik\u00e4 minimoi maaper\u00e4n h\u00e4iriintymisen ja optimoi samalla siementen sijoittelun esimerkiksi maissille ja soijapavuille. Se sopii t\u00e4ydellisesti kest\u00e4v\u00e4\u00e4n viljelyyn, sill\u00e4 se auttaa s\u00e4ilytt\u00e4m\u00e4\u00e4n maaper\u00e4n kosteuden, v\u00e4hent\u00e4\u00e4 eroosiota ja edist\u00e4\u00e4 terveellisemp\u00e4\u00e4 juuristoa, mik\u00e4 parantaa sadon vastustuskyky\u00e4 ja kasvua.<\/p>\n<h4><strong>Nurmialueiden hoito ja hein\u00e4nkorjuu<\/strong>:<\/h4>\n<p>Ruohonleikkureille ja paalaimille suunnitellut yl\u00e4varsihydraulisylinterimme s\u00e4\u00e4t\u00e4v\u00e4t leikkuukorkeutta tarkasti, mik\u00e4 takaa tasaisen tuloksen laidunten ja hein\u00e4n tuotannossa vaihtelevissa maisemissa. T\u00e4m\u00e4 varmistaa korkealaatuisen rehun, v\u00e4hent\u00e4\u00e4 laitteiden rasitusta ja s\u00e4\u00e4st\u00e4\u00e4 arvokasta aikaa sadonkorjuun huippuaikoina.<\/p>\n<h4><strong>Peltokuljetus ja ty\u00f6koneiden asemointi<\/strong>:<\/h4>\n<p>Peltokuljetuksen aikana traktoreiden yl\u00e4varsihydraulisylinterit nostavat ty\u00f6koneita v\u00e4ltt\u00e4\u00e4kseen esteit\u00e4, kuten kivi\u00e4 tai ojia, mik\u00e4 tarjoaa joustavan sijoittelun, mik\u00e4 parantaa ohjattavuutta ja suojaa arvokkaita laitteita. T\u00e4m\u00e4 saumaton hallinta mahdollistaa viljelij\u00f6iden nopean siirtymisen teht\u00e4vist\u00e4 toiseen, mik\u00e4 parantaa toiminnan yleist\u00e4 tehokkuutta.<\/p>\n<\/div>\n<h2><strong>Kuinka yl\u00e4varren hydraulisylinteri voi parantaa suorakylv\u00f6tekniikan tehokkuutta ep\u00e4tasaisella maastolla?<\/strong><\/h2>\n<p>Suorakylv\u00f6ss\u00e4 k\u00e4ytett\u00e4v\u00e4 yl\u00e4nivelhydraulinen sylinteri mullistaa tehokkuuden tarjoamalla vertaansa vailla olevan syvyyss\u00e4\u00e4d\u00f6n kylv\u00f6koneille jopa ep\u00e4tasaisessa maastossa, kuten jyrkiss\u00e4 rinteiss\u00e4, kivisill\u00e4 paikoilla tai tiivistyneell\u00e4 maaper\u00e4ll\u00e4. Kuvittele Keskil\u00e4nness\u00e4 asuva soijapapuviljelij\u00e4, joka on vastap\u00e4\u00e4t\u00e4 m\u00e4kist\u00e4 peltoa \u2013 yl\u00e4nivelhydraulinen sylinterimme varmistaa, ett\u00e4 siemenet sijoitetaan tasaiseen 2\u20135 cm syvyyteen esimerkiksi maissille ja soijapavuille, mik\u00e4 edist\u00e4\u00e4 tasaista it\u00e4mist\u00e4 ja vahvaa juurien kehityst\u00e4. Sen kaksitoiminen toiminto mahdollistaa saumattomat ty\u00f6nt\u00f6- ja vetos\u00e4\u00e4d\u00f6t, jotka mukautuvat v\u00e4litt\u00f6m\u00e4sti maaston muutoksiin ilman, ett\u00e4 asetuksia tarvitsee s\u00e4\u00e4t\u00e4\u00e4 manuaalisesti.<\/p>\n<p>T\u00e4m\u00e4 tarkoittaa v\u00e4hemm\u00e4n seisokkiaikoja tiukoina kylv\u00f6aikoina, mik\u00e4 s\u00e4\u00e4st\u00e4\u00e4 tunteja pellolla. Minimoimalla maaper\u00e4n h\u00e4iriintymisen traktoreiden yl\u00e4varren hydraulisylinteri s\u00e4ilytt\u00e4\u00e4 my\u00f6s maaper\u00e4n rakenteen, parantaa kosteuden pid\u00e4ttymist\u00e4 ja v\u00e4hent\u00e4\u00e4 eroosiota, mik\u00e4 edist\u00e4\u00e4 kest\u00e4vi\u00e4 viljelyk\u00e4yt\u00e4nt\u00f6j\u00e4, jotka johtavat terveempiin satoihin ja suurempiin satoihin ajan my\u00f6t\u00e4. Viljelij\u00e4t voivat luottavaisin mielin selvit\u00e4 haastavista maisemista tiet\u00e4en, ett\u00e4 heid\u00e4n laitteensa ovat suojattuja ja heid\u00e4n toimintansa on virtaviivaistettu maksimaalisen tuottavuuden saavuttamiseksi.<\/p>\n<h2><strong>Hydraulisylinterin tuotantoalue:<\/strong><\/h2>\n<h2><img loading=\"lazy\" decoding=\"async\" class=\"alignnone size-full wp-image-16972\" src=\"https:\/\/www.hydraulic-cylinders.net\/wp-content\/uploads\/2025\/01\/hydraulic-cylinder-factory-1-scaled.webp\" sizes=\"(min-width: 0px) and (max-width: 480px) 480px, (min-width: 481px) and (max-width: 980px) 980px, (min-width: 981px) and (max-width: 1280px) 1280px, (min-width: 1281px) 2016px, 100vw\" srcset=\"https:\/\/www.hydraulic-cylinders.net\/wp-content\/uploads\/2025\/01\/hydraulic-cylinder-factory-1-scaled.webp 2016w, https:\/\/www.hydraulic-cylinders.net\/wp-content\/uploads\/2025\/01\/hydraulic-cylinder-factory-1-1280x1625.webp 1280w, https:\/\/www.hydraulic-cylinders.net\/wp-content\/uploads\/2025\/01\/hydraulic-cylinder-factory-1-980x1244.webp 980w, https:\/\/www.hydraulic-cylinders.net\/wp-content\/uploads\/2025\/01\/hydraulic-cylinder-factory-1-480x610.webp 480w\" alt=\"\" width=\"2016\" height=\"2560\" \/><\/h2>\n<p>Meill\u00e4 on ensiluokkainen itsen\u00e4inen tutkimus- ja kehitysalusta kokoonpanoa varten. Trukkisylinterien tuotantolaitoksessa on nelj\u00e4 puoliautomaattista nostosylinterien kokoonpanolinjaa ja t\u00e4ysautomaattinen kallistussylinterien kokoonpanolinja, joiden suunniteltu vuotuinen tuotantokapasiteetti on miljoona kappaletta. Erikoissylinterity\u00f6pajassa on erilaisten spesifikaatioiden puoliautomaattisia puhdistus- ja kokoonpanoj\u00e4rjestelmi\u00e4, joiden suunniteltu vuotuinen tuotantokapasiteetti on 200 000 kappaletta. Se on varustettu tunnettujen merkkien CNC-ty\u00f6st\u00f6koneilla, ty\u00f6st\u00f6keskuksilla, erikoislaitteilla tarkkuussylinterien ty\u00f6st\u00f6\u00f6n, robottihitsauskoneilla, automaattisilla puhdistuskoneilla, automaattisilla sylinterien kokoonpanokoneilla ja automaattisilla maalintuotantolinjoilla. Meill\u00e4 on k\u00e4yt\u00f6ss\u00e4 yli 300 keskeist\u00e4 laitetta. Laitteiden optimoitu kohdentaminen ja tehokas k\u00e4ytt\u00f6 varmistavat tuotteiden tarkkuusvaatimukset ja t\u00e4ytt\u00e4v\u00e4t tuotteiden korkeat laatustandardit.<\/p>\n<p>Koneistamo on varustettu mittatilausty\u00f6n\u00e4 valmistetuilla kallistuskiskojen sorvauskeskuksilla, ty\u00f6st\u00f6keskuksilla, nopeilla hoonauskoneilla, hitsausroboteilla ja muilla asiaankuuluvilla laitteilla, jotka pystyv\u00e4t k\u00e4sittelem\u00e4\u00e4n enint\u00e4\u00e4n 400 mm:n sis\u00e4halkaisijan ja enint\u00e4\u00e4n 6 metrin pituisten sylinteriputkien ty\u00f6st\u00f6\u00e4.<\/p>\n<h2><img loading=\"lazy\" decoding=\"async\" class=\"alignnone size-full wp-image-16973\" src=\"https:\/\/www.hydraulic-cylinders.net\/wp-content\/uploads\/2025\/01\/hydraulic-cylinder-factory-2-scaled.webp\" sizes=\"(min-width: 0px) and (max-width: 480px) 480px, (min-width: 481px) and (max-width: 980px) 980px, (min-width: 981px) and (max-width: 1280px) 1280px, (min-width: 1281px) 2011px, 100vw\" srcset=\"https:\/\/www.hydraulic-cylinders.net\/wp-content\/uploads\/2025\/01\/hydraulic-cylinder-factory-2-scaled.webp 2011w, https:\/\/www.hydraulic-cylinders.net\/wp-content\/uploads\/2025\/01\/hydraulic-cylinder-factory-2-1280x1629.webp 1280w, https:\/\/www.hydraulic-cylinders.net\/wp-content\/uploads\/2025\/01\/hydraulic-cylinder-factory-2-980x1248.webp 980w, https:\/\/www.hydraulic-cylinders.net\/wp-content\/uploads\/2025\/01\/hydraulic-cylinder-factory-2-480x611.webp 480w\" alt=\"\" width=\"2011\" height=\"2560\" \/><\/h2>\n<p>Meill\u00e4 on t\u00e4ysautomaattinen vesiohenteisen maalin pinnoituslinja pienille ja keskisuurille sylintereille, joka toteuttaa automaattisen lastauksen ja purkauksen sek\u00e4 automaattiset ruiskutusrobotit. Suunniteltu tuotantokapasiteetti on 4000 paikkaa vuorossa. Meill\u00e4 on toinen puoliautomaattinen maalauslinja suurille sylintereille, jota k\u00e4ytt\u00e4\u00e4 voimansiirtoketju, ja sen suunnittelukapasiteetti on 60 laatikkoa vuorossa.<\/p>\n<p>Parantaaksemme tuotteidemme suorituskyky\u00e4 entisest\u00e4\u00e4n ja vakiinnuttaaksemme hydraulisylintereidemme johtavan aseman alalla, yrityksemme ja zjimee perustivat yhdess\u00e4 kattavan hydraulisylintereiden, hydrauliventtiilien ja hydraulipumppujen suorituskykylaboratorion. Laboratoriossa tehd\u00e4\u00e4n tietokoneella avustettua testausta s\u00e4hk\u00f6hydraulisella tekniikalla, ja testiolosuhteet asetetaan tietokoneella ennalta, mik\u00e4 parantaa testien tarkkuutta ja j\u00e4rjestelm\u00e4n monipuolisuutta sek\u00e4 kokeellisia tietoja.<\/p>\n<p>Automaattinen tiedonkeruu toteutetaan antureiden avulla, ja tietokone k\u00e4sittelee suoraan l\u00e4ht\u00f6tiedot, kuten sylinterin tai venttiilin sis\u00e4isen vuodon ja kuormitustehokkuuden, ja muuntaa ne standardiyksik\u00f6iksi (ml\/min\u00b3TP\u00b3T). Samanaikaisesti hydraulij\u00e4rjestelm\u00e4n k\u00e4ytt\u00f6turvallisuuden varmistamiseksi suoritetaan tilanvalvontatoiminto t\u00e4rkeille suorituskykyparametreille, kuten \"\u00f6ljyn l\u00e4mp\u00f6tilan valvonta, nestetason valvonta, suodatinlaitteen valvonta\" jne. N\u00e4ist\u00e4 parametreista hydraulisylinterin testiteline voi testata \"kuormituksen\" suorituskyky\u00e4.<br \/>\nhy\u00f6tysuhdetta \u201dja\u201d sis\u00e4ist\u00e4 vuotoa\u201d lukemien avulla. Samalla se on varustettu ritil\u00e4viivaimella mittaavalla laitteella, joka t\u00e4ytt\u00e4\u00e4 kaikkien hydraulisylinterituotteiden testattavien kohteiden vaatimukset kansallisen standardin mukaisesti.<\/p>","protected":false},"excerpt":{"rendered":"<p>Top Link Hydraulic Cylinder Our top link hydraulic cylinder for tractors is engineered for seamless integration with three-point hitch systems, providing precise control for agricultural implements. Designed to enhance efficiency, this hydraulic solution adjusts plows, seeders, and mowers accurately, making it ideal for plowing, no-till seeding, and grassland management. It is built with high-strength materials [&hellip;]<\/p>","protected":false},"featured_media":19982,"comment_status":"open","ping_status":"closed","template":"","meta":{"_et_pb_use_builder":"","_et_pb_old_content":"","_et_gb_content_width":""},"product_brand":[],"product_cat":[1554],"product_tag":[],"class_list":{"0":"post-19979","1":"product","2":"type-product","3":"status-publish","4":"has-post-thumbnail","6":"product_cat-top-link-hydraulic-cylinder","8":"first","9":"instock","10":"shipping-taxable","11":"product-type-simple"},"amp_enabled":true,"_links":{"self":[{"href":"https:\/\/www.hydraulic-cylinders.net\/fi\/wp-json\/wp\/v2\/product\/19979","targetHints":{"allow":["GET"]}}],"collection":[{"href":"https:\/\/www.hydraulic-cylinders.net\/fi\/wp-json\/wp\/v2\/product"}],"about":[{"href":"https:\/\/www.hydraulic-cylinders.net\/fi\/wp-json\/wp\/v2\/types\/product"}],"replies":[{"embeddable":true,"href":"https:\/\/www.hydraulic-cylinders.net\/fi\/wp-json\/wp\/v2\/comments?post=19979"}],"wp:featuredmedia":[{"embeddable":true,"href":"https:\/\/www.hydraulic-cylinders.net\/fi\/wp-json\/wp\/v2\/media\/19982"}],"wp:attachment":[{"href":"https:\/\/www.hydraulic-cylinders.net\/fi\/wp-json\/wp\/v2\/media?parent=19979"}],"wp:term":[{"taxonomy":"product_brand","embeddable":true,"href":"https:\/\/www.hydraulic-cylinders.net\/fi\/wp-json\/wp\/v2\/product_brand?post=19979"},{"taxonomy":"product_cat","embeddable":true,"href":"https:\/\/www.hydraulic-cylinders.net\/fi\/wp-json\/wp\/v2\/product_cat?post=19979"},{"taxonomy":"product_tag","embeddable":true,"href":"https:\/\/www.hydraulic-cylinders.net\/fi\/wp-json\/wp\/v2\/product_tag?post=19979"}],"curies":[{"name":"wp","href":"https:\/\/api.w.org\/{rel}","templated":true}]}}