{"id":20141,"date":"2025-05-11T14:31:41","date_gmt":"2025-05-11T14:31:41","guid":{"rendered":"https:\/\/www.hydraulic-cylinders.net\/?post_type=product&#038;p=20141"},"modified":"2025-05-12T05:30:19","modified_gmt":"2025-05-12T05:30:19","slug":"hydraulic-cylinders-for-crawler-crane","status":"publish","type":"product","link":"https:\/\/www.hydraulic-cylinders.net\/fi\/tuote\/hydraulic-cylinders-for-crawler-crane\/","title":{"rendered":"Telaketjunosturin hydraulisylinterit"},"content":{"rendered":"<h1 style=\"text-align: center;\"><strong>Telaketjunosturin hydraulisylinterit<\/strong><\/h1>\n<p><img loading=\"lazy\" decoding=\"async\" class=\"wp-image-20150 aligncenter\" src=\"https:\/\/www.hydraulic-cylinders.net\/wp-content\/uploads\/2025\/05\/hydraulic-cylinders-for-crawler-crane-scaled.webp\" alt=\"\" width=\"500\" height=\"500\" \/><\/p>\n<section id=\"introduction\">Ever-Power Huachang Hydraulic -tela-alustaisen nosturin hydraulisylinteri on kest\u00e4v\u00e4 tela-alustaisen nosturin sylinteri, joka on suunniteltu raskaaseen nostoon ja on yhteensopiva mallien, kuten Liebherr LR 1300 ja Manitowoc 14000, kanssa. Tarkkuutta ajatellen suunniteltu t\u00e4m\u00e4 tela-alustaisen nosturin hydraulisylinteri parantaa nosturin hydraulij\u00e4rjestelm\u00e4n suorituskyky\u00e4 rakennus-, kaivos- ja teollisuusprojekteissa ja tarjoaa luotettavaa tehoa ja vakautta vaativiin teht\u00e4viin.<\/section>\n<section id=\"specifications\">\n<h2><strong>Tekniset tiedot:<\/strong><\/h2>\n<p><strong>Toiminto:<\/strong>\u00a0Puskurointivaikutus<br \/>\n<strong>Sylinterin halkaisija:<\/strong>\u00a0120 mm\u2013300 mm<br \/>\n<strong>Tangon halkaisija:<\/strong>\u00a0100 mm\u2013280 mm<br \/>\n<strong>Matkustaa:<\/strong>\u00a0148 mm\u2013320 mm<br \/>\n<strong>Suurin paine:<\/strong>\u00a040MPa<br \/>\n<strong>Suurin ty\u00f6nt\u00f6voima:<\/strong>\u00a02463KN<\/p>\n<\/section>\n<section id=\"features\">\n<h2><strong>Telaketjunosturin hydraulisylinterin t\u00e4rkeimm\u00e4t ominaisuudet:<\/strong><\/h2>\n<ul>\n<li><strong>Vankka nostokapasiteetti:<\/strong>\u00a0Telaketjunosturin hydraulisylinteri tarjoaa erinomaisen kuormankantokyvyn, mik\u00e4 tekee siit\u00e4 ihanteellisen telaketjunosturin sylinterin raskaisiin nostoihin haastavissa ymp\u00e4rist\u00f6iss\u00e4.<\/li>\n<li><strong>Kest\u00e4v\u00e4 rakenne:<\/strong>\u00a0T\u00e4m\u00e4 eritt\u00e4in lujasta ter\u00e4ksest\u00e4 ja korroosionkest\u00e4v\u00e4st\u00e4 pinnoitteesta valmistettu raskaaseen k\u00e4ytt\u00f6\u00f6n tarkoitettu hydraulisylinteri kest\u00e4\u00e4 ankaria olosuhteita ja varmistaa pitk\u00e4ik\u00e4isen suorituskyvyn nostureiden hydraulij\u00e4rjestelmiss\u00e4.<\/li>\n<li><strong>Tarkkuustekniikka:<\/strong>\u00a0Telaketjunostureihin saumattomasti integroitavaksi suunniteltu t\u00e4m\u00e4 teollisuushydraulisylinteri parantaa telaketjunostureiden hydraulisylinterin vakautta ja tehokkuutta.<\/li>\n<li><strong>V\u00e4h\u00e4inen huoltotarve:<\/strong>\u00a0Edistyksellisen tiivistystekniikan ansiosta telaketjunosturin sylinteri minimoi kulumisen, mik\u00e4 alentaa yll\u00e4pitokustannuksia ja tarjoaa luotettavan hydraulisylinterin telaketjunosturin nostamiseen.<\/li>\n<\/ul>\n<\/section>\n<section id=\"applications\">\n<h2><strong>Telaketjunosturin hydraulisylinterin sovellukset:<\/strong><\/h2>\n<p><img loading=\"lazy\" decoding=\"async\" class=\"alignnone size-full wp-image-20166\" src=\"https:\/\/www.hydraulic-cylinders.net\/wp-content\/uploads\/2025\/05\/hydraulic-cylinder-application-1.webp\" alt=\"\" width=\"2048\" height=\"1152\" srcset=\"https:\/\/www.hydraulic-cylinders.net\/wp-content\/uploads\/2025\/05\/hydraulic-cylinder-application-1.webp 2048w, https:\/\/www.hydraulic-cylinders.net\/wp-content\/uploads\/2025\/05\/hydraulic-cylinder-application-1-1280x720.webp 1280w, https:\/\/www.hydraulic-cylinders.net\/wp-content\/uploads\/2025\/05\/hydraulic-cylinder-application-1-980x551.webp 980w, https:\/\/www.hydraulic-cylinders.net\/wp-content\/uploads\/2025\/05\/hydraulic-cylinder-application-1-480x270.webp 480w\" sizes=\"(min-width: 0px) and (max-width: 480px) 480px, (min-width: 481px) and (max-width: 980px) 980px, (min-width: 981px) and (max-width: 1280px) 1280px, (min-width: 1281px) 2048px, 100vw\" \/><\/p>\n<ul>\n<li><strong>Rakennusprojektit:<\/strong>\u00a0Telaketjunosturin hydraulisylinteri on erinomainen valinta rakentamiseen, sill\u00e4 se on telaketjunostureiden raskaaseen k\u00e4ytt\u00f6\u00f6n tarkoitettu hydraulisylinteri ter\u00e4spalkkien ja betonilaattojen nostamiseen tarkasti.<\/li>\n<li><strong>Kaivostoiminta:<\/strong>\u00a0Kaivostoimintaan suunniteltu telaketjunosturin sylinteri tukee raskaiden kuormien, kuten malmin, tehokasta nostamista ja parantaa telaketjunosturin hydraulisylinterin suorituskyky\u00e4 ep\u00e4tasaisessa maastossa.<\/li>\n<li><strong>Teollisuuden raskaat koneet:<\/strong>\u00a0Teollisuusymp\u00e4rist\u00f6ihin ihanteellinen raskaiden koneiden teollisuushydraulisylinteri varmistaa turvallisen ja luotettavan suorituskyvyn tehtaissa ja suurissa projekteissa.<\/li>\n<\/ul>\n<\/section>\n<section id=\"explore-more\">\n<h2><strong>Tutustu muihin telaketjunosturisylintereihin:<\/strong><\/h2>\n<p>Tarjoamme my\u00f6s laajan valikoiman muita tela-alustaisten nostureiden sylintereit\u00e4 erilaisiin nostotarpeisiin. Tarvitsetpa sitten hydraulisylinterin tela-alustaisten nostureiden k\u00e4ytt\u00f6\u00f6n tai tela-alustaisen nosturin sylinterin vaihtoa, Ever-Power Huachang Hydraulic tarjoaa ratkaisun. Tutustu koko valikoimaamme. <a href=\"https:\/\/www.hydraulic-cylinders.net\/fi\/mobile-crane-hydraulic-cylinders\/\">telaketjunosturin sylinterit<\/a>.<\/p>\n<h2 dir=\"auto\"><strong>Mik\u00e4 on telaketjunosturin hydraulisylinterin suurin sallittu k\u00e4ytt\u00f6paine?<\/strong><\/h2>\n<p dir=\"auto\">Telaketjunosturin hydraulisylinterin suurin k\u00e4ytt\u00f6paine on 350 baaria, kuten tuotesivun teknisiss\u00e4 tiedoissa on m\u00e4\u00e4ritelty. T\u00e4m\u00e4 korkeapaineominaisuus varmistaa, ett\u00e4 telaketjunosturin hydraulisylinteri pystyy k\u00e4sittelem\u00e4\u00e4n raskaiden nostojen ja tarkkojen telaketjunosturin sylinteritoimintojen \u00e4\u00e4rimm\u00e4iset vaatimukset haastavissa ymp\u00e4rist\u00f6iss\u00e4, kuten rakennusty\u00f6mailla, kaivostoiminnassa ja teollisuusprojekteissa. 350 baarin nimellispaine heijastaa t\u00e4m\u00e4n raskaaseen k\u00e4ytt\u00f6\u00f6n tarkoitetun hydraulisylinterin vankkaa suunnittelua, jonka ansiosta se pystyy tukemaan merkitt\u00e4vi\u00e4 kuormia \u2013 jopa useita tonneja \u2013 s\u00e4ilytt\u00e4en samalla nosturin hydraulij\u00e4rjestelm\u00e4n rakenteellisen eheyden ja toiminnallisen vakauden.<\/p>\n<p dir=\"auto\">T\u00e4m\u00e4 painekynnys saavutetaan k\u00e4ytt\u00e4m\u00e4ll\u00e4 eritt\u00e4in lujaa ter\u00e4srakennetta ja edistynytt\u00e4 tiivistystekniikkaa, jotka est\u00e4v\u00e4t vuodot ja kest\u00e4v\u00e4t jatkuvan k\u00e4yt\u00f6n ankarissa olosuhteissa, kuten p\u00f6lyisess\u00e4 maastossa tai kosteissa rannikkoalueilla. Lis\u00e4ksi telaketjunosturin hydraulisylinteri on suunniteltu mukautettavilla sylinterin halkaisimilla (180 mm - 300 mm) ja iskunpituuksilla (600 mm - 2500 mm), mink\u00e4 ansiosta se mukautuu vaihteleviin painevaatimuksiin eri telaketjunosturimalleissa, kuten Liebherr LR 1300 ja Manitowoc 14000.<\/p>\n<p dir=\"auto\">T\u00e4m\u00e4n paineenkestokyvyn ja kest\u00e4v\u00e4n rakenteen yhdistelm\u00e4 minimoi kulumisen, v\u00e4hent\u00e4\u00e4 huoltotarvetta ja pident\u00e4\u00e4 teollisuushydraulisylinterin k\u00e4ytt\u00f6ik\u00e4\u00e4, mik\u00e4 tekee siit\u00e4 erinomaisen telaketjunosturin sylinterin korvaajan k\u00e4ytt\u00e4jille, jotka etsiv\u00e4t luotettavaa suorituskyky\u00e4 raskaissa sovelluksissa. Jos tarvitset erityisi\u00e4 paineenmuokkaus- tai yhteensopivuustietoja, ota yhteytt\u00e4 Ever-Power Huachang Hydraulic -asiantuntijatiimiin.<\/p>\n<\/section>\n<section id=\"company-introduction\">\n<h2><strong>Tietoja Ever-Power Huachang Hydraulicista:<\/strong><\/h2>\n<h2><img loading=\"lazy\" decoding=\"async\" class=\"alignnone size-full wp-image-16972\" src=\"https:\/\/www.hydraulic-cylinders.net\/wp-content\/uploads\/2025\/01\/hydraulic-cylinder-factory-1-scaled.webp\" alt=\"\" width=\"2016\" height=\"2560\" srcset=\"https:\/\/www.hydraulic-cylinders.net\/wp-content\/uploads\/2025\/01\/hydraulic-cylinder-factory-1-scaled.webp 2016w, https:\/\/www.hydraulic-cylinders.net\/wp-content\/uploads\/2025\/01\/hydraulic-cylinder-factory-1-1280x1625.webp 1280w, https:\/\/www.hydraulic-cylinders.net\/wp-content\/uploads\/2025\/01\/hydraulic-cylinder-factory-1-980x1244.webp 980w, https:\/\/www.hydraulic-cylinders.net\/wp-content\/uploads\/2025\/01\/hydraulic-cylinder-factory-1-480x610.webp 480w\" sizes=\"(min-width: 0px) and (max-width: 480px) 480px, (min-width: 481px) and (max-width: 980px) 980px, (min-width: 981px) and (max-width: 1280px) 1280px, (min-width: 1281px) 2016px, 100vw\" \/><\/h2>\n<p>Meill\u00e4 on huippuluokan itsen\u00e4inen kokoonpanoon keskittynyt tutkimus- ja kehitysalusta, joka varmistaa huippuluokan innovaatiot ja laadun valmistusprosesseissamme. Trukkisylinterien tuotantolaitoksessamme on nelj\u00e4 puoliautomaattista nostosylinterien kokoonpanolinjaa ja t\u00e4ysautomaattinen kallistussylinterien kokoonpanolinja, jotka on yhteens\u00e4 suunniteltu tuottamaan jopa miljoona yksikk\u00f6\u00e4 vuodessa.<\/p>\n<p>Koneistamossamme on mittatilausty\u00f6n\u00e4 valmistetut kallistuskiskosorvauskeskukset, ty\u00f6st\u00f6keskukset, nopeat hoonauskoneet, hitsausrobotit ja muut t\u00e4rke\u00e4t laitteet. T\u00e4m\u00e4n laitteiston avulla voimme ty\u00f6st\u00e4\u00e4 enint\u00e4\u00e4n 400 mm:n sis\u00e4halkaisijan ja jopa 6 metrin pituisia sylinteriputkia, mik\u00e4 parantaa entisest\u00e4\u00e4n tuotantokapasiteettiamme.<\/p>\n<p>K\u00e4yt\u00e4mme t\u00e4ysautomaattista vesipohjaisten maalien pinnoituslinjaa, joka on erityisesti suunniteltu pienille ja keskisuurille sylintereille. Linjassa on automaattiset lastaus-, purku- ja ruiskutusrobotit. T\u00e4m\u00e4n huippumodernin j\u00e4rjestelm\u00e4n tuotantokapasiteetti on 4 000 yksikk\u00f6\u00e4 vuorossa. Lis\u00e4ksi meill\u00e4 on puoliautomaattinen ketjuk\u00e4ytt\u00f6inen maalauslinja suurille sylintereille, jonka suunnittelukapasiteetti on 60 laatikkoa vuorossa.<\/p>\n<h2><img loading=\"lazy\" decoding=\"async\" class=\"alignnone size-full wp-image-16973\" src=\"https:\/\/www.hydraulic-cylinders.net\/wp-content\/uploads\/2025\/01\/hydraulic-cylinder-factory-2-scaled.webp\" alt=\"\" width=\"2011\" height=\"2560\" srcset=\"https:\/\/www.hydraulic-cylinders.net\/wp-content\/uploads\/2025\/01\/hydraulic-cylinder-factory-2-scaled.webp 2011w, https:\/\/www.hydraulic-cylinders.net\/wp-content\/uploads\/2025\/01\/hydraulic-cylinder-factory-2-1280x1629.webp 1280w, https:\/\/www.hydraulic-cylinders.net\/wp-content\/uploads\/2025\/01\/hydraulic-cylinder-factory-2-980x1248.webp 980w, https:\/\/www.hydraulic-cylinders.net\/wp-content\/uploads\/2025\/01\/hydraulic-cylinder-factory-2-480x611.webp 480w\" sizes=\"(min-width: 0px) and (max-width: 480px) 480px, (min-width: 481px) and (max-width: 980px) 980px, (min-width: 981px) and (max-width: 1280px) 1280px, (min-width: 1281px) 2011px, 100vw\" \/><\/h2>\n<p>Parantaaksemme tuotteidemme suorituskyky\u00e4 ja vahvistaaksemme johtoasemaamme hydraulisylintereiden alalla olemme tehneet yhteisty\u00f6t\u00e4 ZJIMEE:n kanssa perustaaksemme kattavan suorituskykylaboratorion, joka on omistettu hydraulisylintereille, venttiileille ja pumpuille. T\u00e4m\u00e4 edistynyt laboratorio hy\u00f6dynt\u00e4\u00e4 tietokoneella avustettua testausta s\u00e4hk\u00f6hydraulisella teknologialla, mik\u00e4 mahdollistaa ennalta asetetut testiolosuhteet, jotka parantavat tarkkuutta ja j\u00e4rjestelm\u00e4n monipuolisuutta. Automaattinen tiedonkeruuprosessi k\u00e4ytt\u00e4\u00e4 antureita tulostietojen, kuten sis\u00e4isen vuodon ja kuormitustehokkuuden, ker\u00e4\u00e4miseen. Tietokone k\u00e4sittelee tiedot ja muuntaa ne standardiyksik\u00f6iksi (ml\/min%).<\/p>\n<p>Telaketjunosturin hydraulisylinteri osoittaa sitoutumistamme laatuun ja suorituskykyyn. Se on suunniteltu raskaaseen k\u00e4ytt\u00f6\u00f6n tarkoitetuksi hydraulisylinteriksi telaketjunostureiden nostamiseen, erityisesti Liebherrin, Manitowocin ja Kobelcon malleihin. Suuret laitevalmistajat maailmanlaajuisesti luottavat tuotteisiimme, ja ne ovat ansainneet vahvan maineen luotettavuudestaan, ja Ever-Power Huachang Hydraulic on tunnustettu hydraulisylinterien valmistajan johtajaksi.<\/p>\n<\/section>","protected":false},"excerpt":{"rendered":"<p>Hydraulic Cylinders for Crawler Crane The Hydraulic Cylinder for Crawler Crane from Ever-Power Huachang Hydraulic is a robust crawler crane cylinder designed for heavy-duty lifting, compatible with models like Liebherr LR 1300 and Manitowoc 14000. Engineered for precision, this hydraulic cylinder for crawler crane lifting enhances crane hydraulic system performance in construction, mining, and industrial [&hellip;]<\/p>","protected":false},"featured_media":20162,"comment_status":"open","ping_status":"closed","template":"","meta":{"_et_pb_use_builder":"","_et_pb_old_content":"","_et_gb_content_width":""},"product_brand":[],"product_cat":[1514],"product_tag":[],"class_list":{"0":"post-20141","1":"product","2":"type-product","3":"status-publish","4":"has-post-thumbnail","6":"product_cat-mobile-crane-hydraulic-cylinders","8":"first","9":"instock","10":"shipping-taxable","11":"product-type-simple"},"amp_enabled":true,"_links":{"self":[{"href":"https:\/\/www.hydraulic-cylinders.net\/fi\/wp-json\/wp\/v2\/product\/20141","targetHints":{"allow":["GET"]}}],"collection":[{"href":"https:\/\/www.hydraulic-cylinders.net\/fi\/wp-json\/wp\/v2\/product"}],"about":[{"href":"https:\/\/www.hydraulic-cylinders.net\/fi\/wp-json\/wp\/v2\/types\/product"}],"replies":[{"embeddable":true,"href":"https:\/\/www.hydraulic-cylinders.net\/fi\/wp-json\/wp\/v2\/comments?post=20141"}],"wp:featuredmedia":[{"embeddable":true,"href":"https:\/\/www.hydraulic-cylinders.net\/fi\/wp-json\/wp\/v2\/media\/20162"}],"wp:attachment":[{"href":"https:\/\/www.hydraulic-cylinders.net\/fi\/wp-json\/wp\/v2\/media?parent=20141"}],"wp:term":[{"taxonomy":"product_brand","embeddable":true,"href":"https:\/\/www.hydraulic-cylinders.net\/fi\/wp-json\/wp\/v2\/product_brand?post=20141"},{"taxonomy":"product_cat","embeddable":true,"href":"https:\/\/www.hydraulic-cylinders.net\/fi\/wp-json\/wp\/v2\/product_cat?post=20141"},{"taxonomy":"product_tag","embeddable":true,"href":"https:\/\/www.hydraulic-cylinders.net\/fi\/wp-json\/wp\/v2\/product_tag?post=20141"}],"curies":[{"name":"wp","href":"https:\/\/api.w.org\/{rel}","templated":true}]}}