{"id":20144,"date":"2025-05-11T14:42:32","date_gmt":"2025-05-11T14:42:32","guid":{"rendered":"https:\/\/www.hydraulic-cylinders.net\/?post_type=product&#038;p=20144"},"modified":"2025-05-12T05:30:31","modified_gmt":"2025-05-12T05:30:31","slug":"power-pin-hydraulic-cylinders-for-crawler-crane","status":"publish","type":"product","link":"https:\/\/www.hydraulic-cylinders.net\/fi\/tuote\/power-pin-hydraulic-cylinders-for-crawler-crane\/","title":{"rendered":"Telaketjunosturin voimatappihydrauliset sylinterit"},"content":{"rendered":"<h1 style=\"text-align: center;\"><strong>Telaketjunosturin voimatappihydrauliset sylinterit<\/strong><\/h1>\n<p><img loading=\"lazy\" decoding=\"async\" class=\"wp-image-20152 aligncenter\" src=\"https:\/\/www.hydraulic-cylinders.net\/wp-content\/uploads\/2025\/05\/pin-shaft-hydraulic-cylinders-for-crawler-crane-2-scaled.webp\" alt=\"\" width=\"500\" height=\"500\" \/><\/p>\n<p>Ever-Power Huachang Hydraulisen ylpe\u00e4n\u00e4 valmistamat tela-alustaisille nostureille tarkoitetut tappiakselihydrauliset sylinterit edustavat tekniikan huippuosaamista kest\u00e4v\u00e4n\u00e4 tappiakselisylinterin\u00e4, joka on suunniteltu erityisesti tela-alustaisten nostureiden raskaiden nostojen tiukkoihin vaatimuksiin. T\u00e4m\u00e4 johtavien mallien kanssa yhteensopiva tappiakselirakenteinen hydraulisylinteri tarjoaa vertaansa vailla olevaa vakautta ja tarkkuutta, mik\u00e4 tekee siit\u00e4 ihanteellisen tela-alustaisten nostureiden sylinterin rakennusty\u00f6maille, kaivostoimintaan ja laaja-alaisiin teollisuusprojekteihin. Eritt\u00e4in lujasta seoster\u00e4ksest\u00e4 ja edistyneell\u00e4 korroosionestopinnoitteella valmistettu raskaaseen k\u00e4ytt\u00f6\u00f6n tarkoitettu hydraulisylinteri varmistaa kest\u00e4vyyden ja luotettavuuden jopa ankarimmissakin olosuhteissa, kuten p\u00f6lyisiss\u00e4 maastoissa, kosteissa rannikkoalueilla tai korkealla sijaitsevilla ty\u00f6mailla. T\u00e4ss\u00e4 tela-alustaisille nostureille tarkoitetussa tappiakselihydraulisessa sylinteriss\u00e4 on ainutlaatuinen tappiakselimekanismi, joka optimoi kuorman jakautumisen ja parantaa turvallisuutta nostoteht\u00e4viss\u00e4, ja sen mukautettavat sylinterin koot (180 mm - 300 mm) ja iskunpituudet (1000 mm - 4000 mm) mahdollistavat r\u00e4\u00e4t\u00e4l\u00f6idyn suorituskyvyn erilaisten k\u00e4ytt\u00f6tarpeiden t\u00e4ytt\u00e4miseksi. Huippuluokan tuotantolaitoksemme ja tiukkojen testausstandardien tukema t\u00e4m\u00e4 raskaaseen k\u00e4ytt\u00f6\u00f6n tarkoitettu tappiakselihydraulinen sylinteri on osoitus sitoutumisestamme laatuun ja tarjoaa luotettavan ratkaisun k\u00e4ytt\u00e4jille, jotka etsiv\u00e4t telaketjunosturin sylinteri\u00e4 tappimekanismilla tehokkuuden maksimoimiseksi ja seisokkiaikojen minimoimiseksi.<\/p>\n<section id=\"specifications\">\n<h2><strong>Tekniset tiedot:<\/strong><\/h2>\n<p><strong>Toiminto:<\/strong>\u00a0Hallitse varren rungon liikett\u00e4<br \/>\n<strong>Sylinterin halkaisija:<\/strong>\u00a050 mm\u2013125 mm<br \/>\n<strong>Tangon halkaisija:<\/strong>\u00a025 mm\u201375 mm<br \/>\n<strong>Matkustaa:<\/strong>\u00a0160 mm\u2013390 mm<br \/>\n<strong>Suurin paine:<\/strong>\u00a025MPa<br \/>\n<strong>Suurin ty\u00f6nt\u00f6voima:<\/strong>\u00a0307KN<\/p>\n<\/section>\n<section id=\"features\">\n<h2><strong>Telaketjunosturin tappiakselihydraulisylinterien t\u00e4rkeimm\u00e4t ominaisuudet:<\/strong><\/h2>\n<ul>\n<li><strong>Parannettu tapin akselin vakaus:<\/strong>\u00a0Tela-alustaisten nostureiden tappiakselisylintereiss\u00e4 on tappiakselisylinterin rakenne, joka parantaa kuorman jakautumista ja varmistaa vakauden raskaiden nostotoimintojen aikana.<\/li>\n<li><strong>Korroosionkest\u00e4v\u00e4 rakenne:<\/strong>\u00a0T\u00e4m\u00e4 eritt\u00e4in lujasta seoster\u00e4ksest\u00e4 ja korroosionestopinnoitteella valmistettu raskaaseen k\u00e4ytt\u00f6\u00f6n tarkoitettu hydraulisylinteri kest\u00e4\u00e4 vaativia ymp\u00e4rist\u00f6j\u00e4, kuten p\u00f6lyisi\u00e4 ja kosteita olosuhteita.<\/li>\n<li><strong>Tarkka kuormank\u00e4sittely:<\/strong>\u00a0Tappiakselirakenteinen hydraulisylinteri tarjoaa tarkan liikkeenohjauksen, mik\u00e4 tekee siit\u00e4 luotettavan telaketjunosturin sylinterin vaativiin teollisuusteht\u00e4viin.<\/li>\n<li><strong>V\u00e4h\u00e4inen huoltotarve:<\/strong>\u00a0Edistyksellisen tiivistystekniikan ansiosta t\u00e4m\u00e4 tappiakselihydraulinen sylinteri minimoi kulumisen ja v\u00e4hent\u00e4\u00e4 telaketjunosturisovellusten huoltotarvetta.<\/li>\n<\/ul>\n<\/section>\n<section id=\"applications\">\n<h2><strong>Telaketjunosturin tapin akselin hydraulisylintereiden sovellukset:<\/strong><\/h2>\n<p><img loading=\"lazy\" decoding=\"async\" class=\"size-full wp-image-20167 aligncenter\" src=\"https:\/\/www.hydraulic-cylinders.net\/wp-content\/uploads\/2025\/05\/Power-Pin-Hydraulic-Cylinders-for-Crawler-Crane-application.webp\" alt=\"\" width=\"1643\" height=\"945\" srcset=\"https:\/\/www.hydraulic-cylinders.net\/wp-content\/uploads\/2025\/05\/Power-Pin-Hydraulic-Cylinders-for-Crawler-Crane-application.webp 1643w, https:\/\/www.hydraulic-cylinders.net\/wp-content\/uploads\/2025\/05\/Power-Pin-Hydraulic-Cylinders-for-Crawler-Crane-application-1280x736.webp 1280w, https:\/\/www.hydraulic-cylinders.net\/wp-content\/uploads\/2025\/05\/Power-Pin-Hydraulic-Cylinders-for-Crawler-Crane-application-980x564.webp 980w, https:\/\/www.hydraulic-cylinders.net\/wp-content\/uploads\/2025\/05\/Power-Pin-Hydraulic-Cylinders-for-Crawler-Crane-application-480x276.webp 480w\" sizes=\"(min-width: 0px) and (max-width: 480px) 480px, (min-width: 481px) and (max-width: 980px) 980px, (min-width: 981px) and (max-width: 1280px) 1280px, (min-width: 1281px) 1643px, 100vw\" \/><\/p>\n<ul>\n<li><strong>Rakennusty\u00f6maat:<\/strong>\u00a0Raskaisiin nostoihin tarkoitettu tappiakselihydraulinen sylinteri varmistaa ter\u00e4spalkkien ja betonilaattojen turvallisen ja vakaan nostamisen rakennusprojekteissa telaketjunosturin sylintereit\u00e4 k\u00e4ytt\u00e4en.<\/li>\n<li><strong>Kaivostoiminta:<\/strong>\u00a0Kaivostoimintaan suunniteltu tappiakselinen hydraulisylinteri tukee malmin ja laitteiden tehokasta kuormank\u00e4sittely\u00e4 ep\u00e4tasaisessa maastossa.<\/li>\n<li><strong>Teollisuuden raskasnosto:<\/strong>\u00a0Ihanteellinen teollisuusymp\u00e4rist\u00f6ihin, raskaaseen k\u00e4ytt\u00f6\u00f6n tarkoitettu tappiakselihydraulinen sylinteri parantaa suorituskyky\u00e4 tehtaissa ja suurissa projekteissa, jotka vaativat tarkkaa nosturin toimintaa.<\/li>\n<\/ul>\n<\/section>\n<section id=\"explore-more\">\n<h2><strong>Tutustu muihin telaketjunosturisylintereihin:<\/strong><\/h2>\n<p>Tarjoamme my\u00f6s laajan valikoiman muita tela-alustaisten nostureiden sylintereit\u00e4 erilaisiin nostotarpeisiin. Tarvitsetpa sitten tappiakselisylinteri\u00e4 raskaaseen nostoon tai tela-alustaisten nostureiden sylinterin vaihtoa, Ever-Power Huachang Hydraulic tarjoaa ratkaisun. Tutustu koko valikoimaamme. <a href=\"https:\/\/www.hydraulic-cylinders.net\/fi\/mobile-crane-hydraulic-cylinders\/\">telaketjunosturin sylinterit<\/a>.<\/p>\n<\/section>\n<h2 dir=\"auto\"><strong>Mik\u00e4 tekee telaketjunosturin tappiakselihydraulisylintereist\u00e4 sopivia raskaaseen nostoon?<\/strong><\/h2>\n<p dir=\"auto\">Tela-alustaisten nostureiden tappiakselihydraulisylinterit sopivat poikkeuksellisen hyvin raskaisiin nostoihin edistyneiden teknisten ominaisuuksien ja kest\u00e4vien materiaalivalintojen yhdistelm\u00e4n ansiosta, jotka on r\u00e4\u00e4t\u00e4l\u00f6ity tela-alustaisten nostureiden vaativiin vaatimuksiin. Suunnittelunsa ytimess\u00e4 tappiakselisylinterin kokoonpano parantaa kuorman jakautumista tarjoamalla vakaan k\u00e4\u00e4nt\u00f6pisteen, joka minimoi j\u00e4nnityskeskittym\u00e4t noston aikana varmistaen, ett\u00e4 tela-alustaisen nosturin hydraulisylinteri pystyy k\u00e4sittelem\u00e4\u00e4n huomattavia kuormia \u2013 usein useita tonneja \u2013 vaarantamatta rakenteellista eheytt\u00e4. T\u00e4m\u00e4 tappiakselihydraulisylinteri, jonka suurin k\u00e4ytt\u00f6paine on teknisiss\u00e4 tiedoissa m\u00e4\u00e4ritelty 350 baaria, tuottaa tarvittavan voiman raskaiden materiaalien, kuten ter\u00e4spalkkien tai betonilaattojen, nostamiseen rakennusprojekteissa sek\u00e4 malmin ja laitteiden nostamiseen kaivostoiminnassa.<\/p>\n<p dir=\"auto\">Korkean lujuuden omaavan seoster\u00e4ksen ja korroosionestopinnoitteen k\u00e4ytt\u00f6 varmistaa, ett\u00e4 t\u00e4m\u00e4 raskaaseen k\u00e4ytt\u00f6\u00f6n tarkoitettu hydraulisylinteri kest\u00e4\u00e4 ankaria ymp\u00e4rist\u00f6olosuhteita, kuten p\u00f6lyisi\u00e4 rakennusty\u00f6maita, kosteita rannikkoalueita tai korkealla sijaitsevia teollisuusprojekteja, s\u00e4ilytt\u00e4en siten tasaisen suorituskyvyn ja pitk\u00e4n k\u00e4ytt\u00f6i\u00e4n. Lis\u00e4ksi tappiakselilla varustettu hydraulisylinteri tarjoaa tarkan liikkeenohjauksen, mik\u00e4 v\u00e4hent\u00e4\u00e4 kuorman heilumisen tai linjausvirheiden riski\u00e4 nosturin k\u00e4yt\u00f6n aikana, mik\u00e4 on kriittist\u00e4 turvallisuuden ja tehokkuuden kannalta raskaissa nostoteht\u00e4viss\u00e4. Telaketjunosturin sylinteriin integroitu edistynyt tiivistystekniikka minimoi sis\u00e4iset vuodot ja kulumisen, parantaa kest\u00e4vyytt\u00e4 ja v\u00e4hent\u00e4\u00e4 huoltotarvetta, mik\u00e4 on keskeinen n\u00e4k\u00f6kohta k\u00e4ytt\u00e4jille, jotka etsiv\u00e4t luotettavaa tappimekanismilla varustettua telaketjunosturin sylinteri\u00e4.<\/p>\n<p dir=\"auto\">Lis\u00e4ksi mukautettavat sylinterin rei\u00e4n koot (180 mm - 300 mm) ja iskunpituudet (1000 mm - 4000 mm) mahdollistavat raskaaseen k\u00e4ytt\u00f6\u00f6n tarkoitetun tappiakselihydraulisylinterin r\u00e4\u00e4t\u00e4l\u00f6innin tiettyihin nostovaatimuksiin, mik\u00e4 varmistaa optimaalisen suorituskyvyn erilaisissa telaketjunosturimalleissa, kuten Liebherr LR 1300 ja Manitowoc 14000. Ever-Power Huachang Hydraulic:n huippuluokan valmistus- ja tiukkojen testausstandardien, kuten kuormatehokkuuden ja sis\u00e4isten vuotojen arvioinnin, tukema t\u00e4m\u00e4 raskaaseen nostoon tarkoitettu tappiakselisylinteri erottuu luotettavana ratkaisuna teollisuussovelluksiin, tarjoten sek\u00e4 tarkkuutta ett\u00e4 kest\u00e4vyytt\u00e4 toiminnan tehokkuuden ja turvallisuuden maksimoimiseksi.<\/p>\n<section id=\"company-introduction\">\n<h2><strong>Tietoja Ever-Power Huachang Hydraulicista:<\/strong><\/h2>\n<h2><img loading=\"lazy\" decoding=\"async\" class=\"alignnone size-full wp-image-16972\" src=\"https:\/\/www.hydraulic-cylinders.net\/wp-content\/uploads\/2025\/01\/hydraulic-cylinder-factory-1-scaled.webp\" alt=\"\" width=\"2016\" height=\"2560\" srcset=\"https:\/\/www.hydraulic-cylinders.net\/wp-content\/uploads\/2025\/01\/hydraulic-cylinder-factory-1-scaled.webp 2016w, https:\/\/www.hydraulic-cylinders.net\/wp-content\/uploads\/2025\/01\/hydraulic-cylinder-factory-1-1280x1625.webp 1280w, https:\/\/www.hydraulic-cylinders.net\/wp-content\/uploads\/2025\/01\/hydraulic-cylinder-factory-1-980x1244.webp 980w, https:\/\/www.hydraulic-cylinders.net\/wp-content\/uploads\/2025\/01\/hydraulic-cylinder-factory-1-480x610.webp 480w\" sizes=\"(min-width: 0px) and (max-width: 480px) 480px, (min-width: 481px) and (max-width: 980px) 980px, (min-width: 981px) and (max-width: 1280px) 1280px, (min-width: 1281px) 2016px, 100vw\" \/><\/h2>\n<p>Meill\u00e4 on huippuluokan itsen\u00e4inen kokoonpanoon keskittynyt tutkimus- ja kehitysalusta, joka varmistaa huippuluokan innovaatiot ja laadun valmistusprosesseissamme. Trukkisylinterien tuotantolaitoksessamme on nelj\u00e4 puoliautomaattista nostosylinterien kokoonpanolinjaa ja t\u00e4ysautomaattinen kallistussylinterien kokoonpanolinja, jotka on yhteens\u00e4 suunniteltu tuottamaan jopa miljoona yksikk\u00f6\u00e4 vuodessa.<\/p>\n<p>Koneistamossamme on mittatilausty\u00f6n\u00e4 valmistetut kallistuskiskosorvauskeskukset, ty\u00f6st\u00f6keskukset, nopeat hoonauskoneet, hitsausrobotit ja muut t\u00e4rke\u00e4t laitteet. T\u00e4m\u00e4n laitteiston avulla voimme ty\u00f6st\u00e4\u00e4 enint\u00e4\u00e4n 400 mm:n sis\u00e4halkaisijan ja jopa 6 metrin pituisia sylinteriputkia, mik\u00e4 parantaa entisest\u00e4\u00e4n tuotantokapasiteettiamme.<\/p>\n<p>K\u00e4yt\u00e4mme t\u00e4ysautomaattista vesipohjaisten maalien pinnoituslinjaa, joka on erityisesti suunniteltu pienille ja keskisuurille sylintereille. Linjassa on automaattiset lastaus-, purku- ja ruiskutusrobotit. T\u00e4m\u00e4n huippumodernin j\u00e4rjestelm\u00e4n tuotantokapasiteetti on 4 000 yksikk\u00f6\u00e4 vuorossa. Lis\u00e4ksi meill\u00e4 on puoliautomaattinen ketjuk\u00e4ytt\u00f6inen maalauslinja suurille sylintereille, jonka suunnittelukapasiteetti on 60 laatikkoa vuorossa.<\/p>\n<h2><img loading=\"lazy\" decoding=\"async\" class=\"alignnone size-full wp-image-16973\" src=\"https:\/\/www.hydraulic-cylinders.net\/wp-content\/uploads\/2025\/01\/hydraulic-cylinder-factory-2-scaled.webp\" alt=\"\" width=\"2011\" height=\"2560\" srcset=\"https:\/\/www.hydraulic-cylinders.net\/wp-content\/uploads\/2025\/01\/hydraulic-cylinder-factory-2-scaled.webp 2011w, https:\/\/www.hydraulic-cylinders.net\/wp-content\/uploads\/2025\/01\/hydraulic-cylinder-factory-2-1280x1629.webp 1280w, https:\/\/www.hydraulic-cylinders.net\/wp-content\/uploads\/2025\/01\/hydraulic-cylinder-factory-2-980x1248.webp 980w, https:\/\/www.hydraulic-cylinders.net\/wp-content\/uploads\/2025\/01\/hydraulic-cylinder-factory-2-480x611.webp 480w\" sizes=\"(min-width: 0px) and (max-width: 480px) 480px, (min-width: 481px) and (max-width: 980px) 980px, (min-width: 981px) and (max-width: 1280px) 1280px, (min-width: 1281px) 2011px, 100vw\" \/><\/h2>\n<p>Parantaaksemme tuotteidemme suorituskyky\u00e4 ja vahvistaaksemme johtoasemaamme hydraulisylintereiden alalla olemme tehneet yhteisty\u00f6t\u00e4 ZJIMEE:n kanssa perustaaksemme kattavan suorituskykylaboratorion, joka on omistettu hydraulisylintereille, venttiileille ja pumpuille. T\u00e4m\u00e4 edistynyt laboratorio hy\u00f6dynt\u00e4\u00e4 tietokoneella avustettua testausta s\u00e4hk\u00f6hydraulisella teknologialla, mik\u00e4 mahdollistaa ennalta asetetut testiolosuhteet, jotka parantavat tarkkuutta ja j\u00e4rjestelm\u00e4n monipuolisuutta. Automaattinen tiedonkeruuprosessi k\u00e4ytt\u00e4\u00e4 antureita tulostietojen, kuten sis\u00e4isen vuodon ja kuormitustehokkuuden, ker\u00e4\u00e4miseen. Tietokone k\u00e4sittelee tiedot ja muuntaa ne standardiyksik\u00f6iksi (ml\/min%).<\/p>\n<p>Tela-alustaisille nostureille tarkoitetut tappiakselihydraulisylinterit osoittavat sitoutumistamme laatuun ja suorituskykyyn. Ne on suunniteltu raskaaseen k\u00e4ytt\u00f6\u00f6n tarkoitetuiksi hydraulisylintereiksi tela-alustaisille nostureille, erityisesti Liebherrin, Manitowocin ja Kobelcon malleille. Suuret laitevalmistajat maailmanlaajuisesti luottavat tuotteisiimme, ja ne ovat ansainneet vahvan maineen luotettavuudestaan, ja Ever-Power Huachang Hydraulic on tunnustettu hydraulisylintereiden valmistajaksi.<\/p>\n<\/section>","protected":false},"excerpt":{"rendered":"<p>Power Pin Hydraulic Cylinders for Crawler Crane The Pin Shaft Hydraulic Cylinders for Crawler Crane, proudly crafted by Ever-Power Huachang Hydraulic, represent a pinnacle of engineering excellence as a robust pin shaft cylinder designed specifically for the rigorous demands of heavy lifting in crawler crane operations. Compatible with leading models , this hydraulic cylinder with [&hellip;]<\/p>","protected":false},"featured_media":20159,"comment_status":"open","ping_status":"closed","template":"","meta":{"_et_pb_use_builder":"","_et_pb_old_content":"","_et_gb_content_width":""},"product_brand":[],"product_cat":[1514],"product_tag":[],"class_list":{"0":"post-20144","1":"product","2":"type-product","3":"status-publish","4":"has-post-thumbnail","6":"product_cat-mobile-crane-hydraulic-cylinders","8":"first","9":"instock","10":"shipping-taxable","11":"product-type-simple"},"amp_enabled":true,"_links":{"self":[{"href":"https:\/\/www.hydraulic-cylinders.net\/fi\/wp-json\/wp\/v2\/product\/20144","targetHints":{"allow":["GET"]}}],"collection":[{"href":"https:\/\/www.hydraulic-cylinders.net\/fi\/wp-json\/wp\/v2\/product"}],"about":[{"href":"https:\/\/www.hydraulic-cylinders.net\/fi\/wp-json\/wp\/v2\/types\/product"}],"replies":[{"embeddable":true,"href":"https:\/\/www.hydraulic-cylinders.net\/fi\/wp-json\/wp\/v2\/comments?post=20144"}],"wp:featuredmedia":[{"embeddable":true,"href":"https:\/\/www.hydraulic-cylinders.net\/fi\/wp-json\/wp\/v2\/media\/20159"}],"wp:attachment":[{"href":"https:\/\/www.hydraulic-cylinders.net\/fi\/wp-json\/wp\/v2\/media?parent=20144"}],"wp:term":[{"taxonomy":"product_brand","embeddable":true,"href":"https:\/\/www.hydraulic-cylinders.net\/fi\/wp-json\/wp\/v2\/product_brand?post=20144"},{"taxonomy":"product_cat","embeddable":true,"href":"https:\/\/www.hydraulic-cylinders.net\/fi\/wp-json\/wp\/v2\/product_cat?post=20144"},{"taxonomy":"product_tag","embeddable":true,"href":"https:\/\/www.hydraulic-cylinders.net\/fi\/wp-json\/wp\/v2\/product_tag?post=20144"}],"curies":[{"name":"wp","href":"https:\/\/api.w.org\/{rel}","templated":true}]}}