{"id":20145,"date":"2025-05-11T15:02:40","date_gmt":"2025-05-11T15:02:40","guid":{"rendered":"https:\/\/www.hydraulic-cylinders.net\/?post_type=product&#038;p=20145"},"modified":"2025-05-12T05:30:46","modified_gmt":"2025-05-12T05:30:46","slug":"arm-anti-tilt-hydraulic-cylinders-for-crawler-crane-2","status":"publish","type":"product","link":"https:\/\/www.hydraulic-cylinders.net\/fi\/tuote\/arm-anti-tilt-hydraulic-cylinders-for-crawler-crane-2\/","title":{"rendered":"Telaketjunosturin varren kallistusnestohydrauliset sylinterit"},"content":{"rendered":"<h1 style=\"text-align: center;\"><strong>Telaketjunosturin varren kallistusnestohydrauliset sylinterit<\/strong><\/h1>\n<p><img loading=\"lazy\" decoding=\"async\" class=\"wp-image-20149 aligncenter\" src=\"https:\/\/www.hydraulic-cylinders.net\/wp-content\/uploads\/2025\/05\/arm-anti-tilt-hydraulic-cylinders-for-crawler-crane.webp\" alt=\"\" width=\"500\" height=\"500\" srcset=\"https:\/\/www.hydraulic-cylinders.net\/wp-content\/uploads\/2025\/05\/arm-anti-tilt-hydraulic-cylinders-for-crawler-crane.webp 500w, https:\/\/www.hydraulic-cylinders.net\/wp-content\/uploads\/2025\/05\/arm-anti-tilt-hydraulic-cylinders-for-crawler-crane-480x480.webp 480w\" sizes=\"(min-width: 0px) and (max-width: 480px) 480px, (min-width: 481px) 500px, 100vw\" \/><\/p>\n<section id=\"introduction\">Ever-Power Huachang Hydraulisen asiantuntevasti suunnittelemat tela-alustaisen nosturin varren kallistuksenestohydrauliset sylinterit on suunniteltu parantamaan nosturin vakautta ja turvallisuutta raskaissa nostot\u00f6iss\u00e4, ja ne ovat yhteensopivia mallien kanssa. T\u00e4m\u00e4 tela-alustaisen nosturin puomin hydraulisylinteri sis\u00e4lt\u00e4\u00e4 edistyneen kallistuksenestomekanismin, joka est\u00e4\u00e4 nosturin puomin ei-toivotun kallistumisen ja varmistaa tarkan kuormanhallinnan my\u00f6s haastavissa olosuhteissa, kuten ep\u00e4tasaisessa maastossa tai kovassa tuulessa. T\u00e4m\u00e4 eritt\u00e4in lujasta seoster\u00e4ksest\u00e4 ja korroosionkest\u00e4v\u00e4st\u00e4 pinnoitteesta valmistettu raskaaseen k\u00e4ytt\u00f6\u00f6n tarkoitettu hydraulisylinteri kest\u00e4\u00e4 ankaria ymp\u00e4rist\u00f6j\u00e4, kuten p\u00f6lyisi\u00e4 rakennusty\u00f6maita, kosteita rannikkoalueita tai karuja kaivoskentti\u00e4, ja tarjoaa luotettavaa suorituskyky\u00e4 vaativiin sovelluksiin. Mukautettavien reik\u00e4kokojen (180 mm - 300 mm) ja iskunpituuksien (1000 mm - 4000 mm) ansiosta tela-alustaisen nosturin varren kallistuksenestohydrauliset sylinterit tarjoavat r\u00e4\u00e4t\u00e4l\u00f6ityj\u00e4 ratkaisuja erilaisiin k\u00e4ytt\u00f6tarpeisiin, mik\u00e4 tekee niist\u00e4 v\u00e4ltt\u00e4m\u00e4tt\u00f6mi\u00e4 tela-alustaisen nosturin sylintereit\u00e4 kuormanhallinnassa rakennus-, kaivos- ja teollisuusprojekteissa. Huippuluokan valmistus- ja tiukkojen testausstandardiemme tukemana t\u00e4m\u00e4 nosturin vakautta parantava kallistuksenestohydraulinen sylinteri varmistaa minimaaliset seisokkiajat ja maksimaalisen tehokkuuden.<\/section>\n<section id=\"specifications\">\n<h2><strong>Tekniset tiedot:<\/strong><\/h2>\n<p><strong>Toiminto:<\/strong> Ohjaa varren rungon liikett\u00e4<br \/>\n<strong>Sylinterin halkaisija:<\/strong> 100\u2013320 mm<br \/>\n<strong>Tangon halkaisija:<\/strong> 85\u2013220 mm<br \/>\n<strong>Matkustaa:<\/strong> 1200\u20133550 mm<br \/>\n<strong>Suurin paine:<\/strong> 31,5 MPa<br \/>\n<strong>Suurin ty\u00f6nt\u00f6voima:<\/strong> 2533KN<\/p>\n<\/section>\n<section id=\"features\">\n<h2><strong>Telaketjunosturin varren kallistuksenestohydraulisylinterien t\u00e4rkeimm\u00e4t ominaisuudet:<\/strong><\/h2>\n<ul>\n<li><strong>Edistynyt kallistuksenestomekanismi:<\/strong>\u00a0Tela-alustaisen nosturin varren kallistuksenestohydraulisylinterit on varustettu kallistuksenestosylinterill\u00e4, joka varmistaa nosturin puomin vakauden, mik\u00e4 tekee siit\u00e4 luotettavan tela-alustaisen nosturin sylinterin kuorman hallintaan raskaiden nostojen aikana.<\/li>\n<li><strong>Kest\u00e4v\u00e4 kest\u00e4vyys:<\/strong>\u00a0T\u00e4m\u00e4 eritt\u00e4in lujasta seoster\u00e4ksest\u00e4 ja korroosionkest\u00e4v\u00e4st\u00e4 pinnoitteesta valmistettu raskaaseen k\u00e4ytt\u00f6\u00f6n tarkoitettu hydraulisylinteri kest\u00e4\u00e4 \u00e4\u00e4rimm\u00e4isi\u00e4 olosuhteita ja varmistaa pitk\u00e4ik\u00e4isen suorituskyvyn ankarissa ymp\u00e4rist\u00f6iss\u00e4.<\/li>\n<li><strong>Tarkka kuorman hallinta:<\/strong>\u00a0Telaketjunosturin hydraulisylinteri tarjoaa tarkan liikkeenohjauksen, mik\u00e4 parantaa turvallisuutta ja tehokkuutta vaativissa teollisissa teht\u00e4viss\u00e4 ja nosturin vakautta parantavan kallistumisenestosylinterin avulla.<\/li>\n<li><strong>V\u00e4h\u00e4inen huoltotarve:<\/strong>\u00a0Edistyksellisell\u00e4 tiivistystekniikalla varustettu t\u00e4m\u00e4 raskaaseen k\u00e4ytt\u00f6\u00f6n tarkoitettu kallistuksenestohydraulisylinteri minimoi kulumisen ja alentaa telaketjunosturisovellusten yll\u00e4pitokustannuksia.<\/li>\n<li><\/li>\n<\/ul>\n<\/section>\n<section id=\"applications\">\n<h2><strong>Telaketjunosturin varren kallistusnesteiden hydraulisylinterien sovellukset:<\/strong><\/h2>\n<p><img loading=\"lazy\" decoding=\"async\" class=\"size-full wp-image-20164 aligncenter\" src=\"https:\/\/www.hydraulic-cylinders.net\/wp-content\/uploads\/2025\/05\/arm-anti-tilt-hydrauilc-cylinder-application.webp\" alt=\"\" width=\"1648\" height=\"939\" srcset=\"https:\/\/www.hydraulic-cylinders.net\/wp-content\/uploads\/2025\/05\/arm-anti-tilt-hydrauilc-cylinder-application.webp 1648w, https:\/\/www.hydraulic-cylinders.net\/wp-content\/uploads\/2025\/05\/arm-anti-tilt-hydrauilc-cylinder-application-1280x729.webp 1280w, https:\/\/www.hydraulic-cylinders.net\/wp-content\/uploads\/2025\/05\/arm-anti-tilt-hydrauilc-cylinder-application-980x558.webp 980w, https:\/\/www.hydraulic-cylinders.net\/wp-content\/uploads\/2025\/05\/arm-anti-tilt-hydrauilc-cylinder-application-480x273.webp 480w\" sizes=\"(min-width: 0px) and (max-width: 480px) 480px, (min-width: 481px) and (max-width: 980px) 980px, (min-width: 981px) and (max-width: 1280px) 1280px, (min-width: 1281px) 1648px, 100vw\" \/><\/p>\n<ul>\n<li><strong>Rakennusprojektit:<\/strong>\u00a0Varren kallistuksenestoinen hydraulisylinteri varmistaa raskaiden materiaalien, kuten ter\u00e4spalkkien ja betonilaattojen, vakaan noston rakennusty\u00f6mailla. Telaketjunosturin sylinteri tukee sit\u00e4 kuorman hallintaa varten.<\/li>\n<li><strong>Kaivostoiminta:<\/strong>\u00a0Kaivostoimintaan suunniteltu telaketjunosturin hydraulisylinteri s\u00e4ilytt\u00e4\u00e4 vakauden k\u00e4sitelless\u00e4\u00e4n raskaita kuormia, kuten malmia, ja sit\u00e4 parantaa nosturin vakautta parantava kallistuksenestosylinteri.<\/li>\n<li><strong>Teollisuuden raskasnosto:<\/strong>\u00a0Ihanteellinen teollisuusymp\u00e4rist\u00f6ihin, raskaaseen k\u00e4ytt\u00f6\u00f6n tarkoitettu kallistuksenestohydraulisylinteri varmistaa tarkan kuormank\u00e4sittelyn tehtaissa ja telaketjunosturia vaativissa suurissa projekteissa.<\/li>\n<\/ul>\n<\/section>\n<h2 dir=\"auto\"><strong>Miten varren kallistuksenestohydraulinen sylinteri parantaa telaketjunosturin turvallisuutta?<\/strong><\/h2>\n<section id=\"applications\">\n<p dir=\"auto\">Telaketjunosturin puomin kallistuksenestohydraulinen sylinteri parantaa merkitt\u00e4v\u00e4sti telaketjunosturin turvallisuutta erikoissuunnittelunsa ja edistyneen suunnittelunsa ansiosta, ja se on r\u00e4\u00e4t\u00e4l\u00f6ity vastaamaan raskaiden nostojen aiheuttamiin riskeihin vaativissa ymp\u00e4rist\u00f6iss\u00e4. T\u00e4m\u00e4n telaketjunosturin puomin hydraulisylinterin ytimess\u00e4 on innovatiivinen kallistuksenestomekanismi, joka est\u00e4\u00e4 aktiivisesti nosturipuomin ei-toivotun kallistumisen, joka on yleinen vaara ep\u00e4tasaisessa maastossa, kovalla tuulella tai ep\u00e4keskisesti asetettuja kuormia k\u00e4sitelt\u00e4ess\u00e4. S\u00e4ilytt\u00e4m\u00e4ll\u00e4 puomin vakauden telaketjunosturin puomin kallistuksenestohydrauliset sylinterit varmistavat tarkan kuormanhallinnan ja minimoivat \u00e4killisten kuorman siirtymien tai nosturin kaatumisen riskin \u2013 kriittiset tekij\u00e4t, jotka voisivat muuten johtaa onnettomuuksiin, laitevaurioihin tai toiminnan seisokkeihin korkean riskin olosuhteissa, kuten rakennusty\u00f6mailla ja kaivoskentill\u00e4.<\/p>\n<p dir=\"auto\">T\u00e4m\u00e4 raskaaseen k\u00e4ytt\u00f6\u00f6n tarkoitettu hydraulisylinteri on valmistettu eritt\u00e4in lujasta seoster\u00e4ksest\u00e4 ja korroosionkest\u00e4v\u00e4ll\u00e4 pinnoitteella, mink\u00e4 ansiosta se kest\u00e4\u00e4 \u00e4\u00e4rimm\u00e4isi\u00e4 olosuhteita s\u00e4ilytt\u00e4en samalla rakenteellisen eheyden. T\u00e4m\u00e4 parantaa turvallisuutta entisest\u00e4\u00e4n varmistamalla tasaisen suorituskyvyn ajan kuluessa. Maksimaalisen 350 baarin k\u00e4ytt\u00f6paineen ja mukautettavien reik\u00e4kokojen (180 mm - 300 mm) ja iskunpituuksien (1000 mm - 4000 mm) ansiosta t\u00e4m\u00e4 telaketjunosturin kuormans\u00e4\u00e4t\u00f6sylinteri mukautuu vaihteleviin k\u00e4ytt\u00f6vaatimuksiin ja tarjoaa luotettavan vakauden my\u00f6s suurimmilla kuormituskapasiteeteilla. Lis\u00e4ksi nosturin vakautta parantavassa kallistuksenestosylinteriss\u00e4 on edistynyt tiivistystekniikka, joka est\u00e4\u00e4 hydraulinesteen vuodot ja varmistaa sujuvan ja ennustettavan toiminnan ilman odottamattomia vikoja, jotka voisivat vaarantaa turvallisuuden.<\/p>\n<p dir=\"auto\">Rakenne v\u00e4hent\u00e4\u00e4 my\u00f6s kriittisten komponenttien kulumista, mik\u00e4 pienent\u00e4\u00e4 mekaanisten ongelmien todenn\u00e4k\u00f6isyytt\u00e4 k\u00e4yt\u00f6n aikana, mik\u00e4 on olennaista turvallisen ty\u00f6ymp\u00e4rist\u00f6n yll\u00e4pit\u00e4miseksi. T\u00e4m\u00e4 raskaaseen k\u00e4ytt\u00f6\u00f6n tarkoitettu kallistuksenestoinen hydraulisylinteri on yhteensopiva johtavien telaketjunosturimallien, kuten Liebherr LR 1300:n, Manitowoc 14000:n ja Kobelco CKE2500:n, kanssa, ja se on testattu perusteellisesti Ever-Power Huachang Hydraulic -yhti\u00f6n suorituskykylaboratoriossa kuormaustehokkuuden ja sis\u00e4isten vuotojen varalta, mik\u00e4 varmistaa kansallisten turvallisuusstandardien noudattamisen. V\u00e4hent\u00e4m\u00e4ll\u00e4 kallistumiseen liittyvi\u00e4 riskej\u00e4 ja varmistamalla k\u00e4ytt\u00f6luotettavuuden, varsivarren kallistuksenestoinen hydraulisylinteri antaa telaketjunostureiden k\u00e4ytt\u00e4jille varmuuden k\u00e4sitell\u00e4 raskaita kuormia turvallisesti ja tehokkaasti erilaisissa teollisissa sovelluksissa.<\/p>\n<\/section>\n<section id=\"explore-more\">\n<h2><strong>Tutustu muihin telaketjunosturisylintereihin:<\/strong><\/h2>\n<p>Tarjoamme my\u00f6s laajan valikoiman muita telaketjunosturisylintereit\u00e4 erilaisiin nostotarpeisiin. Tarvitsetpa sitten hydraulisylinterin telaketjunosturin puomiin tai raskaaseen k\u00e4ytt\u00f6\u00f6n tarkoitetun ratkaisun vakauden parantamiseksi, Ever-Power Huachang Hydraulic tarjoaa ratkaisun. Tutustu koko valikoimaamme. <a href=\"https:\/\/www.hydraulic-cylinders.net\/fi\/mobile-crane-hydraulic-cylinders\/\">telaketjunosturin sylinterit<\/a>.<\/p>\n<\/section>\n<section id=\"company-introduction\">\n<h2><strong>Tietoja Ever-Power Huachang Hydraulicista:<\/strong><\/h2>\n<h2><img loading=\"lazy\" decoding=\"async\" class=\"alignnone size-full wp-image-16972\" src=\"https:\/\/www.hydraulic-cylinders.net\/wp-content\/uploads\/2025\/01\/hydraulic-cylinder-factory-1-scaled.webp\" alt=\"\" width=\"2016\" height=\"2560\" srcset=\"https:\/\/www.hydraulic-cylinders.net\/wp-content\/uploads\/2025\/01\/hydraulic-cylinder-factory-1-scaled.webp 2016w, https:\/\/www.hydraulic-cylinders.net\/wp-content\/uploads\/2025\/01\/hydraulic-cylinder-factory-1-1280x1625.webp 1280w, https:\/\/www.hydraulic-cylinders.net\/wp-content\/uploads\/2025\/01\/hydraulic-cylinder-factory-1-980x1244.webp 980w, https:\/\/www.hydraulic-cylinders.net\/wp-content\/uploads\/2025\/01\/hydraulic-cylinder-factory-1-480x610.webp 480w\" sizes=\"(min-width: 0px) and (max-width: 480px) 480px, (min-width: 481px) and (max-width: 980px) 980px, (min-width: 981px) and (max-width: 1280px) 1280px, (min-width: 1281px) 2016px, 100vw\" \/><\/h2>\n<p>Meill\u00e4 on huippuluokan itsen\u00e4inen kokoonpanoon keskittynyt tutkimus- ja kehitysalusta, joka varmistaa huippuluokan innovaatiot ja laadun valmistusprosesseissamme. Trukkisylinterien tuotantolaitoksessamme on nelj\u00e4 puoliautomaattista nostosylinterien kokoonpanolinjaa ja t\u00e4ysautomaattinen kallistussylinterien kokoonpanolinja, jotka on yhteens\u00e4 suunniteltu tuottamaan jopa miljoona yksikk\u00f6\u00e4 vuodessa.<\/p>\n<p>Lis\u00e4ksi erikoissylinteriverstassamme on puoliautomaattiset puhdistus- ja kokoonpanoj\u00e4rjestelm\u00e4t, jotka on r\u00e4\u00e4t\u00e4l\u00f6ity erilaisiin tarpeisiin. Niiden vuotuinen tuotantokapasiteetti on 200 000 kappaletta. K\u00e4yt\u00e4mme tunnettuja CNC-laitteita, ty\u00f6st\u00f6keskuksia ja erikoisty\u00f6kaluja eritt\u00e4in tarkkaan hydraulisten sylinterien ty\u00f6st\u00f6\u00f6n. Laitoksellamme on my\u00f6s edistykselliset robottihitsauskoneet, automaattiset puhdistusj\u00e4rjestelm\u00e4t sek\u00e4 t\u00e4ysin automatisoidut sylinterien kokoonpano- ja maalauslinjat. Yli 300 keskeisen laitteen toiminnassa ollessa optimoimme resurssien kohdentamisen ja varmistamme tehokkaan k\u00e4yt\u00f6n t\u00e4ytt\u00e4en tiukat tarkkuus- ja laatustandardit.<\/p>\n<h2><img loading=\"lazy\" decoding=\"async\" class=\"alignnone size-full wp-image-16973\" src=\"https:\/\/www.hydraulic-cylinders.net\/wp-content\/uploads\/2025\/01\/hydraulic-cylinder-factory-2-scaled.webp\" alt=\"\" width=\"2011\" height=\"2560\" srcset=\"https:\/\/www.hydraulic-cylinders.net\/wp-content\/uploads\/2025\/01\/hydraulic-cylinder-factory-2-scaled.webp 2011w, https:\/\/www.hydraulic-cylinders.net\/wp-content\/uploads\/2025\/01\/hydraulic-cylinder-factory-2-1280x1629.webp 1280w, https:\/\/www.hydraulic-cylinders.net\/wp-content\/uploads\/2025\/01\/hydraulic-cylinder-factory-2-980x1248.webp 980w, https:\/\/www.hydraulic-cylinders.net\/wp-content\/uploads\/2025\/01\/hydraulic-cylinder-factory-2-480x611.webp 480w\" sizes=\"(min-width: 0px) and (max-width: 480px) 480px, (min-width: 481px) and (max-width: 980px) 980px, (min-width: 981px) and (max-width: 1280px) 1280px, (min-width: 1281px) 2011px, 100vw\" \/><\/h2>\n<p>K\u00e4yt\u00e4mme t\u00e4ysautomaattista vesipohjaisten maalien pinnoituslinjaa, joka on erityisesti suunniteltu pienille ja keskisuurille sylintereille. Linjassa on automaattiset lastaus-, purku- ja ruiskutusrobotit. T\u00e4m\u00e4n huippumodernin j\u00e4rjestelm\u00e4n tuotantokapasiteetti on 4 000 yksikk\u00f6\u00e4 vuorossa. Lis\u00e4ksi meill\u00e4 on puoliautomaattinen ketjuk\u00e4ytt\u00f6inen maalauslinja suurille sylintereille, jonka suunnittelukapasiteetti on 60 laatikkoa vuorossa.<\/p>\n<p>Parantaaksemme tuotteidemme suorituskyky\u00e4 ja vahvistaaksemme johtoasemaamme hydraulisylintereiden alalla olemme tehneet yhteisty\u00f6t\u00e4 ZJIMEE:n kanssa perustaaksemme kattavan suorituskykylaboratorion, joka on omistettu hydraulisylintereille, venttiileille ja pumpuille. T\u00e4m\u00e4 edistynyt laboratorio hy\u00f6dynt\u00e4\u00e4 tietokoneella avustettua testausta s\u00e4hk\u00f6hydraulisella teknologialla, mik\u00e4 mahdollistaa ennalta asetetut testiolosuhteet, jotka parantavat tarkkuutta ja j\u00e4rjestelm\u00e4n monipuolisuutta. Automaattinen tiedonkeruuprosessi k\u00e4ytt\u00e4\u00e4 antureita tulostietojen, kuten sis\u00e4isen vuodon ja kuormitustehokkuuden, ker\u00e4\u00e4miseen. Tietokone k\u00e4sittelee tiedot ja muuntaa ne standardiyksik\u00f6iksi (ml\/min%).<\/p>\n<p>Tela-alustaisten nostureiden varren kallistuksenestohydraulisylinterit osoittavat sitoutumistamme laatuun ja suorituskykyyn. Ne on suunniteltu raskaaseen k\u00e4ytt\u00f6\u00f6n tarkoitetuiksi hydraulisylintereiksi tela-alustaisten nostureiden varren vakautta varten, erityisesti Liebherrin, Manitowocin ja Kobelcon malleihin. Suuret laitevalmistajat maailmanlaajuisesti luottavat tuotteisiimme, ja ne ovat ansainneet vahvan maineen luotettavuudestaan, ja Ever-Power Huachang Hydraulic on tunnustettu hydraulisylintereiden valmistajan johtajaksi.<\/p>\n<\/section>\n<p>&nbsp;<\/p>","protected":false},"excerpt":{"rendered":"<p>Arm Anti Tilt Hydraulic Cylinders for Crawler Crane The Arm Anti Tilt Hydraulic Cylinders for Crawler Crane, expertly engineered by Ever-Power Huachang Hydraulic, are designed to enhance crane stability and safety during heavy lifting operations, compatible with models. This hydraulic cylinder for crawler crane arm integrates an advanced anti tilt cylinder mechanism that prevents unwanted [&hellip;]<\/p>","protected":false},"featured_media":20156,"comment_status":"open","ping_status":"closed","template":"","meta":{"_et_pb_use_builder":"","_et_pb_old_content":"","_et_gb_content_width":""},"product_brand":[],"product_cat":[1514],"product_tag":[],"class_list":{"0":"post-20145","1":"product","2":"type-product","3":"status-publish","4":"has-post-thumbnail","6":"product_cat-mobile-crane-hydraulic-cylinders","8":"first","9":"instock","10":"shipping-taxable","11":"product-type-simple"},"amp_enabled":true,"_links":{"self":[{"href":"https:\/\/www.hydraulic-cylinders.net\/fi\/wp-json\/wp\/v2\/product\/20145","targetHints":{"allow":["GET"]}}],"collection":[{"href":"https:\/\/www.hydraulic-cylinders.net\/fi\/wp-json\/wp\/v2\/product"}],"about":[{"href":"https:\/\/www.hydraulic-cylinders.net\/fi\/wp-json\/wp\/v2\/types\/product"}],"replies":[{"embeddable":true,"href":"https:\/\/www.hydraulic-cylinders.net\/fi\/wp-json\/wp\/v2\/comments?post=20145"}],"wp:featuredmedia":[{"embeddable":true,"href":"https:\/\/www.hydraulic-cylinders.net\/fi\/wp-json\/wp\/v2\/media\/20156"}],"wp:attachment":[{"href":"https:\/\/www.hydraulic-cylinders.net\/fi\/wp-json\/wp\/v2\/media?parent=20145"}],"wp:term":[{"taxonomy":"product_brand","embeddable":true,"href":"https:\/\/www.hydraulic-cylinders.net\/fi\/wp-json\/wp\/v2\/product_brand?post=20145"},{"taxonomy":"product_cat","embeddable":true,"href":"https:\/\/www.hydraulic-cylinders.net\/fi\/wp-json\/wp\/v2\/product_cat?post=20145"},{"taxonomy":"product_tag","embeddable":true,"href":"https:\/\/www.hydraulic-cylinders.net\/fi\/wp-json\/wp\/v2\/product_tag?post=20145"}],"curies":[{"name":"wp","href":"https:\/\/api.w.org\/{rel}","templated":true}]}}