{"id":20173,"date":"2025-05-12T02:57:12","date_gmt":"2025-05-12T02:57:12","guid":{"rendered":"https:\/\/www.hydraulic-cylinders.net\/?post_type=product&#038;p=20173"},"modified":"2025-05-12T05:09:56","modified_gmt":"2025-05-12T05:09:56","slug":"luffing-hydraulic-cylinders-for-telescopic-crawler-crane","status":"publish","type":"product","link":"https:\/\/www.hydraulic-cylinders.net\/fi\/tuote\/luffing-hydraulic-cylinders-for-telescopic-crawler-crane\/","title":{"rendered":"Teleskooppisen telaketjunosturin luffing-hydraulisylinterit"},"content":{"rendered":"<h1 style=\"text-align: center;\"><strong>Teleskooppisen telaketjunosturin luffing-hydraulisylinterit<\/strong><\/h1>\n<p><img loading=\"lazy\" decoding=\"async\" class=\"wp-image-20174 aligncenter\" src=\"https:\/\/www.hydraulic-cylinders.net\/wp-content\/uploads\/2025\/05\/luffing-hydraulic-cylinder-for-telescopic.webp\" alt=\"Teleskooppisen telaketjunosturin luffing-hydraulisylinteri\" width=\"500\" height=\"500\" srcset=\"https:\/\/www.hydraulic-cylinders.net\/wp-content\/uploads\/2025\/05\/luffing-hydraulic-cylinder-for-telescopic.webp 500w, https:\/\/www.hydraulic-cylinders.net\/wp-content\/uploads\/2025\/05\/luffing-hydraulic-cylinder-for-telescopic-480x480.webp 480w\" sizes=\"(min-width: 0px) and (max-width: 480px) 480px, (min-width: 481px) 500px, 100vw\" \/><\/p>\n<section id=\"introduction\">Ever-Power Huachang Hydraulic -merkin teleskooppisten tela-alustaisten nostureiden luffaushydraulisylinterit ovat edistyneit\u00e4 hydraulisylintereit\u00e4 teleskooppisiin tela-alustaisiin nostureihin, jotka on suunniteltu ohjaamaan puomin kulmaa tarkasti. T\u00e4m\u00e4 luffaushydraulisylinteri on yhteensopiva mallien kanssa ja parantaa teleskooppinostureiden nostotoimintoja rakennus-, kaivos- ja teollisuusymp\u00e4rist\u00f6iss\u00e4. Kest\u00e4v\u00e4ksi suunniteltu tela-alustaisten nostureiden hydraulisylinteri tarjoaa raskaaseen k\u00e4ytt\u00f6\u00f6n tarkoitetun hydraulisylinterin, joka kest\u00e4\u00e4 vaativia teht\u00e4vi\u00e4 helposti.<\/section>\n<section id=\"specifications\">\n<h2><strong>Tekniset tiedot:<\/strong><\/h2>\n<p><img loading=\"lazy\" decoding=\"async\" class=\"aligncenter wp-image-20176 size-full\" src=\"https:\/\/www.hydraulic-cylinders.net\/wp-content\/uploads\/2025\/05\/telescopic-crawler-crane.webp\" alt=\"Teleskooppisen telaketjunosturin rakentaminen\" width=\"640\" height=\"358\" srcset=\"https:\/\/www.hydraulic-cylinders.net\/wp-content\/uploads\/2025\/05\/telescopic-crawler-crane.webp 640w, https:\/\/www.hydraulic-cylinders.net\/wp-content\/uploads\/2025\/05\/telescopic-crawler-crane-480x269.webp 480w\" sizes=\"(min-width: 0px) and (max-width: 480px) 480px, (min-width: 481px) 640px, 100vw\" \/><\/p>\n<p><strong>Toiminto:<\/strong> Hallitse p\u00e4\u00e4varren liikett\u00e4<br \/>\n<strong>Sylinterin halkaisija:<\/strong> 220\u2013320 mm<br \/>\n<strong>Tangon halkaisija:<\/strong> 180\u2013280 mm<br \/>\n<strong>Matkustaa:<\/strong> 2000\u20134000 mm<br \/>\n<strong>Suurin paine:<\/strong> 32MPa<br \/>\n<strong>Suurin ty\u00f6nt\u00f6voima:<\/strong> 2574KN<\/p>\n<\/section>\n<section id=\"features\">\n<h2><strong>Teleskooppisen telaketjunosturin Luffing-hydraulisylinterien t\u00e4rkeimm\u00e4t ominaisuudet:<\/strong><\/h2>\n<ul>\n<li><strong>Tarkka luffing-s\u00e4\u00e4t\u00f6:<\/strong> Teleskooppi-telaketjunostureiden luffaushydraulisylinterit mahdollistavat tarkat puomin kulman s\u00e4\u00e4d\u00f6t, mik\u00e4 tekee t\u00e4st\u00e4 teleskooppinosturin sylinterist\u00e4 ihanteellisen nostamiseen ahtaissa tiloissa ja monimutkaisessa maastossa.<\/li>\n<li><strong>Kest\u00e4v\u00e4 rakenne:<\/strong>\u00a0T\u00e4m\u00e4 teleskooppisen telaketjunosturin hydraulisylinteri on valmistettu eritt\u00e4in lujasta seoster\u00e4ksest\u00e4 ja korroosionkest\u00e4v\u00e4ll\u00e4 pinnoitteella, ja se kest\u00e4\u00e4 ankaria olosuhteita varmistaen pitk\u00e4n k\u00e4ytt\u00f6i\u00e4n nostureiden raskaaseen k\u00e4ytt\u00f6\u00f6n tarkoitettuna luffaussylinterin\u00e4.<\/li>\n<li><strong>Mukautettava muotoilu:<\/strong>\u00a0S\u00e4\u00e4dett\u00e4vien iskunpituuksien ja reikien koon ansiosta telaketjunosturin hydraulisylinteri ja kallistuksen s\u00e4\u00e4t\u00f6 mukautuvat erilaisiin teleskooppinosturin nostotarpeisiin ja parantavat k\u00e4yt\u00f6n joustavuutta.<\/li>\n<li><strong>Korkeapainehy\u00f6tysuhde:<\/strong>\u00a0T\u00e4m\u00e4 jopa 400 baarin paineelle suunniteltu luffaava hydraulisylinteri varmistaa luotettavan tehon raskaisiin hydraulisylinterisovelluksiin ja minimoi seisokkiajat nosturin k\u00e4yt\u00f6n aikana.<\/li>\n<\/ul>\n<\/section>\n<section id=\"applications\">\n<h2><strong>Teleskooppisen telaketjunosturin Luffing-hydraulisylinterien sovellukset:<\/strong><\/h2>\n<p><img loading=\"lazy\" decoding=\"async\" class=\"alignnone size-full wp-image-20177\" src=\"https:\/\/www.hydraulic-cylinders.net\/wp-content\/uploads\/2025\/05\/luffing-hydraulic-cylinders-for-telescopic-crawler-crane-application.webp\" alt=\"Teleskooppisen telaketjunosturin hydrauliset sylinterit\" width=\"1077\" height=\"616\" srcset=\"https:\/\/www.hydraulic-cylinders.net\/wp-content\/uploads\/2025\/05\/luffing-hydraulic-cylinders-for-telescopic-crawler-crane-application.webp 1077w, https:\/\/www.hydraulic-cylinders.net\/wp-content\/uploads\/2025\/05\/luffing-hydraulic-cylinders-for-telescopic-crawler-crane-application-980x561.webp 980w, https:\/\/www.hydraulic-cylinders.net\/wp-content\/uploads\/2025\/05\/luffing-hydraulic-cylinders-for-telescopic-crawler-crane-application-480x275.webp 480w\" sizes=\"(min-width: 0px) and (max-width: 480px) 480px, (min-width: 481px) and (max-width: 980px) 980px, (min-width: 981px) 1077px, 100vw\" \/><\/p>\n<ul>\n<li><strong>Korkeat rakennushankkeet:<\/strong> Teleskooppi-tela-alustaisten nostureiden luffaushydraulisylinterit sopivat erinomaisesti korkeiden rakennusten, kuten pilvenpiirt\u00e4jien ja siltojen, rakentamiseen, sill\u00e4 ne tarjoavat teleskooppisen tela-alustaisen nosturin sylinterin korvaajan kuorman tarkkaan sijoitteluun. Tela-alustaisen nosturin hydraulisylinterin ja luffausohjauksen ansiosta se varmistaa puomin tarkat s\u00e4\u00e4d\u00f6t ahtaissa kaupunkitiloissa, mik\u00e4 parantaa turvallisuutta ja tuottavuutta k\u00e4ytt\u00e4jille, jotka k\u00e4sittelev\u00e4t raskaita materiaaleja, kuten ter\u00e4spalkkeja ja elementtibetonielementtej\u00e4.<\/li>\n<li><strong>Kaivostoiminta karuilla maastoilla:<\/strong>\u00a0T\u00e4m\u00e4 teleskooppinosturin hydraulisylinteri on suunniteltu vaativimpiin kaivosymp\u00e4rist\u00f6ihin. Se varmistaa vakaat ja hallitut puomin s\u00e4\u00e4d\u00f6t k\u00e4sitelt\u00e4ess\u00e4 raskaita kuormia, kuten malmia tai suuria laitteita, ep\u00e4tasaisessa maastossa. Nostureiden raskaaseen k\u00e4ytt\u00f6\u00f6n tarkoitettu luffaussylinteri kest\u00e4\u00e4 hankaavia olosuhteita, kuten p\u00f6ly\u00e4 ja kosteutta, tarjoten luotettavan telaketjunosturin hydraulisylinteriratkaisun, joka parantaa toiminnan tehokkuutta ja minimoi seisokkiajat syrj\u00e4isill\u00e4 kaivosalueilla.<\/li>\n<li><strong>Teollisuuden nostolaitteet raskaassa teollisuudessa:<\/strong>\u00a0Teleskooppinen nosturin sylinteri sopii erinomaisesti teollisiin sovelluksiin, kuten voimalaitosten kunnossapitoon ja telakoiden toimintaan. Se helpottaa ylisuurten kuormien, kuten turbiinien tai merikonttien, turvallista ja tehokasta k\u00e4sittely\u00e4. Nouseva hydraulisylinteri tarjoaa sujuvan hallinnan monimutkaisiin nostoteht\u00e4viin, ja sit\u00e4 tukee tehokas hydraulisylinterin rakenne, joka varmistaa kest\u00e4vyyden ja tarkkuuden haastavissa olosuhteissa ja parantaa ty\u00f6nkulkua vaativissa teollisuusymp\u00e4rist\u00f6iss\u00e4.<\/li>\n<\/ul>\n<\/section>\n<section id=\"explore-more\">\n<h2><strong>Tutustu muihin telaketjunosturisylintereihin:<\/strong><\/h2>\n<p dir=\"auto\">Tarjoamme laajan valikoiman telaketjunostureiden sylintereit\u00e4 monenlaisiin nostotarpeisiin. Teleskooppinostureiden hydraulisylintereist\u00e4 nostureiden raskaaseen k\u00e4ytt\u00f6\u00f6n tarkoitettuihin luffaussylintereihin, Ever-Power Huachang Hydraulic tarjoaa r\u00e4\u00e4t\u00e4l\u00f6ityj\u00e4 ratkaisuja tarpeisiisi. Tutustu t\u00e4ydelliseen valikoimaamme. <a href=\"https:\/\/www.hydraulic-cylinders.net\/fi\/mobile-crane-hydraulic-cylinders\/\">telaketjunosturin sylinterit<\/a> l\u00f6yt\u00e4\u00e4ksesi t\u00e4ydellisen ratkaisun nosturitoimintoihisi.<\/p>\n<h2 class=\"header-jfw95c auto-hide-last-sibling-br\"><strong>Mitk\u00e4 ovat teleskooppisten telaketjunostureiden luffaavien hydraulisylintereiden yleisimm\u00e4t huoltokohteet?<\/strong><\/h2>\n<ul class=\"auto-hide-last-sibling-br\">\n<li><strong>S\u00e4\u00e4nn\u00f6lliset tarkastukset<\/strong>Tarkista silm\u00e4m\u00e4\u00e4r\u00e4isesti hydrauliset luffaussylinterit vaurioiden, vuotojen tai liiallisen kulumisen varalta. Tutki sylinterin ymp\u00e4rill\u00e4 olevat \u00f6ljytiivisteet ja tarkista, ettei niiss\u00e4 ole vaurioituneita tiivisteit\u00e4, taipuneita tankoja tai muita n\u00e4kyvi\u00e4 ongelmia. Tarkista my\u00f6s hydrauliletkut ja -liit\u00e4nn\u00e4t kulumisen, halkeamien tai vuotojen varalta.<\/li>\n<li><strong>Nestetason tarkistus<\/strong>Tarkista s\u00e4\u00e4nn\u00f6llisesti j\u00e4rjestelm\u00e4n hydraulinesteen taso varmistaaksesi, ett\u00e4 se on oikealla tasolla valmistajan suositusten mukaisesti. Jos nesteen taso on alhainen, lis\u00e4\u00e4 sopivaa hydraulinestett\u00e4 ohjeiden mukaisesti.<\/li>\n<li><strong>Nesteen laatu<\/strong>Tarkista hydraulinesteen laatu ja kunto. Etsi merkkej\u00e4 saastumisesta, kuten likaa, vett\u00e4 tai roskia. Jos neste n\u00e4ytt\u00e4\u00e4 samealta tai saastuneelta, se on ehk\u00e4 tyhjennett\u00e4v\u00e4 ja vaihdettava.<\/li>\n<li><strong>Komponenttien voitelu<\/strong>Voitele hydraulisen nostosylinterin liikkuvat osat valmistajan suositusten mukaisesti. T\u00e4m\u00e4 voi tarkoittaa rasvan levitt\u00e4mist\u00e4 tiettyihin kohtiin, kuten k\u00e4\u00e4nt\u00f6niveliin tai tangon p\u00e4ihin, sujuvan toiminnan varmistamiseksi ja kitkan v\u00e4hent\u00e4miseksi.<\/li>\n<li><strong>Tiivisteen tarkastus ja vaihto<\/strong>Hydraulisissa luffaussylintereiss\u00e4 k\u00e4ytet\u00e4\u00e4n tiivisteit\u00e4 nestevuotojen est\u00e4miseksi ja j\u00e4rjestelm\u00e4n eheyden yll\u00e4pit\u00e4miseksi. Tarkista tiivisteet s\u00e4\u00e4nn\u00f6llisesti kulumisen, vaurioiden tai vuotojen varalta. Jos tiivisteet ovat vaurioituneet, ne on vaihdettava viipym\u00e4tt\u00e4 nestevuotojen ja sylinterin mahdollisen vikaantumisen est\u00e4miseksi.<\/li>\n<\/ul>\n<\/section>\n<section id=\"company-introduction\">\n<h2><strong>Tietoja Ever-Power Huachang Hydraulicista:<\/strong><\/h2>\n<h2><img loading=\"lazy\" decoding=\"async\" class=\"alignnone size-full wp-image-16972\" src=\"https:\/\/www.hydraulic-cylinders.net\/wp-content\/uploads\/2025\/01\/hydraulic-cylinder-factory-1-scaled.webp\" alt=\"\" width=\"2016\" height=\"2560\" srcset=\"https:\/\/www.hydraulic-cylinders.net\/wp-content\/uploads\/2025\/01\/hydraulic-cylinder-factory-1-scaled.webp 2016w, https:\/\/www.hydraulic-cylinders.net\/wp-content\/uploads\/2025\/01\/hydraulic-cylinder-factory-1-1280x1625.webp 1280w, https:\/\/www.hydraulic-cylinders.net\/wp-content\/uploads\/2025\/01\/hydraulic-cylinder-factory-1-980x1244.webp 980w, https:\/\/www.hydraulic-cylinders.net\/wp-content\/uploads\/2025\/01\/hydraulic-cylinder-factory-1-480x610.webp 480w\" sizes=\"(min-width: 0px) and (max-width: 480px) 480px, (min-width: 481px) and (max-width: 980px) 980px, (min-width: 981px) and (max-width: 1280px) 1280px, (min-width: 1281px) 2016px, 100vw\" \/><\/h2>\n<p dir=\"auto\">Ever-Power Huachang Hydraulic on alan johtava yritys edistyneell\u00e4 tutkimus- ja kehitysalustallaan, joka keskittyy innovatiivisiin hydraulisylinteriratkaisuihin. Asiantuntevat insin\u00f6\u00f6rimme kehitt\u00e4v\u00e4t korkean suorituskyvyn komponentteja, jotka varmistavat huippulaadun esimerkiksi autonostureihin ja teleskooppisiin telaketjunostureihin.<\/p>\n<p dir=\"auto\">Moderni tuotantolaitoksemme yhdist\u00e4\u00e4 automatisoidut kokoonpanolinjat ja tarkkuuskoneistuksen, ja se tuottaa jopa miljoona sylinteri\u00e4 vuodessa. Erikoistuneiden puhdistus-, kokoonpano- ja pinnoitusty\u00f6pajojemme ansiosta toimitamme kest\u00e4vi\u00e4 sylintereit\u00e4, jotka on r\u00e4\u00e4t\u00e4l\u00f6ity erilaisiin spesifikaatioihin, mik\u00e4 parantaa toiminnan tehokkuutta.<\/p>\n<h2><img loading=\"lazy\" decoding=\"async\" class=\"alignnone size-full wp-image-16973\" src=\"https:\/\/www.hydraulic-cylinders.net\/wp-content\/uploads\/2025\/01\/hydraulic-cylinder-factory-2-scaled.webp\" alt=\"\" width=\"2011\" height=\"2560\" srcset=\"https:\/\/www.hydraulic-cylinders.net\/wp-content\/uploads\/2025\/01\/hydraulic-cylinder-factory-2-scaled.webp 2011w, https:\/\/www.hydraulic-cylinders.net\/wp-content\/uploads\/2025\/01\/hydraulic-cylinder-factory-2-1280x1629.webp 1280w, https:\/\/www.hydraulic-cylinders.net\/wp-content\/uploads\/2025\/01\/hydraulic-cylinder-factory-2-980x1248.webp 980w, https:\/\/www.hydraulic-cylinders.net\/wp-content\/uploads\/2025\/01\/hydraulic-cylinder-factory-2-480x611.webp 480w\" sizes=\"(min-width: 0px) and (max-width: 480px) 480px, (min-width: 481px) and (max-width: 980px) 980px, (min-width: 981px) and (max-width: 1280px) 1280px, (min-width: 1281px) 2011px, 100vw\" \/><\/h2>\n<p dir=\"auto\">Laatu on meille t\u00e4rke\u00e4\u00e4 yhteisty\u00f6ss\u00e4 ZJIMEE:n kanssa toimivan testauslaboratorion ansiosta. K\u00e4yt\u00e4mme tietokoneella avustettua s\u00e4hk\u00f6hydraulista testausta suorituskykymittareiden, kuten kuormitustehokkuuden ja sis\u00e4isten vuotojen, mittaamiseen. T\u00e4m\u00e4 varmistaa, ett\u00e4 tuotteemme t\u00e4ytt\u00e4v\u00e4t tiukat kansainv\u00e4liset turvallisuus- ja luotettavuusstandardit.<\/p>\n<p dir=\"auto\">Autonostureiden vastapainohydrauliset sylinterit ovat esimerkki sitoutumisestamme huippuosaamiseen. Ne on suunniteltu raskaaseen k\u00e4ytt\u00f6\u00f6n tarkoitetuiksi hydraulisylintereiksi esimerkiksi Terex- ja Grove-malleille. Maailmanlaajuisesti luotettu Ever-Power Huachang Hydraulic on tunnustettu johtaja hydraulisylintereiden valmistuksessa.<\/p>\n<\/section>","protected":false},"excerpt":{"rendered":"<p>Luffing Hydraulic Cylinders for Telescopic Crawler Crane The luffing hydraulic cylinders for telescopic crawler crane from ever-power huachang hydraulic are advanced hydraulic cylinder for telescopic crawler crane solutions, designed to control boom angle with precision. Compatible with models, this luffing hydraulic cylinder enhances telescopic crane lifting operations in construction, mining, and industrial settings. Engineered for [&hellip;]<\/p>","protected":false},"featured_media":20175,"comment_status":"open","ping_status":"closed","template":"","meta":{"_et_pb_use_builder":"","_et_pb_old_content":"","_et_gb_content_width":""},"product_brand":[],"product_cat":[1514],"product_tag":[],"class_list":{"0":"post-20173","1":"product","2":"type-product","3":"status-publish","4":"has-post-thumbnail","6":"product_cat-mobile-crane-hydraulic-cylinders","8":"first","9":"instock","10":"shipping-taxable","11":"product-type-simple"},"amp_enabled":true,"_links":{"self":[{"href":"https:\/\/www.hydraulic-cylinders.net\/fi\/wp-json\/wp\/v2\/product\/20173","targetHints":{"allow":["GET"]}}],"collection":[{"href":"https:\/\/www.hydraulic-cylinders.net\/fi\/wp-json\/wp\/v2\/product"}],"about":[{"href":"https:\/\/www.hydraulic-cylinders.net\/fi\/wp-json\/wp\/v2\/types\/product"}],"replies":[{"embeddable":true,"href":"https:\/\/www.hydraulic-cylinders.net\/fi\/wp-json\/wp\/v2\/comments?post=20173"}],"wp:featuredmedia":[{"embeddable":true,"href":"https:\/\/www.hydraulic-cylinders.net\/fi\/wp-json\/wp\/v2\/media\/20175"}],"wp:attachment":[{"href":"https:\/\/www.hydraulic-cylinders.net\/fi\/wp-json\/wp\/v2\/media?parent=20173"}],"wp:term":[{"taxonomy":"product_brand","embeddable":true,"href":"https:\/\/www.hydraulic-cylinders.net\/fi\/wp-json\/wp\/v2\/product_brand?post=20173"},{"taxonomy":"product_cat","embeddable":true,"href":"https:\/\/www.hydraulic-cylinders.net\/fi\/wp-json\/wp\/v2\/product_cat?post=20173"},{"taxonomy":"product_tag","embeddable":true,"href":"https:\/\/www.hydraulic-cylinders.net\/fi\/wp-json\/wp\/v2\/product_tag?post=20173"}],"curies":[{"name":"wp","href":"https:\/\/api.w.org\/{rel}","templated":true}]}}