{"id":20179,"date":"2025-05-12T03:33:34","date_gmt":"2025-05-12T03:33:34","guid":{"rendered":"https:\/\/www.hydraulic-cylinders.net\/?post_type=product&#038;p=20179"},"modified":"2025-05-12T05:20:15","modified_gmt":"2025-05-12T05:20:15","slug":"counterweight-hydraulic-cylinders-for-car-crane","status":"publish","type":"product","link":"https:\/\/www.hydraulic-cylinders.net\/fi\/tuote\/counterweight-hydraulic-cylinders-for-car-crane\/","title":{"rendered":"Autonosturin vastapainohydrauliset sylinterit"},"content":{"rendered":"<h1 style=\"text-align: center;\"><strong>Autonosturin vastapainohydrauliset sylinterit<\/strong><\/h1>\n<p><img loading=\"lazy\" decoding=\"async\" class=\"wp-image-20180 aligncenter\" src=\"https:\/\/www.hydraulic-cylinders.net\/wp-content\/uploads\/2025\/05\/counterweight-hydraulic-cylinder-for-car-crane-scaled.webp\" alt=\"Autonosturin vastapainohydraulinen sylinteri\" width=\"500\" height=\"500\" \/><\/p>\n<section id=\"introduction\">The counterweight hydraulic cylinders for car crane, crafted by Ever-Power Huachang Hydraulic, are precision-engineered balance cylinders that ensure optimal stability and safety during heavy lifting operations. Designed for seamless compatibility with leading car crane models, this hydraulic cylinder for car crane enhances load management in urban construction, logistics, and industrial environments. As a heavy-duty hydraulic cylinder, it withstands high-pressure conditions up to 320 bar, providing reliable performance for lifting tasks while minimizing the risk of tipping. Whether you&#8217;re handling steel structures or heavy machinery, this car crane cylinder delivers unmatched durability and control for your crane operations.<\/section>\n<section id=\"specifications\">\n<h2><strong>Tekniset tiedot:<\/strong><\/h2>\n<p><strong>Toiminto:<\/strong> Hallitse vastapainon toimintaa<br \/>\n<strong>Sylinterin halkaisija:<\/strong> 160\u2013180 mm<br \/>\n<strong>Tangon halkaisija:<\/strong> 90\u2013150 mm<br \/>\n<strong>Matkustaa:<\/strong> 180 mm - 400 mm<br \/>\n<strong>Suurin paine:<\/strong> 25MPa<br \/>\n<strong>Suurin ty\u00f6nt\u00f6voima:<\/strong> 1540 kN<\/p>\n<\/section>\n<section id=\"features\">\n<h2><strong>Autonosturin vastapainohydraulisten sylinterien t\u00e4rkeimm\u00e4t ominaisuudet:<\/strong><\/h2>\n<ul>\n<li><strong>Erinomainen kuormituksen tasapainotustarkkuus:<\/strong> Autonosturin vastapainohydraulisylintereiss\u00e4 on edistynyt tasapainotussylinterin rakenne, joka varmistaa tasaisen painonjakautumisen ja tarjoaa poikkeuksellisen vakauden autonosturin sylinterik\u00e4yt\u00f6ss\u00e4 suurten kapasiteettien nostoissa kaupunkiymp\u00e4rist\u00f6ss\u00e4.<\/li>\n<li><strong>Eritt\u00e4in kest\u00e4v\u00e4 rakenne:<\/strong>\u00a0T\u00e4m\u00e4 autonosturin hydraulisylinteri on valmistettu korkealujuuster\u00e4ksest\u00e4 ja k\u00e4sitelty korroosionestoaineella. Se kest\u00e4\u00e4 kosteuden ja p\u00f6lyn kaltaisten ankarien tekij\u00f6iden aiheuttamaa kulumista, joten se on luotettava ja raskas vastapainosylinteri nostureille vaativissa olosuhteissa.<\/li>\n<li><strong>Mukautettavissa erilaisiin tarpeisiin:<\/strong>\u00a0S\u00e4\u00e4dett\u00e4vien sylinterin reikien ja iskunpituuksien ansiosta t\u00e4m\u00e4 kuorman tasapainottamiseen tarkoitettu autonosturin sylinteri voidaan r\u00e4\u00e4t\u00e4l\u00f6id\u00e4 tiettyihin nostovaatimuksiin, mik\u00e4 tarjoaa joustavuutta useille nosturimalleille ja sovelluksille rakentamisesta logistiikkaan.<\/li>\n<li><strong>Optimoitu korkeapainesuorituskykyyn:<\/strong>\u00a0T\u00e4m\u00e4 vastapainohydraulisylinteri on suunniteltu toimimaan tehokkaasti jopa 320 baarin paineella. Se tarjoaa tasaisen tehon minimaalisella energiah\u00e4vi\u00f6ll\u00e4 varmistaen sujuvat ja turvalliset nostotoiminnot ja alentaen k\u00e4ytt\u00f6kustannuksia.<\/li>\n<li><strong>V\u00e4h\u00e4inen huoltotarve ja pitk\u00e4 k\u00e4ytt\u00f6ik\u00e4:<\/strong>\u00a0Edistyksellisen tiivistystekniikan ja tarkkuuskoneistuksen ansiosta t\u00e4m\u00e4 raskaaseen k\u00e4ytt\u00f6\u00f6n tarkoitettu hydraulisylinteri minimoi vuodot ja kulumisen, mik\u00e4 v\u00e4hent\u00e4\u00e4 huoltotarvetta ja pident\u00e4\u00e4 autonosturin k\u00e4ytt\u00f6ik\u00e4\u00e4 jopa usein toistuvassa k\u00e4yt\u00f6ss\u00e4.<\/li>\n<\/ul>\n<\/section>\n<section id=\"applications\">\n<h2><strong>Autonosturin vastapainohydraulisylinterien sovellukset:<\/strong><\/h2>\n<h2><strong><img loading=\"lazy\" decoding=\"async\" class=\"alignnone size-full wp-image-20183\" src=\"https:\/\/www.hydraulic-cylinders.net\/wp-content\/uploads\/2025\/05\/counterweight-hydraulic-cylinder-for-car-crane-application.webp\" alt=\"\" width=\"1080\" height=\"617\" srcset=\"https:\/\/www.hydraulic-cylinders.net\/wp-content\/uploads\/2025\/05\/counterweight-hydraulic-cylinder-for-car-crane-application.webp 1080w, https:\/\/www.hydraulic-cylinders.net\/wp-content\/uploads\/2025\/05\/counterweight-hydraulic-cylinder-for-car-crane-application-980x560.webp 980w, https:\/\/www.hydraulic-cylinders.net\/wp-content\/uploads\/2025\/05\/counterweight-hydraulic-cylinder-for-car-crane-application-480x274.webp 480w\" sizes=\"(min-width: 0px) and (max-width: 480px) 480px, (min-width: 481px) and (max-width: 980px) 980px, (min-width: 981px) 1080px, 100vw\" \/><\/strong><\/h2>\n<ul>\n<li><strong>Kaupunkirakentaminen korkeille rakennushankkeille:<\/strong> Autonosturin vastapainohydraulisylinterit sopivat ihanteellisesti kaupunkirakentamisen teht\u00e4viin, kuten korkeiden rakennusten ter\u00e4srunkojen kokoamiseen tai elementtielementtien asennukseen. T\u00e4m\u00e4 autonosturin toimintaan tarkoitettu tasapainotussylinteri varmistaa tarkan kuormanhallinnan ahtaissa tiloissa, parantaa turvallisuutta ja v\u00e4hent\u00e4\u00e4 kaatumisriski\u00e4 raskaiden nostojen aikana.<\/li>\n<li><strong>Logistiikka ja raskas lastink\u00e4sittely:<\/strong>\u00a0Logistiikkatoiminnoissa t\u00e4m\u00e4 nosturin vakautta parantava hydraulisylinteri tukee raskaiden lastien, kuten merikonttien ja suurten kuormalavojen, turvallista ja tehokasta siirt\u00e4mist\u00e4 varastoissa tai satamissa. Nosturin kuorman tasapainotukseen tarkoitettu sylinteri parantaa nosturin ohjattavuutta ja lis\u00e4\u00e4 tuottavuutta nopeatempoisissa ymp\u00e4rist\u00f6iss\u00e4.<\/li>\n<li><strong>Teollinen kokoonpano tuotantolaitoksissa:<\/strong>\u00a0T\u00e4ydellinen teollisuusymp\u00e4rist\u00f6ihin, kuten autoteollisuuteen tai konepajateollisuuteen, t\u00e4m\u00e4 vastapainohydraulinen sylinteri helpottaa raskaiden komponenttien, kuten kokoonpanolinjan puristimien tai moottorilohkojen, tarkkaa asemointia. Nostureiden raskaaseen k\u00e4ytt\u00f6\u00f6n tarkoitettuna vastapainosylinterin\u00e4 se varmistaa vakaat ja hallitut nostot, mik\u00e4 virtaviivaistaa tehtaan ty\u00f6nkulkuja.<\/li>\n<\/ul>\n<\/section>\n<section id=\"explore-more\">\n<h2><strong>Tutustu muihin autonosturisylintereihin:<\/strong><\/h2>\n<p>Tarjoamme laajan valikoiman autonosturisylintereit\u00e4 erilaisiin nostotarpeisiin. Tarvitsetpa sitten hydraulisylinterin autonosturin vakautta varten tai raskaaseen k\u00e4ytt\u00f6\u00f6n tarkoitetun vastapainosylinterin nostureihin, Ever-Power Huachang Hydraulic toimittaa r\u00e4\u00e4t\u00e4l\u00f6ityj\u00e4 ratkaisuja. Tutustu koko valikoimaamme. <a href=\"https:\/\/www.hydraulic-cylinders.net\/fi\/mobile-crane-hydraulic-cylinders\/\">autonosturisylinterit<\/a>.<\/p>\n<\/section>\n<div class=\"container-hfX5E8 flow-markdown-body theme-samantha-yJEgBp\" dir=\"ltr\" data-testid=\"message_text_content\" data-show-indicator=\"false\">\n<h2 class=\"header-jfw95c auto-hide-last-sibling-br\"><strong>Mitk\u00e4 ovat vastapainohydraulisen sylinterin k\u00e4yt\u00f6n t\u00e4rkeimm\u00e4t edut nosturissa?<\/strong><\/h2>\n<div class=\"auto-hide-last-sibling-br paragraph-qzbcQC paragraph-element br-paragraph-space\">Vastapainohydraulisen sylinterin k\u00e4ytt\u00f6 nosturissa tarjoaa useita merkitt\u00e4vi\u00e4 etuja:<\/div>\n<h3><strong>Parannettu vakaus<\/strong>:<\/h3>\n<h3><img loading=\"lazy\" decoding=\"async\" class=\"aligncenter wp-image-20184 size-full\" src=\"https:\/\/www.hydraulic-cylinders.net\/wp-content\/uploads\/2025\/05\/counterweight-hydraulic-cylinder-for-car-crane-1-1.webp\" alt=\"\" width=\"580\" height=\"326\" srcset=\"https:\/\/www.hydraulic-cylinders.net\/wp-content\/uploads\/2025\/05\/counterweight-hydraulic-cylinder-for-car-crane-1-1.webp 580w, https:\/\/www.hydraulic-cylinders.net\/wp-content\/uploads\/2025\/05\/counterweight-hydraulic-cylinder-for-car-crane-1-1-480x270.webp 480w\" sizes=\"(min-width: 0px) and (max-width: 480px) 480px, (min-width: 481px) 580px, 100vw\" \/><\/h3>\n<p>A counterweight hydraulic cylinder helps to balance the load on the crane. By adjusting the position and force of the counterweight, it can counteract the torque generated by the lifted load. This reduces the risk of the crane tipping over during heavy &#8211; lift operations. For example, when a crane is lifting a large and heavy pre &#8211; cast concrete panel in a high &#8211; rise construction project, the counterweight hydraulic cylinder can be adjusted to keep the crane stable.<\/p>\n<\/div>\n<div class=\"container-hfX5E8 flow-markdown-body theme-samantha-yJEgBp\" dir=\"ltr\" data-testid=\"message_text_content\" data-show-indicator=\"false\">\n<h3><strong>Tarkka kuormanhallinta<\/strong>:<\/h3>\n<p>It allows for precise control of the counterweight, which in turn enables more accurate load management. The hydraulic cylinder can be adjusted in real &#8211; time according to the weight and position of the load. In a logistics operation where a crane is moving shipping containers of different weights, the counterweight hydraulic cylinder can be fine &#8211; tuned to ensure smooth and safe lifting and placement of the containers.<\/p>\n<\/div>\n<div>\n<div class=\"image-box-grid-DI7Zd9\" data-finished=\"true\" data-testid=\"message_image_content\">\n<div class=\"image-box-grid-item-hjZBGw\">\n<div class=\"relative w-fit inline-flex\">\n<div class=\"container-pveQEn\"><\/div>\n<\/div>\n<\/div>\n<\/div>\n<\/div>\n<div class=\"container-hfX5E8 flow-markdown-body theme-samantha-yJEgBp\" dir=\"ltr\" data-testid=\"message_text_content\" data-show-indicator=\"false\">\n<h3><strong>Lis\u00e4\u00e4ntynyt ohjattavuus<\/strong>:<\/h3>\n<h3><img loading=\"lazy\" decoding=\"async\" class=\"alignnone size-full wp-image-20185\" src=\"https:\/\/www.hydraulic-cylinders.net\/wp-content\/uploads\/2025\/05\/counterweight-hydraulic-cylinder-for-car-crane-2.webp\" alt=\"\" width=\"2048\" height=\"1152\" srcset=\"https:\/\/www.hydraulic-cylinders.net\/wp-content\/uploads\/2025\/05\/counterweight-hydraulic-cylinder-for-car-crane-2.webp 2048w, https:\/\/www.hydraulic-cylinders.net\/wp-content\/uploads\/2025\/05\/counterweight-hydraulic-cylinder-for-car-crane-2-1280x720.webp 1280w, https:\/\/www.hydraulic-cylinders.net\/wp-content\/uploads\/2025\/05\/counterweight-hydraulic-cylinder-for-car-crane-2-980x551.webp 980w, https:\/\/www.hydraulic-cylinders.net\/wp-content\/uploads\/2025\/05\/counterweight-hydraulic-cylinder-for-car-crane-2-480x270.webp 480w\" sizes=\"(min-width: 0px) and (max-width: 480px) 480px, (min-width: 481px) and (max-width: 980px) 980px, (min-width: 981px) and (max-width: 1280px) 1280px, (min-width: 1281px) 2048px, 100vw\" \/><\/h3>\n<p>In confined spaces such as urban construction sites or manufacturing plants, the counterweight hydraulic cylinder improves the crane&#8217;s maneuverability. It can quickly adjust the counterweight to adapt to different working conditions and spaces. For instance, in an automotive manufacturing plant where a crane is used to position engine blocks on the assembly line, the counterweight hydraulic cylinder allows the crane to move and operate more freely in the limited space.<\/p>\n<\/div>\n<div class=\"container-hfX5E8 flow-markdown-body theme-samantha-yJEgBp\" dir=\"ltr\" data-testid=\"message_text_content\" data-show-indicator=\"false\">\n<h3><strong>Parempi turvallisuus<\/strong>:<\/h3>\n<p>By ensuring stability and precise load management, the counterweight hydraulic cylinder significantly enhances the safety of crane operations. It reduces the likelihood of accidents such as load drops or crane collapses, protecting both the operators and the surrounding environment. Whether it is in a high &#8211; risk construction project or a busy logistics center, the use of a counterweight hydraulic cylinder is crucial for maintaining a safe working environment.<\/p>\n<\/div>\n<section id=\"company-introduction\">\n<h2><strong>Tietoja Ever-Power Huachang Hydraulicista:<\/strong><\/h2>\n<h2><img loading=\"lazy\" decoding=\"async\" class=\"alignnone size-full wp-image-16972\" src=\"https:\/\/www.hydraulic-cylinders.net\/wp-content\/uploads\/2025\/01\/hydraulic-cylinder-factory-1-scaled.webp\" alt=\"\" width=\"2016\" height=\"2560\" srcset=\"https:\/\/www.hydraulic-cylinders.net\/wp-content\/uploads\/2025\/01\/hydraulic-cylinder-factory-1-scaled.webp 2016w, https:\/\/www.hydraulic-cylinders.net\/wp-content\/uploads\/2025\/01\/hydraulic-cylinder-factory-1-1280x1625.webp 1280w, https:\/\/www.hydraulic-cylinders.net\/wp-content\/uploads\/2025\/01\/hydraulic-cylinder-factory-1-980x1244.webp 980w, https:\/\/www.hydraulic-cylinders.net\/wp-content\/uploads\/2025\/01\/hydraulic-cylinder-factory-1-480x610.webp 480w\" sizes=\"(min-width: 0px) and (max-width: 480px) 480px, (min-width: 481px) and (max-width: 980px) 980px, (min-width: 981px) and (max-width: 1280px) 1280px, (min-width: 1281px) 2016px, 100vw\" \/><\/h2>\n<p dir=\"auto\">Ever-Power Huachang Hydraulic edist\u00e4\u00e4 hydraulisylintereiden innovaatioita huippuluokan tutkimus- ja kehityslaitoksellaan, jossa asiantuntevat insin\u00f6\u00f6rit suunnittelevat tehokkaita ratkaisuja teollisiin sovelluksiin, kuten autonostureihin ja raskaisiin laitteisiin.<\/p>\n<p dir=\"auto\">Edistyksellinen tuotantolaitoksemme hy\u00f6dynt\u00e4\u00e4 automatisoitua kokoonpanoa ja tarkkuuskoneistusta, ja se valmistaa r\u00e4\u00e4t\u00e4l\u00f6ityj\u00e4 sylintereit\u00e4 \u00e4lykk\u00e4\u00e4ll\u00e4 teknologialla tehokkuuden ja tiukkojen alan standardien noudattamisen varmistamiseksi. Tehtaamme tukee muun muassa Terex- ja Grove-malleja.<\/p>\n<h2><img loading=\"lazy\" decoding=\"async\" class=\"alignnone size-full wp-image-16973\" src=\"https:\/\/www.hydraulic-cylinders.net\/wp-content\/uploads\/2025\/01\/hydraulic-cylinder-factory-2-scaled.webp\" alt=\"\" width=\"2011\" height=\"2560\" srcset=\"https:\/\/www.hydraulic-cylinders.net\/wp-content\/uploads\/2025\/01\/hydraulic-cylinder-factory-2-scaled.webp 2011w, https:\/\/www.hydraulic-cylinders.net\/wp-content\/uploads\/2025\/01\/hydraulic-cylinder-factory-2-1280x1629.webp 1280w, https:\/\/www.hydraulic-cylinders.net\/wp-content\/uploads\/2025\/01\/hydraulic-cylinder-factory-2-980x1248.webp 980w, https:\/\/www.hydraulic-cylinders.net\/wp-content\/uploads\/2025\/01\/hydraulic-cylinder-factory-2-480x611.webp 480w\" sizes=\"(min-width: 0px) and (max-width: 480px) 480px, (min-width: 481px) and (max-width: 980px) 980px, (min-width: 981px) and (max-width: 1280px) 1280px, (min-width: 1281px) 2011px, 100vw\" \/><\/h2>\n<p>Yll\u00e4pid\u00e4mme laatua huippumodernin testauskeskuksen avulla, validoimme suorituskyvyn edistyneell\u00e4 diagnostiikalla ja k\u00e4yt\u00e4mme ymp\u00e4rist\u00f6yst\u00e4v\u00e4llisi\u00e4 pinnoitteita kest\u00e4vyyden parantamiseksi. Johtavana toimittajana hy\u00f6dynn\u00e4mme teko\u00e4lypohjaista tutkimusta toimittaaksemme luotettavia, maailmanlaajuisesti luotettuja ja raskaaseen k\u00e4ytt\u00f6\u00f6n tarkoitettuja hydraulisylintereit\u00e4.<\/p>\n<\/section>","protected":false},"excerpt":{"rendered":"<p>Counterweight Hydraulic Cylinders for Car Crane The counterweight hydraulic cylinders for car crane, crafted by Ever-Power Huachang Hydraulic, are precision-engineered balance cylinders that ensure optimal stability and safety during heavy lifting operations. Designed for seamless compatibility with leading car crane models, this hydraulic cylinder for car crane enhances load management in urban construction, logistics, and [&hellip;]<\/p>","protected":false},"featured_media":20181,"comment_status":"open","ping_status":"closed","template":"","meta":{"_et_pb_use_builder":"","_et_pb_old_content":"","_et_gb_content_width":""},"product_brand":[],"product_cat":[1514],"product_tag":[],"class_list":{"0":"post-20179","1":"product","2":"type-product","3":"status-publish","4":"has-post-thumbnail","6":"product_cat-mobile-crane-hydraulic-cylinders","8":"first","9":"instock","10":"shipping-taxable","11":"product-type-simple"},"amp_enabled":true,"_links":{"self":[{"href":"https:\/\/www.hydraulic-cylinders.net\/fi\/wp-json\/wp\/v2\/product\/20179","targetHints":{"allow":["GET"]}}],"collection":[{"href":"https:\/\/www.hydraulic-cylinders.net\/fi\/wp-json\/wp\/v2\/product"}],"about":[{"href":"https:\/\/www.hydraulic-cylinders.net\/fi\/wp-json\/wp\/v2\/types\/product"}],"replies":[{"embeddable":true,"href":"https:\/\/www.hydraulic-cylinders.net\/fi\/wp-json\/wp\/v2\/comments?post=20179"}],"wp:featuredmedia":[{"embeddable":true,"href":"https:\/\/www.hydraulic-cylinders.net\/fi\/wp-json\/wp\/v2\/media\/20181"}],"wp:attachment":[{"href":"https:\/\/www.hydraulic-cylinders.net\/fi\/wp-json\/wp\/v2\/media?parent=20179"}],"wp:term":[{"taxonomy":"product_brand","embeddable":true,"href":"https:\/\/www.hydraulic-cylinders.net\/fi\/wp-json\/wp\/v2\/product_brand?post=20179"},{"taxonomy":"product_cat","embeddable":true,"href":"https:\/\/www.hydraulic-cylinders.net\/fi\/wp-json\/wp\/v2\/product_cat?post=20179"},{"taxonomy":"product_tag","embeddable":true,"href":"https:\/\/www.hydraulic-cylinders.net\/fi\/wp-json\/wp\/v2\/product_tag?post=20179"}],"curies":[{"name":"wp","href":"https:\/\/api.w.org\/{rel}","templated":true}]}}