{"id":20701,"date":"2025-05-27T06:21:24","date_gmt":"2025-05-27T06:21:24","guid":{"rendered":"https:\/\/www.hydraulic-cylinders.net\/product\/forklift-truck-tilt-cylinder\/"},"modified":"2025-05-27T06:21:27","modified_gmt":"2025-05-27T06:21:27","slug":"forklift-truck-tilt-cylinder","status":"publish","type":"product","link":"https:\/\/www.hydraulic-cylinders.net\/fi\/tuote\/forklift-truck-tilt-cylinder\/","title":{"rendered":"Trukin kallistussylinteri"},"content":{"rendered":"<h1>Trukin kallistussylinteri<\/h1>\n<h2>Tuotteen esittely<\/h2>\n<p>Trukin kallistussylinteri on t\u00e4rke\u00e4 osa trukin hydraulij\u00e4rjestelm\u00e4\u00e4, ja se mahdollistaa maston kulman s\u00e4\u00e4t\u00e4misen optimaalisen kuormank\u00e4sittelyn saavuttamiseksi. T\u00e4ll\u00e4 hydraulisylinterill\u00e4 on ratkaiseva rooli etuhaarukoiden nostamisessa, laskemisessa ja kallistuksessa, mik\u00e4 mahdollistaa erilaisten kuormien tarkan k\u00e4sittelyn. Se koostuu sylinterikotelosta, m\u00e4nn\u00e4st\u00e4 ja tangosta, jotka kaikki on suunniteltu kest\u00e4m\u00e4\u00e4n korkeaa painetta ja tarjoamaan sujuvan toiminnan. Kallistustoiminto auttaa yll\u00e4pit\u00e4m\u00e4\u00e4n vakautta nostojen aikana, mik\u00e4 varmistaa turvallisuuden ja tehokkuuden varastotoiminnoissa. Luotettavan kallistussylinterin avulla trukin kuljettajat voivat k\u00e4sitell\u00e4 kuormia tehokkaammin, mik\u00e4 v\u00e4hent\u00e4\u00e4 merkitt\u00e4v\u00e4sti onnettomuusriski\u00e4 ja parantaa materiaalink\u00e4sittelyn tuottavuutta.<\/p>\n<h2>Tuotteen tekniset tiedot<\/h2>\n<h3>Sylinterin halkaisija<\/h3>\n<p>Sylinterin halkaisija on 70 mm, mik\u00e4 lis\u00e4\u00e4 sen kokonaislujuutta ja kyky\u00e4 k\u00e4sitell\u00e4 huomattavia kuormia.<\/p>\n<h3>Tangon halkaisija<\/h3>\n<p>32 mm:n tangon halkaisija varmistaa kest\u00e4vyyden ja vastustuskyvyn taipumiselle ja v\u00e4\u00e4ntymiselle raskaiden kuormien alla.<\/p>\n<h3>Matkaet\u00e4isyys<\/h3>\n<p>167 mm:n liikematkan ansiosta t\u00e4m\u00e4 sylinteri tarjoaa riitt\u00e4v\u00e4n liikkeen tehokkaisiin kallistuksen s\u00e4\u00e4t\u00f6ihin.<\/p>\n<h3>Asennuset\u00e4isyys<\/h3>\n<p>455 mm:n asennuset\u00e4isyys mahdollistaa yhteensopivuuden useiden trukkimallien kanssa, mik\u00e4 helpottaa integrointia olemassa oleviin j\u00e4rjestelmiin.<\/p>\n<h2>Tuotteen ominaisuudet<\/h2>\n<ul>\n<li>Korkea kest\u00e4vyys valmistuksessa k\u00e4ytettyjen kest\u00e4vien materiaalien ansiosta.<\/li>\n<li>Poikkeuksellisen suorituskykyinen raskaissa sovelluksissa.<\/li>\n<li>Mukautettavia vaihtoehtoja on saatavilla erityisvaatimusten t\u00e4ytt\u00e4miseksi.<\/li>\n<li>Helppo asennus ja huolto, mik\u00e4 minimoi seisokkiajat.<\/li>\n<li>Suunniteltu optimaalista turvallisuutta ja tehokkuutta ajatellen.<\/li>\n<\/ul>\n<h2>Sovellusskenaariot<\/h2>\n<h3>Varastotoiminnot<\/h3>\n<p>Varastoymp\u00e4rist\u00f6iss\u00e4 trukin kallistussylinteri helpottaa tavaroiden tehokasta lastaamista ja purkamista. Haarukoiden kulmaa s\u00e4\u00e4t\u00e4m\u00e4ll\u00e4 k\u00e4ytt\u00e4j\u00e4t voivat pinota esineit\u00e4 turvallisesti eri korkeuksille, mik\u00e4 parantaa tilank\u00e4ytt\u00f6\u00e4. T\u00e4m\u00e4 toiminto v\u00e4hent\u00e4\u00e4 tuotevaurioiden riski\u00e4 ja parantaa ty\u00f6nkulun tehokkuutta.<\/p>\n<h3>Rakennusty\u00f6maat<\/h3>\n<p>Rakennusty\u00f6mailla t\u00e4m\u00e4 hydraulisylinteri on v\u00e4ltt\u00e4m\u00e4t\u00f6n raskaiden materiaalien, kuten ter\u00e4spalkkien ja betonilohkojen, nostamiseen. Haarukoiden kallistusmahdollisuus antaa kuljettajille mahdollisuuden sijoittaa kuormat tarkasti, mik\u00e4 on ratkaisevan t\u00e4rke\u00e4\u00e4 ty\u00f6skennelt\u00e4ess\u00e4 ep\u00e4tasaisilla pinnoilla tai ahtaissa tiloissa, mik\u00e4 varmistaa turvallisuuden ja tarkkuuden materiaalink\u00e4sittelyss\u00e4.<\/p>\n<h3>Kuljetus ja logistiikka<\/h3>\n<p>Kuljetus- ja logistiikka-alalla kallistussylinteri auttaa kuorma-autojen ja konttien tehokkaassa lastauksessa. Mahdollistamalla haarukan kulmien s\u00e4\u00e4t\u00e4misen se varmistaa, ett\u00e4 kuormat ovat tasapainossa ja tukevasti kiinni kuljetuksen aikana, mik\u00e4 v\u00e4hent\u00e4\u00e4 onnettomuuksien todenn\u00e4k\u00f6isyytt\u00e4 kuljetuksen aikana.<\/p>\n<h2>Suunnittelun\u00e4k\u00f6kohdat ja valintakriteerit<\/h2>\n<h3>Kantavuus<\/h3>\n<p>Trukin kallistussylinteri\u00e4 suunniteltaessa kuormankesto on ensiarvoisen t\u00e4rke\u00e4\u00e4. Sen on kyett\u00e4v\u00e4 k\u00e4sittelem\u00e4\u00e4n nostettavien kuormien enimm\u00e4ispaino. Insin\u00f6\u00f6rien on laskettava odotetut voimat ja otettava huomioon turvamarginaalit sen varmistamiseksi, ett\u00e4 sylinteri pysyy toimintakunnossa erilaisissa olosuhteissa. Kest\u00e4v\u00e4 rakenne est\u00e4\u00e4 viat, jotka voivat johtaa onnettomuuksiin tai materiaalivaurioihin.<\/p>\n<h3>Tiivistysmekanismi<\/h3>\n<p>Tiivistys on ratkaisevan t\u00e4rke\u00e4\u00e4 hydraulinesteen vuotojen est\u00e4miseksi ja paineen yll\u00e4pit\u00e4miseksi j\u00e4rjestelm\u00e4ss\u00e4. Suunnitteluun kuuluvat tarkasti suunnitellut tiivisteet, jotka varmistavat vuotamattoman ymp\u00e4rist\u00f6n, parantaen sylinterin tehokkuutta ja pitk\u00e4ik\u00e4isyytt\u00e4. Tiivisteiden on kestett\u00e4v\u00e4 vaihtelevia l\u00e4mp\u00f6tiloja ja paineita samalla, kun ne tarjoavat luotettavaa suorituskyky\u00e4 ajan kuluessa.<\/p>\n<h3>Kest\u00e4vyys<\/h3>\n<p>Kest\u00e4vyys on keskeinen kriteeri hydraulisten sylinterien suunnittelussa. K\u00e4ytettyjen materiaalien on kestett\u00e4v\u00e4 kulumista jatkuvassa k\u00e4yt\u00f6ss\u00e4 vaativissa ymp\u00e4rist\u00f6iss\u00e4. Korkealaatuisia metalleja ja pinnoitteita k\u00e4ytet\u00e4\u00e4n suojaamaan sylinteri\u00e4 korroosiolta ja hankaukselta, mik\u00e4 pident\u00e4\u00e4 sen k\u00e4ytt\u00f6ik\u00e4\u00e4.<\/p>\n<h3>Turvaominaisuudet<\/h3>\n<p>Turvaominaisuudet ovat olennainen osa trukin kallistussylinterin suunnittelua. N\u00e4it\u00e4 voivat olla paineenalennusventtiilit ja turvalukot, jotka est\u00e4v\u00e4t kallistuksen vahingossa tapahtuvat s\u00e4\u00e4d\u00f6t kuorman nostamisen aikana. T\u00e4llaiset mekanismit suojaavat k\u00e4ytt\u00e4ji\u00e4 ja sivullisia varmistaen turvallisen k\u00e4yt\u00f6n k\u00e4yt\u00f6n aikana.<\/p>\n<h3>Huolto Esteett\u00f6myys<\/h3>\n<p>Suunnittelijat ottavat huomioon my\u00f6s huoltomahdollisuuksien saatavuuden varmistaakseen, ett\u00e4 rutiinitarkastukset ja korjaukset voidaan suorittaa nopeasti ja tehokkaasti. T\u00e4h\u00e4n sis\u00e4ltyy tiivisteiden ja voiteluaineiden helppo saatavuus, mik\u00e4 mahdollistaa oikea-aikaisen huollon, joka minimoi laitteiden seisokkiajat ja pident\u00e4\u00e4 sylinterin k\u00e4ytt\u00f6ik\u00e4\u00e4.<\/p>\n<h2>Tiivistys ja voitelu<\/h2>\n<p>Trukin kallistussylinterin tehokkuuteen vaikuttavat suuresti sen tiivistys- ja voiteluj\u00e4rjestelm\u00e4t. Hydraulisen eheyden yll\u00e4pit\u00e4miseksi k\u00e4ytet\u00e4\u00e4n erilaisia \u200b\u200btiivistyskomponentteja, kuten m\u00e4nn\u00e4ntiivisteit\u00e4 ja varren tiivisteit\u00e4. N\u00e4m\u00e4 tiivisteet on usein valmistettu kest\u00e4vist\u00e4 materiaaleista, kuten polyuretaanista ja nitriilikumista, jotka kest\u00e4v\u00e4t kulumista ja tarjoavat luotettavan suorituskyvyn. Sylinterin runko ja kierteitetyt p\u00e4\u00e4t on ty\u00f6stetty tarkasti kulutuskest\u00e4vyyden parantamiseksi ja sen varmistamiseksi, ett\u00e4 pinnat kest\u00e4v\u00e4t k\u00e4yt\u00f6n rasitukset.<\/p>\n<p>S\u00e4\u00e4nn\u00f6llinen voitelu on ratkaisevan t\u00e4rke\u00e4\u00e4 optimaalisen toiminnan yll\u00e4pit\u00e4miseksi. K\u00e4ytt\u00e4j\u00e4n on varmistettava, ett\u00e4 sylinteriin lis\u00e4t\u00e4\u00e4n s\u00e4\u00e4nn\u00f6llisesti riitt\u00e4v\u00e4sti hydrauliikka\u00f6ljy\u00e4 liikkuvien osien kitkan ja kulumisen est\u00e4miseksi. Voiteluprosessi ei ainoastaan \u200b\u200bsuojaa tiivisteit\u00e4, vaan my\u00f6s edist\u00e4\u00e4 sujuvaa toimintaa ja v\u00e4hent\u00e4\u00e4 j\u00e4rjestelm\u00e4n vikaantumisriski\u00e4.<\/p>\n<h2>Ennaltaehk\u00e4isev\u00e4t huoltotoimenpiteet<\/h2>\n<ul>\n<li><strong>S\u00e4\u00e4nn\u00f6lliset tarkastukset:<\/strong> Kallistussylinterin s\u00e4\u00e4nn\u00f6lliset tarkastukset ovat v\u00e4ltt\u00e4m\u00e4tt\u00f6mi\u00e4 kulumisen tai vaurioiden merkkien havaitsemiseksi. N\u00e4ihin kuuluvat vuotojen tarkistaminen, tiivisteiden tutkiminen ja sylinterin rungon eheyden varmistaminen. Ongelmien varhainen havaitseminen voi est\u00e4\u00e4 kalliita korjauksia ja seisokkeja.<\/li>\n<li><strong>Voitelu:<\/strong> Hydraulij\u00e4rjestelm\u00e4n asianmukainen voitelu on elint\u00e4rke\u00e4\u00e4 suorituskyvyn kannalta. K\u00e4ytt\u00e4jien on noudatettava valmistajan suosituksia voiteluv\u00e4leist\u00e4 ja varmistettava, ett\u00e4 k\u00e4ytet\u00e4\u00e4n vain korkealaatuista hydrauli\u00f6ljy\u00e4 tiivisteiden ja komponenttien kulumisen est\u00e4miseksi.<\/li>\n<li><strong>Tiivisteen vaihto:<\/strong> Ajan my\u00f6t\u00e4 tiivisteet voivat kulua ja ne on ehk\u00e4 vaihdettava j\u00e4rjestelm\u00e4n tehokkuuden yll\u00e4pit\u00e4miseksi. K\u00e4ytt\u00e4jien tulisi laatia aikataulu tiivisteiden tarkastuksille ja vaihdoille osana rutiinihuoltoa odottamattomien vikojen v\u00e4ltt\u00e4miseksi.<\/li>\n<\/ul>\n<h2>Asennusohjeet<\/h2>\n<p>Trukin kallistussylinterin oikea asennus on kriittisen t\u00e4rke\u00e4\u00e4 turvallisen ja tehokkaan k\u00e4yt\u00f6n kannalta. Aloita varmistamalla, ett\u00e4 asennusalue on puhdas ja roskaton. Kohdista sylinteri trukin kiinnityspisteisiin ja kiinnit\u00e4 se tukevasti sopivilla kiinnityskiinnikkeill\u00e4. On eritt\u00e4in t\u00e4rke\u00e4\u00e4 varmistaa, ett\u00e4 sylinterin varsi on oikein kohdistettu trukin hydraulij\u00e4rjestelm\u00e4\u00e4n, jotta v\u00e4ltet\u00e4\u00e4n tarpeeton rasitus k\u00e4yt\u00f6n aikana.<\/p>\n<p>Kun j\u00e4rjestelm\u00e4 on oikein asennettu, kirist\u00e4 kaikki pultit ja liitokset tiukasti, jotta ne eiv\u00e4t l\u00f6ysty k\u00e4yt\u00f6n aikana. Asennuksen j\u00e4lkeen tarkista hydrauliset liit\u00e4nn\u00e4t huolellisesti ja tarkista, ettei niiss\u00e4 ole vuotoja. Lopuksi testaa j\u00e4rjestelm\u00e4 alhaisella paineella ennen t\u00e4ydell\u00e4 k\u00e4ytt\u00f6asetuksella varmistamista, ett\u00e4 kaikki toimii tarkoitetulla tavalla.<\/p>\n<h2>Yleiset huoltoteht\u00e4v\u00e4t<\/h2>\n<h3>S\u00e4\u00e4nn\u00f6lliset tarkastukset<\/h3>\n<p>S\u00e4\u00e4nn\u00f6lliset tarkastukset ovat ratkaisevan t\u00e4rkeit\u00e4 trukin kallistussylinterin mahdollisten ongelmien tunnistamiseksi ennen niiden pahenemista. Kuljettajien tulisi ajoittaa rutiinitarkastukset tiivisteiden, hydrauliliit\u00e4nt\u00f6jen ja sylinterin yleisen eheyden arvioimiseksi. Tarkastusten aikana on etsitt\u00e4v\u00e4 merkkej\u00e4 nestevuodoista tai kulumisesta sylinterin pinnalla. Pienten ongelmien nopea korjaaminen voi est\u00e4\u00e4 vakavia vikoja ja parantaa k\u00e4ytt\u00f6turvallisuutta.<\/p>\n<h3>Oikea voitelu<\/h3>\n<p>Hydraulij\u00e4rjestelm\u00e4n asianmukainen voitelu on v\u00e4ltt\u00e4m\u00e4t\u00f6nt\u00e4 sylinterin sujuvan toiminnan ja pitk\u00e4n k\u00e4ytt\u00f6i\u00e4n kannalta. K\u00e4ytt\u00e4jien tulee noudattaa valmistajan ohjeita voiteluv\u00e4leist\u00e4 ja varmistaa, ett\u00e4 k\u00e4ytet\u00e4\u00e4n oikeanlaista hydrauli\u00f6ljy\u00e4. Riitt\u00e4m\u00e4t\u00f6n voitelu voi johtaa lis\u00e4\u00e4ntyneeseen kitkaan, ennenaikaiseen kulumiseen ja hydraulij\u00e4rjestelm\u00e4n mahdolliseen vikaantumiseen. Tarkista \u00f6ljym\u00e4\u00e4r\u00e4t s\u00e4\u00e4nn\u00f6llisesti ja lis\u00e4\u00e4 tarvittaessa optimaalisen suorituskyvyn yll\u00e4pit\u00e4miseksi.<\/p>\n<h3>Tiivisteiden vaihto ja kalibrointitarkastukset<\/h3>\n<p>Tiivisteiden vaihto on kriittinen huoltoteht\u00e4v\u00e4, joka varmistaa hydraulij\u00e4rjestelm\u00e4n vuotamattomuuden. K\u00e4ytt\u00e4j\u00e4n tulee tarkistaa tiivisteet s\u00e4\u00e4nn\u00f6llisesti kulumisen varalta ja vaihtaa ne tarvittaessa nesteh\u00e4vi\u00f6iden est\u00e4miseksi. Lis\u00e4ksi on suoritettava kalibrointitarkistukset sen varmistamiseksi, ett\u00e4 sylinteri toimii m\u00e4\u00e4ritettyjen parametrien mukaisesti, mik\u00e4 on elint\u00e4rke\u00e4\u00e4 luotettavan suorituskyvyn kannalta. T\u00e4m\u00e4 voi sis\u00e4lt\u00e4\u00e4 paineasetusten s\u00e4\u00e4t\u00e4misen ja sen tarkistamisen, ett\u00e4 kallistustoiminto toimii sujuvasti ilman esteit\u00e4.<\/p>\n<h2>Turvallisuusn\u00e4k\u00f6kohdat ja ymp\u00e4rist\u00f6tekij\u00e4t<\/h2>\n<p>Trukin kallistussylinteri\u00e4 k\u00e4ytett\u00e4ess\u00e4 on ensiarvoisen t\u00e4rke\u00e4\u00e4 noudattaa turvallisuustoimenpiteit\u00e4. K\u00e4ytt\u00e4j\u00e4t on koulutettava k\u00e4sittelem\u00e4\u00e4n hydraulilaitteita turvallisesti ja varmistettava, ett\u00e4 he ymm\u00e4rt\u00e4v\u00e4t hydraulij\u00e4rjestelmiin liittyv\u00e4t mahdolliset vaarat. Henkil\u00f6kohtaisten suojavarusteiden (PPE) asianmukainen k\u00e4ytt\u00f6 on v\u00e4ltt\u00e4m\u00e4t\u00f6nt\u00e4, mukaan lukien k\u00e4sineet ja silm\u00e4suojaimet, riskien minimoimiseksi k\u00e4yt\u00f6n aikana. Lis\u00e4ksi puhtaan ty\u00f6ymp\u00e4rist\u00f6n yll\u00e4pit\u00e4minen auttaa ehk\u00e4isem\u00e4\u00e4n onnettomuuksia ja varmistaa, ett\u00e4 kaikki henkil\u00f6st\u00f6 on tietoinen ymp\u00e4rist\u00f6st\u00e4\u00e4n. My\u00f6s ymp\u00e4rist\u00f6n\u00e4k\u00f6kohdat ovat t\u00e4rkeit\u00e4; hydraulinesteet ja -komponentit on h\u00e4vitett\u00e4v\u00e4 paikallisten m\u00e4\u00e4r\u00e4ysten mukaisesti ymp\u00e4rist\u00f6vaikutusten minimoimiseksi.<\/p>\n<h2>Vianm\u00e4\u00e4ritys ja yleiset ongelmat<\/h2>\n<ul>\n<li><strong>Hydrauliset vuodot:<\/strong> Yksi yleisimmist\u00e4 hydraulisylintereiden ongelmista on nestevuoto. T\u00e4m\u00e4 voi johtua kuluneista tiivisteist\u00e4 tai vaurioituneista osista. K\u00e4ytt\u00e4jien tulee tarkistaa tiivisteet s\u00e4\u00e4nn\u00f6llisesti ja vaihtaa ne ensimm\u00e4isten kulumismerkkien ilmetess\u00e4 nestevuotojen est\u00e4miseksi.<\/li>\n<li><strong>Riitt\u00e4m\u00e4t\u00f6n nostovoima:<\/strong> Jos sylinteri ei nosta kuormia tehokkaasti, se voi viitata alhaiseen hydrauliikka\u00f6ljyn tasoon tai sis\u00e4isiin vaurioihin. Nestetasojen tarkistaminen ja sylinterin kulumisen merkkien tutkiminen voivat auttaa diagnosoimaan ongelman.<\/li>\n<li><strong>Odottamaton kallistuminen:<\/strong> Jos kallistustoiminto toimii ep\u00e4s\u00e4\u00e4nn\u00f6llisesti, se voi johtua hydraulij\u00e4rjestelm\u00e4\u00e4n j\u00e4\u00e4neest\u00e4 ilmasta tai toimintah\u00e4iri\u00f6isest\u00e4 ohjausventtiilist\u00e4. J\u00e4rjestelm\u00e4n ilmaaminen ja ohjausmekanismien tarkastaminen voivat usein ratkaista t\u00e4m\u00e4n ongelman.<\/li>\n<\/ul>\n<h2>Vianm\u00e4\u00e4ritysvinkkej\u00e4<\/h2>\n<p>Trukin kallistussylinterin ongelmien tehokkaaksi diagnosoimiseksi k\u00e4ytt\u00e4jien tulee noudattaa systemaattista l\u00e4hestymistapaa. Aloita tarkistamalla hydraulinesteen tasot ja tarkistamalla vuodot. Jos nestetasot ovat alhaiset, lis\u00e4\u00e4 suositeltua hydrauli\u00f6ljy\u00e4 ja tarkkaile toistuvia vuotoja. Riitt\u00e4m\u00e4tt\u00f6m\u00e4n nostovoiman osalta tarkista sylinteri tukosten tai vaurioiden varalta ja varmista, ett\u00e4 hydraulij\u00e4rjestelm\u00e4 toimii oikein.<\/p>\n<p>Jos kone kallistuu odottamatta, tarkista hydrauliikkalinjat ja -venttiilit huolellisesti varmistaaksesi, ett\u00e4 ne eiv\u00e4t ole tukoksissa ja toimivat tarkoitetulla tavalla. Jos ongelmat jatkuvat, p\u00e4tev\u00e4n teknikon konsultointi voi antaa lis\u00e4tietoja ja ratkaisumenetelmi\u00e4.<\/p>\n<p><img decoding=\"async\" src=\"https:\/\/www.hydraulic-cylinders.net\/wp-content\/uploads\/2025\/05\/hydraulic-cylinder-all-2.webp\" alt=\"Hydraulisylinterin kuva\" \/><\/p>\n<h2>Tietoa yrityksest\u00e4mme<\/h2>\n<p>Olemme johtava hydraulisylintereiden valmistaja, joka tarjoaa kattavan valikoiman tuotteita sek\u00e4 kotimaisten ett\u00e4 kansainv\u00e4listen markkinoiden tarpeisiin. Sitoutumisella laatuun ja innovaatioihin olemme vakiinnuttaneet asemamme luotettavana toimittajana hydrauliikkateollisuudessa. Asiantuntemuksemme kattaa useita eri sektoreita, mink\u00e4 ansiosta voimme tarjota r\u00e4\u00e4t\u00e4l\u00f6ityj\u00e4 ratkaisuja, jotka vastaavat asiakkaiden erityistarpeisiin.<\/p>\n<p>Valmistuskyky\u00e4mme tukevat edistyneet tuotantolaitteet, jotka varmistavat, ett\u00e4 kaikki tuotteemme t\u00e4ytt\u00e4v\u00e4t tiukat laatustandardit. Noudatamme kansainv\u00e4lisi\u00e4 sertifikaatteja, jotka takaavat hydraulisylintereidemme luotettavuuden ja turvallisuuden. Lis\u00e4ksi tarjoamme r\u00e4\u00e4t\u00e4l\u00f6ityj\u00e4 palveluita ainutlaatuisten vaatimusten t\u00e4ytt\u00e4miseksi varmistaen, ett\u00e4 asiakkaamme saavat tuotteita, jotka sopivat t\u00e4ydellisesti heid\u00e4n sovelluksiinsa.<\/p>\n<p><img decoding=\"async\" src=\"https:\/\/www.hydraulic-cylinders.net\/wp-content\/uploads\/2025\/05\/xinxin-hydraulic-cylinder-factory-1.webp\" alt=\"Yrityksen tehdaskuva\" \/><\/p>\n<p>Omistautunut myynnin j\u00e4lkeinen palvelutiimimme on aina k\u00e4ytett\u00e4viss\u00e4 auttamaan asiakkaita kaikissa tiedusteluissa ja tukitarpeissa varmistaen saumattoman kokemuksen ostosta k\u00e4ytt\u00f6\u00f6nottoon. Ryhdy yhteisty\u00f6kumppaniksemme hydraulisylinteritarpeissasi ja koe ero laadussa ja palvelussa.<\/p>\n<p>Kirjoittaja: lyl<\/p>","protected":false},"excerpt":{"rendered":"<p>Forklift Truck Tilt Cylinder Product Introduction The Forklift Truck Tilt Cylinder is a vital component in the hydraulic system of a forklift, enabling the adjustment of the mast??s angle for optimal load handling. This hydraulic cylinder plays a crucial role in lifting, lowering, and tilting the front forks, allowing for precision in handling various loads. [&hellip;]<\/p>","protected":false},"featured_media":20609,"comment_status":"open","ping_status":"closed","template":"","meta":{"_et_pb_use_builder":"","_et_pb_old_content":"","_et_gb_content_width":""},"product_brand":[],"product_cat":[1483,1556],"product_tag":[],"class_list":{"0":"post-20701","1":"product","2":"type-product","3":"status-publish","4":"has-post-thumbnail","6":"product_cat-construction-machinery-hydraulic-cylinders","7":"product_cat-forklift-hydraulic-cylinders-2","9":"first","10":"instock","11":"shipping-taxable","12":"product-type-simple"},"amp_enabled":true,"_links":{"self":[{"href":"https:\/\/www.hydraulic-cylinders.net\/fi\/wp-json\/wp\/v2\/product\/20701","targetHints":{"allow":["GET"]}}],"collection":[{"href":"https:\/\/www.hydraulic-cylinders.net\/fi\/wp-json\/wp\/v2\/product"}],"about":[{"href":"https:\/\/www.hydraulic-cylinders.net\/fi\/wp-json\/wp\/v2\/types\/product"}],"replies":[{"embeddable":true,"href":"https:\/\/www.hydraulic-cylinders.net\/fi\/wp-json\/wp\/v2\/comments?post=20701"}],"wp:featuredmedia":[{"embeddable":true,"href":"https:\/\/www.hydraulic-cylinders.net\/fi\/wp-json\/wp\/v2\/media\/20609"}],"wp:attachment":[{"href":"https:\/\/www.hydraulic-cylinders.net\/fi\/wp-json\/wp\/v2\/media?parent=20701"}],"wp:term":[{"taxonomy":"product_brand","embeddable":true,"href":"https:\/\/www.hydraulic-cylinders.net\/fi\/wp-json\/wp\/v2\/product_brand?post=20701"},{"taxonomy":"product_cat","embeddable":true,"href":"https:\/\/www.hydraulic-cylinders.net\/fi\/wp-json\/wp\/v2\/product_cat?post=20701"},{"taxonomy":"product_tag","embeddable":true,"href":"https:\/\/www.hydraulic-cylinders.net\/fi\/wp-json\/wp\/v2\/product_tag?post=20701"}],"curies":[{"name":"wp","href":"https:\/\/api.w.org\/{rel}","templated":true}]}}