{"id":20702,"date":"2025-05-27T06:21:27","date_gmt":"2025-05-27T06:21:27","guid":{"rendered":"https:\/\/www.hydraulic-cylinders.net\/product\/forklift-truck-steering-cylinder\/"},"modified":"2025-05-27T06:21:36","modified_gmt":"2025-05-27T06:21:36","slug":"forklift-truck-steering-cylinder","status":"publish","type":"product","link":"https:\/\/www.hydraulic-cylinders.net\/fi\/tuote\/forklift-truck-steering-cylinder\/","title":{"rendered":"Trukin ohjaussylinteri"},"content":{"rendered":"<h1>Trukin ohjaussylinteri<\/h1>\n<h2>Tuotteen yleiskatsaus<\/h2>\n<p>Trukin ohjaussylinteri on trukkien hydraulisen ohjausj\u00e4rjestelm\u00e4n kriittinen osa. Sen ensisijainen teht\u00e4v\u00e4 on muuntaa hydraulinen energia mekaaniseksi voimaksi, mik\u00e4 mahdollistaa tarkan ohjauksen. T\u00e4m\u00e4 hydraulisylinteri toimii korkean paineen alaisena, mik\u00e4 mahdollistaa trukin saumattoman ohjattavuuden erityisesti ahtaissa tiloissa tai raskaiden nostotoimintojen aikana. Trukin tehokkuus riippuu suuresti ohjaussylinterin suorituskyvyst\u00e4, mik\u00e4 varmistaa turvallisuuden ja toiminnan tehokkuuden. Erityisesti suorituskykyyn, kest\u00e4vyyteen ja luotettavuuteen keskittyv\u00e4 tuote on suunniteltu vastaamaan erilaisten teollisuussovellusten tiukkoihin vaatimuksiin.<\/p>\n<h2>Tuotteen tekniset tiedot<\/h2>\n<h3>Keskeiset parametrit<\/h3>\n<ul>\n<li><strong>Sylinterin halkaisija:<\/strong> 70 mm<\/li>\n<li><strong>Tangon halkaisija:<\/strong> 40 mm<\/li>\n<li><strong>Matkustaa:<\/strong> 178 mm<\/li>\n<li><strong>Asennuset\u00e4isyys:<\/strong> 766 mm<\/li>\n<\/ul>\n<p>N\u00e4m\u00e4 tiedot korostavat sylinterin mittoja ja ominaisuuksia, jotka ovat elint\u00e4rkeit\u00e4 yhteensopivuuden varmistamiseksi eri trukkimallien kanssa. Sylinterin halkaisija on suunniteltu optimaalista hydraulivirtausta varten, kun taas m\u00e4nn\u00e4n halkaisija edist\u00e4\u00e4 raskaissa sovelluksissa tarvittavaa lujuutta ja kest\u00e4vyytt\u00e4. Liikematka on ratkaisevan t\u00e4rke\u00e4 sylinterin kyvylle tarjota riitt\u00e4v\u00e4 ohjausvaste, ja asennusmatka varmistaa oikean sopivuuden erilaisiin trukkikokoonpanoihin.<\/p>\n<h2>Trukin ohjaussylinterin ominaisuudet<\/h2>\n<ul>\n<li>Korkea kest\u00e4vyys ja kulutuskest\u00e4vyys<\/li>\n<li>Tarkkuussuunnittelu optimaalisen suorituskyvyn takaamiseksi<\/li>\n<li>Suljettu rakenne est\u00e4\u00e4 hydraulinesteen vuotamisen<\/li>\n<li>Yhteensopiva useiden trukkimallien kanssa<\/li>\n<li>Helppo asennus ja huolto<\/li>\n<\/ul>\n<p>Olemme erikoistuneet t\u00e4m\u00e4n hydraulisylinterin valmistukseen, mik\u00e4 varmistaa, ett\u00e4 tuotteemme korvaavat t\u00e4ydellisesti markkinoilla olevat ohjaussylinterit. Sitoutumisemme laatuun takaa, ett\u00e4 saat luotettavan ja tehokkaan komponentin trukkeihisi.<\/p>\n<h2>Trukin ohjaussylinterin sovellukset<\/h2>\n<h3>Teollisuusvarastointi<\/h3>\n<p>Teollisuusvarastoissa trukin ohjaussylinterill\u00e4 on t\u00e4rke\u00e4 rooli raskaiden kuormien k\u00e4sittelyss\u00e4 kapeilla k\u00e4yt\u00e4vill\u00e4. T\u00e4m\u00e4n hydraulisen komponentin mahdollistama tarkka ohjauksen hallinta varmistaa, ett\u00e4 trukit pystyv\u00e4t liikkumaan ahtaissa tiloissa, mik\u00e4 parantaa toiminnan tehokkuutta ja turvallisuutta. Kyky s\u00e4\u00e4t\u00e4\u00e4 suuntaa nopeasti menett\u00e4m\u00e4tt\u00e4 vakautta on ratkaisevan t\u00e4rke\u00e4\u00e4 ymp\u00e4rist\u00f6iss\u00e4, joissa aika ja tila ovat ratkaisevan t\u00e4rkeit\u00e4.<\/p>\n<h3>Rakennusty\u00f6maat<\/h3>\n<p>Rakennusty\u00f6mailla luotettavilla ohjaussylintereill\u00e4 varustetut trukit ovat v\u00e4ltt\u00e4m\u00e4tt\u00f6mi\u00e4 materiaalien kuljettamiseksi eri paikkoihin. Ohjaussylinterin kest\u00e4vyys mahdollistaa raskaiden kuormien siirt\u00e4misen ep\u00e4tasaisessa maastossa, mik\u00e4 tarjoaa tarvittavan hallinnan onnettomuuksien ja sek\u00e4 laitteiden ett\u00e4 kuljetettavien materiaalien vaurioitumisen est\u00e4miseksi.<\/p>\n<h3>V\u00e4hitt\u00e4ismyyntiymp\u00e4rist\u00f6t<\/h3>\n<p>V\u00e4hitt\u00e4iskauppaymp\u00e4rist\u00f6iss\u00e4, erityisesti varastoissa ja jakelukeskuksissa, trukkien on oltava ohjattuja varaston tehokkaaseen hallintaan. Ohjaussylinteri varmistaa, ett\u00e4 varastot siirtyv\u00e4t nopeasti varastoalueilta lastauslaitureille ja yll\u00e4pit\u00e4v\u00e4t sujuvaa toimintaa. T\u00e4m\u00e4 tehokkuus vaikuttaa suoraan asiakaspalvelun ja varastonhallinnan nopeuteen.<\/p>\n<h2>Suunnittelun\u00e4k\u00f6kohdat ja valintakriteerit<\/h2>\n<h3>Kantavuus<\/h3>\n<p>Trukin ohjaussylinteri\u00e4 suunniteltaessa kuormituskapasiteetti on ensiarvoisen t\u00e4rke\u00e4\u00e4. Sylinteri on suunniteltava kest\u00e4m\u00e4\u00e4n sen kohtaama enimm\u00e4ispaino, jotta se toimii tehokkaasti ilman vikaantumisriski\u00e4. T\u00e4m\u00e4 edellytt\u00e4\u00e4 huolellista laskelmointia ja materiaalien valintaa, jotka kest\u00e4v\u00e4t suurta rasitusta muodonmuutoksitta tai rikkoutumatta.<\/p>\n<h3>Tiivistyksen eheys<\/h3>\n<p>Tiivistyksen eheys on hydraulisylinterien suunnittelussa ratkaisevan t\u00e4rke\u00e4 osatekij\u00e4. Tehokkaat tiivisteet est\u00e4v\u00e4t hydraulinesteen vuotamisen, mik\u00e4 on elint\u00e4rke\u00e4\u00e4 paineen ja suorituskyvyn yll\u00e4pit\u00e4miseksi. Tiivistemateriaalien, kuten polyuretaanin tai nitriilikumin, valinta on olennaista, jotta ne kest\u00e4v\u00e4t teollisissa sovelluksissa usein esiintyv\u00e4t korkeat paineet ja ankarat olosuhteet.<\/p>\n<h3>Kest\u00e4vyys<\/h3>\n<p>Kest\u00e4vyys on toinen t\u00e4rke\u00e4 seikka. Ohjaussylinterin on kestett\u00e4v\u00e4 jatkuvaa k\u00e4ytt\u00f6\u00e4 vaativissa ymp\u00e4rist\u00f6iss\u00e4 heikentym\u00e4tt\u00e4. T\u00e4m\u00e4 edellytt\u00e4\u00e4 korkealaatuisten materiaalien valintaa ja edistyneiden valmistustekniikoiden k\u00e4ytt\u00f6\u00e4 kulutuskest\u00e4vyyden parantamiseksi ja sylinterin k\u00e4ytt\u00f6i\u00e4n pident\u00e4miseksi.<\/p>\n<h3>Turvaominaisuudet<\/h3>\n<p>Turvallisuus on ensiarvoisen t\u00e4rke\u00e4\u00e4 hydrauliikkakomponenttien suunnittelussa. Turvaominaisuuksien, kuten paineenalennusventtiilien ja kest\u00e4v\u00e4n rakenteen, sis\u00e4llytt\u00e4minen auttaa lievent\u00e4m\u00e4\u00e4n hydrauliikkavikoihin liittyvi\u00e4 riskej\u00e4. N\u00e4iden turvatoimenpiteiden varmistaminen suojaa paitsi laitteita my\u00f6s niiden kanssa ty\u00f6skentelevi\u00e4 k\u00e4ytt\u00e4ji\u00e4.<\/p>\n<h3>Huolto Esteett\u00f6myys<\/h3>\n<p>Huoltomahdollisuuden huomioiminen suunnittelussa varmistaa, ett\u00e4 s\u00e4\u00e4nn\u00f6lliset tarkastukset ja huolto voidaan suorittaa tehokkaasti. T\u00e4m\u00e4 auttaa k\u00e4ytt\u00e4ji\u00e4 pit\u00e4m\u00e4\u00e4n hydraulij\u00e4rjestelm\u00e4n optimaalisessa kunnossa, minimoimaan seisokkiajat ja pident\u00e4m\u00e4\u00e4n laitteiden k\u00e4ytt\u00f6ik\u00e4\u00e4.<\/p>\n<h2>Tiivistys ja voitelu<\/h2>\n<p>Asianmukainen tiivistys ja voitelu ovat elint\u00e4rkeit\u00e4 trukin ohjaussylinterin pitk\u00e4ik\u00e4isyyden ja tehokkuuden kannalta. Erilaiset tiivistyskomponentit, kuten m\u00e4nn\u00e4ntiivisteet ja varren tiivisteet, ovat ratkaisevan t\u00e4rkeit\u00e4 hydraulisen paineen yll\u00e4pit\u00e4miseksi ja vuotojen est\u00e4miseksi. Kest\u00e4vien materiaalien, kuten polyuretaanin ja nitriilikumin, k\u00e4ytt\u00f6 varmistaa, ett\u00e4 tiivisteet kest\u00e4v\u00e4t ankarat k\u00e4ytt\u00f6olosuhteet.<\/p>\n<p>Sylinterin rungon ja kierteitettyjen p\u00e4iden pinta tulisi ty\u00f6st\u00e4\u00e4 hienosti kulutuskest\u00e4vyyden parantamiseksi, mik\u00e4 osaltaan vaikuttaa tiivisteiden yleiseen tehokkuuteen. S\u00e4\u00e4nn\u00f6llinen voitelu sopivalla hydrauliikka\u00f6ljyll\u00e4 on v\u00e4ltt\u00e4m\u00e4t\u00f6nt\u00e4 kitkan ja kulumisen v\u00e4hent\u00e4miseksi, mik\u00e4 varmistaa sujuvan toiminnan ja pident\u00e4\u00e4 sylinterin k\u00e4ytt\u00f6ik\u00e4\u00e4. K\u00e4ytt\u00e4jien tulisi luoda rutiini nestetasojen tarkistamiseksi ja tarvittaessa lis\u00e4\u00e4miseksi voiteluongelmien v\u00e4ltt\u00e4miseksi.<\/p>\n<h2>Ennaltaehk\u00e4isev\u00e4t huoltotoimenpiteet<\/h2>\n<ul>\n<li><strong>S\u00e4\u00e4nn\u00f6lliset tarkastukset:<\/strong> Suorita hydraulij\u00e4rjestelm\u00e4n rutiinitarkastukset kulumisen tai vaurioiden varalta. T\u00e4m\u00e4 sis\u00e4lt\u00e4\u00e4 sylinterin vuotojen tarkistamisen ja kaikkien tiivisteiden ehjyyden varmistamisen.<\/li>\n<li><strong>Voitelu:<\/strong> Varmista, ett\u00e4 hydrauliikka\u00f6ljy\u00e4 lis\u00e4t\u00e4\u00e4n s\u00e4\u00e4nn\u00f6llisesti ja ett\u00e4 voitelupisteet huolletaan asianmukaisesti sujuvan toiminnan yll\u00e4pit\u00e4miseksi.<\/li>\n<li><strong>Tiivisteen vaihto:<\/strong> Vaihda tiivisteet s\u00e4\u00e4nn\u00f6llisesti vuotojen est\u00e4miseksi ja hydraulij\u00e4rjestelm\u00e4n tehokkaan toiminnan varmistamiseksi.<\/li>\n<\/ul>\n<p>N\u00e4iden ennaltaehk\u00e4isevien huoltotoimenpiteiden toteuttaminen on v\u00e4ltt\u00e4m\u00e4t\u00f6nt\u00e4 trukin ohjaussylinterin luotettavan toiminnan varmistamiseksi. Keskittym\u00e4ll\u00e4 s\u00e4\u00e4nn\u00f6llisiin arviointeihin ja oikea-aikaisiin toimenpiteisiin kuljettajat voivat lievent\u00e4\u00e4 odottamattomien vikojen ja kalliiden korjausten riskej\u00e4.<\/p>\n<h2>Asennusohjeet<\/h2>\n<p>Trukin ohjaussylinterin oikea asennus on ratkaisevan t\u00e4rke\u00e4\u00e4 optimaalisen suorituskyvyn kannalta. Aloita varmistamalla, ett\u00e4 asennusalue on puhdas ja roskaton. Kohdista sylinteri oikein trukin hydraulij\u00e4rjestelm\u00e4\u00e4n ja varmista, ett\u00e4 kaikki kiinnityspisteet vastaavat tarkasti toisiaan. On t\u00e4rke\u00e4\u00e4 k\u00e4ytt\u00e4\u00e4 sopivia kiinnityskorvakkeita sylinterin kiinnitt\u00e4miseksi paikalleen, mik\u00e4 takaa vakauden k\u00e4yt\u00f6n aikana. Kirist\u00e4 kaikki pultit valmistajan ohjeiden mukaisesti ja tarkista kohdistus kahdesti, jotta sylinteriin ei kohdistu tarpeetonta rasitusta.<\/p>\n<p>Asennuksen j\u00e4lkeen liit\u00e4 hydrauliikkalinjat huolellisesti v\u00e4ltt\u00e4en jyrkki\u00e4 mutkia, jotka voisivat haitata nesteen virtausta. Kun liit\u00e4nn\u00e4t on tehty tiukasti, t\u00e4yt\u00e4 hydrauliikkaj\u00e4rjestelm\u00e4 suositellulla \u00f6ljyll\u00e4 ja ilmaa j\u00e4rjestelm\u00e4 varmistaaksesi sujuvan toiminnan. Lopuksi suorita koeajo varmistaaksesi, ett\u00e4 sylinteri toimii oikein ja reagoi ohjausliikkeisiin viivyttelem\u00e4tt\u00e4. Tarkkaile asennusta s\u00e4\u00e4nn\u00f6llisesti mahdollisten vuotojen tai linjausvirheiden varalta jatkuvan suorituskyvyn varmistamiseksi.<\/p>\n<h2>Yleiset huoltoteht\u00e4v\u00e4t<\/h2>\n<h3>S\u00e4\u00e4nn\u00f6lliset tarkastukset<\/h3>\n<p>S\u00e4\u00e4nn\u00f6lliset tarkastukset ovat ratkaisevan t\u00e4rkeit\u00e4 mahdollisten ongelmien tunnistamiseksi ennen niiden pahenemista. Kuljettajien tulee tarkistaa silm\u00e4m\u00e4\u00e4r\u00e4isesti ohjaussylinterin ja sit\u00e4 ymp\u00e4r\u00f6ivien osien kulumisen, vuotojen tai vaurioiden merkit. T\u00e4m\u00e4 ennakoiva l\u00e4hestymistapa mahdollistaa oikea-aikaiset toimenpiteet, mik\u00e4 est\u00e4\u00e4 odottamattomat seisokit ja kalliit korjaukset.<\/p>\n<h3>Oikea voitelu<\/h3>\n<p>Oikean voitelutason yll\u00e4pit\u00e4minen on v\u00e4ltt\u00e4m\u00e4t\u00f6nt\u00e4 hydraulij\u00e4rjestelm\u00e4n sujuvalle toiminnalle. Tarkista s\u00e4\u00e4nn\u00f6llisesti hydraulinesteen tasot ja varmista, ett\u00e4 se on tuoretta ja puhdasta. Likainen tai alhainen nestetaso voi johtaa lis\u00e4\u00e4ntyneeseen kulumiseen ja toiminnan tehottomuuteen.<\/p>\n<h3>Tiivisteen vaihto<\/h3>\n<p>Ajan my\u00f6t\u00e4 tiivisteet voivat heikenty\u00e4 jatkuvan hydraulinesteelle altistumisen ja paineenvaihteluiden vuoksi. Tiivisteiden s\u00e4\u00e4nn\u00f6llinen vaihtaminen voi est\u00e4\u00e4 vuotoja ja yll\u00e4pit\u00e4\u00e4 hydraulij\u00e4rjestelm\u00e4n tehokkuutta. Laadi rutiini tiivisteiden tarkastuksille ja vaihdoille k\u00e4yt\u00f6n ja ymp\u00e4rist\u00f6olosuhteiden perusteella.<\/p>\n<h2>Turvallisuusn\u00e4k\u00f6kohdat ja ymp\u00e4rist\u00f6tekij\u00e4t<\/h2>\n<p>Hydraulij\u00e4rjestelmien kanssa ty\u00f6skennelt\u00e4ess\u00e4 turvatoimenpiteet ovat ensiarvoisen t\u00e4rkeit\u00e4. K\u00e4ytt\u00e4j\u00e4t tulee kouluttaa hydraulinesteiden turvalliseen k\u00e4sittelyyn ja heid\u00e4n tulee olla tietoisia hydraulisiin vikoihin liittyvist\u00e4 mahdollisista riskeist\u00e4. Turvallisuusprotokollien, kuten suojavarusteiden k\u00e4yt\u00f6n ja asianmukaisen ilmanvaihdon varmistamisen ty\u00f6alueilla, toteuttaminen on olennaista henkil\u00f6st\u00f6n suojelemiseksi.<\/p>\n<p>My\u00f6s ymp\u00e4rist\u00f6n\u00e4k\u00f6kohdilla on merkityst\u00e4 hydrauliikkaj\u00e4rjestelm\u00e4n hallinnassa. Hydraulinesteiden ja huoltoj\u00e4tteen asianmukainen h\u00e4vitt\u00e4minen on ratkaisevan t\u00e4rke\u00e4\u00e4 ymp\u00e4rist\u00f6n saastumisen est\u00e4miseksi. Paikallisten vaarallisia aineita koskevien m\u00e4\u00e4r\u00e4ysten noudattaminen varmistaa vaatimustenmukaisuuden ja suojelee ymp\u00e4r\u00f6iv\u00e4\u00e4 ekosysteemi\u00e4.<\/p>\n<h2>Vianm\u00e4\u00e4ritys ja yleiset ongelmat<\/h2>\n<h3>Vuoto<\/h3>\n<p>Yksi yleisimmist\u00e4 hydraulisylintereiden ongelmista on vuoto. T\u00e4m\u00e4 voi johtua kuluneista tiivisteist\u00e4, virheellisest\u00e4 asennuksesta tai sylinterin vaurioitumisesta. K\u00e4ytt\u00e4jien tulee tarkastaa sylinteri s\u00e4\u00e4nn\u00f6llisesti silm\u00e4m\u00e4\u00e4r\u00e4isesti nestevuodon merkkien varalta ja korjata mahdolliset vuodot viipym\u00e4tt\u00e4.<\/p>\n<h3>Heikentynyt suorituskyky<\/h3>\n<p>Jos ohjaussylinterin suorituskyky on heikentynyt, se voi viitata hydraulinesteen tasoihin liittyviin ongelmiin tai hydrauliletkujen tukoksiin. K\u00e4ytt\u00e4j\u00e4n on tarkistettava nestetasot ja varmistettava, ett\u00e4 kaikki letkut ovat puhtaita ja tukoksista vapaina.<\/p>\n<h3>Ep\u00e4tavalliset \u00e4\u00e4net<\/h3>\n<p>Ep\u00e4tavalliset \u00e4\u00e4net k\u00e4yt\u00f6n aikana voivat olla merkki hydraulij\u00e4rjestelm\u00e4n ongelmista. T\u00e4m\u00e4 voi viitata j\u00e4rjestelm\u00e4\u00e4n j\u00e4\u00e4neeseen ilmaan tai kuluneisiin osiin. Perusteellisen tarkastuksen suorittaminen ja j\u00e4rjestelm\u00e4n ilmaaminen tarvittaessa voivat auttaa ratkaisemaan n\u00e4m\u00e4 ongelmat.<\/p>\n<h2>Vianm\u00e4\u00e4ritysvinkkej\u00e4<\/h2>\n<p>Trukin ohjaussylinterin ongelmien tehokkaaseen diagnosointiin ja ratkaisemiseen k\u00e4ytt\u00e4jien tulee noudattaa systemaattista l\u00e4hestymistapaa. Aloita tarkistamalla hydraulinesteen tasot ja varmista, ett\u00e4 ne ovat suositellulla alueella. Tarkista seuraavaksi tiivisteiden ja sylinterien pintojen n\u00e4kyv\u00e4t vauriot tai kulumat.<\/p>\n<p>Ennaltaehk\u00e4isevin\u00e4 toimenpitein\u00e4 tulisi laatia s\u00e4\u00e4nn\u00f6lliset huoltorutiinit, jotka keskittyv\u00e4t tarkastuksiin, voiteluun ja tiivisteiden oikea-aikaiseen vaihtoon. N\u00e4m\u00e4 k\u00e4yt\u00e4nn\u00f6t auttavat minimoimaan seisokkiajat ja pident\u00e4m\u00e4\u00e4n ohjaussylinterin k\u00e4ytt\u00f6ik\u00e4\u00e4.<\/p>\n<p><img decoding=\"async\" src=\"https:\/\/www.hydraulic-cylinders.net\/wp-content\/uploads\/2025\/05\/hydraulic-cylinder-all-2.webp\" alt=\"Hydraulisylinterin kuva\"><\/p>\n<h2>Tietoa yrityksest\u00e4mme<\/h2>\n<p>Olemme johtava hydraulisylintereiden valmistaja, jolla on laaja valikoima tuotteita, jotka on r\u00e4\u00e4t\u00e4l\u00f6ity vastaamaan eri teollisuudenalojen tarpeisiin. Sitoutumisemme huippuosaamiseen on tehnyt meist\u00e4 yhden johtavista hydraulisylintereiden valmistajista ja tukkukauppiaista sek\u00e4 kotimaisilla ett\u00e4 kansainv\u00e4lisill\u00e4 markkinoilla. Olemme ylpeit\u00e4 ammattitaidostamme, kansainv\u00e4lisist\u00e4 sertifikaateistamme ja kyvyst\u00e4mme tarjota r\u00e4\u00e4t\u00e4l\u00f6ityj\u00e4 palveluita, jotka vastaavat asiakkaiden erityisvaatimuksiin.<\/p>\n<p>Huippuluokan tuotantolaitteistomme takaavat korkeimpien laatustandardien noudattamisen koko valmistusprosessimme ajan. Lis\u00e4ksi omistautunut huoltotiimimme on aina valmiina auttamaan asiakkaitamme kaikissa heid\u00e4n tarvitsemissaan tiedusteluissa tai tuessa varmistaen, ett\u00e4 asiakastyytyv\u00e4isyys on edelleen etusijalla.<\/p>\n<p><img decoding=\"async\" src=\"https:\/\/www.hydraulic-cylinders.net\/wp-content\/uploads\/2025\/05\/xinxin-hydraulic-cylinder-factory-1.webp\" alt=\"Yrityksen tehdaskuva\"><\/p>\n<p>Kirjoittaja: lyl<\/p>","protected":false},"excerpt":{"rendered":"<p>Forklift Truck Steering Cylinder Product Overview The Forklift Truck Steering Cylinder is a critical component in the hydraulic steering system of forklifts. Its primary function is to convert hydraulic energy into mechanical force, allowing for precise steering control. This hydraulic cylinder operates under high pressure, enabling seamless maneuverability of the forklift, particularly in tight spaces [&hellip;]<\/p>","protected":false},"featured_media":20609,"comment_status":"open","ping_status":"closed","template":"","meta":{"_et_pb_use_builder":"","_et_pb_old_content":"","_et_gb_content_width":""},"product_brand":[],"product_cat":[1483,1556],"product_tag":[],"class_list":{"0":"post-20702","1":"product","2":"type-product","3":"status-publish","4":"has-post-thumbnail","6":"product_cat-construction-machinery-hydraulic-cylinders","7":"product_cat-forklift-hydraulic-cylinders-2","9":"first","10":"instock","11":"shipping-taxable","12":"product-type-simple"},"amp_enabled":true,"_links":{"self":[{"href":"https:\/\/www.hydraulic-cylinders.net\/fi\/wp-json\/wp\/v2\/product\/20702","targetHints":{"allow":["GET"]}}],"collection":[{"href":"https:\/\/www.hydraulic-cylinders.net\/fi\/wp-json\/wp\/v2\/product"}],"about":[{"href":"https:\/\/www.hydraulic-cylinders.net\/fi\/wp-json\/wp\/v2\/types\/product"}],"replies":[{"embeddable":true,"href":"https:\/\/www.hydraulic-cylinders.net\/fi\/wp-json\/wp\/v2\/comments?post=20702"}],"wp:featuredmedia":[{"embeddable":true,"href":"https:\/\/www.hydraulic-cylinders.net\/fi\/wp-json\/wp\/v2\/media\/20609"}],"wp:attachment":[{"href":"https:\/\/www.hydraulic-cylinders.net\/fi\/wp-json\/wp\/v2\/media?parent=20702"}],"wp:term":[{"taxonomy":"product_brand","embeddable":true,"href":"https:\/\/www.hydraulic-cylinders.net\/fi\/wp-json\/wp\/v2\/product_brand?post=20702"},{"taxonomy":"product_cat","embeddable":true,"href":"https:\/\/www.hydraulic-cylinders.net\/fi\/wp-json\/wp\/v2\/product_cat?post=20702"},{"taxonomy":"product_tag","embeddable":true,"href":"https:\/\/www.hydraulic-cylinders.net\/fi\/wp-json\/wp\/v2\/product_tag?post=20702"}],"curies":[{"name":"wp","href":"https:\/\/api.w.org\/{rel}","templated":true}]}}