{"id":20703,"date":"2025-05-27T06:21:36","date_gmt":"2025-05-27T06:21:36","guid":{"rendered":"https:\/\/www.hydraulic-cylinders.net\/product\/micro-digging-side-hydraulic-cylinders\/"},"modified":"2025-05-27T06:21:41","modified_gmt":"2025-05-27T06:21:41","slug":"micro-digging-side-hydraulic-cylinders","status":"publish","type":"product","link":"https:\/\/www.hydraulic-cylinders.net\/fi\/tuote\/micro-digging-side-hydraulic-cylinders\/","title":{"rendered":"Mikrokaivuun puolella olevat hydraulisylinterit"},"content":{"rendered":"<h1>Mikrokaivuun puolella olevat hydraulisylinterit<\/h1>\n<h2>Tuotteen yleiskatsaus<\/h2>\n<p>Micro Digging Side Hydraulic Cylinder on erikoistunut hydraulinen toimilaite, joka on suunniteltu tarkkaan ohjaukseen ja tehokkaaseen suorituskykyyn kompakteissa sovelluksissa. N\u00e4m\u00e4 sylinterit ovat olennaisia \u200b\u200bkomponentteja erilaisissa koneissa, joiden avulla k\u00e4ytt\u00e4j\u00e4t voivat suorittaa teht\u00e4vi\u00e4 huomattavan tarkasti ja tehokkaasti. Ne on suunniteltu tuottamaan optimaalista voimaa ahtaissa tiloissa, ja ne l\u00f6yt\u00e4v\u00e4t paikkansa rakennus-, kaivu- ja muissa raskaissa sovelluksissa. Kompakti muotoilu mahdollistaa helpon integroinnin eri j\u00e4rjestelmiin, mik\u00e4 varmistaa, ett\u00e4 k\u00e4ytt\u00e4j\u00e4t voivat saavuttaa erinomaisen suorituskyvyn tinkim\u00e4tt\u00e4 tilasta tai liikkuvuudesta.<\/p>\n<h2>Tuotteen tekniset tiedot<\/h2>\n<p>Seuraavat ovat mikrokaivuun tarkoitetun sivuhydraulisylinterin t\u00e4rkeimm\u00e4t tekniset tiedot:<\/p>\n<ul>\n<li>Sylinterin halkaisija: 50 mm<\/li>\n<li>Tangon halkaisija: 30 mm<\/li>\n<li>Matka: 430 mm<\/li>\n<li>Asennuset\u00e4isyys: 670 mm<\/li>\n<\/ul>\n<p>N\u00e4m\u00e4 mitat ovat ratkaisevan t\u00e4rkeit\u00e4 sylinterin tehokkuuden ja yhteensopivuuden m\u00e4\u00e4ritt\u00e4misess\u00e4 erilaisten koneiden kanssa. Sylinterin halkaisija varmistaa riitt\u00e4v\u00e4n lujuuden, kun taas tangon halkaisija vaikuttaa kuormituskykyyn. Liikematka on ratkaisevan t\u00e4rke\u00e4 liikeradan kannalta, ja asennuset\u00e4isyys helpottaa asianmukaista asennusta.<\/p>\n<h2>T\u00e4rkeimm\u00e4t ominaisuudet<\/h2>\n<p>Mikrokaivuun sivuhydraulisylinterimme on suunniteltu useilla erinomaisilla ominaisuuksilla:<\/p>\n<ul>\n<li><strong>Kest\u00e4vyys:<\/strong> Valmistettu korkealaatuisista materiaaleista kest\u00e4m\u00e4\u00e4n vaativia olosuhteita.<\/li>\n<li><strong>Kompakti koko:<\/strong> Ihanteellinen sovelluksiin, joissa on rajoitetusti tilaa.<\/li>\n<li><strong>Korkea hy\u00f6tysuhde:<\/strong> Tarjoaa tehokasta suorituskyky\u00e4 ja kuluttaa v\u00e4hemm\u00e4n energiaa.<\/li>\n<li><strong>Mukautettavat vaihtoehdot:<\/strong> Voimme r\u00e4\u00e4t\u00e4l\u00f6id\u00e4 eritelmi\u00e4 vastaamaan erityistarpeita.<\/li>\n<li><strong>Luotettava tiivistys:<\/strong> Suunniteltu est\u00e4m\u00e4\u00e4n vuotoja ja pident\u00e4m\u00e4\u00e4n k\u00e4ytt\u00f6ik\u00e4\u00e4.<\/li>\n<\/ul>\n<p>Olemme ylpeit\u00e4 kyvyst\u00e4mme valmistaa n\u00e4it\u00e4 hydraulisylintereit\u00e4 ja varmistaa, ett\u00e4 ne korvaavat t\u00e4ydellisesti olemassa olevat mallit koneissasi.<\/p>\n<h2>Sovellukset<\/h2>\n<p>Mikrokaivuun hydraulinen sylinteri on monipuolinen ja sit\u00e4 voidaan k\u00e4ytt\u00e4\u00e4 useissa eri sovelluksissa:<\/p>\n<h3>1. Kaivuulaitteet<\/h3>\n<p>Kaivukoneissa n\u00e4m\u00e4 sylinterit tarjoavat tarvittavan voiman maan tai roskien kaivamiseen ja nostamiseen. Niiden kompakti rakenne mahdollistaa niiden asentamisen ahtaisiin tiloihin, mik\u00e4 tekee niist\u00e4 ihanteellisia minikaivinkoneille. N\u00e4iden hydraulisylinterien tarjoama tarkka ohjaus varmistaa, ett\u00e4 k\u00e4ytt\u00e4j\u00e4t voivat ohjata laitteita sujuvasti, mik\u00e4 v\u00e4hent\u00e4\u00e4 ymp\u00e4r\u00f6ivien rakenteiden vaurioitumisriski\u00e4. T\u00e4m\u00e4 tehokkuus kaivut\u00f6iss\u00e4 parantaa merkitt\u00e4v\u00e4sti tuottavuutta ty\u00f6maalla.<\/p>\n<h3>2. Maatalouskoneet<\/h3>\n<p>Maataloudessa n\u00e4it\u00e4 hydraulisylintereit\u00e4 k\u00e4ytet\u00e4\u00e4n laitteissa, kuten auroissa ja puimureissa. Niiden kyky yll\u00e4pit\u00e4\u00e4 tasaista voimaa varmistaa tasaisen muokkauksen ja istutuksen, mik\u00e4 on ratkaisevan t\u00e4rke\u00e4\u00e4 satojen kannalta. N\u00e4iden sylinterien kest\u00e4v\u00e4 rakenne mahdollistaa niiden tehokkaan toiminnan erilaisissa s\u00e4\u00e4olosuhteissa, mik\u00e4 edist\u00e4\u00e4 maataloustoiminnan luotettavuutta. Niiden tarjoama tarkkuus antaa viljelij\u00f6ille mahdollisuuden optimoida koneensa parempien tulosten saavuttamiseksi.<\/p>\n<h3>3. Materiaalink\u00e4sittely<\/h3>\n<p>Materiaalink\u00e4sittelyj\u00e4rjestelmiss\u00e4 n\u00e4m\u00e4 hydraulisylinterit helpottavat raskaiden kuormien liikuttelua. Ne integroidaan usein trukkeihin ja kuljettimiin, ja ne tarjoavat tarvittavat nosto- ja laskuliikkeet. Niiden tehokkuus auttaa v\u00e4hent\u00e4m\u00e4\u00e4n k\u00e4ytt\u00f6kustannuksia, koska ne tarvitsevat v\u00e4hemm\u00e4n energiaa samojen teht\u00e4vien suorittamiseen verrattuna suurempiin malleihin. T\u00e4m\u00e4 tekee niist\u00e4 arvokkaan resurssin varastoissa ja jakelukeskuksissa.<\/p>\n<h2>Suunnittelun\u00e4k\u00f6kohdat<\/h2>\n<p>Hydraulisylintereiden suunnittelussa otetaan huomioon useita keskeisi\u00e4 tekij\u00f6it\u00e4:<\/p>\n<h3>Kantavuus<\/h3>\n<p>Hydraulisylinterien kuormituskyvyn ymm\u00e4rt\u00e4minen on ratkaisevan t\u00e4rke\u00e4\u00e4. Suunnittelun on kestett\u00e4v\u00e4 sylinterin nostama tai ty\u00f6nt\u00e4m\u00e4 enimm\u00e4ispaino. T\u00e4m\u00e4 edellytt\u00e4\u00e4 sopivien materiaalien ja mittojen valitsemista paineen alaisena tapahtuvan vikaantumisen est\u00e4miseksi. Lis\u00e4ksi kuormituskyvyn on oltava koneen vaatimusten mukainen turvallisuuden ja suorituskyvyn varmistamiseksi.<\/p>\n<h3>Tiivistystehokkuus<\/h3>\n<p>Tiivistys on hydraulij\u00e4rjestelmiss\u00e4 v\u00e4ltt\u00e4m\u00e4t\u00f6nt\u00e4 vuotojen est\u00e4miseksi ja paineen yll\u00e4pit\u00e4miseksi. Tiivistemateriaalien ja -rakenteiden valinta vaikuttaa suoraan hydraulisylinterin kest\u00e4vyyteen ja luotettavuuteen. Edistyksellisi\u00e4 tiivistysratkaisuja, kuten polyuretaania ja nitriilikumia, k\u00e4ytet\u00e4\u00e4n tehokkaan tiivistyksen varmistamiseksi samalla, kun s\u00e4ilytet\u00e4\u00e4n joustavuus ja kest\u00e4vyys. Tiivisteiden s\u00e4\u00e4nn\u00f6lliset tarkastukset ja vaihdot ovat v\u00e4ltt\u00e4m\u00e4tt\u00f6mi\u00e4 suorituskykyongelmien v\u00e4ltt\u00e4miseksi.<\/p>\n<h3>Kest\u00e4vyys<\/h3>\n<p>Kest\u00e4vyys on hydraulisylinterien suunnittelun perustavanlaatuinen osa-alue. N\u00e4iden komponenttien on kestett\u00e4v\u00e4 \u00e4\u00e4rimm\u00e4isi\u00e4 olosuhteita, kuten l\u00e4mp\u00f6tilan vaihteluita ja altistumista voimakkaille kemikaaleille. Korkean lujuuden materiaalien ja korroosionkest\u00e4vien pinnoitteiden k\u00e4ytt\u00f6 voi merkitt\u00e4v\u00e4sti pident\u00e4\u00e4 sylinterien k\u00e4ytt\u00f6ik\u00e4\u00e4. S\u00e4\u00e4nn\u00f6llinen huolto on ratkaisevan t\u00e4rke\u00e4\u00e4 niiden kest\u00e4vyyden yll\u00e4pit\u00e4misess\u00e4 ajan kuluessa.<\/p>\n<h3>Turvaominaisuudet<\/h3>\n<p>Turvallisuus on hydrauliikkaj\u00e4rjestelmien suunnittelussa ensiarvoisen t\u00e4rke\u00e4\u00e4. Paineenalennusventtiilien ja vikasietomekanismien kaltaisten ominaisuuksien sis\u00e4llytt\u00e4minen varmistaa, ett\u00e4 j\u00e4rjestelm\u00e4 toimii turvallisten parametrien puitteissa. S\u00e4\u00e4nn\u00f6lliset turvatarkastukset ja alan standardien noudattaminen ovat elint\u00e4rkeit\u00e4 onnettomuuksien ehk\u00e4isemiseksi ja k\u00e4ytt\u00e4j\u00e4n turvallisuuden varmistamiseksi k\u00e4yt\u00f6n aikana.<\/p>\n<h3>Huolto Esteett\u00f6myys<\/h3>\n<p>Hydraulisylinterien suunnittelu huolto mieless\u00e4 pit\u00e4en auttaa pident\u00e4m\u00e4\u00e4n niiden k\u00e4ytt\u00f6ik\u00e4\u00e4. Ominaisuudet, kuten helppo p\u00e4\u00e4sy s\u00e4\u00e4nn\u00f6llisiin tarkastuksiin ja voitelupisteisiin, voivat vaikuttaa merkitt\u00e4v\u00e4sti huoltotehokkuuteen. Hyvin harkittu suunnittelu minimoi seisokkiajat ja varmistaa, ett\u00e4 sylinterit pysyv\u00e4t optimaalisessa toimintakunnossa.<\/p>\n<h2>Tiivistys ja voitelu<\/h2>\n<p>Tehokas tiivistys on ratkaisevan t\u00e4rke\u00e4\u00e4 hydraulisylinterien suorituskyvyn kannalta. Erilaisilla tiivisteill\u00e4, kuten m\u00e4nn\u00e4ntiivisteill\u00e4 ja varren tiivisteill\u00e4, on merkitt\u00e4v\u00e4 rooli hydraulisen paineen yll\u00e4pit\u00e4misess\u00e4. Tiivisteet valmistetaan usein kest\u00e4vist\u00e4 materiaaleista, kuten polyuretaanista ja nitriilikumista, jotka on suunniteltu kest\u00e4m\u00e4\u00e4n kulumista. Sylinterin runko ja kierteitetyt p\u00e4\u00e4t koneistetaan tarkasti kest\u00e4vyyden ja hankauksenkest\u00e4vyyden parantamiseksi.<\/p>\n<p>S\u00e4\u00e4nn\u00f6llinen voitelu on toinen t\u00e4rke\u00e4 osa huoltoa. On t\u00e4rke\u00e4\u00e4 varmistaa riitt\u00e4v\u00e4 hydrauliikka\u00f6ljyn saanti sujuvan toiminnan varmistamiseksi. K\u00e4ytt\u00e4j\u00e4n tulisi luoda rutiini \u00f6ljytasojen tarkistamiseen ja tarvittaessa t\u00e4ydent\u00e4miseen, sill\u00e4 asianmukainen voitelu v\u00e4hent\u00e4\u00e4 liikkuvien osien v\u00e4list\u00e4 kitkaa, mik\u00e4 parantaa hydrauliikkakomponenttien tehokkuutta ja pident\u00e4\u00e4 niiden k\u00e4ytt\u00f6ik\u00e4\u00e4.<\/p>\n<h2>Ennaltaehk\u00e4isev\u00e4t huoltotoimenpiteet<\/h2>\n<p>S\u00e4\u00e4nn\u00f6llinen huolto on v\u00e4ltt\u00e4m\u00e4t\u00f6nt\u00e4 hydraulisylintereiden pitk\u00e4ik\u00e4isyyden ja tehokkuuden varmistamiseksi. T\u00e4ss\u00e4 on joitakin ennaltaehk\u00e4isevi\u00e4 toimenpiteit\u00e4:<\/p>\n<ul>\n<li><strong>S\u00e4\u00e4nn\u00f6lliset tarkastukset:<\/strong> Kulumisen, vuotojen ja muiden ongelmien s\u00e4\u00e4nn\u00f6llinen tarkistaminen voi auttaa tunnistamaan ongelmat ennen kuin ne pahenevat.<\/li>\n<li><strong>Voitelurutiinit:<\/strong> Voiteluaikataulun laatiminen voi est\u00e4\u00e4 liikkuvien osien tarpeetonta kulumista.<\/li>\n<li><strong>Tiivisteen vaihto:<\/strong> Kuluneiden tiivisteiden valvonta ja vaihtaminen nopeasti voi est\u00e4\u00e4 vuotoja ja yll\u00e4pit\u00e4\u00e4 j\u00e4rjestelm\u00e4n painetta.<\/li>\n<\/ul>\n<h2>Asennusohjeet<\/h2>\n<p>Hydraulisylinterien oikea asennus on ratkaisevan t\u00e4rke\u00e4\u00e4 optimaalisen suorituskyvyn saavuttamiseksi. Noudata n\u00e4it\u00e4 ohjeita:<\/p>\n<ol>\n<li><strong>Kohdista sylinteri:<\/strong> Varmista, ett\u00e4 sylinteri on oikein kohdistettu kiinnityspisteisiin, jotta komponentteihin ei kohdistu tarpeetonta rasitusta.<\/li>\n<li><strong>K\u00e4yt\u00e4 sopivia kiinnitystelineit\u00e4:<\/strong> Kiinnit\u00e4 sylinteri sopivilla kiinnikkeill\u00e4 est\u00e4\u00e4ksesi sen liikkumisen k\u00e4yt\u00f6n aikana.<\/li>\n<li><strong>Tarkista hydrauliset liit\u00e4nn\u00e4t:<\/strong> Varmista, ett\u00e4 kaikki hydrauliikkalinjat on kytketty kunnolla vuotojen est\u00e4miseksi.<\/li>\n<li><strong>Testaa j\u00e4rjestelm\u00e4:<\/strong> Ennen t\u00e4ytt\u00e4 k\u00e4ytt\u00f6\u00f6nottoa, tee testi varmistaaksesi, ett\u00e4 kaikki toimii oikein.<\/li>\n<\/ol>\n<h2>Yleiset huoltoteht\u00e4v\u00e4t<\/h2>\n<p>Olennaisiin huoltoteht\u00e4viin kuuluvat:<\/p>\n<h3>1. S\u00e4\u00e4nn\u00f6lliset tarkastukset<\/h3>\n<p>S\u00e4\u00e4nn\u00f6llisten tarkastusten suorittaminen auttaa tunnistamaan kulumisen merkit ja mahdolliset ongelmat varhaisessa vaiheessa. T\u00e4m\u00e4 ennakoiva l\u00e4hestymistapa voi est\u00e4\u00e4 kalliita korjauksia ja seisokkeja. Tiivisteiden, letkujen ja liittimien tarkastaminen voi varmistaa, ett\u00e4 j\u00e4rjestelm\u00e4 pysyy vuotamattomana ja toimii sujuvasti. Huoltokirjanpito on pidett\u00e4v\u00e4 ajan mittaan tilan seuraamiseksi.<\/p>\n<h3>2. Asianmukainen voitelu<\/h3>\n<p>Hydrauliikkakomponenttien voitelu valmistajan ohjeiden mukaisesti on elint\u00e4rke\u00e4\u00e4 kulumisen est\u00e4miseksi ja k\u00e4ytt\u00f6i\u00e4n pident\u00e4miseksi. Oikean hydrauliikka\u00f6ljyn k\u00e4ytt\u00f6 ja sen oikean tason varmistaminen voi vaikuttaa merkitt\u00e4v\u00e4sti j\u00e4rjestelm\u00e4n suorituskykyyn ja tehokkuuteen. S\u00e4\u00e4nn\u00f6llisten tarkastusten ja s\u00e4\u00e4t\u00f6jen tulisi olla osa huoltorutiinia, jotta j\u00e4rjestelm\u00e4 toimii optimaalisesti.<\/p>\n<h3>3. Tiivisteen vaihto<\/h3>\n<p>Tiivisteiden vaihtaminen on ratkaisevan t\u00e4rke\u00e4\u00e4 hydrauliikan eheyden yll\u00e4pit\u00e4miseksi. Merkkej\u00e4 tiivisteiden vaihdon tarpeesta ovat n\u00e4kyv\u00e4t vuodot tai paineen vaihtelut. S\u00e4\u00e4nn\u00f6lliset k\u00e4yt\u00f6n mukaiset vaihdot voivat auttaa yll\u00e4pit\u00e4m\u00e4\u00e4n hydraulij\u00e4rjestelm\u00e4n tehokkuutta ja est\u00e4m\u00e4\u00e4n odottamattomia vikoja.<\/p>\n<h2>Turvallisuus- ja ymp\u00e4rist\u00f6n\u00e4k\u00f6kohdat<\/h2>\n<p>Turvatoimenpiteet ovat ensiarvoisen t\u00e4rkeit\u00e4 hydraulisten j\u00e4rjestelmien kanssa ty\u00f6skennelt\u00e4ess\u00e4. K\u00e4ytt\u00e4j\u00e4t tulee kouluttaa tunnistamaan mahdolliset vaarat, kuten nestevuodot ja paineen nousu. Hydraulisylintereit\u00e4 k\u00e4ytett\u00e4ess\u00e4 on t\u00e4rke\u00e4\u00e4 noudattaa turvallisuusprotokollia, mukaan lukien suojavarusteiden k\u00e4ytt\u00f6 ja k\u00e4ytt\u00f6ohjeiden noudattaminen. Lis\u00e4ksi on noudatettava hydraulinesteiden asianmukaisia \u200b\u200bh\u00e4vitysmenetelmi\u00e4 ymp\u00e4rist\u00f6vaikutusten minimoimiseksi.<\/p>\n<h2>Vianm\u00e4\u00e4ritys ja yleiset ongelmat<\/h2>\n<p>Hydraulisylintereiden mahdollisten ongelmien ymm\u00e4rt\u00e4minen voi auttaa tehokkaassa vianm\u00e4\u00e4rityksess\u00e4:<\/p>\n<ul>\n<li><strong>Vuoto:<\/strong> Yleens\u00e4 kuluneiden tiivisteiden tai virheellisen kokoonpanon aiheuttama. Tarkista tiivisteet ja liitokset vaurioiden varalta.<\/li>\n<li><strong>Paineh\u00e4vi\u00f6t:<\/strong> Voi viitata hydrauliikkalinjojen tukoksiin tai alhaisiin nestetasoihin. Tarkista tukokset ja lis\u00e4\u00e4 nestett\u00e4 tarvittaessa.<\/li>\n<li><strong>Reagoimaton sylinteri:<\/strong> Voi johtua j\u00e4rjestelm\u00e4\u00e4n j\u00e4\u00e4neest\u00e4 ilmasta tai riitt\u00e4m\u00e4tt\u00f6m\u00e4st\u00e4 nestepaineesta. J\u00e4rjestelm\u00e4n ilmaaminen ja nestetasojen tarkistaminen on suositeltavaa.<\/li>\n<\/ul>\n<h2>Vianm\u00e4\u00e4ritysvinkkej\u00e4<\/h2>\n<p>Jos ongelmia ilmenee, harkitse seuraavia vinkkej\u00e4:<\/p>\n<ul>\n<li><strong>Seuraa suorituskyky\u00e4 s\u00e4\u00e4nn\u00f6llisesti:<\/strong> Sylinterin suorituskyvyn seuraaminen voi havaita ongelmat varhaisessa vaiheessa.<\/li>\n<li><strong>Katso valmistajan ohjeet:<\/strong> Valmistajan dokumentaatiossa on usein vianm\u00e4\u00e4ritysohjeita ja ratkaisuja tiettyihin ongelmiin.<\/li>\n<li><strong>Toteuta ennaltaehk\u00e4isev\u00e4t toimenpiteet:<\/strong> Tarkastus- ja huoltorutiinin laatiminen voi minimoida ongelmien esiintymisen todenn\u00e4k\u00f6isyyden.<\/li>\n<\/ul>\n<p><img decoding=\"async\" src=\"https:\/\/www.hydraulic-cylinders.net\/wp-content\/uploads\/2025\/05\/hydraulic-cylinder-all-2.webp\" alt=\"Hydraulisylinterin kuva\"><\/p>\n<h2>Tietoa yrityksest\u00e4mme<\/h2>\n<p>Johtavana hydraulisylintereiden valmistajana olemme ylpeit\u00e4 kattavasta tuotevalikoimastamme, joka palvelee sek\u00e4 kotimaisia \u200b\u200bett\u00e4 kansainv\u00e4lisi\u00e4 markkinoita. Sitoutumisemme laatuun ja innovaatioihin tekee meist\u00e4 yhden alan johtavista hydraulisylintereiden valmistajista ja tukkukauppiaista. Tarjoamme:<\/p>\n<ul>\n<li><strong>Ammattitaito:<\/strong> Tiimimme koostuu kokeneista ammattilaisista, jotka ovat omistautuneet tarjoamaan huippuluokan tuotteita.<\/li>\n<li><strong>Kansainv\u00e4liset sertifikaatit:<\/strong> Tuotteemme t\u00e4ytt\u00e4v\u00e4t tiukat kansainv\u00e4liset standardit, mik\u00e4 takaa luotettavuuden ja turvallisuuden.<\/li>\n<li><strong>Mukautetut ratkaisut:<\/strong> Tarjoamme r\u00e4\u00e4t\u00e4l\u00f6ityj\u00e4 palveluita vastaamaan erityistarpeita ja varmistamme asiakastyytyv\u00e4isyyden.<\/li>\n<li><strong>Edistyneet tuotantolaitteet:<\/strong> Huippumodernit tuotantolaitoksemme takaavat korkealaatuisen tuotannon.<\/li>\n<li><strong>Kattava myynnin j\u00e4lkeinen tuki:<\/strong> Tarjoamme asiakkaillemme vankkaa tukea ja varmistamme, ett\u00e4 heill\u00e4 on apua aina tarvittaessa.<\/li>\n<\/ul>\n<p><img decoding=\"async\" src=\"https:\/\/www.hydraulic-cylinders.net\/wp-content\/uploads\/2025\/05\/xinxin-hydraulic-cylinder-factory-1.webp\" alt=\"Hydraulisylinterin tehdaskuva\"><\/p>\n<p>Kirjoittaja: lyl<\/p>\n<p><img decoding=\"async\" src=\"https:\/\/hzpt.com\/wp-content\/uploads\/2024\/11\/songte-company-1.webp\" alt=\"Yrityksen imago\"><\/p>","protected":false},"excerpt":{"rendered":"<p>Micro Digging Side Hydraulic Cylinders Product Overview The Micro Digging Side Hydraulic Cylinder is a specialized hydraulic actuator designed for precise control and powerful performance in compact applications. These cylinders are essential components in various machinery, enabling operators to execute tasks with remarkable accuracy and efficiency. Engineered to deliver optimal force in confined spaces, they [&hellip;]<\/p>","protected":false},"featured_media":20629,"comment_status":"open","ping_status":"closed","template":"","meta":{"_et_pb_use_builder":"","_et_pb_old_content":"","_et_gb_content_width":""},"product_brand":[],"product_cat":[1483,1557],"product_tag":[],"class_list":{"0":"post-20703","1":"product","2":"type-product","3":"status-publish","4":"has-post-thumbnail","6":"product_cat-construction-machinery-hydraulic-cylinders","7":"product_cat-micro-digging-side-hydraulic-cylinders","9":"first","10":"instock","11":"shipping-taxable","12":"product-type-simple"},"amp_enabled":true,"_links":{"self":[{"href":"https:\/\/www.hydraulic-cylinders.net\/fi\/wp-json\/wp\/v2\/product\/20703","targetHints":{"allow":["GET"]}}],"collection":[{"href":"https:\/\/www.hydraulic-cylinders.net\/fi\/wp-json\/wp\/v2\/product"}],"about":[{"href":"https:\/\/www.hydraulic-cylinders.net\/fi\/wp-json\/wp\/v2\/types\/product"}],"replies":[{"embeddable":true,"href":"https:\/\/www.hydraulic-cylinders.net\/fi\/wp-json\/wp\/v2\/comments?post=20703"}],"wp:featuredmedia":[{"embeddable":true,"href":"https:\/\/www.hydraulic-cylinders.net\/fi\/wp-json\/wp\/v2\/media\/20629"}],"wp:attachment":[{"href":"https:\/\/www.hydraulic-cylinders.net\/fi\/wp-json\/wp\/v2\/media?parent=20703"}],"wp:term":[{"taxonomy":"product_brand","embeddable":true,"href":"https:\/\/www.hydraulic-cylinders.net\/fi\/wp-json\/wp\/v2\/product_brand?post=20703"},{"taxonomy":"product_cat","embeddable":true,"href":"https:\/\/www.hydraulic-cylinders.net\/fi\/wp-json\/wp\/v2\/product_cat?post=20703"},{"taxonomy":"product_tag","embeddable":true,"href":"https:\/\/www.hydraulic-cylinders.net\/fi\/wp-json\/wp\/v2\/product_tag?post=20703"}],"curies":[{"name":"wp","href":"https:\/\/api.w.org\/{rel}","templated":true}]}}