{"id":20707,"date":"2025-05-27T06:21:51","date_gmt":"2025-05-27T06:21:51","guid":{"rendered":"https:\/\/www.hydraulic-cylinders.net\/product\/csyg2074-micro-digging-boom-cylinder\/"},"modified":"2025-05-27T06:21:53","modified_gmt":"2025-05-27T06:21:53","slug":"csyg2074-micro-digging-boom-cylinder","status":"publish","type":"product","link":"https:\/\/www.hydraulic-cylinders.net\/fi\/tuote\/csyg2074-micro-digging-boom-cylinder\/","title":{"rendered":"CSYG2074 Mikrokaivupuomin sylinteri"},"content":{"rendered":"<h1>CSYG2074 Mikrokaivupuomin sylinteri<\/h1>\n<h2>Johdanto CSYG2074-mikrokaivupuomin sylinteriin<\/h2>\n<p>CSYG2074-mikrokaivupuomin sylinteri on t\u00e4rke\u00e4 osa hydraulij\u00e4rjestelmi\u00e4, erityisesti sovelluksissa, jotka vaativat tarkkaa kaivua ja nostoa. T\u00e4m\u00e4 hydraulisylinteri on suunniteltu mikrokaivukoneille ja vastaaville koneille, ja se helpottaa sujuvaa ja tehokasta toimintaa. Hydraulisylinterit muuntavat nestevoiman lineaariseksi mekaaniseksi liikkeeksi, jolloin k\u00e4ytt\u00e4j\u00e4t voivat suorittaa teht\u00e4vi\u00e4, kuten kaivamista, nostamista ja raskaiden kuormien siirt\u00e4mist\u00e4, minimaalisella vaivalla. CSYG2074:ll\u00e4 on vaikuttavat ominaisuudet, jotka parantavat sen suorituskyky\u00e4, mik\u00e4 tekee siit\u00e4 olennaisen osan nykyaikaisia \u200b\u200bkaivukoneita.<\/p>\n<h2>Tuotteen tekniset tiedot<\/h2>\n<h3>Keskeiset parametrit<\/h3>\n<ul>\n<li>Sylinterin halkaisija: 63 mm<\/li>\n<li>Tangon halkaisija: 35 mm<\/li>\n<li>Matka: 280 mm<\/li>\n<li>Asennuset\u00e4isyys: 595 mm<\/li>\n<\/ul>\n<h3>Laajennetut tekniset tiedot<\/h3>\n<p>63 mm:n sylinterin halkaisija tarjoaa tukevan rakenteen, joka sopii raskaisiin teht\u00e4viin ja varmistaa vakauden paineen alla. 35 mm:n tangon halkaisija parantaa sylinterin lujuutta, mink\u00e4 ansiosta se kest\u00e4\u00e4 merkitt\u00e4vi\u00e4 voimia k\u00e4yt\u00f6n aikana. 280 mm:n liikematka mahdollistaa monipuolisen liikkumisen, mik\u00e4 on v\u00e4ltt\u00e4m\u00e4t\u00f6nt\u00e4 erilaisissa kaivuutarpeissa. 595 mm:n asennusmatkan ansiosta CSYG2074 on suunniteltu helposti integroitavaksi olemassa oleviin koneisiin, mik\u00e4 tekee siit\u00e4 k\u00e4yt\u00e4nn\u00f6llisen valinnan sek\u00e4 valmistajille ett\u00e4 k\u00e4ytt\u00e4jille.<\/p>\n<h2>CSYG2074:n ominaisuudet<\/h2>\n<ul>\n<li>Korkea kest\u00e4vyys ja lujuus haastaviin ymp\u00e4rist\u00f6ihin.<\/li>\n<li>Tarkkuustekniikkaa tarkkaa suorituskyky\u00e4 varten.<\/li>\n<li>Helppo asennusprosessi nopeaa integrointia varten.<\/li>\n<li>Yhteensopiva erilaisten hydrauliikkaj\u00e4rjestelmien kanssa.<\/li>\n<li>Mukautettavia vaihtoehtoja saatavilla erityistarpeisiin.<\/li>\n<\/ul>\n<p>Voimme valmistaa t\u00e4m\u00e4n tuotteen eritt\u00e4in tarkasti varmistaen, ett\u00e4 sylinterimme voivat t\u00e4ydellisesti korvata olemassa olevat hydraulisylinterit suorituskyky\u00e4 tai turvallisuutta vaarantamatta.<\/p>\n<h2>CSYG2074:n sovellukset<\/h2>\n<h3>1. Rakennusty\u00f6maat<\/h3>\n<p>CSYG2074-puomia k\u00e4ytet\u00e4\u00e4n laajalti rakennusty\u00f6mailla esimerkiksi perustusten kaivamiseen, materiaalien nostamiseen ja maansiirtot\u00f6ihin. Sen kyky tarjota merkitt\u00e4v\u00e4\u00e4 nostovoimaa ja samalla s\u00e4ilytt\u00e4\u00e4 tarkkuus tekee siit\u00e4 hy\u00f6dyllisen ty\u00f6kalun rakennusty\u00f6ntekij\u00f6ille. Olipa kyse sitten uusien rakenteiden maanmuokkauksesta tai maisemoinnin avustamisesta, mikrokaivupuomin sylinterill\u00e4 on ratkaiseva rooli kokonaistuottavuuden parantamisessa.<\/p>\n<h3>2. Maatalous<\/h3>\n<p>Maatalouskoneet k\u00e4ytt\u00e4v\u00e4t CSYG2074-sylinteri\u00e4 erilaisiin teht\u00e4viin, kuten kynt\u00e4miseen, maanmuokkaukseen ja istutukseen. Sylinterin tehokas toiminta antaa viljelij\u00f6ille mahdollisuuden suorittaa n\u00e4m\u00e4 teht\u00e4v\u00e4t tehokkaammin, mik\u00e4 lis\u00e4\u00e4 satoa ja tehokkuutta. Integroimalla t\u00e4m\u00e4n hydraulisen komponentin laitteisiinsa viljelij\u00e4t voivat optimoida ty\u00f6nkulkuaan, mik\u00e4 helpottaa viljelykasvien k\u00e4sittely\u00e4 ja maan hallintaa.<\/p>\n<h3>3. Maisemointi<\/h3>\n<p>Maisemointiprojekteissa CSYG2074:\u00e4\u00e4 k\u00e4ytet\u00e4\u00e4n esimerkiksi ojitusten kaivamiseen, maan siirt\u00e4miseen ja maan muotoiluun. Sen kompakti koko mahdollistaa navigoinnin ahtaissa tiloissa ja tarjoaa silti tehokkaan suorituskyvyn. Maisemointisuunnittelijat hy\u00f6tyv\u00e4t sylinterin tarkkuudesta ja luotettavuudesta, mik\u00e4 varmistaa, ett\u00e4 projektit valmistuvat tehokkaasti ja korkeatasoisesti.<\/p>\n<h2>Suunnittelun\u00e4k\u00f6kohdat ja valintakriteerit<\/h2>\n<h3>Kantavuus<\/h3>\n<p>CSYG2074:n kuormituskapasiteetti on kriittinen suunnittelukriteeri, sill\u00e4 se m\u00e4\u00e4ritt\u00e4\u00e4 sylinterin suurimman mahdollisen painon k\u00e4yt\u00f6n aikana. Sek\u00e4 turvallisuuden ett\u00e4 tehokkuuden kannalta on t\u00e4rke\u00e4\u00e4 varmistaa, ett\u00e4 sylinteri pystyy nostamaan ja siirt\u00e4m\u00e4\u00e4n raskaita kuormia turvallisesti ja vaurioitta. Valmistajat suorittavat tyypillisesti laajoja testej\u00e4 n\u00e4iden kapasiteettien validoimiseksi, ja niiden on oltava aiotun k\u00e4ytt\u00f6tarkoituksen vaatimusten mukaisia.<\/p>\n<h3>Tiivistyskyky<\/h3>\n<p>Tiivistys on toinen hydraulisylinterin suunnittelun t\u00e4rke\u00e4 osa. Tiivisteiden on estett\u00e4v\u00e4 hydraulinesteen vuotaminen, mik\u00e4 voi vaarantaa suorituskyvyn ja turvallisuuden. CSYG2074:ss\u00e4 k\u00e4ytet\u00e4\u00e4n korkealaatuisia tiivistysmateriaaleja, jotka on suunniteltu kest\u00e4m\u00e4\u00e4n \u00e4\u00e4rimm\u00e4isi\u00e4 olosuhteita ja varmistamaan optimaalinen suorituskyky. Hyvin suljettu sylinteri minimoi kontaminaatioriskin ja v\u00e4hent\u00e4\u00e4 huoltotarvetta, mik\u00e4 parantaa yleist\u00e4 luotettavuutta.<\/p>\n<h3>Kest\u00e4vyys<\/h3>\n<p>Kest\u00e4vyys on ratkaisevan t\u00e4rke\u00e4\u00e4 kaikille hydrauliikkakomponenteille, erityisesti vaativissa ymp\u00e4rist\u00f6iss\u00e4. CSYG2074:ss\u00e4 k\u00e4ytetyt materiaalit on valittu niiden lujuuden ja kulutuskest\u00e4vyyden perusteella. T\u00e4m\u00e4 kest\u00e4vyys varmistaa pidemm\u00e4n k\u00e4ytt\u00f6i\u00e4n ja alhaisemmat yll\u00e4pitokustannukset, mik\u00e4 tarjoaa k\u00e4ytt\u00e4jille erinomaista vastinetta rahalle ajan mittaan. Materiaalien eheyden s\u00e4\u00e4nn\u00f6llinen arviointi on v\u00e4ltt\u00e4m\u00e4t\u00f6nt\u00e4 suorituskyvyn tasaisuuden varmistamiseksi.<\/p>\n<h3>Turvaominaisuudet<\/h3>\n<p>Turvaominaisuudet ovat ensiarvoisen t\u00e4rkeit\u00e4 hydraulisylinterien suunnittelussa. CSYG2074 sis\u00e4lt\u00e4\u00e4 erilaisia \u200b\u200bturvatoimenpiteit\u00e4 onnettomuuksiin johtavien toimintah\u00e4iri\u00f6iden est\u00e4miseksi. N\u00e4it\u00e4 ovat paineenalennusventtiilit ja turvalliset kiinnitysvaihtoehdot vakauden varmistamiseksi k\u00e4yt\u00f6n aikana. Asetamalla turvallisuuden etusijalle valmistajat voivat suojata sek\u00e4 k\u00e4ytt\u00e4ji\u00e4 ett\u00e4 laitteita mahdollisilta vaaroilta.<\/p>\n<h3>Huolto Esteett\u00f6myys<\/h3>\n<p>Helppo huolto on t\u00e4rke\u00e4\u00e4 pitk\u00e4n aikav\u00e4lin toimivuuden varmistamiseksi. CSYG2074 on suunniteltu huoltoa silm\u00e4ll\u00e4 pit\u00e4en, mik\u00e4 mahdollistaa helpon p\u00e4\u00e4syn tiivisteisiin ja muihin s\u00e4\u00e4nn\u00f6llist\u00e4 huomiota vaativiin komponentteihin. T\u00e4m\u00e4 helpottaa nopeita tarkastuksia ja korjauksia, minimoi seisokkiajat ja parantaa yleist\u00e4 toiminnan tehokkuutta.<\/p>\n<h2>Tiivistys ja voitelu<\/h2>\n<p>Asianmukainen tiivistys ja voitelu ovat ratkaisevan t\u00e4rkeit\u00e4 CSYG2074:n tehokkaalle toiminnalle. T\u00e4ss\u00e4 sylinteriss\u00e4 k\u00e4ytet\u00e4\u00e4n erilaisia \u200b\u200btiivistyskomponentteja, kuten m\u00e4nn\u00e4ntiivisteit\u00e4 ja m\u00e4nn\u00e4nvarren tiivisteit\u00e4, nesteen eheyden yll\u00e4pit\u00e4miseksi. Kest\u00e4vien materiaalien, kuten polyuretaanin ja nitriilikumin, valinta parantaa kulutuskest\u00e4vyytt\u00e4 ja pident\u00e4\u00e4 tiivisteiden k\u00e4ytt\u00f6ik\u00e4\u00e4. Lis\u00e4ksi sylinterin runko ja kierteitetyt p\u00e4\u00e4t pintak\u00e4sitell\u00e4\u00e4n huolellisesti kest\u00e4vyyden ja kulutuskest\u00e4vyyden parantamiseksi.<\/p>\n<p>S\u00e4\u00e4nn\u00f6llinen voitelu hydrauliikka\u00f6ljyll\u00e4 on v\u00e4ltt\u00e4m\u00e4t\u00f6nt\u00e4 optimaalisen suorituskyvyn yll\u00e4pit\u00e4miseksi. K\u00e4ytt\u00e4j\u00e4n on varmistettava, ett\u00e4 sylinteri on riitt\u00e4v\u00e4sti voideltu kitkan ja liikkuvien osien kulumisen v\u00e4hent\u00e4miseksi. Sylinterin k\u00e4ytt\u00f6i\u00e4n pident\u00e4miseksi suositellaan huolto-ohjelmaa, johon kuuluu hydrauliikka\u00f6ljyn tarkistaminen ja lis\u00e4\u00e4minen.<\/p>\n<h2>Ennaltaehk\u00e4isev\u00e4t huoltotoimenpiteet<\/h2>\n<ul>\n<li>S\u00e4\u00e4nn\u00f6lliset tarkastukset kulumisen tai vaurioiden varalta.<\/li>\n<li>Tasainen voitelu varmistaa sujuvan toiminnan.<\/li>\n<li>S\u00e4\u00e4nn\u00f6lliset tiivisteiden vaihdot vuotojen est\u00e4miseksi.<\/li>\n<\/ul>\n<p>Ennakoivan huoltosuunnitelman toteuttaminen auttaa tunnistamaan ongelmat ennen kuin ne pahenevat, varmistaen, ett\u00e4 CSYG2074 pysyy erinomaisessa toimintakunnossa. S\u00e4\u00e4nn\u00f6lliset tarkastukset ja oikea-aikaiset toimenpiteet voivat merkitt\u00e4v\u00e4sti v\u00e4hent\u00e4\u00e4 korjauskustannuksia ja pident\u00e4\u00e4 hydraulisylinterin k\u00e4ytt\u00f6ik\u00e4\u00e4.<\/p>\n<h2>Asennusohjeet<\/h2>\n<p>CSYG2074:n oikea asennus on elint\u00e4rke\u00e4\u00e4 optimaalisen suorituskyvyn saavuttamiseksi. Aloita tutustumalla valmistajan ohjeisiin koneesi asennusprosessista. Varmista, ett\u00e4 kaikki komponentit ovat puhtaita ja roskista vapaata ennen asennuksen aloittamista. K\u00e4yt\u00e4 sopivia kiinnitystelineit\u00e4 sylinterin kiinnitt\u00e4miseksi paikalleen ja vakauden varmistamiseksi k\u00e4yt\u00f6n aikana. Oikea kohdistus on v\u00e4ltt\u00e4m\u00e4t\u00f6nt\u00e4; virheellinen kohdistus voi johtaa ennenaikaiseen kulumiseen tai rikkoutumiseen. S\u00e4\u00e4d\u00e4 sylinterin asentoa huolellisesti suoruuden s\u00e4ilytt\u00e4miseksi ja tiivisteiden ja tankojen kohtuuttoman rasituksen v\u00e4ltt\u00e4miseksi. Asennuksen j\u00e4lkeen suorita koeajo alhaisella paineella asennuksen validoimiseksi. Tarkista vuodot ja varmista sujuva toiminta ennen kuin siirryt t\u00e4yteen k\u00e4ytt\u00f6paineeseen. Asennuksen eheyden s\u00e4\u00e4nn\u00f6llinen tarkastus osana huoltoa varmistaa, ett\u00e4 sylinteri pysyy tukevasti asennettuna.<\/p>\n<h2>Yleiset huoltoteht\u00e4v\u00e4t<\/h2>\n<h3>S\u00e4\u00e4nn\u00f6lliset tarkastukset<\/h3>\n<p>S\u00e4\u00e4nn\u00f6lliset tarkastukset auttavat tunnistamaan mahdolliset ongelmat varhaisessa vaiheessa. Etsi merkkej\u00e4 vuodoista, korroosiosta tai muista fyysisist\u00e4 vaurioista. N\u00e4iden ongelmien nopea korjaaminen voi est\u00e4\u00e4 kalliita korjauksia ja k\u00e4ytt\u00f6katkoksia.<\/p>\n<h3>Oikea voitelu<\/h3>\n<p>Voitelu on kriittist\u00e4 CSYG2074:n sujuvan toiminnan kannalta. Varmista, ett\u00e4 hydrauliikka\u00f6ljyn taso pysyy tasaisena, ja levit\u00e4 voiteluainetta kaikkiin liikkuviin osiin valmistajan suositusten mukaisesti. Oikea voitelu v\u00e4hent\u00e4\u00e4 kitkaa ja kulumista, mik\u00e4 pident\u00e4\u00e4 lopulta sylinterin k\u00e4ytt\u00f6ik\u00e4\u00e4.<\/p>\n<h3>Tiivisteiden vaihto ja kalibrointitarkastukset<\/h3>\n<p>Tiivisteiden s\u00e4\u00e4nn\u00f6llinen vaihtaminen on v\u00e4ltt\u00e4m\u00e4t\u00f6nt\u00e4 vuotojen est\u00e4miseksi ja suorituskyvyn yll\u00e4pit\u00e4miseksi. Huoltotarkastusten aikana arvioi tiivisteiden kunto ja vaihda ne tarvittaessa. Kalibrointitarkastukset tulisi my\u00f6s suorittaa s\u00e4\u00e4nn\u00f6llisesti sen varmistamiseksi, ett\u00e4 sylinteri toimii m\u00e4\u00e4riteltyjen parametrien mukaisesti, mik\u00e4 parantaa tarkkuutta ja tehokkuutta.<\/p>\n<h2>Turvallisuusn\u00e4k\u00f6kohdat ja ymp\u00e4rist\u00f6tekij\u00e4t<\/h2>\n<p>Turvatoimenpiteet ovat kriittisi\u00e4 CSYG2074-mikrokaivupuomin sylinteri\u00e4 k\u00e4ytett\u00e4ess\u00e4. K\u00e4ytt\u00e4jien on aina k\u00e4ytett\u00e4v\u00e4 asianmukaisia \u200b\u200bhenkil\u00f6nsuojaimia ja noudatettava turvallisuusprotokollia riskien minimoimiseksi. Hydraulij\u00e4rjestelm\u00e4n vuotojen varmistaminen ei ainoastaan \u200b\u200bparanna turvallisuutta, vaan my\u00f6s minimoi ymp\u00e4rist\u00f6vaikutukset. Hydraulinesteitt\u00e4in ja vaihdettujen osien asianmukainen h\u00e4vitt\u00e4minen on olennaista ymp\u00e4rist\u00f6n suojelemiseksi, mik\u00e4 korostaa vastuullisten k\u00e4yt\u00e4nt\u00f6jen merkityst\u00e4 hydraulisissa toiminnoissa.<\/p>\n<h2>Vianm\u00e4\u00e4ritys ja yleiset ongelmat<\/h2>\n<ul>\n<li>Hydrauli\u00f6ljyvuodot: Tarkista tiivisteet ja liitokset kulumisen varalta.<\/li>\n<li>Huono suorituskyky: Tarkista tukokset tai alhaiset nestetasot.<\/li>\n<li>Ep\u00e4tavalliset \u00e4\u00e4net: Tutki l\u00f6ysi\u00e4 osia tai sis\u00e4isi\u00e4 vaurioita.<\/li>\n<\/ul>\n<p>CSYG2074-laitteen vikojen diagnosointi vaatii systemaattista l\u00e4hestymistapaa. Hydraulinestevuotojen varalta tarkista tiivisteet ja liitokset kulumisen varalta. Jos suorituskykyongelmia ilmenee, varmista, ett\u00e4 hydraulinestetasot ovat riitt\u00e4v\u00e4t ja ett\u00e4 ne eiv\u00e4t sis\u00e4ll\u00e4 ep\u00e4puhtauksia. Ep\u00e4tavalliset \u00e4\u00e4net k\u00e4yt\u00f6n aikana voivat viitata l\u00f6ysiin komponentteihin tai sis\u00e4isiin vaurioihin, jotka edellytt\u00e4v\u00e4t v\u00e4lit\u00f6nt\u00e4 tarkastusta lis\u00e4ongelmien v\u00e4ltt\u00e4miseksi.<\/p>\n<h2>Vianm\u00e4\u00e4ritysvinkkej\u00e4<\/h2>\n<p>Jos ongelmia havaitaan, on t\u00e4rke\u00e4\u00e4 puuttua niihin nopeasti. Vuotojen varalta vaihda kuluneet tiivisteet ja varmista, ett\u00e4 kaikki liitokset ovat tiukasti kiinni. Jos suorituskyky on heikko, varmista, ett\u00e4 hydrauliikkanestett\u00e4 on t\u00e4ytetty oikealle tasolle ja ett\u00e4 j\u00e4rjestelm\u00e4ss\u00e4 ei ole tukoksia. S\u00e4\u00e4nn\u00f6llinen huolto on paras ennaltaehk\u00e4isev\u00e4 toimenpide n\u00e4it\u00e4 yleisi\u00e4 ongelmia vastaan \u200b\u200bja varmistaa, ett\u00e4 CSYG2074 pysyy toimintakunnossa ja tehokkaana.<\/p>\n<p><img decoding=\"async\" src=\"https:\/\/www.hydraulic-cylinders.net\/wp-content\/uploads\/2025\/05\/hydraulic-cylinder-all-2.webp\" alt=\"Hydraulisylinterin kuva\"><\/p>\n<h2>Tietoa yrityksest\u00e4mme<\/h2>\n<p>Olemme johtava hydraulisylintereiden valmistaja, joka tunnetaan sek\u00e4 kotimaassa ett\u00e4 kansainv\u00e4lisesti kattavasta tuotevalikoimastamme. Hydrauliikkateknologian asiantuntemuksemme on tehnyt meist\u00e4 merkitt\u00e4v\u00e4n toimijan markkinoilla. Olemme ylpeit\u00e4 ammattimaisista valmistusk\u00e4yt\u00e4nn\u00f6ist\u00e4mme ja yll\u00e4pid\u00e4mme kansainv\u00e4lisi\u00e4 sertifikaatteja varmistaaksemme jokaisen toimittamamme tuotteen laadun ja luotettavuuden.<\/p>\n<p>Huippuluokan tuotantolaitteistomme ansiosta voimme tarjota r\u00e4\u00e4t\u00e4l\u00f6ityj\u00e4 ratkaisuja asiakkaidemme erityistarpeisiin. Painotamme my\u00f6s erinomaista j\u00e4lkimarkkinointipalvelua varmistaaksemme, ett\u00e4 asiakkaamme saavat tarvitsemaansa tukea tuotteidemme koko elinkaaren ajan.<\/p>\n<p><img decoding=\"async\" src=\"https:\/\/www.hydraulic-cylinders.net\/wp-content\/uploads\/2025\/05\/xinxin-hydraulic-cylinder-factory-1.webp\" alt=\"Hydraulisylinteritehdas\"><\/p>\n<p>Kirjoittaja: lyl<\/p>","protected":false},"excerpt":{"rendered":"<p>CSYG2074 Micro Digging Boom Cylinder Introduction to the CSYG2074 Micro Digging Boom Cylinder The CSYG2074 Micro Digging Boom Cylinder is a vital component in hydraulic systems, particularly in applications requiring precise digging and lifting capabilities. This hydraulic cylinder is designed for micro excavators and similar machinery, facilitating smooth and efficient operation. Hydraulic cylinders convert fluid [&hellip;]<\/p>","protected":false},"featured_media":20602,"comment_status":"open","ping_status":"closed","template":"","meta":{"_et_pb_use_builder":"","_et_pb_old_content":"","_et_gb_content_width":""},"product_brand":[],"product_cat":[1483,1557],"product_tag":[],"class_list":{"0":"post-20707","1":"product","2":"type-product","3":"status-publish","4":"has-post-thumbnail","6":"product_cat-construction-machinery-hydraulic-cylinders","7":"product_cat-micro-digging-side-hydraulic-cylinders","9":"first","10":"instock","11":"shipping-taxable","12":"product-type-simple"},"amp_enabled":true,"_links":{"self":[{"href":"https:\/\/www.hydraulic-cylinders.net\/fi\/wp-json\/wp\/v2\/product\/20707","targetHints":{"allow":["GET"]}}],"collection":[{"href":"https:\/\/www.hydraulic-cylinders.net\/fi\/wp-json\/wp\/v2\/product"}],"about":[{"href":"https:\/\/www.hydraulic-cylinders.net\/fi\/wp-json\/wp\/v2\/types\/product"}],"replies":[{"embeddable":true,"href":"https:\/\/www.hydraulic-cylinders.net\/fi\/wp-json\/wp\/v2\/comments?post=20707"}],"wp:featuredmedia":[{"embeddable":true,"href":"https:\/\/www.hydraulic-cylinders.net\/fi\/wp-json\/wp\/v2\/media\/20602"}],"wp:attachment":[{"href":"https:\/\/www.hydraulic-cylinders.net\/fi\/wp-json\/wp\/v2\/media?parent=20707"}],"wp:term":[{"taxonomy":"product_brand","embeddable":true,"href":"https:\/\/www.hydraulic-cylinders.net\/fi\/wp-json\/wp\/v2\/product_brand?post=20707"},{"taxonomy":"product_cat","embeddable":true,"href":"https:\/\/www.hydraulic-cylinders.net\/fi\/wp-json\/wp\/v2\/product_cat?post=20707"},{"taxonomy":"product_tag","embeddable":true,"href":"https:\/\/www.hydraulic-cylinders.net\/fi\/wp-json\/wp\/v2\/product_tag?post=20707"}],"curies":[{"name":"wp","href":"https:\/\/api.w.org\/{rel}","templated":true}]}}